{"id":4878,"date":"2026-01-24T17:17:29","date_gmt":"2026-01-24T15:17:29","guid":{"rendered":"https:\/\/kabinam.lt\/?post_type=product&#038;p=4878"},"modified":"2026-01-24T17:18:47","modified_gmt":"2026-01-24T15:18:47","slug":"teksta-atslegu-pakavins-kvikasfuki-izsuvets","status":"publish","type":"product","link":"https:\/\/kabinam.lt\/lv\/product\/tekstinis-raktu-pakabukas-kwikasfuki-siuvinetas\/","title":{"rendered":"Teksta atsl\u0113gu piekari\u0146\u0161 \u201eKwikasfuki\u201c | Iz\u0161\u016b\u0161ana"},"content":{"rendered":"<div class=\"kk-star-ratings kksr-auto kksr-align-left kksr-valign-top\"\n    data-payload='{&quot;align&quot;:&quot;left&quot;,&quot;id&quot;:&quot;4878&quot;,&quot;slug&quot;:&quot;default&quot;,&quot;valign&quot;:&quot;top&quot;,&quot;ignore&quot;:&quot;&quot;,&quot;reference&quot;:&quot;auto&quot;,&quot;class&quot;:&quot;&quot;,&quot;count&quot;:&quot;1&quot;,&quot;legendonly&quot;:&quot;&quot;,&quot;readonly&quot;:&quot;&quot;,&quot;score&quot;:&quot;5&quot;,&quot;starsonly&quot;:&quot;&quot;,&quot;best&quot;:&quot;5&quot;,&quot;gap&quot;:&quot;5&quot;,&quot;greet&quot;:&quot;Mums svarbus j\u016bs\u0173 \u012fvertinimas&quot;,&quot;legend&quot;:&quot;5\\\/5 - (1 vote)&quot;,&quot;size&quot;:&quot;24&quot;,&quot;title&quot;:&quot;Tekstinis rakt\u0173 pakabukas \u201eKwikasfuki\u201c | Siuvin\u0117tas&quot;,&quot;width&quot;:&quot;142.5&quot;,&quot;_legend&quot;:&quot;{score}\\\/{best} - ({count} {votes})&quot;,&quot;font_factor&quot;:&quot;1.25&quot;}'>\n            \n<div class=\"kksr-stars\">\n    \n<div class=\"kksr-stars-inactive\">\n            <div class=\"kksr-star\" data-star=\"1\" style=\"padding-right: 5px\">\n            \n\n<div class=\"kksr-icon\" style=\"width: 24px; height: 24px;\"><\/div>\n        <\/div>\n            <div class=\"kksr-star\" data-star=\"2\" style=\"padding-right: 5px\">\n            \n\n<div class=\"kksr-icon\" style=\"width: 24px; height: 24px;\"><\/div>\n        <\/div>\n            <div class=\"kksr-star\" data-star=\"3\" style=\"padding-right: 5px\">\n            \n\n<div class=\"kksr-icon\" style=\"width: 24px; height: 24px;\"><\/div>\n        <\/div>\n            <div class=\"kksr-star\" data-star=\"4\" style=\"padding-right: 5px\">\n            \n\n<div class=\"kksr-icon\" style=\"width: 24px; height: 24px;\"><\/div>\n        <\/div>\n            <div class=\"kksr-star\" data-star=\"5\" style=\"padding-right: 5px\">\n            \n\n<div class=\"kksr-icon\" style=\"width: 24px; height: 24px;\"><\/div>\n        <\/div>\n    <\/div>\n    \n<div class=\"kksr-stars-active\" style=\"width: 142.5px;\">\n            <div class=\"kksr-star\" style=\"padding-right: 5px\">\n            \n\n<div class=\"kksr-icon\" style=\"width: 24px; height: 24px;\"><\/div>\n        <\/div>\n            <div class=\"kksr-star\" style=\"padding-right: 5px\">\n            \n\n<div class=\"kksr-icon\" style=\"width: 24px; height: 24px;\"><\/div>\n        <\/div>\n            <div class=\"kksr-star\" style=\"padding-right: 5px\">\n            \n\n<div class=\"kksr-icon\" style=\"width: 24px; height: 24px;\"><\/div>\n        <\/div>\n            <div class=\"kksr-star\" style=\"padding-right: 5px\">\n            \n\n<div class=\"kksr-icon\" style=\"width: 24px; height: 24px;\"><\/div>\n        <\/div>\n            <div class=\"kksr-star\" style=\"padding-right: 5px\">\n            \n\n<div class=\"kksr-icon\" style=\"width: 24px; height: 24px;\"><\/div>\n        <\/div>\n    <\/div>\n<\/div>\n                \n\n<div class=\"kksr-legend\" style=\"font-size: 19.2px;\">\n            5\/5 - (1 balss)    <\/div>\n    <\/div>\n<h1 data-path-to-node=\"13\">Sporta stils: teksta atsl\u0113gu piekari\u0146\u0161 \u201eKwikasfuki\u201c<\/h1>\n<p data-path-to-node=\"14\">\u0160is <b data-path-to-node=\"14\" data-index-in-node=\"4\">atsl\u0113gu piekari\u0146\u0161<\/b> ir dom\u0101ts tiem, kam pat\u012bk uzkr\u012bto\u0161i un rakstur\u012bgi aksesu\u0101ri. Iz\u0161\u016btie Kwikasfuki uzraksti un spilgti za\u013c\u0101s l\u012bnijas rada dinamisku un sportisku izskatu. Pateicoties auduma tekst\u016brai, \u0161is <b data-path-to-node=\"14\" data-index-in-node=\"230\">piederumi<\/b> nesaskr\u0101p\u0113 automa\u0161\u012bnas vai motocikla virsmu, t\u0101p\u0113c transportl\u012bdzek\u013cu \u012bpa\u0161nieki to augstu nov\u0113rt\u0113.<\/p>\n<h2 data-path-to-node=\"15\">Kvalit\u0101te katr\u0101 pavedien\u0101<\/h2>\n<p data-path-to-node=\"16\">m\u016bsu <b data-path-to-node=\"16\" data-index-in-node=\"5\">iz\u0161\u016bts kulons<\/b> ir \u0161\u0101di tehniskie parametri:<\/p>\n<ul data-path-to-node=\"17\">\n<li>\n<p data-path-to-node=\"17,0,0\"><b data-path-to-node=\"17,0,0\" data-index-in-node=\"0\">Augstas kvalit\u0101tes iz\u0161uvumi:<\/b> Uzraksti un deta\u013cas ir bl\u012bvi iz\u0161\u016btas, lai nodro\u0161in\u0101tu iztur\u012bbu pret nodilumu.<\/p>\n<\/li>\n<li>\n<p data-path-to-node=\"17,1,0\"><b data-path-to-node=\"17,1,0\" data-index-in-node=\"0\">Iztur\u012bgs audums:<\/b> Meln\u0101 pamatne ir stingra un saglab\u0101 formu pat ilgsto\u0161as lieto\u0161anas laik\u0101.<\/p>\n<\/li>\n<li>\n<p data-path-to-node=\"17,2,0\"><b data-path-to-node=\"17,2,0\" data-index-in-node=\"0\">Dro\u0161a aizdare:<\/b> Met\u0101la gredzens un kniede nodro\u0161ina, ka piekari\u0146\u0161 ir stingri piestiprin\u0101ts pie atsl\u0113g\u0101m.<\/p>\n<\/li>\n<li>\n<p data-path-to-node=\"17,3,0\"><b data-path-to-node=\"17,3,0\" data-index-in-node=\"0\">Praktiskums:<\/b> Viegls, t\u0101p\u0113c tas neapgr\u016btina atsl\u0113gu piekari\u0146u. Vair\u0101k da\u017e\u0101du mode\u013cu skatiet <a class=\"ng-star-inserted\" href=\"https:\/\/kabinam.lt\/lv\/\" target=\"_blank\" rel=\"noopener\" data-hveid=\"0\" data-ved=\"0CAAQ_4QMahgKEwizqeqmtaSSAxUAAAAAHQAAAAAQ5gI\">kabinam.lt<\/a>. un ap\u0123\u0113rba papildin\u0101\u0161anai <a href=\"http:\/\/pinnpatch.lt\">pinnpatch.lt<\/a><\/p>\n<\/li>\n<\/ul>\n<h2 data-path-to-node=\"18\">Ide\u0101ls akcents j\u016bsu br\u012bvajam laikam<\/h2>\n<p data-path-to-node=\"19\">Teksta atsl\u0113gu piekari\u0146\u0161 kwikasfuki ir popul\u0101ra izv\u0113le to kopienu vid\u016b, kas nov\u0113rt\u0113 humoru un stilu. Tas ir lielisks <b data-path-to-node=\"19\" data-index-in-node=\"107\">ideja par d\u0101vanu<\/b> draugam vai sev, lai atsl\u0113g\u0101m pie\u0161\u0137irtu vair\u0101k kr\u0101su un unikalit\u0101tes.<\/p>\n<p data-path-to-node=\"20\">Atkl\u0101jiet vair\u0101k <a class=\"ng-star-inserted\" href=\"https:\/\/kabinam.lt\/lv\/produkta-kategorija-2\/atslegu-gredzeni\/motocikla-atslegu-piekarini\/\" target=\"_blank\" rel=\"noopener\" data-hveid=\"0\" data-ved=\"0CAAQ_4QMahgKEwizqeqmtaSSAxUAAAAAHQAAAAAQ5wI\">teksta piekari\u0146i<\/a> m\u016bsu veikal\u0101.<\/p>\n<p data-path-to-node=\"21\"><b data-path-to-node=\"21\" data-index-in-node=\"0\">Pie\u0161\u0137iriet atsl\u0113g\u0101m raksturu!<\/b> Pas\u016btiet savu Kwikasfuki kulonu jau \u0161odien.<\/p>","protected":false},"excerpt":{"rendered":"<p><b data-path-to-node=\"4,3,1,0\" data-index-in-node=\"0\">Izcila<\/b> un <b data-path-to-node=\"4,3,1,0\" data-index-in-node=\"15\">stil\u012bgs<\/b> tekstila atsl\u0113gu piekari\u0146\u0161. Melnais audums ar kvalitat\u012bvi iz\u0161\u016btu baltu \u201eKwikasfuki\u201c un spilgti za\u013c\u0101m deta\u013c\u0101m ir ide\u0101ls aksesu\u0101rs automa\u0161\u012bnu vai motociklu entuziastiem.<\/p>","protected":false},"featured_media":4881,"comment_status":"open","ping_status":"closed","template":"","meta":{"_uag_custom_page_level_css":"","site-sidebar-layout":"default","site-content-layout":"","ast-site-content-layout":"default","site-content-style":"default","site-sidebar-style":"default","ast-global-header-display":"","ast-banner-title-visibility":"","ast-main-header-display":"","ast-hfb-above-header-display":"","ast-hfb-below-header-display":"","ast-hfb-mobile-header-display":"","site-post-title":"","ast-breadcrumbs-content":"","ast-featured-img":"","footer-sml-layout":"","ast-disable-related-posts":"","theme-transparent-header-meta":"default","adv-header-id-meta":"","stick-header-meta":"","header-above-stick-meta":"","header-main-stick-meta":"","header-below-stick-meta":"","astra-migrate-meta-layouts":"set","ast-page-background-enabled":"default","ast-page-background-meta":{"desktop":{"background-color":"var(--ast-global-color-4)","background-image":"","background-repeat":"repeat","background-position":"center center","background-size":"auto","background-attachment":"scroll","background-type":"","background-media":"","overlay-type":"","overlay-color":"","overlay-opacity":"","overlay-gradient":""},"tablet":{"background-color":"","background-image":"","background-repeat":"repeat","background-position":"center center","background-size":"auto","background-attachment":"scroll","background-type":"","background-media":"","overlay-type":"","overlay-color":"","overlay-opacity":"","overlay-gradient":""},"mobile":{"background-color":"","background-image":"","background-repeat":"repeat","background-position":"center center","background-size":"auto","background-attachment":"scroll","background-type":"","background-media":"","overlay-type":"","overlay-color":"","overlay-opacity":"","overlay-gradient":""}},"ast-content-background-meta":{"desktop":{"background-color":"var(--ast-global-color-5)","background-image":"","background-repeat":"repeat","background-position":"center center","background-size":"auto","background-attachment":"scroll","background-type":"","background-media":"","overlay-type":"","overlay-color":"","overlay-opacity":"","overlay-gradient":""},"tablet":{"background-color":"var(--ast-global-color-5)","background-image":"","background-repeat":"repeat","background-position":"center center","background-size":"auto","background-attachment":"scroll","background-type":"","background-media":"","overlay-type":"","overlay-color":"","overlay-opacity":"","overlay-gradient":""},"mobile":{"background-color":"var(--ast-global-color-5)","background-image":"","background-repeat":"repeat","background-position":"center center","background-size":"auto","background-attachment":"scroll","background-type":"","background-media":"","overlay-type":"","overlay-color":"","overlay-opacity":"","overlay-gradient":""}}},"product_brand":[],"product_cat":[126,120,91,92],"product_tag":[],"class_list":{"0":"post-4878","1":"product","2":"type-product","3":"status-publish","4":"has-post-thumbnail","6":"product_cat-visi","7":"product_cat-raktu-pakabukai","8":"product_cat-motociklo-raktu-pakabukai","9":"product_cat-populiariausiu-produktu-kategorija","10":"desktop-align-center","11":"tablet-align-left","12":"mobile-align-left","14":"first","15":"instock","16":"shipping-taxable","17":"purchasable","18":"product-type-simple"},"yoast_head":"<!-- This site is optimized with the Yoast SEO plugin v27.1.1 - https:\/\/yoast.com\/product\/yoast-seo-wordpress\/ -->\n<title>Tekstinis rakt\u0173 pakabukas \u201eKwikasfuki\u201c | Siuvin\u0117tas - kabinam.lt<\/title>\n<meta name=\"description\" content=\"Ie\u0161kote ry\u0161kaus akcento? Siuvin\u0117tas rakt\u0173 pakabukas su \u201eKwikasfuki\u201c u\u017era\u0161u yra patvarus, lengvas ir puikiai matomas. Kokybi\u0161kas aksesuaras rakt\u0173 rinkiniui.\" \/>\n<meta name=\"robots\" content=\"index, follow, max-snippet:-1, max-image-preview:large, max-video-preview:-1\" \/>\n<link rel=\"canonical\" href=\"https:\/\/kabinam.lt\/lv\/produkts\/teksta-atslegu-pakavins-kvikasfuki-izsuvets\/\" \/>\n<meta property=\"og:locale\" content=\"lv_LV\" \/>\n<meta property=\"og:type\" content=\"article\" \/>\n<meta property=\"og:title\" content=\"Tekstinis rakt\u0173 pakabukas \u201eKwikasfuki\u201c | Siuvin\u0117tas - kabinam.lt\" \/>\n<meta property=\"og:description\" content=\"Ie\u0161kote ry\u0161kaus akcento? Siuvin\u0117tas rakt\u0173 pakabukas su \u201eKwikasfuki\u201c u\u017era\u0161u yra patvarus, lengvas ir puikiai matomas. Kokybi\u0161kas aksesuaras rakt\u0173 rinkiniui.\" \/>\n<meta property=\"og:url\" content=\"https:\/\/kabinam.lt\/lv\/produkts\/teksta-atslegu-pakavins-kvikasfuki-izsuvets\/\" \/>\n<meta property=\"og:site_name\" content=\"kabinam.lt\" \/>\n<meta property=\"article:modified_time\" content=\"2026-01-24T15:18:47+00:00\" \/>\n<meta property=\"og:image\" content=\"https:\/\/kabinam.lt\/wp-content\/uploads\/2026\/01\/fa989ff4-98bd-4c42-80bc-6064dcb44c73.jpg\" \/>\n\t<meta property=\"og:image:width\" content=\"800\" \/>\n\t<meta property=\"og:image:height\" content=\"800\" \/>\n\t<meta property=\"og:image:type\" content=\"image\/jpeg\" \/>\n<meta name=\"twitter:card\" content=\"summary_large_image\" \/>\n<meta name=\"twitter:label1\" content=\"Est. reading time\" \/>\n\t<meta name=\"twitter:data1\" content=\"2 min\u016btes\" \/>\n<script type=\"application\/ld+json\" class=\"yoast-schema-graph\">{\"@context\":\"https:\/\/schema.org\",\"@graph\":[{\"@type\":[\"WebPage\",\"ItemPage\"],\"@id\":\"https:\/\/kabinam.lt\/eng\/product\/text-keys-pendant-kwikasfuki-embroidered\/\",\"url\":\"https:\/\/kabinam.lt\/eng\/product\/text-keys-pendant-kwikasfuki-embroidered\/\",\"name\":\"Tekstinis rakt\u0173 pakabukas \u201eKwikasfuki\u201c | Siuvin\u0117tas - kabinam.lt\",\"isPartOf\":{\"@id\":\"https:\/\/kabinam.lt\/#website\"},\"primaryImageOfPage\":{\"@id\":\"https:\/\/kabinam.lt\/eng\/product\/text-keys-pendant-kwikasfuki-embroidered\/#primaryimage\"},\"image\":{\"@id\":\"https:\/\/kabinam.lt\/eng\/product\/text-keys-pendant-kwikasfuki-embroidered\/#primaryimage\"},\"thumbnailUrl\":\"https:\/\/kabinam.lt\/wp-content\/uploads\/2026\/01\/fa989ff4-98bd-4c42-80bc-6064dcb44c73.jpg\",\"datePublished\":\"2026-01-24T15:17:29+00:00\",\"dateModified\":\"2026-01-24T15:18:47+00:00\",\"description\":\"Ie\u0161kote ry\u0161kaus akcento? Siuvin\u0117tas rakt\u0173 pakabukas su \u201eKwikasfuki\u201c u\u017era\u0161u yra patvarus, lengvas ir puikiai matomas. Kokybi\u0161kas aksesuaras rakt\u0173 rinkiniui.\",\"breadcrumb\":{\"@id\":\"https:\/\/kabinam.lt\/eng\/product\/text-keys-pendant-kwikasfuki-embroidered\/#breadcrumb\"},\"inLanguage\":\"lv-LV\",\"potentialAction\":[{\"@type\":\"ReadAction\",\"target\":[\"https:\/\/kabinam.lt\/eng\/product\/text-keys-pendant-kwikasfuki-embroidered\/\"]}]},{\"@type\":\"ImageObject\",\"inLanguage\":\"lv-LV\",\"@id\":\"https:\/\/kabinam.lt\/eng\/product\/text-keys-pendant-kwikasfuki-embroidered\/#primaryimage\",\"url\":\"https:\/\/kabinam.lt\/wp-content\/uploads\/2026\/01\/fa989ff4-98bd-4c42-80bc-6064dcb44c73.jpg\",\"contentUrl\":\"https:\/\/kabinam.lt\/wp-content\/uploads\/2026\/01\/fa989ff4-98bd-4c42-80bc-6064dcb44c73.jpg\",\"width\":800,\"height\":800,\"caption\":\"Siuvin\u0117tas Rakt\u0173 Pakabukas \u201eKwikasfuki\u201c\"},{\"@type\":\"BreadcrumbList\",\"@id\":\"https:\/\/kabinam.lt\/eng\/product\/text-keys-pendant-kwikasfuki-embroidered\/#breadcrumb\",\"itemListElement\":[{\"@type\":\"ListItem\",\"position\":1,\"name\":\"Home\",\"item\":\"https:\/\/kabinam.lt\/\"},{\"@type\":\"ListItem\",\"position\":2,\"name\":\"Visi Produktai\",\"item\":\"https:\/\/kabinam.lt\/visi-produktai\/\"},{\"@type\":\"ListItem\",\"position\":3,\"name\":\"Tekstinis rakt\u0173 pakabukas \u201eKwikasfuki\u201c | Siuvin\u0117tas\"}]},{\"@type\":\"WebSite\",\"@id\":\"https:\/\/kabinam.lt\/#website\",\"url\":\"https:\/\/kabinam.lt\/\",\"name\":\"kabinam.lt\",\"description\":\"Kabinam.lt \u2013 raktu pakabukai ir aksesuarai\",\"publisher\":{\"@id\":\"https:\/\/kabinam.lt\/#organization\"},\"alternateName\":\"pakabukai lt\",\"potentialAction\":[{\"@type\":\"SearchAction\",\"target\":{\"@type\":\"EntryPoint\",\"urlTemplate\":\"https:\/\/kabinam.lt\/?s={search_term_string}\"},\"query-input\":{\"@type\":\"PropertyValueSpecification\",\"valueRequired\":true,\"valueName\":\"search_term_string\"}}],\"inLanguage\":\"lv-LV\"},{\"@type\":\"Organization\",\"@id\":\"https:\/\/kabinam.lt\/#organization\",\"name\":\"kabinam.lt\",\"alternateName\":\"kabinam\",\"url\":\"https:\/\/kabinam.lt\/\",\"logo\":{\"@type\":\"ImageObject\",\"inLanguage\":\"lv-LV\",\"@id\":\"https:\/\/kabinam.lt\/#\/schema\/logo\/image\/\",\"url\":\"https:\/\/kabinam.lt\/wp-content\/uploads\/2025\/05\/KABINAM_outer_glow.png\",\"contentUrl\":\"https:\/\/kabinam.lt\/wp-content\/uploads\/2025\/05\/KABINAM_outer_glow.png\",\"width\":474,\"height\":141,\"caption\":\"kabinam.lt\"},\"image\":{\"@id\":\"https:\/\/kabinam.lt\/#\/schema\/logo\/image\/\"}}]}<\/script>\n<!-- \/ Yoast SEO plugin. -->","yoast_head_json":{"title":"Teksta atsl\u0113gu pakavi\u0146\u0161 \u201eKvikasfuki\u201c | I\u0161siuvin\u0117ts - kabinam.lt","description":"Mekl\u0113jat izteiktu akcentu? I\u0161siuvin\u0101ts atsl\u0113gu pakavs ar \u201eKwikasfuki\u201c uzrakstu ir iztur\u012bgs, viegls un labi redzams. Kvalitat\u012bvs aksesu\u0101ts atsl\u0113gu komplektam.","robots":{"index":"index","follow":"follow","max-snippet":"max-snippet:-1","max-image-preview":"max-image-preview:large","max-video-preview":"max-video-preview:-1"},"canonical":"https:\/\/kabinam.lt\/lv\/produkts\/teksta-atslegu-pakavins-kvikasfuki-izsuvets\/","og_locale":"lv_LV","og_type":"article","og_title":"Tekstinis rakt\u0173 pakabukas \u201eKwikasfuki\u201c | Siuvin\u0117tas - kabinam.lt","og_description":"Ie\u0161kote ry\u0161kaus akcento? Siuvin\u0117tas rakt\u0173 pakabukas su \u201eKwikasfuki\u201c u\u017era\u0161u yra patvarus, lengvas ir puikiai matomas. Kokybi\u0161kas aksesuaras rakt\u0173 rinkiniui.","og_url":"https:\/\/kabinam.lt\/lv\/produkts\/teksta-atslegu-pakavins-kvikasfuki-izsuvets\/","og_site_name":"kabinam.lt","article_modified_time":"2026-01-24T15:18:47+00:00","og_image":[{"width":800,"height":800,"url":"https:\/\/kabinam.lt\/wp-content\/uploads\/2026\/01\/fa989ff4-98bd-4c42-80bc-6064dcb44c73.jpg","type":"image\/jpeg"}],"twitter_card":"summary_large_image","twitter_misc":{"Est. reading time":"2 min\u016btes"},"schema":{"@context":"https:\/\/schema.org","@graph":[{"@type":["WebPage","ItemPage"],"@id":"https:\/\/kabinam.lt\/eng\/product\/text-keys-pendant-kwikasfuki-embroidered\/","url":"https:\/\/kabinam.lt\/eng\/product\/text-keys-pendant-kwikasfuki-embroidered\/","name":"Teksta atsl\u0113gu pakavi\u0146\u0161 \u201eKvikasfuki\u201c | I\u0161siuvin\u0117ts - kabinam.lt","isPartOf":{"@id":"https:\/\/kabinam.lt\/#website"},"primaryImageOfPage":{"@id":"https:\/\/kabinam.lt\/eng\/product\/text-keys-pendant-kwikasfuki-embroidered\/#primaryimage"},"image":{"@id":"https:\/\/kabinam.lt\/eng\/product\/text-keys-pendant-kwikasfuki-embroidered\/#primaryimage"},"thumbnailUrl":"https:\/\/kabinam.lt\/wp-content\/uploads\/2026\/01\/fa989ff4-98bd-4c42-80bc-6064dcb44c73.jpg","datePublished":"2026-01-24T15:17:29+00:00","dateModified":"2026-01-24T15:18:47+00:00","description":"Mekl\u0113jat izteiktu akcentu? I\u0161siuvin\u0101ts atsl\u0113gu pakavs ar \u201eKwikasfuki\u201c uzrakstu ir iztur\u012bgs, viegls un labi redzams. Kvalitat\u012bvs aksesu\u0101ts atsl\u0113gu komplektam.","breadcrumb":{"@id":"https:\/\/kabinam.lt\/eng\/product\/text-keys-pendant-kwikasfuki-embroidered\/#breadcrumb"},"inLanguage":"lv-LV","potentialAction":[{"@type":"ReadAction","target":["https:\/\/kabinam.lt\/eng\/product\/text-keys-pendant-kwikasfuki-embroidered\/"]}]},{"@type":"ImageObject","inLanguage":"lv-LV","@id":"https:\/\/kabinam.lt\/eng\/product\/text-keys-pendant-kwikasfuki-embroidered\/#primaryimage","url":"https:\/\/kabinam.lt\/wp-content\/uploads\/2026\/01\/fa989ff4-98bd-4c42-80bc-6064dcb44c73.jpg","contentUrl":"https:\/\/kabinam.lt\/wp-content\/uploads\/2026\/01\/fa989ff4-98bd-4c42-80bc-6064dcb44c73.jpg","width":800,"height":800,"caption":"Siuvin\u0117tas Rakt\u0173 Pakabukas \u201eKwikasfuki\u201c"},{"@type":"BreadcrumbList","@id":"https:\/\/kabinam.lt\/eng\/product\/text-keys-pendant-kwikasfuki-embroidered\/#breadcrumb","itemListElement":[{"@type":"ListItem","position":1,"name":"Home","item":"https:\/\/kabinam.lt\/"},{"@type":"ListItem","position":2,"name":"Visi Produktai","item":"https:\/\/kabinam.lt\/visi-produktai\/"},{"@type":"ListItem","position":3,"name":"Tekstinis rakt\u0173 pakabukas \u201eKwikasfuki\u201c | Siuvin\u0117tas"}]},{"@type":"WebSite","@id":"https:\/\/kabinam.lt\/#website","url":"https:\/\/kabinam.lt\/","name":"kabinam.lt","description":"Kabinam.lt - atsl\u0113gu piekari\u0146i un aksesu\u0101ri","publisher":{"@id":"https:\/\/kabinam.lt\/#organization"},"alternateName":"pakabukai lt","potentialAction":[{"@type":"SearchAction","target":{"@type":"EntryPoint","urlTemplate":"https:\/\/kabinam.lt\/?s={search_term_string}"},"query-input":{"@type":"PropertyValueSpecification","valueRequired":true,"valueName":"search_term_string"}}],"inLanguage":"lv-LV"},{"@type":"Organization","@id":"https:\/\/kabinam.lt\/#organization","name":"kabinam.lt","alternateName":"kabinam","url":"https:\/\/kabinam.lt\/","logo":{"@type":"ImageObject","inLanguage":"lv-LV","@id":"https:\/\/kabinam.lt\/#\/schema\/logo\/image\/","url":"https:\/\/kabinam.lt\/wp-content\/uploads\/2025\/05\/KABINAM_outer_glow.png","contentUrl":"https:\/\/kabinam.lt\/wp-content\/uploads\/2025\/05\/KABINAM_outer_glow.png","width":474,"height":141,"caption":"kabinam.lt"},"image":{"@id":"https:\/\/kabinam.lt\/#\/schema\/logo\/image\/"}}]}},"uagb_featured_image_src":{"full":["https:\/\/kabinam.lt\/wp-content\/uploads\/2026\/01\/fa989ff4-98bd-4c42-80bc-6064dcb44c73.jpg",800,800,false],"thumbnail":["https:\/\/kabinam.lt\/wp-content\/uploads\/2026\/01\/fa989ff4-98bd-4c42-80bc-6064dcb44c73-150x150.jpg",150,150,true],"medium":["https:\/\/kabinam.lt\/wp-content\/uploads\/2026\/01\/fa989ff4-98bd-4c42-80bc-6064dcb44c73-300x300.jpg",300,300,true],"medium_large":["https:\/\/kabinam.lt\/wp-content\/uploads\/2026\/01\/fa989ff4-98bd-4c42-80bc-6064dcb44c73-768x768.jpg",768,768,true],"large":["https:\/\/kabinam.lt\/wp-content\/uploads\/2026\/01\/fa989ff4-98bd-4c42-80bc-6064dcb44c73.jpg",800,800,false],"1536x1536":["https:\/\/kabinam.lt\/wp-content\/uploads\/2026\/01\/fa989ff4-98bd-4c42-80bc-6064dcb44c73.jpg",800,800,false],"2048x2048":["https:\/\/kabinam.lt\/wp-content\/uploads\/2026\/01\/fa989ff4-98bd-4c42-80bc-6064dcb44c73.jpg",800,800,false],"trp-custom-language-flag":["https:\/\/kabinam.lt\/wp-content\/uploads\/2026\/01\/fa989ff4-98bd-4c42-80bc-6064dcb44c73-12x12.jpg",12,12,true],"woocommerce_thumbnail":["https:\/\/kabinam.lt\/wp-content\/uploads\/2026\/01\/fa989ff4-98bd-4c42-80bc-6064dcb44c73-300x300.jpg",300,300,true],"woocommerce_single":["https:\/\/kabinam.lt\/wp-content\/uploads\/2026\/01\/fa989ff4-98bd-4c42-80bc-6064dcb44c73-600x600.jpg",600,600,true],"woocommerce_gallery_thumbnail":["https:\/\/kabinam.lt\/wp-content\/uploads\/2026\/01\/fa989ff4-98bd-4c42-80bc-6064dcb44c73-100x100.jpg",100,100,true]},"uagb_author_info":{"display_name":"kabinam.lt","author_link":"https:\/\/kabinam.lt\/lv\/author\/"},"uagb_comment_info":0,"uagb_excerpt":"I\u0161skirtinis ir stilingas tekstilinis rakt\u0173 pakabukas. Juodas audinys su kokybi\u0161kai i\u0161siuvin\u0117tu baltu u\u017era\u0161u \u201eKwikasfuki\u201c bei ry\u0161kiomis \u017ealiomis detal\u0117mis \u2013 idealus aksesuaras automobili\u0173 ar motocikl\u0173 entuziastams.","_links":{"self":[{"href":"https:\/\/kabinam.lt\/lv\/wp-json\/wp\/v2\/product\/4878","targetHints":{"allow":["GET"]}}],"collection":[{"href":"https:\/\/kabinam.lt\/lv\/wp-json\/wp\/v2\/product"}],"about":[{"href":"https:\/\/kabinam.lt\/lv\/wp-json\/wp\/v2\/types\/product"}],"replies":[{"embeddable":true,"href":"https:\/\/kabinam.lt\/lv\/wp-json\/wp\/v2\/comments?post=4878"}],"wp:featuredmedia":[{"embeddable":true,"href":"https:\/\/kabinam.lt\/lv\/wp-json\/wp\/v2\/media\/4881"}],"wp:attachment":[{"href":"https:\/\/kabinam.lt\/lv\/wp-json\/wp\/v2\/media?parent=4878"}],"wp:term":[{"taxonomy":"product_brand","embeddable":true,"href":"https:\/\/kabinam.lt\/lv\/wp-json\/wp\/v2\/product_brand?post=4878"},{"taxonomy":"product_cat","embeddable":true,"href":"https:\/\/kabinam.lt\/lv\/wp-json\/wp\/v2\/product_cat?post=4878"},{"taxonomy":"product_tag","embeddable":true,"href":"https:\/\/kabinam.lt\/lv\/wp-json\/wp\/v2\/product_tag?post=4878"}],"curies":[{"name":"wp","href":"https:\/\/api.w.org\/{rel}","templated":true}]}}