{"id":4641,"date":"2025-12-15T23:03:33","date_gmt":"2025-12-15T21:03:33","guid":{"rendered":"https:\/\/kabinam.lt\/?post_type=product&#038;p=4641"},"modified":"2026-01-19T01:39:32","modified_gmt":"2026-01-18T23:39:32","slug":"gulosa-kakis-ne-sodien-vieglinibas-nauda","status":"publish","type":"product","link":"https:\/\/kabinam.lt\/lv\/product\/mieganti-kate-not-today-tingumo-pin\/","title":{"rendered":"Chill Moods Bro\u0161a | Ka\u0137is ar bro\u0161u \u201eNot Today\u201c"},"content":{"rendered":"<div class=\"kk-star-ratings kksr-auto kksr-align-left kksr-valign-top\"\n    data-payload='{&quot;align&quot;:&quot;left&quot;,&quot;id&quot;:&quot;4641&quot;,&quot;slug&quot;:&quot;default&quot;,&quot;valign&quot;:&quot;top&quot;,&quot;ignore&quot;:&quot;&quot;,&quot;reference&quot;:&quot;auto&quot;,&quot;class&quot;:&quot;&quot;,&quot;count&quot;:&quot;0&quot;,&quot;legendonly&quot;:&quot;&quot;,&quot;readonly&quot;:&quot;&quot;,&quot;score&quot;:&quot;0&quot;,&quot;starsonly&quot;:&quot;&quot;,&quot;best&quot;:&quot;5&quot;,&quot;gap&quot;:&quot;5&quot;,&quot;greet&quot;:&quot;Mums svarbus j\u016bs\u0173 \u012fvertinimas&quot;,&quot;legend&quot;:&quot;0\\\/5 - (0 votes)&quot;,&quot;size&quot;:&quot;24&quot;,&quot;title&quot;:&quot;Chill Nuotaikos Seg\u0117 | Kat\u0117 Su U\u017era\u0161u \u201eNot Today\u201c Bro\u0161ka&quot;,&quot;width&quot;:&quot;0&quot;,&quot;_legend&quot;:&quot;{score}\\\/{best} - ({count} {votes})&quot;,&quot;font_factor&quot;:&quot;1.25&quot;}'>\n            \n<div class=\"kksr-stars\">\n    \n<div class=\"kksr-stars-inactive\">\n            <div class=\"kksr-star\" data-star=\"1\" style=\"padding-right: 5px\">\n            \n\n<div class=\"kksr-icon\" style=\"width: 24px; height: 24px;\"><\/div>\n        <\/div>\n            <div class=\"kksr-star\" data-star=\"2\" style=\"padding-right: 5px\">\n            \n\n<div class=\"kksr-icon\" style=\"width: 24px; height: 24px;\"><\/div>\n        <\/div>\n            <div class=\"kksr-star\" data-star=\"3\" style=\"padding-right: 5px\">\n            \n\n<div class=\"kksr-icon\" style=\"width: 24px; height: 24px;\"><\/div>\n        <\/div>\n            <div class=\"kksr-star\" data-star=\"4\" style=\"padding-right: 5px\">\n            \n\n<div class=\"kksr-icon\" style=\"width: 24px; height: 24px;\"><\/div>\n        <\/div>\n            <div class=\"kksr-star\" data-star=\"5\" style=\"padding-right: 5px\">\n            \n\n<div class=\"kksr-icon\" style=\"width: 24px; height: 24px;\"><\/div>\n        <\/div>\n    <\/div>\n    \n<div class=\"kksr-stars-active\" style=\"width: 0px;\">\n            <div class=\"kksr-star\" style=\"padding-right: 5px\">\n            \n\n<div class=\"kksr-icon\" style=\"width: 24px; height: 24px;\"><\/div>\n        <\/div>\n            <div class=\"kksr-star\" style=\"padding-right: 5px\">\n            \n\n<div class=\"kksr-icon\" style=\"width: 24px; height: 24px;\"><\/div>\n        <\/div>\n            <div class=\"kksr-star\" style=\"padding-right: 5px\">\n            \n\n<div class=\"kksr-icon\" style=\"width: 24px; height: 24px;\"><\/div>\n        <\/div>\n            <div class=\"kksr-star\" style=\"padding-right: 5px\">\n            \n\n<div class=\"kksr-icon\" style=\"width: 24px; height: 24px;\"><\/div>\n        <\/div>\n            <div class=\"kksr-star\" style=\"padding-right: 5px\">\n            \n\n<div class=\"kksr-icon\" style=\"width: 24px; height: 24px;\"><\/div>\n        <\/div>\n    <\/div>\n<\/div>\n                \n\n<div class=\"kksr-legend\" style=\"font-size: 19.2px;\">\n            <span class=\"kksr-muted\">Mums ir svar\u012bgs j\u016bsu nov\u0113rt\u0113jums<\/span>\n    <\/div>\n    <\/div>\n<h1 data-path-to-node=\"13\">Chill Nuotaikos Seg\u0117: Kat\u0117 Su U\u017era\u0161u \u201eNot Today\u201c \u2013 <i>Relatable<\/i> <i>Mood<\/i><\/h1>\n<p data-path-to-node=\"14\">Kam daryti \u0161iandien, jei galima atid\u0117ti rytojui? \u0160is <b>tingumo emalio segtukas<\/b> su u\u017era\u0161u \u201eNOT TODAY\u201c puikiai atspindi tingi\u0105 nuotaik\u0105, kuri\u0105 visi kartais patiriame. Tai tobulas <b>piederumi<\/b> tiem, kas m\u012bl humoru, <i>chill<\/i> stili\u0173 ir, \u017einoma, <b>ka\u0137i<\/b>, kurios yra tingumo ekspert\u0117s. Juoda mieganti kat\u0117 ir ry\u0161kus u\u017era\u0161as sukuria <i>jautri<\/i> un <i>est\u0113tisks<\/i> efekts. Tas ir ne tikai <b>emaljas bro\u0161a<\/b> - tas ir j\u016bsu veids, k\u0101 par\u0101d\u012bt. <i>viegli uztverams<\/i> stils un identific\u0113ties ar to <i>attiecin\u0101ms<\/i> saj\u016bta. Ja j\u016bs mekl\u0113jat <i>pazi\u0146ojums gabals<\/i>, kas par\u0101da j\u016bsu <i>for\u0161i<\/i> ir atsipalaidavusi\u0105 pus\u0119, \u0161is <b>ka\u0137a \u0137epa<\/b> pieejams vietn\u0113 <i>must have<\/i>.<\/p>\n<h2 data-path-to-node=\"15\"><i>Est\u0113tiskais<\/i> Humoras Ir Klasikin\u0117 Juoda<\/h2>\n<p data-path-to-node=\"16\">Skat\u012bt <b>emaljas piespraude<\/b> dizainas i\u0161siskiria minimalistiniu, bet tuo pa\u010diu metu \u2013 humoristiniu stiliumi. Juoda ir balta spalv\u0173 schema yra klasikin\u0117 ir <i>est\u0113tisks<\/i>, o pats u\u017era\u0161as vir\u0161 miegan\u010dios kat\u0117s prideda <b>\u0161arms<\/b> un <b>humors<\/b> akcents. \u0160is <b>ka\u0137a klips<\/b> ide\u0101li piem\u0113rots kombin\u0113\u0161anai ar citiem dz\u012bvniekiem, <i>popkult\u016bra<\/i> izmantojot <b>humoristiskas t\u0113mas<\/b> <i>pin'ais<\/i>.<\/p>\n<ul data-path-to-node=\"17\">\n<li>\n<p data-path-to-node=\"17,0,0\"><b>Stils:<\/b> Ide\u0101li piem\u0113rots <i>est\u0113tisks<\/i>, <i>jautri<\/i>, <i>chill<\/i> un <b>ka\u0137u m\u012b\u013cot\u0101js<\/b> stili.<\/p>\n<\/li>\n<li>\n<p data-path-to-node=\"17,1,0\"><b>Kvalit\u0101te:<\/b> m\u016bsu <b>emaljas saktas<\/b> ir izgatavoti no augst\u0101k\u0101s kvalit\u0101tes ciet\u0101s emaljas, kas nodro\u0161ina, ka meln\u0101 un balt\u0101 kontrasts un deta\u013cas paliek spilgtas. Tas ir <b>augstas kvalit\u0101tes tapa<\/b>, kas var iztur\u0113t ikdienas nodilumu. Ja v\u0113laties uzzin\u0101t vair\u0101k par to, k\u0101 r\u016bp\u0113ties par savu <b>dz\u012bvnieku t\u0113mas<\/b> <i>tapas<\/i>, lai tie vienm\u0113r izskat\u012btos <i>svaigs<\/i>, inform\u0101cijai <a class=\"ng-star-inserted\" href=\"https:\/\/www.pinnpatch.lt\" target=\"_blank\" rel=\"noopener\" data-hveid=\"0\" data-ved=\"0CAAQ_4QMahgKEwjPzrHgs8CRAxUAAAAAHQAAAAAQhQI\">Avots :<\/a>.<\/p>\n<\/li>\n<\/ul>\n<h2 data-path-to-node=\"18\">Ide\u0101la d\u0101vana <i>Chill<\/i> Un humora cien\u012bt\u0101jiem<\/h2>\n<p data-path-to-node=\"19\"><b>Kat\u0117 \u201eNot Today\u201c emalio segtukas<\/b> ir fantastisks <b>ideja par d\u0101vanu<\/b> studentams, <i>chill<\/i> stila sekot\u0101ji, <i>m\u0113ms<\/i> m\u0117g\u0117jams ar tiesiog \u017emogui, kuris vertina mielus ir juokingus <i>jautri<\/i> piederumi. Tas ir ide\u0101ls papildin\u0101jums:<\/p>\n<ul data-path-to-node=\"20\">\n<li>\n<p data-path-to-node=\"20,0,0\"><b>Mugursomas:<\/b> Skirtos ne\u0161iotis knygas (bet galb\u016bt skaityti rytoj).<\/p>\n<\/li>\n<li>\n<p data-path-to-node=\"20,1,0\"><b>D\u017eemperis:<\/b> Cik stil\u012bgs un <i>attiecin\u0101ms<\/i> Izcelt.<\/p>\n<\/li>\n<\/ul>\n<p data-path-to-node=\"21\">Skatiet m\u016bsu pilnu <a class=\"ng-star-inserted\" href=\"https:\/\/kabinam.lt\/lv\/\" target=\"_blank\" rel=\"noopener\" data-hveid=\"0\" data-ved=\"0CAAQ_4QMahgKEwjPzrHgs8CRAxUAAAAAHQAAAAAQhgI\">dz\u012bvnieki un <i>popkult\u016bra<\/i> emaljas piesprau\u017eu kolekcija<\/a>, kur var atrast vair\u0101k <i>jautri<\/i> un unik\u0101ls <b>tapas<\/b>, kas lieliski ieder\u0113sies pie \u0161\u012b t\u0113la.<\/p>\n<p data-path-to-node=\"22\"><b>Atv\u0113liet laiku sev!<\/b> Rezerv\u0113jiet \u0161o <b>Atv\u0113sino\u0161a noska\u0146ojuma piespraude<\/b> \u0161odien un ievediet <i>jautri<\/i> relaks\u0101cija j\u016bsu ikdienas rut\u012bn\u0101.<\/p>","protected":false},"excerpt":{"rendered":"<p><b>Bezgal\u012bgi <i>attiecin\u0101ms<\/i> emaljas *pin<\/b>*. Melna <b>ka\u0137is<\/b> su u\u017era\u0161u \u201eNot Today\u201c \u2013 puikus <b>piederumi<\/b> <b>ka\u0137u m\u012b\u013cot\u0101ji<\/b>, <b>tingumo<\/b>, <i>chill<\/i> un <i>est\u0113tisks<\/i> stila faniem.<\/p>","protected":false},"featured_media":4642,"comment_status":"open","ping_status":"closed","template":"","meta":{"_uag_custom_page_level_css":"","site-sidebar-layout":"default","site-content-layout":"","ast-site-content-layout":"default","site-content-style":"default","site-sidebar-style":"default","ast-global-header-display":"","ast-banner-title-visibility":"","ast-main-header-display":"","ast-hfb-above-header-display":"","ast-hfb-below-header-display":"","ast-hfb-mobile-header-display":"","site-post-title":"","ast-breadcrumbs-content":"","ast-featured-img":"","footer-sml-layout":"","ast-disable-related-posts":"","theme-transparent-header-meta":"default","adv-header-id-meta":"","stick-header-meta":"","header-above-stick-meta":"","header-main-stick-meta":"","header-below-stick-meta":"","astra-migrate-meta-layouts":"set","ast-page-background-enabled":"default","ast-page-background-meta":{"desktop":{"background-color":"var(--ast-global-color-4)","background-image":"","background-repeat":"repeat","background-position":"center center","background-size":"auto","background-attachment":"scroll","background-type":"","background-media":"","overlay-type":"","overlay-color":"","overlay-opacity":"","overlay-gradient":""},"tablet":{"background-color":"","background-image":"","background-repeat":"repeat","background-position":"center center","background-size":"auto","background-attachment":"scroll","background-type":"","background-media":"","overlay-type":"","overlay-color":"","overlay-opacity":"","overlay-gradient":""},"mobile":{"background-color":"","background-image":"","background-repeat":"repeat","background-position":"center center","background-size":"auto","background-attachment":"scroll","background-type":"","background-media":"","overlay-type":"","overlay-color":"","overlay-opacity":"","overlay-gradient":""}},"ast-content-background-meta":{"desktop":{"background-color":"var(--ast-global-color-5)","background-image":"","background-repeat":"repeat","background-position":"center center","background-size":"auto","background-attachment":"scroll","background-type":"","background-media":"","overlay-type":"","overlay-color":"","overlay-opacity":"","overlay-gradient":""},"tablet":{"background-color":"var(--ast-global-color-5)","background-image":"","background-repeat":"repeat","background-position":"center center","background-size":"auto","background-attachment":"scroll","background-type":"","background-media":"","overlay-type":"","overlay-color":"","overlay-opacity":"","overlay-gradient":""},"mobile":{"background-color":"var(--ast-global-color-5)","background-image":"","background-repeat":"repeat","background-position":"center center","background-size":"auto","background-attachment":"scroll","background-type":"","background-media":"","overlay-type":"","overlay-color":"","overlay-opacity":"","overlay-gradient":""}}},"product_brand":[],"product_cat":[119,126],"product_tag":[],"class_list":{"0":"post-4641","1":"product","2":"type-product","3":"status-publish","4":"has-post-thumbnail","6":"product_cat-smeigtukai-pins","7":"product_cat-visi","8":"desktop-align-center","9":"tablet-align-left","10":"mobile-align-left","12":"first","13":"instock","14":"shipping-taxable","15":"purchasable","16":"product-type-simple"},"yoast_head":"<!-- This site is optimized with the Yoast SEO plugin v27.4 - https:\/\/yoast.com\/product\/yoast-seo-wordpress\/ -->\n<title>Chill Nuotaikos Seg\u0117 | Kat\u0117 Su U\u017era\u0161u \u201eNot Today\u201c Bro\u0161ka - kabinam.lt<\/title>\n<meta name=\"description\" content=\"A\u0161 darysiu tai rytoj! \u0160is humoristinis emalio segtukas su u\u017era\u0161u \u201eNot Today\u201c yra must-have aksesuaras visiems ka\u010di\u0173 myl\u0117tojams ir chill stiliaus fanams.\" \/>\n<meta name=\"robots\" content=\"index, follow, max-snippet:-1, max-image-preview:large, max-video-preview:-1\" \/>\n<link rel=\"canonical\" href=\"https:\/\/kabinam.lt\/lv\/produkts\/gulosa-kakis-ne-sodien-vieglinibas-nauda\/\" \/>\n<meta property=\"og:locale\" content=\"lv_LV\" \/>\n<meta property=\"og:type\" content=\"article\" \/>\n<meta property=\"og:title\" content=\"Chill Nuotaikos Seg\u0117 | Kat\u0117 Su U\u017era\u0161u \u201eNot Today\u201c Bro\u0161ka - kabinam.lt\" \/>\n<meta property=\"og:description\" content=\"A\u0161 darysiu tai rytoj! \u0160is humoristinis emalio segtukas su u\u017era\u0161u \u201eNot Today\u201c yra must-have aksesuaras visiems ka\u010di\u0173 myl\u0117tojams ir chill stiliaus fanams.\" \/>\n<meta property=\"og:url\" content=\"https:\/\/kabinam.lt\/lv\/produkts\/gulosa-kakis-ne-sodien-vieglinibas-nauda\/\" \/>\n<meta property=\"og:site_name\" content=\"kabinam.lt\" \/>\n<meta property=\"article:modified_time\" content=\"2026-01-18T23:39:32+00:00\" \/>\n<meta property=\"og:image\" content=\"https:\/\/kabinam.lt\/wp-content\/uploads\/2025\/12\/main-image-13.jpeg\" \/>\n\t<meta property=\"og:image:width\" content=\"448\" \/>\n\t<meta property=\"og:image:height\" content=\"445\" \/>\n\t<meta property=\"og:image:type\" content=\"image\/jpeg\" \/>\n<meta name=\"twitter:card\" content=\"summary_large_image\" \/>\n<meta name=\"twitter:label1\" content=\"Est. reading time\" \/>\n\t<meta name=\"twitter:data1\" content=\"2 min\u016btes\" \/>\n<script type=\"application\/ld+json\" class=\"yoast-schema-graph\">{\"@context\":\"https:\\\/\\\/schema.org\",\"@graph\":[{\"@type\":[\"WebPage\",\"ItemPage\"],\"@id\":\"https:\\\/\\\/kabinam.lt\\\/eng\\\/product\\\/sleepy-kate-not-today-justice-pin\\\/\",\"url\":\"https:\\\/\\\/kabinam.lt\\\/eng\\\/product\\\/sleepy-kate-not-today-justice-pin\\\/\",\"name\":\"Chill Nuotaikos Seg\u0117 | Kat\u0117 Su U\u017era\u0161u \u201eNot Today\u201c Bro\u0161ka - kabinam.lt\",\"isPartOf\":{\"@id\":\"https:\\\/\\\/kabinam.lt\\\/#website\"},\"primaryImageOfPage\":{\"@id\":\"https:\\\/\\\/kabinam.lt\\\/eng\\\/product\\\/sleepy-kate-not-today-justice-pin\\\/#primaryimage\"},\"image\":{\"@id\":\"https:\\\/\\\/kabinam.lt\\\/eng\\\/product\\\/sleepy-kate-not-today-justice-pin\\\/#primaryimage\"},\"thumbnailUrl\":\"https:\\\/\\\/kabinam.lt\\\/wp-content\\\/uploads\\\/2025\\\/12\\\/main-image-13.jpeg\",\"datePublished\":\"2025-12-15T21:03:33+00:00\",\"dateModified\":\"2026-01-18T23:39:32+00:00\",\"description\":\"A\u0161 darysiu tai rytoj! \u0160is humoristinis emalio segtukas su u\u017era\u0161u \u201eNot Today\u201c yra must-have aksesuaras visiems ka\u010di\u0173 myl\u0117tojams ir chill stiliaus fanams.\",\"breadcrumb\":{\"@id\":\"https:\\\/\\\/kabinam.lt\\\/eng\\\/product\\\/sleepy-kate-not-today-justice-pin\\\/#breadcrumb\"},\"inLanguage\":\"lv-LV\",\"potentialAction\":[{\"@type\":\"ReadAction\",\"target\":[\"https:\\\/\\\/kabinam.lt\\\/eng\\\/product\\\/sleepy-kate-not-today-justice-pin\\\/\"]}]},{\"@type\":\"ImageObject\",\"inLanguage\":\"lv-LV\",\"@id\":\"https:\\\/\\\/kabinam.lt\\\/eng\\\/product\\\/sleepy-kate-not-today-justice-pin\\\/#primaryimage\",\"url\":\"https:\\\/\\\/kabinam.lt\\\/wp-content\\\/uploads\\\/2025\\\/12\\\/main-image-13.jpeg\",\"contentUrl\":\"https:\\\/\\\/kabinam.lt\\\/wp-content\\\/uploads\\\/2025\\\/12\\\/main-image-13.jpeg\",\"width\":448,\"height\":445,\"caption\":\"Humoristinis Kat\u0117s \u201eNot Today\u201c Segtukas\"},{\"@type\":\"BreadcrumbList\",\"@id\":\"https:\\\/\\\/kabinam.lt\\\/eng\\\/product\\\/sleepy-kate-not-today-justice-pin\\\/#breadcrumb\",\"itemListElement\":[{\"@type\":\"ListItem\",\"position\":1,\"name\":\"Home\",\"item\":\"https:\\\/\\\/kabinam.lt\\\/\"},{\"@type\":\"ListItem\",\"position\":2,\"name\":\"Visi Produktai\",\"item\":\"https:\\\/\\\/kabinam.lt\\\/visi-produktai\\\/\"},{\"@type\":\"ListItem\",\"position\":3,\"name\":\"Chill Nuotaikos Seg\u0117 | Kat\u0117 Su U\u017era\u0161u \u201eNot Today\u201c Bro\u0161ka\"}]},{\"@type\":\"WebSite\",\"@id\":\"https:\\\/\\\/kabinam.lt\\\/#website\",\"url\":\"https:\\\/\\\/kabinam.lt\\\/\",\"name\":\"kabinam.lt\",\"description\":\"Kabinam.lt \u2013 raktu pakabukai ir aksesuarai\",\"publisher\":{\"@id\":\"https:\\\/\\\/kabinam.lt\\\/#organization\"},\"alternateName\":\"pakabukai lt\",\"potentialAction\":[{\"@type\":\"SearchAction\",\"target\":{\"@type\":\"EntryPoint\",\"urlTemplate\":\"https:\\\/\\\/kabinam.lt\\\/?s={search_term_string}\"},\"query-input\":{\"@type\":\"PropertyValueSpecification\",\"valueRequired\":true,\"valueName\":\"search_term_string\"}}],\"inLanguage\":\"lv-LV\"},{\"@type\":\"Organization\",\"@id\":\"https:\\\/\\\/kabinam.lt\\\/#organization\",\"name\":\"kabinam.lt\",\"alternateName\":\"kabinam\",\"url\":\"https:\\\/\\\/kabinam.lt\\\/\",\"logo\":{\"@type\":\"ImageObject\",\"inLanguage\":\"lv-LV\",\"@id\":\"https:\\\/\\\/kabinam.lt\\\/#\\\/schema\\\/logo\\\/image\\\/\",\"url\":\"https:\\\/\\\/kabinam.lt\\\/wp-content\\\/uploads\\\/2025\\\/05\\\/KABINAM_outer_glow.png\",\"contentUrl\":\"https:\\\/\\\/kabinam.lt\\\/wp-content\\\/uploads\\\/2025\\\/05\\\/KABINAM_outer_glow.png\",\"width\":474,\"height\":141,\"caption\":\"kabinam.lt\"},\"image\":{\"@id\":\"https:\\\/\\\/kabinam.lt\\\/#\\\/schema\\\/logo\\\/image\\\/\"}}]}<\/script>\n<!-- \/ Yoast SEO plugin. -->","yoast_head_json":{"title":"Chill Noska\u0146ojuma Laime | Ka\u0137is Ar Uzrakstu \u201eNot Today\u201c Bro\u0161a - kabinam.lt","description":"Es to dar\u012b\u0161u r\u012bt! \u0160is humora emal\u017eoklis ar uzrakstu \u201eNot Today\u201c ira must-have aksesu\u0101rs visiem ka\u0137u m\u012bl\u0113t\u0101jiem un chill stila faniem.","robots":{"index":"index","follow":"follow","max-snippet":"max-snippet:-1","max-image-preview":"max-image-preview:large","max-video-preview":"max-video-preview:-1"},"canonical":"https:\/\/kabinam.lt\/lv\/produkts\/gulosa-kakis-ne-sodien-vieglinibas-nauda\/","og_locale":"lv_LV","og_type":"article","og_title":"Chill Nuotaikos Seg\u0117 | Kat\u0117 Su U\u017era\u0161u \u201eNot Today\u201c Bro\u0161ka - kabinam.lt","og_description":"A\u0161 darysiu tai rytoj! \u0160is humoristinis emalio segtukas su u\u017era\u0161u \u201eNot Today\u201c yra must-have aksesuaras visiems ka\u010di\u0173 myl\u0117tojams ir chill stiliaus fanams.","og_url":"https:\/\/kabinam.lt\/lv\/produkts\/gulosa-kakis-ne-sodien-vieglinibas-nauda\/","og_site_name":"kabinam.lt","article_modified_time":"2026-01-18T23:39:32+00:00","og_image":[{"width":448,"height":445,"url":"https:\/\/kabinam.lt\/wp-content\/uploads\/2025\/12\/main-image-13.jpeg","type":"image\/jpeg"}],"twitter_card":"summary_large_image","twitter_misc":{"Est. reading time":"2 min\u016btes"},"schema":{"@context":"https:\/\/schema.org","@graph":[{"@type":["WebPage","ItemPage"],"@id":"https:\/\/kabinam.lt\/eng\/product\/sleepy-kate-not-today-justice-pin\/","url":"https:\/\/kabinam.lt\/eng\/product\/sleepy-kate-not-today-justice-pin\/","name":"Chill Noska\u0146ojuma Laime | Ka\u0137is Ar Uzrakstu \u201eNot Today\u201c Bro\u0161a - kabinam.lt","isPartOf":{"@id":"https:\/\/kabinam.lt\/#website"},"primaryImageOfPage":{"@id":"https:\/\/kabinam.lt\/eng\/product\/sleepy-kate-not-today-justice-pin\/#primaryimage"},"image":{"@id":"https:\/\/kabinam.lt\/eng\/product\/sleepy-kate-not-today-justice-pin\/#primaryimage"},"thumbnailUrl":"https:\/\/kabinam.lt\/wp-content\/uploads\/2025\/12\/main-image-13.jpeg","datePublished":"2025-12-15T21:03:33+00:00","dateModified":"2026-01-18T23:39:32+00:00","description":"Es to dar\u012b\u0161u r\u012bt! \u0160is humora emal\u017eoklis ar uzrakstu \u201eNot Today\u201c ira must-have aksesu\u0101rs visiem ka\u0137u m\u012bl\u0113t\u0101jiem un chill stila faniem.","breadcrumb":{"@id":"https:\/\/kabinam.lt\/eng\/product\/sleepy-kate-not-today-justice-pin\/#breadcrumb"},"inLanguage":"lv-LV","potentialAction":[{"@type":"ReadAction","target":["https:\/\/kabinam.lt\/eng\/product\/sleepy-kate-not-today-justice-pin\/"]}]},{"@type":"ImageObject","inLanguage":"lv-LV","@id":"https:\/\/kabinam.lt\/eng\/product\/sleepy-kate-not-today-justice-pin\/#primaryimage","url":"https:\/\/kabinam.lt\/wp-content\/uploads\/2025\/12\/main-image-13.jpeg","contentUrl":"https:\/\/kabinam.lt\/wp-content\/uploads\/2025\/12\/main-image-13.jpeg","width":448,"height":445,"caption":"Humoristinis Kat\u0117s \u201eNot Today\u201c Segtukas"},{"@type":"BreadcrumbList","@id":"https:\/\/kabinam.lt\/eng\/product\/sleepy-kate-not-today-justice-pin\/#breadcrumb","itemListElement":[{"@type":"ListItem","position":1,"name":"Home","item":"https:\/\/kabinam.lt\/"},{"@type":"ListItem","position":2,"name":"Visi Produktai","item":"https:\/\/kabinam.lt\/visi-produktai\/"},{"@type":"ListItem","position":3,"name":"Chill Nuotaikos Seg\u0117 | Kat\u0117 Su U\u017era\u0161u \u201eNot Today\u201c Bro\u0161ka"}]},{"@type":"WebSite","@id":"https:\/\/kabinam.lt\/#website","url":"https:\/\/kabinam.lt\/","name":"kabinam.lt","description":"Kabinam.lt - atsl\u0113gu piekari\u0146i un aksesu\u0101ri","publisher":{"@id":"https:\/\/kabinam.lt\/#organization"},"alternateName":"pakabukai lt","potentialAction":[{"@type":"SearchAction","target":{"@type":"EntryPoint","urlTemplate":"https:\/\/kabinam.lt\/?s={search_term_string}"},"query-input":{"@type":"PropertyValueSpecification","valueRequired":true,"valueName":"search_term_string"}}],"inLanguage":"lv-LV"},{"@type":"Organization","@id":"https:\/\/kabinam.lt\/#organization","name":"kabinam.lt","alternateName":"kabinam","url":"https:\/\/kabinam.lt\/","logo":{"@type":"ImageObject","inLanguage":"lv-LV","@id":"https:\/\/kabinam.lt\/#\/schema\/logo\/image\/","url":"https:\/\/kabinam.lt\/wp-content\/uploads\/2025\/05\/KABINAM_outer_glow.png","contentUrl":"https:\/\/kabinam.lt\/wp-content\/uploads\/2025\/05\/KABINAM_outer_glow.png","width":474,"height":141,"caption":"kabinam.lt"},"image":{"@id":"https:\/\/kabinam.lt\/#\/schema\/logo\/image\/"}}]}},"uagb_featured_image_src":{"full":["https:\/\/kabinam.lt\/wp-content\/uploads\/2025\/12\/main-image-13.jpeg",448,445,false],"thumbnail":["https:\/\/kabinam.lt\/wp-content\/uploads\/2025\/12\/main-image-13-150x150.jpeg",150,150,true],"medium":["https:\/\/kabinam.lt\/wp-content\/uploads\/2025\/12\/main-image-13-300x298.jpeg",300,298,true],"medium_large":["https:\/\/kabinam.lt\/wp-content\/uploads\/2025\/12\/main-image-13.jpeg",448,445,false],"large":["https:\/\/kabinam.lt\/wp-content\/uploads\/2025\/12\/main-image-13.jpeg",448,445,false],"1536x1536":["https:\/\/kabinam.lt\/wp-content\/uploads\/2025\/12\/main-image-13.jpeg",448,445,false],"2048x2048":["https:\/\/kabinam.lt\/wp-content\/uploads\/2025\/12\/main-image-13.jpeg",448,445,false],"trp-custom-language-flag":["https:\/\/kabinam.lt\/wp-content\/uploads\/2025\/12\/main-image-13-12x12.jpeg",12,12,true],"woocommerce_thumbnail":["https:\/\/kabinam.lt\/wp-content\/uploads\/2025\/12\/main-image-13-300x300.jpeg",300,300,true],"woocommerce_single":["https:\/\/kabinam.lt\/wp-content\/uploads\/2025\/12\/main-image-13.jpeg",448,445,false],"woocommerce_gallery_thumbnail":["https:\/\/kabinam.lt\/wp-content\/uploads\/2025\/12\/main-image-13-100x100.jpeg",100,100,true]},"uagb_author_info":{"display_name":"kabinam.lt","author_link":"https:\/\/kabinam.lt\/lv\/author\/"},"uagb_comment_info":0,"uagb_excerpt":"Be galo relatable emalio *pin'as*. Juoda kat\u0117 su u\u017era\u0161u \u201eNot Today\u201c \u2013 puikus aksesuaras ka\u010di\u0173 myl\u0117tojams, tingumo, chill ir aesthetic stiliaus gerb\u0117jams.","_links":{"self":[{"href":"https:\/\/kabinam.lt\/lv\/wp-json\/wp\/v2\/product\/4641","targetHints":{"allow":["GET"]}}],"collection":[{"href":"https:\/\/kabinam.lt\/lv\/wp-json\/wp\/v2\/product"}],"about":[{"href":"https:\/\/kabinam.lt\/lv\/wp-json\/wp\/v2\/types\/product"}],"replies":[{"embeddable":true,"href":"https:\/\/kabinam.lt\/lv\/wp-json\/wp\/v2\/comments?post=4641"}],"wp:featuredmedia":[{"embeddable":true,"href":"https:\/\/kabinam.lt\/lv\/wp-json\/wp\/v2\/media\/4642"}],"wp:attachment":[{"href":"https:\/\/kabinam.lt\/lv\/wp-json\/wp\/v2\/media?parent=4641"}],"wp:term":[{"taxonomy":"product_brand","embeddable":true,"href":"https:\/\/kabinam.lt\/lv\/wp-json\/wp\/v2\/product_brand?post=4641"},{"taxonomy":"product_cat","embeddable":true,"href":"https:\/\/kabinam.lt\/lv\/wp-json\/wp\/v2\/product_cat?post=4641"},{"taxonomy":"product_tag","embeddable":true,"href":"https:\/\/kabinam.lt\/lv\/wp-json\/wp\/v2\/product_tag?post=4641"}],"curies":[{"name":"wp","href":"https:\/\/api.w.org\/{rel}","templated":true}]}}