{"id":4534,"date":"2025-12-13T22:35:34","date_gmt":"2025-12-13T20:35:34","guid":{"rendered":"https:\/\/kabinam.lt\/?post_type=product&#038;p=4534"},"modified":"2026-03-12T07:04:08","modified_gmt":"2026-03-12T05:04:08","slug":"kate-su-peiliu-juodas-humoras-edgy-pin","status":"publish","type":"product","link":"https:\/\/kabinam.lt\/lv\/product\/kate-su-peiliu-juodas-humoras-edgy-pin\/","title":{"rendered":"Izsmalcin\u0101ta humora piespraude | Cat with Knife Brooch (Ka\u0137is ar nazi)"},"content":{"rendered":"<div class=\"kk-star-ratings kksr-auto kksr-align-left kksr-valign-top\"\n    data-payload='{&quot;align&quot;:&quot;left&quot;,&quot;id&quot;:&quot;4534&quot;,&quot;slug&quot;:&quot;default&quot;,&quot;valign&quot;:&quot;top&quot;,&quot;ignore&quot;:&quot;&quot;,&quot;reference&quot;:&quot;auto&quot;,&quot;class&quot;:&quot;&quot;,&quot;count&quot;:&quot;0&quot;,&quot;legendonly&quot;:&quot;&quot;,&quot;readonly&quot;:&quot;&quot;,&quot;score&quot;:&quot;0&quot;,&quot;starsonly&quot;:&quot;&quot;,&quot;best&quot;:&quot;5&quot;,&quot;gap&quot;:&quot;5&quot;,&quot;greet&quot;:&quot;Mums svarbus j\u016bs\u0173 \u012fvertinimas&quot;,&quot;legend&quot;:&quot;0\\\/5 - (0 votes)&quot;,&quot;size&quot;:&quot;24&quot;,&quot;title&quot;:&quot;Edgy Humoro Seg\u0117 | Kat\u0117 Su Peiliu Bro\u0161ka&quot;,&quot;width&quot;:&quot;0&quot;,&quot;_legend&quot;:&quot;{score}\\\/{best} - ({count} {votes})&quot;,&quot;font_factor&quot;:&quot;1.25&quot;}'>\n            \n<div class=\"kksr-stars\">\n    \n<div class=\"kksr-stars-inactive\">\n            <div class=\"kksr-star\" data-star=\"1\" style=\"padding-right: 5px\">\n            \n\n<div class=\"kksr-icon\" style=\"width: 24px; height: 24px;\"><\/div>\n        <\/div>\n            <div class=\"kksr-star\" data-star=\"2\" style=\"padding-right: 5px\">\n            \n\n<div class=\"kksr-icon\" style=\"width: 24px; height: 24px;\"><\/div>\n        <\/div>\n            <div class=\"kksr-star\" data-star=\"3\" style=\"padding-right: 5px\">\n            \n\n<div class=\"kksr-icon\" style=\"width: 24px; height: 24px;\"><\/div>\n        <\/div>\n            <div class=\"kksr-star\" data-star=\"4\" style=\"padding-right: 5px\">\n            \n\n<div class=\"kksr-icon\" style=\"width: 24px; height: 24px;\"><\/div>\n        <\/div>\n            <div class=\"kksr-star\" data-star=\"5\" style=\"padding-right: 5px\">\n            \n\n<div class=\"kksr-icon\" style=\"width: 24px; height: 24px;\"><\/div>\n        <\/div>\n    <\/div>\n    \n<div class=\"kksr-stars-active\" style=\"width: 0px;\">\n            <div class=\"kksr-star\" style=\"padding-right: 5px\">\n            \n\n<div class=\"kksr-icon\" style=\"width: 24px; height: 24px;\"><\/div>\n        <\/div>\n            <div class=\"kksr-star\" style=\"padding-right: 5px\">\n            \n\n<div class=\"kksr-icon\" style=\"width: 24px; height: 24px;\"><\/div>\n        <\/div>\n            <div class=\"kksr-star\" style=\"padding-right: 5px\">\n            \n\n<div class=\"kksr-icon\" style=\"width: 24px; height: 24px;\"><\/div>\n        <\/div>\n            <div class=\"kksr-star\" style=\"padding-right: 5px\">\n            \n\n<div class=\"kksr-icon\" style=\"width: 24px; height: 24px;\"><\/div>\n        <\/div>\n            <div class=\"kksr-star\" style=\"padding-right: 5px\">\n            \n\n<div class=\"kksr-icon\" style=\"width: 24px; height: 24px;\"><\/div>\n        <\/div>\n    <\/div>\n<\/div>\n                \n\n<div class=\"kksr-legend\" style=\"font-size: 19.2px;\">\n            <span class=\"kksr-muted\">Mums ir svar\u012bgs j\u016bsu nov\u0113rt\u0113jums<\/span>\n    <\/div>\n    <\/div>\n<h1 data-path-to-node=\"13\">Aspr\u0101t\u012bgs humors Seg\u0117: Ka\u0137is ar nazi \u2013 <i>For\u0161i<\/i> Un <i>Meme<\/i> Stils<\/h1>\n<p data-path-to-node=\"14\">\u0160is <b>ka\u0137i ar nazi emaljas bro\u0161a<\/b> ide\u0101li piem\u0113rots tiem, kas nov\u0113rt\u0113 sp\u0113c\u012bgas emocijas un melno humoru! Tas atspogu\u013co ka\u0137u temperamentu un <i>for\u0161i<\/i> <b>agres\u012bvs<\/b> <i>est\u0113tisks<\/i>. Tas ir perfekts. <b>piederumi<\/b> tiem, kas m\u012bl <i>jautri<\/i> stils, <b>melnais humors<\/b> un <b>ka\u0137i<\/b>, kas patie\u0161\u0101m zina, k\u0101 sevi aizsarg\u0101t. Melna ka\u0137e ar nazi mut\u0113 un liel\u0101m dzelten\u0101m ac\u012bm rada komisku iespaidu. <b>draudo\u0161s<\/b> efekts. Tas ir ne tikai <b>emaljas bro\u0161a<\/b> - tas ir j\u016bsu veids, k\u0101 par\u0101d\u012bt. <i>for\u0161i<\/i> stilu un identific\u0113t sevi ar <i>nervozs<\/i> <i>popkult\u016bra<\/i>. Ja j\u016bs mekl\u0113jat <i>pazi\u0146ojums gabals<\/i>, kas par\u0101da j\u016bsu <i>jautri<\/i> un drosm\u012bg\u0101 puse, \u0161\u012b <b>ka\u0137a \u0137epa<\/b> pieejams vietn\u0113 <i>must have<\/i>.<\/p>\n<h2 data-path-to-node=\"15\"><i>Asums<\/i> Dizains un melnais humors<\/h2>\n<p data-path-to-node=\"16\">Skat\u012bt <b>emaljas piespraude<\/b> dizains izce\u013cas <i>jautri<\/i> un ironisks stils. Melna, balta un dzeltena kr\u0101su kombin\u0101cija ir iespaid\u012bga. Na\u017es zobos pie\u0161\u0137ir <b>humors<\/b> un <b>raksturs<\/b> akcents, uzsverot ka\u0137u nev\u0113l\u0113\u0161anos tikt ignor\u0113tiem. Tas <b>ka\u0137a klips<\/b> ide\u0101li piem\u0113rots kombin\u0113\u0161anai ar citiem <i>popkult\u016bra<\/i>, <b>humoristiskas t\u0113mas<\/b> izmantojot <b>dz\u012bvnieku piespraudes<\/b>.<\/p>\n<ul data-path-to-node=\"17\">\n<li>\n<p data-path-to-node=\"17,0,0\"><b>Stils:<\/b> Ide\u0101li piem\u0113rots <i>est\u0113tisks<\/i>, <i>jautri<\/i>, <i>nervozs<\/i> un <b>melnais humors<\/b> stili.<\/p>\n<\/li>\n<li>\n<p data-path-to-node=\"17,1,0\"><b>Kvalit\u0101te:<\/b> m\u016bsu <b>emaljas saktas<\/b> ir izgatavoti no augst\u0101k\u0101s kvalit\u0101tes ciet\u0101s emaljas, kas nodro\u0161ina to, ka kr\u0101sas un deta\u013cas paliek spilgtas. Tas ir <b>augstas kvalit\u0101tes tapa<\/b>, kas var iztur\u0113t ikdienas nodilumu. Ja v\u0113laties uzzin\u0101t vair\u0101k par to, k\u0101 r\u016bp\u0113ties par savu <b>tematiskais<\/b> <i>tapas<\/i>, lai tie vienm\u0113r izskat\u012btos <i>svaigs<\/i>, inform\u0101cijai <a class=\"ng-star-inserted\" href=\"https:\/\/www.pinnpatch.lt\" target=\"_blank\" rel=\"noopener\" data-hveid=\"0\" data-ved=\"0CAAQ_4QMahgKEwjQ9NbIw8KRAxUAAAAAHQAAAAAQxgE\">Avots :<\/a>.<\/p>\n<\/li>\n<\/ul>\n<h2 data-path-to-node=\"18\">Ide\u0101la d\u0101vana <i>Asums<\/i> Un ka\u0137u fani<\/h2>\n<p data-path-to-node=\"19\"><b>Ka\u0137is ar nazi emaljas piespraude<\/b> ir fantastisks <b>ideja par d\u0101vanu<\/b> ka\u0137u \u012bpa\u0161nieki, <i>nervozs<\/i> stila sekot\u0101ji, <i>m\u0113ms<\/i> entuziasti vai vienk\u0101r\u0161i ikviens, kas nov\u0113rt\u0113 melno humoru un <i>jautri<\/i> piederumi. Tas ir ide\u0101ls papildin\u0101jums:<\/p>\n<ul data-path-to-node=\"20\">\n<li>\n<p data-path-to-node=\"20,0,0\"><b>Mugursomas:<\/b> Izstr\u0101d\u0101ts, lai par\u0101d\u012btu j\u016bsu <i>attieksme<\/i>.<\/p>\n<\/li>\n<li>\n<p data-path-to-node=\"20,1,0\"><b>Jakas\/\u017eaketes:<\/b> K\u0101 <i>nervozs<\/i> un stil\u012bgs akcents.<\/p>\n<\/li>\n<\/ul>\n<p data-path-to-node=\"21\">Skatiet m\u016bsu pilnu <a class=\"ng-star-inserted\" href=\"https:\/\/kabinam.lt\/lv\/\" target=\"_blank\" rel=\"noopener\" data-hveid=\"0\" data-ved=\"0CAAQ_4QMahgKEwjQ9NbIw8KRAxUAAAAAHQAAAAAQxwE\">dz\u012bvnieki un <i>popkult\u016bra<\/i> emaljas piesprau\u017eu kolekcija<\/a>, kur var atrast vair\u0101k <i>jautri<\/i> un unik\u0101ls <b>tapas<\/b>, kas lieliski ieder\u0113sies pie \u0161\u012b t\u0113la.<\/p>\n<p data-path-to-node=\"22\"><b>Nekad neuzdodieties ar \u0161\u012bm ka\u0137\u0113m!<\/b> Rezerv\u0113jiet \u0161o <b>aspr\u0101t\u012bgs humors<\/b> \u0161odien un ievediet <i>jautri<\/i> rota\u013c\u012bgums j\u016bsu ikdienas dz\u012bv\u0113.<\/p>","protected":false},"excerpt":{"rendered":"<p><b>Bezgal\u012bgi <i>nervozs<\/i> un <i>jautri<\/i> emaljas *pin<\/b>*. Melna <b>ka\u0137is<\/b>, tur\u0113dama nazi zobos \u2013 perfekta <b>piederumi<\/b> <b>melnais humors<\/b>, <b>m\u0113ms<\/b> kult\u016bra un <i>nervozs<\/i> stila faniem.<\/p>","protected":false},"featured_media":4537,"comment_status":"open","ping_status":"closed","template":"","meta":{"_uag_custom_page_level_css":"","site-sidebar-layout":"default","site-content-layout":"","ast-site-content-layout":"default","site-content-style":"default","site-sidebar-style":"default","ast-global-header-display":"","ast-banner-title-visibility":"","ast-main-header-display":"","ast-hfb-above-header-display":"","ast-hfb-below-header-display":"","ast-hfb-mobile-header-display":"","site-post-title":"","ast-breadcrumbs-content":"","ast-featured-img":"","footer-sml-layout":"","ast-disable-related-posts":"","theme-transparent-header-meta":"default","adv-header-id-meta":"","stick-header-meta":"","header-above-stick-meta":"","header-main-stick-meta":"","header-below-stick-meta":"","astra-migrate-meta-layouts":"set","ast-page-background-enabled":"default","ast-page-background-meta":{"desktop":{"background-color":"var(--ast-global-color-4)","background-image":"","background-repeat":"repeat","background-position":"center center","background-size":"auto","background-attachment":"scroll","background-type":"","background-media":"","overlay-type":"","overlay-color":"","overlay-opacity":"","overlay-gradient":""},"tablet":{"background-color":"","background-image":"","background-repeat":"repeat","background-position":"center center","background-size":"auto","background-attachment":"scroll","background-type":"","background-media":"","overlay-type":"","overlay-color":"","overlay-opacity":"","overlay-gradient":""},"mobile":{"background-color":"","background-image":"","background-repeat":"repeat","background-position":"center center","background-size":"auto","background-attachment":"scroll","background-type":"","background-media":"","overlay-type":"","overlay-color":"","overlay-opacity":"","overlay-gradient":""}},"ast-content-background-meta":{"desktop":{"background-color":"var(--ast-global-color-5)","background-image":"","background-repeat":"repeat","background-position":"center center","background-size":"auto","background-attachment":"scroll","background-type":"","background-media":"","overlay-type":"","overlay-color":"","overlay-opacity":"","overlay-gradient":""},"tablet":{"background-color":"var(--ast-global-color-5)","background-image":"","background-repeat":"repeat","background-position":"center center","background-size":"auto","background-attachment":"scroll","background-type":"","background-media":"","overlay-type":"","overlay-color":"","overlay-opacity":"","overlay-gradient":""},"mobile":{"background-color":"var(--ast-global-color-5)","background-image":"","background-repeat":"repeat","background-position":"center center","background-size":"auto","background-attachment":"scroll","background-type":"","background-media":"","overlay-type":"","overlay-color":"","overlay-opacity":"","overlay-gradient":""}}},"product_brand":[],"product_cat":[125,92,119,126],"product_tag":[],"class_list":{"0":"post-4534","1":"product","2":"type-product","3":"status-publish","4":"has-post-thumbnail","6":"product_cat-halloween","7":"product_cat-populiariausiu-produktu-kategorija","8":"product_cat-smeigtukai-pins","9":"product_cat-visi","10":"desktop-align-center","11":"tablet-align-left","12":"mobile-align-left","14":"first","15":"instock","16":"shipping-taxable","17":"purchasable","18":"product-type-simple"},"yoast_head":"<!-- This site is optimized with the Yoast SEO plugin v27.4 - https:\/\/yoast.com\/product\/yoast-seo-wordpress\/ -->\n<title>Edgy Humoro Seg\u0117 | Kat\u0117 Su Peiliu Bro\u0161ka - kabinam.lt<\/title>\n<meta name=\"description\" content=\"Nepykite \u0161ios kat\u0117s! \u0160is kat\u0117s su peiliu emalio segtukas yra must-have aksesuaras visiems juodojo humoro ir edgy stiliaus fanams.\" \/>\n<meta name=\"robots\" content=\"index, follow, max-snippet:-1, max-image-preview:large, max-video-preview:-1\" \/>\n<link rel=\"canonical\" href=\"https:\/\/kabinam.lt\/lv\/produkts\/kate-su-peiliu-juodas-humoras-edgy-pin\/\" \/>\n<meta property=\"og:locale\" content=\"lv_LV\" \/>\n<meta property=\"og:type\" content=\"article\" \/>\n<meta property=\"og:title\" content=\"Edgy Humoro Seg\u0117 | Kat\u0117 Su Peiliu Bro\u0161ka - kabinam.lt\" \/>\n<meta property=\"og:description\" content=\"Nepykite \u0161ios kat\u0117s! \u0160is kat\u0117s su peiliu emalio segtukas yra must-have aksesuaras visiems juodojo humoro ir edgy stiliaus fanams.\" \/>\n<meta property=\"og:url\" content=\"https:\/\/kabinam.lt\/lv\/produkts\/kate-su-peiliu-juodas-humoras-edgy-pin\/\" \/>\n<meta property=\"og:site_name\" content=\"kabinam.lt\" \/>\n<meta property=\"article:modified_time\" content=\"2026-03-12T05:04:08+00:00\" \/>\n<meta property=\"og:image\" content=\"https:\/\/kabinam.lt\/wp-content\/uploads\/2025\/12\/b4f5012b-f727-4806-8e2e-cfdd546f76c2.jpg\" \/>\n\t<meta property=\"og:image:width\" content=\"1000\" \/>\n\t<meta property=\"og:image:height\" content=\"1000\" \/>\n\t<meta property=\"og:image:type\" content=\"image\/jpeg\" \/>\n<meta name=\"twitter:card\" content=\"summary_large_image\" \/>\n<meta name=\"twitter:label1\" content=\"Est. reading time\" \/>\n\t<meta name=\"twitter:data1\" content=\"2 min\u016btes\" \/>\n<script type=\"application\/ld+json\" class=\"yoast-schema-graph\">{\"@context\":\"https:\\\/\\\/schema.org\",\"@graph\":[{\"@type\":[\"WebPage\",\"ItemPage\"],\"@id\":\"https:\\\/\\\/kabinam.lt\\\/eng\\\/product\\\/cat-with-mirror-dark-humor-edgy-pin\\\/\",\"url\":\"https:\\\/\\\/kabinam.lt\\\/eng\\\/product\\\/cat-with-mirror-dark-humor-edgy-pin\\\/\",\"name\":\"Edgy Humoro Seg\u0117 | Kat\u0117 Su Peiliu Bro\u0161ka - kabinam.lt\",\"isPartOf\":{\"@id\":\"https:\\\/\\\/kabinam.lt\\\/#website\"},\"primaryImageOfPage\":{\"@id\":\"https:\\\/\\\/kabinam.lt\\\/eng\\\/product\\\/cat-with-mirror-dark-humor-edgy-pin\\\/#primaryimage\"},\"image\":{\"@id\":\"https:\\\/\\\/kabinam.lt\\\/eng\\\/product\\\/cat-with-mirror-dark-humor-edgy-pin\\\/#primaryimage\"},\"thumbnailUrl\":\"https:\\\/\\\/kabinam.lt\\\/wp-content\\\/uploads\\\/2025\\\/12\\\/b4f5012b-f727-4806-8e2e-cfdd546f76c2.jpg\",\"datePublished\":\"2025-12-13T20:35:34+00:00\",\"dateModified\":\"2026-03-12T05:04:08+00:00\",\"description\":\"Nepykite \u0161ios kat\u0117s! \u0160is kat\u0117s su peiliu emalio segtukas yra must-have aksesuaras visiems juodojo humoro ir edgy stiliaus fanams.\",\"breadcrumb\":{\"@id\":\"https:\\\/\\\/kabinam.lt\\\/eng\\\/product\\\/cat-with-mirror-dark-humor-edgy-pin\\\/#breadcrumb\"},\"inLanguage\":\"lv-LV\",\"potentialAction\":[{\"@type\":\"ReadAction\",\"target\":[\"https:\\\/\\\/kabinam.lt\\\/eng\\\/product\\\/cat-with-mirror-dark-humor-edgy-pin\\\/\"]}]},{\"@type\":\"ImageObject\",\"inLanguage\":\"lv-LV\",\"@id\":\"https:\\\/\\\/kabinam.lt\\\/eng\\\/product\\\/cat-with-mirror-dark-humor-edgy-pin\\\/#primaryimage\",\"url\":\"https:\\\/\\\/kabinam.lt\\\/wp-content\\\/uploads\\\/2025\\\/12\\\/b4f5012b-f727-4806-8e2e-cfdd546f76c2.jpg\",\"contentUrl\":\"https:\\\/\\\/kabinam.lt\\\/wp-content\\\/uploads\\\/2025\\\/12\\\/b4f5012b-f727-4806-8e2e-cfdd546f76c2.jpg\",\"width\":1000,\"height\":1000,\"caption\":\"Humoristinis Kat\u0117s Su Peiliu Segtukas\"},{\"@type\":\"BreadcrumbList\",\"@id\":\"https:\\\/\\\/kabinam.lt\\\/eng\\\/product\\\/cat-with-mirror-dark-humor-edgy-pin\\\/#breadcrumb\",\"itemListElement\":[{\"@type\":\"ListItem\",\"position\":1,\"name\":\"Home\",\"item\":\"https:\\\/\\\/kabinam.lt\\\/\"},{\"@type\":\"ListItem\",\"position\":2,\"name\":\"Visi Produktai\",\"item\":\"https:\\\/\\\/kabinam.lt\\\/visi-produktai\\\/\"},{\"@type\":\"ListItem\",\"position\":3,\"name\":\"Edgy Humoro Seg\u0117 | Kat\u0117 Su Peiliu Bro\u0161ka\"}]},{\"@type\":\"WebSite\",\"@id\":\"https:\\\/\\\/kabinam.lt\\\/#website\",\"url\":\"https:\\\/\\\/kabinam.lt\\\/\",\"name\":\"kabinam.lt\",\"description\":\"Kabinam.lt \u2013 raktu pakabukai ir aksesuarai\",\"publisher\":{\"@id\":\"https:\\\/\\\/kabinam.lt\\\/#organization\"},\"alternateName\":\"pakabukai lt\",\"potentialAction\":[{\"@type\":\"SearchAction\",\"target\":{\"@type\":\"EntryPoint\",\"urlTemplate\":\"https:\\\/\\\/kabinam.lt\\\/?s={search_term_string}\"},\"query-input\":{\"@type\":\"PropertyValueSpecification\",\"valueRequired\":true,\"valueName\":\"search_term_string\"}}],\"inLanguage\":\"lv-LV\"},{\"@type\":\"Organization\",\"@id\":\"https:\\\/\\\/kabinam.lt\\\/#organization\",\"name\":\"kabinam.lt\",\"alternateName\":\"kabinam\",\"url\":\"https:\\\/\\\/kabinam.lt\\\/\",\"logo\":{\"@type\":\"ImageObject\",\"inLanguage\":\"lv-LV\",\"@id\":\"https:\\\/\\\/kabinam.lt\\\/#\\\/schema\\\/logo\\\/image\\\/\",\"url\":\"https:\\\/\\\/kabinam.lt\\\/wp-content\\\/uploads\\\/2025\\\/05\\\/KABINAM_outer_glow.png\",\"contentUrl\":\"https:\\\/\\\/kabinam.lt\\\/wp-content\\\/uploads\\\/2025\\\/05\\\/KABINAM_outer_glow.png\",\"width\":474,\"height\":141,\"caption\":\"kabinam.lt\"},\"image\":{\"@id\":\"https:\\\/\\\/kabinam.lt\\\/#\\\/schema\\\/logo\\\/image\\\/\"}}]}<\/script>\n<!-- \/ Yoast SEO plugin. -->","yoast_head_json":{"title":"Edgy Humoro Seg\u0117 | Kat\u0117 Su Peiliu Bro\u0161ka - kabinam.lt","description":"Nepykite \u0161ios kat\u0117s! \u0160is kat\u0117s su peiliu emalio segtukas yra must-have aksesuaras visiems juodojo humoro ir edgy stiliaus fanams.","robots":{"index":"index","follow":"follow","max-snippet":"max-snippet:-1","max-image-preview":"max-image-preview:large","max-video-preview":"max-video-preview:-1"},"canonical":"https:\/\/kabinam.lt\/lv\/produkts\/kate-su-peiliu-juodas-humoras-edgy-pin\/","og_locale":"lv_LV","og_type":"article","og_title":"Edgy Humoro Seg\u0117 | Kat\u0117 Su Peiliu Bro\u0161ka - kabinam.lt","og_description":"Nepykite \u0161ios kat\u0117s! \u0160is kat\u0117s su peiliu emalio segtukas yra must-have aksesuaras visiems juodojo humoro ir edgy stiliaus fanams.","og_url":"https:\/\/kabinam.lt\/lv\/produkts\/kate-su-peiliu-juodas-humoras-edgy-pin\/","og_site_name":"kabinam.lt","article_modified_time":"2026-03-12T05:04:08+00:00","og_image":[{"width":1000,"height":1000,"url":"https:\/\/kabinam.lt\/wp-content\/uploads\/2025\/12\/b4f5012b-f727-4806-8e2e-cfdd546f76c2.jpg","type":"image\/jpeg"}],"twitter_card":"summary_large_image","twitter_misc":{"Est. reading time":"2 min\u016btes"},"schema":{"@context":"https:\/\/schema.org","@graph":[{"@type":["WebPage","ItemPage"],"@id":"https:\/\/kabinam.lt\/eng\/product\/cat-with-mirror-dark-humor-edgy-pin\/","url":"https:\/\/kabinam.lt\/eng\/product\/cat-with-mirror-dark-humor-edgy-pin\/","name":"Edgy Humoro Seg\u0117 | Kat\u0117 Su Peiliu Bro\u0161ka - kabinam.lt","isPartOf":{"@id":"https:\/\/kabinam.lt\/#website"},"primaryImageOfPage":{"@id":"https:\/\/kabinam.lt\/eng\/product\/cat-with-mirror-dark-humor-edgy-pin\/#primaryimage"},"image":{"@id":"https:\/\/kabinam.lt\/eng\/product\/cat-with-mirror-dark-humor-edgy-pin\/#primaryimage"},"thumbnailUrl":"https:\/\/kabinam.lt\/wp-content\/uploads\/2025\/12\/b4f5012b-f727-4806-8e2e-cfdd546f76c2.jpg","datePublished":"2025-12-13T20:35:34+00:00","dateModified":"2026-03-12T05:04:08+00:00","description":"Nepykite \u0161ios kat\u0117s! \u0160is kat\u0117s su peiliu emalio segtukas yra must-have aksesuaras visiems juodojo humoro ir edgy stiliaus fanams.","breadcrumb":{"@id":"https:\/\/kabinam.lt\/eng\/product\/cat-with-mirror-dark-humor-edgy-pin\/#breadcrumb"},"inLanguage":"lv-LV","potentialAction":[{"@type":"ReadAction","target":["https:\/\/kabinam.lt\/eng\/product\/cat-with-mirror-dark-humor-edgy-pin\/"]}]},{"@type":"ImageObject","inLanguage":"lv-LV","@id":"https:\/\/kabinam.lt\/eng\/product\/cat-with-mirror-dark-humor-edgy-pin\/#primaryimage","url":"https:\/\/kabinam.lt\/wp-content\/uploads\/2025\/12\/b4f5012b-f727-4806-8e2e-cfdd546f76c2.jpg","contentUrl":"https:\/\/kabinam.lt\/wp-content\/uploads\/2025\/12\/b4f5012b-f727-4806-8e2e-cfdd546f76c2.jpg","width":1000,"height":1000,"caption":"Humoristinis Kat\u0117s Su Peiliu Segtukas"},{"@type":"BreadcrumbList","@id":"https:\/\/kabinam.lt\/eng\/product\/cat-with-mirror-dark-humor-edgy-pin\/#breadcrumb","itemListElement":[{"@type":"ListItem","position":1,"name":"Home","item":"https:\/\/kabinam.lt\/"},{"@type":"ListItem","position":2,"name":"Visi Produktai","item":"https:\/\/kabinam.lt\/visi-produktai\/"},{"@type":"ListItem","position":3,"name":"Edgy Humoro Seg\u0117 | Kat\u0117 Su Peiliu Bro\u0161ka"}]},{"@type":"WebSite","@id":"https:\/\/kabinam.lt\/#website","url":"https:\/\/kabinam.lt\/","name":"kabinam.lt","description":"Kabinam.lt - atsl\u0113gu piekari\u0146i un aksesu\u0101ri","publisher":{"@id":"https:\/\/kabinam.lt\/#organization"},"alternateName":"pakabukai lt","potentialAction":[{"@type":"SearchAction","target":{"@type":"EntryPoint","urlTemplate":"https:\/\/kabinam.lt\/?s={search_term_string}"},"query-input":{"@type":"PropertyValueSpecification","valueRequired":true,"valueName":"search_term_string"}}],"inLanguage":"lv-LV"},{"@type":"Organization","@id":"https:\/\/kabinam.lt\/#organization","name":"kabinam.lt","alternateName":"kabinam","url":"https:\/\/kabinam.lt\/","logo":{"@type":"ImageObject","inLanguage":"lv-LV","@id":"https:\/\/kabinam.lt\/#\/schema\/logo\/image\/","url":"https:\/\/kabinam.lt\/wp-content\/uploads\/2025\/05\/KABINAM_outer_glow.png","contentUrl":"https:\/\/kabinam.lt\/wp-content\/uploads\/2025\/05\/KABINAM_outer_glow.png","width":474,"height":141,"caption":"kabinam.lt"},"image":{"@id":"https:\/\/kabinam.lt\/#\/schema\/logo\/image\/"}}]}},"uagb_featured_image_src":{"full":["https:\/\/kabinam.lt\/wp-content\/uploads\/2025\/12\/b4f5012b-f727-4806-8e2e-cfdd546f76c2.jpg",1000,1000,false],"thumbnail":["https:\/\/kabinam.lt\/wp-content\/uploads\/2025\/12\/b4f5012b-f727-4806-8e2e-cfdd546f76c2-150x150.jpg",150,150,true],"medium":["https:\/\/kabinam.lt\/wp-content\/uploads\/2025\/12\/b4f5012b-f727-4806-8e2e-cfdd546f76c2-300x300.jpg",300,300,true],"medium_large":["https:\/\/kabinam.lt\/wp-content\/uploads\/2025\/12\/b4f5012b-f727-4806-8e2e-cfdd546f76c2-768x768.jpg",768,768,true],"large":["https:\/\/kabinam.lt\/wp-content\/uploads\/2025\/12\/b4f5012b-f727-4806-8e2e-cfdd546f76c2.jpg",1000,1000,false],"1536x1536":["https:\/\/kabinam.lt\/wp-content\/uploads\/2025\/12\/b4f5012b-f727-4806-8e2e-cfdd546f76c2.jpg",1000,1000,false],"2048x2048":["https:\/\/kabinam.lt\/wp-content\/uploads\/2025\/12\/b4f5012b-f727-4806-8e2e-cfdd546f76c2.jpg",1000,1000,false],"trp-custom-language-flag":["https:\/\/kabinam.lt\/wp-content\/uploads\/2025\/12\/b4f5012b-f727-4806-8e2e-cfdd546f76c2-12x12.jpg",12,12,true],"woocommerce_thumbnail":["https:\/\/kabinam.lt\/wp-content\/uploads\/2025\/12\/b4f5012b-f727-4806-8e2e-cfdd546f76c2-300x300.jpg",300,300,true],"woocommerce_single":["https:\/\/kabinam.lt\/wp-content\/uploads\/2025\/12\/b4f5012b-f727-4806-8e2e-cfdd546f76c2-600x600.jpg",600,600,true],"woocommerce_gallery_thumbnail":["https:\/\/kabinam.lt\/wp-content\/uploads\/2025\/12\/b4f5012b-f727-4806-8e2e-cfdd546f76c2-100x100.jpg",100,100,true]},"uagb_author_info":{"display_name":"kabinam.lt","author_link":"https:\/\/kabinam.lt\/lv\/author\/"},"uagb_comment_info":0,"uagb_excerpt":"Be galo edgy ir fun emalio *pin'as*. Juoda kat\u0117, nasruose laikanti peil\u012f \u2013 puikus aksesuaras juodo humoro, meme kult\u016bros ir edgy stiliaus gerb\u0117jams.","_links":{"self":[{"href":"https:\/\/kabinam.lt\/lv\/wp-json\/wp\/v2\/product\/4534","targetHints":{"allow":["GET"]}}],"collection":[{"href":"https:\/\/kabinam.lt\/lv\/wp-json\/wp\/v2\/product"}],"about":[{"href":"https:\/\/kabinam.lt\/lv\/wp-json\/wp\/v2\/types\/product"}],"replies":[{"embeddable":true,"href":"https:\/\/kabinam.lt\/lv\/wp-json\/wp\/v2\/comments?post=4534"}],"wp:featuredmedia":[{"embeddable":true,"href":"https:\/\/kabinam.lt\/lv\/wp-json\/wp\/v2\/media\/4537"}],"wp:attachment":[{"href":"https:\/\/kabinam.lt\/lv\/wp-json\/wp\/v2\/media?parent=4534"}],"wp:term":[{"taxonomy":"product_brand","embeddable":true,"href":"https:\/\/kabinam.lt\/lv\/wp-json\/wp\/v2\/product_brand?post=4534"},{"taxonomy":"product_cat","embeddable":true,"href":"https:\/\/kabinam.lt\/lv\/wp-json\/wp\/v2\/product_cat?post=4534"},{"taxonomy":"product_tag","embeddable":true,"href":"https:\/\/kabinam.lt\/lv\/wp-json\/wp\/v2\/product_tag?post=4534"}],"curies":[{"name":"wp","href":"https:\/\/api.w.org\/{rel}","templated":true}]}}