{"id":4505,"date":"2025-12-10T23:19:14","date_gmt":"2025-12-10T21:19:14","guid":{"rendered":"https:\/\/kabinam.lt\/product\/kaledine-panda\/"},"modified":"2026-01-19T02:53:29","modified_gmt":"2026-01-19T00:53:29","slug":"panda-eglites-kostims-joks-spradze","status":"publish","type":"product","link":"https:\/\/kabinam.lt\/lv\/product\/panda-eglutes-kostiumas-funny-pin\/","title":{"rendered":"Kost\u012bmu bro\u0161a | Panda ar Ziemassv\u0113tku egl\u012bti Kost\u012bmu bro\u0161a"},"content":{"rendered":"<div class=\"kk-star-ratings kksr-auto kksr-align-left kksr-valign-top\"\n    data-payload='{&quot;align&quot;:&quot;left&quot;,&quot;id&quot;:&quot;4505&quot;,&quot;slug&quot;:&quot;default&quot;,&quot;valign&quot;:&quot;top&quot;,&quot;ignore&quot;:&quot;&quot;,&quot;reference&quot;:&quot;auto&quot;,&quot;class&quot;:&quot;&quot;,&quot;count&quot;:&quot;0&quot;,&quot;legendonly&quot;:&quot;&quot;,&quot;readonly&quot;:&quot;&quot;,&quot;score&quot;:&quot;0&quot;,&quot;starsonly&quot;:&quot;&quot;,&quot;best&quot;:&quot;5&quot;,&quot;gap&quot;:&quot;5&quot;,&quot;greet&quot;:&quot;Mums svarbus j\u016bs\u0173 \u012fvertinimas&quot;,&quot;legend&quot;:&quot;0\\\/5 - (0 votes)&quot;,&quot;size&quot;:&quot;24&quot;,&quot;title&quot;:&quot;Kostiumin\u0117 Seg\u0117 | Panda Su Eglut\u0117s Kostiumu Bro\u0161ka&quot;,&quot;width&quot;:&quot;0&quot;,&quot;_legend&quot;:&quot;{score}\\\/{best} - ({count} {votes})&quot;,&quot;font_factor&quot;:&quot;1.25&quot;}'>\n            \n<div class=\"kksr-stars\">\n    \n<div class=\"kksr-stars-inactive\">\n            <div class=\"kksr-star\" data-star=\"1\" style=\"padding-right: 5px\">\n            \n\n<div class=\"kksr-icon\" style=\"width: 24px; height: 24px;\"><\/div>\n        <\/div>\n            <div class=\"kksr-star\" data-star=\"2\" style=\"padding-right: 5px\">\n            \n\n<div class=\"kksr-icon\" style=\"width: 24px; height: 24px;\"><\/div>\n        <\/div>\n            <div class=\"kksr-star\" data-star=\"3\" style=\"padding-right: 5px\">\n            \n\n<div class=\"kksr-icon\" style=\"width: 24px; height: 24px;\"><\/div>\n        <\/div>\n            <div class=\"kksr-star\" data-star=\"4\" style=\"padding-right: 5px\">\n            \n\n<div class=\"kksr-icon\" style=\"width: 24px; height: 24px;\"><\/div>\n        <\/div>\n            <div class=\"kksr-star\" data-star=\"5\" style=\"padding-right: 5px\">\n            \n\n<div class=\"kksr-icon\" style=\"width: 24px; height: 24px;\"><\/div>\n        <\/div>\n    <\/div>\n    \n<div class=\"kksr-stars-active\" style=\"width: 0px;\">\n            <div class=\"kksr-star\" style=\"padding-right: 5px\">\n            \n\n<div class=\"kksr-icon\" style=\"width: 24px; height: 24px;\"><\/div>\n        <\/div>\n            <div class=\"kksr-star\" style=\"padding-right: 5px\">\n            \n\n<div class=\"kksr-icon\" style=\"width: 24px; height: 24px;\"><\/div>\n        <\/div>\n            <div class=\"kksr-star\" style=\"padding-right: 5px\">\n            \n\n<div class=\"kksr-icon\" style=\"width: 24px; height: 24px;\"><\/div>\n        <\/div>\n            <div class=\"kksr-star\" style=\"padding-right: 5px\">\n            \n\n<div class=\"kksr-icon\" style=\"width: 24px; height: 24px;\"><\/div>\n        <\/div>\n            <div class=\"kksr-star\" style=\"padding-right: 5px\">\n            \n\n<div class=\"kksr-icon\" style=\"width: 24px; height: 24px;\"><\/div>\n        <\/div>\n    <\/div>\n<\/div>\n                \n\n<div class=\"kksr-legend\" style=\"font-size: 19.2px;\">\n            <span class=\"kksr-muted\">Mums ir svar\u012bgs j\u016bsu nov\u0113rt\u0113jums<\/span>\n    <\/div>\n    <\/div>\n<h1 data-path-to-node=\"13\">Kostiumin\u0117 Seg\u0117: Panda Eglut\u0117s Kostiume \u2013 <i>Smiekl\u012bgi<\/i> Kal\u0117d\u0173 Nuotaika<\/h1>\n<p data-path-to-node=\"14\">\u0160is <b>pandos eglut\u0117s kostiumo emalio seg\u0117<\/b> yra skirta tiems, kurie \u012f <b>Ziemassv\u0113tki<\/b> \u017ei\u016bri su gera nuotaika ir pla\u010dia \u0161ypsena! Tai tobulas <b>piederumi<\/b> tiem, kam pat\u012bk <i>smiekl\u012bgs<\/i> stili\u0173 ir nebijo pasijuokti. Miela panda \u010dia nusprend\u0117 pati tapti pagrindiniu \u0161vent\u0117s akcentu \u2013 eglute! \u017dalias kostiumas, spalvoti \u201eburbulai\u201d ir geltona \u017evaig\u017ed\u0117 ant galvos sukuria nepakartojamai <b>miel\u0105<\/b> un <b>linksm\u0105<\/b> vaizd\u0105. Tai ne tik <b>emaljas bro\u0161a<\/b> \u2013 tai geriausias b\u016bdas pasakyti, kad J\u016bs esate pasiruo\u0161\u0119 \u0161v\u0119sti. Jei ie\u0161kote <i>gudrs<\/i> un <i>smiekl\u012bgs<\/i> akcento, \u0161is <b>pandas piespraude<\/b> pieejams vietn\u0113 <i>must have<\/i>.<\/p>\n<h2 data-path-to-node=\"15\"><i>Smiekl\u012bgi<\/i> Dizainas Ir Originali Id\u0117ja<\/h2>\n<p data-path-to-node=\"16\">Skat\u012bt <b>emaljas piespraude<\/b> dizainas i\u0161siskiria originalumu. Panda ne \u0161iaip stovi prie eglut\u0117s, ji <i>pieejams vietn\u0113<\/i> eglut\u0117! Trikampio formos \u017ealias kostiumas puikiai imituoja med\u012f, o i\u0161 jo ky\u0161an\u010dios pandos rankos ir kojos prideda <i>k\u0101avs<\/i> \u017eavesio. Geltona <b>\u017evaig\u017ed\u0117<\/b> ant vir\u0161aus u\u017ebaigia \u0161\u012f \u0161ventin\u012f kostium\u0105. \u0160is <b>kostiumo segtukas<\/b> ide\u0101li piem\u0113rots kombin\u0113\u0161anai ar citiem <i>puse<\/i>, <i>smiekl\u012bgs<\/i> izmantojot <b>sv\u0113tku tematikas<\/b> <i>pin'ais<\/i>.<\/p>\n<ul data-path-to-node=\"17\">\n<li>\n<p data-path-to-node=\"17,0,0\"><b>Stils:<\/b> Ide\u0101li piem\u0113rots <i>est\u0113tisks<\/i>, <i>smiekl\u012bgs<\/i>, <i>gudrs<\/i> un <b>vakar\u0117li\u0173<\/b> stili.<\/p>\n<\/li>\n<li>\n<p data-path-to-node=\"17,1,0\"><b>Kvalit\u0101te:<\/b> m\u016bsu <b>emaljas saktas<\/b> ir izgatavoti no augst\u0101k\u0101s kvalit\u0101tes ciet\u0101s emaljas, kas nodro\u0161ina to, ka kr\u0101sas un deta\u013cas paliek spilgtas. Tas ir <b>augstas kvalit\u0101tes tapa<\/b>, kuris privers nusi\u0161ypsoti kiekvien\u0105. Jeigu norite daugiau su\u017einoti apie tai, kaip pri\u017ei\u016br\u0117ti savo <b>tematiskais<\/b> <i>tapas<\/i>, lai tie vienm\u0113r izskat\u012btos <i>svaigs<\/i>, inform\u0101cijai <a class=\"ng-star-inserted\" href=\"https:\/\/www.pinnpatch.lt\" target=\"_blank\" rel=\"noopener\" data-hveid=\"0\" data-ved=\"0CAAQ_4QMahgKEwjQ9NbIw8KRAxUAAAAAHQAAAAAQ3gk\">Avots :<\/a>.<\/p>\n<\/li>\n<\/ul>\n<h2 data-path-to-node=\"18\">Puiki Dovana Humoro M\u0117g\u0117jams<\/h2>\n<p data-path-to-node=\"19\"><b>Panda eglut\u0117s kostiumo segtukas<\/b> ir fantastisks <b>ideja par d\u0101vanu<\/b> draugams, kurie m\u0117gsta persireng\u0117li\u0173 vakar\u0117lius, <i>smiekl\u012bgs<\/i> stiliaus sek\u0117jams ar tiesiog \u017emogui, kuris vertina linksmus aksesuarus. Tai puikus priedas prie:<\/p>\n<ul data-path-to-node=\"20\">\n<li>\n<p data-path-to-node=\"20,0,0\"><b>Ziemassv\u0113tku d\u017eemperis:<\/b> Suteikia papildomo humoro.<\/p>\n<\/li>\n<li>\n<p data-path-to-node=\"20,1,0\"><b>Mugursomas:<\/b> Skirtas parodyti savo linksm\u0105 po\u017ei\u016br\u012f \u012f \u0161ventes.<\/p>\n<\/li>\n<\/ul>\n<p data-path-to-node=\"21\">Skatiet m\u016bsu pilnu <a class=\"ng-star-inserted\" href=\"https:\/\/kabinam.lt\/lv\/\" target=\"_blank\" rel=\"noopener\" data-hveid=\"0\" data-ved=\"0CAAQ_4QMahgKEwjQ9NbIw8KRAxUAAAAAHQAAAAAQ3wk\">linksm\u0173 ir <i>dz\u012bvnieki<\/i> emaljas piesprau\u017eu kolekcija<\/a>, kur var atrast vair\u0101k <i>jautri<\/i> un unik\u0101ls <b>tapas<\/b>, kas lieliski ieder\u0113sies pie \u0161\u012b t\u0113la.<\/p>\n<p data-path-to-node=\"22\"><b>B\u016bkite \u0161vent\u0117s \u017evaig\u017ede!<\/b> Rezerv\u0113jiet \u0161o <b>kostiumin\u0119 seg\u0119<\/b> \u0161iandien ir dalinkit\u0117s gera nuotaika.<\/p>","protected":false},"excerpt":{"rendered":"<p><b>Bezgal\u012bgi <i>smiekl\u012bgs<\/i> un <i>gudrs<\/i> emaljas *pin<\/b>*. <b>Panda<\/b>, apsirengusi <b>Kal\u0117din\u0117s eglut\u0117s kostiumu<\/b> ar <b>\u017evaig\u017ede<\/b> ant vir\u0161aus \u2013 tobulas <b>piederumi<\/b> <b>humors<\/b> jausm\u0105 turintiems <b>br\u012bvdienas<\/b> faniem.<\/p>","protected":false},"featured_media":4491,"comment_status":"open","ping_status":"closed","template":"","meta":{"_uag_custom_page_level_css":"","site-sidebar-layout":"default","site-content-layout":"","ast-site-content-layout":"default","site-content-style":"default","site-sidebar-style":"default","ast-global-header-display":"","ast-banner-title-visibility":"","ast-main-header-display":"","ast-hfb-above-header-display":"","ast-hfb-below-header-display":"","ast-hfb-mobile-header-display":"","site-post-title":"","ast-breadcrumbs-content":"","ast-featured-img":"","footer-sml-layout":"","ast-disable-related-posts":"","theme-transparent-header-meta":"default","adv-header-id-meta":"","stick-header-meta":"","header-above-stick-meta":"","header-main-stick-meta":"","header-below-stick-meta":"","astra-migrate-meta-layouts":"set","ast-page-background-enabled":"default","ast-page-background-meta":{"desktop":{"background-color":"var(--ast-global-color-4)","background-image":"","background-repeat":"repeat","background-position":"center center","background-size":"auto","background-attachment":"scroll","background-type":"","background-media":"","overlay-type":"","overlay-color":"","overlay-opacity":"","overlay-gradient":""},"tablet":{"background-color":"","background-image":"","background-repeat":"repeat","background-position":"center center","background-size":"auto","background-attachment":"scroll","background-type":"","background-media":"","overlay-type":"","overlay-color":"","overlay-opacity":"","overlay-gradient":""},"mobile":{"background-color":"","background-image":"","background-repeat":"repeat","background-position":"center center","background-size":"auto","background-attachment":"scroll","background-type":"","background-media":"","overlay-type":"","overlay-color":"","overlay-opacity":"","overlay-gradient":""}},"ast-content-background-meta":{"desktop":{"background-color":"var(--ast-global-color-5)","background-image":"","background-repeat":"repeat","background-position":"center center","background-size":"auto","background-attachment":"scroll","background-type":"","background-media":"","overlay-type":"","overlay-color":"","overlay-opacity":"","overlay-gradient":""},"tablet":{"background-color":"var(--ast-global-color-5)","background-image":"","background-repeat":"repeat","background-position":"center center","background-size":"auto","background-attachment":"scroll","background-type":"","background-media":"","overlay-type":"","overlay-color":"","overlay-opacity":"","overlay-gradient":""},"mobile":{"background-color":"var(--ast-global-color-5)","background-image":"","background-repeat":"repeat","background-position":"center center","background-size":"auto","background-attachment":"scroll","background-type":"","background-media":"","overlay-type":"","overlay-color":"","overlay-opacity":"","overlay-gradient":""}}},"product_brand":[],"product_cat":[127,126,119],"product_tag":[],"class_list":{"0":"post-4505","1":"product","2":"type-product","3":"status-publish","4":"has-post-thumbnail","6":"product_cat-kaledos","7":"product_cat-visi","8":"product_cat-smeigtukai-pins","9":"desktop-align-center","10":"tablet-align-left","11":"mobile-align-left","13":"first","14":"instock","15":"shipping-taxable","16":"purchasable","17":"product-type-simple"},"yoast_head":"<!-- This site is optimized with the Yoast SEO plugin v27.1.1 - https:\/\/yoast.com\/product\/yoast-seo-wordpress\/ -->\n<title>Kostiumin\u0117 Seg\u0117 | Panda Su Eglut\u0117s Kostiumu Bro\u0161ka - kabinam.lt<\/title>\n<meta name=\"description\" content=\"Pasipuo\u0161kite linksmai! \u0160is panda eglut\u0117s kostiumo segtukas yra must-have aksesuaras visiems, kurie m\u0117gsta funny Kal\u0117d\u0173 stili\u0173 ir mielus gyv\u016bnus.\" \/>\n<meta name=\"robots\" content=\"index, follow, max-snippet:-1, max-image-preview:large, max-video-preview:-1\" \/>\n<link rel=\"canonical\" href=\"https:\/\/kabinam.lt\/lv\/produkts\/panda-eglites-kostims-joks-spradze\/\" \/>\n<meta property=\"og:locale\" content=\"lv_LV\" \/>\n<meta property=\"og:type\" content=\"article\" \/>\n<meta property=\"og:title\" content=\"Kostiumin\u0117 Seg\u0117 | Panda Su Eglut\u0117s Kostiumu Bro\u0161ka - kabinam.lt\" \/>\n<meta property=\"og:description\" content=\"Pasipuo\u0161kite linksmai! \u0160is panda eglut\u0117s kostiumo segtukas yra must-have aksesuaras visiems, kurie m\u0117gsta funny Kal\u0117d\u0173 stili\u0173 ir mielus gyv\u016bnus.\" \/>\n<meta property=\"og:url\" content=\"https:\/\/kabinam.lt\/lv\/produkts\/panda-eglites-kostims-joks-spradze\/\" \/>\n<meta property=\"og:site_name\" content=\"kabinam.lt\" \/>\n<meta property=\"article:modified_time\" content=\"2026-01-19T00:53:29+00:00\" \/>\n<meta property=\"og:image\" content=\"https:\/\/kabinam.lt\/wp-content\/uploads\/2025\/12\/IMG_20251210_224404.jpg\" \/>\n\t<meta property=\"og:image:width\" content=\"800\" \/>\n\t<meta property=\"og:image:height\" content=\"800\" \/>\n\t<meta property=\"og:image:type\" content=\"image\/jpeg\" \/>\n<meta name=\"twitter:card\" content=\"summary_large_image\" \/>\n<meta name=\"twitter:label1\" content=\"Est. reading time\" \/>\n\t<meta name=\"twitter:data1\" content=\"2 min\u016btes\" \/>\n<script type=\"application\/ld+json\" class=\"yoast-schema-graph\">{\"@context\":\"https:\/\/schema.org\",\"@graph\":[{\"@type\":[\"WebPage\",\"ItemPage\"],\"@id\":\"https:\/\/kabinam.lt\/eng\/product\/panda-christmas-tree-costume-funny-pin\/\",\"url\":\"https:\/\/kabinam.lt\/eng\/product\/panda-christmas-tree-costume-funny-pin\/\",\"name\":\"Kostiumin\u0117 Seg\u0117 | Panda Su Eglut\u0117s Kostiumu Bro\u0161ka - kabinam.lt\",\"isPartOf\":{\"@id\":\"https:\/\/kabinam.lt\/#website\"},\"primaryImageOfPage\":{\"@id\":\"https:\/\/kabinam.lt\/eng\/product\/panda-christmas-tree-costume-funny-pin\/#primaryimage\"},\"image\":{\"@id\":\"https:\/\/kabinam.lt\/eng\/product\/panda-christmas-tree-costume-funny-pin\/#primaryimage\"},\"thumbnailUrl\":\"https:\/\/kabinam.lt\/wp-content\/uploads\/2025\/12\/IMG_20251210_224404.jpg\",\"datePublished\":\"2025-12-10T21:19:14+00:00\",\"dateModified\":\"2026-01-19T00:53:29+00:00\",\"description\":\"Pasipuo\u0161kite linksmai! \u0160is panda eglut\u0117s kostiumo segtukas yra must-have aksesuaras visiems, kurie m\u0117gsta funny Kal\u0117d\u0173 stili\u0173 ir mielus gyv\u016bnus.\",\"breadcrumb\":{\"@id\":\"https:\/\/kabinam.lt\/eng\/product\/panda-christmas-tree-costume-funny-pin\/#breadcrumb\"},\"inLanguage\":\"lv-LV\",\"potentialAction\":[{\"@type\":\"ReadAction\",\"target\":[\"https:\/\/kabinam.lt\/eng\/product\/panda-christmas-tree-costume-funny-pin\/\"]}]},{\"@type\":\"ImageObject\",\"inLanguage\":\"lv-LV\",\"@id\":\"https:\/\/kabinam.lt\/eng\/product\/panda-christmas-tree-costume-funny-pin\/#primaryimage\",\"url\":\"https:\/\/kabinam.lt\/wp-content\/uploads\/2025\/12\/IMG_20251210_224404.jpg\",\"contentUrl\":\"https:\/\/kabinam.lt\/wp-content\/uploads\/2025\/12\/IMG_20251210_224404.jpg\",\"width\":800,\"height\":800,\"caption\":\"Panda Apsirengusi Eglute Segtukas\"},{\"@type\":\"BreadcrumbList\",\"@id\":\"https:\/\/kabinam.lt\/eng\/product\/panda-christmas-tree-costume-funny-pin\/#breadcrumb\",\"itemListElement\":[{\"@type\":\"ListItem\",\"position\":1,\"name\":\"Home\",\"item\":\"https:\/\/kabinam.lt\/\"},{\"@type\":\"ListItem\",\"position\":2,\"name\":\"Visi Produktai\",\"item\":\"https:\/\/kabinam.lt\/visi-produktai\/\"},{\"@type\":\"ListItem\",\"position\":3,\"name\":\"Kostiumin\u0117 Seg\u0117 | Panda Su Eglut\u0117s Kostiumu Bro\u0161ka\"}]},{\"@type\":\"WebSite\",\"@id\":\"https:\/\/kabinam.lt\/#website\",\"url\":\"https:\/\/kabinam.lt\/\",\"name\":\"kabinam.lt\",\"description\":\"Kabinam.lt \u2013 raktu pakabukai ir aksesuarai\",\"publisher\":{\"@id\":\"https:\/\/kabinam.lt\/#organization\"},\"alternateName\":\"pakabukai lt\",\"potentialAction\":[{\"@type\":\"SearchAction\",\"target\":{\"@type\":\"EntryPoint\",\"urlTemplate\":\"https:\/\/kabinam.lt\/?s={search_term_string}\"},\"query-input\":{\"@type\":\"PropertyValueSpecification\",\"valueRequired\":true,\"valueName\":\"search_term_string\"}}],\"inLanguage\":\"lv-LV\"},{\"@type\":\"Organization\",\"@id\":\"https:\/\/kabinam.lt\/#organization\",\"name\":\"kabinam.lt\",\"alternateName\":\"kabinam\",\"url\":\"https:\/\/kabinam.lt\/\",\"logo\":{\"@type\":\"ImageObject\",\"inLanguage\":\"lv-LV\",\"@id\":\"https:\/\/kabinam.lt\/#\/schema\/logo\/image\/\",\"url\":\"https:\/\/kabinam.lt\/wp-content\/uploads\/2025\/05\/KABINAM_outer_glow.png\",\"contentUrl\":\"https:\/\/kabinam.lt\/wp-content\/uploads\/2025\/05\/KABINAM_outer_glow.png\",\"width\":474,\"height\":141,\"caption\":\"kabinam.lt\"},\"image\":{\"@id\":\"https:\/\/kabinam.lt\/#\/schema\/logo\/image\/\"}}]}<\/script>\n<!-- \/ Yoast SEO plugin. -->","yoast_head_json":{"title":"Kost\u012bma Seg\u0113 | Panda Ar Egl\u012btes Kost\u012bma Bro\u0161a - kabinam.lt","description":"Dekor\u0113jiet jautrii! \u0160is panda Ziemassv\u0113tku kost\u012bma spr\u0101dz\u012btis ir must-have aksesu\u0101rs visiem, kam pat\u012bk funny Ziemassv\u0113tku stilu un m\u012blus dz\u012bvnieki.","robots":{"index":"index","follow":"follow","max-snippet":"max-snippet:-1","max-image-preview":"max-image-preview:large","max-video-preview":"max-video-preview:-1"},"canonical":"https:\/\/kabinam.lt\/lv\/produkts\/panda-eglites-kostims-joks-spradze\/","og_locale":"lv_LV","og_type":"article","og_title":"Kostiumin\u0117 Seg\u0117 | Panda Su Eglut\u0117s Kostiumu Bro\u0161ka - kabinam.lt","og_description":"Pasipuo\u0161kite linksmai! \u0160is panda eglut\u0117s kostiumo segtukas yra must-have aksesuaras visiems, kurie m\u0117gsta funny Kal\u0117d\u0173 stili\u0173 ir mielus gyv\u016bnus.","og_url":"https:\/\/kabinam.lt\/lv\/produkts\/panda-eglites-kostims-joks-spradze\/","og_site_name":"kabinam.lt","article_modified_time":"2026-01-19T00:53:29+00:00","og_image":[{"width":800,"height":800,"url":"https:\/\/kabinam.lt\/wp-content\/uploads\/2025\/12\/IMG_20251210_224404.jpg","type":"image\/jpeg"}],"twitter_card":"summary_large_image","twitter_misc":{"Est. reading time":"2 min\u016btes"},"schema":{"@context":"https:\/\/schema.org","@graph":[{"@type":["WebPage","ItemPage"],"@id":"https:\/\/kabinam.lt\/eng\/product\/panda-christmas-tree-costume-funny-pin\/","url":"https:\/\/kabinam.lt\/eng\/product\/panda-christmas-tree-costume-funny-pin\/","name":"Kost\u012bma Seg\u0113 | Panda Ar Egl\u012btes Kost\u012bma Bro\u0161a - kabinam.lt","isPartOf":{"@id":"https:\/\/kabinam.lt\/#website"},"primaryImageOfPage":{"@id":"https:\/\/kabinam.lt\/eng\/product\/panda-christmas-tree-costume-funny-pin\/#primaryimage"},"image":{"@id":"https:\/\/kabinam.lt\/eng\/product\/panda-christmas-tree-costume-funny-pin\/#primaryimage"},"thumbnailUrl":"https:\/\/kabinam.lt\/wp-content\/uploads\/2025\/12\/IMG_20251210_224404.jpg","datePublished":"2025-12-10T21:19:14+00:00","dateModified":"2026-01-19T00:53:29+00:00","description":"Dekor\u0113jiet jautrii! \u0160is panda Ziemassv\u0113tku kost\u012bma spr\u0101dz\u012btis ir must-have aksesu\u0101rs visiem, kam pat\u012bk funny Ziemassv\u0113tku stilu un m\u012blus dz\u012bvnieki.","breadcrumb":{"@id":"https:\/\/kabinam.lt\/eng\/product\/panda-christmas-tree-costume-funny-pin\/#breadcrumb"},"inLanguage":"lv-LV","potentialAction":[{"@type":"ReadAction","target":["https:\/\/kabinam.lt\/eng\/product\/panda-christmas-tree-costume-funny-pin\/"]}]},{"@type":"ImageObject","inLanguage":"lv-LV","@id":"https:\/\/kabinam.lt\/eng\/product\/panda-christmas-tree-costume-funny-pin\/#primaryimage","url":"https:\/\/kabinam.lt\/wp-content\/uploads\/2025\/12\/IMG_20251210_224404.jpg","contentUrl":"https:\/\/kabinam.lt\/wp-content\/uploads\/2025\/12\/IMG_20251210_224404.jpg","width":800,"height":800,"caption":"Panda Apsirengusi Eglute Segtukas"},{"@type":"BreadcrumbList","@id":"https:\/\/kabinam.lt\/eng\/product\/panda-christmas-tree-costume-funny-pin\/#breadcrumb","itemListElement":[{"@type":"ListItem","position":1,"name":"Home","item":"https:\/\/kabinam.lt\/"},{"@type":"ListItem","position":2,"name":"Visi Produktai","item":"https:\/\/kabinam.lt\/visi-produktai\/"},{"@type":"ListItem","position":3,"name":"Kostiumin\u0117 Seg\u0117 | Panda Su Eglut\u0117s Kostiumu Bro\u0161ka"}]},{"@type":"WebSite","@id":"https:\/\/kabinam.lt\/#website","url":"https:\/\/kabinam.lt\/","name":"kabinam.lt","description":"Kabinam.lt - atsl\u0113gu piekari\u0146i un aksesu\u0101ri","publisher":{"@id":"https:\/\/kabinam.lt\/#organization"},"alternateName":"pakabukai lt","potentialAction":[{"@type":"SearchAction","target":{"@type":"EntryPoint","urlTemplate":"https:\/\/kabinam.lt\/?s={search_term_string}"},"query-input":{"@type":"PropertyValueSpecification","valueRequired":true,"valueName":"search_term_string"}}],"inLanguage":"lv-LV"},{"@type":"Organization","@id":"https:\/\/kabinam.lt\/#organization","name":"kabinam.lt","alternateName":"kabinam","url":"https:\/\/kabinam.lt\/","logo":{"@type":"ImageObject","inLanguage":"lv-LV","@id":"https:\/\/kabinam.lt\/#\/schema\/logo\/image\/","url":"https:\/\/kabinam.lt\/wp-content\/uploads\/2025\/05\/KABINAM_outer_glow.png","contentUrl":"https:\/\/kabinam.lt\/wp-content\/uploads\/2025\/05\/KABINAM_outer_glow.png","width":474,"height":141,"caption":"kabinam.lt"},"image":{"@id":"https:\/\/kabinam.lt\/#\/schema\/logo\/image\/"}}]}},"uagb_featured_image_src":{"full":["https:\/\/kabinam.lt\/wp-content\/uploads\/2025\/12\/IMG_20251210_224404.jpg",800,800,false],"thumbnail":["https:\/\/kabinam.lt\/wp-content\/uploads\/2025\/12\/IMG_20251210_224404-150x150.jpg",150,150,true],"medium":["https:\/\/kabinam.lt\/wp-content\/uploads\/2025\/12\/IMG_20251210_224404-300x300.jpg",300,300,true],"medium_large":["https:\/\/kabinam.lt\/wp-content\/uploads\/2025\/12\/IMG_20251210_224404-768x768.jpg",768,768,true],"large":["https:\/\/kabinam.lt\/wp-content\/uploads\/2025\/12\/IMG_20251210_224404.jpg",800,800,false],"1536x1536":["https:\/\/kabinam.lt\/wp-content\/uploads\/2025\/12\/IMG_20251210_224404.jpg",800,800,false],"2048x2048":["https:\/\/kabinam.lt\/wp-content\/uploads\/2025\/12\/IMG_20251210_224404.jpg",800,800,false],"trp-custom-language-flag":["https:\/\/kabinam.lt\/wp-content\/uploads\/2025\/12\/IMG_20251210_224404-12x12.jpg",12,12,true],"woocommerce_thumbnail":["https:\/\/kabinam.lt\/wp-content\/uploads\/2025\/12\/IMG_20251210_224404-300x300.jpg",300,300,true],"woocommerce_single":["https:\/\/kabinam.lt\/wp-content\/uploads\/2025\/12\/IMG_20251210_224404-600x600.jpg",600,600,true],"woocommerce_gallery_thumbnail":["https:\/\/kabinam.lt\/wp-content\/uploads\/2025\/12\/IMG_20251210_224404-100x100.jpg",100,100,true]},"uagb_author_info":{"display_name":"kabinam.lt","author_link":"https:\/\/kabinam.lt\/lv\/author\/"},"uagb_comment_info":0,"uagb_excerpt":"Be galo funny ir cute emalio *pin'as*. Panda, apsirengusi Kal\u0117din\u0117s eglut\u0117s kostiumu su \u017evaig\u017ede ant vir\u0161aus \u2013 tobulas aksesuaras humoro jausm\u0105 turintiems \u0161ven\u010di\u0173 fanams.","_links":{"self":[{"href":"https:\/\/kabinam.lt\/lv\/wp-json\/wp\/v2\/product\/4505","targetHints":{"allow":["GET"]}}],"collection":[{"href":"https:\/\/kabinam.lt\/lv\/wp-json\/wp\/v2\/product"}],"about":[{"href":"https:\/\/kabinam.lt\/lv\/wp-json\/wp\/v2\/types\/product"}],"replies":[{"embeddable":true,"href":"https:\/\/kabinam.lt\/lv\/wp-json\/wp\/v2\/comments?post=4505"}],"wp:featuredmedia":[{"embeddable":true,"href":"https:\/\/kabinam.lt\/lv\/wp-json\/wp\/v2\/media\/4491"}],"wp:attachment":[{"href":"https:\/\/kabinam.lt\/lv\/wp-json\/wp\/v2\/media?parent=4505"}],"wp:term":[{"taxonomy":"product_brand","embeddable":true,"href":"https:\/\/kabinam.lt\/lv\/wp-json\/wp\/v2\/product_brand?post=4505"},{"taxonomy":"product_cat","embeddable":true,"href":"https:\/\/kabinam.lt\/lv\/wp-json\/wp\/v2\/product_cat?post=4505"},{"taxonomy":"product_tag","embeddable":true,"href":"https:\/\/kabinam.lt\/lv\/wp-json\/wp\/v2\/product_tag?post=4505"}],"curies":[{"name":"wp","href":"https:\/\/api.w.org\/{rel}","templated":true}]}}