{"id":4251,"date":"2025-10-01T15:47:29","date_gmt":"2025-10-01T13:47:29","guid":{"rendered":"https:\/\/kabinam.lt\/?post_type=product&#038;p=4251"},"modified":"2026-01-19T01:38:11","modified_gmt":"2026-01-18T23:38:11","slug":"benksija-meitene-ar-balonu-street-art-piespraude","status":"publish","type":"product","link":"https:\/\/kabinam.lt\/lv\/product\/banksy-mergaite-su-balionu-segtukas-street-art-pin\/","title":{"rendered":"M\u0101kslas sega | Banksy \u201eMeitene ar balonu\u201c - d\u0101vanu idejas"},"content":{"rendered":"<div class=\"kk-star-ratings kksr-auto kksr-align-left kksr-valign-top\"\n    data-payload='{&quot;align&quot;:&quot;left&quot;,&quot;id&quot;:&quot;4251&quot;,&quot;slug&quot;:&quot;default&quot;,&quot;valign&quot;:&quot;top&quot;,&quot;ignore&quot;:&quot;&quot;,&quot;reference&quot;:&quot;auto&quot;,&quot;class&quot;:&quot;&quot;,&quot;count&quot;:&quot;0&quot;,&quot;legendonly&quot;:&quot;&quot;,&quot;readonly&quot;:&quot;&quot;,&quot;score&quot;:&quot;0&quot;,&quot;starsonly&quot;:&quot;&quot;,&quot;best&quot;:&quot;5&quot;,&quot;gap&quot;:&quot;5&quot;,&quot;greet&quot;:&quot;Mums svarbus j\u016bs\u0173 \u012fvertinimas&quot;,&quot;legend&quot;:&quot;0\\\/5 - (0 votes)&quot;,&quot;size&quot;:&quot;24&quot;,&quot;title&quot;:&quot;Meno Seg\u0117 | Banksy \u201eMergait\u0117 su balionu\u201c \u2013 idejos dovanoms&quot;,&quot;width&quot;:&quot;0&quot;,&quot;_legend&quot;:&quot;{score}\\\/{best} - ({count} {votes})&quot;,&quot;font_factor&quot;:&quot;1.25&quot;}'>\n            \n<div class=\"kksr-stars\">\n    \n<div class=\"kksr-stars-inactive\">\n            <div class=\"kksr-star\" data-star=\"1\" style=\"padding-right: 5px\">\n            \n\n<div class=\"kksr-icon\" style=\"width: 24px; height: 24px;\"><\/div>\n        <\/div>\n            <div class=\"kksr-star\" data-star=\"2\" style=\"padding-right: 5px\">\n            \n\n<div class=\"kksr-icon\" style=\"width: 24px; height: 24px;\"><\/div>\n        <\/div>\n            <div class=\"kksr-star\" data-star=\"3\" style=\"padding-right: 5px\">\n            \n\n<div class=\"kksr-icon\" style=\"width: 24px; height: 24px;\"><\/div>\n        <\/div>\n            <div class=\"kksr-star\" data-star=\"4\" style=\"padding-right: 5px\">\n            \n\n<div class=\"kksr-icon\" style=\"width: 24px; height: 24px;\"><\/div>\n        <\/div>\n            <div class=\"kksr-star\" data-star=\"5\" style=\"padding-right: 5px\">\n            \n\n<div class=\"kksr-icon\" style=\"width: 24px; height: 24px;\"><\/div>\n        <\/div>\n    <\/div>\n    \n<div class=\"kksr-stars-active\" style=\"width: 0px;\">\n            <div class=\"kksr-star\" style=\"padding-right: 5px\">\n            \n\n<div class=\"kksr-icon\" style=\"width: 24px; height: 24px;\"><\/div>\n        <\/div>\n            <div class=\"kksr-star\" style=\"padding-right: 5px\">\n            \n\n<div class=\"kksr-icon\" style=\"width: 24px; height: 24px;\"><\/div>\n        <\/div>\n            <div class=\"kksr-star\" style=\"padding-right: 5px\">\n            \n\n<div class=\"kksr-icon\" style=\"width: 24px; height: 24px;\"><\/div>\n        <\/div>\n            <div class=\"kksr-star\" style=\"padding-right: 5px\">\n            \n\n<div class=\"kksr-icon\" style=\"width: 24px; height: 24px;\"><\/div>\n        <\/div>\n            <div class=\"kksr-star\" style=\"padding-right: 5px\">\n            \n\n<div class=\"kksr-icon\" style=\"width: 24px; height: 24px;\"><\/div>\n        <\/div>\n    <\/div>\n<\/div>\n                \n\n<div class=\"kksr-legend\" style=\"font-size: 19.2px;\">\n            <span class=\"kksr-muted\">Mums ir svar\u012bgs j\u016bsu nov\u0113rt\u0113jums<\/span>\n    <\/div>\n    <\/div>\n<h1 data-path-to-node=\"13\">Ielu m\u0101kslas klasika: Banksija \u201eMeitene ar balonu\u201c - Tava stila manifests<\/h1>\n<p data-path-to-node=\"14\">\u0160is <b data-path-to-node=\"14\" data-index-in-node=\"3\">Banksy emaljas piespraude<\/b> - tas ir kas vair\u0101k nek\u0101 rotaslietas, t\u0101 ir maza m\u0101kslas galerija j\u016bsu \u017eaketes atlok\u0101! Tas ir ide\u0101ls <b data-path-to-node=\"14\" data-index-in-node=\"111\">piederumi<\/b> ielu m\u0101kslas entuziastiem, kolekcion\u0101riem un ikvienam, kas nov\u0113rt\u0113 dzi\u013cu simbolismu un laikmet\u012bgo kult\u016bru. Meitenes mot\u012bvs, kas palai\u017e (vai sasniedz sarkanu balonu), ir atz\u012bts vis\u0101 pasaul\u0113 k\u0101 cer\u012bbas un nepast\u0101v\u012bbas simbols. Tas ir ne tikai <b data-path-to-node=\"14\" data-index-in-node=\"379\">emaljas bro\u0161a<\/b> - ir j\u016bsu attieksme pret m\u0101kslu un br\u012bv\u012bbu.<\/p>\n<h2 data-path-to-node=\"15\">Minim\u0101lisma est\u0113tika un kvalitat\u012bva apstr\u0101de<\/h2>\n<p data-path-to-node=\"16\">Skat\u012bt <b data-path-to-node=\"16\" data-index-in-node=\"4\">emaljas piespraude<\/b> Dizain\u0101 saglab\u0101ts Banksija stilam rakstur\u012bgais trafaretiskais minim\u0101lisms. Meln\u0101 un balt\u0101 kontrasts \u013cauj sarkanajam sirds balonam k\u013c\u016bt par kompoz\u012bcijas centr\u0101lo punktu. \u0160is <b data-path-to-node=\"16\" data-index-in-node=\"213\">Banksy piespraude<\/b> ir prec\u012bzas l\u012bnijas un sp\u012bd\u012bga apdare, kas uz sudraba met\u0101la fona izskat\u0101s \u012bpa\u0161i moderni.<\/p>\n<ul data-path-to-node=\"17\">\n<li>\n<p data-path-to-node=\"17,0,0\"><b data-path-to-node=\"17,0,0\" data-index-in-node=\"0\">Stils:<\/b> Ide\u0101li piem\u0113rots <i data-path-to-node=\"17,0,0\" data-index-in-node=\"23\">ielas ap\u0123\u0113rbu est\u0113tika<\/i>, <i data-path-to-node=\"17,0,0\" data-index-in-node=\"45\">pils\u0113tas mode<\/i>, <i data-path-to-node=\"17,0,0\" data-index-in-node=\"60\">minim\u0101lisma m\u0101kslas stils<\/i> un <b data-path-to-node=\"17,0,0\" data-index-in-node=\"84\">Intelektu\u0101li<\/b> ikdienas valk\u0101\u0161anai.<\/p>\n<\/li>\n<li>\n<p data-path-to-node=\"17,1,0\"><b data-path-to-node=\"17,1,0\" data-index-in-node=\"0\">Kvalit\u0101te:<\/b> m\u016bsu <b data-path-to-node=\"17,1,0\" data-index-in-node=\"13\">emaljas saktas<\/b> ir izgatavoti, izmantojot iztur\u012bgu cieto emalju, kas nodro\u0161ina virsmas iztur\u012bbu pret skr\u0101p\u0113jumiem un kr\u0101su notur\u012bbu. Sudraba kr\u0101sas met\u0101la pamatne garant\u0113, ka \u0161\u012b <b data-path-to-node=\"17,1,0\" data-index-in-node=\"197\">augstas kvalit\u0101tes tapa<\/b> b\u016bs stil\u012bgs v\u0113l daudzus gadus. Lai ieg\u016btu vair\u0101k m\u0101kslas iedvesmotu piesprau\u017eu <a class=\"ng-star-inserted\" href=\"https:\/\/www.pinnpatch.lt\" target=\"_blank\" rel=\"noopener\" data-hveid=\"0\" data-ved=\"0CAAQ_4QMahgKEwi5pqKb08yRAxUAAAAAHQAAAAAQ3ho\">pinnpatch.lt<\/a>.<\/p>\n<\/li>\n<\/ul>\n<h2 data-path-to-node=\"18\">D\u0101vana ar v\u0113st\u012bjumu<\/h2>\n<p data-path-to-node=\"19\"><b data-path-to-node=\"19\" data-index-in-node=\"0\">Banksy emaljas piespraude<\/b> ir j\u0113ga <b data-path-to-node=\"19\" data-index-in-node=\"37\">ideja par d\u0101vanu<\/b> rado\u0161am cilv\u0113kam, studentam vai draugam, kuru interes\u0113 laikmet\u012bg\u0101 m\u0101ksla. Tas ir aksesu\u0101rs, kas vienm\u0113r rosina diskusijas. \u0160\u012b rotaslieta ir ide\u0101ls aksesu\u0101rs:<\/p>\n<ul data-path-to-node=\"20\">\n<li>\n<p data-path-to-node=\"20,0,0\"><b data-path-to-node=\"20,0,0\" data-index-in-node=\"0\">Klasisks m\u0113telis vai jaka:<\/b> Pie\u0161\u0137ir form\u0101lam izskatam m\u016bsdien\u012bgu dumpinieciskumu.<\/p>\n<\/li>\n<li>\n<p data-path-to-node=\"20,1,0\"><b data-path-to-node=\"20,1,0\" data-index-in-node=\"0\">Kameras futr\u0101lis vai soma:<\/b> Uzsver \u012bpa\u0161nieka rado\u0161o raksturu.<\/p>\n<\/li>\n<\/ul>\n<p data-path-to-node=\"21\">Skatiet m\u016bsu pilnu <a class=\"ng-star-inserted\" href=\"https:\/\/kabinam.lt\/lv\/produkta-kategorija-2\/piespraudes-pins\/\" target=\"_blank\" rel=\"noopener\" data-hveid=\"0\" data-ved=\"0CAAQ_4QMahgKEwi5pqKb08yRAxUAAAAAHQAAAAAQ3xo\">m\u0101kslas un kult\u016bras emaljas piesprau\u017eu kolekcija<\/a> un pievienojiet to savai person\u012bgajai galerijai.<\/p>\n<p data-path-to-node=\"22\"><b data-path-to-node=\"22\" data-index-in-node=\"0\">Nepalaidiet balonu va\u013c\u0101!<\/b> Rezerv\u0113jiet \u0161o <b data-path-to-node=\"22\" data-index-in-node=\"43\">Banksy staple<\/b> tagad.<\/p>","protected":false},"excerpt":{"rendered":"<p><b data-path-to-node=\"4,3,1,0\" data-index-in-node=\"0\">Ekskluz\u012bvs<\/b> un <b data-path-to-node=\"4,3,1,0\" data-index-in-node=\"14\">simbolisks<\/b> emalio pin. Banksy ikoniskais ielu m\u0101kslas mot\u012bvs - meitene, kas sniedzas p\u0113c sarkana sirds balona - stil\u0101 <b data-path-to-node=\"4,3,1,0\" data-index-in-node=\"141\">piederumi<\/b> m\u0101kslas cien\u012bt\u0101jiem.<\/p>","protected":false},"featured_media":4262,"comment_status":"open","ping_status":"closed","template":"","meta":{"_uag_custom_page_level_css":"","site-sidebar-layout":"default","site-content-layout":"","ast-site-content-layout":"default","site-content-style":"default","site-sidebar-style":"default","ast-global-header-display":"","ast-banner-title-visibility":"","ast-main-header-display":"","ast-hfb-above-header-display":"","ast-hfb-below-header-display":"","ast-hfb-mobile-header-display":"","site-post-title":"","ast-breadcrumbs-content":"","ast-featured-img":"","footer-sml-layout":"","ast-disable-related-posts":"","theme-transparent-header-meta":"default","adv-header-id-meta":"","stick-header-meta":"","header-above-stick-meta":"","header-main-stick-meta":"","header-below-stick-meta":"","astra-migrate-meta-layouts":"set","ast-page-background-enabled":"default","ast-page-background-meta":{"desktop":{"background-color":"var(--ast-global-color-4)","background-image":"","background-repeat":"repeat","background-position":"center center","background-size":"auto","background-attachment":"scroll","background-type":"","background-media":"","overlay-type":"","overlay-color":"","overlay-opacity":"","overlay-gradient":""},"tablet":{"background-color":"","background-image":"","background-repeat":"repeat","background-position":"center center","background-size":"auto","background-attachment":"scroll","background-type":"","background-media":"","overlay-type":"","overlay-color":"","overlay-opacity":"","overlay-gradient":""},"mobile":{"background-color":"","background-image":"","background-repeat":"repeat","background-position":"center center","background-size":"auto","background-attachment":"scroll","background-type":"","background-media":"","overlay-type":"","overlay-color":"","overlay-opacity":"","overlay-gradient":""}},"ast-content-background-meta":{"desktop":{"background-color":"var(--ast-global-color-5)","background-image":"","background-repeat":"repeat","background-position":"center center","background-size":"auto","background-attachment":"scroll","background-type":"","background-media":"","overlay-type":"","overlay-color":"","overlay-opacity":"","overlay-gradient":""},"tablet":{"background-color":"var(--ast-global-color-5)","background-image":"","background-repeat":"repeat","background-position":"center center","background-size":"auto","background-attachment":"scroll","background-type":"","background-media":"","overlay-type":"","overlay-color":"","overlay-opacity":"","overlay-gradient":""},"mobile":{"background-color":"var(--ast-global-color-5)","background-image":"","background-repeat":"repeat","background-position":"center center","background-size":"auto","background-attachment":"scroll","background-type":"","background-media":"","overlay-type":"","overlay-color":"","overlay-opacity":"","overlay-gradient":""}}},"product_brand":[],"product_cat":[92,119,126],"product_tag":[],"class_list":{"0":"post-4251","1":"product","2":"type-product","3":"status-publish","4":"has-post-thumbnail","6":"product_cat-populiariausiu-produktu-kategorija","7":"product_cat-smeigtukai-pins","8":"product_cat-visi","9":"desktop-align-center","10":"tablet-align-left","11":"mobile-align-left","13":"first","14":"instock","15":"purchasable","16":"product-type-simple"},"yoast_head":"<!-- This site is optimized with the Yoast SEO plugin v27.4 - https:\/\/yoast.com\/product\/yoast-seo-wordpress\/ -->\n<title>Meno Seg\u0117 | Banksy \u201eMergait\u0117 su balionu\u201c \u2013 idejos dovanoms - kabinam.lt<\/title>\n<meta name=\"description\" content=\"Ne\u0161iokit\u0117s gatv\u0117s men\u0105 su savimi! \u0160is Banksy emalio segtukas vaizduojantis \u201eMergait\u0119 su balionu\u201c yra kokybi\u0161kas, ikoni\u0161kas ir gili\u0105 prasm\u0119 turintis aksesuaras.\" \/>\n<meta name=\"robots\" content=\"index, follow, max-snippet:-1, max-image-preview:large, max-video-preview:-1\" \/>\n<link rel=\"canonical\" href=\"https:\/\/kabinam.lt\/lv\/produkts\/benksija-meitene-ar-balonu-street-art-piespraude\/\" \/>\n<meta property=\"og:locale\" content=\"lv_LV\" \/>\n<meta property=\"og:type\" content=\"article\" \/>\n<meta property=\"og:title\" content=\"Meno Seg\u0117 | Banksy \u201eMergait\u0117 su balionu\u201c \u2013 idejos dovanoms - kabinam.lt\" \/>\n<meta property=\"og:description\" content=\"Ne\u0161iokit\u0117s gatv\u0117s men\u0105 su savimi! \u0160is Banksy emalio segtukas vaizduojantis \u201eMergait\u0119 su balionu\u201c yra kokybi\u0161kas, ikoni\u0161kas ir gili\u0105 prasm\u0119 turintis aksesuaras.\" \/>\n<meta property=\"og:url\" content=\"https:\/\/kabinam.lt\/lv\/produkts\/benksija-meitene-ar-balonu-street-art-piespraude\/\" \/>\n<meta property=\"og:site_name\" content=\"kabinam.lt\" \/>\n<meta property=\"article:modified_time\" content=\"2026-01-18T23:38:11+00:00\" \/>\n<meta property=\"og:image\" content=\"https:\/\/kabinam.lt\/wp-content\/uploads\/2025\/10\/1000077582.jpg\" \/>\n\t<meta property=\"og:image:width\" content=\"828\" \/>\n\t<meta property=\"og:image:height\" content=\"808\" \/>\n\t<meta property=\"og:image:type\" content=\"image\/jpeg\" \/>\n<meta name=\"twitter:card\" content=\"summary_large_image\" \/>\n<meta name=\"twitter:label1\" content=\"Est. reading time\" \/>\n\t<meta name=\"twitter:data1\" content=\"2 min\u016btes\" \/>\n<script type=\"application\/ld+json\" class=\"yoast-schema-graph\">{\"@context\":\"https:\\\/\\\/schema.org\",\"@graph\":[{\"@type\":[\"WebPage\",\"ItemPage\"],\"@id\":\"https:\\\/\\\/kabinam.lt\\\/eng\\\/product\\\/banksy-girl-with-balloon-street-art-pin\\\/\",\"url\":\"https:\\\/\\\/kabinam.lt\\\/eng\\\/product\\\/banksy-girl-with-balloon-street-art-pin\\\/\",\"name\":\"Meno Seg\u0117 | Banksy \u201eMergait\u0117 su balionu\u201c \u2013 idejos dovanoms - kabinam.lt\",\"isPartOf\":{\"@id\":\"https:\\\/\\\/kabinam.lt\\\/#website\"},\"primaryImageOfPage\":{\"@id\":\"https:\\\/\\\/kabinam.lt\\\/eng\\\/product\\\/banksy-girl-with-balloon-street-art-pin\\\/#primaryimage\"},\"image\":{\"@id\":\"https:\\\/\\\/kabinam.lt\\\/eng\\\/product\\\/banksy-girl-with-balloon-street-art-pin\\\/#primaryimage\"},\"thumbnailUrl\":\"https:\\\/\\\/kabinam.lt\\\/wp-content\\\/uploads\\\/2025\\\/10\\\/1000077582.jpg\",\"datePublished\":\"2025-10-01T13:47:29+00:00\",\"dateModified\":\"2026-01-18T23:38:11+00:00\",\"description\":\"Ne\u0161iokit\u0117s gatv\u0117s men\u0105 su savimi! \u0160is Banksy emalio segtukas vaizduojantis \u201eMergait\u0119 su balionu\u201c yra kokybi\u0161kas, ikoni\u0161kas ir gili\u0105 prasm\u0119 turintis aksesuaras.\",\"breadcrumb\":{\"@id\":\"https:\\\/\\\/kabinam.lt\\\/eng\\\/product\\\/banksy-girl-with-balloon-street-art-pin\\\/#breadcrumb\"},\"inLanguage\":\"lv-LV\",\"potentialAction\":[{\"@type\":\"ReadAction\",\"target\":[\"https:\\\/\\\/kabinam.lt\\\/eng\\\/product\\\/banksy-girl-with-balloon-street-art-pin\\\/\"]}]},{\"@type\":\"ImageObject\",\"inLanguage\":\"lv-LV\",\"@id\":\"https:\\\/\\\/kabinam.lt\\\/eng\\\/product\\\/banksy-girl-with-balloon-street-art-pin\\\/#primaryimage\",\"url\":\"https:\\\/\\\/kabinam.lt\\\/wp-content\\\/uploads\\\/2025\\\/10\\\/1000077582.jpg\",\"contentUrl\":\"https:\\\/\\\/kabinam.lt\\\/wp-content\\\/uploads\\\/2025\\\/10\\\/1000077582.jpg\",\"width\":828,\"height\":808,\"caption\":\"Banksy Street Art \u012ekv\u0117ptas Emalio Segtuko Dizainas\"},{\"@type\":\"BreadcrumbList\",\"@id\":\"https:\\\/\\\/kabinam.lt\\\/eng\\\/product\\\/banksy-girl-with-balloon-street-art-pin\\\/#breadcrumb\",\"itemListElement\":[{\"@type\":\"ListItem\",\"position\":1,\"name\":\"Home\",\"item\":\"https:\\\/\\\/kabinam.lt\\\/\"},{\"@type\":\"ListItem\",\"position\":2,\"name\":\"Visi Produktai\",\"item\":\"https:\\\/\\\/kabinam.lt\\\/visi-produktai\\\/\"},{\"@type\":\"ListItem\",\"position\":3,\"name\":\"Meno Seg\u0117 | Banksy \u201eMergait\u0117 su balionu\u201c \u2013 idejos dovanoms\"}]},{\"@type\":\"WebSite\",\"@id\":\"https:\\\/\\\/kabinam.lt\\\/#website\",\"url\":\"https:\\\/\\\/kabinam.lt\\\/\",\"name\":\"kabinam.lt\",\"description\":\"Kabinam.lt \u2013 raktu pakabukai ir aksesuarai\",\"publisher\":{\"@id\":\"https:\\\/\\\/kabinam.lt\\\/#organization\"},\"alternateName\":\"pakabukai lt\",\"potentialAction\":[{\"@type\":\"SearchAction\",\"target\":{\"@type\":\"EntryPoint\",\"urlTemplate\":\"https:\\\/\\\/kabinam.lt\\\/?s={search_term_string}\"},\"query-input\":{\"@type\":\"PropertyValueSpecification\",\"valueRequired\":true,\"valueName\":\"search_term_string\"}}],\"inLanguage\":\"lv-LV\"},{\"@type\":\"Organization\",\"@id\":\"https:\\\/\\\/kabinam.lt\\\/#organization\",\"name\":\"kabinam.lt\",\"alternateName\":\"kabinam\",\"url\":\"https:\\\/\\\/kabinam.lt\\\/\",\"logo\":{\"@type\":\"ImageObject\",\"inLanguage\":\"lv-LV\",\"@id\":\"https:\\\/\\\/kabinam.lt\\\/#\\\/schema\\\/logo\\\/image\\\/\",\"url\":\"https:\\\/\\\/kabinam.lt\\\/wp-content\\\/uploads\\\/2025\\\/05\\\/KABINAM_outer_glow.png\",\"contentUrl\":\"https:\\\/\\\/kabinam.lt\\\/wp-content\\\/uploads\\\/2025\\\/05\\\/KABINAM_outer_glow.png\",\"width\":474,\"height\":141,\"caption\":\"kabinam.lt\"},\"image\":{\"@id\":\"https:\\\/\\\/kabinam.lt\\\/#\\\/schema\\\/logo\\\/image\\\/\"}}]}<\/script>\n<!-- \/ Yoast SEO plugin. -->","yoast_head_json":{"title":"M\u0101kslas sega | Banksy \u201eMeitene ar balonu\u201c - d\u0101vanu idejas - kabinam.lt","description":"\u0145em savu ielu m\u0101kslu l\u012bdzi! \u0160\u012b Banksy emaljas piespraude, kur\u0101 att\u0113lota \u201eMeitene ar balonu\u201c, ir kvalitat\u012bvs aksesu\u0101rs, kas ir ikonisks un \u013coti noz\u012bm\u012bgs.","robots":{"index":"index","follow":"follow","max-snippet":"max-snippet:-1","max-image-preview":"max-image-preview:large","max-video-preview":"max-video-preview:-1"},"canonical":"https:\/\/kabinam.lt\/lv\/produkts\/benksija-meitene-ar-balonu-street-art-piespraude\/","og_locale":"lv_LV","og_type":"article","og_title":"Meno Seg\u0117 | Banksy \u201eMergait\u0117 su balionu\u201c \u2013 idejos dovanoms - kabinam.lt","og_description":"Ne\u0161iokit\u0117s gatv\u0117s men\u0105 su savimi! \u0160is Banksy emalio segtukas vaizduojantis \u201eMergait\u0119 su balionu\u201c yra kokybi\u0161kas, ikoni\u0161kas ir gili\u0105 prasm\u0119 turintis aksesuaras.","og_url":"https:\/\/kabinam.lt\/lv\/produkts\/benksija-meitene-ar-balonu-street-art-piespraude\/","og_site_name":"kabinam.lt","article_modified_time":"2026-01-18T23:38:11+00:00","og_image":[{"width":828,"height":808,"url":"https:\/\/kabinam.lt\/wp-content\/uploads\/2025\/10\/1000077582.jpg","type":"image\/jpeg"}],"twitter_card":"summary_large_image","twitter_misc":{"Est. reading time":"2 min\u016btes"},"schema":{"@context":"https:\/\/schema.org","@graph":[{"@type":["WebPage","ItemPage"],"@id":"https:\/\/kabinam.lt\/eng\/product\/banksy-girl-with-balloon-street-art-pin\/","url":"https:\/\/kabinam.lt\/eng\/product\/banksy-girl-with-balloon-street-art-pin\/","name":"M\u0101kslas sega | Banksy \u201eMeitene ar balonu\u201c - d\u0101vanu idejas - kabinam.lt","isPartOf":{"@id":"https:\/\/kabinam.lt\/#website"},"primaryImageOfPage":{"@id":"https:\/\/kabinam.lt\/eng\/product\/banksy-girl-with-balloon-street-art-pin\/#primaryimage"},"image":{"@id":"https:\/\/kabinam.lt\/eng\/product\/banksy-girl-with-balloon-street-art-pin\/#primaryimage"},"thumbnailUrl":"https:\/\/kabinam.lt\/wp-content\/uploads\/2025\/10\/1000077582.jpg","datePublished":"2025-10-01T13:47:29+00:00","dateModified":"2026-01-18T23:38:11+00:00","description":"\u0145em savu ielu m\u0101kslu l\u012bdzi! \u0160\u012b Banksy emaljas piespraude, kur\u0101 att\u0113lota \u201eMeitene ar balonu\u201c, ir kvalitat\u012bvs aksesu\u0101rs, kas ir ikonisks un \u013coti noz\u012bm\u012bgs.","breadcrumb":{"@id":"https:\/\/kabinam.lt\/eng\/product\/banksy-girl-with-balloon-street-art-pin\/#breadcrumb"},"inLanguage":"lv-LV","potentialAction":[{"@type":"ReadAction","target":["https:\/\/kabinam.lt\/eng\/product\/banksy-girl-with-balloon-street-art-pin\/"]}]},{"@type":"ImageObject","inLanguage":"lv-LV","@id":"https:\/\/kabinam.lt\/eng\/product\/banksy-girl-with-balloon-street-art-pin\/#primaryimage","url":"https:\/\/kabinam.lt\/wp-content\/uploads\/2025\/10\/1000077582.jpg","contentUrl":"https:\/\/kabinam.lt\/wp-content\/uploads\/2025\/10\/1000077582.jpg","width":828,"height":808,"caption":"Banksy Street Art \u012ekv\u0117ptas Emalio Segtuko Dizainas"},{"@type":"BreadcrumbList","@id":"https:\/\/kabinam.lt\/eng\/product\/banksy-girl-with-balloon-street-art-pin\/#breadcrumb","itemListElement":[{"@type":"ListItem","position":1,"name":"Home","item":"https:\/\/kabinam.lt\/"},{"@type":"ListItem","position":2,"name":"Visi Produktai","item":"https:\/\/kabinam.lt\/visi-produktai\/"},{"@type":"ListItem","position":3,"name":"Meno Seg\u0117 | Banksy \u201eMergait\u0117 su balionu\u201c \u2013 idejos dovanoms"}]},{"@type":"WebSite","@id":"https:\/\/kabinam.lt\/#website","url":"https:\/\/kabinam.lt\/","name":"kabinam.lt","description":"Kabinam.lt - atsl\u0113gu piekari\u0146i un aksesu\u0101ri","publisher":{"@id":"https:\/\/kabinam.lt\/#organization"},"alternateName":"pakabukai lt","potentialAction":[{"@type":"SearchAction","target":{"@type":"EntryPoint","urlTemplate":"https:\/\/kabinam.lt\/?s={search_term_string}"},"query-input":{"@type":"PropertyValueSpecification","valueRequired":true,"valueName":"search_term_string"}}],"inLanguage":"lv-LV"},{"@type":"Organization","@id":"https:\/\/kabinam.lt\/#organization","name":"kabinam.lt","alternateName":"kabinam","url":"https:\/\/kabinam.lt\/","logo":{"@type":"ImageObject","inLanguage":"lv-LV","@id":"https:\/\/kabinam.lt\/#\/schema\/logo\/image\/","url":"https:\/\/kabinam.lt\/wp-content\/uploads\/2025\/05\/KABINAM_outer_glow.png","contentUrl":"https:\/\/kabinam.lt\/wp-content\/uploads\/2025\/05\/KABINAM_outer_glow.png","width":474,"height":141,"caption":"kabinam.lt"},"image":{"@id":"https:\/\/kabinam.lt\/#\/schema\/logo\/image\/"}}]}},"uagb_featured_image_src":{"full":["https:\/\/kabinam.lt\/wp-content\/uploads\/2025\/10\/1000077582.jpg",828,808,false],"thumbnail":["https:\/\/kabinam.lt\/wp-content\/uploads\/2025\/10\/1000077582-150x150.jpg",150,150,true],"medium":["https:\/\/kabinam.lt\/wp-content\/uploads\/2025\/10\/1000077582-300x293.jpg",300,293,true],"medium_large":["https:\/\/kabinam.lt\/wp-content\/uploads\/2025\/10\/1000077582-768x749.jpg",768,749,true],"large":["https:\/\/kabinam.lt\/wp-content\/uploads\/2025\/10\/1000077582.jpg",828,808,false],"1536x1536":["https:\/\/kabinam.lt\/wp-content\/uploads\/2025\/10\/1000077582.jpg",828,808,false],"2048x2048":["https:\/\/kabinam.lt\/wp-content\/uploads\/2025\/10\/1000077582.jpg",828,808,false],"trp-custom-language-flag":["https:\/\/kabinam.lt\/wp-content\/uploads\/2025\/10\/1000077582-12x12.jpg",12,12,true],"woocommerce_thumbnail":["https:\/\/kabinam.lt\/wp-content\/uploads\/2025\/10\/1000077582-300x300.jpg",300,300,true],"woocommerce_single":["https:\/\/kabinam.lt\/wp-content\/uploads\/2025\/10\/1000077582-600x586.jpg",600,586,true],"woocommerce_gallery_thumbnail":["https:\/\/kabinam.lt\/wp-content\/uploads\/2025\/10\/1000077582-100x100.jpg",100,100,true]},"uagb_author_info":{"display_name":"kabinam.lt","author_link":"https:\/\/kabinam.lt\/lv\/author\/"},"uagb_comment_info":0,"uagb_excerpt":"I\u0161skirtin\u0117 ir simboli\u0161ka emalio pin'as. Kultinis Banksy gatv\u0117s meno motyvas \u2013 mergait\u0117, siekianti raudono \u0161irdies formos baliono \u2013 stilingas aksesuaras meno myl\u0117tojams.","_links":{"self":[{"href":"https:\/\/kabinam.lt\/lv\/wp-json\/wp\/v2\/product\/4251","targetHints":{"allow":["GET"]}}],"collection":[{"href":"https:\/\/kabinam.lt\/lv\/wp-json\/wp\/v2\/product"}],"about":[{"href":"https:\/\/kabinam.lt\/lv\/wp-json\/wp\/v2\/types\/product"}],"replies":[{"embeddable":true,"href":"https:\/\/kabinam.lt\/lv\/wp-json\/wp\/v2\/comments?post=4251"}],"wp:featuredmedia":[{"embeddable":true,"href":"https:\/\/kabinam.lt\/lv\/wp-json\/wp\/v2\/media\/4262"}],"wp:attachment":[{"href":"https:\/\/kabinam.lt\/lv\/wp-json\/wp\/v2\/media?parent=4251"}],"wp:term":[{"taxonomy":"product_brand","embeddable":true,"href":"https:\/\/kabinam.lt\/lv\/wp-json\/wp\/v2\/product_brand?post=4251"},{"taxonomy":"product_cat","embeddable":true,"href":"https:\/\/kabinam.lt\/lv\/wp-json\/wp\/v2\/product_cat?post=4251"},{"taxonomy":"product_tag","embeddable":true,"href":"https:\/\/kabinam.lt\/lv\/wp-json\/wp\/v2\/product_tag?post=4251"}],"curies":[{"name":"wp","href":"https:\/\/api.w.org\/{rel}","templated":true}]}}