{"id":4215,"date":"2025-09-19T22:43:59","date_gmt":"2025-09-19T20:43:59","guid":{"rendered":"https:\/\/kabinam.lt\/product\/nata\/"},"modified":"2026-01-19T02:03:39","modified_gmt":"2026-01-19T00:03:39","slug":"muzikas-notis-sarkana-zelta-piespraude","status":"publish","type":"product","link":"https:\/\/kabinam.lt\/lv\/product\/muzikine-nata-raudona-auksinis-pin\/","title":{"rendered":"M\u016bzikas piespraude | Sarkana m\u016bzikas nots - Melomaniac Brooch"},"content":{"rendered":"<div class=\"kk-star-ratings kksr-auto kksr-align-left kksr-valign-top\"\n    data-payload='{&quot;align&quot;:&quot;left&quot;,&quot;id&quot;:&quot;4215&quot;,&quot;slug&quot;:&quot;default&quot;,&quot;valign&quot;:&quot;top&quot;,&quot;ignore&quot;:&quot;&quot;,&quot;reference&quot;:&quot;auto&quot;,&quot;class&quot;:&quot;&quot;,&quot;count&quot;:&quot;0&quot;,&quot;legendonly&quot;:&quot;&quot;,&quot;readonly&quot;:&quot;&quot;,&quot;score&quot;:&quot;0&quot;,&quot;starsonly&quot;:&quot;&quot;,&quot;best&quot;:&quot;5&quot;,&quot;gap&quot;:&quot;5&quot;,&quot;greet&quot;:&quot;Mums svarbus j\u016bs\u0173 \u012fvertinimas&quot;,&quot;legend&quot;:&quot;0\\\/5 - (0 votes)&quot;,&quot;size&quot;:&quot;24&quot;,&quot;title&quot;:&quot;Muzikos Seg\u0117 | Raudona Muzikin\u0117 Nata \u2013 Melomano Bro\u0161ka&quot;,&quot;width&quot;:&quot;0&quot;,&quot;_legend&quot;:&quot;{score}\\\/{best} - ({count} {votes})&quot;,&quot;font_factor&quot;:&quot;1.25&quot;}'>\n            \n<div class=\"kksr-stars\">\n    \n<div class=\"kksr-stars-inactive\">\n            <div class=\"kksr-star\" data-star=\"1\" style=\"padding-right: 5px\">\n            \n\n<div class=\"kksr-icon\" style=\"width: 24px; height: 24px;\"><\/div>\n        <\/div>\n            <div class=\"kksr-star\" data-star=\"2\" style=\"padding-right: 5px\">\n            \n\n<div class=\"kksr-icon\" style=\"width: 24px; height: 24px;\"><\/div>\n        <\/div>\n            <div class=\"kksr-star\" data-star=\"3\" style=\"padding-right: 5px\">\n            \n\n<div class=\"kksr-icon\" style=\"width: 24px; height: 24px;\"><\/div>\n        <\/div>\n            <div class=\"kksr-star\" data-star=\"4\" style=\"padding-right: 5px\">\n            \n\n<div class=\"kksr-icon\" style=\"width: 24px; height: 24px;\"><\/div>\n        <\/div>\n            <div class=\"kksr-star\" data-star=\"5\" style=\"padding-right: 5px\">\n            \n\n<div class=\"kksr-icon\" style=\"width: 24px; height: 24px;\"><\/div>\n        <\/div>\n    <\/div>\n    \n<div class=\"kksr-stars-active\" style=\"width: 0px;\">\n            <div class=\"kksr-star\" style=\"padding-right: 5px\">\n            \n\n<div class=\"kksr-icon\" style=\"width: 24px; height: 24px;\"><\/div>\n        <\/div>\n            <div class=\"kksr-star\" style=\"padding-right: 5px\">\n            \n\n<div class=\"kksr-icon\" style=\"width: 24px; height: 24px;\"><\/div>\n        <\/div>\n            <div class=\"kksr-star\" style=\"padding-right: 5px\">\n            \n\n<div class=\"kksr-icon\" style=\"width: 24px; height: 24px;\"><\/div>\n        <\/div>\n            <div class=\"kksr-star\" style=\"padding-right: 5px\">\n            \n\n<div class=\"kksr-icon\" style=\"width: 24px; height: 24px;\"><\/div>\n        <\/div>\n            <div class=\"kksr-star\" style=\"padding-right: 5px\">\n            \n\n<div class=\"kksr-icon\" style=\"width: 24px; height: 24px;\"><\/div>\n        <\/div>\n    <\/div>\n<\/div>\n                \n\n<div class=\"kksr-legend\" style=\"font-size: 19.2px;\">\n            <span class=\"kksr-muted\">Mums ir svar\u012bgs j\u016bsu nov\u0113rt\u0113jums<\/span>\n    <\/div>\n    <\/div>\n<h1 data-path-to-node=\"13\">Harmony Detail: Musical Note \u2013 aksesu\u0101rs, kas atska\u0146o m\u016bziku<\/h1>\n<p data-path-to-node=\"14\">\u0160is <b data-path-to-node=\"14\" data-index-in-node=\"3\">m\u016bzikas notis emaljas bro\u0161a<\/b> ir paredz\u0113ts tiem, kuru dz\u012bve ir neatraujama no melodij\u0101m! Tas ir ide\u0101ls <b data-path-to-node=\"14\" data-index-in-node=\"105\">piederumi<\/b> tiem, kas nov\u0113rt\u0113 <b data-path-to-node=\"14\" data-index-in-node=\"137\">klasiskais stils<\/b>, m\u012bl spilgtus akcentus un v\u0113las delik\u0101ti uzsv\u0113rt savu aizrau\u0161anos ar m\u016bziku. Bro\u0161\u0101 att\u0113lot\u0101 nots ir bag\u0101t\u012bg\u0101 sarkan\u0101 kr\u0101s\u0101, kas simboliz\u0113 ener\u0123iju un m\u012blest\u012bbu pret m\u0101kslu. T\u0101 ir ne tikai <b data-path-to-node=\"14\" data-index-in-node=\"337\">emaljas bro\u0161a<\/b> \u2013 tas ir j\u016bsu rado\u0161uma un muzik\u0101l\u0101s gaumes izpausme. Ja mekl\u0113jat akcentu, kas pie\u0161\u0137irtu eleganci j\u016bsu ap\u0123\u0113rbam un vienlaikus st\u0101st\u012btu par j\u016bsu hobiju, \u0161is <b data-path-to-node=\"14\" data-index-in-node=\"503\">nots<\/b> ir ide\u0101la izv\u0113le.<\/p>\n<h2 data-path-to-node=\"15\">Klasisks dizains un grezns sp\u012bdums<\/h2>\n<p data-path-to-node=\"16\">Skat\u012bt <b data-path-to-node=\"16\" data-index-in-node=\"4\">emaljas piespraude<\/b> dizains apvieno m\u016b\u017e\u012bgu simboliku ar modernu izpild\u012bjumu. Spilgti sarkana emalja un sp\u012bdo\u0161s zelta met\u0101la kont\u016brs veido greznu kombin\u0101ciju, kas piesaista uzman\u012bbu pat no att\u0101luma. Tas <b data-path-to-node=\"16\" data-index-in-node=\"218\">m\u016bzikas klips<\/b> Tas lieliski piest\u0101v gan koncertu ap\u0123\u0113rbam, gan ikdienas d\u017eemperiem vai \u017eaketes atlokiem.<\/p>\n<ul data-path-to-node=\"17\">\n<li>\n<p data-path-to-node=\"17,0,0\"><b data-path-to-node=\"17,0,0\" data-index-in-node=\"0\">Stils:<\/b> Ide\u0101li piem\u0113rots <i data-path-to-node=\"17,0,0\" data-index-in-node=\"24\">klasiskais<\/i>, <i data-path-to-node=\"17,0,0\" data-index-in-node=\"33\">m\u0101ksliniecisks<\/i>, <i data-path-to-node=\"17,0,0\" data-index-in-node=\"43\">d\u017eeza<\/i> un <b data-path-to-node=\"17,0,0\" data-index-in-node=\"51\">m\u016bzikas m\u012b\u013cot\u0101ji<\/b> stili.<\/p>\n<\/li>\n<li>\n<p data-path-to-node=\"17,1,0\"><b data-path-to-node=\"17,1,0\" data-index-in-node=\"0\">Kvalit\u0101te:<\/b> m\u016bsu <b data-path-to-node=\"17,1,0\" data-index-in-node=\"13\">emaljas saktas<\/b> ir izgatavotas, izmantojot ciet\u0101 emalja tehnolo\u0123iju, kas nodro\u0161ina izcilu virsmas gludumu un bag\u0101t\u012bgas kr\u0101sas. Zelta kr\u0101sas met\u0101ls nodro\u0161ina iztur\u012bbu un garant\u0113, ka bro\u0161a saglab\u0101s savu izskatu daudzus gadus. Tas <b data-path-to-node=\"17,1,0\" data-index-in-node=\"228\">augstas kvalit\u0101tes tapa<\/b>, kas paredz\u0113ts \u012bstiem m\u016bzikas faniem. Vair\u0101k ideju par stil\u012bgiem kombin\u0101ciju variantiem skatiet <a class=\"ng-star-inserted\" href=\"https:\/\/www.pinnpatch.lt\" target=\"_blank\" rel=\"noopener\" data-hveid=\"0\" data-ved=\"0CAAQ_4QMahgKEwi5pqKb08yRAxUAAAAAHQAAAAAQxAI\">pinnpatch.lt<\/a>.<\/p>\n<\/li>\n<\/ul>\n<h2 data-path-to-node=\"18\">D\u0101vana m\u016bzi\u0137im vai skolot\u0101jam<\/h2>\n<p data-path-to-node=\"19\"><b data-path-to-node=\"19\" data-index-in-node=\"0\">M\u016bzikas notis klips<\/b> ir viens no lab\u0101kajiem <b data-path-to-node=\"19\" data-index-in-node=\"43\">d\u0101vanu idejas<\/b> m\u016bzi\u0137iem, komponistiem, kora dzied\u0101t\u0101jiem vai m\u016bzikas skolot\u0101jiem. T\u0101 ir simboliska un v\u0113rt\u012bga d\u0101vana m\u016bzikas skolas absolventiem vai koncertu sezonai. \u0160is aksesu\u0101rs lieliski papildin\u0101s:<\/p>\n<ul data-path-to-node=\"20\">\n<li>\n<p data-path-to-node=\"20,0,0\"><b data-path-to-node=\"20,0,0\" data-index-in-node=\"0\">Koncerta jaka vai kleita:<\/b> Pie\u0161\u0137ir profesionalit\u0101tes un \u0161arma saj\u016btu.<\/p>\n<\/li>\n<li>\n<p data-path-to-node=\"20,1,0\"><b data-path-to-node=\"20,1,0\" data-index-in-node=\"0\">M\u016bzikas instrumentu futr\u0101lis:<\/b> Tas padara to viegli atpaz\u012bstamu un personisku.<\/p>\n<\/li>\n<\/ul>\n<p data-path-to-node=\"21\">Skatiet m\u016bsu pilnu <a class=\"ng-star-inserted\" href=\"https:\/\/kabinam.lt\/lv\/produkta-kategorija-2\/piespraudes-pins\/\" target=\"_blank\" rel=\"noopener\" data-hveid=\"0\" data-ved=\"0CAAQ_4QMahgKEwi5pqKb08yRAxUAAAAAHQAAAAAQxQI\">virkne emaljas piespraudes ar m\u016bzikas un m\u0101kslas tematiku<\/a> un atrodi savu dv\u0113seles pusi.<\/p>\n<p data-path-to-node=\"22\"><b data-path-to-node=\"22\" data-index-in-node=\"0\">Pievienojiet ritmu savam att\u0113lam!<\/b> Rezerv\u0113jiet \u0161o <b data-path-to-node=\"22\" data-index-in-node=\"50\">sarkana piez\u012bme<\/b> \u0161odien.<\/p>","protected":false},"excerpt":{"rendered":"<p><b data-path-to-node=\"4,3,1,0\" data-index-in-node=\"0\">Elegants<\/b> un <b data-path-to-node=\"4,3,1,0\" data-index-in-node=\"16\">klasiskais<\/b> emalio pin. Spilgts <b data-path-to-node=\"4,3,1,0\" data-index-in-node=\"50\">sarkana se\u0161padsmit\u0101 nots<\/b> ar greznu <b data-path-to-node=\"4,3,1,0\" data-index-in-node=\"89\">zelta kont\u016bra<\/b> \u2013 ide\u0101ls <b data-path-to-node=\"4,3,1,0\" data-index-in-node=\"116\">piederumi<\/b> m\u016bzi\u0137i, m\u016bzikas skolot\u0101ji un visi, kas dz\u012bvo ritm\u0101.<\/p>","protected":false},"featured_media":4214,"comment_status":"open","ping_status":"closed","template":"","meta":{"_uag_custom_page_level_css":"","site-sidebar-layout":"default","site-content-layout":"","ast-site-content-layout":"default","site-content-style":"default","site-sidebar-style":"default","ast-global-header-display":"","ast-banner-title-visibility":"","ast-main-header-display":"","ast-hfb-above-header-display":"","ast-hfb-below-header-display":"","ast-hfb-mobile-header-display":"","site-post-title":"","ast-breadcrumbs-content":"","ast-featured-img":"","footer-sml-layout":"","ast-disable-related-posts":"","theme-transparent-header-meta":"default","adv-header-id-meta":"","stick-header-meta":"","header-above-stick-meta":"","header-main-stick-meta":"","header-below-stick-meta":"","astra-migrate-meta-layouts":"set","ast-page-background-enabled":"default","ast-page-background-meta":{"desktop":{"background-color":"var(--ast-global-color-4)","background-image":"","background-repeat":"repeat","background-position":"center center","background-size":"auto","background-attachment":"scroll","background-type":"","background-media":"","overlay-type":"","overlay-color":"","overlay-opacity":"","overlay-gradient":""},"tablet":{"background-color":"","background-image":"","background-repeat":"repeat","background-position":"center center","background-size":"auto","background-attachment":"scroll","background-type":"","background-media":"","overlay-type":"","overlay-color":"","overlay-opacity":"","overlay-gradient":""},"mobile":{"background-color":"","background-image":"","background-repeat":"repeat","background-position":"center center","background-size":"auto","background-attachment":"scroll","background-type":"","background-media":"","overlay-type":"","overlay-color":"","overlay-opacity":"","overlay-gradient":""}},"ast-content-background-meta":{"desktop":{"background-color":"var(--ast-global-color-5)","background-image":"","background-repeat":"repeat","background-position":"center center","background-size":"auto","background-attachment":"scroll","background-type":"","background-media":"","overlay-type":"","overlay-color":"","overlay-opacity":"","overlay-gradient":""},"tablet":{"background-color":"var(--ast-global-color-5)","background-image":"","background-repeat":"repeat","background-position":"center center","background-size":"auto","background-attachment":"scroll","background-type":"","background-media":"","overlay-type":"","overlay-color":"","overlay-opacity":"","overlay-gradient":""},"mobile":{"background-color":"var(--ast-global-color-5)","background-image":"","background-repeat":"repeat","background-position":"center center","background-size":"auto","background-attachment":"scroll","background-type":"","background-media":"","overlay-type":"","overlay-color":"","overlay-opacity":"","overlay-gradient":""}}},"product_brand":[],"product_cat":[125,126,119],"product_tag":[],"class_list":{"0":"post-4215","1":"product","2":"type-product","3":"status-publish","4":"has-post-thumbnail","6":"product_cat-halloween","7":"product_cat-visi","8":"product_cat-smeigtukai-pins","9":"desktop-align-center","10":"tablet-align-left","11":"mobile-align-left","13":"first","14":"outofstock","15":"purchasable","16":"product-type-simple"},"yoast_head":"<!-- This site is optimized with the Yoast SEO plugin v27.1.1 - https:\/\/yoast.com\/product\/yoast-seo-wordpress\/ -->\n<title>Muzikos Seg\u0117 | Raudona Muzikin\u0117 Nata \u2013 Melomano Bro\u0161ka - kabinam.lt<\/title>\n<meta name=\"description\" content=\"Leiskite muzikai skamb\u0117ti J\u016bs\u0173 stiliuje! \u0160is muzikin\u0117s natos segtukas yra ry\u0161kus, kokybi\u0161kas ir stilingas aksesuaras, tinkantis kiekvienam melomanui.\" \/>\n<meta name=\"robots\" content=\"index, follow, max-snippet:-1, max-image-preview:large, max-video-preview:-1\" \/>\n<link rel=\"canonical\" href=\"https:\/\/kabinam.lt\/lv\/produkts\/muzikas-notis-sarkana-zelta-piespraude\/\" \/>\n<meta property=\"og:locale\" content=\"lv_LV\" \/>\n<meta property=\"og:type\" content=\"article\" \/>\n<meta property=\"og:title\" content=\"Muzikos Seg\u0117 | Raudona Muzikin\u0117 Nata \u2013 Melomano Bro\u0161ka - kabinam.lt\" \/>\n<meta property=\"og:description\" content=\"Leiskite muzikai skamb\u0117ti J\u016bs\u0173 stiliuje! \u0160is muzikin\u0117s natos segtukas yra ry\u0161kus, kokybi\u0161kas ir stilingas aksesuaras, tinkantis kiekvienam melomanui.\" \/>\n<meta property=\"og:url\" content=\"https:\/\/kabinam.lt\/lv\/produkts\/muzikas-notis-sarkana-zelta-piespraude\/\" \/>\n<meta property=\"og:site_name\" content=\"kabinam.lt\" \/>\n<meta property=\"article:modified_time\" content=\"2026-01-19T00:03:39+00:00\" \/>\n<meta property=\"og:image\" content=\"https:\/\/kabinam.lt\/wp-content\/uploads\/2025\/09\/1000077566.jpg\" \/>\n\t<meta property=\"og:image:width\" content=\"960\" \/>\n\t<meta property=\"og:image:height\" content=\"960\" \/>\n\t<meta property=\"og:image:type\" content=\"image\/jpeg\" \/>\n<meta name=\"twitter:card\" content=\"summary_large_image\" \/>\n<meta name=\"twitter:label1\" content=\"Est. reading time\" \/>\n\t<meta name=\"twitter:data1\" content=\"1 min\u016bte\" \/>\n<script type=\"application\/ld+json\" class=\"yoast-schema-graph\">{\"@context\":\"https:\/\/schema.org\",\"@graph\":[{\"@type\":[\"WebPage\",\"ItemPage\"],\"@id\":\"https:\/\/kabinam.lt\/et\/toode\/muusikaline-noot-punane-kuldnoel\/\",\"url\":\"https:\/\/kabinam.lt\/et\/toode\/muusikaline-noot-punane-kuldnoel\/\",\"name\":\"Muzikos Seg\u0117 | Raudona Muzikin\u0117 Nata \u2013 Melomano Bro\u0161ka - kabinam.lt\",\"isPartOf\":{\"@id\":\"https:\/\/kabinam.lt\/#website\"},\"primaryImageOfPage\":{\"@id\":\"https:\/\/kabinam.lt\/et\/toode\/muusikaline-noot-punane-kuldnoel\/#primaryimage\"},\"image\":{\"@id\":\"https:\/\/kabinam.lt\/et\/toode\/muusikaline-noot-punane-kuldnoel\/#primaryimage\"},\"thumbnailUrl\":\"https:\/\/kabinam.lt\/wp-content\/uploads\/2025\/09\/1000077566.jpg\",\"datePublished\":\"2025-09-19T20:43:59+00:00\",\"dateModified\":\"2026-01-19T00:03:39+00:00\",\"description\":\"Leiskite muzikai skamb\u0117ti J\u016bs\u0173 stiliuje! \u0160is muzikin\u0117s natos segtukas yra ry\u0161kus, kokybi\u0161kas ir stilingas aksesuaras, tinkantis kiekvienam melomanui.\",\"breadcrumb\":{\"@id\":\"https:\/\/kabinam.lt\/et\/toode\/muusikaline-noot-punane-kuldnoel\/#breadcrumb\"},\"inLanguage\":\"lv-LV\",\"potentialAction\":[{\"@type\":\"ReadAction\",\"target\":[\"https:\/\/kabinam.lt\/et\/toode\/muusikaline-noot-punane-kuldnoel\/\"]}]},{\"@type\":\"ImageObject\",\"inLanguage\":\"lv-LV\",\"@id\":\"https:\/\/kabinam.lt\/et\/toode\/muusikaline-noot-punane-kuldnoel\/#primaryimage\",\"url\":\"https:\/\/kabinam.lt\/wp-content\/uploads\/2025\/09\/1000077566.jpg\",\"contentUrl\":\"https:\/\/kabinam.lt\/wp-content\/uploads\/2025\/09\/1000077566.jpg\",\"width\":960,\"height\":960,\"caption\":\"Ry\u0161kios Raudonos Natos Emalio Segtukas\"},{\"@type\":\"BreadcrumbList\",\"@id\":\"https:\/\/kabinam.lt\/et\/toode\/muusikaline-noot-punane-kuldnoel\/#breadcrumb\",\"itemListElement\":[{\"@type\":\"ListItem\",\"position\":1,\"name\":\"Home\",\"item\":\"https:\/\/kabinam.lt\/\"},{\"@type\":\"ListItem\",\"position\":2,\"name\":\"Visi Produktai\",\"item\":\"https:\/\/kabinam.lt\/visi-produktai\/\"},{\"@type\":\"ListItem\",\"position\":3,\"name\":\"Muzikos Seg\u0117 | Raudona Muzikin\u0117 Nata \u2013 Melomano Bro\u0161ka\"}]},{\"@type\":\"WebSite\",\"@id\":\"https:\/\/kabinam.lt\/#website\",\"url\":\"https:\/\/kabinam.lt\/\",\"name\":\"kabinam.lt\",\"description\":\"Kabinam.lt \u2013 raktu pakabukai ir aksesuarai\",\"publisher\":{\"@id\":\"https:\/\/kabinam.lt\/#organization\"},\"alternateName\":\"pakabukai lt\",\"potentialAction\":[{\"@type\":\"SearchAction\",\"target\":{\"@type\":\"EntryPoint\",\"urlTemplate\":\"https:\/\/kabinam.lt\/?s={search_term_string}\"},\"query-input\":{\"@type\":\"PropertyValueSpecification\",\"valueRequired\":true,\"valueName\":\"search_term_string\"}}],\"inLanguage\":\"lv-LV\"},{\"@type\":\"Organization\",\"@id\":\"https:\/\/kabinam.lt\/#organization\",\"name\":\"kabinam.lt\",\"alternateName\":\"kabinam\",\"url\":\"https:\/\/kabinam.lt\/\",\"logo\":{\"@type\":\"ImageObject\",\"inLanguage\":\"lv-LV\",\"@id\":\"https:\/\/kabinam.lt\/#\/schema\/logo\/image\/\",\"url\":\"https:\/\/kabinam.lt\/wp-content\/uploads\/2025\/05\/KABINAM_outer_glow.png\",\"contentUrl\":\"https:\/\/kabinam.lt\/wp-content\/uploads\/2025\/05\/KABINAM_outer_glow.png\",\"width\":474,\"height\":141,\"caption\":\"kabinam.lt\"},\"image\":{\"@id\":\"https:\/\/kabinam.lt\/#\/schema\/logo\/image\/\"}}]}<\/script>\n<!-- \/ Yoast SEO plugin. -->","yoast_head_json":{"title":"M\u016bzikas piespraude | Sarkana m\u016bzikas nots - Melom\u0101nu piespraude - kabinam.lt","description":"\u013baujiet m\u016bzikai skan\u0113t j\u016bsu stil\u0101! \u0160\u012b no\u0161u piespraude ir spilgts, kvalitat\u012bvs un stil\u012bgs aksesu\u0101rs ikvienam m\u016bzikas m\u012b\u013cot\u0101jam.","robots":{"index":"index","follow":"follow","max-snippet":"max-snippet:-1","max-image-preview":"max-image-preview:large","max-video-preview":"max-video-preview:-1"},"canonical":"https:\/\/kabinam.lt\/lv\/produkts\/muzikas-notis-sarkana-zelta-piespraude\/","og_locale":"lv_LV","og_type":"article","og_title":"Muzikos Seg\u0117 | Raudona Muzikin\u0117 Nata \u2013 Melomano Bro\u0161ka - kabinam.lt","og_description":"Leiskite muzikai skamb\u0117ti J\u016bs\u0173 stiliuje! \u0160is muzikin\u0117s natos segtukas yra ry\u0161kus, kokybi\u0161kas ir stilingas aksesuaras, tinkantis kiekvienam melomanui.","og_url":"https:\/\/kabinam.lt\/lv\/produkts\/muzikas-notis-sarkana-zelta-piespraude\/","og_site_name":"kabinam.lt","article_modified_time":"2026-01-19T00:03:39+00:00","og_image":[{"width":960,"height":960,"url":"https:\/\/kabinam.lt\/wp-content\/uploads\/2025\/09\/1000077566.jpg","type":"image\/jpeg"}],"twitter_card":"summary_large_image","twitter_misc":{"Est. reading time":"1 min\u016bte"},"schema":{"@context":"https:\/\/schema.org","@graph":[{"@type":["WebPage","ItemPage"],"@id":"https:\/\/kabinam.lt\/et\/toode\/muusikaline-noot-punane-kuldnoel\/","url":"https:\/\/kabinam.lt\/et\/toode\/muusikaline-noot-punane-kuldnoel\/","name":"M\u016bzikas piespraude | Sarkana m\u016bzikas nots - Melom\u0101nu piespraude - kabinam.lt","isPartOf":{"@id":"https:\/\/kabinam.lt\/#website"},"primaryImageOfPage":{"@id":"https:\/\/kabinam.lt\/et\/toode\/muusikaline-noot-punane-kuldnoel\/#primaryimage"},"image":{"@id":"https:\/\/kabinam.lt\/et\/toode\/muusikaline-noot-punane-kuldnoel\/#primaryimage"},"thumbnailUrl":"https:\/\/kabinam.lt\/wp-content\/uploads\/2025\/09\/1000077566.jpg","datePublished":"2025-09-19T20:43:59+00:00","dateModified":"2026-01-19T00:03:39+00:00","description":"\u013baujiet m\u016bzikai skan\u0113t j\u016bsu stil\u0101! \u0160\u012b no\u0161u piespraude ir spilgts, kvalitat\u012bvs un stil\u012bgs aksesu\u0101rs ikvienam m\u016bzikas m\u012b\u013cot\u0101jam.","breadcrumb":{"@id":"https:\/\/kabinam.lt\/et\/toode\/muusikaline-noot-punane-kuldnoel\/#breadcrumb"},"inLanguage":"lv-LV","potentialAction":[{"@type":"ReadAction","target":["https:\/\/kabinam.lt\/et\/toode\/muusikaline-noot-punane-kuldnoel\/"]}]},{"@type":"ImageObject","inLanguage":"lv-LV","@id":"https:\/\/kabinam.lt\/et\/toode\/muusikaline-noot-punane-kuldnoel\/#primaryimage","url":"https:\/\/kabinam.lt\/wp-content\/uploads\/2025\/09\/1000077566.jpg","contentUrl":"https:\/\/kabinam.lt\/wp-content\/uploads\/2025\/09\/1000077566.jpg","width":960,"height":960,"caption":"Ry\u0161kios Raudonos Natos Emalio Segtukas"},{"@type":"BreadcrumbList","@id":"https:\/\/kabinam.lt\/et\/toode\/muusikaline-noot-punane-kuldnoel\/#breadcrumb","itemListElement":[{"@type":"ListItem","position":1,"name":"Home","item":"https:\/\/kabinam.lt\/"},{"@type":"ListItem","position":2,"name":"Visi Produktai","item":"https:\/\/kabinam.lt\/visi-produktai\/"},{"@type":"ListItem","position":3,"name":"Muzikos Seg\u0117 | Raudona Muzikin\u0117 Nata \u2013 Melomano Bro\u0161ka"}]},{"@type":"WebSite","@id":"https:\/\/kabinam.lt\/#website","url":"https:\/\/kabinam.lt\/","name":"kabinam.lt","description":"Kabinam.lt - atsl\u0113gu piekari\u0146i un aksesu\u0101ri","publisher":{"@id":"https:\/\/kabinam.lt\/#organization"},"alternateName":"pakabukai lt","potentialAction":[{"@type":"SearchAction","target":{"@type":"EntryPoint","urlTemplate":"https:\/\/kabinam.lt\/?s={search_term_string}"},"query-input":{"@type":"PropertyValueSpecification","valueRequired":true,"valueName":"search_term_string"}}],"inLanguage":"lv-LV"},{"@type":"Organization","@id":"https:\/\/kabinam.lt\/#organization","name":"kabinam.lt","alternateName":"kabinam","url":"https:\/\/kabinam.lt\/","logo":{"@type":"ImageObject","inLanguage":"lv-LV","@id":"https:\/\/kabinam.lt\/#\/schema\/logo\/image\/","url":"https:\/\/kabinam.lt\/wp-content\/uploads\/2025\/05\/KABINAM_outer_glow.png","contentUrl":"https:\/\/kabinam.lt\/wp-content\/uploads\/2025\/05\/KABINAM_outer_glow.png","width":474,"height":141,"caption":"kabinam.lt"},"image":{"@id":"https:\/\/kabinam.lt\/#\/schema\/logo\/image\/"}}]}},"uagb_featured_image_src":{"full":["https:\/\/kabinam.lt\/wp-content\/uploads\/2025\/09\/1000077566.jpg",960,960,false],"thumbnail":["https:\/\/kabinam.lt\/wp-content\/uploads\/2025\/09\/1000077566-150x150.jpg",150,150,true],"medium":["https:\/\/kabinam.lt\/wp-content\/uploads\/2025\/09\/1000077566-300x300.jpg",300,300,true],"medium_large":["https:\/\/kabinam.lt\/wp-content\/uploads\/2025\/09\/1000077566-768x768.jpg",768,768,true],"large":["https:\/\/kabinam.lt\/wp-content\/uploads\/2025\/09\/1000077566.jpg",960,960,false],"1536x1536":["https:\/\/kabinam.lt\/wp-content\/uploads\/2025\/09\/1000077566.jpg",960,960,false],"2048x2048":["https:\/\/kabinam.lt\/wp-content\/uploads\/2025\/09\/1000077566.jpg",960,960,false],"trp-custom-language-flag":["https:\/\/kabinam.lt\/wp-content\/uploads\/2025\/09\/1000077566-12x12.jpg",12,12,true],"woocommerce_thumbnail":["https:\/\/kabinam.lt\/wp-content\/uploads\/2025\/09\/1000077566-300x300.jpg",300,300,true],"woocommerce_single":["https:\/\/kabinam.lt\/wp-content\/uploads\/2025\/09\/1000077566-600x600.jpg",600,600,true],"woocommerce_gallery_thumbnail":["https:\/\/kabinam.lt\/wp-content\/uploads\/2025\/09\/1000077566-100x100.jpg",100,100,true]},"uagb_author_info":{"display_name":"kabinam.lt","author_link":"https:\/\/kabinam.lt\/lv\/author\/"},"uagb_comment_info":0,"uagb_excerpt":"Eleganti\u0161kas ir klasikinis emalio pin'as. Ry\u0161kiai raudona \u0161e\u0161ioliktin\u0117 nata su prabangiu auksiniu kont\u016bru \u2013 tobulas aksesuaras muzikantams, muzikos mokytojams ir visiems, gyvenantiems ritmu.","_links":{"self":[{"href":"https:\/\/kabinam.lt\/lv\/wp-json\/wp\/v2\/product\/4215","targetHints":{"allow":["GET"]}}],"collection":[{"href":"https:\/\/kabinam.lt\/lv\/wp-json\/wp\/v2\/product"}],"about":[{"href":"https:\/\/kabinam.lt\/lv\/wp-json\/wp\/v2\/types\/product"}],"replies":[{"embeddable":true,"href":"https:\/\/kabinam.lt\/lv\/wp-json\/wp\/v2\/comments?post=4215"}],"wp:featuredmedia":[{"embeddable":true,"href":"https:\/\/kabinam.lt\/lv\/wp-json\/wp\/v2\/media\/4214"}],"wp:attachment":[{"href":"https:\/\/kabinam.lt\/lv\/wp-json\/wp\/v2\/media?parent=4215"}],"wp:term":[{"taxonomy":"product_brand","embeddable":true,"href":"https:\/\/kabinam.lt\/lv\/wp-json\/wp\/v2\/product_brand?post=4215"},{"taxonomy":"product_cat","embeddable":true,"href":"https:\/\/kabinam.lt\/lv\/wp-json\/wp\/v2\/product_cat?post=4215"},{"taxonomy":"product_tag","embeddable":true,"href":"https:\/\/kabinam.lt\/lv\/wp-json\/wp\/v2\/product_tag?post=4215"}],"curies":[{"name":"wp","href":"https:\/\/api.w.org\/{rel}","templated":true}]}}