{"id":4176,"date":"2025-09-18T18:06:51","date_gmt":"2025-09-18T16:06:51","guid":{"rendered":"https:\/\/kabinam.lt\/product\/smiley-face-pin\/"},"modified":"2026-01-19T03:24:01","modified_gmt":"2026-01-19T01:24:01","slug":"nirvana-smile-grunge-emaljas-piespraude-ar-smaidu","status":"publish","type":"product","link":"https:\/\/kabinam.lt\/lv\/product\/nirvana-smile-grunge-sypsenele-emalio-pin\/","title":{"rendered":"Popkult\u016bras piespraude | Dzeltens Grunge smaidi\u0146\u0161 - \u201eRock Icon\u201d"},"content":{"rendered":"<div class=\"kk-star-ratings kksr-auto kksr-align-left kksr-valign-top\"\n    data-payload='{&quot;align&quot;:&quot;left&quot;,&quot;id&quot;:&quot;4176&quot;,&quot;slug&quot;:&quot;default&quot;,&quot;valign&quot;:&quot;top&quot;,&quot;ignore&quot;:&quot;&quot;,&quot;reference&quot;:&quot;auto&quot;,&quot;class&quot;:&quot;&quot;,&quot;count&quot;:&quot;0&quot;,&quot;legendonly&quot;:&quot;&quot;,&quot;readonly&quot;:&quot;&quot;,&quot;score&quot;:&quot;0&quot;,&quot;starsonly&quot;:&quot;&quot;,&quot;best&quot;:&quot;5&quot;,&quot;gap&quot;:&quot;5&quot;,&quot;greet&quot;:&quot;Mums svarbus j\u016bs\u0173 \u012fvertinimas&quot;,&quot;legend&quot;:&quot;0\\\/5 - (0 votes)&quot;,&quot;size&quot;:&quot;24&quot;,&quot;title&quot;:&quot;Popkult\u016bros Seg\u0117 | Geltona Grunge \u0160ypsen\u0117l\u0117 \u2013 \\u0026quot;Rock Icon\\u0026quot;&quot;,&quot;width&quot;:&quot;0&quot;,&quot;_legend&quot;:&quot;{score}\\\/{best} - ({count} {votes})&quot;,&quot;font_factor&quot;:&quot;1.25&quot;}'>\n            \n<div class=\"kksr-stars\">\n    \n<div class=\"kksr-stars-inactive\">\n            <div class=\"kksr-star\" data-star=\"1\" style=\"padding-right: 5px\">\n            \n\n<div class=\"kksr-icon\" style=\"width: 24px; height: 24px;\"><\/div>\n        <\/div>\n            <div class=\"kksr-star\" data-star=\"2\" style=\"padding-right: 5px\">\n            \n\n<div class=\"kksr-icon\" style=\"width: 24px; height: 24px;\"><\/div>\n        <\/div>\n            <div class=\"kksr-star\" data-star=\"3\" style=\"padding-right: 5px\">\n            \n\n<div class=\"kksr-icon\" style=\"width: 24px; height: 24px;\"><\/div>\n        <\/div>\n            <div class=\"kksr-star\" data-star=\"4\" style=\"padding-right: 5px\">\n            \n\n<div class=\"kksr-icon\" style=\"width: 24px; height: 24px;\"><\/div>\n        <\/div>\n            <div class=\"kksr-star\" data-star=\"5\" style=\"padding-right: 5px\">\n            \n\n<div class=\"kksr-icon\" style=\"width: 24px; height: 24px;\"><\/div>\n        <\/div>\n    <\/div>\n    \n<div class=\"kksr-stars-active\" style=\"width: 0px;\">\n            <div class=\"kksr-star\" style=\"padding-right: 5px\">\n            \n\n<div class=\"kksr-icon\" style=\"width: 24px; height: 24px;\"><\/div>\n        <\/div>\n            <div class=\"kksr-star\" style=\"padding-right: 5px\">\n            \n\n<div class=\"kksr-icon\" style=\"width: 24px; height: 24px;\"><\/div>\n        <\/div>\n            <div class=\"kksr-star\" style=\"padding-right: 5px\">\n            \n\n<div class=\"kksr-icon\" style=\"width: 24px; height: 24px;\"><\/div>\n        <\/div>\n            <div class=\"kksr-star\" style=\"padding-right: 5px\">\n            \n\n<div class=\"kksr-icon\" style=\"width: 24px; height: 24px;\"><\/div>\n        <\/div>\n            <div class=\"kksr-star\" style=\"padding-right: 5px\">\n            \n\n<div class=\"kksr-icon\" style=\"width: 24px; height: 24px;\"><\/div>\n        <\/div>\n    <\/div>\n<\/div>\n                \n\n<div class=\"kksr-legend\" style=\"font-size: 19.2px;\">\n            <span class=\"kksr-muted\">Mums ir svar\u012bgs j\u016bsu nov\u0113rt\u0113jums<\/span>\n    <\/div>\n    <\/div>\n<h1 data-path-to-node=\"13\">Roka le\u0123enda: Grunge smaidi\u0146\u0161 - Tavs dumpinieciskais akcents<\/h1>\n<p data-path-to-node=\"14\">\u0160is <b data-path-to-node=\"14\" data-index-in-node=\"3\">Nirvana stila emaljas piespraude<\/b> ir \u012bsts m\u016bzikas v\u0113stures gabals uz tava ap\u0123\u0113rba! Tas ir ide\u0101ls <b data-path-to-node=\"14\" data-index-in-node=\"98\">piederumi<\/b> tiem, kas uzaugu\u0161i 90. gados <i data-path-to-node=\"14\" data-index-in-node=\"139\">grun\u017e<\/i> vilnis, dievin\u0101t rokm\u016bziku vai vienk\u0101r\u0161i nov\u0113rt\u0113t ikoniskus popkult\u016bras simbolus. Spilgti dzelten\u0101 kr\u0101sa un \u201eizliektais\u201c dizains uzreiz inform\u0113 par j\u016bsu muzik\u0101lo gaumi un nepiespiesto pieeju dz\u012bvei. Tas nav tikai <b data-path-to-node=\"14\" data-index-in-node=\"358\">emaljas bro\u0161a<\/b> - velt\u012bjums vienai no visu laiku ietekm\u012bg\u0101kaj\u0101m grup\u0101m.<\/p>\n<h2 data-path-to-node=\"15\">Ikonisks dizains un kvalitat\u012bva izgatavo\u0161ana<\/h2>\n<p data-path-to-node=\"16\">Skat\u012bt <b data-path-to-node=\"16\" data-index-in-node=\"4\">emaljas piespraude<\/b> Dizain\u0101 saglab\u0101ti visi ori\u0123in\u0101l\u0101 simbola galvenie elementi: asimetriskais smaids un ikoniskais krusti\u0146\u0161 acu viet\u0101. Pies\u0101tin\u0101t\u0101 dzelten\u0101 kr\u0101sa kontrast\u0113 ar tum\u0161o kont\u016bru, padarot piespraudi \u012bpa\u0161i izteiksm\u012bgu. \u0160is <b data-path-to-node=\"16\" data-index-in-node=\"234\">smaidi\u0146a piespraude<\/b> Vislab\u0101k tas izskat\u0101s tur, kur tam ir vieta - uz nodilu\u0161as d\u017einsa jakas, \u0101das jakas vai \u0123it\u0101ras futr\u0101\u013ca.<\/p>\n<ul data-path-to-node=\"17\">\n<li>\n<p data-path-to-node=\"17,0,0\"><b data-path-to-node=\"17,0,0\" data-index-in-node=\"0\">Stils:<\/b> Ide\u0101li piem\u0113rots <i data-path-to-node=\"17,0,0\" data-index-in-node=\"23\">grunge est\u0113tika<\/i>, <i data-path-to-node=\"17,0,0\" data-index-in-node=\"41\">rokmode<\/i>, <i data-path-to-node=\"17,0,0\" data-index-in-node=\"55\">90. gadu nostal\u0123ija<\/i> un <b data-path-to-node=\"17,0,0\" data-index-in-node=\"72\">m\u016bzikas faniem<\/b> ap\u0123\u0113rbam.<\/p>\n<\/li>\n<li>\n<p data-path-to-node=\"17,1,0\"><b data-path-to-node=\"17,1,0\" data-index-in-node=\"0\">Kvalit\u0101te:<\/b> m\u016bsu <b data-path-to-node=\"17,1,0\" data-index-in-node=\"13\">emaljas saktas<\/b> ra\u017eotas, izmantojot ciet\u0101s emaljas tehnolo\u0123iju, kas nodro\u0161ina kr\u0101su notur\u012bbu un virsmas iztur\u012bbu pat akt\u012bvas valk\u0101\u0161anas laik\u0101. Tum\u0161\u0101 met\u0101la pamatne pie\u0161\u0137ir aksesu\u0101ram iztur\u012bbu. Vair\u0101k m\u016bzikas iedvesmoti aksesu\u0101ri <a class=\"ng-star-inserted\" href=\"https:\/\/www.pinnpatch.lt\" target=\"_blank\" rel=\"noopener\" data-hveid=\"0\" data-ved=\"0CAAQ_4QMahgKEwi5pqKb08yRAxUAAAAAHQAAAAAQ8gs\">pinnpatch.lt<\/a>.<\/p>\n<\/li>\n<\/ul>\n<h2 data-path-to-node=\"18\">D\u0101vana rokm\u016bzikas dv\u0113selei<\/h2>\n<p data-path-to-node=\"19\"><b data-path-to-node=\"19\" data-index-in-node=\"0\">Grunge smaidi\u0146a piespraude<\/b> ir lielisks <b data-path-to-node=\"19\" data-index-in-node=\"37\">ideja par d\u0101vanu<\/b> m\u016bzikas draugam, \u0123it\u0101ristam vai jebkuram, kas nov\u0113rt\u0113 klasisko rokm\u016bziku. Tas ir mazs s\u012bkums, kam ir liela kult\u016bras noz\u012bme. \u0160is aksesu\u0101rs ir lielisks piederums:<\/p>\n<ul data-path-to-node=\"20\">\n<li>\n<p data-path-to-node=\"20,0,0\"><b data-path-to-node=\"20,0,0\" data-index-in-node=\"0\">Koncerta d\u017eemperis vai mugursoma:<\/b> Izce\u013c j\u016bsu individualit\u0101ti p\u016bl\u012b.<\/p>\n<\/li>\n<li>\n<p data-path-to-node=\"20,1,0\"><b data-path-to-node=\"20,1,0\" data-index-in-node=\"0\">\u0122it\u0101ras siksna:<\/b> Pie\u0161\u0137ir instrumentam papildu raksturu.<\/p>\n<\/li>\n<\/ul>\n<p data-path-to-node=\"21\">Skatiet m\u016bsu pilnu <a class=\"ng-star-inserted\" href=\"https:\/\/kabinam.lt\/lv\/produkta-kategorija-2\/piespraudes-pins\/\" target=\"_blank\" rel=\"noopener\" data-hveid=\"0\" data-ved=\"0CAAQ_4QMahgKEwi5pqKb08yRAxUAAAAAHQAAAAAQ8ws\">m\u016bzikas un popkult\u016bras emaljas piesprau\u017eu kolekcija<\/a> un pievienojiet savam t\u0113lam le\u0123endu.<\/p>\n<p data-path-to-node=\"22\"><b data-path-to-node=\"22\" data-index-in-node=\"0\">\u013baujiet m\u016bzikai run\u0101t!<\/b> Rezerv\u0113jiet \u0161o <b data-path-to-node=\"22\" data-index-in-node=\"42\">smaidi\u0146a piespraude<\/b> tagad.<\/p>","protected":false},"excerpt":{"rendered":"<p><b data-path-to-node=\"4,3,1,0\" data-index-in-node=\"0\">Bright<\/b> un <b data-path-to-node=\"4,3,1,0\" data-index-in-node=\"10\">dump\u012bgs<\/b> emalio pin. Kulta dzelten\u0101 kr\u0101s\u0101 <b data-path-to-node=\"4,3,1,0\" data-index-in-node=\"52\">smaidi\u0146\u0161<\/b> ar krusti\u0146iem acu viet\u0101 - oblig\u0101ti. <b data-path-to-node=\"4,3,1,0\" data-index-in-node=\"101\">piederumi<\/b> m\u016bzikas cien\u012bt\u0101jiem, <i data-path-to-node=\"4,3,1,0\" data-index-in-node=\"124\">grun\u017e<\/i> stila faniem un rokm\u016bzikas cien\u012bt\u0101jiem.<\/p>","protected":false},"featured_media":4173,"comment_status":"open","ping_status":"closed","template":"","meta":{"_uag_custom_page_level_css":"","site-sidebar-layout":"default","site-content-layout":"","ast-site-content-layout":"default","site-content-style":"default","site-sidebar-style":"default","ast-global-header-display":"","ast-banner-title-visibility":"","ast-main-header-display":"","ast-hfb-above-header-display":"","ast-hfb-below-header-display":"","ast-hfb-mobile-header-display":"","site-post-title":"","ast-breadcrumbs-content":"","ast-featured-img":"","footer-sml-layout":"","ast-disable-related-posts":"","theme-transparent-header-meta":"default","adv-header-id-meta":"","stick-header-meta":"","header-above-stick-meta":"","header-main-stick-meta":"","header-below-stick-meta":"","astra-migrate-meta-layouts":"set","ast-page-background-enabled":"default","ast-page-background-meta":{"desktop":{"background-color":"var(--ast-global-color-4)","background-image":"","background-repeat":"repeat","background-position":"center center","background-size":"auto","background-attachment":"scroll","background-type":"","background-media":"","overlay-type":"","overlay-color":"","overlay-opacity":"","overlay-gradient":""},"tablet":{"background-color":"","background-image":"","background-repeat":"repeat","background-position":"center center","background-size":"auto","background-attachment":"scroll","background-type":"","background-media":"","overlay-type":"","overlay-color":"","overlay-opacity":"","overlay-gradient":""},"mobile":{"background-color":"","background-image":"","background-repeat":"repeat","background-position":"center center","background-size":"auto","background-attachment":"scroll","background-type":"","background-media":"","overlay-type":"","overlay-color":"","overlay-opacity":"","overlay-gradient":""}},"ast-content-background-meta":{"desktop":{"background-color":"var(--ast-global-color-5)","background-image":"","background-repeat":"repeat","background-position":"center center","background-size":"auto","background-attachment":"scroll","background-type":"","background-media":"","overlay-type":"","overlay-color":"","overlay-opacity":"","overlay-gradient":""},"tablet":{"background-color":"var(--ast-global-color-5)","background-image":"","background-repeat":"repeat","background-position":"center center","background-size":"auto","background-attachment":"scroll","background-type":"","background-media":"","overlay-type":"","overlay-color":"","overlay-opacity":"","overlay-gradient":""},"mobile":{"background-color":"var(--ast-global-color-5)","background-image":"","background-repeat":"repeat","background-position":"center center","background-size":"auto","background-attachment":"scroll","background-type":"","background-media":"","overlay-type":"","overlay-color":"","overlay-opacity":"","overlay-gradient":""}}},"product_brand":[],"product_cat":[126,119],"product_tag":[],"class_list":{"0":"post-4176","1":"product","2":"type-product","3":"status-publish","4":"has-post-thumbnail","6":"product_cat-visi","7":"product_cat-smeigtukai-pins","8":"desktop-align-center","9":"tablet-align-left","10":"mobile-align-left","12":"first","13":"instock","14":"purchasable","15":"product-type-simple"},"yoast_head":"<!-- This site is optimized with the Yoast SEO plugin v27.1.1 - https:\/\/yoast.com\/product\/yoast-seo-wordpress\/ -->\n<title>Popkult\u016bros Seg\u0117 | Geltona Grunge \u0160ypsen\u0117l\u0117 \u2013 &quot;Rock Icon&quot; - kabinam.lt<\/title>\n<meta name=\"description\" content=\"I\u0161reik\u0161kite savo meil\u0119 rokui! \u0160is Nirvana stiliaus emalio segtukas yra kokybi\u0161kas, ry\u0161kus ir ikoni\u0161kas, puikiai tinkantis dekoruoti \u0161vark\u0105 ar kuprin\u0119.\" \/>\n<meta name=\"robots\" content=\"index, follow, max-snippet:-1, max-image-preview:large, max-video-preview:-1\" \/>\n<link rel=\"canonical\" href=\"https:\/\/kabinam.lt\/lv\/produkts\/nirvana-smile-grunge-emaljas-piespraude-ar-smaidu\/\" \/>\n<meta property=\"og:locale\" content=\"lv_LV\" \/>\n<meta property=\"og:type\" content=\"article\" \/>\n<meta property=\"og:title\" content=\"Popkult\u016bros Seg\u0117 | Geltona Grunge \u0160ypsen\u0117l\u0117 \u2013 &quot;Rock Icon&quot; - kabinam.lt\" \/>\n<meta property=\"og:description\" content=\"I\u0161reik\u0161kite savo meil\u0119 rokui! \u0160is Nirvana stiliaus emalio segtukas yra kokybi\u0161kas, ry\u0161kus ir ikoni\u0161kas, puikiai tinkantis dekoruoti \u0161vark\u0105 ar kuprin\u0119.\" \/>\n<meta property=\"og:url\" content=\"https:\/\/kabinam.lt\/lv\/produkts\/nirvana-smile-grunge-emaljas-piespraude-ar-smaidu\/\" \/>\n<meta property=\"og:site_name\" content=\"kabinam.lt\" \/>\n<meta property=\"article:modified_time\" content=\"2026-01-19T01:24:01+00:00\" \/>\n<meta property=\"og:image\" content=\"https:\/\/kabinam.lt\/wp-content\/uploads\/2025\/09\/1000077532.jpg\" \/>\n\t<meta property=\"og:image:width\" content=\"810\" \/>\n\t<meta property=\"og:image:height\" content=\"821\" \/>\n\t<meta property=\"og:image:type\" content=\"image\/jpeg\" \/>\n<meta name=\"twitter:card\" content=\"summary_large_image\" \/>\n<meta name=\"twitter:label1\" content=\"Est. reading time\" \/>\n\t<meta name=\"twitter:data1\" content=\"2 min\u016btes\" \/>\n<script type=\"application\/ld+json\" class=\"yoast-schema-graph\">{\"@context\":\"https:\/\/schema.org\",\"@graph\":[{\"@type\":[\"WebPage\",\"ItemPage\"],\"@id\":\"https:\/\/kabinam.lt\/eng\/product\/nirvana-smile-grunge-sypsenele-emalio-pin\/\",\"url\":\"https:\/\/kabinam.lt\/eng\/product\/nirvana-smile-grunge-sypsenele-emalio-pin\/\",\"name\":\"Popkult\u016bros Seg\u0117 | Geltona Grunge \u0160ypsen\u0117l\u0117 \u2013 \\\"Rock Icon\\\" - kabinam.lt\",\"isPartOf\":{\"@id\":\"https:\/\/kabinam.lt\/#website\"},\"primaryImageOfPage\":{\"@id\":\"https:\/\/kabinam.lt\/eng\/product\/nirvana-smile-grunge-sypsenele-emalio-pin\/#primaryimage\"},\"image\":{\"@id\":\"https:\/\/kabinam.lt\/eng\/product\/nirvana-smile-grunge-sypsenele-emalio-pin\/#primaryimage\"},\"thumbnailUrl\":\"https:\/\/kabinam.lt\/wp-content\/uploads\/2025\/09\/1000077532.jpg\",\"datePublished\":\"2025-09-18T16:06:51+00:00\",\"dateModified\":\"2026-01-19T01:24:01+00:00\",\"description\":\"I\u0161reik\u0161kite savo meil\u0119 rokui! \u0160is Nirvana stiliaus emalio segtukas yra kokybi\u0161kas, ry\u0161kus ir ikoni\u0161kas, puikiai tinkantis dekoruoti \u0161vark\u0105 ar kuprin\u0119.\",\"breadcrumb\":{\"@id\":\"https:\/\/kabinam.lt\/eng\/product\/nirvana-smile-grunge-sypsenele-emalio-pin\/#breadcrumb\"},\"inLanguage\":\"lv-LV\",\"potentialAction\":[{\"@type\":\"ReadAction\",\"target\":[\"https:\/\/kabinam.lt\/eng\/product\/nirvana-smile-grunge-sypsenele-emalio-pin\/\"]}]},{\"@type\":\"ImageObject\",\"inLanguage\":\"lv-LV\",\"@id\":\"https:\/\/kabinam.lt\/eng\/product\/nirvana-smile-grunge-sypsenele-emalio-pin\/#primaryimage\",\"url\":\"https:\/\/kabinam.lt\/wp-content\/uploads\/2025\/09\/1000077532.jpg\",\"contentUrl\":\"https:\/\/kabinam.lt\/wp-content\/uploads\/2025\/09\/1000077532.jpg\",\"width\":810,\"height\":821,\"caption\":\"Ikoni\u0161kos Grunge \u0160ypsen\u0117l\u0117s Emalio Segtukas\"},{\"@type\":\"BreadcrumbList\",\"@id\":\"https:\/\/kabinam.lt\/eng\/product\/nirvana-smile-grunge-sypsenele-emalio-pin\/#breadcrumb\",\"itemListElement\":[{\"@type\":\"ListItem\",\"position\":1,\"name\":\"Home\",\"item\":\"https:\/\/kabinam.lt\/\"},{\"@type\":\"ListItem\",\"position\":2,\"name\":\"Visi Produktai\",\"item\":\"https:\/\/kabinam.lt\/visi-produktai\/\"},{\"@type\":\"ListItem\",\"position\":3,\"name\":\"Popkult\u016bros Seg\u0117 | Geltona Grunge \u0160ypsen\u0117l\u0117 \u2013 &#8222;Rock Icon&#8221;\"}]},{\"@type\":\"WebSite\",\"@id\":\"https:\/\/kabinam.lt\/#website\",\"url\":\"https:\/\/kabinam.lt\/\",\"name\":\"kabinam.lt\",\"description\":\"Kabinam.lt \u2013 raktu pakabukai ir aksesuarai\",\"publisher\":{\"@id\":\"https:\/\/kabinam.lt\/#organization\"},\"alternateName\":\"pakabukai lt\",\"potentialAction\":[{\"@type\":\"SearchAction\",\"target\":{\"@type\":\"EntryPoint\",\"urlTemplate\":\"https:\/\/kabinam.lt\/?s={search_term_string}\"},\"query-input\":{\"@type\":\"PropertyValueSpecification\",\"valueRequired\":true,\"valueName\":\"search_term_string\"}}],\"inLanguage\":\"lv-LV\"},{\"@type\":\"Organization\",\"@id\":\"https:\/\/kabinam.lt\/#organization\",\"name\":\"kabinam.lt\",\"alternateName\":\"kabinam\",\"url\":\"https:\/\/kabinam.lt\/\",\"logo\":{\"@type\":\"ImageObject\",\"inLanguage\":\"lv-LV\",\"@id\":\"https:\/\/kabinam.lt\/#\/schema\/logo\/image\/\",\"url\":\"https:\/\/kabinam.lt\/wp-content\/uploads\/2025\/05\/KABINAM_outer_glow.png\",\"contentUrl\":\"https:\/\/kabinam.lt\/wp-content\/uploads\/2025\/05\/KABINAM_outer_glow.png\",\"width\":474,\"height\":141,\"caption\":\"kabinam.lt\"},\"image\":{\"@id\":\"https:\/\/kabinam.lt\/#\/schema\/logo\/image\/\"}}]}<\/script>\n<!-- \/ Yoast SEO plugin. -->","yoast_head_json":{"title":"Popkult\u016bras piespraudes | Dzeltens Grunge smaidi\u0146\u0161 - \"Rock Icon\" - kabinam.lt","description":"Izpau\u017e savu m\u012blest\u012bbu pret rokm\u016bziku! \u0160\u012b Nirvana stila emaljas piespraude ir augstas kvalit\u0101tes, spilgta un ikoniska, ide\u0101li piem\u0113rota jakas vai mugursomas rot\u0101\u0161anai.","robots":{"index":"index","follow":"follow","max-snippet":"max-snippet:-1","max-image-preview":"max-image-preview:large","max-video-preview":"max-video-preview:-1"},"canonical":"https:\/\/kabinam.lt\/lv\/produkts\/nirvana-smile-grunge-emaljas-piespraude-ar-smaidu\/","og_locale":"lv_LV","og_type":"article","og_title":"Popkult\u016bros Seg\u0117 | Geltona Grunge \u0160ypsen\u0117l\u0117 \u2013 \"Rock Icon\" - kabinam.lt","og_description":"I\u0161reik\u0161kite savo meil\u0119 rokui! \u0160is Nirvana stiliaus emalio segtukas yra kokybi\u0161kas, ry\u0161kus ir ikoni\u0161kas, puikiai tinkantis dekoruoti \u0161vark\u0105 ar kuprin\u0119.","og_url":"https:\/\/kabinam.lt\/lv\/produkts\/nirvana-smile-grunge-emaljas-piespraude-ar-smaidu\/","og_site_name":"kabinam.lt","article_modified_time":"2026-01-19T01:24:01+00:00","og_image":[{"width":810,"height":821,"url":"https:\/\/kabinam.lt\/wp-content\/uploads\/2025\/09\/1000077532.jpg","type":"image\/jpeg"}],"twitter_card":"summary_large_image","twitter_misc":{"Est. reading time":"2 min\u016btes"},"schema":{"@context":"https:\/\/schema.org","@graph":[{"@type":["WebPage","ItemPage"],"@id":"https:\/\/kabinam.lt\/eng\/product\/nirvana-smile-grunge-sypsenele-emalio-pin\/","url":"https:\/\/kabinam.lt\/eng\/product\/nirvana-smile-grunge-sypsenele-emalio-pin\/","name":"Popkult\u016bras piespraudes | Dzeltens Grunge smaidi\u0146\u0161 - \"Rock Icon\" - kabinam.lt","isPartOf":{"@id":"https:\/\/kabinam.lt\/#website"},"primaryImageOfPage":{"@id":"https:\/\/kabinam.lt\/eng\/product\/nirvana-smile-grunge-sypsenele-emalio-pin\/#primaryimage"},"image":{"@id":"https:\/\/kabinam.lt\/eng\/product\/nirvana-smile-grunge-sypsenele-emalio-pin\/#primaryimage"},"thumbnailUrl":"https:\/\/kabinam.lt\/wp-content\/uploads\/2025\/09\/1000077532.jpg","datePublished":"2025-09-18T16:06:51+00:00","dateModified":"2026-01-19T01:24:01+00:00","description":"Izpau\u017e savu m\u012blest\u012bbu pret rokm\u016bziku! \u0160\u012b Nirvana stila emaljas piespraude ir augstas kvalit\u0101tes, spilgta un ikoniska, ide\u0101li piem\u0113rota jakas vai mugursomas rot\u0101\u0161anai.","breadcrumb":{"@id":"https:\/\/kabinam.lt\/eng\/product\/nirvana-smile-grunge-sypsenele-emalio-pin\/#breadcrumb"},"inLanguage":"lv-LV","potentialAction":[{"@type":"ReadAction","target":["https:\/\/kabinam.lt\/eng\/product\/nirvana-smile-grunge-sypsenele-emalio-pin\/"]}]},{"@type":"ImageObject","inLanguage":"lv-LV","@id":"https:\/\/kabinam.lt\/eng\/product\/nirvana-smile-grunge-sypsenele-emalio-pin\/#primaryimage","url":"https:\/\/kabinam.lt\/wp-content\/uploads\/2025\/09\/1000077532.jpg","contentUrl":"https:\/\/kabinam.lt\/wp-content\/uploads\/2025\/09\/1000077532.jpg","width":810,"height":821,"caption":"Ikoni\u0161kos Grunge \u0160ypsen\u0117l\u0117s Emalio Segtukas"},{"@type":"BreadcrumbList","@id":"https:\/\/kabinam.lt\/eng\/product\/nirvana-smile-grunge-sypsenele-emalio-pin\/#breadcrumb","itemListElement":[{"@type":"ListItem","position":1,"name":"Home","item":"https:\/\/kabinam.lt\/"},{"@type":"ListItem","position":2,"name":"Visi Produktai","item":"https:\/\/kabinam.lt\/visi-produktai\/"},{"@type":"ListItem","position":3,"name":"Popkult\u016bros Seg\u0117 | Geltona Grunge \u0160ypsen\u0117l\u0117 \u2013 &#8222;Rock Icon&#8221;"}]},{"@type":"WebSite","@id":"https:\/\/kabinam.lt\/#website","url":"https:\/\/kabinam.lt\/","name":"kabinam.lt","description":"Kabinam.lt - atsl\u0113gu piekari\u0146i un aksesu\u0101ri","publisher":{"@id":"https:\/\/kabinam.lt\/#organization"},"alternateName":"pakabukai lt","potentialAction":[{"@type":"SearchAction","target":{"@type":"EntryPoint","urlTemplate":"https:\/\/kabinam.lt\/?s={search_term_string}"},"query-input":{"@type":"PropertyValueSpecification","valueRequired":true,"valueName":"search_term_string"}}],"inLanguage":"lv-LV"},{"@type":"Organization","@id":"https:\/\/kabinam.lt\/#organization","name":"kabinam.lt","alternateName":"kabinam","url":"https:\/\/kabinam.lt\/","logo":{"@type":"ImageObject","inLanguage":"lv-LV","@id":"https:\/\/kabinam.lt\/#\/schema\/logo\/image\/","url":"https:\/\/kabinam.lt\/wp-content\/uploads\/2025\/05\/KABINAM_outer_glow.png","contentUrl":"https:\/\/kabinam.lt\/wp-content\/uploads\/2025\/05\/KABINAM_outer_glow.png","width":474,"height":141,"caption":"kabinam.lt"},"image":{"@id":"https:\/\/kabinam.lt\/#\/schema\/logo\/image\/"}}]}},"uagb_featured_image_src":{"full":["https:\/\/kabinam.lt\/wp-content\/uploads\/2025\/09\/1000077532.jpg",810,821,false],"thumbnail":["https:\/\/kabinam.lt\/wp-content\/uploads\/2025\/09\/1000077532-150x150.jpg",150,150,true],"medium":["https:\/\/kabinam.lt\/wp-content\/uploads\/2025\/09\/1000077532-296x300.jpg",296,300,true],"medium_large":["https:\/\/kabinam.lt\/wp-content\/uploads\/2025\/09\/1000077532-768x778.jpg",768,778,true],"large":["https:\/\/kabinam.lt\/wp-content\/uploads\/2025\/09\/1000077532.jpg",810,821,false],"1536x1536":["https:\/\/kabinam.lt\/wp-content\/uploads\/2025\/09\/1000077532.jpg",810,821,false],"2048x2048":["https:\/\/kabinam.lt\/wp-content\/uploads\/2025\/09\/1000077532.jpg",810,821,false],"trp-custom-language-flag":["https:\/\/kabinam.lt\/wp-content\/uploads\/2025\/09\/1000077532-12x12.jpg",12,12,true],"woocommerce_thumbnail":["https:\/\/kabinam.lt\/wp-content\/uploads\/2025\/09\/1000077532-300x300.jpg",300,300,true],"woocommerce_single":["https:\/\/kabinam.lt\/wp-content\/uploads\/2025\/09\/1000077532-600x608.jpg",600,608,true],"woocommerce_gallery_thumbnail":["https:\/\/kabinam.lt\/wp-content\/uploads\/2025\/09\/1000077532-100x100.jpg",100,100,true]},"uagb_author_info":{"display_name":"kabinam.lt","author_link":"https:\/\/kabinam.lt\/lv\/author\/"},"uagb_comment_info":0,"uagb_excerpt":"Ry\u0161kus ir mai\u0161tingas emalio pin'as. Kultin\u0117 geltona \u0161ypsen\u0117l\u0117 su kry\u017eiukais vietoj aki\u0173 \u2013 privalomas aksesuaras melomanams, grunge stiliaus gerb\u0117jams ir roko muzikos fanams.","_links":{"self":[{"href":"https:\/\/kabinam.lt\/lv\/wp-json\/wp\/v2\/product\/4176","targetHints":{"allow":["GET"]}}],"collection":[{"href":"https:\/\/kabinam.lt\/lv\/wp-json\/wp\/v2\/product"}],"about":[{"href":"https:\/\/kabinam.lt\/lv\/wp-json\/wp\/v2\/types\/product"}],"replies":[{"embeddable":true,"href":"https:\/\/kabinam.lt\/lv\/wp-json\/wp\/v2\/comments?post=4176"}],"wp:featuredmedia":[{"embeddable":true,"href":"https:\/\/kabinam.lt\/lv\/wp-json\/wp\/v2\/media\/4173"}],"wp:attachment":[{"href":"https:\/\/kabinam.lt\/lv\/wp-json\/wp\/v2\/media?parent=4176"}],"wp:term":[{"taxonomy":"product_brand","embeddable":true,"href":"https:\/\/kabinam.lt\/lv\/wp-json\/wp\/v2\/product_brand?post=4176"},{"taxonomy":"product_cat","embeddable":true,"href":"https:\/\/kabinam.lt\/lv\/wp-json\/wp\/v2\/product_cat?post=4176"},{"taxonomy":"product_tag","embeddable":true,"href":"https:\/\/kabinam.lt\/lv\/wp-json\/wp\/v2\/product_tag?post=4176"}],"curies":[{"name":"wp","href":"https:\/\/api.w.org\/{rel}","templated":true}]}}