{"id":4146,"date":"2025-09-16T18:20:16","date_gmt":"2025-09-16T16:20:16","guid":{"rendered":"https:\/\/kabinam.lt\/product\/vaivorykste-storms-dont-last\/"},"modified":"2026-03-12T07:03:13","modified_gmt":"2026-03-12T05:03:13","slug":"varaviksnes-piespraude-storms-dont-last-forever-pin","status":"publish","type":"product","link":"https:\/\/kabinam.lt\/lv\/product\/vaivorykstes-segtukas-storms-dont-last-forever-pin\/","title":{"rendered":"Motiv\u0101cijas piespraude | Rainbow \u201eV\u0113tras nav m\u016b\u017e\u012bgas\u201c"},"content":{"rendered":"<div class=\"kk-star-ratings kksr-auto kksr-align-left kksr-valign-top\"\n    data-payload='{&quot;align&quot;:&quot;left&quot;,&quot;id&quot;:&quot;4146&quot;,&quot;slug&quot;:&quot;default&quot;,&quot;valign&quot;:&quot;top&quot;,&quot;ignore&quot;:&quot;&quot;,&quot;reference&quot;:&quot;auto&quot;,&quot;class&quot;:&quot;&quot;,&quot;count&quot;:&quot;0&quot;,&quot;legendonly&quot;:&quot;&quot;,&quot;readonly&quot;:&quot;&quot;,&quot;score&quot;:&quot;0&quot;,&quot;starsonly&quot;:&quot;&quot;,&quot;best&quot;:&quot;5&quot;,&quot;gap&quot;:&quot;5&quot;,&quot;greet&quot;:&quot;Mums svarbus j\u016bs\u0173 \u012fvertinimas&quot;,&quot;legend&quot;:&quot;0\\\/5 - (0 votes)&quot;,&quot;size&quot;:&quot;24&quot;,&quot;title&quot;:&quot;Motyvacin\u0117 Seg\u0117 | Vaivoryk\u0161t\u0117 \u201eStorms don\\u0026#039;t last forever\u201c&quot;,&quot;width&quot;:&quot;0&quot;,&quot;_legend&quot;:&quot;{score}\\\/{best} - ({count} {votes})&quot;,&quot;font_factor&quot;:&quot;1.25&quot;}'>\n            \n<div class=\"kksr-stars\">\n    \n<div class=\"kksr-stars-inactive\">\n            <div class=\"kksr-star\" data-star=\"1\" style=\"padding-right: 5px\">\n            \n\n<div class=\"kksr-icon\" style=\"width: 24px; height: 24px;\"><\/div>\n        <\/div>\n            <div class=\"kksr-star\" data-star=\"2\" style=\"padding-right: 5px\">\n            \n\n<div class=\"kksr-icon\" style=\"width: 24px; height: 24px;\"><\/div>\n        <\/div>\n            <div class=\"kksr-star\" data-star=\"3\" style=\"padding-right: 5px\">\n            \n\n<div class=\"kksr-icon\" style=\"width: 24px; height: 24px;\"><\/div>\n        <\/div>\n            <div class=\"kksr-star\" data-star=\"4\" style=\"padding-right: 5px\">\n            \n\n<div class=\"kksr-icon\" style=\"width: 24px; height: 24px;\"><\/div>\n        <\/div>\n            <div class=\"kksr-star\" data-star=\"5\" style=\"padding-right: 5px\">\n            \n\n<div class=\"kksr-icon\" style=\"width: 24px; height: 24px;\"><\/div>\n        <\/div>\n    <\/div>\n    \n<div class=\"kksr-stars-active\" style=\"width: 0px;\">\n            <div class=\"kksr-star\" style=\"padding-right: 5px\">\n            \n\n<div class=\"kksr-icon\" style=\"width: 24px; height: 24px;\"><\/div>\n        <\/div>\n            <div class=\"kksr-star\" style=\"padding-right: 5px\">\n            \n\n<div class=\"kksr-icon\" style=\"width: 24px; height: 24px;\"><\/div>\n        <\/div>\n            <div class=\"kksr-star\" style=\"padding-right: 5px\">\n            \n\n<div class=\"kksr-icon\" style=\"width: 24px; height: 24px;\"><\/div>\n        <\/div>\n            <div class=\"kksr-star\" style=\"padding-right: 5px\">\n            \n\n<div class=\"kksr-icon\" style=\"width: 24px; height: 24px;\"><\/div>\n        <\/div>\n            <div class=\"kksr-star\" style=\"padding-right: 5px\">\n            \n\n<div class=\"kksr-icon\" style=\"width: 24px; height: 24px;\"><\/div>\n        <\/div>\n    <\/div>\n<\/div>\n                \n\n<div class=\"kksr-legend\" style=\"font-size: 19.2px;\">\n            <span class=\"kksr-muted\">Mums ir svar\u012bgs j\u016bsu nov\u0113rt\u0113jums<\/span>\n    <\/div>\n    <\/div>\n<h1 data-path-to-node=\"13\">Cer\u012bbas simbols: varav\u012bksne \u201eV\u0113tras nav m\u016b\u017e\u012bgas\u201c - Inspiration for Your Day<\/h1>\n<p data-path-to-node=\"14\">\u0160is <b data-path-to-node=\"14\" data-index-in-node=\"3\">varav\u012bksnes emaljas bro\u0161a<\/b> - t\u0101 ir p\u0101rn\u0113s\u0101jama motiv\u0101cija un atg\u0101din\u0101jums, ka p\u0113c katras v\u0113tras uzsp\u012bd saule! Tas ir ide\u0101ls <b data-path-to-node=\"14\" data-index-in-node=\"123\">piederumi<\/b> ikvienam, kas piedz\u012bvo p\u0101rmai\u0146as, cen\u0161as sasniegt m\u0113r\u0137us vai vienk\u0101r\u0161i v\u0113las izplat\u012bt pozit\u012bvismu citiem. Uzraksts ang\u013cu valod\u0101 \u201eStorms don't last forever\u201c (\"V\u0113tras nav m\u016b\u017e\u012bgas\"). <i data-path-to-node=\"14\" data-index-in-node=\"299\">V\u0113tras nav m\u016b\u017e\u012bgas<\/i>) pie\u0161\u0137ir \u0161\u012bm rotasliet\u0101m dzi\u013cu noz\u012bmi. Tas ir ne tikai <b data-path-to-node=\"14\" data-index-in-node=\"374\">emaljas bro\u0161a<\/b> - Tas ir neliels sp\u0113ka apliecin\u0101jums, ko var n\u0113s\u0101t tuvu pie sirds.<\/p>\n<h2 data-path-to-node=\"15\">Kr\u0101sains kontrasts un j\u0113gpilns dizains<\/h2>\n<p data-path-to-node=\"16\">Skat\u012bt <b data-path-to-node=\"16\" data-index-in-node=\"4\">emaljas piespraude<\/b> Kontrasts starp v\u0113tras pel\u0113ko m\u0101koni un gai\u0161o, cer\u012bbu pilno apdari ir unik\u0101ls. Spilgtas varav\u012bksnes kr\u0101sas lieliski sader ar melno met\u0101lisko kont\u016bru, pie\u0161\u0137irot aksesu\u0101ram modernu un grafisku izskatu. \u0160is <b data-path-to-node=\"16\" data-index-in-node=\"234\">motiv\u0113jo\u0161a piespraude<\/b> Tas izskat\u0101s \u013coti paman\u0101mi uz jaku atlokiem, d\u017eemperiem vai mugursom\u0101m, uzlabojot j\u016bsu un apk\u0101rt\u0113jo noska\u0146ojumu.<\/p>\n<ul data-path-to-node=\"17\">\n<li>\n<p data-path-to-node=\"17,0,0\"><b data-path-to-node=\"17,0,0\" data-index-in-node=\"0\">Stils:<\/b> Ide\u0101li piem\u0113rots <i data-path-to-node=\"17,0,0\" data-index-in-node=\"23\">izpratne par gar\u012bgo vesel\u012bbu<\/i>, <i data-path-to-node=\"17,0,0\" data-index-in-node=\"48\">pozit\u012bvas vibr\u0101cijas<\/i>, <i data-path-to-node=\"17,0,0\" data-index-in-node=\"64\">kr\u0101saina mode<\/i> un <b data-path-to-node=\"17,0,0\" data-index-in-node=\"85\">j\u0113gpilns<\/b> ikdienas valk\u0101\u0161anai.<\/p>\n<\/li>\n<li>\n<p data-path-to-node=\"17,1,0\"><b data-path-to-node=\"17,1,0\" data-index-in-node=\"0\">Kvalit\u0101te:<\/b> m\u016bsu <b data-path-to-node=\"17,1,0\" data-index-in-node=\"13\">emaljas saktas<\/b> ir izgatavoti, izmantojot iztur\u012bgas ciet\u0101s emaljas tehnolo\u0123iju, kas nodro\u0161ina kr\u0101su pies\u0101tin\u0101jumu un virsmas iztur\u012bbu. Meln\u0101 met\u0101la pamatne pie\u0161\u0137ir piespraudei stingr\u012bbu un nodro\u0161ina, ka teksts ir skaidri redzams. Vair\u0101k motiv\u0113jo\u0161u aksesu\u0101ru <a class=\"ng-star-inserted\" href=\"https:\/\/www.pinnpatch.lt\" target=\"_blank\" rel=\"noopener\" data-hveid=\"0\" data-ved=\"0CAAQ_4QMahgKEwi5pqKb08yRAxUAAAAAHQAAAAAQohA\">pinnpatch.lt<\/a>.<\/p>\n<\/li>\n<\/ul>\n<h2 data-path-to-node=\"18\">D\u0101vana, kas dod sp\u0113ku<\/h2>\n<p data-path-to-node=\"19\"><b data-path-to-node=\"19\" data-index-in-node=\"0\">Varav\u012bksnes piespraude ar uzrakstu<\/b> ir p\u0101rsteidzo\u0161s <b data-path-to-node=\"19\" data-index-in-node=\"45\">ideja par d\u0101vanu<\/b> draugam, kam nepiecie\u0161ams atbalsts, kol\u0113\u0123im p\u0113c sare\u017e\u0123\u012bta projekta vai sev k\u0101 sasniegumu simbols. Tas ir j\u016bt\u012bgs un p\u0101rdom\u0101ts s\u012bkums, kas s\u016bta v\u0113st\u012bjumu, ka viss b\u016bs labi. \u0160\u012b rotaslieta ir ide\u0101ls aksesu\u0101rs:<\/p>\n<ul data-path-to-node=\"20\">\n<li>\n<p data-path-to-node=\"20,0,0\"><b data-path-to-node=\"20,0,0\" data-index-in-node=\"0\">Darba burtn\u012bca vai z\u012bmu\u013clieta:<\/b> Tas jums atg\u0101din\u0101s, ka, lai sasniegtu rezult\u0101tus, j\u0101b\u016bt paciet\u012bgam.<\/p>\n<\/li>\n<li>\n<p data-path-to-node=\"20,1,0\"><b data-path-to-node=\"20,1,0\" data-index-in-node=\"0\">D\u017einsa jaka vai m\u0113telis:<\/b> Pie\u0161\u0137iriet savam stilam kr\u0101su un pozit\u012bvu raksturu.<\/p>\n<\/li>\n<\/ul>\n<p data-path-to-node=\"21\">Skatiet m\u016bsu pilnu <a class=\"ng-star-inserted\" href=\"https:\/\/kabinam.lt\/lv\/produkta-kategorija-2\/piespraudes-pins\/\" target=\"_blank\" rel=\"noopener\" data-hveid=\"0\" data-ved=\"0CAAQ_4QMahgKEwi5pqKb08yRAxUAAAAAHQAAAAAQoxA\">motiv\u0113jo\u0161u un kr\u0101sainu emaljas piesprau\u017eu kolekcija.<\/a> un atrodiet savu cer\u012bbas z\u012bmi.<\/p>\n<p data-path-to-node=\"22\"><b data-path-to-node=\"22\" data-index-in-node=\"0\">Tici gaismai pat p\u0113c v\u0113tras!<\/b> Rezerv\u0113jiet \u0161o <b data-path-to-node=\"22\" data-index-in-node=\"51\">varav\u012bksnes<\/b> tagad.<\/p>","protected":false},"excerpt":{"rendered":"<p><b data-path-to-node=\"4,3,1,0\" data-index-in-node=\"0\">Iedvesmojo\u0161s<\/b> un <b data-path-to-node=\"4,3,1,0\" data-index-in-node=\"15\">kr\u0101\u0161\u0146s<\/b> emalio pin. Spilgts <b data-path-to-node=\"4,3,1,0\" data-index-in-node=\"47\">varav\u012bksne<\/b> starp pel\u0113ku un baltu m\u0101koni ar fr\u0101zi <b data-path-to-node=\"4,3,1,0\" data-index-in-node=\"98\">\u201eV\u0113tras nav m\u016b\u017e\u012bgas\u201c<\/b> - stil\u012bga cer\u012bba un sp\u0113ks <b data-path-to-node=\"4,3,1,0\" data-index-in-node=\"159\">piederumi<\/b>.<\/p>","protected":false},"featured_media":4144,"comment_status":"open","ping_status":"closed","template":"","meta":{"_uag_custom_page_level_css":"","site-sidebar-layout":"default","site-content-layout":"","ast-site-content-layout":"default","site-content-style":"default","site-sidebar-style":"default","ast-global-header-display":"","ast-banner-title-visibility":"","ast-main-header-display":"","ast-hfb-above-header-display":"","ast-hfb-below-header-display":"","ast-hfb-mobile-header-display":"","site-post-title":"","ast-breadcrumbs-content":"","ast-featured-img":"","footer-sml-layout":"","ast-disable-related-posts":"","theme-transparent-header-meta":"default","adv-header-id-meta":"","stick-header-meta":"","header-above-stick-meta":"","header-main-stick-meta":"","header-below-stick-meta":"","astra-migrate-meta-layouts":"set","ast-page-background-enabled":"default","ast-page-background-meta":{"desktop":{"background-color":"var(--ast-global-color-4)","background-image":"","background-repeat":"repeat","background-position":"center center","background-size":"auto","background-attachment":"scroll","background-type":"","background-media":"","overlay-type":"","overlay-color":"","overlay-opacity":"","overlay-gradient":""},"tablet":{"background-color":"","background-image":"","background-repeat":"repeat","background-position":"center center","background-size":"auto","background-attachment":"scroll","background-type":"","background-media":"","overlay-type":"","overlay-color":"","overlay-opacity":"","overlay-gradient":""},"mobile":{"background-color":"","background-image":"","background-repeat":"repeat","background-position":"center center","background-size":"auto","background-attachment":"scroll","background-type":"","background-media":"","overlay-type":"","overlay-color":"","overlay-opacity":"","overlay-gradient":""}},"ast-content-background-meta":{"desktop":{"background-color":"var(--ast-global-color-5)","background-image":"","background-repeat":"repeat","background-position":"center center","background-size":"auto","background-attachment":"scroll","background-type":"","background-media":"","overlay-type":"","overlay-color":"","overlay-opacity":"","overlay-gradient":""},"tablet":{"background-color":"var(--ast-global-color-5)","background-image":"","background-repeat":"repeat","background-position":"center center","background-size":"auto","background-attachment":"scroll","background-type":"","background-media":"","overlay-type":"","overlay-color":"","overlay-opacity":"","overlay-gradient":""},"mobile":{"background-color":"var(--ast-global-color-5)","background-image":"","background-repeat":"repeat","background-position":"center center","background-size":"auto","background-attachment":"scroll","background-type":"","background-media":"","overlay-type":"","overlay-color":"","overlay-opacity":"","overlay-gradient":""}}},"product_brand":[],"product_cat":[126,119],"product_tag":[],"class_list":{"0":"post-4146","1":"product","2":"type-product","3":"status-publish","4":"has-post-thumbnail","6":"product_cat-visi","7":"product_cat-smeigtukai-pins","8":"desktop-align-center","9":"tablet-align-left","10":"mobile-align-left","12":"first","13":"outofstock","14":"purchasable","15":"product-type-simple"},"yoast_head":"<!-- This site is optimized with the Yoast SEO plugin v27.1.1 - https:\/\/yoast.com\/product\/yoast-seo-wordpress\/ -->\n<title>Motyvacin\u0117 Seg\u0117 | Vaivoryk\u0161t\u0117 \u201eStorms don&#039;t last forever\u201c - kabinam.lt<\/title>\n<meta name=\"description\" content=\"Tik\u0117kite \u0161viesesniu rytojumi! \u0160is vaivoryk\u0161t\u0117s emalio segtukas su u\u017era\u0161u \u201eStorms don&#039;t last forever\u201c yra kokybi\u0161kas, motyvuojantis ir spalvingas aksesuaras.\" \/>\n<meta name=\"robots\" content=\"index, follow, max-snippet:-1, max-image-preview:large, max-video-preview:-1\" \/>\n<link rel=\"canonical\" href=\"https:\/\/kabinam.lt\/lv\/produkts\/varaviksnes-piespraude-storms-dont-last-forever-pin\/\" \/>\n<meta property=\"og:locale\" content=\"lv_LV\" \/>\n<meta property=\"og:type\" content=\"article\" \/>\n<meta property=\"og:title\" content=\"Motyvacin\u0117 Seg\u0117 | Vaivoryk\u0161t\u0117 \u201eStorms don&#039;t last forever\u201c - kabinam.lt\" \/>\n<meta property=\"og:description\" content=\"Tik\u0117kite \u0161viesesniu rytojumi! \u0160is vaivoryk\u0161t\u0117s emalio segtukas su u\u017era\u0161u \u201eStorms don&#039;t last forever\u201c yra kokybi\u0161kas, motyvuojantis ir spalvingas aksesuaras.\" \/>\n<meta property=\"og:url\" content=\"https:\/\/kabinam.lt\/lv\/produkts\/varaviksnes-piespraude-storms-dont-last-forever-pin\/\" \/>\n<meta property=\"og:site_name\" content=\"kabinam.lt\" \/>\n<meta property=\"article:modified_time\" content=\"2026-03-12T05:03:13+00:00\" \/>\n<meta property=\"og:image\" content=\"https:\/\/kabinam.lt\/wp-content\/uploads\/2025\/09\/1000077503.jpg\" \/>\n\t<meta property=\"og:image:width\" content=\"1200\" \/>\n\t<meta property=\"og:image:height\" content=\"1200\" \/>\n\t<meta property=\"og:image:type\" content=\"image\/jpeg\" \/>\n<meta name=\"twitter:card\" content=\"summary_large_image\" \/>\n<meta name=\"twitter:label1\" content=\"Est. reading time\" \/>\n\t<meta name=\"twitter:data1\" content=\"1 min\u016bte\" \/>\n<script type=\"application\/ld+json\" class=\"yoast-schema-graph\">{\"@context\":\"https:\/\/schema.org\",\"@graph\":[{\"@type\":[\"WebPage\",\"ItemPage\"],\"@id\":\"https:\/\/kabinam.lt\/eng\/product\/rainbow-pin-storms-dont-last-forever-pin\/\",\"url\":\"https:\/\/kabinam.lt\/eng\/product\/rainbow-pin-storms-dont-last-forever-pin\/\",\"name\":\"Motyvacin\u0117 Seg\u0117 | Vaivoryk\u0161t\u0117 \u201eStorms don't last forever\u201c - kabinam.lt\",\"isPartOf\":{\"@id\":\"https:\/\/kabinam.lt\/#website\"},\"primaryImageOfPage\":{\"@id\":\"https:\/\/kabinam.lt\/eng\/product\/rainbow-pin-storms-dont-last-forever-pin\/#primaryimage\"},\"image\":{\"@id\":\"https:\/\/kabinam.lt\/eng\/product\/rainbow-pin-storms-dont-last-forever-pin\/#primaryimage\"},\"thumbnailUrl\":\"https:\/\/kabinam.lt\/wp-content\/uploads\/2025\/09\/1000077503.jpg\",\"datePublished\":\"2025-09-16T16:20:16+00:00\",\"dateModified\":\"2026-03-12T05:03:13+00:00\",\"description\":\"Tik\u0117kite \u0161viesesniu rytojumi! \u0160is vaivoryk\u0161t\u0117s emalio segtukas su u\u017era\u0161u \u201eStorms don't last forever\u201c yra kokybi\u0161kas, motyvuojantis ir spalvingas aksesuaras.\",\"breadcrumb\":{\"@id\":\"https:\/\/kabinam.lt\/eng\/product\/rainbow-pin-storms-dont-last-forever-pin\/#breadcrumb\"},\"inLanguage\":\"lv-LV\",\"potentialAction\":[{\"@type\":\"ReadAction\",\"target\":[\"https:\/\/kabinam.lt\/eng\/product\/rainbow-pin-storms-dont-last-forever-pin\/\"]}]},{\"@type\":\"ImageObject\",\"inLanguage\":\"lv-LV\",\"@id\":\"https:\/\/kabinam.lt\/eng\/product\/rainbow-pin-storms-dont-last-forever-pin\/#primaryimage\",\"url\":\"https:\/\/kabinam.lt\/wp-content\/uploads\/2025\/09\/1000077503.jpg\",\"contentUrl\":\"https:\/\/kabinam.lt\/wp-content\/uploads\/2025\/09\/1000077503.jpg\",\"width\":1200,\"height\":1200,\"caption\":\"Motyvuojan\u010dios Vaivoryk\u0161t\u0117s Emalio Segtuko Dizainas\"},{\"@type\":\"BreadcrumbList\",\"@id\":\"https:\/\/kabinam.lt\/eng\/product\/rainbow-pin-storms-dont-last-forever-pin\/#breadcrumb\",\"itemListElement\":[{\"@type\":\"ListItem\",\"position\":1,\"name\":\"Home\",\"item\":\"https:\/\/kabinam.lt\/\"},{\"@type\":\"ListItem\",\"position\":2,\"name\":\"Visi Produktai\",\"item\":\"https:\/\/kabinam.lt\/visi-produktai\/\"},{\"@type\":\"ListItem\",\"position\":3,\"name\":\"Motyvacin\u0117 Seg\u0117 | Vaivoryk\u0161t\u0117 \u201eStorms don&#8217;t last forever\u201c\"}]},{\"@type\":\"WebSite\",\"@id\":\"https:\/\/kabinam.lt\/#website\",\"url\":\"https:\/\/kabinam.lt\/\",\"name\":\"kabinam.lt\",\"description\":\"Kabinam.lt \u2013 raktu pakabukai ir aksesuarai\",\"publisher\":{\"@id\":\"https:\/\/kabinam.lt\/#organization\"},\"alternateName\":\"pakabukai lt\",\"potentialAction\":[{\"@type\":\"SearchAction\",\"target\":{\"@type\":\"EntryPoint\",\"urlTemplate\":\"https:\/\/kabinam.lt\/?s={search_term_string}\"},\"query-input\":{\"@type\":\"PropertyValueSpecification\",\"valueRequired\":true,\"valueName\":\"search_term_string\"}}],\"inLanguage\":\"lv-LV\"},{\"@type\":\"Organization\",\"@id\":\"https:\/\/kabinam.lt\/#organization\",\"name\":\"kabinam.lt\",\"alternateName\":\"kabinam\",\"url\":\"https:\/\/kabinam.lt\/\",\"logo\":{\"@type\":\"ImageObject\",\"inLanguage\":\"lv-LV\",\"@id\":\"https:\/\/kabinam.lt\/#\/schema\/logo\/image\/\",\"url\":\"https:\/\/kabinam.lt\/wp-content\/uploads\/2025\/05\/KABINAM_outer_glow.png\",\"contentUrl\":\"https:\/\/kabinam.lt\/wp-content\/uploads\/2025\/05\/KABINAM_outer_glow.png\",\"width\":474,\"height\":141,\"caption\":\"kabinam.lt\"},\"image\":{\"@id\":\"https:\/\/kabinam.lt\/#\/schema\/logo\/image\/\"}}]}<\/script>\n<!-- \/ Yoast SEO plugin. -->","yoast_head_json":{"title":"Motiv\u0101cijas piespraude | Rainbow \u201eV\u0113tras nav m\u016b\u017e\u012bgas\u201c - kabinam.lt","description":"Ticiet gai\u0161\u0101kai r\u012btdienai! \u0160\u012b varav\u012bksnes emaljas piespraude ar uzrakstu \u201eStorms don't last forever\u201c ir kvalitat\u012bvs, motiv\u0113jo\u0161s un kr\u0101sains aksesu\u0101rs.","robots":{"index":"index","follow":"follow","max-snippet":"max-snippet:-1","max-image-preview":"max-image-preview:large","max-video-preview":"max-video-preview:-1"},"canonical":"https:\/\/kabinam.lt\/lv\/produkts\/varaviksnes-piespraude-storms-dont-last-forever-pin\/","og_locale":"lv_LV","og_type":"article","og_title":"Motyvacin\u0117 Seg\u0117 | Vaivoryk\u0161t\u0117 \u201eStorms don't last forever\u201c - kabinam.lt","og_description":"Tik\u0117kite \u0161viesesniu rytojumi! \u0160is vaivoryk\u0161t\u0117s emalio segtukas su u\u017era\u0161u \u201eStorms don't last forever\u201c yra kokybi\u0161kas, motyvuojantis ir spalvingas aksesuaras.","og_url":"https:\/\/kabinam.lt\/lv\/produkts\/varaviksnes-piespraude-storms-dont-last-forever-pin\/","og_site_name":"kabinam.lt","article_modified_time":"2026-03-12T05:03:13+00:00","og_image":[{"width":1200,"height":1200,"url":"https:\/\/kabinam.lt\/wp-content\/uploads\/2025\/09\/1000077503.jpg","type":"image\/jpeg"}],"twitter_card":"summary_large_image","twitter_misc":{"Est. reading time":"1 min\u016bte"},"schema":{"@context":"https:\/\/schema.org","@graph":[{"@type":["WebPage","ItemPage"],"@id":"https:\/\/kabinam.lt\/eng\/product\/rainbow-pin-storms-dont-last-forever-pin\/","url":"https:\/\/kabinam.lt\/eng\/product\/rainbow-pin-storms-dont-last-forever-pin\/","name":"Motiv\u0101cijas piespraude | Rainbow \u201eV\u0113tras nav m\u016b\u017e\u012bgas\u201c - kabinam.lt","isPartOf":{"@id":"https:\/\/kabinam.lt\/#website"},"primaryImageOfPage":{"@id":"https:\/\/kabinam.lt\/eng\/product\/rainbow-pin-storms-dont-last-forever-pin\/#primaryimage"},"image":{"@id":"https:\/\/kabinam.lt\/eng\/product\/rainbow-pin-storms-dont-last-forever-pin\/#primaryimage"},"thumbnailUrl":"https:\/\/kabinam.lt\/wp-content\/uploads\/2025\/09\/1000077503.jpg","datePublished":"2025-09-16T16:20:16+00:00","dateModified":"2026-03-12T05:03:13+00:00","description":"Ticiet gai\u0161\u0101kai r\u012btdienai! \u0160\u012b varav\u012bksnes emaljas piespraude ar uzrakstu \u201eStorms don't last forever\u201c ir kvalitat\u012bvs, motiv\u0113jo\u0161s un kr\u0101sains aksesu\u0101rs.","breadcrumb":{"@id":"https:\/\/kabinam.lt\/eng\/product\/rainbow-pin-storms-dont-last-forever-pin\/#breadcrumb"},"inLanguage":"lv-LV","potentialAction":[{"@type":"ReadAction","target":["https:\/\/kabinam.lt\/eng\/product\/rainbow-pin-storms-dont-last-forever-pin\/"]}]},{"@type":"ImageObject","inLanguage":"lv-LV","@id":"https:\/\/kabinam.lt\/eng\/product\/rainbow-pin-storms-dont-last-forever-pin\/#primaryimage","url":"https:\/\/kabinam.lt\/wp-content\/uploads\/2025\/09\/1000077503.jpg","contentUrl":"https:\/\/kabinam.lt\/wp-content\/uploads\/2025\/09\/1000077503.jpg","width":1200,"height":1200,"caption":"Motyvuojan\u010dios Vaivoryk\u0161t\u0117s Emalio Segtuko Dizainas"},{"@type":"BreadcrumbList","@id":"https:\/\/kabinam.lt\/eng\/product\/rainbow-pin-storms-dont-last-forever-pin\/#breadcrumb","itemListElement":[{"@type":"ListItem","position":1,"name":"Home","item":"https:\/\/kabinam.lt\/"},{"@type":"ListItem","position":2,"name":"Visi Produktai","item":"https:\/\/kabinam.lt\/visi-produktai\/"},{"@type":"ListItem","position":3,"name":"Motyvacin\u0117 Seg\u0117 | Vaivoryk\u0161t\u0117 \u201eStorms don&#8217;t last forever\u201c"}]},{"@type":"WebSite","@id":"https:\/\/kabinam.lt\/#website","url":"https:\/\/kabinam.lt\/","name":"kabinam.lt","description":"Kabinam.lt - atsl\u0113gu piekari\u0146i un aksesu\u0101ri","publisher":{"@id":"https:\/\/kabinam.lt\/#organization"},"alternateName":"pakabukai lt","potentialAction":[{"@type":"SearchAction","target":{"@type":"EntryPoint","urlTemplate":"https:\/\/kabinam.lt\/?s={search_term_string}"},"query-input":{"@type":"PropertyValueSpecification","valueRequired":true,"valueName":"search_term_string"}}],"inLanguage":"lv-LV"},{"@type":"Organization","@id":"https:\/\/kabinam.lt\/#organization","name":"kabinam.lt","alternateName":"kabinam","url":"https:\/\/kabinam.lt\/","logo":{"@type":"ImageObject","inLanguage":"lv-LV","@id":"https:\/\/kabinam.lt\/#\/schema\/logo\/image\/","url":"https:\/\/kabinam.lt\/wp-content\/uploads\/2025\/05\/KABINAM_outer_glow.png","contentUrl":"https:\/\/kabinam.lt\/wp-content\/uploads\/2025\/05\/KABINAM_outer_glow.png","width":474,"height":141,"caption":"kabinam.lt"},"image":{"@id":"https:\/\/kabinam.lt\/#\/schema\/logo\/image\/"}}]}},"uagb_featured_image_src":{"full":["https:\/\/kabinam.lt\/wp-content\/uploads\/2025\/09\/1000077503.jpg",1200,1200,false],"thumbnail":["https:\/\/kabinam.lt\/wp-content\/uploads\/2025\/09\/1000077503-150x150.jpg",150,150,true],"medium":["https:\/\/kabinam.lt\/wp-content\/uploads\/2025\/09\/1000077503-300x300.jpg",300,300,true],"medium_large":["https:\/\/kabinam.lt\/wp-content\/uploads\/2025\/09\/1000077503-768x768.jpg",768,768,true],"large":["https:\/\/kabinam.lt\/wp-content\/uploads\/2025\/09\/1000077503-1024x1024.jpg",1024,1024,true],"1536x1536":["https:\/\/kabinam.lt\/wp-content\/uploads\/2025\/09\/1000077503.jpg",1200,1200,false],"2048x2048":["https:\/\/kabinam.lt\/wp-content\/uploads\/2025\/09\/1000077503.jpg",1200,1200,false],"trp-custom-language-flag":["https:\/\/kabinam.lt\/wp-content\/uploads\/2025\/09\/1000077503-12x12.jpg",12,12,true],"woocommerce_thumbnail":["https:\/\/kabinam.lt\/wp-content\/uploads\/2025\/09\/1000077503-300x300.jpg",300,300,true],"woocommerce_single":["https:\/\/kabinam.lt\/wp-content\/uploads\/2025\/09\/1000077503-600x600.jpg",600,600,true],"woocommerce_gallery_thumbnail":["https:\/\/kabinam.lt\/wp-content\/uploads\/2025\/09\/1000077503-100x100.jpg",100,100,true]},"uagb_author_info":{"display_name":"kabinam.lt","author_link":"https:\/\/kabinam.lt\/lv\/author\/"},"uagb_comment_info":0,"uagb_excerpt":"\u012ekvepiantis ir spalvingas emalio pin'as. Ry\u0161ki vaivoryk\u0161t\u0117 tarp pilko ir balto debes\u0117lio su fraze \u201eStorms don't last forever\u201c \u2013 stilingas vilties ir stipryb\u0117s aksesuaras.","_links":{"self":[{"href":"https:\/\/kabinam.lt\/lv\/wp-json\/wp\/v2\/product\/4146","targetHints":{"allow":["GET"]}}],"collection":[{"href":"https:\/\/kabinam.lt\/lv\/wp-json\/wp\/v2\/product"}],"about":[{"href":"https:\/\/kabinam.lt\/lv\/wp-json\/wp\/v2\/types\/product"}],"replies":[{"embeddable":true,"href":"https:\/\/kabinam.lt\/lv\/wp-json\/wp\/v2\/comments?post=4146"}],"wp:featuredmedia":[{"embeddable":true,"href":"https:\/\/kabinam.lt\/lv\/wp-json\/wp\/v2\/media\/4144"}],"wp:attachment":[{"href":"https:\/\/kabinam.lt\/lv\/wp-json\/wp\/v2\/media?parent=4146"}],"wp:term":[{"taxonomy":"product_brand","embeddable":true,"href":"https:\/\/kabinam.lt\/lv\/wp-json\/wp\/v2\/product_brand?post=4146"},{"taxonomy":"product_cat","embeddable":true,"href":"https:\/\/kabinam.lt\/lv\/wp-json\/wp\/v2\/product_cat?post=4146"},{"taxonomy":"product_tag","embeddable":true,"href":"https:\/\/kabinam.lt\/lv\/wp-json\/wp\/v2\/product_tag?post=4146"}],"curies":[{"name":"wp","href":"https:\/\/api.w.org\/{rel}","templated":true}]}}