{"id":4070,"date":"2025-09-10T20:47:50","date_gmt":"2025-09-10T18:47:50","guid":{"rendered":"https:\/\/kabinam.lt\/product\/keturlapis-dobilas\/"},"modified":"2026-01-19T02:56:33","modified_gmt":"2026-01-19T00:56:33","slug":"cetrlapu-abolina-piespraude-labas-veiksmes-talismans-piespraude","status":"publish","type":"product","link":"https:\/\/kabinam.lt\/lv\/product\/keturlapio-dobilio-segtukas-sekmes-talismanas-pin\/","title":{"rendered":"Lucky Brooch | Klasisks za\u013c\u0161 \u010detrlapu \u0101boli\u0146\u0161 - \u201eLucky Clover\u201c"},"content":{"rendered":"<div class=\"kk-star-ratings kksr-auto kksr-align-left kksr-valign-top\"\n    data-payload='{&quot;align&quot;:&quot;left&quot;,&quot;id&quot;:&quot;4070&quot;,&quot;slug&quot;:&quot;default&quot;,&quot;valign&quot;:&quot;top&quot;,&quot;ignore&quot;:&quot;&quot;,&quot;reference&quot;:&quot;auto&quot;,&quot;class&quot;:&quot;&quot;,&quot;count&quot;:&quot;0&quot;,&quot;legendonly&quot;:&quot;&quot;,&quot;readonly&quot;:&quot;&quot;,&quot;score&quot;:&quot;0&quot;,&quot;starsonly&quot;:&quot;&quot;,&quot;best&quot;:&quot;5&quot;,&quot;gap&quot;:&quot;5&quot;,&quot;greet&quot;:&quot;Mums svarbus j\u016bs\u0173 \u012fvertinimas&quot;,&quot;legend&quot;:&quot;0\\\/5 - (0 votes)&quot;,&quot;size&quot;:&quot;24&quot;,&quot;title&quot;:&quot;S\u0117km\u0117s Seg\u0117 | Klasikinis \u017ealias keturlapis dobilas \u2013 \u201eLucky Clover\u201c&quot;,&quot;width&quot;:&quot;0&quot;,&quot;_legend&quot;:&quot;{score}\\\/{best} - ({count} {votes})&quot;,&quot;font_factor&quot;:&quot;1.25&quot;}'>\n            \n<div class=\"kksr-stars\">\n    \n<div class=\"kksr-stars-inactive\">\n            <div class=\"kksr-star\" data-star=\"1\" style=\"padding-right: 5px\">\n            \n\n<div class=\"kksr-icon\" style=\"width: 24px; height: 24px;\"><\/div>\n        <\/div>\n            <div class=\"kksr-star\" data-star=\"2\" style=\"padding-right: 5px\">\n            \n\n<div class=\"kksr-icon\" style=\"width: 24px; height: 24px;\"><\/div>\n        <\/div>\n            <div class=\"kksr-star\" data-star=\"3\" style=\"padding-right: 5px\">\n            \n\n<div class=\"kksr-icon\" style=\"width: 24px; height: 24px;\"><\/div>\n        <\/div>\n            <div class=\"kksr-star\" data-star=\"4\" style=\"padding-right: 5px\">\n            \n\n<div class=\"kksr-icon\" style=\"width: 24px; height: 24px;\"><\/div>\n        <\/div>\n            <div class=\"kksr-star\" data-star=\"5\" style=\"padding-right: 5px\">\n            \n\n<div class=\"kksr-icon\" style=\"width: 24px; height: 24px;\"><\/div>\n        <\/div>\n    <\/div>\n    \n<div class=\"kksr-stars-active\" style=\"width: 0px;\">\n            <div class=\"kksr-star\" style=\"padding-right: 5px\">\n            \n\n<div class=\"kksr-icon\" style=\"width: 24px; height: 24px;\"><\/div>\n        <\/div>\n            <div class=\"kksr-star\" style=\"padding-right: 5px\">\n            \n\n<div class=\"kksr-icon\" style=\"width: 24px; height: 24px;\"><\/div>\n        <\/div>\n            <div class=\"kksr-star\" style=\"padding-right: 5px\">\n            \n\n<div class=\"kksr-icon\" style=\"width: 24px; height: 24px;\"><\/div>\n        <\/div>\n            <div class=\"kksr-star\" style=\"padding-right: 5px\">\n            \n\n<div class=\"kksr-icon\" style=\"width: 24px; height: 24px;\"><\/div>\n        <\/div>\n            <div class=\"kksr-star\" style=\"padding-right: 5px\">\n            \n\n<div class=\"kksr-icon\" style=\"width: 24px; height: 24px;\"><\/div>\n        <\/div>\n    <\/div>\n<\/div>\n                \n\n<div class=\"kksr-legend\" style=\"font-size: 19.2px;\">\n            <span class=\"kksr-muted\">Mums ir svar\u012bgs j\u016bsu nov\u0113rt\u0113jums<\/span>\n    <\/div>\n    <\/div>\n<h1 data-path-to-node=\"13\">Laim\u012bgs talismans: \u010detrlapu \u0101boli\u0146\u0161 \u2013 j\u016bsu ikdienas laime<\/h1>\n<p data-path-to-node=\"14\">\u0160is <b data-path-to-node=\"14\" data-index-in-node=\"3\">\u010detrlapu \u0101boli\u0146a emaljas bro\u0161a<\/b> \u2013 tas ir m\u016b\u017e\u012bgs simbols, kas nes veiksmi, tic\u012bbu, cer\u012bbu un m\u012blest\u012bbu! Tas ir ide\u0101ls <b data-path-to-node=\"14\" data-index-in-node=\"117\">piederumi<\/b> Ikvienam, kas v\u0113las n\u0113s\u0101t l\u012bdzi nelielu labas veiksmes simbolu vai vienk\u0101r\u0161i izrot\u0101t savu ap\u0123\u0113rbu ar spilgtu dabisku akcentu. Klasisk\u0101 forma un grezn\u0101 za\u013c\u0101 un zelta kr\u0101su kombin\u0101cija padara \u0161o bro\u0161u par univers\u0101lu aksesu\u0101ru, kas labi sader ar gan ikdienas, gan elegantiem ap\u0123\u0113rbiem. Tas ir ne tikai <b data-path-to-node=\"14\" data-index-in-node=\"413\">emaljas bro\u0161a<\/b> \u2013 tas ir j\u016bsu person\u012bgais magn\u0113ts pan\u0101kumiem.<\/p>\n<h2 data-path-to-node=\"15\">Elegants minim\u0101lisms un augst\u0101k\u0101 kvalit\u0101te<\/h2>\n<p data-path-to-node=\"16\">Skat\u012bt <b data-path-to-node=\"16\" data-index-in-node=\"4\">emaljas piespraude<\/b> dizains izce\u013cas ar t\u012br\u0101m l\u012bnij\u0101m un augstu kontrastu. Sp\u012bd\u012bg\u0101 za\u013c\u0101 emalja perfekti sader ar zelta met\u0101la pamatni, radot greznu un izsmalcin\u0101tu izskatu. Tas <b data-path-to-node=\"16\" data-index-in-node=\"190\">dobilio tapas<\/b> Tas izskat\u0101s \u012bpa\u0161i stil\u012bgi uz gai\u0161as kr\u0101sas ap\u0123\u0113rba (piem\u0113ram, uz balta d\u017eempera, k\u0101 redzams fotogr\u0101fij\u0101), bet tas ar\u012b spo\u017ei mirdz\u0113s uz tum\u0161as jakas atloka vai cepures.<\/p>\n<ul data-path-to-node=\"17\">\n<li>\n<p data-path-to-node=\"17,0,0\"><b data-path-to-node=\"17,0,0\" data-index-in-node=\"0\">Stils:<\/b> Ide\u0101li piem\u0113rots <i data-path-to-node=\"17,0,0\" data-index-in-node=\"23\">dabas est\u0113tika<\/i>, <i data-path-to-node=\"17,0,0\" data-index-in-node=\"41\">minimalistisks stils<\/i>, <i data-path-to-node=\"17,0,0\" data-index-in-node=\"59\">veiksme un talismani modes<\/i> un <b data-path-to-node=\"17,0,0\" data-index-in-node=\"84\">eleganti<\/b> ikdienas valk\u0101\u0161anai.<\/p>\n<\/li>\n<li>\n<p data-path-to-node=\"17,1,0\"><b data-path-to-node=\"17,1,0\" data-index-in-node=\"0\">Kvalit\u0101te:<\/b> m\u016bsu <b data-path-to-node=\"17,1,0\" data-index-in-node=\"13\">emaljas saktas<\/b> ir ra\u017eoti, izmantojot augst\u0101k\u0101s kvalit\u0101tes ciet\u0101 emalja tehnolo\u0123iju, kas nodro\u0161ina virsmas gludumu un kr\u0101sas iztur\u012bbu. Zelta ton\u012b met\u0101la pamatne garant\u0113, ka \u0161is <b data-path-to-node=\"17,1,0\" data-index-in-node=\"210\">augstas kvalit\u0101tes tapa<\/b> Tas dro\u0161i piestiprin\u0101sies pie jebkura auduma un ilgi saglab\u0101s savu sp\u012bdumu. Vair\u0101k labas veiksmes simbolu varat atrast \u0161eit: <a class=\"ng-star-inserted\" href=\"https:\/\/www.pinnpatch.lt\" target=\"_blank\" rel=\"noopener\" data-hveid=\"0\" data-ved=\"0CAAQ_4QMahgKEwi5pqKb08yRAxUAAAAAHQAAAAAQ8hY\">pinnpatch.lt<\/a>.<\/p>\n<\/li>\n<\/ul>\n<h2 data-path-to-node=\"18\">D\u0101vana ar lab\u0101kajiem v\u0113l\u0113jumiem<\/h2>\n<p data-path-to-node=\"19\"><b data-path-to-node=\"19\" data-index-in-node=\"0\">\u010cetrlapu \u0101boli\u0146a piespraude<\/b> ir viens no popul\u0101r\u0101kajiem <b data-path-to-node=\"19\" data-index-in-node=\"53\">d\u0101vanu idejas<\/b>, kad v\u0113laties k\u0101dam nov\u0113l\u0113t veiksmi eks\u0101menos, s\u0101kot jaunu darbu vai vienk\u0101r\u0161i izr\u0101dot savu atzin\u012bbu m\u012b\u013cotajam cilv\u0113kam. T\u0101 ir univers\u0101la d\u0101vana ar dzi\u013cu noz\u012bmi. \u0160is rotaslietas izstr\u0101d\u0101jums lieliski papildin\u0101s:<\/p>\n<ul data-path-to-node=\"20\">\n<li>\n<p data-path-to-node=\"20,0,0\"><b data-path-to-node=\"20,0,0\" data-index-in-node=\"0\">Jakas vai m\u0113te\u013ca atloks:<\/b> Pievieno form\u0101lam ap\u0123\u0113rbam rota\u013c\u012bgu piesk\u0101rienu.<\/p>\n<\/li>\n<li>\n<p data-path-to-node=\"20,1,0\"><b data-path-to-node=\"20,1,0\" data-index-in-node=\"0\">Bloga vai pl\u0101not\u0101ja v\u0101ks:<\/b> Pievieno iedvesmu ikdienas uzdevumiem.<\/p>\n<\/li>\n<\/ul>\n<p data-path-to-node=\"21\">Skatiet m\u016bsu pilnu <a class=\"ng-star-inserted\" href=\"https:\/\/kabinam.lt\/lv\/produkta-kategorija-2\/piespraudes-pins\/\" target=\"_blank\" rel=\"noopener\" data-hveid=\"0\" data-ved=\"0CAAQ_4QMahgKEwi5pqKb08yRAxUAAAAAHQAAAAAQ8xY\">dabas un simbolu emaljas piespraudes kolekcija<\/a> un atrodiet savu laimes simbolu.<\/p>\n<p data-path-to-node=\"22\"><b data-path-to-node=\"22\" data-index-in-node=\"0\">Iel\u016bdziet pan\u0101kumus sav\u0101 stil\u0101!<\/b> Rezerv\u0113jiet \u0161o <b data-path-to-node=\"22\" data-index-in-node=\"51\">\u0101boli\u0146a klips<\/b> tagad.<\/p>","protected":false},"excerpt":{"rendered":"<p><b data-path-to-node=\"4,3,1,0\" data-index-in-node=\"0\">Bright<\/b> un <b data-path-to-node=\"4,3,1,0\" data-index-in-node=\"10\">simbolisks<\/b> emaljas piespraude. Bag\u0101t\u012bga za\u013ca kr\u0101sa <b data-path-to-node=\"4,3,1,0\" data-index-in-node=\"51\">\u010detrlapu \u0101boli\u0146\u0161<\/b> ar zelta akcentiem \u2013 ide\u0101ls <b data-path-to-node=\"4,3,1,0\" data-index-in-node=\"104\">piederumi<\/b> Tiem, kas mekl\u0113 talismanu pan\u0101kumiem un dabiskus mot\u012bvus.<\/p>","protected":false},"featured_media":4069,"comment_status":"open","ping_status":"closed","template":"","meta":{"_uag_custom_page_level_css":"","site-sidebar-layout":"default","site-content-layout":"","ast-site-content-layout":"default","site-content-style":"default","site-sidebar-style":"default","ast-global-header-display":"","ast-banner-title-visibility":"","ast-main-header-display":"","ast-hfb-above-header-display":"","ast-hfb-below-header-display":"","ast-hfb-mobile-header-display":"","site-post-title":"","ast-breadcrumbs-content":"","ast-featured-img":"","footer-sml-layout":"","ast-disable-related-posts":"","theme-transparent-header-meta":"default","adv-header-id-meta":"","stick-header-meta":"","header-above-stick-meta":"","header-main-stick-meta":"","header-below-stick-meta":"","astra-migrate-meta-layouts":"set","ast-page-background-enabled":"default","ast-page-background-meta":{"desktop":{"background-color":"var(--ast-global-color-4)","background-image":"","background-repeat":"repeat","background-position":"center center","background-size":"auto","background-attachment":"scroll","background-type":"","background-media":"","overlay-type":"","overlay-color":"","overlay-opacity":"","overlay-gradient":""},"tablet":{"background-color":"","background-image":"","background-repeat":"repeat","background-position":"center center","background-size":"auto","background-attachment":"scroll","background-type":"","background-media":"","overlay-type":"","overlay-color":"","overlay-opacity":"","overlay-gradient":""},"mobile":{"background-color":"","background-image":"","background-repeat":"repeat","background-position":"center center","background-size":"auto","background-attachment":"scroll","background-type":"","background-media":"","overlay-type":"","overlay-color":"","overlay-opacity":"","overlay-gradient":""}},"ast-content-background-meta":{"desktop":{"background-color":"var(--ast-global-color-5)","background-image":"","background-repeat":"repeat","background-position":"center center","background-size":"auto","background-attachment":"scroll","background-type":"","background-media":"","overlay-type":"","overlay-color":"","overlay-opacity":"","overlay-gradient":""},"tablet":{"background-color":"var(--ast-global-color-5)","background-image":"","background-repeat":"repeat","background-position":"center center","background-size":"auto","background-attachment":"scroll","background-type":"","background-media":"","overlay-type":"","overlay-color":"","overlay-opacity":"","overlay-gradient":""},"mobile":{"background-color":"var(--ast-global-color-5)","background-image":"","background-repeat":"repeat","background-position":"center center","background-size":"auto","background-attachment":"scroll","background-type":"","background-media":"","overlay-type":"","overlay-color":"","overlay-opacity":"","overlay-gradient":""}}},"product_brand":[],"product_cat":[126,119],"product_tag":[],"class_list":{"0":"post-4070","1":"product","2":"type-product","3":"status-publish","4":"has-post-thumbnail","6":"product_cat-visi","7":"product_cat-smeigtukai-pins","8":"desktop-align-center","9":"tablet-align-left","10":"mobile-align-left","12":"first","13":"instock","14":"purchasable","15":"product-type-simple"},"yoast_head":"<!-- This site is optimized with the Yoast SEO plugin v27.1.1 - https:\/\/yoast.com\/product\/yoast-seo-wordpress\/ -->\n<title>S\u0117km\u0117s Seg\u0117 | Klasikinis \u017ealias keturlapis dobilas \u2013 \u201eLucky Clover\u201c - kabinam.lt<\/title>\n<meta name=\"description\" content=\"Pasigaukite savo s\u0117km\u0119! \u0160is keturlapio dobilio segtukas eleganti\u0161kas ir simboli\u0161kas aksesuaras, suteikiantis J\u016bs\u0173 stiliui nat\u016bralios gaivos ir pozityvumo.\" \/>\n<meta name=\"robots\" content=\"index, follow, max-snippet:-1, max-image-preview:large, max-video-preview:-1\" \/>\n<link rel=\"canonical\" href=\"https:\/\/kabinam.lt\/lv\/produkts\/cetrlapu-abolina-piespraude-labas-veiksmes-talismans-piespraude\/\" \/>\n<meta property=\"og:locale\" content=\"lv_LV\" \/>\n<meta property=\"og:type\" content=\"article\" \/>\n<meta property=\"og:title\" content=\"S\u0117km\u0117s Seg\u0117 | Klasikinis \u017ealias keturlapis dobilas \u2013 \u201eLucky Clover\u201c - kabinam.lt\" \/>\n<meta property=\"og:description\" content=\"Pasigaukite savo s\u0117km\u0119! \u0160is keturlapio dobilio segtukas eleganti\u0161kas ir simboli\u0161kas aksesuaras, suteikiantis J\u016bs\u0173 stiliui nat\u016bralios gaivos ir pozityvumo.\" \/>\n<meta property=\"og:url\" content=\"https:\/\/kabinam.lt\/lv\/produkts\/cetrlapu-abolina-piespraude-labas-veiksmes-talismans-piespraude\/\" \/>\n<meta property=\"og:site_name\" content=\"kabinam.lt\" \/>\n<meta property=\"article:modified_time\" content=\"2026-01-19T00:56:33+00:00\" \/>\n<meta property=\"og:image\" content=\"https:\/\/kabinam.lt\/wp-content\/uploads\/2025\/09\/1000077306.jpg\" \/>\n\t<meta property=\"og:image:width\" content=\"500\" \/>\n\t<meta property=\"og:image:height\" content=\"500\" \/>\n\t<meta property=\"og:image:type\" content=\"image\/jpeg\" \/>\n<meta name=\"twitter:card\" content=\"summary_large_image\" \/>\n<meta name=\"twitter:label1\" content=\"Est. reading time\" \/>\n\t<meta name=\"twitter:data1\" content=\"1 min\u016bte\" \/>\n<script type=\"application\/ld+json\" class=\"yoast-schema-graph\">{\"@context\":\"https:\/\/schema.org\",\"@graph\":[{\"@type\":[\"WebPage\",\"ItemPage\"],\"@id\":\"https:\/\/kabinam.lt\/eng\/product\/four-leaf-clover-pin-good-luck-charm-pin\/\",\"url\":\"https:\/\/kabinam.lt\/eng\/product\/four-leaf-clover-pin-good-luck-charm-pin\/\",\"name\":\"S\u0117km\u0117s Seg\u0117 | Klasikinis \u017ealias keturlapis dobilas \u2013 \u201eLucky Clover\u201c - kabinam.lt\",\"isPartOf\":{\"@id\":\"https:\/\/kabinam.lt\/#website\"},\"primaryImageOfPage\":{\"@id\":\"https:\/\/kabinam.lt\/eng\/product\/four-leaf-clover-pin-good-luck-charm-pin\/#primaryimage\"},\"image\":{\"@id\":\"https:\/\/kabinam.lt\/eng\/product\/four-leaf-clover-pin-good-luck-charm-pin\/#primaryimage\"},\"thumbnailUrl\":\"https:\/\/kabinam.lt\/wp-content\/uploads\/2025\/09\/1000077306.jpg\",\"datePublished\":\"2025-09-10T18:47:50+00:00\",\"dateModified\":\"2026-01-19T00:56:33+00:00\",\"description\":\"Pasigaukite savo s\u0117km\u0119! \u0160is keturlapio dobilio segtukas eleganti\u0161kas ir simboli\u0161kas aksesuaras, suteikiantis J\u016bs\u0173 stiliui nat\u016bralios gaivos ir pozityvumo.\",\"breadcrumb\":{\"@id\":\"https:\/\/kabinam.lt\/eng\/product\/four-leaf-clover-pin-good-luck-charm-pin\/#breadcrumb\"},\"inLanguage\":\"lv-LV\",\"potentialAction\":[{\"@type\":\"ReadAction\",\"target\":[\"https:\/\/kabinam.lt\/eng\/product\/four-leaf-clover-pin-good-luck-charm-pin\/\"]}]},{\"@type\":\"ImageObject\",\"inLanguage\":\"lv-LV\",\"@id\":\"https:\/\/kabinam.lt\/eng\/product\/four-leaf-clover-pin-good-luck-charm-pin\/#primaryimage\",\"url\":\"https:\/\/kabinam.lt\/wp-content\/uploads\/2025\/09\/1000077306.jpg\",\"contentUrl\":\"https:\/\/kabinam.lt\/wp-content\/uploads\/2025\/09\/1000077306.jpg\",\"width\":500,\"height\":500,\"caption\":\"Eleganti\u0161ko Keturlapio Dobilio Emalio Segtuko Dizainas\"},{\"@type\":\"BreadcrumbList\",\"@id\":\"https:\/\/kabinam.lt\/eng\/product\/four-leaf-clover-pin-good-luck-charm-pin\/#breadcrumb\",\"itemListElement\":[{\"@type\":\"ListItem\",\"position\":1,\"name\":\"Home\",\"item\":\"https:\/\/kabinam.lt\/\"},{\"@type\":\"ListItem\",\"position\":2,\"name\":\"Visi Produktai\",\"item\":\"https:\/\/kabinam.lt\/visi-produktai\/\"},{\"@type\":\"ListItem\",\"position\":3,\"name\":\"S\u0117km\u0117s Seg\u0117 | Klasikinis \u017ealias keturlapis dobilas \u2013 \u201eLucky Clover\u201c\"}]},{\"@type\":\"WebSite\",\"@id\":\"https:\/\/kabinam.lt\/#website\",\"url\":\"https:\/\/kabinam.lt\/\",\"name\":\"kabinam.lt\",\"description\":\"Kabinam.lt \u2013 raktu pakabukai ir aksesuarai\",\"publisher\":{\"@id\":\"https:\/\/kabinam.lt\/#organization\"},\"alternateName\":\"pakabukai lt\",\"potentialAction\":[{\"@type\":\"SearchAction\",\"target\":{\"@type\":\"EntryPoint\",\"urlTemplate\":\"https:\/\/kabinam.lt\/?s={search_term_string}\"},\"query-input\":{\"@type\":\"PropertyValueSpecification\",\"valueRequired\":true,\"valueName\":\"search_term_string\"}}],\"inLanguage\":\"lv-LV\"},{\"@type\":\"Organization\",\"@id\":\"https:\/\/kabinam.lt\/#organization\",\"name\":\"kabinam.lt\",\"alternateName\":\"kabinam\",\"url\":\"https:\/\/kabinam.lt\/\",\"logo\":{\"@type\":\"ImageObject\",\"inLanguage\":\"lv-LV\",\"@id\":\"https:\/\/kabinam.lt\/#\/schema\/logo\/image\/\",\"url\":\"https:\/\/kabinam.lt\/wp-content\/uploads\/2025\/05\/KABINAM_outer_glow.png\",\"contentUrl\":\"https:\/\/kabinam.lt\/wp-content\/uploads\/2025\/05\/KABINAM_outer_glow.png\",\"width\":474,\"height\":141,\"caption\":\"kabinam.lt\"},\"image\":{\"@id\":\"https:\/\/kabinam.lt\/#\/schema\/logo\/image\/\"}}]}<\/script>\n<!-- \/ Yoast SEO plugin. -->","yoast_head_json":{"title":"Veiksmi, Seg\u0117 | Klasiskais za\u013cais \u010detrlapu \u0101boli\u0146\u0161 \u2013 \u201eLucky Clover\u201c - kabinam.lt","description":"Izmanto savu veiksmi! \u0160\u012b \u010detrlapu \u0101boli\u0146a bro\u0161a ir elegants un simbolisks aksesu\u0101rs, kas pie\u0161\u0137irs tavam stilam dabisku svaigumu un pozit\u012bvismu.","robots":{"index":"index","follow":"follow","max-snippet":"max-snippet:-1","max-image-preview":"max-image-preview:large","max-video-preview":"max-video-preview:-1"},"canonical":"https:\/\/kabinam.lt\/lv\/produkts\/cetrlapu-abolina-piespraude-labas-veiksmes-talismans-piespraude\/","og_locale":"lv_LV","og_type":"article","og_title":"S\u0117km\u0117s Seg\u0117 | Klasikinis \u017ealias keturlapis dobilas \u2013 \u201eLucky Clover\u201c - kabinam.lt","og_description":"Pasigaukite savo s\u0117km\u0119! \u0160is keturlapio dobilio segtukas eleganti\u0161kas ir simboli\u0161kas aksesuaras, suteikiantis J\u016bs\u0173 stiliui nat\u016bralios gaivos ir pozityvumo.","og_url":"https:\/\/kabinam.lt\/lv\/produkts\/cetrlapu-abolina-piespraude-labas-veiksmes-talismans-piespraude\/","og_site_name":"kabinam.lt","article_modified_time":"2026-01-19T00:56:33+00:00","og_image":[{"width":500,"height":500,"url":"https:\/\/kabinam.lt\/wp-content\/uploads\/2025\/09\/1000077306.jpg","type":"image\/jpeg"}],"twitter_card":"summary_large_image","twitter_misc":{"Est. reading time":"1 min\u016bte"},"schema":{"@context":"https:\/\/schema.org","@graph":[{"@type":["WebPage","ItemPage"],"@id":"https:\/\/kabinam.lt\/eng\/product\/four-leaf-clover-pin-good-luck-charm-pin\/","url":"https:\/\/kabinam.lt\/eng\/product\/four-leaf-clover-pin-good-luck-charm-pin\/","name":"Veiksmi, Seg\u0117 | Klasiskais za\u013cais \u010detrlapu \u0101boli\u0146\u0161 \u2013 \u201eLucky Clover\u201c - kabinam.lt","isPartOf":{"@id":"https:\/\/kabinam.lt\/#website"},"primaryImageOfPage":{"@id":"https:\/\/kabinam.lt\/eng\/product\/four-leaf-clover-pin-good-luck-charm-pin\/#primaryimage"},"image":{"@id":"https:\/\/kabinam.lt\/eng\/product\/four-leaf-clover-pin-good-luck-charm-pin\/#primaryimage"},"thumbnailUrl":"https:\/\/kabinam.lt\/wp-content\/uploads\/2025\/09\/1000077306.jpg","datePublished":"2025-09-10T18:47:50+00:00","dateModified":"2026-01-19T00:56:33+00:00","description":"Izmanto savu veiksmi! \u0160\u012b \u010detrlapu \u0101boli\u0146a bro\u0161a ir elegants un simbolisks aksesu\u0101rs, kas pie\u0161\u0137irs tavam stilam dabisku svaigumu un pozit\u012bvismu.","breadcrumb":{"@id":"https:\/\/kabinam.lt\/eng\/product\/four-leaf-clover-pin-good-luck-charm-pin\/#breadcrumb"},"inLanguage":"lv-LV","potentialAction":[{"@type":"ReadAction","target":["https:\/\/kabinam.lt\/eng\/product\/four-leaf-clover-pin-good-luck-charm-pin\/"]}]},{"@type":"ImageObject","inLanguage":"lv-LV","@id":"https:\/\/kabinam.lt\/eng\/product\/four-leaf-clover-pin-good-luck-charm-pin\/#primaryimage","url":"https:\/\/kabinam.lt\/wp-content\/uploads\/2025\/09\/1000077306.jpg","contentUrl":"https:\/\/kabinam.lt\/wp-content\/uploads\/2025\/09\/1000077306.jpg","width":500,"height":500,"caption":"Eleganti\u0161ko Keturlapio Dobilio Emalio Segtuko Dizainas"},{"@type":"BreadcrumbList","@id":"https:\/\/kabinam.lt\/eng\/product\/four-leaf-clover-pin-good-luck-charm-pin\/#breadcrumb","itemListElement":[{"@type":"ListItem","position":1,"name":"Home","item":"https:\/\/kabinam.lt\/"},{"@type":"ListItem","position":2,"name":"Visi Produktai","item":"https:\/\/kabinam.lt\/visi-produktai\/"},{"@type":"ListItem","position":3,"name":"S\u0117km\u0117s Seg\u0117 | Klasikinis \u017ealias keturlapis dobilas \u2013 \u201eLucky Clover\u201c"}]},{"@type":"WebSite","@id":"https:\/\/kabinam.lt\/#website","url":"https:\/\/kabinam.lt\/","name":"kabinam.lt","description":"Kabinam.lt - atsl\u0113gu piekari\u0146i un aksesu\u0101ri","publisher":{"@id":"https:\/\/kabinam.lt\/#organization"},"alternateName":"pakabukai lt","potentialAction":[{"@type":"SearchAction","target":{"@type":"EntryPoint","urlTemplate":"https:\/\/kabinam.lt\/?s={search_term_string}"},"query-input":{"@type":"PropertyValueSpecification","valueRequired":true,"valueName":"search_term_string"}}],"inLanguage":"lv-LV"},{"@type":"Organization","@id":"https:\/\/kabinam.lt\/#organization","name":"kabinam.lt","alternateName":"kabinam","url":"https:\/\/kabinam.lt\/","logo":{"@type":"ImageObject","inLanguage":"lv-LV","@id":"https:\/\/kabinam.lt\/#\/schema\/logo\/image\/","url":"https:\/\/kabinam.lt\/wp-content\/uploads\/2025\/05\/KABINAM_outer_glow.png","contentUrl":"https:\/\/kabinam.lt\/wp-content\/uploads\/2025\/05\/KABINAM_outer_glow.png","width":474,"height":141,"caption":"kabinam.lt"},"image":{"@id":"https:\/\/kabinam.lt\/#\/schema\/logo\/image\/"}}]}},"uagb_featured_image_src":{"full":["https:\/\/kabinam.lt\/wp-content\/uploads\/2025\/09\/1000077306.jpg",500,500,false],"thumbnail":["https:\/\/kabinam.lt\/wp-content\/uploads\/2025\/09\/1000077306-150x150.jpg",150,150,true],"medium":["https:\/\/kabinam.lt\/wp-content\/uploads\/2025\/09\/1000077306-300x300.jpg",300,300,true],"medium_large":["https:\/\/kabinam.lt\/wp-content\/uploads\/2025\/09\/1000077306.jpg",500,500,false],"large":["https:\/\/kabinam.lt\/wp-content\/uploads\/2025\/09\/1000077306.jpg",500,500,false],"1536x1536":["https:\/\/kabinam.lt\/wp-content\/uploads\/2025\/09\/1000077306.jpg",500,500,false],"2048x2048":["https:\/\/kabinam.lt\/wp-content\/uploads\/2025\/09\/1000077306.jpg",500,500,false],"trp-custom-language-flag":["https:\/\/kabinam.lt\/wp-content\/uploads\/2025\/09\/1000077306.jpg",12,12,false],"woocommerce_thumbnail":["https:\/\/kabinam.lt\/wp-content\/uploads\/2025\/09\/1000077306-300x300.jpg",300,300,true],"woocommerce_single":["https:\/\/kabinam.lt\/wp-content\/uploads\/2025\/09\/1000077306.jpg",500,500,false],"woocommerce_gallery_thumbnail":["https:\/\/kabinam.lt\/wp-content\/uploads\/2025\/09\/1000077306-100x100.jpg",100,100,true]},"uagb_author_info":{"display_name":"kabinam.lt","author_link":"https:\/\/kabinam.lt\/lv\/author\/"},"uagb_comment_info":0,"uagb_excerpt":"Ry\u0161kus ir simbolinis emalio pin'as. Sodriai \u017ealias keturlapis dobilas su auksiniais akcentais \u2013 idealus aksesuaras ie\u0161kantiems s\u0117km\u0117s talismano ir gamtos motyv\u0173.","_links":{"self":[{"href":"https:\/\/kabinam.lt\/lv\/wp-json\/wp\/v2\/product\/4070","targetHints":{"allow":["GET"]}}],"collection":[{"href":"https:\/\/kabinam.lt\/lv\/wp-json\/wp\/v2\/product"}],"about":[{"href":"https:\/\/kabinam.lt\/lv\/wp-json\/wp\/v2\/types\/product"}],"replies":[{"embeddable":true,"href":"https:\/\/kabinam.lt\/lv\/wp-json\/wp\/v2\/comments?post=4070"}],"wp:featuredmedia":[{"embeddable":true,"href":"https:\/\/kabinam.lt\/lv\/wp-json\/wp\/v2\/media\/4069"}],"wp:attachment":[{"href":"https:\/\/kabinam.lt\/lv\/wp-json\/wp\/v2\/media?parent=4070"}],"wp:term":[{"taxonomy":"product_brand","embeddable":true,"href":"https:\/\/kabinam.lt\/lv\/wp-json\/wp\/v2\/product_brand?post=4070"},{"taxonomy":"product_cat","embeddable":true,"href":"https:\/\/kabinam.lt\/lv\/wp-json\/wp\/v2\/product_cat?post=4070"},{"taxonomy":"product_tag","embeddable":true,"href":"https:\/\/kabinam.lt\/lv\/wp-json\/wp\/v2\/product_tag?post=4070"}],"curies":[{"name":"wp","href":"https:\/\/api.w.org\/{rel}","templated":true}]}}