{"id":4061,"date":"2025-09-08T06:25:53","date_gmt":"2025-09-08T04:25:53","guid":{"rendered":"https:\/\/kabinam.lt\/product\/sege-kiausinis\/"},"modified":"2026-01-19T01:59:43","modified_gmt":"2026-01-18T23:59:43","slug":"olu-skava-ar-saulaino-pusi-uz-augsu-partikas-tapas","status":"publish","type":"product","link":"https:\/\/kabinam.lt\/lv\/product\/kiausinienes-segtukas-sunny-side-up-food-pin\/","title":{"rendered":"\u0112diena sega | Klasisk\u0101s olu kulten\u012b\u0161i - Sunny Side Up\u201e"},"content":{"rendered":"<div class=\"kk-star-ratings kksr-auto kksr-align-left kksr-valign-top\"\n    data-payload='{&quot;align&quot;:&quot;left&quot;,&quot;id&quot;:&quot;4061&quot;,&quot;slug&quot;:&quot;default&quot;,&quot;valign&quot;:&quot;top&quot;,&quot;ignore&quot;:&quot;&quot;,&quot;reference&quot;:&quot;auto&quot;,&quot;class&quot;:&quot;&quot;,&quot;count&quot;:&quot;0&quot;,&quot;legendonly&quot;:&quot;&quot;,&quot;readonly&quot;:&quot;&quot;,&quot;score&quot;:&quot;0&quot;,&quot;starsonly&quot;:&quot;&quot;,&quot;best&quot;:&quot;5&quot;,&quot;gap&quot;:&quot;5&quot;,&quot;greet&quot;:&quot;Mums svarbus j\u016bs\u0173 \u012fvertinimas&quot;,&quot;legend&quot;:&quot;0\\\/5 - (0 votes)&quot;,&quot;size&quot;:&quot;24&quot;,&quot;title&quot;:&quot;Maisto Seg\u0117 | Klasikin\u0117 kiau\u0161inien\u0117 \u2013 \u201eSunny Side Up\u201c&quot;,&quot;width&quot;:&quot;0&quot;,&quot;_legend&quot;:&quot;{score}\\\/{best} - ({count} {votes})&quot;,&quot;font_factor&quot;:&quot;1.25&quot;}'>\n            \n<div class=\"kksr-stars\">\n    \n<div class=\"kksr-stars-inactive\">\n            <div class=\"kksr-star\" data-star=\"1\" style=\"padding-right: 5px\">\n            \n\n<div class=\"kksr-icon\" style=\"width: 24px; height: 24px;\"><\/div>\n        <\/div>\n            <div class=\"kksr-star\" data-star=\"2\" style=\"padding-right: 5px\">\n            \n\n<div class=\"kksr-icon\" style=\"width: 24px; height: 24px;\"><\/div>\n        <\/div>\n            <div class=\"kksr-star\" data-star=\"3\" style=\"padding-right: 5px\">\n            \n\n<div class=\"kksr-icon\" style=\"width: 24px; height: 24px;\"><\/div>\n        <\/div>\n            <div class=\"kksr-star\" data-star=\"4\" style=\"padding-right: 5px\">\n            \n\n<div class=\"kksr-icon\" style=\"width: 24px; height: 24px;\"><\/div>\n        <\/div>\n            <div class=\"kksr-star\" data-star=\"5\" style=\"padding-right: 5px\">\n            \n\n<div class=\"kksr-icon\" style=\"width: 24px; height: 24px;\"><\/div>\n        <\/div>\n    <\/div>\n    \n<div class=\"kksr-stars-active\" style=\"width: 0px;\">\n            <div class=\"kksr-star\" style=\"padding-right: 5px\">\n            \n\n<div class=\"kksr-icon\" style=\"width: 24px; height: 24px;\"><\/div>\n        <\/div>\n            <div class=\"kksr-star\" style=\"padding-right: 5px\">\n            \n\n<div class=\"kksr-icon\" style=\"width: 24px; height: 24px;\"><\/div>\n        <\/div>\n            <div class=\"kksr-star\" style=\"padding-right: 5px\">\n            \n\n<div class=\"kksr-icon\" style=\"width: 24px; height: 24px;\"><\/div>\n        <\/div>\n            <div class=\"kksr-star\" style=\"padding-right: 5px\">\n            \n\n<div class=\"kksr-icon\" style=\"width: 24px; height: 24px;\"><\/div>\n        <\/div>\n            <div class=\"kksr-star\" style=\"padding-right: 5px\">\n            \n\n<div class=\"kksr-icon\" style=\"width: 24px; height: 24px;\"><\/div>\n        <\/div>\n    <\/div>\n<\/div>\n                \n\n<div class=\"kksr-legend\" style=\"font-size: 19.2px;\">\n            <span class=\"kksr-muted\">Mums ir svar\u012bgs j\u016bsu nov\u0113rt\u0113jums<\/span>\n    <\/div>\n    <\/div>\n<h1 data-path-to-node=\"13\">Brokastu ener\u0123ija: olu kultenis \u2013 stil\u012bgs dienas s\u0101kums<\/h1>\n<p data-path-to-node=\"14\">\u0160is <b data-path-to-node=\"14\" data-index-in-node=\"3\">olu emaljas bro\u0161a<\/b> \u2013 neliels, bet \u013coti paman\u0101ms pozit\u012bvuma pieaugums j\u016bsu garderob\u0113! Tas ir ide\u0101ls <b data-path-to-node=\"14\" data-index-in-node=\"109\">piederumi<\/b> Visiem, kas m\u012bl brokastu ritu\u0101lus un bauda <i data-path-to-node=\"14\" data-index-in-node=\"169\">k\u0101avs<\/i> stilu vai vienk\u0101r\u0161i mekl\u0113 ori\u0123in\u0101lu veidu, k\u0101 padar\u012bt savu ikdienas ap\u0123\u0113rbu interesant\u0101ku. Spilgtas kr\u0101sas un vienk\u0101r\u0161as formas uzreiz uzlabo j\u016bsu un apk\u0101rt\u0113jo cilv\u0113ku garast\u0101vokli. Tas nav tikai <b data-path-to-node=\"14\" data-index-in-node=\"360\">emaljas bro\u0161a<\/b> \u2013 tas ir simbols j\u016bsu m\u012blest\u012bbai pret gar\u0161\u012bgu \u0113dienu un labu garast\u0101vokli.<\/p>\n<h2 data-path-to-node=\"15\">Gar\u0161\u012bgs dizains un izcila kvalit\u0101te<\/h2>\n<p data-path-to-node=\"16\">Skat\u012bt <b data-path-to-node=\"16\" data-index-in-node=\"4\">emaljas piespraude<\/b> unik\u0101lums \u2013 t\u0101 \u201egar\u0161\u012bgais\u201c minim\u0101lisms. Baltais emaljas fons un bag\u0101t\u012bgais dzeltenais pild\u012bjums rada perfektu kontrastu, ko v\u0113l vair\u0101k pastiprina zelta to\u0146a met\u0101la apdare. Tas <b data-path-to-node=\"16\" data-index-in-node=\"194\">olu tapas<\/b> Tas izskat\u0101s \u012bpa\u0161i stil\u012bgi uz priek\u0161autiem, auduma iepirkumu maisi\u0146iem vai kreklu apkakl\u0113m. T\u0101 mazais izm\u0113rs \u013cauj to viegli kombin\u0113t ar cit\u0101m piespraud\u0113m no \u201ep\u0101rtikas\u201c kolekcijas.<\/p>\n<ul data-path-to-node=\"17\">\n<li>\n<p data-path-to-node=\"17,0,0\"><b data-path-to-node=\"17,0,0\" data-index-in-node=\"0\">Stils:<\/b> Ide\u0101li piem\u0113rots <i data-path-to-node=\"17,0,0\" data-index-in-node=\"23\">kawaii est\u0113tika<\/i>, <i data-path-to-node=\"17,0,0\" data-index-in-node=\"41\">gard\u0113\u017eu modes<\/i>, <i data-path-to-node=\"17,0,0\" data-index-in-node=\"57\">pop\u0101rta stils<\/i> un <b data-path-to-node=\"17,0,0\" data-index-in-node=\"74\">Rota\u013c\u012bgs<\/b> ikdienas valk\u0101\u0161anai.<\/p>\n<\/li>\n<li>\n<p data-path-to-node=\"17,1,0\"><b data-path-to-node=\"17,1,0\" data-index-in-node=\"0\">Kvalit\u0101te:<\/b> m\u016bsu <b data-path-to-node=\"17,1,0\" data-index-in-node=\"13\">emaljas saktas<\/b> ir ra\u017eoti, izmantojot prec\u012bzu emaljas lie\u0161anas tehnolo\u0123iju, kas nodro\u0161ina vienm\u0113r\u012bgu kr\u0101sas sadal\u012bjumu un iztur\u012bbu pret vides ietekmi. Zelta to\u0146a met\u0101la pamatne garant\u0113, ka \u0161is <b data-path-to-node=\"17,1,0\" data-index-in-node=\"218\">augstas kvalit\u0101tes tapa<\/b> paliks stingri sav\u0101 viet\u0101 un ilgu laiku priec\u0113s J\u016bs ar savu sp\u012bdumu. Vair\u0101k skaistu mot\u012bvu J\u016bs varat atrast <a class=\"ng-star-inserted\" href=\"https:\/\/www.pinnpatch.lt\" target=\"_blank\" rel=\"noopener\" data-hveid=\"0\" data-ved=\"0CAAQ_4QMahgKEwi5pqKb08yRAxUAAAAAHQAAAAAQlBg\">pinnpatch.lt<\/a>.<\/p>\n<\/li>\n<\/ul>\n<h2 data-path-to-node=\"18\">D\u0101vana ar smaidu<\/h2>\n<p data-path-to-node=\"19\"><b data-path-to-node=\"19\" data-index-in-node=\"0\">Olu \u010daumalu emaljas bro\u0161a<\/b> ir p\u0101rsteidzo\u0161s <b data-path-to-node=\"19\" data-index-in-node=\"42\">ideja par d\u0101vanu<\/b> pav\u0101ri, v\u0113l\u0101s brokastis (<i data-path-to-node=\"19\" data-index-in-node=\"87\">v\u0113l\u0101s brokastis<\/i>) entuziastiem vai lab\u0101kajam draugam, ar kuru dal\u0101ties ar \u0113dienu fotogr\u0101fij\u0101m. Tas ir neliels aksesu\u0101rs, kas vienm\u0113r izpeln\u0101s komplimentus. \u0160is aksesu\u0101rs ir ide\u0101ls papildin\u0101jums:<\/p>\n<ul data-path-to-node=\"20\">\n<li>\n<p data-path-to-node=\"20,0,0\"><b data-path-to-node=\"20,0,0\" data-index-in-node=\"0\">Pav\u0101ra priek\u0161auts:<\/b> Pievieno personisku piesk\u0101rienu profesion\u0101lajam ap\u0123\u0113rbam.<\/p>\n<\/li>\n<li>\n<p data-path-to-node=\"20,1,0\"><b data-path-to-node=\"20,1,0\" data-index-in-node=\"0\">Mazu somi\u0146u kolekcija:<\/b> P\u0101rv\u0113r\u0161 vienk\u0101r\u0161u somu par stil\u012bgu aksesu\u0101ru.<\/p>\n<\/li>\n<\/ul>\n<p data-path-to-node=\"21\">Skatiet m\u016bsu pilnu <a class=\"ng-star-inserted\" href=\"https:\/\/kabinam.lt\/lv\/produkta-kategorija-2\/piespraudes-pins\/\" target=\"_blank\" rel=\"noopener\" data-hveid=\"0\" data-ved=\"0CAAQ_4QMahgKEwi5pqKb08yRAxUAAAAAHQAAAAAQlRg\">p\u0101rtikas un dz\u0113rienu emaljas piespraudes kolekcija<\/a> un izveidojiet savu \u201estila izv\u0113lni\u201c.<\/p>\n<p data-path-to-node=\"22\"><b data-path-to-node=\"22\" data-index-in-node=\"0\">Pievienojiet savam stilam nedaudz \u201egar\u0161vielu\u201c!<\/b> Rezerv\u0113jiet \u0161o <b data-path-to-node=\"22\" data-index-in-node=\"49\">olu skava<\/b> tagad.<\/p>","protected":false},"excerpt":{"rendered":"<p><b data-path-to-node=\"4,3,1,0\" data-index-in-node=\"0\">D\u0101rgais<\/b> un <b data-path-to-node=\"4,3,1,0\" data-index-in-node=\"10\">sp\u0113l\u012bgs<\/b> emalio pin. White <b data-path-to-node=\"4,3,1,0\" data-index-in-node=\"42\">olu kultenis<\/b> ar spilgti dzeltenu sv\u012btru \u2013 stil\u012bgs <b data-path-to-node=\"4,3,1,0\" data-index-in-node=\"91\">piederumi<\/b> Pusdienu cien\u012bt\u0101jiem un tiem, kas v\u0113las s\u0101kt dienu pozit\u012bvi.<\/p>","protected":false},"featured_media":4059,"comment_status":"open","ping_status":"closed","template":"","meta":{"_uag_custom_page_level_css":"","site-sidebar-layout":"default","site-content-layout":"","ast-site-content-layout":"default","site-content-style":"default","site-sidebar-style":"default","ast-global-header-display":"","ast-banner-title-visibility":"","ast-main-header-display":"","ast-hfb-above-header-display":"","ast-hfb-below-header-display":"","ast-hfb-mobile-header-display":"","site-post-title":"","ast-breadcrumbs-content":"","ast-featured-img":"","footer-sml-layout":"","ast-disable-related-posts":"","theme-transparent-header-meta":"default","adv-header-id-meta":"","stick-header-meta":"","header-above-stick-meta":"","header-main-stick-meta":"","header-below-stick-meta":"","astra-migrate-meta-layouts":"set","ast-page-background-enabled":"default","ast-page-background-meta":{"desktop":{"background-color":"var(--ast-global-color-4)","background-image":"","background-repeat":"repeat","background-position":"center center","background-size":"auto","background-attachment":"scroll","background-type":"","background-media":"","overlay-type":"","overlay-color":"","overlay-opacity":"","overlay-gradient":""},"tablet":{"background-color":"","background-image":"","background-repeat":"repeat","background-position":"center center","background-size":"auto","background-attachment":"scroll","background-type":"","background-media":"","overlay-type":"","overlay-color":"","overlay-opacity":"","overlay-gradient":""},"mobile":{"background-color":"","background-image":"","background-repeat":"repeat","background-position":"center center","background-size":"auto","background-attachment":"scroll","background-type":"","background-media":"","overlay-type":"","overlay-color":"","overlay-opacity":"","overlay-gradient":""}},"ast-content-background-meta":{"desktop":{"background-color":"var(--ast-global-color-5)","background-image":"","background-repeat":"repeat","background-position":"center center","background-size":"auto","background-attachment":"scroll","background-type":"","background-media":"","overlay-type":"","overlay-color":"","overlay-opacity":"","overlay-gradient":""},"tablet":{"background-color":"var(--ast-global-color-5)","background-image":"","background-repeat":"repeat","background-position":"center center","background-size":"auto","background-attachment":"scroll","background-type":"","background-media":"","overlay-type":"","overlay-color":"","overlay-opacity":"","overlay-gradient":""},"mobile":{"background-color":"var(--ast-global-color-5)","background-image":"","background-repeat":"repeat","background-position":"center center","background-size":"auto","background-attachment":"scroll","background-type":"","background-media":"","overlay-type":"","overlay-color":"","overlay-opacity":"","overlay-gradient":""}}},"product_brand":[],"product_cat":[126,119],"product_tag":[],"class_list":{"0":"post-4061","1":"product","2":"type-product","3":"status-publish","4":"has-post-thumbnail","6":"product_cat-visi","7":"product_cat-smeigtukai-pins","8":"desktop-align-center","9":"tablet-align-left","10":"mobile-align-left","12":"first","13":"instock","14":"purchasable","15":"product-type-simple"},"yoast_head":"<!-- This site is optimized with the Yoast SEO plugin v27.1.1 - https:\/\/yoast.com\/product\/yoast-seo-wordpress\/ -->\n<title>Maisto Seg\u0117 | Klasikin\u0117 kiau\u0161inien\u0117 \u2013 \u201eSunny Side Up\u201c - kabinam.lt<\/title>\n<meta name=\"description\" content=\"Prad\u0117kite dien\u0105 stilingai! \u0160is kiau\u0161inien\u0117s emalio segtukas yra kokybi\u0161kas, minimalistinis ir itin mielas aksesuaras, suteikiantis J\u016bs\u0173 aprangai \u017eaismingos energijos.\" \/>\n<meta name=\"robots\" content=\"index, follow, max-snippet:-1, max-image-preview:large, max-video-preview:-1\" \/>\n<link rel=\"canonical\" href=\"https:\/\/kabinam.lt\/lv\/produkts\/olu-skava-ar-saulaino-pusi-uz-augsu-partikas-tapas\/\" \/>\n<meta property=\"og:locale\" content=\"lv_LV\" \/>\n<meta property=\"og:type\" content=\"article\" \/>\n<meta property=\"og:title\" content=\"Maisto Seg\u0117 | Klasikin\u0117 kiau\u0161inien\u0117 \u2013 \u201eSunny Side Up\u201c - kabinam.lt\" \/>\n<meta property=\"og:description\" content=\"Prad\u0117kite dien\u0105 stilingai! \u0160is kiau\u0161inien\u0117s emalio segtukas yra kokybi\u0161kas, minimalistinis ir itin mielas aksesuaras, suteikiantis J\u016bs\u0173 aprangai \u017eaismingos energijos.\" \/>\n<meta property=\"og:url\" content=\"https:\/\/kabinam.lt\/lv\/produkts\/olu-skava-ar-saulaino-pusi-uz-augsu-partikas-tapas\/\" \/>\n<meta property=\"og:site_name\" content=\"kabinam.lt\" \/>\n<meta property=\"article:modified_time\" content=\"2026-01-18T23:59:43+00:00\" \/>\n<meta property=\"og:image\" content=\"https:\/\/kabinam.lt\/wp-content\/uploads\/2025\/09\/1000077263.jpg\" \/>\n\t<meta property=\"og:image:width\" content=\"600\" \/>\n\t<meta property=\"og:image:height\" content=\"600\" \/>\n\t<meta property=\"og:image:type\" content=\"image\/jpeg\" \/>\n<meta name=\"twitter:card\" content=\"summary_large_image\" \/>\n<meta name=\"twitter:label1\" content=\"Est. reading time\" \/>\n\t<meta name=\"twitter:data1\" content=\"2 min\u016btes\" \/>\n<script type=\"application\/ld+json\" class=\"yoast-schema-graph\">{\"@context\":\"https:\/\/schema.org\",\"@graph\":[{\"@type\":[\"WebPage\",\"ItemPage\"],\"@id\":\"https:\/\/kabinam.lt\/eng\/product\/kiausinienes-pin-sunny-side-up-food-pin\/\",\"url\":\"https:\/\/kabinam.lt\/eng\/product\/kiausinienes-pin-sunny-side-up-food-pin\/\",\"name\":\"Maisto Seg\u0117 | Klasikin\u0117 kiau\u0161inien\u0117 \u2013 \u201eSunny Side Up\u201c - kabinam.lt\",\"isPartOf\":{\"@id\":\"https:\/\/kabinam.lt\/#website\"},\"primaryImageOfPage\":{\"@id\":\"https:\/\/kabinam.lt\/eng\/product\/kiausinienes-pin-sunny-side-up-food-pin\/#primaryimage\"},\"image\":{\"@id\":\"https:\/\/kabinam.lt\/eng\/product\/kiausinienes-pin-sunny-side-up-food-pin\/#primaryimage\"},\"thumbnailUrl\":\"https:\/\/kabinam.lt\/wp-content\/uploads\/2025\/09\/1000077263.jpg\",\"datePublished\":\"2025-09-08T04:25:53+00:00\",\"dateModified\":\"2026-01-18T23:59:43+00:00\",\"description\":\"Prad\u0117kite dien\u0105 stilingai! \u0160is kiau\u0161inien\u0117s emalio segtukas yra kokybi\u0161kas, minimalistinis ir itin mielas aksesuaras, suteikiantis J\u016bs\u0173 aprangai \u017eaismingos energijos.\",\"breadcrumb\":{\"@id\":\"https:\/\/kabinam.lt\/eng\/product\/kiausinienes-pin-sunny-side-up-food-pin\/#breadcrumb\"},\"inLanguage\":\"lv-LV\",\"potentialAction\":[{\"@type\":\"ReadAction\",\"target\":[\"https:\/\/kabinam.lt\/eng\/product\/kiausinienes-pin-sunny-side-up-food-pin\/\"]}]},{\"@type\":\"ImageObject\",\"inLanguage\":\"lv-LV\",\"@id\":\"https:\/\/kabinam.lt\/eng\/product\/kiausinienes-pin-sunny-side-up-food-pin\/#primaryimage\",\"url\":\"https:\/\/kabinam.lt\/wp-content\/uploads\/2025\/09\/1000077263.jpg\",\"contentUrl\":\"https:\/\/kabinam.lt\/wp-content\/uploads\/2025\/09\/1000077263.jpg\",\"width\":600,\"height\":600,\"caption\":\"Minimalistinio Kiau\u0161inien\u0117s Emalio Segtuko Dizainas\"},{\"@type\":\"BreadcrumbList\",\"@id\":\"https:\/\/kabinam.lt\/eng\/product\/kiausinienes-pin-sunny-side-up-food-pin\/#breadcrumb\",\"itemListElement\":[{\"@type\":\"ListItem\",\"position\":1,\"name\":\"Home\",\"item\":\"https:\/\/kabinam.lt\/\"},{\"@type\":\"ListItem\",\"position\":2,\"name\":\"Visi Produktai\",\"item\":\"https:\/\/kabinam.lt\/visi-produktai\/\"},{\"@type\":\"ListItem\",\"position\":3,\"name\":\"Maisto Seg\u0117 | Klasikin\u0117 kiau\u0161inien\u0117 \u2013 \u201eSunny Side Up\u201c\"}]},{\"@type\":\"WebSite\",\"@id\":\"https:\/\/kabinam.lt\/#website\",\"url\":\"https:\/\/kabinam.lt\/\",\"name\":\"kabinam.lt\",\"description\":\"Kabinam.lt \u2013 raktu pakabukai ir aksesuarai\",\"publisher\":{\"@id\":\"https:\/\/kabinam.lt\/#organization\"},\"alternateName\":\"pakabukai lt\",\"potentialAction\":[{\"@type\":\"SearchAction\",\"target\":{\"@type\":\"EntryPoint\",\"urlTemplate\":\"https:\/\/kabinam.lt\/?s={search_term_string}\"},\"query-input\":{\"@type\":\"PropertyValueSpecification\",\"valueRequired\":true,\"valueName\":\"search_term_string\"}}],\"inLanguage\":\"lv-LV\"},{\"@type\":\"Organization\",\"@id\":\"https:\/\/kabinam.lt\/#organization\",\"name\":\"kabinam.lt\",\"alternateName\":\"kabinam\",\"url\":\"https:\/\/kabinam.lt\/\",\"logo\":{\"@type\":\"ImageObject\",\"inLanguage\":\"lv-LV\",\"@id\":\"https:\/\/kabinam.lt\/#\/schema\/logo\/image\/\",\"url\":\"https:\/\/kabinam.lt\/wp-content\/uploads\/2025\/05\/KABINAM_outer_glow.png\",\"contentUrl\":\"https:\/\/kabinam.lt\/wp-content\/uploads\/2025\/05\/KABINAM_outer_glow.png\",\"width\":474,\"height\":141,\"caption\":\"kabinam.lt\"},\"image\":{\"@id\":\"https:\/\/kabinam.lt\/#\/schema\/logo\/image\/\"}}]}<\/script>\n<!-- \/ Yoast SEO plugin. -->","yoast_head_json":{"title":"P\u0101rtika Seg\u0117 | Klasisk\u0101s omletes \u2013 Sunny Side Up - kabinam.lt","description":"S\u0101ciet savu dienu stil\u012bgi! \u0160\u012b emalj\u0113ta bro\u0161a ir augstas kvalit\u0101tes, minim\u0101lisma stil\u0101 veidots un \u013coti jauks aksesu\u0101rs, kas pie\u0161\u0137irs j\u016bsu ap\u0123\u0113rbam rota\u013c\u012bgu noska\u0146u.","robots":{"index":"index","follow":"follow","max-snippet":"max-snippet:-1","max-image-preview":"max-image-preview:large","max-video-preview":"max-video-preview:-1"},"canonical":"https:\/\/kabinam.lt\/lv\/produkts\/olu-skava-ar-saulaino-pusi-uz-augsu-partikas-tapas\/","og_locale":"lv_LV","og_type":"article","og_title":"Maisto Seg\u0117 | Klasikin\u0117 kiau\u0161inien\u0117 \u2013 \u201eSunny Side Up\u201c - kabinam.lt","og_description":"Prad\u0117kite dien\u0105 stilingai! \u0160is kiau\u0161inien\u0117s emalio segtukas yra kokybi\u0161kas, minimalistinis ir itin mielas aksesuaras, suteikiantis J\u016bs\u0173 aprangai \u017eaismingos energijos.","og_url":"https:\/\/kabinam.lt\/lv\/produkts\/olu-skava-ar-saulaino-pusi-uz-augsu-partikas-tapas\/","og_site_name":"kabinam.lt","article_modified_time":"2026-01-18T23:59:43+00:00","og_image":[{"width":600,"height":600,"url":"https:\/\/kabinam.lt\/wp-content\/uploads\/2025\/09\/1000077263.jpg","type":"image\/jpeg"}],"twitter_card":"summary_large_image","twitter_misc":{"Est. reading time":"2 min\u016btes"},"schema":{"@context":"https:\/\/schema.org","@graph":[{"@type":["WebPage","ItemPage"],"@id":"https:\/\/kabinam.lt\/eng\/product\/kiausinienes-pin-sunny-side-up-food-pin\/","url":"https:\/\/kabinam.lt\/eng\/product\/kiausinienes-pin-sunny-side-up-food-pin\/","name":"P\u0101rtika Seg\u0117 | Klasisk\u0101s omletes \u2013 Sunny Side Up - kabinam.lt","isPartOf":{"@id":"https:\/\/kabinam.lt\/#website"},"primaryImageOfPage":{"@id":"https:\/\/kabinam.lt\/eng\/product\/kiausinienes-pin-sunny-side-up-food-pin\/#primaryimage"},"image":{"@id":"https:\/\/kabinam.lt\/eng\/product\/kiausinienes-pin-sunny-side-up-food-pin\/#primaryimage"},"thumbnailUrl":"https:\/\/kabinam.lt\/wp-content\/uploads\/2025\/09\/1000077263.jpg","datePublished":"2025-09-08T04:25:53+00:00","dateModified":"2026-01-18T23:59:43+00:00","description":"S\u0101ciet savu dienu stil\u012bgi! \u0160\u012b emalj\u0113ta bro\u0161a ir augstas kvalit\u0101tes, minim\u0101lisma stil\u0101 veidots un \u013coti jauks aksesu\u0101rs, kas pie\u0161\u0137irs j\u016bsu ap\u0123\u0113rbam rota\u013c\u012bgu noska\u0146u.","breadcrumb":{"@id":"https:\/\/kabinam.lt\/eng\/product\/kiausinienes-pin-sunny-side-up-food-pin\/#breadcrumb"},"inLanguage":"lv-LV","potentialAction":[{"@type":"ReadAction","target":["https:\/\/kabinam.lt\/eng\/product\/kiausinienes-pin-sunny-side-up-food-pin\/"]}]},{"@type":"ImageObject","inLanguage":"lv-LV","@id":"https:\/\/kabinam.lt\/eng\/product\/kiausinienes-pin-sunny-side-up-food-pin\/#primaryimage","url":"https:\/\/kabinam.lt\/wp-content\/uploads\/2025\/09\/1000077263.jpg","contentUrl":"https:\/\/kabinam.lt\/wp-content\/uploads\/2025\/09\/1000077263.jpg","width":600,"height":600,"caption":"Minimalistinio Kiau\u0161inien\u0117s Emalio Segtuko Dizainas"},{"@type":"BreadcrumbList","@id":"https:\/\/kabinam.lt\/eng\/product\/kiausinienes-pin-sunny-side-up-food-pin\/#breadcrumb","itemListElement":[{"@type":"ListItem","position":1,"name":"Home","item":"https:\/\/kabinam.lt\/"},{"@type":"ListItem","position":2,"name":"Visi Produktai","item":"https:\/\/kabinam.lt\/visi-produktai\/"},{"@type":"ListItem","position":3,"name":"Maisto Seg\u0117 | Klasikin\u0117 kiau\u0161inien\u0117 \u2013 \u201eSunny Side Up\u201c"}]},{"@type":"WebSite","@id":"https:\/\/kabinam.lt\/#website","url":"https:\/\/kabinam.lt\/","name":"kabinam.lt","description":"Kabinam.lt - atsl\u0113gu piekari\u0146i un aksesu\u0101ri","publisher":{"@id":"https:\/\/kabinam.lt\/#organization"},"alternateName":"pakabukai lt","potentialAction":[{"@type":"SearchAction","target":{"@type":"EntryPoint","urlTemplate":"https:\/\/kabinam.lt\/?s={search_term_string}"},"query-input":{"@type":"PropertyValueSpecification","valueRequired":true,"valueName":"search_term_string"}}],"inLanguage":"lv-LV"},{"@type":"Organization","@id":"https:\/\/kabinam.lt\/#organization","name":"kabinam.lt","alternateName":"kabinam","url":"https:\/\/kabinam.lt\/","logo":{"@type":"ImageObject","inLanguage":"lv-LV","@id":"https:\/\/kabinam.lt\/#\/schema\/logo\/image\/","url":"https:\/\/kabinam.lt\/wp-content\/uploads\/2025\/05\/KABINAM_outer_glow.png","contentUrl":"https:\/\/kabinam.lt\/wp-content\/uploads\/2025\/05\/KABINAM_outer_glow.png","width":474,"height":141,"caption":"kabinam.lt"},"image":{"@id":"https:\/\/kabinam.lt\/#\/schema\/logo\/image\/"}}]}},"uagb_featured_image_src":{"full":["https:\/\/kabinam.lt\/wp-content\/uploads\/2025\/09\/1000077263.jpg",600,600,false],"thumbnail":["https:\/\/kabinam.lt\/wp-content\/uploads\/2025\/09\/1000077263-150x150.jpg",150,150,true],"medium":["https:\/\/kabinam.lt\/wp-content\/uploads\/2025\/09\/1000077263-300x300.jpg",300,300,true],"medium_large":["https:\/\/kabinam.lt\/wp-content\/uploads\/2025\/09\/1000077263.jpg",600,600,false],"large":["https:\/\/kabinam.lt\/wp-content\/uploads\/2025\/09\/1000077263.jpg",600,600,false],"1536x1536":["https:\/\/kabinam.lt\/wp-content\/uploads\/2025\/09\/1000077263.jpg",600,600,false],"2048x2048":["https:\/\/kabinam.lt\/wp-content\/uploads\/2025\/09\/1000077263.jpg",600,600,false],"trp-custom-language-flag":["https:\/\/kabinam.lt\/wp-content\/uploads\/2025\/09\/1000077263.jpg",12,12,false],"woocommerce_thumbnail":["https:\/\/kabinam.lt\/wp-content\/uploads\/2025\/09\/1000077263-300x300.jpg",300,300,true],"woocommerce_single":["https:\/\/kabinam.lt\/wp-content\/uploads\/2025\/09\/1000077263.jpg",600,600,false],"woocommerce_gallery_thumbnail":["https:\/\/kabinam.lt\/wp-content\/uploads\/2025\/09\/1000077263-100x100.jpg",100,100,true]},"uagb_author_info":{"display_name":"kabinam.lt","author_link":"https:\/\/kabinam.lt\/lv\/author\/"},"uagb_comment_info":0,"uagb_excerpt":"Mielas ir \u017eaismingas emalio pin'as. Balta kiau\u0161inien\u0117 su ry\u0161kiu geltonu tryniu \u2013 stilingas aksesuaras pusry\u010di\u0173 fanams ir ie\u0161kantiems pozityvaus akcento.","_links":{"self":[{"href":"https:\/\/kabinam.lt\/lv\/wp-json\/wp\/v2\/product\/4061","targetHints":{"allow":["GET"]}}],"collection":[{"href":"https:\/\/kabinam.lt\/lv\/wp-json\/wp\/v2\/product"}],"about":[{"href":"https:\/\/kabinam.lt\/lv\/wp-json\/wp\/v2\/types\/product"}],"replies":[{"embeddable":true,"href":"https:\/\/kabinam.lt\/lv\/wp-json\/wp\/v2\/comments?post=4061"}],"wp:featuredmedia":[{"embeddable":true,"href":"https:\/\/kabinam.lt\/lv\/wp-json\/wp\/v2\/media\/4059"}],"wp:attachment":[{"href":"https:\/\/kabinam.lt\/lv\/wp-json\/wp\/v2\/media?parent=4061"}],"wp:term":[{"taxonomy":"product_brand","embeddable":true,"href":"https:\/\/kabinam.lt\/lv\/wp-json\/wp\/v2\/product_brand?post=4061"},{"taxonomy":"product_cat","embeddable":true,"href":"https:\/\/kabinam.lt\/lv\/wp-json\/wp\/v2\/product_cat?post=4061"},{"taxonomy":"product_tag","embeddable":true,"href":"https:\/\/kabinam.lt\/lv\/wp-json\/wp\/v2\/product_tag?post=4061"}],"curies":[{"name":"wp","href":"https:\/\/api.w.org\/{rel}","templated":true}]}}