{"id":4058,"date":"2025-09-07T21:35:44","date_gmt":"2025-09-07T19:35:44","guid":{"rendered":"https:\/\/kabinam.lt\/product\/sege-arbuzas\/"},"modified":"2026-01-19T01:24:10","modified_gmt":"2026-01-18T23:24:10","slug":"arbuza-skelites-piespraude-vasaras-aksesuars","status":"publish","type":"product","link":"https:\/\/kabinam.lt\/lv\/product\/arbuzo-riekeles-segtukas-vasaros-aksesuaras-pin\/","title":{"rendered":"Vasaras sega | Arb\u016bza \u0161\u0137\u0113le - \u201eSald\u0101 vasara\u201c"},"content":{"rendered":"<div class=\"kk-star-ratings kksr-auto kksr-align-left kksr-valign-top\"\n    data-payload='{&quot;align&quot;:&quot;left&quot;,&quot;id&quot;:&quot;4058&quot;,&quot;slug&quot;:&quot;default&quot;,&quot;valign&quot;:&quot;top&quot;,&quot;ignore&quot;:&quot;&quot;,&quot;reference&quot;:&quot;auto&quot;,&quot;class&quot;:&quot;&quot;,&quot;count&quot;:&quot;0&quot;,&quot;legendonly&quot;:&quot;&quot;,&quot;readonly&quot;:&quot;&quot;,&quot;score&quot;:&quot;0&quot;,&quot;starsonly&quot;:&quot;&quot;,&quot;best&quot;:&quot;5&quot;,&quot;gap&quot;:&quot;5&quot;,&quot;greet&quot;:&quot;Mums svarbus j\u016bs\u0173 \u012fvertinimas&quot;,&quot;legend&quot;:&quot;0\\\/5 - (0 votes)&quot;,&quot;size&quot;:&quot;24&quot;,&quot;title&quot;:&quot;Vasaros Seg\u0117 | Arb\u016bzo riekel\u0117 \u2013 \u201eSweet Summer\u201c&quot;,&quot;width&quot;:&quot;0&quot;,&quot;_legend&quot;:&quot;{score}\\\/{best} - ({count} {votes})&quot;,&quot;font_factor&quot;:&quot;1.25&quot;}'>\n            \n<div class=\"kksr-stars\">\n    \n<div class=\"kksr-stars-inactive\">\n            <div class=\"kksr-star\" data-star=\"1\" style=\"padding-right: 5px\">\n            \n\n<div class=\"kksr-icon\" style=\"width: 24px; height: 24px;\"><\/div>\n        <\/div>\n            <div class=\"kksr-star\" data-star=\"2\" style=\"padding-right: 5px\">\n            \n\n<div class=\"kksr-icon\" style=\"width: 24px; height: 24px;\"><\/div>\n        <\/div>\n            <div class=\"kksr-star\" data-star=\"3\" style=\"padding-right: 5px\">\n            \n\n<div class=\"kksr-icon\" style=\"width: 24px; height: 24px;\"><\/div>\n        <\/div>\n            <div class=\"kksr-star\" data-star=\"4\" style=\"padding-right: 5px\">\n            \n\n<div class=\"kksr-icon\" style=\"width: 24px; height: 24px;\"><\/div>\n        <\/div>\n            <div class=\"kksr-star\" data-star=\"5\" style=\"padding-right: 5px\">\n            \n\n<div class=\"kksr-icon\" style=\"width: 24px; height: 24px;\"><\/div>\n        <\/div>\n    <\/div>\n    \n<div class=\"kksr-stars-active\" style=\"width: 0px;\">\n            <div class=\"kksr-star\" style=\"padding-right: 5px\">\n            \n\n<div class=\"kksr-icon\" style=\"width: 24px; height: 24px;\"><\/div>\n        <\/div>\n            <div class=\"kksr-star\" style=\"padding-right: 5px\">\n            \n\n<div class=\"kksr-icon\" style=\"width: 24px; height: 24px;\"><\/div>\n        <\/div>\n            <div class=\"kksr-star\" style=\"padding-right: 5px\">\n            \n\n<div class=\"kksr-icon\" style=\"width: 24px; height: 24px;\"><\/div>\n        <\/div>\n            <div class=\"kksr-star\" style=\"padding-right: 5px\">\n            \n\n<div class=\"kksr-icon\" style=\"width: 24px; height: 24px;\"><\/div>\n        <\/div>\n            <div class=\"kksr-star\" style=\"padding-right: 5px\">\n            \n\n<div class=\"kksr-icon\" style=\"width: 24px; height: 24px;\"><\/div>\n        <\/div>\n    <\/div>\n<\/div>\n                \n\n<div class=\"kksr-legend\" style=\"font-size: 19.2px;\">\n            <span class=\"kksr-muted\">Mums ir svar\u012bgs j\u016bsu nov\u0113rt\u0113jums<\/span>\n    <\/div>\n    <\/div>\n<h1 data-path-to-node=\"13\">Vasaras gar\u0161a: arb\u016bza \u0161\u0137\u0113le \u2013 atsvaidzino\u0161s akcents j\u016bsu stilam<\/h1>\n<p data-path-to-node=\"14\">\u0160is <b data-path-to-node=\"14\" data-index-in-node=\"3\">arb\u016bza emaljas bro\u0161a<\/b> \u2013 tas ir k\u0101 neliels br\u012bvdienu devums, ko varat \u0146emt l\u012bdzi katru dienu! Tas ir ide\u0101ls <b data-path-to-node=\"14\" data-index-in-node=\"105\">piederumi<\/b> kr\u0101su m\u012b\u013cot\u0101jiem, tropisko mot\u012bvu cien\u012bt\u0101jiem un visiem, kas v\u0113las pie\u0161\u0137irt savam izskatam nedaudz bezr\u016bp\u012bga vasaras garu. Spilgtais kontrasts starp sarkano un za\u013co kr\u0101su uzreiz piesaista uzman\u012bbu un atdz\u012bvina pat vienk\u0101r\u0161\u0101ko ap\u0123\u0113rbu. Tas nav tikai <b data-path-to-node=\"14\" data-index-in-node=\"369\">emaljas bro\u0161a<\/b> \u2013 tas ir j\u016bsu saulain\u0101 rakstura paz\u012bme.<\/p>\n<h2 data-path-to-node=\"15\">Saft\u012bgs dizains un unik\u0101las deta\u013cas<\/h2>\n<p data-path-to-node=\"16\">Skat\u012bt <b data-path-to-node=\"16\" data-index-in-node=\"4\">emaljas piespraude<\/b> Dizains izce\u013cas ar saviem tekst\u016bras risin\u0101jumiem: s\u0113klas nav vienk\u0101r\u0161i uzgleznotas, t\u0101s att\u0113lotas k\u0101 izceltas sudraba punkti\u0146as, kas rotaslietas padara apjom\u012bgas un greznas. Sp\u012bd\u012bg\u0101 emalja nodro\u0161ina, ka kr\u0101sas ilgi paliek bag\u0101t\u012bgas un spilgtas. Tas <b data-path-to-node=\"16\" data-index-in-node=\"271\">arb\u016bza piespraude<\/b> ide\u0101li piest\u0101v viegl\u0101m vasaras kleit\u0101m, d\u017einsu \u0161ortiem vai pludmales som\u0101m.<\/p>\n<ul data-path-to-node=\"17\">\n<li>\n<p data-path-to-node=\"17,0,0\"><b data-path-to-node=\"17,0,0\" data-index-in-node=\"0\">Stils:<\/b> Ide\u0101li piem\u0113rots <i data-path-to-node=\"17,0,0\" data-index-in-node=\"23\">vasaras est\u0113tika<\/i>, <i data-path-to-node=\"17,0,0\" data-index-in-node=\"41\">tropu stils<\/i>, <i data-path-to-node=\"17,0,0\" data-index-in-node=\"57\">aug\u013cu modes<\/i> un <b data-path-to-node=\"17,0,0\" data-index-in-node=\"74\">kr\u0101saini<\/b> br\u012bv\u0101 laika ap\u0123\u0113rbs.<\/p>\n<\/li>\n<li>\n<p data-path-to-node=\"17,1,0\"><b data-path-to-node=\"17,1,0\" data-index-in-node=\"0\">Kvalit\u0101te:<\/b> m\u016bsu <b data-path-to-node=\"17,1,0\" data-index-in-node=\"13\">emaljas saktas<\/b> ir izgatavoti no augst\u0101k\u0101s kvalit\u0101tes materi\u0101liem, kas garant\u0113 iztur\u012bbu pret izbal\u0113\u0161anu un meh\u0101niskiem boj\u0101jumiem. Sudraba kr\u0101sas met\u0101la pamatne pie\u0161\u0137ir rotas modernu izskatu un nodro\u0161ina dro\u0161u stiprin\u0101jumu. Vair\u0101k aug\u013cu mot\u012bvu vari atrast \u0161eit <a class=\"ng-star-inserted\" href=\"https:\/\/www.pinnpatch.lt\" target=\"_blank\" rel=\"noopener\" data-hveid=\"0\" data-ved=\"0CAAQ_4QMahgKEwi5pqKb08yRAxUAAAAAHQAAAAAQ0xg\">pinnpatch.lt<\/a>.<\/p>\n<\/li>\n<\/ul>\n<h2 data-path-to-node=\"18\">D\u0101vana, kas smar\u017eo p\u0113c sv\u0113tkiem<\/h2>\n<p data-path-to-node=\"19\"><b data-path-to-node=\"19\" data-index-in-node=\"0\">Ar arb\u016bzu emalj\u0113ta bro\u0161a<\/b> ir lielisks <b data-path-to-node=\"19\" data-index-in-node=\"33\">ideja par d\u0101vanu<\/b> draudzenei, m\u0101sai vai jebkuram, kam tr\u016bkst saules un siltuma. Tas ir univers\u0101ls aksesu\u0101rs, kas iepriecina ar savu vienk\u0101r\u0161\u012bbu un pozit\u012bvismu. \u0160is aksesu\u0101rs lieliski papildin\u0101s:<\/p>\n<ul data-path-to-node=\"20\">\n<li>\n<p data-path-to-node=\"20,0,0\"><b data-path-to-node=\"20,0,0\" data-index-in-node=\"0\">D\u017einsu jaka vai krekla:<\/b> Pievieno ap\u0123\u0113rbam rota\u013c\u012bgu piesk\u0101rienu.<\/p>\n<\/li>\n<li>\n<p data-path-to-node=\"20,1,0\"><b data-path-to-node=\"20,1,0\" data-index-in-node=\"0\">Ce\u013cojuma mugursoma:<\/b> Atg\u0101dina par vasaras pat\u012bkam\u0101kajiem mirk\u013ciem.<\/p>\n<\/li>\n<\/ul>\n<p data-path-to-node=\"21\">Skatiet m\u016bsu pilnu <a class=\"ng-star-inserted\" href=\"https:\/\/kabinam.lt\/lv\/produkta-kategorija-2\/piespraudes-pins\/\" target=\"_blank\" rel=\"noopener\" data-hveid=\"0\" data-ved=\"0CAAQ_4QMahgKEwi5pqKb08yRAxUAAAAAHQAAAAAQ1Bg\">p\u0101rtikas un dab\u012bgo emaljas piesprau\u017eu kolekcija<\/a> un izveidojiet savu unik\u0101lo vasaras kolekciju.<\/p>\n<p data-path-to-node=\"22\"><b data-path-to-node=\"22\" data-index-in-node=\"0\">Izbaudiet vasaras saldumu!<\/b> Rezerv\u0113jiet \u0161o <b data-path-to-node=\"22\" data-index-in-node=\"42\">arb\u016bza klips<\/b> tagad.<\/p>","protected":false},"excerpt":{"rendered":"<p><b data-path-to-node=\"4,3,1,0\" data-index-in-node=\"0\">Bright<\/b> un <b data-path-to-node=\"4,3,1,0\" data-index-in-node=\"10\">sul\u012bgs<\/b> Emaljas piespraude. Sarkana <b data-path-to-node=\"4,3,1,0\" data-index-in-node=\"43\">arb\u016bza \u0161\u0137\u0113le<\/b> ar melniem s\u0113kl\u0101m un za\u013c\u0101m \u010daumal\u0101m \u2013 ide\u0101ls <b data-path-to-node=\"4,3,1,0\" data-index-in-node=\"106\">piederumi<\/b> lai rad\u012btu vasaras stilu un br\u012bvdienu noska\u0146u.<\/p>","protected":false},"featured_media":4056,"comment_status":"open","ping_status":"closed","template":"","meta":{"_uag_custom_page_level_css":"","site-sidebar-layout":"default","site-content-layout":"","ast-site-content-layout":"default","site-content-style":"default","site-sidebar-style":"default","ast-global-header-display":"","ast-banner-title-visibility":"","ast-main-header-display":"","ast-hfb-above-header-display":"","ast-hfb-below-header-display":"","ast-hfb-mobile-header-display":"","site-post-title":"","ast-breadcrumbs-content":"","ast-featured-img":"","footer-sml-layout":"","ast-disable-related-posts":"","theme-transparent-header-meta":"default","adv-header-id-meta":"","stick-header-meta":"","header-above-stick-meta":"","header-main-stick-meta":"","header-below-stick-meta":"","astra-migrate-meta-layouts":"set","ast-page-background-enabled":"default","ast-page-background-meta":{"desktop":{"background-color":"var(--ast-global-color-4)","background-image":"","background-repeat":"repeat","background-position":"center center","background-size":"auto","background-attachment":"scroll","background-type":"","background-media":"","overlay-type":"","overlay-color":"","overlay-opacity":"","overlay-gradient":""},"tablet":{"background-color":"","background-image":"","background-repeat":"repeat","background-position":"center center","background-size":"auto","background-attachment":"scroll","background-type":"","background-media":"","overlay-type":"","overlay-color":"","overlay-opacity":"","overlay-gradient":""},"mobile":{"background-color":"","background-image":"","background-repeat":"repeat","background-position":"center center","background-size":"auto","background-attachment":"scroll","background-type":"","background-media":"","overlay-type":"","overlay-color":"","overlay-opacity":"","overlay-gradient":""}},"ast-content-background-meta":{"desktop":{"background-color":"var(--ast-global-color-5)","background-image":"","background-repeat":"repeat","background-position":"center center","background-size":"auto","background-attachment":"scroll","background-type":"","background-media":"","overlay-type":"","overlay-color":"","overlay-opacity":"","overlay-gradient":""},"tablet":{"background-color":"var(--ast-global-color-5)","background-image":"","background-repeat":"repeat","background-position":"center center","background-size":"auto","background-attachment":"scroll","background-type":"","background-media":"","overlay-type":"","overlay-color":"","overlay-opacity":"","overlay-gradient":""},"mobile":{"background-color":"var(--ast-global-color-5)","background-image":"","background-repeat":"repeat","background-position":"center center","background-size":"auto","background-attachment":"scroll","background-type":"","background-media":"","overlay-type":"","overlay-color":"","overlay-opacity":"","overlay-gradient":""}}},"product_brand":[],"product_cat":[126,119],"product_tag":[],"class_list":{"0":"post-4058","1":"product","2":"type-product","3":"status-publish","4":"has-post-thumbnail","6":"product_cat-visi","7":"product_cat-smeigtukai-pins","8":"desktop-align-center","9":"tablet-align-left","10":"mobile-align-left","12":"first","13":"instock","14":"purchasable","15":"product-type-simple"},"yoast_head":"<!-- This site is optimized with the Yoast SEO plugin v27.1.1 - https:\/\/yoast.com\/product\/yoast-seo-wordpress\/ -->\n<title>Vasaros Seg\u0117 | Arb\u016bzo riekel\u0117 \u2013 \u201eSweet Summer\u201c - kabinam.lt<\/title>\n<meta name=\"description\" content=\"Pajuskite vasaros skon\u012f! \u0160is arb\u016bzo emalio segtukas yra spalvingas ir \u017eaismingas aksesuaras, suteikiantis J\u016bs\u0173 aprangai gaivumo ir saul\u0117tos nuotaikos.\" \/>\n<meta name=\"robots\" content=\"index, follow, max-snippet:-1, max-image-preview:large, max-video-preview:-1\" \/>\n<link rel=\"canonical\" href=\"https:\/\/kabinam.lt\/lv\/produkts\/arbuza-skelites-piespraude-vasaras-aksesuars\/\" \/>\n<meta property=\"og:locale\" content=\"lv_LV\" \/>\n<meta property=\"og:type\" content=\"article\" \/>\n<meta property=\"og:title\" content=\"Vasaros Seg\u0117 | Arb\u016bzo riekel\u0117 \u2013 \u201eSweet Summer\u201c - kabinam.lt\" \/>\n<meta property=\"og:description\" content=\"Pajuskite vasaros skon\u012f! \u0160is arb\u016bzo emalio segtukas yra spalvingas ir \u017eaismingas aksesuaras, suteikiantis J\u016bs\u0173 aprangai gaivumo ir saul\u0117tos nuotaikos.\" \/>\n<meta property=\"og:url\" content=\"https:\/\/kabinam.lt\/lv\/produkts\/arbuza-skelites-piespraude-vasaras-aksesuars\/\" \/>\n<meta property=\"og:site_name\" content=\"kabinam.lt\" \/>\n<meta property=\"article:modified_time\" content=\"2026-01-18T23:24:10+00:00\" \/>\n<meta property=\"og:image\" content=\"https:\/\/kabinam.lt\/wp-content\/uploads\/2025\/09\/1000077257.jpg\" \/>\n\t<meta property=\"og:image:width\" content=\"1400\" \/>\n\t<meta property=\"og:image:height\" content=\"1867\" \/>\n\t<meta property=\"og:image:type\" content=\"image\/jpeg\" \/>\n<meta name=\"twitter:card\" content=\"summary_large_image\" \/>\n<meta name=\"twitter:label1\" content=\"Est. reading time\" \/>\n\t<meta name=\"twitter:data1\" content=\"1 min\u016bte\" \/>\n<script type=\"application\/ld+json\" class=\"yoast-schema-graph\">{\"@context\":\"https:\/\/schema.org\",\"@graph\":[{\"@type\":[\"WebPage\",\"ItemPage\"],\"@id\":\"https:\/\/kabinam.lt\/et\/toode\/arbuusiviilu-rinnamark-suveaksessuaar\/\",\"url\":\"https:\/\/kabinam.lt\/et\/toode\/arbuusiviilu-rinnamark-suveaksessuaar\/\",\"name\":\"Vasaros Seg\u0117 | Arb\u016bzo riekel\u0117 \u2013 \u201eSweet Summer\u201c - kabinam.lt\",\"isPartOf\":{\"@id\":\"https:\/\/kabinam.lt\/#website\"},\"primaryImageOfPage\":{\"@id\":\"https:\/\/kabinam.lt\/et\/toode\/arbuusiviilu-rinnamark-suveaksessuaar\/#primaryimage\"},\"image\":{\"@id\":\"https:\/\/kabinam.lt\/et\/toode\/arbuusiviilu-rinnamark-suveaksessuaar\/#primaryimage\"},\"thumbnailUrl\":\"https:\/\/kabinam.lt\/wp-content\/uploads\/2025\/09\/1000077257.jpg\",\"datePublished\":\"2025-09-07T19:35:44+00:00\",\"dateModified\":\"2026-01-18T23:24:10+00:00\",\"description\":\"Pajuskite vasaros skon\u012f! \u0160is arb\u016bzo emalio segtukas yra spalvingas ir \u017eaismingas aksesuaras, suteikiantis J\u016bs\u0173 aprangai gaivumo ir saul\u0117tos nuotaikos.\",\"breadcrumb\":{\"@id\":\"https:\/\/kabinam.lt\/et\/toode\/arbuusiviilu-rinnamark-suveaksessuaar\/#breadcrumb\"},\"inLanguage\":\"lv-LV\",\"potentialAction\":[{\"@type\":\"ReadAction\",\"target\":[\"https:\/\/kabinam.lt\/et\/toode\/arbuusiviilu-rinnamark-suveaksessuaar\/\"]}]},{\"@type\":\"ImageObject\",\"inLanguage\":\"lv-LV\",\"@id\":\"https:\/\/kabinam.lt\/et\/toode\/arbuusiviilu-rinnamark-suveaksessuaar\/#primaryimage\",\"url\":\"https:\/\/kabinam.lt\/wp-content\/uploads\/2025\/09\/1000077257.jpg\",\"contentUrl\":\"https:\/\/kabinam.lt\/wp-content\/uploads\/2025\/09\/1000077257.jpg\",\"width\":1400,\"height\":1867,\"caption\":\"Spalvingo Arb\u016bzo Riekel\u0117s Emalio Segtuko Dizainas\"},{\"@type\":\"BreadcrumbList\",\"@id\":\"https:\/\/kabinam.lt\/et\/toode\/arbuusiviilu-rinnamark-suveaksessuaar\/#breadcrumb\",\"itemListElement\":[{\"@type\":\"ListItem\",\"position\":1,\"name\":\"Home\",\"item\":\"https:\/\/kabinam.lt\/\"},{\"@type\":\"ListItem\",\"position\":2,\"name\":\"Visi Produktai\",\"item\":\"https:\/\/kabinam.lt\/visi-produktai\/\"},{\"@type\":\"ListItem\",\"position\":3,\"name\":\"Vasaros Seg\u0117 | Arb\u016bzo riekel\u0117 \u2013 \u201eSweet Summer\u201c\"}]},{\"@type\":\"WebSite\",\"@id\":\"https:\/\/kabinam.lt\/#website\",\"url\":\"https:\/\/kabinam.lt\/\",\"name\":\"kabinam.lt\",\"description\":\"Kabinam.lt \u2013 raktu pakabukai ir aksesuarai\",\"publisher\":{\"@id\":\"https:\/\/kabinam.lt\/#organization\"},\"alternateName\":\"pakabukai lt\",\"potentialAction\":[{\"@type\":\"SearchAction\",\"target\":{\"@type\":\"EntryPoint\",\"urlTemplate\":\"https:\/\/kabinam.lt\/?s={search_term_string}\"},\"query-input\":{\"@type\":\"PropertyValueSpecification\",\"valueRequired\":true,\"valueName\":\"search_term_string\"}}],\"inLanguage\":\"lv-LV\"},{\"@type\":\"Organization\",\"@id\":\"https:\/\/kabinam.lt\/#organization\",\"name\":\"kabinam.lt\",\"alternateName\":\"kabinam\",\"url\":\"https:\/\/kabinam.lt\/\",\"logo\":{\"@type\":\"ImageObject\",\"inLanguage\":\"lv-LV\",\"@id\":\"https:\/\/kabinam.lt\/#\/schema\/logo\/image\/\",\"url\":\"https:\/\/kabinam.lt\/wp-content\/uploads\/2025\/05\/KABINAM_outer_glow.png\",\"contentUrl\":\"https:\/\/kabinam.lt\/wp-content\/uploads\/2025\/05\/KABINAM_outer_glow.png\",\"width\":474,\"height\":141,\"caption\":\"kabinam.lt\"},\"image\":{\"@id\":\"https:\/\/kabinam.lt\/#\/schema\/logo\/image\/\"}}]}<\/script>\n<!-- \/ Yoast SEO plugin. -->","yoast_head_json":{"title":"Vasaras Seg\u0117 | Arb\u016bza \u0161\u0137\u0113le \u2013 \u201eSald\u0101 vasara\u201c - kabinam.lt","description":"Izbaudiet vasaras gar\u0161u! \u0160\u012b arb\u016bza emaljas bro\u0161a ir kr\u0101sains un jautrs aksesu\u0101rs, kas pie\u0161\u0137irs j\u016bsu ap\u0123\u0113rbam svaiguma un saules gaismas piesk\u0101rienu.","robots":{"index":"index","follow":"follow","max-snippet":"max-snippet:-1","max-image-preview":"max-image-preview:large","max-video-preview":"max-video-preview:-1"},"canonical":"https:\/\/kabinam.lt\/lv\/produkts\/arbuza-skelites-piespraude-vasaras-aksesuars\/","og_locale":"lv_LV","og_type":"article","og_title":"Vasaros Seg\u0117 | Arb\u016bzo riekel\u0117 \u2013 \u201eSweet Summer\u201c - kabinam.lt","og_description":"Pajuskite vasaros skon\u012f! \u0160is arb\u016bzo emalio segtukas yra spalvingas ir \u017eaismingas aksesuaras, suteikiantis J\u016bs\u0173 aprangai gaivumo ir saul\u0117tos nuotaikos.","og_url":"https:\/\/kabinam.lt\/lv\/produkts\/arbuza-skelites-piespraude-vasaras-aksesuars\/","og_site_name":"kabinam.lt","article_modified_time":"2026-01-18T23:24:10+00:00","og_image":[{"width":1400,"height":1867,"url":"https:\/\/kabinam.lt\/wp-content\/uploads\/2025\/09\/1000077257.jpg","type":"image\/jpeg"}],"twitter_card":"summary_large_image","twitter_misc":{"Est. reading time":"1 min\u016bte"},"schema":{"@context":"https:\/\/schema.org","@graph":[{"@type":["WebPage","ItemPage"],"@id":"https:\/\/kabinam.lt\/et\/toode\/arbuusiviilu-rinnamark-suveaksessuaar\/","url":"https:\/\/kabinam.lt\/et\/toode\/arbuusiviilu-rinnamark-suveaksessuaar\/","name":"Vasaras Seg\u0117 | Arb\u016bza \u0161\u0137\u0113le \u2013 \u201eSald\u0101 vasara\u201c - kabinam.lt","isPartOf":{"@id":"https:\/\/kabinam.lt\/#website"},"primaryImageOfPage":{"@id":"https:\/\/kabinam.lt\/et\/toode\/arbuusiviilu-rinnamark-suveaksessuaar\/#primaryimage"},"image":{"@id":"https:\/\/kabinam.lt\/et\/toode\/arbuusiviilu-rinnamark-suveaksessuaar\/#primaryimage"},"thumbnailUrl":"https:\/\/kabinam.lt\/wp-content\/uploads\/2025\/09\/1000077257.jpg","datePublished":"2025-09-07T19:35:44+00:00","dateModified":"2026-01-18T23:24:10+00:00","description":"Izbaudiet vasaras gar\u0161u! \u0160\u012b arb\u016bza emaljas bro\u0161a ir kr\u0101sains un jautrs aksesu\u0101rs, kas pie\u0161\u0137irs j\u016bsu ap\u0123\u0113rbam svaiguma un saules gaismas piesk\u0101rienu.","breadcrumb":{"@id":"https:\/\/kabinam.lt\/et\/toode\/arbuusiviilu-rinnamark-suveaksessuaar\/#breadcrumb"},"inLanguage":"lv-LV","potentialAction":[{"@type":"ReadAction","target":["https:\/\/kabinam.lt\/et\/toode\/arbuusiviilu-rinnamark-suveaksessuaar\/"]}]},{"@type":"ImageObject","inLanguage":"lv-LV","@id":"https:\/\/kabinam.lt\/et\/toode\/arbuusiviilu-rinnamark-suveaksessuaar\/#primaryimage","url":"https:\/\/kabinam.lt\/wp-content\/uploads\/2025\/09\/1000077257.jpg","contentUrl":"https:\/\/kabinam.lt\/wp-content\/uploads\/2025\/09\/1000077257.jpg","width":1400,"height":1867,"caption":"Spalvingo Arb\u016bzo Riekel\u0117s Emalio Segtuko Dizainas"},{"@type":"BreadcrumbList","@id":"https:\/\/kabinam.lt\/et\/toode\/arbuusiviilu-rinnamark-suveaksessuaar\/#breadcrumb","itemListElement":[{"@type":"ListItem","position":1,"name":"Home","item":"https:\/\/kabinam.lt\/"},{"@type":"ListItem","position":2,"name":"Visi Produktai","item":"https:\/\/kabinam.lt\/visi-produktai\/"},{"@type":"ListItem","position":3,"name":"Vasaros Seg\u0117 | Arb\u016bzo riekel\u0117 \u2013 \u201eSweet Summer\u201c"}]},{"@type":"WebSite","@id":"https:\/\/kabinam.lt\/#website","url":"https:\/\/kabinam.lt\/","name":"kabinam.lt","description":"Kabinam.lt - atsl\u0113gu piekari\u0146i un aksesu\u0101ri","publisher":{"@id":"https:\/\/kabinam.lt\/#organization"},"alternateName":"pakabukai lt","potentialAction":[{"@type":"SearchAction","target":{"@type":"EntryPoint","urlTemplate":"https:\/\/kabinam.lt\/?s={search_term_string}"},"query-input":{"@type":"PropertyValueSpecification","valueRequired":true,"valueName":"search_term_string"}}],"inLanguage":"lv-LV"},{"@type":"Organization","@id":"https:\/\/kabinam.lt\/#organization","name":"kabinam.lt","alternateName":"kabinam","url":"https:\/\/kabinam.lt\/","logo":{"@type":"ImageObject","inLanguage":"lv-LV","@id":"https:\/\/kabinam.lt\/#\/schema\/logo\/image\/","url":"https:\/\/kabinam.lt\/wp-content\/uploads\/2025\/05\/KABINAM_outer_glow.png","contentUrl":"https:\/\/kabinam.lt\/wp-content\/uploads\/2025\/05\/KABINAM_outer_glow.png","width":474,"height":141,"caption":"kabinam.lt"},"image":{"@id":"https:\/\/kabinam.lt\/#\/schema\/logo\/image\/"}}]}},"uagb_featured_image_src":{"full":["https:\/\/kabinam.lt\/wp-content\/uploads\/2025\/09\/1000077257.jpg",1400,1867,false],"thumbnail":["https:\/\/kabinam.lt\/wp-content\/uploads\/2025\/09\/1000077257-150x150.jpg",150,150,true],"medium":["https:\/\/kabinam.lt\/wp-content\/uploads\/2025\/09\/1000077257-225x300.jpg",225,300,true],"medium_large":["https:\/\/kabinam.lt\/wp-content\/uploads\/2025\/09\/1000077257-768x1024.jpg",768,1024,true],"large":["https:\/\/kabinam.lt\/wp-content\/uploads\/2025\/09\/1000077257-768x1024.jpg",768,1024,true],"1536x1536":["https:\/\/kabinam.lt\/wp-content\/uploads\/2025\/09\/1000077257-1152x1536.jpg",1152,1536,true],"2048x2048":["https:\/\/kabinam.lt\/wp-content\/uploads\/2025\/09\/1000077257.jpg",1400,1867,false],"trp-custom-language-flag":["https:\/\/kabinam.lt\/wp-content\/uploads\/2025\/09\/1000077257.jpg",9,12,false],"woocommerce_thumbnail":["https:\/\/kabinam.lt\/wp-content\/uploads\/2025\/09\/1000077257-300x300.jpg",300,300,true],"woocommerce_single":["https:\/\/kabinam.lt\/wp-content\/uploads\/2025\/09\/1000077257-600x800.jpg",600,800,true],"woocommerce_gallery_thumbnail":["https:\/\/kabinam.lt\/wp-content\/uploads\/2025\/09\/1000077257-100x100.jpg",100,100,true]},"uagb_author_info":{"display_name":"kabinam.lt","author_link":"https:\/\/kabinam.lt\/lv\/author\/"},"uagb_comment_info":0,"uagb_excerpt":"Ry\u0161kus ir sultingas emalio pin'as. Raudona arb\u016bzo riekel\u0117 su juodomis s\u0117klomis ir \u017ealia \u017eievele \u2013 idealus aksesuaras vasaros stiliui ir atostog\u0173 nuotaikai sukurti.","_links":{"self":[{"href":"https:\/\/kabinam.lt\/lv\/wp-json\/wp\/v2\/product\/4058","targetHints":{"allow":["GET"]}}],"collection":[{"href":"https:\/\/kabinam.lt\/lv\/wp-json\/wp\/v2\/product"}],"about":[{"href":"https:\/\/kabinam.lt\/lv\/wp-json\/wp\/v2\/types\/product"}],"replies":[{"embeddable":true,"href":"https:\/\/kabinam.lt\/lv\/wp-json\/wp\/v2\/comments?post=4058"}],"wp:featuredmedia":[{"embeddable":true,"href":"https:\/\/kabinam.lt\/lv\/wp-json\/wp\/v2\/media\/4056"}],"wp:attachment":[{"href":"https:\/\/kabinam.lt\/lv\/wp-json\/wp\/v2\/media?parent=4058"}],"wp:term":[{"taxonomy":"product_brand","embeddable":true,"href":"https:\/\/kabinam.lt\/lv\/wp-json\/wp\/v2\/product_brand?post=4058"},{"taxonomy":"product_cat","embeddable":true,"href":"https:\/\/kabinam.lt\/lv\/wp-json\/wp\/v2\/product_cat?post=4058"},{"taxonomy":"product_tag","embeddable":true,"href":"https:\/\/kabinam.lt\/lv\/wp-json\/wp\/v2\/product_tag?post=4058"}],"curies":[{"name":"wp","href":"https:\/\/api.w.org\/{rel}","templated":true}]}}