{"id":3950,"date":"2025-07-14T21:28:33","date_gmt":"2025-07-14T19:28:33","guid":{"rendered":"https:\/\/kabinam.lt\/?post_type=product&#038;p=3950"},"modified":"2026-01-19T01:57:48","modified_gmt":"2026-01-18T23:57:48","slug":"korgiju-milotaju-nozimite-fun-size","status":"publish","type":"product","link":"https:\/\/kabinam.lt\/lv\/product\/korgiu-myletojai-zenkliukas-fun-size\/","title":{"rendered":"Corgi m\u012b\u013cot\u0101jiem - noz\u012bm\u012bte ar uzrakstu \u201eEs neesmu \u012bss, es esmu jautra izm\u0113ra!\u201c"},"content":{"rendered":"<div class=\"kk-star-ratings kksr-auto kksr-align-left kksr-valign-top\"\n    data-payload='{&quot;align&quot;:&quot;left&quot;,&quot;id&quot;:&quot;3950&quot;,&quot;slug&quot;:&quot;default&quot;,&quot;valign&quot;:&quot;top&quot;,&quot;ignore&quot;:&quot;&quot;,&quot;reference&quot;:&quot;auto&quot;,&quot;class&quot;:&quot;&quot;,&quot;count&quot;:&quot;0&quot;,&quot;legendonly&quot;:&quot;&quot;,&quot;readonly&quot;:&quot;&quot;,&quot;score&quot;:&quot;0&quot;,&quot;starsonly&quot;:&quot;&quot;,&quot;best&quot;:&quot;5&quot;,&quot;gap&quot;:&quot;5&quot;,&quot;greet&quot;:&quot;Mums svarbus j\u016bs\u0173 \u012fvertinimas&quot;,&quot;legend&quot;:&quot;0\\\/5 - (0 votes)&quot;,&quot;size&quot;:&quot;24&quot;,&quot;title&quot;:&quot;Korgi\u0173 myl\u0117tojai \u2013 \u017eenkliukas su u\u017era\u0161u \u201eI\\u0026#039;m not short, I\\u0026#039;m fun-size!\u201c&quot;,&quot;width&quot;:&quot;0&quot;,&quot;_legend&quot;:&quot;{score}\\\/{best} - ({count} {votes})&quot;,&quot;font_factor&quot;:&quot;1.25&quot;}'>\n            \n<div class=\"kksr-stars\">\n    \n<div class=\"kksr-stars-inactive\">\n            <div class=\"kksr-star\" data-star=\"1\" style=\"padding-right: 5px\">\n            \n\n<div class=\"kksr-icon\" style=\"width: 24px; height: 24px;\"><\/div>\n        <\/div>\n            <div class=\"kksr-star\" data-star=\"2\" style=\"padding-right: 5px\">\n            \n\n<div class=\"kksr-icon\" style=\"width: 24px; height: 24px;\"><\/div>\n        <\/div>\n            <div class=\"kksr-star\" data-star=\"3\" style=\"padding-right: 5px\">\n            \n\n<div class=\"kksr-icon\" style=\"width: 24px; height: 24px;\"><\/div>\n        <\/div>\n            <div class=\"kksr-star\" data-star=\"4\" style=\"padding-right: 5px\">\n            \n\n<div class=\"kksr-icon\" style=\"width: 24px; height: 24px;\"><\/div>\n        <\/div>\n            <div class=\"kksr-star\" data-star=\"5\" style=\"padding-right: 5px\">\n            \n\n<div class=\"kksr-icon\" style=\"width: 24px; height: 24px;\"><\/div>\n        <\/div>\n    <\/div>\n    \n<div class=\"kksr-stars-active\" style=\"width: 0px;\">\n            <div class=\"kksr-star\" style=\"padding-right: 5px\">\n            \n\n<div class=\"kksr-icon\" style=\"width: 24px; height: 24px;\"><\/div>\n        <\/div>\n            <div class=\"kksr-star\" style=\"padding-right: 5px\">\n            \n\n<div class=\"kksr-icon\" style=\"width: 24px; height: 24px;\"><\/div>\n        <\/div>\n            <div class=\"kksr-star\" style=\"padding-right: 5px\">\n            \n\n<div class=\"kksr-icon\" style=\"width: 24px; height: 24px;\"><\/div>\n        <\/div>\n            <div class=\"kksr-star\" style=\"padding-right: 5px\">\n            \n\n<div class=\"kksr-icon\" style=\"width: 24px; height: 24px;\"><\/div>\n        <\/div>\n            <div class=\"kksr-star\" style=\"padding-right: 5px\">\n            \n\n<div class=\"kksr-icon\" style=\"width: 24px; height: 24px;\"><\/div>\n        <\/div>\n    <\/div>\n<\/div>\n                \n\n<div class=\"kksr-legend\" style=\"font-size: 19.2px;\">\n            <span class=\"kksr-muted\">Mums ir svar\u012bgs j\u016bsu nov\u0113rt\u0113jums<\/span>\n    <\/div>\n    <\/div>\n<h1>Corgi m\u012b\u013cot\u0101jiem - noz\u012bm\u012bte ar uzrakstu \u201eEs neesmu \u012bss, es esmu jautra izm\u0113ra!\u201c<\/h1>\n<p>\u0160\u012b rota\u013c\u012bg\u0101 noz\u012bm\u012bte ar kor\u0137i un uzrakstu \u201eEs neesmu \u012bss, es esmu jautra izm\u0113ra!\u201c. ir dom\u0101ta ikvienam <strong>korgiju m\u012b\u013cot\u0101jiem<\/strong> kopiena. Tas ir ne tikai stil\u012bgs aksesu\u0101rs, bet ar\u012b lieta, kas nes dz\u012bvespriec\u012bgu v\u0113st\u012bjumu, ko nov\u0113rt\u0113s visi, kuri zina \u0161\u012bs su\u0146u \u0161\u0137irnes unikalit\u0101ti. Mazs, bet varens ir v\u0113st\u012bjums, ko \u0161is korgijs nodod ikreiz, kad uz to skat\u0101ties.<\/p>\n<h2>Corgi m\u012b\u013cot\u0101ji izv\u0113las unik\u0101lus akcentus<\/h2>\n<p><strong>Korgiju m\u012b\u013cot\u0101ji<\/strong> zina, ka korgiji ir kas vair\u0101k nek\u0101 vienk\u0101r\u0161i su\u0146i - vi\u0146i ir harizm\u0101tiski, unik\u0101li un vienm\u0113r gatavi piedz\u012bvojumiem. \u0160\u012b noz\u012bm\u012bte ir ide\u0101li piem\u0113rota tiem, kuri nov\u0113rt\u0113 humora izj\u016btu, pozit\u012bvismu un v\u0113las smalki paust m\u012blest\u012bbu pret saviem m\u0101jdz\u012bvniekiem. \u201eEs neesmu mazs, es esmu jautr\u0101 izm\u0113ra!\u201c aspr\u0101t\u012bgi atspogu\u013co korgiju fizisk\u0101s \u012bpa\u0161\u012bbas, k\u0101 ar\u012b to iek\u0161\u0113jo sp\u0113ku un ener\u0123iju.<\/p>\n<h2>Stil\u012bgs dizains - augsta kvalit\u0101te<\/h2>\n<p>Uzl\u012bme ir izgatavota no iztur\u012bga met\u0101la ar kr\u0101sain\u0101m kr\u0101s\u0101m, kas izce\u013c korgija formu un rakstur\u012bgo uzrakstu. Mat\u0113t\u0101 apdare pie\u0161\u0137ir smalku, bet uzman\u012bbu piesaisto\u0161u efektu, savuk\u0101rt dro\u0161\u0101 aizdare \u013cauj piederumu stingri piestiprin\u0101t pie mugursomas, jakas vai pat cepures. Tas ne tikai papildina ap\u0123\u0113rbu, bet ar\u012b par\u0101da person\u012bbu.<\/p>\n<h3>Kam ir paredz\u0113ta \u0161\u012b noz\u012bm\u012bte?<\/h3>\n<ul>\n<li>Dz\u012bvnieku m\u012b\u013cot\u0101jiem, \u012bpa\u0161i korgiju faniem<\/li>\n<li>Tiem, kas mekl\u0113 jautru un personisku d\u0101vanu<\/li>\n<li>Tiem, kas v\u0113las izcelties ar saviem aksesu\u0101riem.<\/li>\n<li>Tiem, kas nov\u0113rt\u0113 aspr\u0101t\u012bgas runas<\/li>\n<\/ul>\n<h2>Korgiji - \u012bsi, bet svar\u012bgi!<\/h2>\n<p>Korgiji bie\u017ei tiek d\u0113v\u0113ti par karaliskajiem su\u0146iem, jo tie\u0161i \u0161o \u0161\u0137irni ilgus gadus tur\u0113ja britu karaliene Elizabete II. Ta\u010du korgiji nav tikai v\u0113sturiski simboli - tie ir k\u013cuvu\u0161i par m\u016bsdienu popkult\u016bras sast\u0101vda\u013cu, \u012bpa\u0161i jaunie\u0161u vid\u016b. \u0160\u012b noz\u012bm\u012bte ir rota\u013c\u012bgs veids, k\u0101 pievienoties \u0161ai unik\u0101lajai kult\u016brai.<\/p>\n<h2>Vai mekl\u0113jat v\u0113l vair\u0101k ideju par Corgi?<\/h2>\n<p>Apmekl\u0113jiet m\u016bsu noz\u012bm\u012b\u0161u kolekciju <a href=\"https:\/\/kabinam.lt\/lv\/produkta-kategorija-2\/piespraudes-pins\/\">\u0161eit<\/a> un uzziniet vair\u0101k jautru aksesu\u0101ru su\u0146u m\u012b\u013cot\u0101jiem, \u012bpa\u0161i Corgi faniem. M\u016bsu kolekcij\u0101 ir da\u017e\u0101du formu, kr\u0101su un noska\u0146u noz\u012bm\u012btes, kas \u013cauj ikvienam izveidot unik\u0101lu stilu. Iesak\u0101m apmekl\u0113t ar\u012b t\u012bmek\u013ca vietni <a class=\"\" href=\"https:\/\/www.corgilife.com\" target=\"_new\" rel=\"noopener\" data-start=\"2287\" data-end=\"2329\">corgilife.com<\/a> - \u0161eit ir v\u0113l vair\u0101k iedvesmas Corgi faniem.<\/p>","protected":false},"excerpt":{"rendered":"<p>\u0160\u012b kr\u0101sain\u0101 noz\u012bm\u012bte ar m\u012b\u013cu korgiju un aspr\u0101t\u012bgu uzrakstu ir lieliska izv\u0113le visiem korgiju m\u012b\u013cot\u0101jiem un tiem, kas nov\u0113rt\u0113 humoru.<\/p>","protected":false},"featured_media":3951,"comment_status":"open","ping_status":"closed","template":"","meta":{"_uag_custom_page_level_css":"","site-sidebar-layout":"default","site-content-layout":"","ast-site-content-layout":"default","site-content-style":"default","site-sidebar-style":"default","ast-global-header-display":"","ast-banner-title-visibility":"","ast-main-header-display":"","ast-hfb-above-header-display":"","ast-hfb-below-header-display":"","ast-hfb-mobile-header-display":"","site-post-title":"","ast-breadcrumbs-content":"","ast-featured-img":"","footer-sml-layout":"","ast-disable-related-posts":"","theme-transparent-header-meta":"default","adv-header-id-meta":"","stick-header-meta":"","header-above-stick-meta":"","header-main-stick-meta":"","header-below-stick-meta":"","astra-migrate-meta-layouts":"set","ast-page-background-enabled":"default","ast-page-background-meta":{"desktop":{"background-color":"var(--ast-global-color-4)","background-image":"","background-repeat":"repeat","background-position":"center center","background-size":"auto","background-attachment":"scroll","background-type":"","background-media":"","overlay-type":"","overlay-color":"","overlay-opacity":"","overlay-gradient":""},"tablet":{"background-color":"","background-image":"","background-repeat":"repeat","background-position":"center center","background-size":"auto","background-attachment":"scroll","background-type":"","background-media":"","overlay-type":"","overlay-color":"","overlay-opacity":"","overlay-gradient":""},"mobile":{"background-color":"","background-image":"","background-repeat":"repeat","background-position":"center center","background-size":"auto","background-attachment":"scroll","background-type":"","background-media":"","overlay-type":"","overlay-color":"","overlay-opacity":"","overlay-gradient":""}},"ast-content-background-meta":{"desktop":{"background-color":"var(--ast-global-color-5)","background-image":"","background-repeat":"repeat","background-position":"center center","background-size":"auto","background-attachment":"scroll","background-type":"","background-media":"","overlay-type":"","overlay-color":"","overlay-opacity":"","overlay-gradient":""},"tablet":{"background-color":"var(--ast-global-color-5)","background-image":"","background-repeat":"repeat","background-position":"center center","background-size":"auto","background-attachment":"scroll","background-type":"","background-media":"","overlay-type":"","overlay-color":"","overlay-opacity":"","overlay-gradient":""},"mobile":{"background-color":"var(--ast-global-color-5)","background-image":"","background-repeat":"repeat","background-position":"center center","background-size":"auto","background-attachment":"scroll","background-type":"","background-media":"","overlay-type":"","overlay-color":"","overlay-opacity":"","overlay-gradient":""}}},"product_brand":[],"product_cat":[126,119,92],"product_tag":[],"class_list":{"0":"post-3950","1":"product","2":"type-product","3":"status-publish","4":"has-post-thumbnail","6":"product_cat-visi","7":"product_cat-smeigtukai-pins","8":"product_cat-populiariausiu-produktu-kategorija","9":"desktop-align-center","10":"tablet-align-left","11":"mobile-align-left","13":"first","14":"instock","15":"shipping-taxable","16":"purchasable","17":"product-type-simple"},"yoast_head":"<!-- This site is optimized with the Yoast SEO plugin v27.1.1 - https:\/\/yoast.com\/product\/yoast-seo-wordpress\/ -->\n<title>Korgi\u0173 myl\u0117tojai \u2013 \u017eenkliukas su u\u017era\u0161u \u201eI&#039;m not short, I&#039;m fun-size!\u201c - kabinam.lt<\/title>\n<meta name=\"description\" content=\"\u017denkliukas su korgiu ir u\u017era\u0161u \u201eI&#039;m not short, I&#039;m fun-size!\u201c \u2013 i\u0161skirtinis aksesuaras visiems korgi\u0173 myl\u0117tojams.\" \/>\n<meta name=\"robots\" content=\"index, follow, max-snippet:-1, max-image-preview:large, max-video-preview:-1\" \/>\n<link rel=\"canonical\" href=\"https:\/\/kabinam.lt\/lv\/produkts\/korgiju-milotaju-nozimite-fun-size\/\" \/>\n<meta property=\"og:locale\" content=\"lv_LV\" \/>\n<meta property=\"og:type\" content=\"article\" \/>\n<meta property=\"og:title\" content=\"Korgi\u0173 myl\u0117tojai \u2013 \u017eenkliukas su u\u017era\u0161u \u201eI&#039;m not short, I&#039;m fun-size!\u201c - kabinam.lt\" \/>\n<meta property=\"og:description\" content=\"\u017denkliukas su korgiu ir u\u017era\u0161u \u201eI&#039;m not short, I&#039;m fun-size!\u201c \u2013 i\u0161skirtinis aksesuaras visiems korgi\u0173 myl\u0117tojams.\" \/>\n<meta property=\"og:url\" content=\"https:\/\/kabinam.lt\/lv\/produkts\/korgiju-milotaju-nozimite-fun-size\/\" \/>\n<meta property=\"og:site_name\" content=\"kabinam.lt\" \/>\n<meta property=\"article:modified_time\" content=\"2026-01-18T23:57:48+00:00\" \/>\n<meta property=\"og:image\" content=\"https:\/\/kabinam.lt\/wp-content\/uploads\/2025\/07\/main-image-10.jpeg\" \/>\n\t<meta property=\"og:image:width\" content=\"800\" \/>\n\t<meta property=\"og:image:height\" content=\"800\" \/>\n\t<meta property=\"og:image:type\" content=\"image\/jpeg\" \/>\n<meta name=\"twitter:card\" content=\"summary_large_image\" \/>\n<meta name=\"twitter:label1\" content=\"Est. reading time\" \/>\n\t<meta name=\"twitter:data1\" content=\"2 min\u016btes\" \/>\n<script type=\"application\/ld+json\" class=\"yoast-schema-graph\">{\"@context\":\"https:\/\/schema.org\",\"@graph\":[{\"@type\":[\"WebPage\",\"ItemPage\"],\"@id\":\"https:\/\/kabinam.lt\/eng\/product\/corgi-lovers-badge-fun-size\/\",\"url\":\"https:\/\/kabinam.lt\/eng\/product\/corgi-lovers-badge-fun-size\/\",\"name\":\"Korgi\u0173 myl\u0117tojai \u2013 \u017eenkliukas su u\u017era\u0161u \u201eI'm not short, I'm fun-size!\u201c - kabinam.lt\",\"isPartOf\":{\"@id\":\"https:\/\/kabinam.lt\/#website\"},\"primaryImageOfPage\":{\"@id\":\"https:\/\/kabinam.lt\/eng\/product\/corgi-lovers-badge-fun-size\/#primaryimage\"},\"image\":{\"@id\":\"https:\/\/kabinam.lt\/eng\/product\/corgi-lovers-badge-fun-size\/#primaryimage\"},\"thumbnailUrl\":\"https:\/\/kabinam.lt\/wp-content\/uploads\/2025\/07\/main-image-10.jpeg\",\"datePublished\":\"2025-07-14T19:28:33+00:00\",\"dateModified\":\"2026-01-18T23:57:48+00:00\",\"description\":\"\u017denkliukas su korgiu ir u\u017era\u0161u \u201eI'm not short, I'm fun-size!\u201c \u2013 i\u0161skirtinis aksesuaras visiems korgi\u0173 myl\u0117tojams.\",\"breadcrumb\":{\"@id\":\"https:\/\/kabinam.lt\/eng\/product\/corgi-lovers-badge-fun-size\/#breadcrumb\"},\"inLanguage\":\"lv-LV\",\"potentialAction\":[{\"@type\":\"ReadAction\",\"target\":[\"https:\/\/kabinam.lt\/eng\/product\/corgi-lovers-badge-fun-size\/\"]}]},{\"@type\":\"ImageObject\",\"inLanguage\":\"lv-LV\",\"@id\":\"https:\/\/kabinam.lt\/eng\/product\/corgi-lovers-badge-fun-size\/#primaryimage\",\"url\":\"https:\/\/kabinam.lt\/wp-content\/uploads\/2025\/07\/main-image-10.jpeg\",\"contentUrl\":\"https:\/\/kabinam.lt\/wp-content\/uploads\/2025\/07\/main-image-10.jpeg\",\"width\":800,\"height\":800,\"caption\":\"\u017daismingas \u017eenkliukas su korgiu ir \u0161maik\u0161\u010diu u\u017era\u0161u\"},{\"@type\":\"BreadcrumbList\",\"@id\":\"https:\/\/kabinam.lt\/eng\/product\/corgi-lovers-badge-fun-size\/#breadcrumb\",\"itemListElement\":[{\"@type\":\"ListItem\",\"position\":1,\"name\":\"Home\",\"item\":\"https:\/\/kabinam.lt\/\"},{\"@type\":\"ListItem\",\"position\":2,\"name\":\"Visi Produktai\",\"item\":\"https:\/\/kabinam.lt\/visi-produktai\/\"},{\"@type\":\"ListItem\",\"position\":3,\"name\":\"Korgi\u0173 myl\u0117tojai \u2013 \u017eenkliukas su u\u017era\u0161u \u201eI&#8217;m not short, I&#8217;m fun-size!\u201c\"}]},{\"@type\":\"WebSite\",\"@id\":\"https:\/\/kabinam.lt\/#website\",\"url\":\"https:\/\/kabinam.lt\/\",\"name\":\"kabinam.lt\",\"description\":\"Kabinam.lt \u2013 raktu pakabukai ir aksesuarai\",\"publisher\":{\"@id\":\"https:\/\/kabinam.lt\/#organization\"},\"alternateName\":\"pakabukai lt\",\"potentialAction\":[{\"@type\":\"SearchAction\",\"target\":{\"@type\":\"EntryPoint\",\"urlTemplate\":\"https:\/\/kabinam.lt\/?s={search_term_string}\"},\"query-input\":{\"@type\":\"PropertyValueSpecification\",\"valueRequired\":true,\"valueName\":\"search_term_string\"}}],\"inLanguage\":\"lv-LV\"},{\"@type\":\"Organization\",\"@id\":\"https:\/\/kabinam.lt\/#organization\",\"name\":\"kabinam.lt\",\"alternateName\":\"kabinam\",\"url\":\"https:\/\/kabinam.lt\/\",\"logo\":{\"@type\":\"ImageObject\",\"inLanguage\":\"lv-LV\",\"@id\":\"https:\/\/kabinam.lt\/#\/schema\/logo\/image\/\",\"url\":\"https:\/\/kabinam.lt\/wp-content\/uploads\/2025\/05\/KABINAM_outer_glow.png\",\"contentUrl\":\"https:\/\/kabinam.lt\/wp-content\/uploads\/2025\/05\/KABINAM_outer_glow.png\",\"width\":474,\"height\":141,\"caption\":\"kabinam.lt\"},\"image\":{\"@id\":\"https:\/\/kabinam.lt\/#\/schema\/logo\/image\/\"}}]}<\/script>\n<!-- \/ Yoast SEO plugin. -->","yoast_head_json":{"title":"Corgi m\u012b\u013cot\u0101jiem - noz\u012bm\u012bte ar uzrakstu \u201eEs neesmu \u012bss, es esmu jautra izm\u0113ra!\u201c - kabinam.lt","description":"Z\u012bm\u012bte ar korgiju un uzrakstu \u201eEs neesmu mazs, es esmu jautra izm\u0113ra!\u201c - ekskluz\u012bvs aksesu\u0101rs visiem korgiju m\u012b\u013cot\u0101jiem.","robots":{"index":"index","follow":"follow","max-snippet":"max-snippet:-1","max-image-preview":"max-image-preview:large","max-video-preview":"max-video-preview:-1"},"canonical":"https:\/\/kabinam.lt\/lv\/produkts\/korgiju-milotaju-nozimite-fun-size\/","og_locale":"lv_LV","og_type":"article","og_title":"Korgi\u0173 myl\u0117tojai \u2013 \u017eenkliukas su u\u017era\u0161u \u201eI'm not short, I'm fun-size!\u201c - kabinam.lt","og_description":"\u017denkliukas su korgiu ir u\u017era\u0161u \u201eI'm not short, I'm fun-size!\u201c \u2013 i\u0161skirtinis aksesuaras visiems korgi\u0173 myl\u0117tojams.","og_url":"https:\/\/kabinam.lt\/lv\/produkts\/korgiju-milotaju-nozimite-fun-size\/","og_site_name":"kabinam.lt","article_modified_time":"2026-01-18T23:57:48+00:00","og_image":[{"width":800,"height":800,"url":"https:\/\/kabinam.lt\/wp-content\/uploads\/2025\/07\/main-image-10.jpeg","type":"image\/jpeg"}],"twitter_card":"summary_large_image","twitter_misc":{"Est. reading time":"2 min\u016btes"},"schema":{"@context":"https:\/\/schema.org","@graph":[{"@type":["WebPage","ItemPage"],"@id":"https:\/\/kabinam.lt\/eng\/product\/corgi-lovers-badge-fun-size\/","url":"https:\/\/kabinam.lt\/eng\/product\/corgi-lovers-badge-fun-size\/","name":"Corgi m\u012b\u013cot\u0101jiem - noz\u012bm\u012bte ar uzrakstu \u201eEs neesmu \u012bss, es esmu jautra izm\u0113ra!\u201c - kabinam.lt","isPartOf":{"@id":"https:\/\/kabinam.lt\/#website"},"primaryImageOfPage":{"@id":"https:\/\/kabinam.lt\/eng\/product\/corgi-lovers-badge-fun-size\/#primaryimage"},"image":{"@id":"https:\/\/kabinam.lt\/eng\/product\/corgi-lovers-badge-fun-size\/#primaryimage"},"thumbnailUrl":"https:\/\/kabinam.lt\/wp-content\/uploads\/2025\/07\/main-image-10.jpeg","datePublished":"2025-07-14T19:28:33+00:00","dateModified":"2026-01-18T23:57:48+00:00","description":"Z\u012bm\u012bte ar korgiju un uzrakstu \u201eEs neesmu mazs, es esmu jautra izm\u0113ra!\u201c - ekskluz\u012bvs aksesu\u0101rs visiem korgiju m\u012b\u013cot\u0101jiem.","breadcrumb":{"@id":"https:\/\/kabinam.lt\/eng\/product\/corgi-lovers-badge-fun-size\/#breadcrumb"},"inLanguage":"lv-LV","potentialAction":[{"@type":"ReadAction","target":["https:\/\/kabinam.lt\/eng\/product\/corgi-lovers-badge-fun-size\/"]}]},{"@type":"ImageObject","inLanguage":"lv-LV","@id":"https:\/\/kabinam.lt\/eng\/product\/corgi-lovers-badge-fun-size\/#primaryimage","url":"https:\/\/kabinam.lt\/wp-content\/uploads\/2025\/07\/main-image-10.jpeg","contentUrl":"https:\/\/kabinam.lt\/wp-content\/uploads\/2025\/07\/main-image-10.jpeg","width":800,"height":800,"caption":"\u017daismingas \u017eenkliukas su korgiu ir \u0161maik\u0161\u010diu u\u017era\u0161u"},{"@type":"BreadcrumbList","@id":"https:\/\/kabinam.lt\/eng\/product\/corgi-lovers-badge-fun-size\/#breadcrumb","itemListElement":[{"@type":"ListItem","position":1,"name":"Home","item":"https:\/\/kabinam.lt\/"},{"@type":"ListItem","position":2,"name":"Visi Produktai","item":"https:\/\/kabinam.lt\/visi-produktai\/"},{"@type":"ListItem","position":3,"name":"Korgi\u0173 myl\u0117tojai \u2013 \u017eenkliukas su u\u017era\u0161u \u201eI&#8217;m not short, I&#8217;m fun-size!\u201c"}]},{"@type":"WebSite","@id":"https:\/\/kabinam.lt\/#website","url":"https:\/\/kabinam.lt\/","name":"kabinam.lt","description":"Kabinam.lt - atsl\u0113gu piekari\u0146i un aksesu\u0101ri","publisher":{"@id":"https:\/\/kabinam.lt\/#organization"},"alternateName":"pakabukai lt","potentialAction":[{"@type":"SearchAction","target":{"@type":"EntryPoint","urlTemplate":"https:\/\/kabinam.lt\/?s={search_term_string}"},"query-input":{"@type":"PropertyValueSpecification","valueRequired":true,"valueName":"search_term_string"}}],"inLanguage":"lv-LV"},{"@type":"Organization","@id":"https:\/\/kabinam.lt\/#organization","name":"kabinam.lt","alternateName":"kabinam","url":"https:\/\/kabinam.lt\/","logo":{"@type":"ImageObject","inLanguage":"lv-LV","@id":"https:\/\/kabinam.lt\/#\/schema\/logo\/image\/","url":"https:\/\/kabinam.lt\/wp-content\/uploads\/2025\/05\/KABINAM_outer_glow.png","contentUrl":"https:\/\/kabinam.lt\/wp-content\/uploads\/2025\/05\/KABINAM_outer_glow.png","width":474,"height":141,"caption":"kabinam.lt"},"image":{"@id":"https:\/\/kabinam.lt\/#\/schema\/logo\/image\/"}}]}},"uagb_featured_image_src":{"full":["https:\/\/kabinam.lt\/wp-content\/uploads\/2025\/07\/main-image-10.jpeg",800,800,false],"thumbnail":["https:\/\/kabinam.lt\/wp-content\/uploads\/2025\/07\/main-image-10-150x150.jpeg",150,150,true],"medium":["https:\/\/kabinam.lt\/wp-content\/uploads\/2025\/07\/main-image-10-300x300.jpeg",300,300,true],"medium_large":["https:\/\/kabinam.lt\/wp-content\/uploads\/2025\/07\/main-image-10-768x768.jpeg",768,768,true],"large":["https:\/\/kabinam.lt\/wp-content\/uploads\/2025\/07\/main-image-10.jpeg",800,800,false],"1536x1536":["https:\/\/kabinam.lt\/wp-content\/uploads\/2025\/07\/main-image-10.jpeg",800,800,false],"2048x2048":["https:\/\/kabinam.lt\/wp-content\/uploads\/2025\/07\/main-image-10.jpeg",800,800,false],"trp-custom-language-flag":["https:\/\/kabinam.lt\/wp-content\/uploads\/2025\/07\/main-image-10.jpeg",12,12,false],"woocommerce_thumbnail":["https:\/\/kabinam.lt\/wp-content\/uploads\/2025\/07\/main-image-10-300x300.jpeg",300,300,true],"woocommerce_single":["https:\/\/kabinam.lt\/wp-content\/uploads\/2025\/07\/main-image-10-600x600.jpeg",600,600,true],"woocommerce_gallery_thumbnail":["https:\/\/kabinam.lt\/wp-content\/uploads\/2025\/07\/main-image-10-100x100.jpeg",100,100,true]},"uagb_author_info":{"display_name":"kabinam.lt","author_link":"https:\/\/kabinam.lt\/lv\/author\/"},"uagb_comment_info":0,"uagb_excerpt":"Spalvingas \u017eenkliukas su mielu korgiuku ir \u0161maik\u0161\u010diu u\u017era\u0161u \u2013 puikus pasirinkimas visiems korgi\u0173 myl\u0117tojams ir tiems, kurie vertina humor\u0105.","_links":{"self":[{"href":"https:\/\/kabinam.lt\/lv\/wp-json\/wp\/v2\/product\/3950","targetHints":{"allow":["GET"]}}],"collection":[{"href":"https:\/\/kabinam.lt\/lv\/wp-json\/wp\/v2\/product"}],"about":[{"href":"https:\/\/kabinam.lt\/lv\/wp-json\/wp\/v2\/types\/product"}],"replies":[{"embeddable":true,"href":"https:\/\/kabinam.lt\/lv\/wp-json\/wp\/v2\/comments?post=3950"}],"wp:featuredmedia":[{"embeddable":true,"href":"https:\/\/kabinam.lt\/lv\/wp-json\/wp\/v2\/media\/3951"}],"wp:attachment":[{"href":"https:\/\/kabinam.lt\/lv\/wp-json\/wp\/v2\/media?parent=3950"}],"wp:term":[{"taxonomy":"product_brand","embeddable":true,"href":"https:\/\/kabinam.lt\/lv\/wp-json\/wp\/v2\/product_brand?post=3950"},{"taxonomy":"product_cat","embeddable":true,"href":"https:\/\/kabinam.lt\/lv\/wp-json\/wp\/v2\/product_cat?post=3950"},{"taxonomy":"product_tag","embeddable":true,"href":"https:\/\/kabinam.lt\/lv\/wp-json\/wp\/v2\/product_tag?post=3950"}],"curies":[{"name":"wp","href":"https:\/\/api.w.org\/{rel}","templated":true}]}}