{"id":3924,"date":"2025-07-03T20:04:20","date_gmt":"2025-07-03T18:04:20","guid":{"rendered":"https:\/\/kabinam.lt\/?post_type=product&#038;p=3924"},"modified":"2026-02-06T12:52:01","modified_gmt":"2026-02-06T10:52:01","slug":"biznesa-davanas-papira-skava","status":"publish","type":"product","link":"https:\/\/kabinam.lt\/lv\/product\/verslo-dovanos-popierinis-lektuvelis\/","title":{"rendered":"Biznesa d\u0101vanas - met\u0101la noz\u012bm\u012bte pap\u012bra lidma\u0161\u012bna"},"content":{"rendered":"<div class=\"kk-star-ratings kksr-auto kksr-align-left kksr-valign-top\"\n    data-payload='{&quot;align&quot;:&quot;left&quot;,&quot;id&quot;:&quot;3924&quot;,&quot;slug&quot;:&quot;default&quot;,&quot;valign&quot;:&quot;top&quot;,&quot;ignore&quot;:&quot;&quot;,&quot;reference&quot;:&quot;auto&quot;,&quot;class&quot;:&quot;&quot;,&quot;count&quot;:&quot;0&quot;,&quot;legendonly&quot;:&quot;&quot;,&quot;readonly&quot;:&quot;&quot;,&quot;score&quot;:&quot;0&quot;,&quot;starsonly&quot;:&quot;&quot;,&quot;best&quot;:&quot;5&quot;,&quot;gap&quot;:&quot;5&quot;,&quot;greet&quot;:&quot;Mums svarbus j\u016bs\u0173 \u012fvertinimas&quot;,&quot;legend&quot;:&quot;0\\\/5 - (0 votes)&quot;,&quot;size&quot;:&quot;24&quot;,&quot;title&quot;:&quot;Verslo dovanos \u2013 metalinis \u017eenkliukas popierinis l\u0117ktuv\u0117lis&quot;,&quot;width&quot;:&quot;0&quot;,&quot;_legend&quot;:&quot;{score}\\\/{best} - ({count} {votes})&quot;,&quot;font_factor&quot;:&quot;1.25&quot;}'>\n            \n<div class=\"kksr-stars\">\n    \n<div class=\"kksr-stars-inactive\">\n            <div class=\"kksr-star\" data-star=\"1\" style=\"padding-right: 5px\">\n            \n\n<div class=\"kksr-icon\" style=\"width: 24px; height: 24px;\"><\/div>\n        <\/div>\n            <div class=\"kksr-star\" data-star=\"2\" style=\"padding-right: 5px\">\n            \n\n<div class=\"kksr-icon\" style=\"width: 24px; height: 24px;\"><\/div>\n        <\/div>\n            <div class=\"kksr-star\" data-star=\"3\" style=\"padding-right: 5px\">\n            \n\n<div class=\"kksr-icon\" style=\"width: 24px; height: 24px;\"><\/div>\n        <\/div>\n            <div class=\"kksr-star\" data-star=\"4\" style=\"padding-right: 5px\">\n            \n\n<div class=\"kksr-icon\" style=\"width: 24px; height: 24px;\"><\/div>\n        <\/div>\n            <div class=\"kksr-star\" data-star=\"5\" style=\"padding-right: 5px\">\n            \n\n<div class=\"kksr-icon\" style=\"width: 24px; height: 24px;\"><\/div>\n        <\/div>\n    <\/div>\n    \n<div class=\"kksr-stars-active\" style=\"width: 0px;\">\n            <div class=\"kksr-star\" style=\"padding-right: 5px\">\n            \n\n<div class=\"kksr-icon\" style=\"width: 24px; height: 24px;\"><\/div>\n        <\/div>\n            <div class=\"kksr-star\" style=\"padding-right: 5px\">\n            \n\n<div class=\"kksr-icon\" style=\"width: 24px; height: 24px;\"><\/div>\n        <\/div>\n            <div class=\"kksr-star\" style=\"padding-right: 5px\">\n            \n\n<div class=\"kksr-icon\" style=\"width: 24px; height: 24px;\"><\/div>\n        <\/div>\n            <div class=\"kksr-star\" style=\"padding-right: 5px\">\n            \n\n<div class=\"kksr-icon\" style=\"width: 24px; height: 24px;\"><\/div>\n        <\/div>\n            <div class=\"kksr-star\" style=\"padding-right: 5px\">\n            \n\n<div class=\"kksr-icon\" style=\"width: 24px; height: 24px;\"><\/div>\n        <\/div>\n    <\/div>\n<\/div>\n                \n\n<div class=\"kksr-legend\" style=\"font-size: 19.2px;\">\n            <span class=\"kksr-muted\">Mums ir svar\u012bgs j\u016bsu nov\u0113rt\u0113jums<\/span>\n    <\/div>\n    <\/div>\n<h1>Biznesa d\u0101vanas - met\u0101la noz\u012bm\u012bte pap\u012bra lidma\u0161\u012bna<\/h1>\n<p>Pap\u012bra lidma\u0161\u012bnas formas met\u0101la noz\u012bm\u012bte ir rado\u0161a un atmi\u0146\u0101 palieko\u0161a. <strong>biznesa d\u0101vanas<\/strong> Ideja, kas eleganti pau\u017e lidojuma, ideju un progresa simboliku. \u0160\u012b neliel\u0101, bet noz\u012bm\u012bg\u0101 deta\u013ca pal\u012bdz izr\u0101d\u012bt cie\u0146u kol\u0113\u0123iem, partneriem vai klientiem, uzsverot drosm\u012bgu pieeju jauniem virzieniem un inov\u0101cij\u0101m. Augstas kvalit\u0101tes met\u0101ls, sp\u012bd\u012bgs aizsargsl\u0101nis un spilgtas kr\u0101sas nodro\u0161ina, ka aksesu\u0101rs ilgi saglab\u0101s savu izskatu, bet iztur\u012bg\u0101 stiprin\u0101juma sist\u0113ma \u013cauj to dro\u0161i piestiprin\u0101t pie \u017eaketes atloka, mugursomas vai portfe\u013ca.<\/p>\n<h2>K\u0101p\u0113c lidma\u0161\u012bna?<\/h2>\n<p>Pap\u012bra lidma\u0161\u012bna atg\u0101dina mums par b\u0113rn\u012bbas entuziasmu un drosm\u012bgiem sap\u0146iem. Biznesa vid\u0113 t\u0101 simboliz\u0113 ideju lidojumu, rado\u0161o dom\u0101\u0161anu un vieglu s\u0101kumu. \u0160o noz\u012bm\u012bti var viegli piel\u0101got da\u017e\u0101diem stiliem: t\u0101 pie\u0161\u0137irs minim\u0101listiskam uzvalkam rota\u013c\u012bgu akcentu un ikdienas jakai \u2013 smalku eleganci.<\/p>\n<h2>Iztur\u012bgs un uzticams aksesu\u0101rs<\/h2>\n<p>Aizdare ir izgatavota no cinka sakaus\u0113juma un p\u0101rkl\u0101ta ar aizsargsl\u0101ni, kas padara to iztur\u012bgu pret koroziju un skr\u0101p\u0113jumiem. Pieskr\u016bv\u0113jama aizdare pasarg\u0101 no nejau\u0161as nozaud\u0113\u0161anas. Kompaktais izm\u0113rs \u013cauj to valk\u0101t pat uz pl\u0101niem audumiem, neatst\u0101jot p\u0113das. \u0160is aksesu\u0101rs ir piem\u0113rots gan sieviet\u0113m, gan v\u012brie\u0161iem, kuri nov\u0113rt\u0113 smalku, bet noz\u012bm\u012bgu stila akcentu.<\/p>\n<h3>Pieteik\u0161an\u0101s iesp\u0113jas<\/h3>\n<ul>\n<li>Jakas vai uzvalka atloks ofici\u0101l\u0101m san\u0101ksm\u0113m<\/li>\n<li>Mugursoma vai portfelis ikdienas braucieniem<\/li>\n<li>Cepure vai kapuce neform\u0101l\u0101m situ\u0101cij\u0101m<\/li>\n<li>D\u0101vanu iepakojuma akcents konferenc\u0113m vai semin\u0101riem<\/li>\n<\/ul>\n<h2>Pievienot\u0101 v\u0113rt\u012bba j\u016bsu uz\u0146\u0113mumam<\/h2>\n<p>Mazs, bet augstas kvalit\u0101tes aksesu\u0101rs rada profesion\u0101lu iespaidu un atst\u0101j siltas atmi\u0146as. Partneri un kol\u0113\u0123i, kuri sa\u0146em \u0161\u0101du simbolisku d\u0101vanu, bie\u017ei vien to glab\u0101 ilgu laiku, t\u0101p\u0113c noz\u012bm\u012bte kalpo k\u0101 past\u0101v\u012bgs atg\u0101din\u0101jums par z\u012bmolu. Tas ir ekonomisks, bet efekt\u012bvs veids, k\u0101 stiprin\u0101t attiec\u012bbas.<\/p>\n<h2>Kur ieg\u0101d\u0101ties?<\/h2>\n<p>M\u016bsu m\u0101jas lap\u0101 ir pieejams pla\u0161s izv\u0113les kl\u0101sts ar noz\u012bm\u012bt\u0113m biznesam un atp\u016btai. <a href=\"https:\/\/kabinam.lt\/lv\/produkta-kategorija-2\/piespraudes-pins\/\">kabinam.lt kategorij\u0101 \u201epins\u201d<\/a>. Ja v\u0113laties uzzin\u0101t vair\u0101k par m\u016bsdienu tendenc\u0113m reprezentat\u012bvo d\u0101vanu jom\u0101, ir lietder\u012bgi izlas\u012bt <a href=\"https:\/\/www.forbes.com\/sites\/forbesbusinesscouncil\/2023\/11\/13\/top-trending-corporate-gift-ideas\/\" target=\"_blank\" rel=\"nofollow noopener\">Forbes raksts par korporat\u012bvo d\u0101vanu idej\u0101m<\/a>.<\/p>","protected":false},"excerpt":{"rendered":"<p>Met\u0101la noz\u012bm\u012bte pap\u012bra lidma\u0161\u012bnas form\u0101 \u2013 moderns un simbolisks biznesa d\u0101vin\u0101jums partneriem un kol\u0113\u0123iem.<\/p>","protected":false},"featured_media":3927,"comment_status":"open","ping_status":"closed","template":"","meta":{"_uag_custom_page_level_css":"","site-sidebar-layout":"default","site-content-layout":"","ast-site-content-layout":"default","site-content-style":"default","site-sidebar-style":"default","ast-global-header-display":"","ast-banner-title-visibility":"","ast-main-header-display":"","ast-hfb-above-header-display":"","ast-hfb-below-header-display":"","ast-hfb-mobile-header-display":"","site-post-title":"","ast-breadcrumbs-content":"","ast-featured-img":"","footer-sml-layout":"","ast-disable-related-posts":"","theme-transparent-header-meta":"default","adv-header-id-meta":"","stick-header-meta":"","header-above-stick-meta":"","header-main-stick-meta":"","header-below-stick-meta":"","astra-migrate-meta-layouts":"set","ast-page-background-enabled":"default","ast-page-background-meta":{"desktop":{"background-color":"var(--ast-global-color-4)","background-image":"","background-repeat":"repeat","background-position":"center center","background-size":"auto","background-attachment":"scroll","background-type":"","background-media":"","overlay-type":"","overlay-color":"","overlay-opacity":"","overlay-gradient":""},"tablet":{"background-color":"","background-image":"","background-repeat":"repeat","background-position":"center center","background-size":"auto","background-attachment":"scroll","background-type":"","background-media":"","overlay-type":"","overlay-color":"","overlay-opacity":"","overlay-gradient":""},"mobile":{"background-color":"","background-image":"","background-repeat":"repeat","background-position":"center center","background-size":"auto","background-attachment":"scroll","background-type":"","background-media":"","overlay-type":"","overlay-color":"","overlay-opacity":"","overlay-gradient":""}},"ast-content-background-meta":{"desktop":{"background-color":"var(--ast-global-color-5)","background-image":"","background-repeat":"repeat","background-position":"center center","background-size":"auto","background-attachment":"scroll","background-type":"","background-media":"","overlay-type":"","overlay-color":"","overlay-opacity":"","overlay-gradient":""},"tablet":{"background-color":"var(--ast-global-color-5)","background-image":"","background-repeat":"repeat","background-position":"center center","background-size":"auto","background-attachment":"scroll","background-type":"","background-media":"","overlay-type":"","overlay-color":"","overlay-opacity":"","overlay-gradient":""},"mobile":{"background-color":"var(--ast-global-color-5)","background-image":"","background-repeat":"repeat","background-position":"center center","background-size":"auto","background-attachment":"scroll","background-type":"","background-media":"","overlay-type":"","overlay-color":"","overlay-opacity":"","overlay-gradient":""}}},"product_brand":[],"product_cat":[125,126,119],"product_tag":[],"class_list":{"0":"post-3924","1":"product","2":"type-product","3":"status-publish","4":"has-post-thumbnail","6":"product_cat-halloween","7":"product_cat-visi","8":"product_cat-smeigtukai-pins","9":"desktop-align-center","10":"tablet-align-left","11":"mobile-align-left","13":"first","14":"outofstock","15":"shipping-taxable","16":"purchasable","17":"product-type-simple"},"yoast_head":"<!-- This site is optimized with the Yoast SEO plugin v27.1.1 - https:\/\/yoast.com\/product\/yoast-seo-wordpress\/ -->\n<title>Verslo dovanos \u2013 metalinis \u017eenkliukas popierinis l\u0117ktuv\u0117lis<\/title>\n<meta name=\"description\" content=\"Metalinis popierinio l\u0117ktuv\u0117lio \u017eenkliukas \u2013 subtilus ir simboli\u0161kas pasirinkimas verslo dovanoms, kuri\u0173 vert\u0117 i\u0161lieka ilgai.\" \/>\n<meta name=\"robots\" content=\"index, follow, max-snippet:-1, max-image-preview:large, max-video-preview:-1\" \/>\n<link rel=\"canonical\" href=\"https:\/\/kabinam.lt\/lv\/produkts\/biznesa-davanas-papira-skava\/\" \/>\n<meta property=\"og:locale\" content=\"lv_LV\" \/>\n<meta property=\"og:type\" content=\"article\" \/>\n<meta property=\"og:title\" content=\"Verslo dovanos \u2013 metalinis \u017eenkliukas popierinis l\u0117ktuv\u0117lis\" \/>\n<meta property=\"og:description\" content=\"Metalinis popierinio l\u0117ktuv\u0117lio \u017eenkliukas \u2013 subtilus ir simboli\u0161kas pasirinkimas verslo dovanoms, kuri\u0173 vert\u0117 i\u0161lieka ilgai.\" \/>\n<meta property=\"og:url\" content=\"https:\/\/kabinam.lt\/lv\/produkts\/biznesa-davanas-papira-skava\/\" \/>\n<meta property=\"og:site_name\" content=\"kabinam.lt\" \/>\n<meta property=\"article:modified_time\" content=\"2026-02-06T10:52:01+00:00\" \/>\n<meta property=\"og:image\" content=\"https:\/\/kabinam.lt\/wp-content\/uploads\/2025\/07\/5af19d7d5cbe40da965b73e1091f82ce-goods.jpeg\" \/>\n\t<meta property=\"og:image:width\" content=\"1080\" \/>\n\t<meta property=\"og:image:height\" content=\"1080\" \/>\n\t<meta property=\"og:image:type\" content=\"image\/jpeg\" \/>\n<meta name=\"twitter:card\" content=\"summary_large_image\" \/>\n<meta name=\"twitter:label1\" content=\"Est. reading time\" \/>\n\t<meta name=\"twitter:data1\" content=\"2 min\u016btes\" \/>\n<script type=\"application\/ld+json\" class=\"yoast-schema-graph\">{\"@context\":\"https:\/\/schema.org\",\"@graph\":[{\"@type\":[\"WebPage\",\"ItemPage\"],\"@id\":\"https:\/\/kabinam.lt\/product\/verslo-dovanos-popierinis-lektuvelis\/\",\"url\":\"https:\/\/kabinam.lt\/product\/verslo-dovanos-popierinis-lektuvelis\/\",\"name\":\"Verslo dovanos \u2013 metalinis \u017eenkliukas popierinis l\u0117ktuv\u0117lis\",\"isPartOf\":{\"@id\":\"https:\/\/kabinam.lt\/#website\"},\"primaryImageOfPage\":{\"@id\":\"https:\/\/kabinam.lt\/product\/verslo-dovanos-popierinis-lektuvelis\/#primaryimage\"},\"image\":{\"@id\":\"https:\/\/kabinam.lt\/product\/verslo-dovanos-popierinis-lektuvelis\/#primaryimage\"},\"thumbnailUrl\":\"https:\/\/kabinam.lt\/wp-content\/uploads\/2025\/07\/5af19d7d5cbe40da965b73e1091f82ce-goods.jpeg\",\"datePublished\":\"2025-07-03T18:04:20+00:00\",\"dateModified\":\"2026-02-06T10:52:01+00:00\",\"description\":\"Metalinis popierinio l\u0117ktuv\u0117lio \u017eenkliukas \u2013 subtilus ir simboli\u0161kas pasirinkimas verslo dovanoms, kuri\u0173 vert\u0117 i\u0161lieka ilgai.\",\"breadcrumb\":{\"@id\":\"https:\/\/kabinam.lt\/product\/verslo-dovanos-popierinis-lektuvelis\/#breadcrumb\"},\"inLanguage\":\"lv-LV\",\"potentialAction\":[{\"@type\":\"ReadAction\",\"target\":[\"https:\/\/kabinam.lt\/product\/verslo-dovanos-popierinis-lektuvelis\/\"]}]},{\"@type\":\"ImageObject\",\"inLanguage\":\"lv-LV\",\"@id\":\"https:\/\/kabinam.lt\/product\/verslo-dovanos-popierinis-lektuvelis\/#primaryimage\",\"url\":\"https:\/\/kabinam.lt\/wp-content\/uploads\/2025\/07\/5af19d7d5cbe40da965b73e1091f82ce-goods.jpeg\",\"contentUrl\":\"https:\/\/kabinam.lt\/wp-content\/uploads\/2025\/07\/5af19d7d5cbe40da965b73e1091f82ce-goods.jpeg\",\"width\":1080,\"height\":1080,\"caption\":\"Popierinio l\u0117ktuv\u0117lio formos metalinis \u017eenkliukas\"},{\"@type\":\"BreadcrumbList\",\"@id\":\"https:\/\/kabinam.lt\/product\/verslo-dovanos-popierinis-lektuvelis\/#breadcrumb\",\"itemListElement\":[{\"@type\":\"ListItem\",\"position\":1,\"name\":\"Home\",\"item\":\"https:\/\/kabinam.lt\/\"},{\"@type\":\"ListItem\",\"position\":2,\"name\":\"Visi Produktai\",\"item\":\"https:\/\/kabinam.lt\/visi-produktai\/\"},{\"@type\":\"ListItem\",\"position\":3,\"name\":\"Verslo dovanos \u2013 metalinis \u017eenkliukas popierinis l\u0117ktuv\u0117lis\"}]},{\"@type\":\"WebSite\",\"@id\":\"https:\/\/kabinam.lt\/#website\",\"url\":\"https:\/\/kabinam.lt\/\",\"name\":\"kabinam.lt\",\"description\":\"Kabinam.lt \u2013 raktu pakabukai ir aksesuarai\",\"publisher\":{\"@id\":\"https:\/\/kabinam.lt\/#organization\"},\"alternateName\":\"pakabukai lt\",\"potentialAction\":[{\"@type\":\"SearchAction\",\"target\":{\"@type\":\"EntryPoint\",\"urlTemplate\":\"https:\/\/kabinam.lt\/?s={search_term_string}\"},\"query-input\":{\"@type\":\"PropertyValueSpecification\",\"valueRequired\":true,\"valueName\":\"search_term_string\"}}],\"inLanguage\":\"lv-LV\"},{\"@type\":\"Organization\",\"@id\":\"https:\/\/kabinam.lt\/#organization\",\"name\":\"kabinam.lt\",\"alternateName\":\"kabinam\",\"url\":\"https:\/\/kabinam.lt\/\",\"logo\":{\"@type\":\"ImageObject\",\"inLanguage\":\"lv-LV\",\"@id\":\"https:\/\/kabinam.lt\/#\/schema\/logo\/image\/\",\"url\":\"https:\/\/kabinam.lt\/wp-content\/uploads\/2025\/05\/KABINAM_outer_glow.png\",\"contentUrl\":\"https:\/\/kabinam.lt\/wp-content\/uploads\/2025\/05\/KABINAM_outer_glow.png\",\"width\":474,\"height\":141,\"caption\":\"kabinam.lt\"},\"image\":{\"@id\":\"https:\/\/kabinam.lt\/#\/schema\/logo\/image\/\"}}]}<\/script>\n<!-- \/ Yoast SEO plugin. -->","yoast_head_json":{"title":"Biznesa d\u0101vanas - met\u0101la noz\u012bm\u012bte pap\u012bra lidma\u0161\u012bna","description":"Met\u0101la pap\u012bra lidma\u0161\u012bnas noz\u012bm\u012bte \u2013 izsmalcin\u0101ta un simboliska izv\u0113le biznesa d\u0101van\u0101m, kas saglab\u0101s savu v\u0113rt\u012bbu ilgu laiku.","robots":{"index":"index","follow":"follow","max-snippet":"max-snippet:-1","max-image-preview":"max-image-preview:large","max-video-preview":"max-video-preview:-1"},"canonical":"https:\/\/kabinam.lt\/lv\/produkts\/biznesa-davanas-papira-skava\/","og_locale":"lv_LV","og_type":"article","og_title":"Verslo dovanos \u2013 metalinis \u017eenkliukas popierinis l\u0117ktuv\u0117lis","og_description":"Metalinis popierinio l\u0117ktuv\u0117lio \u017eenkliukas \u2013 subtilus ir simboli\u0161kas pasirinkimas verslo dovanoms, kuri\u0173 vert\u0117 i\u0161lieka ilgai.","og_url":"https:\/\/kabinam.lt\/lv\/produkts\/biznesa-davanas-papira-skava\/","og_site_name":"kabinam.lt","article_modified_time":"2026-02-06T10:52:01+00:00","og_image":[{"width":1080,"height":1080,"url":"https:\/\/kabinam.lt\/wp-content\/uploads\/2025\/07\/5af19d7d5cbe40da965b73e1091f82ce-goods.jpeg","type":"image\/jpeg"}],"twitter_card":"summary_large_image","twitter_misc":{"Est. reading time":"2 min\u016btes"},"schema":{"@context":"https:\/\/schema.org","@graph":[{"@type":["WebPage","ItemPage"],"@id":"https:\/\/kabinam.lt\/product\/verslo-dovanos-popierinis-lektuvelis\/","url":"https:\/\/kabinam.lt\/product\/verslo-dovanos-popierinis-lektuvelis\/","name":"Biznesa d\u0101vanas - met\u0101la noz\u012bm\u012bte pap\u012bra lidma\u0161\u012bna","isPartOf":{"@id":"https:\/\/kabinam.lt\/#website"},"primaryImageOfPage":{"@id":"https:\/\/kabinam.lt\/product\/verslo-dovanos-popierinis-lektuvelis\/#primaryimage"},"image":{"@id":"https:\/\/kabinam.lt\/product\/verslo-dovanos-popierinis-lektuvelis\/#primaryimage"},"thumbnailUrl":"https:\/\/kabinam.lt\/wp-content\/uploads\/2025\/07\/5af19d7d5cbe40da965b73e1091f82ce-goods.jpeg","datePublished":"2025-07-03T18:04:20+00:00","dateModified":"2026-02-06T10:52:01+00:00","description":"Met\u0101la pap\u012bra lidma\u0161\u012bnas noz\u012bm\u012bte \u2013 izsmalcin\u0101ta un simboliska izv\u0113le biznesa d\u0101van\u0101m, kas saglab\u0101s savu v\u0113rt\u012bbu ilgu laiku.","breadcrumb":{"@id":"https:\/\/kabinam.lt\/product\/verslo-dovanos-popierinis-lektuvelis\/#breadcrumb"},"inLanguage":"lv-LV","potentialAction":[{"@type":"ReadAction","target":["https:\/\/kabinam.lt\/product\/verslo-dovanos-popierinis-lektuvelis\/"]}]},{"@type":"ImageObject","inLanguage":"lv-LV","@id":"https:\/\/kabinam.lt\/product\/verslo-dovanos-popierinis-lektuvelis\/#primaryimage","url":"https:\/\/kabinam.lt\/wp-content\/uploads\/2025\/07\/5af19d7d5cbe40da965b73e1091f82ce-goods.jpeg","contentUrl":"https:\/\/kabinam.lt\/wp-content\/uploads\/2025\/07\/5af19d7d5cbe40da965b73e1091f82ce-goods.jpeg","width":1080,"height":1080,"caption":"Popierinio l\u0117ktuv\u0117lio formos metalinis \u017eenkliukas"},{"@type":"BreadcrumbList","@id":"https:\/\/kabinam.lt\/product\/verslo-dovanos-popierinis-lektuvelis\/#breadcrumb","itemListElement":[{"@type":"ListItem","position":1,"name":"Home","item":"https:\/\/kabinam.lt\/"},{"@type":"ListItem","position":2,"name":"Visi Produktai","item":"https:\/\/kabinam.lt\/visi-produktai\/"},{"@type":"ListItem","position":3,"name":"Verslo dovanos \u2013 metalinis \u017eenkliukas popierinis l\u0117ktuv\u0117lis"}]},{"@type":"WebSite","@id":"https:\/\/kabinam.lt\/#website","url":"https:\/\/kabinam.lt\/","name":"kabinam.lt","description":"Kabinam.lt - atsl\u0113gu piekari\u0146i un aksesu\u0101ri","publisher":{"@id":"https:\/\/kabinam.lt\/#organization"},"alternateName":"pakabukai lt","potentialAction":[{"@type":"SearchAction","target":{"@type":"EntryPoint","urlTemplate":"https:\/\/kabinam.lt\/?s={search_term_string}"},"query-input":{"@type":"PropertyValueSpecification","valueRequired":true,"valueName":"search_term_string"}}],"inLanguage":"lv-LV"},{"@type":"Organization","@id":"https:\/\/kabinam.lt\/#organization","name":"kabinam.lt","alternateName":"kabinam","url":"https:\/\/kabinam.lt\/","logo":{"@type":"ImageObject","inLanguage":"lv-LV","@id":"https:\/\/kabinam.lt\/#\/schema\/logo\/image\/","url":"https:\/\/kabinam.lt\/wp-content\/uploads\/2025\/05\/KABINAM_outer_glow.png","contentUrl":"https:\/\/kabinam.lt\/wp-content\/uploads\/2025\/05\/KABINAM_outer_glow.png","width":474,"height":141,"caption":"kabinam.lt"},"image":{"@id":"https:\/\/kabinam.lt\/#\/schema\/logo\/image\/"}}]}},"uagb_featured_image_src":{"full":["https:\/\/kabinam.lt\/wp-content\/uploads\/2025\/07\/5af19d7d5cbe40da965b73e1091f82ce-goods.jpeg",1080,1080,false],"thumbnail":["https:\/\/kabinam.lt\/wp-content\/uploads\/2025\/07\/5af19d7d5cbe40da965b73e1091f82ce-goods-150x150.jpeg",150,150,true],"medium":["https:\/\/kabinam.lt\/wp-content\/uploads\/2025\/07\/5af19d7d5cbe40da965b73e1091f82ce-goods-300x300.jpeg",300,300,true],"medium_large":["https:\/\/kabinam.lt\/wp-content\/uploads\/2025\/07\/5af19d7d5cbe40da965b73e1091f82ce-goods-768x768.jpeg",768,768,true],"large":["https:\/\/kabinam.lt\/wp-content\/uploads\/2025\/07\/5af19d7d5cbe40da965b73e1091f82ce-goods-1024x1024.jpeg",1024,1024,true],"1536x1536":["https:\/\/kabinam.lt\/wp-content\/uploads\/2025\/07\/5af19d7d5cbe40da965b73e1091f82ce-goods.jpeg",1080,1080,false],"2048x2048":["https:\/\/kabinam.lt\/wp-content\/uploads\/2025\/07\/5af19d7d5cbe40da965b73e1091f82ce-goods.jpeg",1080,1080,false],"trp-custom-language-flag":["https:\/\/kabinam.lt\/wp-content\/uploads\/2025\/07\/5af19d7d5cbe40da965b73e1091f82ce-goods.jpeg",12,12,false],"woocommerce_thumbnail":["https:\/\/kabinam.lt\/wp-content\/uploads\/2025\/07\/5af19d7d5cbe40da965b73e1091f82ce-goods-300x300.jpeg",300,300,true],"woocommerce_single":["https:\/\/kabinam.lt\/wp-content\/uploads\/2025\/07\/5af19d7d5cbe40da965b73e1091f82ce-goods-600x600.jpeg",600,600,true],"woocommerce_gallery_thumbnail":["https:\/\/kabinam.lt\/wp-content\/uploads\/2025\/07\/5af19d7d5cbe40da965b73e1091f82ce-goods-100x100.jpeg",100,100,true]},"uagb_author_info":{"display_name":"kabinam.lt","author_link":"https:\/\/kabinam.lt\/lv\/author\/"},"uagb_comment_info":0,"uagb_excerpt":"Metalinis \u017eenkliukas popierinio l\u0117ktuv\u0117lio formos \u2013 moderni ir simboli\u0161ka verslo dovana partneriams bei kolegoms.","_links":{"self":[{"href":"https:\/\/kabinam.lt\/lv\/wp-json\/wp\/v2\/product\/3924","targetHints":{"allow":["GET"]}}],"collection":[{"href":"https:\/\/kabinam.lt\/lv\/wp-json\/wp\/v2\/product"}],"about":[{"href":"https:\/\/kabinam.lt\/lv\/wp-json\/wp\/v2\/types\/product"}],"replies":[{"embeddable":true,"href":"https:\/\/kabinam.lt\/lv\/wp-json\/wp\/v2\/comments?post=3924"}],"wp:featuredmedia":[{"embeddable":true,"href":"https:\/\/kabinam.lt\/lv\/wp-json\/wp\/v2\/media\/3927"}],"wp:attachment":[{"href":"https:\/\/kabinam.lt\/lv\/wp-json\/wp\/v2\/media?parent=3924"}],"wp:term":[{"taxonomy":"product_brand","embeddable":true,"href":"https:\/\/kabinam.lt\/lv\/wp-json\/wp\/v2\/product_brand?post=3924"},{"taxonomy":"product_cat","embeddable":true,"href":"https:\/\/kabinam.lt\/lv\/wp-json\/wp\/v2\/product_cat?post=3924"},{"taxonomy":"product_tag","embeddable":true,"href":"https:\/\/kabinam.lt\/lv\/wp-json\/wp\/v2\/product_tag?post=3924"}],"curies":[{"name":"wp","href":"https:\/\/api.w.org\/{rel}","templated":true}]}}