{"id":3920,"date":"2025-07-02T21:45:47","date_gmt":"2025-07-02T19:45:47","guid":{"rendered":"https:\/\/kabinam.lt\/?post_type=product&#038;p=3920"},"modified":"2026-03-12T07:05:45","modified_gmt":"2026-03-12T05:05:45","slug":"emaljas-piespraude-panda-davanu-idejas-sievietei","status":"publish","type":"product","link":"https:\/\/kabinam.lt\/lv\/product\/emalio-smeigtukas-panda-dovanu-idejos-moteriai\/","title":{"rendered":"Emaljas piespraude panda - d\u0101vanu idejas sievietei"},"content":{"rendered":"<div class=\"kk-star-ratings kksr-auto kksr-align-left kksr-valign-top\"\n    data-payload='{&quot;align&quot;:&quot;left&quot;,&quot;id&quot;:&quot;3920&quot;,&quot;slug&quot;:&quot;default&quot;,&quot;valign&quot;:&quot;top&quot;,&quot;ignore&quot;:&quot;&quot;,&quot;reference&quot;:&quot;auto&quot;,&quot;class&quot;:&quot;&quot;,&quot;count&quot;:&quot;0&quot;,&quot;legendonly&quot;:&quot;&quot;,&quot;readonly&quot;:&quot;&quot;,&quot;score&quot;:&quot;0&quot;,&quot;starsonly&quot;:&quot;&quot;,&quot;best&quot;:&quot;5&quot;,&quot;gap&quot;:&quot;5&quot;,&quot;greet&quot;:&quot;Mums svarbus j\u016bs\u0173 \u012fvertinimas&quot;,&quot;legend&quot;:&quot;0\\\/5 - (0 votes)&quot;,&quot;size&quot;:&quot;24&quot;,&quot;title&quot;:&quot;Emalio smeigtukas panda \u2013 dovanu idejos moteriai&quot;,&quot;width&quot;:&quot;0&quot;,&quot;_legend&quot;:&quot;{score}\\\/{best} - ({count} {votes})&quot;,&quot;font_factor&quot;:&quot;1.25&quot;}'>\n            \n<div class=\"kksr-stars\">\n    \n<div class=\"kksr-stars-inactive\">\n            <div class=\"kksr-star\" data-star=\"1\" style=\"padding-right: 5px\">\n            \n\n<div class=\"kksr-icon\" style=\"width: 24px; height: 24px;\"><\/div>\n        <\/div>\n            <div class=\"kksr-star\" data-star=\"2\" style=\"padding-right: 5px\">\n            \n\n<div class=\"kksr-icon\" style=\"width: 24px; height: 24px;\"><\/div>\n        <\/div>\n            <div class=\"kksr-star\" data-star=\"3\" style=\"padding-right: 5px\">\n            \n\n<div class=\"kksr-icon\" style=\"width: 24px; height: 24px;\"><\/div>\n        <\/div>\n            <div class=\"kksr-star\" data-star=\"4\" style=\"padding-right: 5px\">\n            \n\n<div class=\"kksr-icon\" style=\"width: 24px; height: 24px;\"><\/div>\n        <\/div>\n            <div class=\"kksr-star\" data-star=\"5\" style=\"padding-right: 5px\">\n            \n\n<div class=\"kksr-icon\" style=\"width: 24px; height: 24px;\"><\/div>\n        <\/div>\n    <\/div>\n    \n<div class=\"kksr-stars-active\" style=\"width: 0px;\">\n            <div class=\"kksr-star\" style=\"padding-right: 5px\">\n            \n\n<div class=\"kksr-icon\" style=\"width: 24px; height: 24px;\"><\/div>\n        <\/div>\n            <div class=\"kksr-star\" style=\"padding-right: 5px\">\n            \n\n<div class=\"kksr-icon\" style=\"width: 24px; height: 24px;\"><\/div>\n        <\/div>\n            <div class=\"kksr-star\" style=\"padding-right: 5px\">\n            \n\n<div class=\"kksr-icon\" style=\"width: 24px; height: 24px;\"><\/div>\n        <\/div>\n            <div class=\"kksr-star\" style=\"padding-right: 5px\">\n            \n\n<div class=\"kksr-icon\" style=\"width: 24px; height: 24px;\"><\/div>\n        <\/div>\n            <div class=\"kksr-star\" style=\"padding-right: 5px\">\n            \n\n<div class=\"kksr-icon\" style=\"width: 24px; height: 24px;\"><\/div>\n        <\/div>\n    <\/div>\n<\/div>\n                \n\n<div class=\"kksr-legend\" style=\"font-size: 19.2px;\">\n            <span class=\"kksr-muted\">Mums ir svar\u012bgs j\u016bsu nov\u0113rt\u0113jums<\/span>\n    <\/div>\n    <\/div>\n<h1>Emaljas piespraude panda - d\u0101vanu idejas sievietei<\/h1>\n<p>Mekl\u0113jot ori\u0123inalit\u0101ti, maigumu un rota\u013c\u012bgumu, emalj\u0113ta panda piespraude k\u013c\u016bst par negaid\u012btu, bet \u013coti piem\u0113rotu izv\u0113li starp vis\u0101m cit\u0101m d\u0101vanu idej\u0101m sieviet\u0113m. Skaists un elegants aksesu\u0101rs ar pandu ir deta\u013ca, kas izrot\u0101s mugursomu, jaku vai pat \u0161alli.<\/p>\n<p>\u0160is talismans ir piem\u0113rots sieviet\u0113m jebkura vecuma, s\u0101kot no pusaudz\u0113m l\u012bdz pieaugu\u0161aj\u0101m, kuras nov\u0113rt\u0113 ori\u0123in\u0101las un simboliskas d\u0101vanas. Panda valdzina ar savu mier\u012bgo skatienu, bet emaljas kr\u0101sas rada m\u0101j\u012bguma un siltuma saj\u016btu. Tas ir mazs, bet \u013coti izteiksm\u012bgs aksesu\u0101rs.<\/p>\n<p>Piespraude ir izgatavota no met\u0101la un p\u0101rkl\u0101ta ar augstas kvalit\u0101tes emalju, t\u0101p\u0113c saglab\u0101 savu izskatu pat ikdienas lieto\u0161an\u0101. Pateicoties skr\u016bv\u0113jamiem stiprin\u0101jumiem, t\u0101 dro\u0161i turas sav\u0101 viet\u0101, t\u0101p\u0113c to var bez ba\u017e\u0101m valk\u0101t uz da\u017e\u0101d\u0101m virsm\u0101m.<\/p>\n<h2>Stil\u012bgas d\u0101vanas ar noz\u012bmi \u2013 k\u0101p\u0113c izv\u0113l\u0113ties pandas noz\u012bm\u012bti?<\/h2>\n<p>M\u016bsdien\u012bgas d\u0101vanu idejas sieviet\u0113m bie\u017ei vien mekl\u0113, dom\u0101jot par to unik\u0101lumu. Panda simboliz\u0113 mieru, paciet\u012bbu un maigumu \u2013 \u012bpa\u0161\u012bbas, ko daudzas sievietes nov\u0113rt\u0113. Tas padara \u0161o piekari\u0146u ne tikai par skaistu aksesu\u0101ru, bet ar\u012b par noz\u012bm\u012bgu d\u0101vanu.<\/p>\n<p>Turkl\u0101t piespraudes k\u013c\u016bst arvien popul\u0101r\u0101kas stila entuziastu vid\u016b. Ema\u013cpiespraudes ir veids, k\u0101 izpaust sevi ar neliel\u0101m, bet noz\u012bm\u012bg\u0101m deta\u013c\u0101m. T\u0101s labi sader ar minim\u0101lisma vai kawaii stilu, un panda ir viens no univers\u0101l\u0101kajiem simboliem, kas piem\u0113rots da\u017e\u0101d\u0101m gaum\u0113m.<\/p>\n<h3>Neliela deta\u013ca, kas run\u0101 par daudz<\/h3>\n<p>Emaljas panda piespraude izce\u013cas ar savu kvalit\u0101ti un deta\u013c\u0101m. Emaljas kr\u0101sas \u2013 melna un balta \u2013 delik\u0101ti papildina jebkuru garderobi. Malas ir izl\u012bdzin\u0101tas, padarot to dro\u0161u pat jut\u012bgai \u0101dai. T\u0101s kompaktais izm\u0113rs noz\u012bm\u0113, ka t\u0101 var k\u013c\u016bt par burv\u012bgu ikdienas dz\u012bves sast\u0101vda\u013cu, nevis tikai sv\u0113tku akcentu.<\/p>\n<p>\u0160\u012b d\u0101vana par\u0101da, ka jums r\u016bp \u2013 t\u0101 ir delik\u0101ta, l\u0113ta, bet ar ilgsto\u0161u v\u0113rt\u012bbu. Ide\u0101li piem\u0113rota dzim\u0161anas dienai, v\u0101rda dienai vai vienk\u0101r\u0161i k\u0101 sirsn\u012bgs \u017eests bez \u012bpa\u0161as iemesla.<\/p>\n<h3>Kur atrast vair\u0101k burv\u012bgu ideju?<\/h3>\n<p data-start=\"2286\" data-end=\"2529\">Mekl\u0113jat vair\u0101k rado\u0161us un simboliskus aksesu\u0101rus sieviet\u0113m? Apmekl\u0113jiet m\u016bsu <a class=\"\" href=\"https:\/\/kabinam.lt\/lv\/produkta-kategorija-2\/piespraudes-pins\/\" target=\"_new\" rel=\"noopener\" data-start=\"2361\" data-end=\"2460\">pin kolekcija kabinam.lt m\u0101jas lap\u0101<\/a> un atkl\u0101jiet vair\u0101k unik\u0101lu iesp\u0113ju, kas var\u0113tu b\u016bt ide\u0101la d\u0101vana.<\/p>\n<p data-start=\"2531\" data-end=\"2775\">Lai redz\u0113tu, k\u0101 emaljas noz\u012bm\u012btes tiek integr\u0113tas ikdienas stil\u0101 vis\u0101 pasaul\u0113, iesak\u0101m izp\u0113t\u012bt <a class=\"cursor-pointer\" target=\"_new\" rel=\"noopener\" data-start=\"2647\" data-end=\"2774\">Pinterest publik\u0101cijas par emaljas piespraudes idej\u0101m sieviet\u0113m<\/a>.<\/p>","protected":false},"excerpt":{"rendered":"<p>Emaljas piespraude ar pandu ir jauks un simbolisks aksesu\u0101rs, kas ir ide\u0101ls k\u0101 ori\u0123in\u0101la d\u0101vana sievietei jebkur\u0101 gad\u012bjum\u0101.<\/p>","protected":false},"featured_media":3923,"comment_status":"open","ping_status":"closed","template":"","meta":{"_uag_custom_page_level_css":"","site-sidebar-layout":"default","site-content-layout":"","ast-site-content-layout":"default","site-content-style":"default","site-sidebar-style":"default","ast-global-header-display":"","ast-banner-title-visibility":"","ast-main-header-display":"","ast-hfb-above-header-display":"","ast-hfb-below-header-display":"","ast-hfb-mobile-header-display":"","site-post-title":"","ast-breadcrumbs-content":"","ast-featured-img":"","footer-sml-layout":"","ast-disable-related-posts":"","theme-transparent-header-meta":"default","adv-header-id-meta":"","stick-header-meta":"","header-above-stick-meta":"","header-main-stick-meta":"","header-below-stick-meta":"","astra-migrate-meta-layouts":"set","ast-page-background-enabled":"default","ast-page-background-meta":{"desktop":{"background-color":"var(--ast-global-color-4)","background-image":"","background-repeat":"repeat","background-position":"center center","background-size":"auto","background-attachment":"scroll","background-type":"","background-media":"","overlay-type":"","overlay-color":"","overlay-opacity":"","overlay-gradient":""},"tablet":{"background-color":"","background-image":"","background-repeat":"repeat","background-position":"center center","background-size":"auto","background-attachment":"scroll","background-type":"","background-media":"","overlay-type":"","overlay-color":"","overlay-opacity":"","overlay-gradient":""},"mobile":{"background-color":"","background-image":"","background-repeat":"repeat","background-position":"center center","background-size":"auto","background-attachment":"scroll","background-type":"","background-media":"","overlay-type":"","overlay-color":"","overlay-opacity":"","overlay-gradient":""}},"ast-content-background-meta":{"desktop":{"background-color":"var(--ast-global-color-5)","background-image":"","background-repeat":"repeat","background-position":"center center","background-size":"auto","background-attachment":"scroll","background-type":"","background-media":"","overlay-type":"","overlay-color":"","overlay-opacity":"","overlay-gradient":""},"tablet":{"background-color":"var(--ast-global-color-5)","background-image":"","background-repeat":"repeat","background-position":"center center","background-size":"auto","background-attachment":"scroll","background-type":"","background-media":"","overlay-type":"","overlay-color":"","overlay-opacity":"","overlay-gradient":""},"mobile":{"background-color":"var(--ast-global-color-5)","background-image":"","background-repeat":"repeat","background-position":"center center","background-size":"auto","background-attachment":"scroll","background-type":"","background-media":"","overlay-type":"","overlay-color":"","overlay-opacity":"","overlay-gradient":""}}},"product_brand":[],"product_cat":[126,119],"product_tag":[],"class_list":{"0":"post-3920","1":"product","2":"type-product","3":"status-publish","4":"has-post-thumbnail","6":"product_cat-visi","7":"product_cat-smeigtukai-pins","8":"desktop-align-center","9":"tablet-align-left","10":"mobile-align-left","12":"first","13":"instock","14":"shipping-taxable","15":"purchasable","16":"product-type-simple"},"yoast_head":"<!-- This site is optimized with the Yoast SEO plugin v27.1.1 - https:\/\/yoast.com\/product\/yoast-seo-wordpress\/ -->\n<title>Emalio smeigtukas panda \u2013 dovanu idejos moteriai - kabinam.lt<\/title>\n<meta name=\"description\" content=\"Emalio smeigtukas panda \u2013 i\u0161skirtin\u0117 ir subtili dovana moteriai. Viena originaliausi\u0173 dovanu idejos moteriai variant\u0173.\" \/>\n<meta name=\"robots\" content=\"index, follow, max-snippet:-1, max-image-preview:large, max-video-preview:-1\" \/>\n<link rel=\"canonical\" href=\"https:\/\/kabinam.lt\/lv\/produkts\/emaljas-piespraude-panda-davanu-idejas-sievietei\/\" \/>\n<meta property=\"og:locale\" content=\"lv_LV\" \/>\n<meta property=\"og:type\" content=\"article\" \/>\n<meta property=\"og:title\" content=\"Emalio smeigtukas panda \u2013 dovanu idejos moteriai - kabinam.lt\" \/>\n<meta property=\"og:description\" content=\"Emalio smeigtukas panda \u2013 i\u0161skirtin\u0117 ir subtili dovana moteriai. Viena originaliausi\u0173 dovanu idejos moteriai variant\u0173.\" \/>\n<meta property=\"og:url\" content=\"https:\/\/kabinam.lt\/lv\/produkts\/emaljas-piespraude-panda-davanu-idejas-sievietei\/\" \/>\n<meta property=\"og:site_name\" content=\"kabinam.lt\" \/>\n<meta property=\"article:modified_time\" content=\"2026-03-12T05:05:45+00:00\" \/>\n<meta property=\"og:image\" content=\"https:\/\/kabinam.lt\/wp-content\/uploads\/2025\/07\/a4c4ea030ba44f1ab7b940d5631d7d3b-goods.jpeg\" \/>\n\t<meta property=\"og:image:width\" content=\"800\" \/>\n\t<meta property=\"og:image:height\" content=\"800\" \/>\n\t<meta property=\"og:image:type\" content=\"image\/jpeg\" \/>\n<meta name=\"twitter:card\" content=\"summary_large_image\" \/>\n<meta name=\"twitter:label1\" content=\"Est. reading time\" \/>\n\t<meta name=\"twitter:data1\" content=\"2 min\u016btes\" \/>\n<script type=\"application\/ld+json\" class=\"yoast-schema-graph\">{\"@context\":\"https:\/\/schema.org\",\"@graph\":[{\"@type\":[\"WebPage\",\"ItemPage\"],\"@id\":\"https:\/\/kabinam.lt\/eng\/product\/enamel-pin-panda-gift-ideas-for-women\/\",\"url\":\"https:\/\/kabinam.lt\/eng\/product\/enamel-pin-panda-gift-ideas-for-women\/\",\"name\":\"Emalio smeigtukas panda \u2013 dovanu idejos moteriai - kabinam.lt\",\"isPartOf\":{\"@id\":\"https:\/\/kabinam.lt\/#website\"},\"primaryImageOfPage\":{\"@id\":\"https:\/\/kabinam.lt\/eng\/product\/enamel-pin-panda-gift-ideas-for-women\/#primaryimage\"},\"image\":{\"@id\":\"https:\/\/kabinam.lt\/eng\/product\/enamel-pin-panda-gift-ideas-for-women\/#primaryimage\"},\"thumbnailUrl\":\"https:\/\/kabinam.lt\/wp-content\/uploads\/2025\/07\/a4c4ea030ba44f1ab7b940d5631d7d3b-goods.jpeg\",\"datePublished\":\"2025-07-02T19:45:47+00:00\",\"dateModified\":\"2026-03-12T05:05:45+00:00\",\"description\":\"Emalio smeigtukas panda \u2013 i\u0161skirtin\u0117 ir subtili dovana moteriai. Viena originaliausi\u0173 dovanu idejos moteriai variant\u0173.\",\"breadcrumb\":{\"@id\":\"https:\/\/kabinam.lt\/eng\/product\/enamel-pin-panda-gift-ideas-for-women\/#breadcrumb\"},\"inLanguage\":\"lv-LV\",\"potentialAction\":[{\"@type\":\"ReadAction\",\"target\":[\"https:\/\/kabinam.lt\/eng\/product\/enamel-pin-panda-gift-ideas-for-women\/\"]}]},{\"@type\":\"ImageObject\",\"inLanguage\":\"lv-LV\",\"@id\":\"https:\/\/kabinam.lt\/eng\/product\/enamel-pin-panda-gift-ideas-for-women\/#primaryimage\",\"url\":\"https:\/\/kabinam.lt\/wp-content\/uploads\/2025\/07\/a4c4ea030ba44f1ab7b940d5631d7d3b-goods.jpeg\",\"contentUrl\":\"https:\/\/kabinam.lt\/wp-content\/uploads\/2025\/07\/a4c4ea030ba44f1ab7b940d5631d7d3b-goods.jpeg\",\"width\":800,\"height\":800,\"caption\":\"Emalio smeigtukas panda \u2013 \u017eavinga id\u0117ja dovanai moteriai\"},{\"@type\":\"BreadcrumbList\",\"@id\":\"https:\/\/kabinam.lt\/eng\/product\/enamel-pin-panda-gift-ideas-for-women\/#breadcrumb\",\"itemListElement\":[{\"@type\":\"ListItem\",\"position\":1,\"name\":\"Home\",\"item\":\"https:\/\/kabinam.lt\/\"},{\"@type\":\"ListItem\",\"position\":2,\"name\":\"Visi Produktai\",\"item\":\"https:\/\/kabinam.lt\/visi-produktai\/\"},{\"@type\":\"ListItem\",\"position\":3,\"name\":\"Emalio smeigtukas panda \u2013 dovanu idejos moteriai\"}]},{\"@type\":\"WebSite\",\"@id\":\"https:\/\/kabinam.lt\/#website\",\"url\":\"https:\/\/kabinam.lt\/\",\"name\":\"kabinam.lt\",\"description\":\"Kabinam.lt \u2013 raktu pakabukai ir aksesuarai\",\"publisher\":{\"@id\":\"https:\/\/kabinam.lt\/#organization\"},\"alternateName\":\"pakabukai lt\",\"potentialAction\":[{\"@type\":\"SearchAction\",\"target\":{\"@type\":\"EntryPoint\",\"urlTemplate\":\"https:\/\/kabinam.lt\/?s={search_term_string}\"},\"query-input\":{\"@type\":\"PropertyValueSpecification\",\"valueRequired\":true,\"valueName\":\"search_term_string\"}}],\"inLanguage\":\"lv-LV\"},{\"@type\":\"Organization\",\"@id\":\"https:\/\/kabinam.lt\/#organization\",\"name\":\"kabinam.lt\",\"alternateName\":\"kabinam\",\"url\":\"https:\/\/kabinam.lt\/\",\"logo\":{\"@type\":\"ImageObject\",\"inLanguage\":\"lv-LV\",\"@id\":\"https:\/\/kabinam.lt\/#\/schema\/logo\/image\/\",\"url\":\"https:\/\/kabinam.lt\/wp-content\/uploads\/2025\/05\/KABINAM_outer_glow.png\",\"contentUrl\":\"https:\/\/kabinam.lt\/wp-content\/uploads\/2025\/05\/KABINAM_outer_glow.png\",\"width\":474,\"height\":141,\"caption\":\"kabinam.lt\"},\"image\":{\"@id\":\"https:\/\/kabinam.lt\/#\/schema\/logo\/image\/\"}}]}<\/script>\n<!-- \/ Yoast SEO plugin. -->","yoast_head_json":{"title":"Emaljas piespraude panda \u2013 d\u0101vanu idejas sieviet\u0113m - kabinam.lt","description":"Emaljas piespraude panda \u2013 unik\u0101la un izsmalcin\u0101ta d\u0101vana sievietei. Viena no ori\u0123in\u0101l\u0101kaj\u0101m d\u0101vanu idej\u0101m sieviet\u0113m.","robots":{"index":"index","follow":"follow","max-snippet":"max-snippet:-1","max-image-preview":"max-image-preview:large","max-video-preview":"max-video-preview:-1"},"canonical":"https:\/\/kabinam.lt\/lv\/produkts\/emaljas-piespraude-panda-davanu-idejas-sievietei\/","og_locale":"lv_LV","og_type":"article","og_title":"Emalio smeigtukas panda \u2013 dovanu idejos moteriai - kabinam.lt","og_description":"Emalio smeigtukas panda \u2013 i\u0161skirtin\u0117 ir subtili dovana moteriai. Viena originaliausi\u0173 dovanu idejos moteriai variant\u0173.","og_url":"https:\/\/kabinam.lt\/lv\/produkts\/emaljas-piespraude-panda-davanu-idejas-sievietei\/","og_site_name":"kabinam.lt","article_modified_time":"2026-03-12T05:05:45+00:00","og_image":[{"width":800,"height":800,"url":"https:\/\/kabinam.lt\/wp-content\/uploads\/2025\/07\/a4c4ea030ba44f1ab7b940d5631d7d3b-goods.jpeg","type":"image\/jpeg"}],"twitter_card":"summary_large_image","twitter_misc":{"Est. reading time":"2 min\u016btes"},"schema":{"@context":"https:\/\/schema.org","@graph":[{"@type":["WebPage","ItemPage"],"@id":"https:\/\/kabinam.lt\/eng\/product\/enamel-pin-panda-gift-ideas-for-women\/","url":"https:\/\/kabinam.lt\/eng\/product\/enamel-pin-panda-gift-ideas-for-women\/","name":"Emaljas piespraude panda \u2013 d\u0101vanu idejas sieviet\u0113m - kabinam.lt","isPartOf":{"@id":"https:\/\/kabinam.lt\/#website"},"primaryImageOfPage":{"@id":"https:\/\/kabinam.lt\/eng\/product\/enamel-pin-panda-gift-ideas-for-women\/#primaryimage"},"image":{"@id":"https:\/\/kabinam.lt\/eng\/product\/enamel-pin-panda-gift-ideas-for-women\/#primaryimage"},"thumbnailUrl":"https:\/\/kabinam.lt\/wp-content\/uploads\/2025\/07\/a4c4ea030ba44f1ab7b940d5631d7d3b-goods.jpeg","datePublished":"2025-07-02T19:45:47+00:00","dateModified":"2026-03-12T05:05:45+00:00","description":"Emaljas piespraude panda \u2013 unik\u0101la un izsmalcin\u0101ta d\u0101vana sievietei. Viena no ori\u0123in\u0101l\u0101kaj\u0101m d\u0101vanu idej\u0101m sieviet\u0113m.","breadcrumb":{"@id":"https:\/\/kabinam.lt\/eng\/product\/enamel-pin-panda-gift-ideas-for-women\/#breadcrumb"},"inLanguage":"lv-LV","potentialAction":[{"@type":"ReadAction","target":["https:\/\/kabinam.lt\/eng\/product\/enamel-pin-panda-gift-ideas-for-women\/"]}]},{"@type":"ImageObject","inLanguage":"lv-LV","@id":"https:\/\/kabinam.lt\/eng\/product\/enamel-pin-panda-gift-ideas-for-women\/#primaryimage","url":"https:\/\/kabinam.lt\/wp-content\/uploads\/2025\/07\/a4c4ea030ba44f1ab7b940d5631d7d3b-goods.jpeg","contentUrl":"https:\/\/kabinam.lt\/wp-content\/uploads\/2025\/07\/a4c4ea030ba44f1ab7b940d5631d7d3b-goods.jpeg","width":800,"height":800,"caption":"Emalio smeigtukas panda \u2013 \u017eavinga id\u0117ja dovanai moteriai"},{"@type":"BreadcrumbList","@id":"https:\/\/kabinam.lt\/eng\/product\/enamel-pin-panda-gift-ideas-for-women\/#breadcrumb","itemListElement":[{"@type":"ListItem","position":1,"name":"Home","item":"https:\/\/kabinam.lt\/"},{"@type":"ListItem","position":2,"name":"Visi Produktai","item":"https:\/\/kabinam.lt\/visi-produktai\/"},{"@type":"ListItem","position":3,"name":"Emalio smeigtukas panda \u2013 dovanu idejos moteriai"}]},{"@type":"WebSite","@id":"https:\/\/kabinam.lt\/#website","url":"https:\/\/kabinam.lt\/","name":"kabinam.lt","description":"Kabinam.lt - atsl\u0113gu piekari\u0146i un aksesu\u0101ri","publisher":{"@id":"https:\/\/kabinam.lt\/#organization"},"alternateName":"pakabukai lt","potentialAction":[{"@type":"SearchAction","target":{"@type":"EntryPoint","urlTemplate":"https:\/\/kabinam.lt\/?s={search_term_string}"},"query-input":{"@type":"PropertyValueSpecification","valueRequired":true,"valueName":"search_term_string"}}],"inLanguage":"lv-LV"},{"@type":"Organization","@id":"https:\/\/kabinam.lt\/#organization","name":"kabinam.lt","alternateName":"kabinam","url":"https:\/\/kabinam.lt\/","logo":{"@type":"ImageObject","inLanguage":"lv-LV","@id":"https:\/\/kabinam.lt\/#\/schema\/logo\/image\/","url":"https:\/\/kabinam.lt\/wp-content\/uploads\/2025\/05\/KABINAM_outer_glow.png","contentUrl":"https:\/\/kabinam.lt\/wp-content\/uploads\/2025\/05\/KABINAM_outer_glow.png","width":474,"height":141,"caption":"kabinam.lt"},"image":{"@id":"https:\/\/kabinam.lt\/#\/schema\/logo\/image\/"}}]}},"uagb_featured_image_src":{"full":["https:\/\/kabinam.lt\/wp-content\/uploads\/2025\/07\/a4c4ea030ba44f1ab7b940d5631d7d3b-goods.jpeg",800,800,false],"thumbnail":["https:\/\/kabinam.lt\/wp-content\/uploads\/2025\/07\/a4c4ea030ba44f1ab7b940d5631d7d3b-goods-150x150.jpeg",150,150,true],"medium":["https:\/\/kabinam.lt\/wp-content\/uploads\/2025\/07\/a4c4ea030ba44f1ab7b940d5631d7d3b-goods-300x300.jpeg",300,300,true],"medium_large":["https:\/\/kabinam.lt\/wp-content\/uploads\/2025\/07\/a4c4ea030ba44f1ab7b940d5631d7d3b-goods-768x768.jpeg",768,768,true],"large":["https:\/\/kabinam.lt\/wp-content\/uploads\/2025\/07\/a4c4ea030ba44f1ab7b940d5631d7d3b-goods.jpeg",800,800,false],"1536x1536":["https:\/\/kabinam.lt\/wp-content\/uploads\/2025\/07\/a4c4ea030ba44f1ab7b940d5631d7d3b-goods.jpeg",800,800,false],"2048x2048":["https:\/\/kabinam.lt\/wp-content\/uploads\/2025\/07\/a4c4ea030ba44f1ab7b940d5631d7d3b-goods.jpeg",800,800,false],"trp-custom-language-flag":["https:\/\/kabinam.lt\/wp-content\/uploads\/2025\/07\/a4c4ea030ba44f1ab7b940d5631d7d3b-goods.jpeg",12,12,false],"woocommerce_thumbnail":["https:\/\/kabinam.lt\/wp-content\/uploads\/2025\/07\/a4c4ea030ba44f1ab7b940d5631d7d3b-goods-300x300.jpeg",300,300,true],"woocommerce_single":["https:\/\/kabinam.lt\/wp-content\/uploads\/2025\/07\/a4c4ea030ba44f1ab7b940d5631d7d3b-goods-600x600.jpeg",600,600,true],"woocommerce_gallery_thumbnail":["https:\/\/kabinam.lt\/wp-content\/uploads\/2025\/07\/a4c4ea030ba44f1ab7b940d5631d7d3b-goods-100x100.jpeg",100,100,true]},"uagb_author_info":{"display_name":"kabinam.lt","author_link":"https:\/\/kabinam.lt\/lv\/author\/"},"uagb_comment_info":0,"uagb_excerpt":"Emalio smeigtukas panda \u2013 mielas ir simboli\u0161kas aksesuaras, puikiai tinkantis kaip originali dovana moteriai bet kokia proga.","_links":{"self":[{"href":"https:\/\/kabinam.lt\/lv\/wp-json\/wp\/v2\/product\/3920","targetHints":{"allow":["GET"]}}],"collection":[{"href":"https:\/\/kabinam.lt\/lv\/wp-json\/wp\/v2\/product"}],"about":[{"href":"https:\/\/kabinam.lt\/lv\/wp-json\/wp\/v2\/types\/product"}],"replies":[{"embeddable":true,"href":"https:\/\/kabinam.lt\/lv\/wp-json\/wp\/v2\/comments?post=3920"}],"wp:featuredmedia":[{"embeddable":true,"href":"https:\/\/kabinam.lt\/lv\/wp-json\/wp\/v2\/media\/3923"}],"wp:attachment":[{"href":"https:\/\/kabinam.lt\/lv\/wp-json\/wp\/v2\/media?parent=3920"}],"wp:term":[{"taxonomy":"product_brand","embeddable":true,"href":"https:\/\/kabinam.lt\/lv\/wp-json\/wp\/v2\/product_brand?post=3920"},{"taxonomy":"product_cat","embeddable":true,"href":"https:\/\/kabinam.lt\/lv\/wp-json\/wp\/v2\/product_cat?post=3920"},{"taxonomy":"product_tag","embeddable":true,"href":"https:\/\/kabinam.lt\/lv\/wp-json\/wp\/v2\/product_tag?post=3920"}],"curies":[{"name":"wp","href":"https:\/\/api.w.org\/{rel}","templated":true}]}}