{"id":3916,"date":"2025-07-02T21:39:17","date_gmt":"2025-07-02T19:39:17","guid":{"rendered":"https:\/\/kabinam.lt\/?post_type=product&#038;p=3916"},"modified":"2026-01-19T01:28:38","modified_gmt":"2026-01-18T23:28:38","slug":"emaljas-piespraude-panda-davanas-berniem","status":"publish","type":"product","link":"https:\/\/kabinam.lt\/lv\/product\/enamel-pin-panda-dovanos-vaikams\/","title":{"rendered":"Emaljas piespraude panda - D\u0101vanas b\u0113rniem"},"content":{"rendered":"<div class=\"kk-star-ratings kksr-auto kksr-align-left kksr-valign-top\"\n    data-payload='{&quot;align&quot;:&quot;left&quot;,&quot;id&quot;:&quot;3916&quot;,&quot;slug&quot;:&quot;default&quot;,&quot;valign&quot;:&quot;top&quot;,&quot;ignore&quot;:&quot;&quot;,&quot;reference&quot;:&quot;auto&quot;,&quot;class&quot;:&quot;&quot;,&quot;count&quot;:&quot;0&quot;,&quot;legendonly&quot;:&quot;&quot;,&quot;readonly&quot;:&quot;&quot;,&quot;score&quot;:&quot;0&quot;,&quot;starsonly&quot;:&quot;&quot;,&quot;best&quot;:&quot;5&quot;,&quot;gap&quot;:&quot;5&quot;,&quot;greet&quot;:&quot;Mums svarbus j\u016bs\u0173 \u012fvertinimas&quot;,&quot;legend&quot;:&quot;0\\\/5 - (0 votes)&quot;,&quot;size&quot;:&quot;24&quot;,&quot;title&quot;:&quot;Enamel pin panda \u2013 dovanos vaikams&quot;,&quot;width&quot;:&quot;0&quot;,&quot;_legend&quot;:&quot;{score}\\\/{best} - ({count} {votes})&quot;,&quot;font_factor&quot;:&quot;1.25&quot;}'>\n            \n<div class=\"kksr-stars\">\n    \n<div class=\"kksr-stars-inactive\">\n            <div class=\"kksr-star\" data-star=\"1\" style=\"padding-right: 5px\">\n            \n\n<div class=\"kksr-icon\" style=\"width: 24px; height: 24px;\"><\/div>\n        <\/div>\n            <div class=\"kksr-star\" data-star=\"2\" style=\"padding-right: 5px\">\n            \n\n<div class=\"kksr-icon\" style=\"width: 24px; height: 24px;\"><\/div>\n        <\/div>\n            <div class=\"kksr-star\" data-star=\"3\" style=\"padding-right: 5px\">\n            \n\n<div class=\"kksr-icon\" style=\"width: 24px; height: 24px;\"><\/div>\n        <\/div>\n            <div class=\"kksr-star\" data-star=\"4\" style=\"padding-right: 5px\">\n            \n\n<div class=\"kksr-icon\" style=\"width: 24px; height: 24px;\"><\/div>\n        <\/div>\n            <div class=\"kksr-star\" data-star=\"5\" style=\"padding-right: 5px\">\n            \n\n<div class=\"kksr-icon\" style=\"width: 24px; height: 24px;\"><\/div>\n        <\/div>\n    <\/div>\n    \n<div class=\"kksr-stars-active\" style=\"width: 0px;\">\n            <div class=\"kksr-star\" style=\"padding-right: 5px\">\n            \n\n<div class=\"kksr-icon\" style=\"width: 24px; height: 24px;\"><\/div>\n        <\/div>\n            <div class=\"kksr-star\" style=\"padding-right: 5px\">\n            \n\n<div class=\"kksr-icon\" style=\"width: 24px; height: 24px;\"><\/div>\n        <\/div>\n            <div class=\"kksr-star\" style=\"padding-right: 5px\">\n            \n\n<div class=\"kksr-icon\" style=\"width: 24px; height: 24px;\"><\/div>\n        <\/div>\n            <div class=\"kksr-star\" style=\"padding-right: 5px\">\n            \n\n<div class=\"kksr-icon\" style=\"width: 24px; height: 24px;\"><\/div>\n        <\/div>\n            <div class=\"kksr-star\" style=\"padding-right: 5px\">\n            \n\n<div class=\"kksr-icon\" style=\"width: 24px; height: 24px;\"><\/div>\n        <\/div>\n    <\/div>\n<\/div>\n                \n\n<div class=\"kksr-legend\" style=\"font-size: 19.2px;\">\n            <span class=\"kksr-muted\">Mums ir svar\u012bgs j\u016bsu nov\u0113rt\u0113jums<\/span>\n    <\/div>\n    <\/div>\n<h1>Emaljas piespraude panda - D\u0101vanas b\u0113rniem<\/h1>\n<p>Lai ieg\u016btu unik\u0101lu, jautru un noder\u012bgu d\u0101vanu, emaljas piespraude panda ir lieliska izv\u0113le starp vis\u0101m cit\u0101m b\u0113rnu d\u0101vanu iesp\u0113j\u0101m. \u0160\u012b met\u0101la noz\u012bm\u012bte ar m\u012b\u013cu pandas dizainu ir ne tikai stil\u012bgs aksesu\u0101rs, bet ar\u012b emocion\u0101li noz\u012bm\u012bgs priek\u0161mets, ko b\u0113rni labpr\u0101t piestiprina pie mugursom\u0101m, ap\u0123\u0113rba vai pen\u0101la.<\/p>\n<p>Panda simboliz\u0113 maigumu un draudz\u012bgumu, t\u0101p\u0113c \u0161\u012b piespraude ir univers\u0101la - t\u0101 patiks gan meiten\u0113m, gan z\u0113niem. Emaljas p\u0101rkl\u0101jums saglab\u0101 spilgtas kr\u0101sas, un iztur\u012bg\u0101 aizdare nodro\u0161ina, ka piespraude notur\u0113sies sav\u0101 viet\u0101 pat tad, kad t\u0101 ir akt\u012bva.<\/p>\n<p>T\u0101 kompaktais izm\u0113rs padara to ide\u0101li piem\u0113rotu ikdienas lieto\u0161anai, savuk\u0101rt augst\u0101 izgatavo\u0161anas kvalit\u0101te nodro\u0161ina iztur\u012bbu. T\u0101 ir d\u0101vana, kas var b\u016bt gan galven\u0101 d\u0101vana, gan simbolisks papildin\u0101jums liel\u0101kam d\u0101vanu komplektam.<\/p>\n<h2>D\u0101vanas b\u0113rniem, kas j\u016bs iepriecin\u0101s - k\u0101p\u0113c izv\u0113l\u0113ties pandas noz\u012bm\u012bti?<\/h2>\n<p>At\u0161\u0137ir\u012bb\u0101 no parastaj\u0101m rota\u013cliet\u0101m vai saldumiem pandas noz\u012bm\u012bte ir ne tikai m\u012b\u013ca, bet ar\u012b funkcion\u0101la. B\u0113rni bie\u017ei v\u0113las kaut ko \u012bpa\u0161u, un \u0161is aksesu\u0101rs ir tie\u0161i t\u0101ds. D\u0101van\u0101m b\u0113rniem j\u0101b\u016bt ne tikai skaist\u0101m, bet ar\u012b praktisk\u0101m, un \u0161\u012b emaljas piespraude ir lielisks piem\u0113rs tam.<\/p>\n<p>Tas ir aksesu\u0101rs, kas veicina rado\u0161umu - b\u0113rni s\u0101k kolekcion\u0113t noz\u012bm\u012btes, rot\u0101jot savas lietas atbilsto\u0161i noska\u0146ojumam vai stilam. \u0160\u0101da personaliz\u0113ta pieeja aksesu\u0101riem veido b\u0113rna gaumi un individualit\u0101ti.<\/p>\n<h3>Katram b\u0113rnam piem\u0113rota kvalit\u0101te<\/h3>\n<p>Emaljas piespraude Panda ir izgatavota no iztur\u012bga met\u0101la, kas p\u0101rkl\u0101ts ar kr\u0101sainu emalju. Kr\u0101sas saglab\u0101jas spilgtas pat p\u0113c ilgas lieto\u0161anas. Piespraudes malas ir maigi noapa\u013cotas, un aizdare nodro\u0161ina dro\u0161u stiprin\u0101jumu - piespraude nenokrit\u012bs pat intens\u012bvi p\u0101rvietojoties.<\/p>\n<p>T\u0101 nav vienreizlietojama rota\u013clieta - tas ir aksesu\u0101rs, kas k\u013c\u016bst par da\u013cu no b\u0113rna stila. Ide\u0101li piem\u0113rots k\u0101 dzim\u0161anas dienas d\u0101vana, k\u0101 balva par p\u016bl\u0113m vai vienk\u0101r\u0161i k\u0101 pat\u012bkams p\u0101rsteigums.<\/p>\n<h3>Kur atrast pla\u0161\u0101ku izv\u0113li?<\/h3>\n<p data-start=\"2234\" data-end=\"2477\">Ja mekl\u0113jat v\u0113l citas stil\u012bgas un dro\u0161as d\u0101vanas b\u0113rniem, apl\u016bkojiet m\u016bsu <a class=\"\" href=\"https:\/\/kabinam.lt\/lv\/produkta-kategorija-2\/piespraudes-pins\/\" target=\"_new\" rel=\"noopener\" data-start=\"2304\" data-end=\"2401\">piesprau\u017eu kolekcija kabinam.lt<\/a>. Tur atrad\u012bsiet daudz ori\u0123in\u0101lu dizainu, kas atbilst da\u017e\u0101d\u0101m b\u0113rnu interes\u0113m.<\/p>\n<p data-start=\"2479\" data-end=\"2742\">Lai uzzin\u0101tu, k\u0101 emaljas piespraudes tiek izmantotas vis\u0101 pasaul\u0113, iesak\u0101m apl\u016bkot. <a class=\"cursor-pointer\" target=\"_new\" rel=\"noopener\" data-start=\"2582\" data-end=\"2694\">Pinterest iedvesmas d\u0113lis par pandas emaljas piespraud\u0113m<\/a>, kur atrad\u012bsiet simtiem re\u0101lu lietojumu piem\u0113ru.<\/p>","protected":false},"excerpt":{"rendered":"<p>Emaljas piespraude panda ir m\u012b\u013ca emaljas noz\u012bm\u012bte, kas piem\u0113rota k\u0101 praktiska un rota\u013c\u012bga d\u0101vana b\u0113rniem. Lielisks aksesu\u0101rs mugursomai vai ap\u0123\u0113rbam.<\/p>","protected":false},"featured_media":3919,"comment_status":"open","ping_status":"closed","template":"","meta":{"_uag_custom_page_level_css":"","site-sidebar-layout":"default","site-content-layout":"","ast-site-content-layout":"default","site-content-style":"default","site-sidebar-style":"default","ast-global-header-display":"","ast-banner-title-visibility":"","ast-main-header-display":"","ast-hfb-above-header-display":"","ast-hfb-below-header-display":"","ast-hfb-mobile-header-display":"","site-post-title":"","ast-breadcrumbs-content":"","ast-featured-img":"","footer-sml-layout":"","ast-disable-related-posts":"","theme-transparent-header-meta":"default","adv-header-id-meta":"","stick-header-meta":"","header-above-stick-meta":"","header-main-stick-meta":"","header-below-stick-meta":"","astra-migrate-meta-layouts":"set","ast-page-background-enabled":"default","ast-page-background-meta":{"desktop":{"background-color":"var(--ast-global-color-4)","background-image":"","background-repeat":"repeat","background-position":"center center","background-size":"auto","background-attachment":"scroll","background-type":"","background-media":"","overlay-type":"","overlay-color":"","overlay-opacity":"","overlay-gradient":""},"tablet":{"background-color":"","background-image":"","background-repeat":"repeat","background-position":"center center","background-size":"auto","background-attachment":"scroll","background-type":"","background-media":"","overlay-type":"","overlay-color":"","overlay-opacity":"","overlay-gradient":""},"mobile":{"background-color":"","background-image":"","background-repeat":"repeat","background-position":"center center","background-size":"auto","background-attachment":"scroll","background-type":"","background-media":"","overlay-type":"","overlay-color":"","overlay-opacity":"","overlay-gradient":""}},"ast-content-background-meta":{"desktop":{"background-color":"var(--ast-global-color-5)","background-image":"","background-repeat":"repeat","background-position":"center center","background-size":"auto","background-attachment":"scroll","background-type":"","background-media":"","overlay-type":"","overlay-color":"","overlay-opacity":"","overlay-gradient":""},"tablet":{"background-color":"var(--ast-global-color-5)","background-image":"","background-repeat":"repeat","background-position":"center center","background-size":"auto","background-attachment":"scroll","background-type":"","background-media":"","overlay-type":"","overlay-color":"","overlay-opacity":"","overlay-gradient":""},"mobile":{"background-color":"var(--ast-global-color-5)","background-image":"","background-repeat":"repeat","background-position":"center center","background-size":"auto","background-attachment":"scroll","background-type":"","background-media":"","overlay-type":"","overlay-color":"","overlay-opacity":"","overlay-gradient":""}}},"product_brand":[],"product_cat":[126,119],"product_tag":[],"class_list":{"0":"post-3916","1":"product","2":"type-product","3":"status-publish","4":"has-post-thumbnail","6":"product_cat-visi","7":"product_cat-smeigtukai-pins","8":"desktop-align-center","9":"tablet-align-left","10":"mobile-align-left","12":"first","13":"instock","14":"shipping-taxable","15":"purchasable","16":"product-type-simple"},"yoast_head":"<!-- This site is optimized with the Yoast SEO plugin v27.1.1 - https:\/\/yoast.com\/product\/yoast-seo-wordpress\/ -->\n<title>Enamel pin panda \u2013 dovanos vaikams - kabinam.lt<\/title>\n<meta name=\"description\" content=\"Enamel pin panda \u2013 smagus ir originalus aksesuaras, puikiai tinkantis kaip viena i\u0161 geriausi\u0173 dovanos vaikams id\u0117j\u0173.\" \/>\n<meta name=\"robots\" content=\"index, follow, max-snippet:-1, max-image-preview:large, max-video-preview:-1\" \/>\n<link rel=\"canonical\" href=\"https:\/\/kabinam.lt\/lv\/produkts\/emaljas-piespraude-panda-davanas-berniem\/\" \/>\n<meta property=\"og:locale\" content=\"lv_LV\" \/>\n<meta property=\"og:type\" content=\"article\" \/>\n<meta property=\"og:title\" content=\"Enamel pin panda \u2013 dovanos vaikams - kabinam.lt\" \/>\n<meta property=\"og:description\" content=\"Enamel pin panda \u2013 smagus ir originalus aksesuaras, puikiai tinkantis kaip viena i\u0161 geriausi\u0173 dovanos vaikams id\u0117j\u0173.\" \/>\n<meta property=\"og:url\" content=\"https:\/\/kabinam.lt\/lv\/produkts\/emaljas-piespraude-panda-davanas-berniem\/\" \/>\n<meta property=\"og:site_name\" content=\"kabinam.lt\" \/>\n<meta property=\"article:modified_time\" content=\"2026-01-18T23:28:38+00:00\" \/>\n<meta property=\"og:image\" content=\"https:\/\/kabinam.lt\/wp-content\/uploads\/2025\/07\/fab77cd376e64fca8c7a1fbbf5e435c9-goods.jpeg\" \/>\n\t<meta property=\"og:image:width\" content=\"800\" \/>\n\t<meta property=\"og:image:height\" content=\"800\" \/>\n\t<meta property=\"og:image:type\" content=\"image\/jpeg\" \/>\n<meta name=\"twitter:card\" content=\"summary_large_image\" \/>\n<meta name=\"twitter:label1\" content=\"Est. reading time\" \/>\n\t<meta name=\"twitter:data1\" content=\"2 min\u016btes\" \/>\n<script type=\"application\/ld+json\" class=\"yoast-schema-graph\">{\"@context\":\"https:\/\/schema.org\",\"@graph\":[{\"@type\":[\"WebPage\",\"ItemPage\"],\"@id\":\"https:\/\/kabinam.lt\/et\/toode\/email-rinnamark-panda-kingitused-lastele\/\",\"url\":\"https:\/\/kabinam.lt\/et\/toode\/email-rinnamark-panda-kingitused-lastele\/\",\"name\":\"Enamel pin panda \u2013 dovanos vaikams - kabinam.lt\",\"isPartOf\":{\"@id\":\"https:\/\/kabinam.lt\/#website\"},\"primaryImageOfPage\":{\"@id\":\"https:\/\/kabinam.lt\/et\/toode\/email-rinnamark-panda-kingitused-lastele\/#primaryimage\"},\"image\":{\"@id\":\"https:\/\/kabinam.lt\/et\/toode\/email-rinnamark-panda-kingitused-lastele\/#primaryimage\"},\"thumbnailUrl\":\"https:\/\/kabinam.lt\/wp-content\/uploads\/2025\/07\/fab77cd376e64fca8c7a1fbbf5e435c9-goods.jpeg\",\"datePublished\":\"2025-07-02T19:39:17+00:00\",\"dateModified\":\"2026-01-18T23:28:38+00:00\",\"description\":\"Enamel pin panda \u2013 smagus ir originalus aksesuaras, puikiai tinkantis kaip viena i\u0161 geriausi\u0173 dovanos vaikams id\u0117j\u0173.\",\"breadcrumb\":{\"@id\":\"https:\/\/kabinam.lt\/et\/toode\/email-rinnamark-panda-kingitused-lastele\/#breadcrumb\"},\"inLanguage\":\"lv-LV\",\"potentialAction\":[{\"@type\":\"ReadAction\",\"target\":[\"https:\/\/kabinam.lt\/et\/toode\/email-rinnamark-panda-kingitused-lastele\/\"]}]},{\"@type\":\"ImageObject\",\"inLanguage\":\"lv-LV\",\"@id\":\"https:\/\/kabinam.lt\/et\/toode\/email-rinnamark-panda-kingitused-lastele\/#primaryimage\",\"url\":\"https:\/\/kabinam.lt\/wp-content\/uploads\/2025\/07\/fab77cd376e64fca8c7a1fbbf5e435c9-goods.jpeg\",\"contentUrl\":\"https:\/\/kabinam.lt\/wp-content\/uploads\/2025\/07\/fab77cd376e64fca8c7a1fbbf5e435c9-goods.jpeg\",\"width\":800,\"height\":800,\"caption\":\"Enamel pin panda \u2013 mielas pasirinkimas vaik\u0173 dovanoms\"},{\"@type\":\"BreadcrumbList\",\"@id\":\"https:\/\/kabinam.lt\/et\/toode\/email-rinnamark-panda-kingitused-lastele\/#breadcrumb\",\"itemListElement\":[{\"@type\":\"ListItem\",\"position\":1,\"name\":\"Home\",\"item\":\"https:\/\/kabinam.lt\/\"},{\"@type\":\"ListItem\",\"position\":2,\"name\":\"Visi Produktai\",\"item\":\"https:\/\/kabinam.lt\/visi-produktai\/\"},{\"@type\":\"ListItem\",\"position\":3,\"name\":\"Enamel pin panda \u2013 dovanos vaikams\"}]},{\"@type\":\"WebSite\",\"@id\":\"https:\/\/kabinam.lt\/#website\",\"url\":\"https:\/\/kabinam.lt\/\",\"name\":\"kabinam.lt\",\"description\":\"Kabinam.lt \u2013 raktu pakabukai ir aksesuarai\",\"publisher\":{\"@id\":\"https:\/\/kabinam.lt\/#organization\"},\"alternateName\":\"pakabukai lt\",\"potentialAction\":[{\"@type\":\"SearchAction\",\"target\":{\"@type\":\"EntryPoint\",\"urlTemplate\":\"https:\/\/kabinam.lt\/?s={search_term_string}\"},\"query-input\":{\"@type\":\"PropertyValueSpecification\",\"valueRequired\":true,\"valueName\":\"search_term_string\"}}],\"inLanguage\":\"lv-LV\"},{\"@type\":\"Organization\",\"@id\":\"https:\/\/kabinam.lt\/#organization\",\"name\":\"kabinam.lt\",\"alternateName\":\"kabinam\",\"url\":\"https:\/\/kabinam.lt\/\",\"logo\":{\"@type\":\"ImageObject\",\"inLanguage\":\"lv-LV\",\"@id\":\"https:\/\/kabinam.lt\/#\/schema\/logo\/image\/\",\"url\":\"https:\/\/kabinam.lt\/wp-content\/uploads\/2025\/05\/KABINAM_outer_glow.png\",\"contentUrl\":\"https:\/\/kabinam.lt\/wp-content\/uploads\/2025\/05\/KABINAM_outer_glow.png\",\"width\":474,\"height\":141,\"caption\":\"kabinam.lt\"},\"image\":{\"@id\":\"https:\/\/kabinam.lt\/#\/schema\/logo\/image\/\"}}]}<\/script>\n<!-- \/ Yoast SEO plugin. -->","yoast_head_json":{"title":"Emaljas piespraude panda - D\u0101vanas b\u0113rniem - kabinam.lt","description":"Emaljas piespraude panda ir jautrs un ori\u0123in\u0101ls aksesu\u0101rs, kas lieliski noder\u0113s k\u0101 viena no lab\u0101kaj\u0101m d\u0101vanu idej\u0101m b\u0113rniem.","robots":{"index":"index","follow":"follow","max-snippet":"max-snippet:-1","max-image-preview":"max-image-preview:large","max-video-preview":"max-video-preview:-1"},"canonical":"https:\/\/kabinam.lt\/lv\/produkts\/emaljas-piespraude-panda-davanas-berniem\/","og_locale":"lv_LV","og_type":"article","og_title":"Enamel pin panda \u2013 dovanos vaikams - kabinam.lt","og_description":"Enamel pin panda \u2013 smagus ir originalus aksesuaras, puikiai tinkantis kaip viena i\u0161 geriausi\u0173 dovanos vaikams id\u0117j\u0173.","og_url":"https:\/\/kabinam.lt\/lv\/produkts\/emaljas-piespraude-panda-davanas-berniem\/","og_site_name":"kabinam.lt","article_modified_time":"2026-01-18T23:28:38+00:00","og_image":[{"width":800,"height":800,"url":"https:\/\/kabinam.lt\/wp-content\/uploads\/2025\/07\/fab77cd376e64fca8c7a1fbbf5e435c9-goods.jpeg","type":"image\/jpeg"}],"twitter_card":"summary_large_image","twitter_misc":{"Est. reading time":"2 min\u016btes"},"schema":{"@context":"https:\/\/schema.org","@graph":[{"@type":["WebPage","ItemPage"],"@id":"https:\/\/kabinam.lt\/et\/toode\/email-rinnamark-panda-kingitused-lastele\/","url":"https:\/\/kabinam.lt\/et\/toode\/email-rinnamark-panda-kingitused-lastele\/","name":"Emaljas piespraude panda - D\u0101vanas b\u0113rniem - kabinam.lt","isPartOf":{"@id":"https:\/\/kabinam.lt\/#website"},"primaryImageOfPage":{"@id":"https:\/\/kabinam.lt\/et\/toode\/email-rinnamark-panda-kingitused-lastele\/#primaryimage"},"image":{"@id":"https:\/\/kabinam.lt\/et\/toode\/email-rinnamark-panda-kingitused-lastele\/#primaryimage"},"thumbnailUrl":"https:\/\/kabinam.lt\/wp-content\/uploads\/2025\/07\/fab77cd376e64fca8c7a1fbbf5e435c9-goods.jpeg","datePublished":"2025-07-02T19:39:17+00:00","dateModified":"2026-01-18T23:28:38+00:00","description":"Emaljas piespraude panda ir jautrs un ori\u0123in\u0101ls aksesu\u0101rs, kas lieliski noder\u0113s k\u0101 viena no lab\u0101kaj\u0101m d\u0101vanu idej\u0101m b\u0113rniem.","breadcrumb":{"@id":"https:\/\/kabinam.lt\/et\/toode\/email-rinnamark-panda-kingitused-lastele\/#breadcrumb"},"inLanguage":"lv-LV","potentialAction":[{"@type":"ReadAction","target":["https:\/\/kabinam.lt\/et\/toode\/email-rinnamark-panda-kingitused-lastele\/"]}]},{"@type":"ImageObject","inLanguage":"lv-LV","@id":"https:\/\/kabinam.lt\/et\/toode\/email-rinnamark-panda-kingitused-lastele\/#primaryimage","url":"https:\/\/kabinam.lt\/wp-content\/uploads\/2025\/07\/fab77cd376e64fca8c7a1fbbf5e435c9-goods.jpeg","contentUrl":"https:\/\/kabinam.lt\/wp-content\/uploads\/2025\/07\/fab77cd376e64fca8c7a1fbbf5e435c9-goods.jpeg","width":800,"height":800,"caption":"Enamel pin panda \u2013 mielas pasirinkimas vaik\u0173 dovanoms"},{"@type":"BreadcrumbList","@id":"https:\/\/kabinam.lt\/et\/toode\/email-rinnamark-panda-kingitused-lastele\/#breadcrumb","itemListElement":[{"@type":"ListItem","position":1,"name":"Home","item":"https:\/\/kabinam.lt\/"},{"@type":"ListItem","position":2,"name":"Visi Produktai","item":"https:\/\/kabinam.lt\/visi-produktai\/"},{"@type":"ListItem","position":3,"name":"Enamel pin panda \u2013 dovanos vaikams"}]},{"@type":"WebSite","@id":"https:\/\/kabinam.lt\/#website","url":"https:\/\/kabinam.lt\/","name":"kabinam.lt","description":"Kabinam.lt - atsl\u0113gu piekari\u0146i un aksesu\u0101ri","publisher":{"@id":"https:\/\/kabinam.lt\/#organization"},"alternateName":"pakabukai lt","potentialAction":[{"@type":"SearchAction","target":{"@type":"EntryPoint","urlTemplate":"https:\/\/kabinam.lt\/?s={search_term_string}"},"query-input":{"@type":"PropertyValueSpecification","valueRequired":true,"valueName":"search_term_string"}}],"inLanguage":"lv-LV"},{"@type":"Organization","@id":"https:\/\/kabinam.lt\/#organization","name":"kabinam.lt","alternateName":"kabinam","url":"https:\/\/kabinam.lt\/","logo":{"@type":"ImageObject","inLanguage":"lv-LV","@id":"https:\/\/kabinam.lt\/#\/schema\/logo\/image\/","url":"https:\/\/kabinam.lt\/wp-content\/uploads\/2025\/05\/KABINAM_outer_glow.png","contentUrl":"https:\/\/kabinam.lt\/wp-content\/uploads\/2025\/05\/KABINAM_outer_glow.png","width":474,"height":141,"caption":"kabinam.lt"},"image":{"@id":"https:\/\/kabinam.lt\/#\/schema\/logo\/image\/"}}]}},"uagb_featured_image_src":{"full":["https:\/\/kabinam.lt\/wp-content\/uploads\/2025\/07\/fab77cd376e64fca8c7a1fbbf5e435c9-goods.jpeg",800,800,false],"thumbnail":["https:\/\/kabinam.lt\/wp-content\/uploads\/2025\/07\/fab77cd376e64fca8c7a1fbbf5e435c9-goods-150x150.jpeg",150,150,true],"medium":["https:\/\/kabinam.lt\/wp-content\/uploads\/2025\/07\/fab77cd376e64fca8c7a1fbbf5e435c9-goods-300x300.jpeg",300,300,true],"medium_large":["https:\/\/kabinam.lt\/wp-content\/uploads\/2025\/07\/fab77cd376e64fca8c7a1fbbf5e435c9-goods-768x768.jpeg",768,768,true],"large":["https:\/\/kabinam.lt\/wp-content\/uploads\/2025\/07\/fab77cd376e64fca8c7a1fbbf5e435c9-goods.jpeg",800,800,false],"1536x1536":["https:\/\/kabinam.lt\/wp-content\/uploads\/2025\/07\/fab77cd376e64fca8c7a1fbbf5e435c9-goods.jpeg",800,800,false],"2048x2048":["https:\/\/kabinam.lt\/wp-content\/uploads\/2025\/07\/fab77cd376e64fca8c7a1fbbf5e435c9-goods.jpeg",800,800,false],"trp-custom-language-flag":["https:\/\/kabinam.lt\/wp-content\/uploads\/2025\/07\/fab77cd376e64fca8c7a1fbbf5e435c9-goods.jpeg",12,12,false],"woocommerce_thumbnail":["https:\/\/kabinam.lt\/wp-content\/uploads\/2025\/07\/fab77cd376e64fca8c7a1fbbf5e435c9-goods-300x300.jpeg",300,300,true],"woocommerce_single":["https:\/\/kabinam.lt\/wp-content\/uploads\/2025\/07\/fab77cd376e64fca8c7a1fbbf5e435c9-goods-600x600.jpeg",600,600,true],"woocommerce_gallery_thumbnail":["https:\/\/kabinam.lt\/wp-content\/uploads\/2025\/07\/fab77cd376e64fca8c7a1fbbf5e435c9-goods-100x100.jpeg",100,100,true]},"uagb_author_info":{"display_name":"kabinam.lt","author_link":"https:\/\/kabinam.lt\/lv\/author\/"},"uagb_comment_info":0,"uagb_excerpt":"Enamel pin panda \u2013 mielas emalinis \u017eenkliukas, tinkantis kaip prakti\u0161ka ir \u017eaisminga dovana vaikams. Puikus aksesuaras kuprinei ar drabu\u017eiams.","_links":{"self":[{"href":"https:\/\/kabinam.lt\/lv\/wp-json\/wp\/v2\/product\/3916","targetHints":{"allow":["GET"]}}],"collection":[{"href":"https:\/\/kabinam.lt\/lv\/wp-json\/wp\/v2\/product"}],"about":[{"href":"https:\/\/kabinam.lt\/lv\/wp-json\/wp\/v2\/types\/product"}],"replies":[{"embeddable":true,"href":"https:\/\/kabinam.lt\/lv\/wp-json\/wp\/v2\/comments?post=3916"}],"wp:featuredmedia":[{"embeddable":true,"href":"https:\/\/kabinam.lt\/lv\/wp-json\/wp\/v2\/media\/3919"}],"wp:attachment":[{"href":"https:\/\/kabinam.lt\/lv\/wp-json\/wp\/v2\/media?parent=3916"}],"wp:term":[{"taxonomy":"product_brand","embeddable":true,"href":"https:\/\/kabinam.lt\/lv\/wp-json\/wp\/v2\/product_brand?post=3916"},{"taxonomy":"product_cat","embeddable":true,"href":"https:\/\/kabinam.lt\/lv\/wp-json\/wp\/v2\/product_cat?post=3916"},{"taxonomy":"product_tag","embeddable":true,"href":"https:\/\/kabinam.lt\/lv\/wp-json\/wp\/v2\/product_tag?post=3916"}],"curies":[{"name":"wp","href":"https:\/\/api.w.org\/{rel}","templated":true}]}}