{"id":3820,"date":"2025-06-08T20:49:57","date_gmt":"2025-06-08T18:49:57","guid":{"rendered":"https:\/\/kabinam.lt\/?post_type=product&#038;p=3820"},"modified":"2026-01-19T02:37:21","modified_gmt":"2026-01-19T00:37:21","slug":"sarkana-rakesu-nozimite","status":"publish","type":"product","link":"https:\/\/kabinam.lt\/lv\/product\/raudonas-raketos-zenkliukas\/","title":{"rendered":"Sarkan\u0101 ra\u0137e\u0161u noz\u012bm\u012bte"},"content":{"rendered":"<div class=\"kk-star-ratings kksr-auto kksr-align-left kksr-valign-top\"\n    data-payload='{&quot;align&quot;:&quot;left&quot;,&quot;id&quot;:&quot;3820&quot;,&quot;slug&quot;:&quot;default&quot;,&quot;valign&quot;:&quot;top&quot;,&quot;ignore&quot;:&quot;&quot;,&quot;reference&quot;:&quot;auto&quot;,&quot;class&quot;:&quot;&quot;,&quot;count&quot;:&quot;0&quot;,&quot;legendonly&quot;:&quot;&quot;,&quot;readonly&quot;:&quot;&quot;,&quot;score&quot;:&quot;0&quot;,&quot;starsonly&quot;:&quot;&quot;,&quot;best&quot;:&quot;5&quot;,&quot;gap&quot;:&quot;5&quot;,&quot;greet&quot;:&quot;Mums svarbus j\u016bs\u0173 \u012fvertinimas&quot;,&quot;legend&quot;:&quot;0\\\/5 - (0 votes)&quot;,&quot;size&quot;:&quot;24&quot;,&quot;title&quot;:&quot;Raudonas raketos \u017eenkliukas&quot;,&quot;width&quot;:&quot;0&quot;,&quot;_legend&quot;:&quot;{score}\\\/{best} - ({count} {votes})&quot;,&quot;font_factor&quot;:&quot;1.25&quot;}'>\n            \n<div class=\"kksr-stars\">\n    \n<div class=\"kksr-stars-inactive\">\n            <div class=\"kksr-star\" data-star=\"1\" style=\"padding-right: 5px\">\n            \n\n<div class=\"kksr-icon\" style=\"width: 24px; height: 24px;\"><\/div>\n        <\/div>\n            <div class=\"kksr-star\" data-star=\"2\" style=\"padding-right: 5px\">\n            \n\n<div class=\"kksr-icon\" style=\"width: 24px; height: 24px;\"><\/div>\n        <\/div>\n            <div class=\"kksr-star\" data-star=\"3\" style=\"padding-right: 5px\">\n            \n\n<div class=\"kksr-icon\" style=\"width: 24px; height: 24px;\"><\/div>\n        <\/div>\n            <div class=\"kksr-star\" data-star=\"4\" style=\"padding-right: 5px\">\n            \n\n<div class=\"kksr-icon\" style=\"width: 24px; height: 24px;\"><\/div>\n        <\/div>\n            <div class=\"kksr-star\" data-star=\"5\" style=\"padding-right: 5px\">\n            \n\n<div class=\"kksr-icon\" style=\"width: 24px; height: 24px;\"><\/div>\n        <\/div>\n    <\/div>\n    \n<div class=\"kksr-stars-active\" style=\"width: 0px;\">\n            <div class=\"kksr-star\" style=\"padding-right: 5px\">\n            \n\n<div class=\"kksr-icon\" style=\"width: 24px; height: 24px;\"><\/div>\n        <\/div>\n            <div class=\"kksr-star\" style=\"padding-right: 5px\">\n            \n\n<div class=\"kksr-icon\" style=\"width: 24px; height: 24px;\"><\/div>\n        <\/div>\n            <div class=\"kksr-star\" style=\"padding-right: 5px\">\n            \n\n<div class=\"kksr-icon\" style=\"width: 24px; height: 24px;\"><\/div>\n        <\/div>\n            <div class=\"kksr-star\" style=\"padding-right: 5px\">\n            \n\n<div class=\"kksr-icon\" style=\"width: 24px; height: 24px;\"><\/div>\n        <\/div>\n            <div class=\"kksr-star\" style=\"padding-right: 5px\">\n            \n\n<div class=\"kksr-icon\" style=\"width: 24px; height: 24px;\"><\/div>\n        <\/div>\n    <\/div>\n<\/div>\n                \n\n<div class=\"kksr-legend\" style=\"font-size: 19.2px;\">\n            <span class=\"kksr-muted\">Mums ir svar\u012bgs j\u016bsu nov\u0113rt\u0113jums<\/span>\n    <\/div>\n    <\/div>\n<h1>Sarkan\u0101 ra\u0137e\u0161u noz\u012bm\u012bte<\/h1>\n<h2>Kr\u0101sains ra\u0137etes formas piesprau\u017eams embl\u0113mas aksesu\u0101rs j\u016bsu stila izpausmei<\/h2>\n<p>Sarkan\u0101 ra\u0137e\u0161u noz\u012bm\u012bte ir ori\u0123in\u0101ls, rota\u013c\u012bgs emaljas aksesu\u0101rs tiem, kam pat\u012bk kosmosa tematika, unik\u0101ls stils un kas mekl\u0113 smalku veidu, k\u0101 izcelties. \u0160is kr\u0101sainais simboliskais akcents lieliski iederas da\u017e\u0101dos ap\u0123\u0113rbos, mugursom\u0101s vai aksesu\u0101ros, pie\u0161\u0137irot tiem rota\u013c\u012bgumu un raksturu. M\u016bsdienu mod\u0113 \u0161\u0101di elementi ir k\u013cuvu\u0161i par neat\u0146emamu stila sast\u0101vda\u013cu, jo tie \u013cauj ar s\u012bkumiem izst\u0101st\u012bt savu person\u012bgo st\u0101stu.<\/p>\n<p>Pirmaj\u0101 rindkop\u0101 ir izmantota fokusa atsl\u0113gfr\u0101ze sarkan\u0101 ra\u0137e\u0161u noz\u012bm\u012bte.<\/p>\n<h2>Kosmosa aksesu\u0101rs - izteiksm\u012bgs un praktisks<\/h2>\n<p>\u0160\u012b savietojam\u0101 emaljas piespraude ir izgatavota no augstas kvalit\u0101tes met\u0101la sakaus\u0113juma un p\u0101rkl\u0101ta ar spilgtu, notur\u012bgu emaljas kr\u0101su. Sarkan\u0101s ra\u0137etes detaliz\u0113t\u0101 forma ar izplest\u0101m uguns m\u0113l\u0113m simboliz\u0113 ener\u0123iju, virz\u012bbu uz priek\u0161u un neierobe\u017eotu rado\u0161umu. T\u0101 ir paredz\u0113ta tiem, kuri nev\u0113las zaud\u0113t savu rota\u013c\u012bgumu, m\u012bl kosmiskus mot\u012bvus un nov\u0113rt\u0113 stil\u012bgus mazus aksesu\u0101rus.<\/p>\n<p>T\u0101 nav tikai noz\u012bm\u012bte vai piespraude - tas ir stila apliecin\u0101jums. Tas ir veids, k\u0101 smalki par\u0101d\u012bt savus hobijus un izcelties no p\u016b\u013ca.<\/p>\n<h3>Kur pielietot \u0161o izcilo piespraudi?<\/h3>\n<p>\u0160\u012b ra\u0137etes formas embl\u0113mas piespraude lieliski sader ar:<\/p>\n<p>Mugursomas un rokassomas - \u012bpa\u0161i ce\u013cojumu entuziastiem;<\/p>\n<p>D\u017einsi vai bomber jakas;<\/p>\n<p>D\u017eemperi, krekli vai cepures;<\/p>\n<p>\u0160alles un lakati - k\u0101 dekorat\u012bva piespraude;<\/p>\n<p>Kolekcion\u0101ru albumi vai d\u0101vanu kastes.<\/p>\n<p>Pateicoties univers\u0101lajam dizainam un kvalitat\u012bvai ra\u017eo\u0161anai, \u0161\u012b piespraude ir piem\u0113rota gan b\u0113rniem, gan pieaugu\u0161ajiem. T\u0101 b\u016bs lielisks aksesu\u0101rs ikdienas valk\u0101\u0161anai, k\u0101 ar\u012b \u012bpa\u0161iem gad\u012bjumiem vai sv\u0113tku t\u0113rpiem.<\/p>\n<h2>Apdruk\u0101ta emalja - iztur\u012bba un est\u0113tika<\/h2>\n<p>\u0160\u012bs noz\u012bm\u012btes virsma ir p\u0101rkl\u0101ta ar kr\u0101sainu emalju, kas ne tikai pie\u0161\u0137ir tai spilgtu izskatu, bet ar\u012b pasarg\u0101 to no skr\u0101p\u0113jumiem. Kr\u0101sas ir spilgtas, bet harmoniskas: pies\u0101tin\u0101ti sarkan\u0101 kr\u0101sa apvienojum\u0101 ar dzelteno uguns efektu un melnaj\u0101m kont\u016br\u0101m rada dinamisku t\u0113lu. V\u012bt\u0146u kvalit\u0101te saglab\u0101jas augsta pat tad, ja t\u0101s n\u0113s\u0101 katru dienu, un aizdares meh\u0101nisms nodro\u0161ina dro\u0161u piestiprin\u0101\u0161anu.<\/p>\n<p>\u0160\u012b embl\u0113mu piespraude (paz\u012bstama ar\u012b k\u0101 \u201epiespraude\u201c, \u201epiesprau\u017eama noz\u012bm\u012bte\u201c, \u201eaksesu\u0101ra piespraude\u201c, \u201emet\u0101la akcents\u201c, \u201emodes noz\u012bm\u012bte\u201c) ir vair\u0101k nek\u0101 tikai rotaslieta - t\u0101 ir da\u013ca no j\u016bsu person\u012bbas.<\/p>\n<h3>K\u0101p\u0113c izv\u0113l\u0113ties \u0161o noz\u012bm\u012bti?<\/h3>\n<ul>\n<li data-start=\"2615\" data-end=\"2654\">\n<p data-start=\"2617\" data-end=\"2654\">Unik\u0101ls kosmosa tematikas dizains;<\/p>\n<\/li>\n<li data-start=\"2655\" data-end=\"2696\">\n<p data-start=\"2657\" data-end=\"2696\">Izgatavots no iztur\u012bga met\u0101la sakaus\u0113juma;<\/p>\n<\/li>\n<li data-start=\"2697\" data-end=\"2734\">\n<p data-start=\"2699\" data-end=\"2734\">Spilgtas, notur\u012bgas emaljas kr\u0101sas;<\/p>\n<\/li>\n<li data-start=\"2735\" data-end=\"2765\">\n<p data-start=\"2737\" data-end=\"2765\">Dro\u0161a un iztur\u012bga aizdare;<\/p>\n<\/li>\n<li data-start=\"2766\" data-end=\"2828\">\n<p data-start=\"2768\" data-end=\"2828\">Lieliska d\u0101vana kolekcion\u0101riem, stila cien\u012bt\u0101jiem un b\u0113rniem.<\/p>\n<\/li>\n<\/ul>\n<p>Ja v\u0113laties v\u0113l vair\u0101k \u0161\u0101du piederumu, iesak\u0101m apskat\u012bt visus m\u016bsu <a class=\"\" href=\"https:\/\/kabinam.lt\/lv\/produkta-kategorija-2\/piespraudes-pins\/\" target=\"_new\" rel=\"noopener\" data-start=\"2906\" data-end=\"2996\">da\u017e\u0101du noz\u012bm\u012b\u0161u un piesprau\u017eu kl\u0101sts.<\/a>, ar da\u017e\u0101d\u0101m t\u0113m\u0101m - no dabas l\u012bdz popkult\u016brai.<\/p>\n<h2>Simboliskas piespraudes - no simbolikas l\u012bdz stila apliecin\u0101jumam<\/h2>\n<p data-start=\"3133\" data-end=\"3400\">T\u0101di aksesu\u0101ri k\u0101 \u0161\u012b ra\u0137e\u0161u piespraude bie\u017ei vien k\u013c\u016bst ne tikai par modes stilu, bet ar\u012b par emocion\u0101lu simbolu, kas \u013cauj izteikt sevi pat tad, kad v\u0101rdi nav nepiecie\u0161ami. Nav nejau\u0161\u012bba, ka \u0161\u0101das piespraudes arvien bie\u017e\u0101k izmanto ar\u012b m\u016bsdienu m\u0101kslas un soci\u0101laj\u0101 kult\u016br\u0101.<\/p>\n<p data-start=\"3402\" data-end=\"3615\">L\u012bdz\u012bgas noz\u012bm\u012btes g\u016bst arvien liel\u0101ku iev\u0113r\u012bbu starptautisk\u0101 m\u0113rog\u0101 - vair\u0101k par simbolisko piesprau\u017eu tendenci var uzzin\u0101t \u0161eit. <a class=\"\" href=\"https:\/\/www.pintrill.com\" target=\"_new\" rel=\"noopener\" data-start=\"3517\" data-end=\"3566\">Pintrill t\u012bmek\u013ca vietne<\/a>, demonstr\u0113 jaun\u0101k\u0101s stilistisk\u0101s tendences.<\/p>","protected":false},"excerpt":{"rendered":"<p>Kr\u0101sain\u0101 emaljas rake\u0161u noz\u012bm\u012bte ir stil\u012bgs akcents j\u016bsu ap\u0123\u0113rbam vai mugursomai.<\/p>","protected":false},"featured_media":3821,"comment_status":"open","ping_status":"closed","template":"","meta":{"_uag_custom_page_level_css":"","site-sidebar-layout":"default","site-content-layout":"","ast-site-content-layout":"default","site-content-style":"default","site-sidebar-style":"default","ast-global-header-display":"","ast-banner-title-visibility":"","ast-main-header-display":"","ast-hfb-above-header-display":"","ast-hfb-below-header-display":"","ast-hfb-mobile-header-display":"","site-post-title":"","ast-breadcrumbs-content":"","ast-featured-img":"","footer-sml-layout":"","ast-disable-related-posts":"","theme-transparent-header-meta":"default","adv-header-id-meta":"","stick-header-meta":"","header-above-stick-meta":"","header-main-stick-meta":"","header-below-stick-meta":"","astra-migrate-meta-layouts":"set","ast-page-background-enabled":"default","ast-page-background-meta":{"desktop":{"background-color":"var(--ast-global-color-4)","background-image":"","background-repeat":"repeat","background-position":"center center","background-size":"auto","background-attachment":"scroll","background-type":"","background-media":"","overlay-type":"","overlay-color":"","overlay-opacity":"","overlay-gradient":""},"tablet":{"background-color":"","background-image":"","background-repeat":"repeat","background-position":"center center","background-size":"auto","background-attachment":"scroll","background-type":"","background-media":"","overlay-type":"","overlay-color":"","overlay-opacity":"","overlay-gradient":""},"mobile":{"background-color":"","background-image":"","background-repeat":"repeat","background-position":"center center","background-size":"auto","background-attachment":"scroll","background-type":"","background-media":"","overlay-type":"","overlay-color":"","overlay-opacity":"","overlay-gradient":""}},"ast-content-background-meta":{"desktop":{"background-color":"var(--ast-global-color-5)","background-image":"","background-repeat":"repeat","background-position":"center center","background-size":"auto","background-attachment":"scroll","background-type":"","background-media":"","overlay-type":"","overlay-color":"","overlay-opacity":"","overlay-gradient":""},"tablet":{"background-color":"var(--ast-global-color-5)","background-image":"","background-repeat":"repeat","background-position":"center center","background-size":"auto","background-attachment":"scroll","background-type":"","background-media":"","overlay-type":"","overlay-color":"","overlay-opacity":"","overlay-gradient":""},"mobile":{"background-color":"var(--ast-global-color-5)","background-image":"","background-repeat":"repeat","background-position":"center center","background-size":"auto","background-attachment":"scroll","background-type":"","background-media":"","overlay-type":"","overlay-color":"","overlay-opacity":"","overlay-gradient":""}}},"product_brand":[],"product_cat":[125,126,119,92],"product_tag":[],"class_list":{"0":"post-3820","1":"product","2":"type-product","3":"status-publish","4":"has-post-thumbnail","6":"product_cat-halloween","7":"product_cat-visi","8":"product_cat-smeigtukai-pins","9":"product_cat-populiariausiu-produktu-kategorija","10":"desktop-align-center","11":"tablet-align-left","12":"mobile-align-left","14":"first","15":"outofstock","16":"shipping-taxable","17":"purchasable","18":"product-type-simple"},"yoast_head":"<!-- This site is optimized with the Yoast SEO plugin v27.1.1 - https:\/\/yoast.com\/product\/yoast-seo-wordpress\/ -->\n<title>Raudonas raketos \u017eenkliukas<\/title>\n<meta name=\"description\" content=\"Raudonas raketos \u017eenkliukas \u2013 emalinis aksesuaras su kosmine simbolika tavo stiliui ir i\u0161skirtinumui.\" \/>\n<meta name=\"robots\" content=\"index, follow, max-snippet:-1, max-image-preview:large, max-video-preview:-1\" \/>\n<link rel=\"canonical\" href=\"https:\/\/kabinam.lt\/lv\/produkts\/sarkana-rakesu-nozimite\/\" \/>\n<meta property=\"og:locale\" content=\"lv_LV\" \/>\n<meta property=\"og:type\" content=\"article\" \/>\n<meta property=\"og:title\" content=\"Raudonas raketos \u017eenkliukas\" \/>\n<meta property=\"og:description\" content=\"Raudonas raketos \u017eenkliukas \u2013 emalinis aksesuaras su kosmine simbolika tavo stiliui ir i\u0161skirtinumui.\" \/>\n<meta property=\"og:url\" content=\"https:\/\/kabinam.lt\/lv\/produkts\/sarkana-rakesu-nozimite\/\" \/>\n<meta property=\"og:site_name\" content=\"kabinam.lt\" \/>\n<meta property=\"article:modified_time\" content=\"2026-01-19T00:37:21+00:00\" \/>\n<meta property=\"og:image\" content=\"https:\/\/kabinam.lt\/wp-content\/uploads\/2024\/06\/1243ecc030b6aa38b22d50f8e5502672-edited.jpg\" \/>\n\t<meta property=\"og:image:width\" content=\"736\" \/>\n\t<meta property=\"og:image:height\" content=\"552\" \/>\n\t<meta property=\"og:image:type\" content=\"image\/jpeg\" \/>\n<meta name=\"twitter:card\" content=\"summary_large_image\" \/>\n<meta name=\"twitter:label1\" content=\"Est. reading time\" \/>\n\t<meta name=\"twitter:data1\" content=\"3 min\u016btes\" \/>\n<script type=\"application\/ld+json\" class=\"yoast-schema-graph\">{\"@context\":\"https:\/\/schema.org\",\"@graph\":[{\"@type\":[\"WebPage\",\"ItemPage\"],\"@id\":\"https:\/\/kabinam.lt\/eng\/product\/red-rocket-badge\/\",\"url\":\"https:\/\/kabinam.lt\/eng\/product\/red-rocket-badge\/\",\"name\":\"Raudonas raketos \u017eenkliukas\",\"isPartOf\":{\"@id\":\"https:\/\/kabinam.lt\/#website\"},\"primaryImageOfPage\":{\"@id\":\"https:\/\/kabinam.lt\/eng\/product\/red-rocket-badge\/#primaryimage\"},\"image\":{\"@id\":\"https:\/\/kabinam.lt\/eng\/product\/red-rocket-badge\/#primaryimage\"},\"thumbnailUrl\":\"https:\/\/kabinam.lt\/wp-content\/uploads\/2025\/06\/H34d5c10262ac4edab75e9bd7fd878181T.jpg_220x220q75.jpg_.avif\",\"datePublished\":\"2025-06-08T18:49:57+00:00\",\"dateModified\":\"2026-01-19T00:37:21+00:00\",\"description\":\"Raudonas raketos \u017eenkliukas \u2013 emalinis aksesuaras su kosmine simbolika tavo stiliui ir i\u0161skirtinumui.\",\"breadcrumb\":{\"@id\":\"https:\/\/kabinam.lt\/eng\/product\/red-rocket-badge\/#breadcrumb\"},\"inLanguage\":\"lv-LV\",\"potentialAction\":[{\"@type\":\"ReadAction\",\"target\":[\"https:\/\/kabinam.lt\/eng\/product\/red-rocket-badge\/\"]}]},{\"@type\":\"ImageObject\",\"inLanguage\":\"lv-LV\",\"@id\":\"https:\/\/kabinam.lt\/eng\/product\/red-rocket-badge\/#primaryimage\",\"url\":\"https:\/\/kabinam.lt\/wp-content\/uploads\/2025\/06\/H34d5c10262ac4edab75e9bd7fd878181T.jpg_220x220q75.jpg_.avif\",\"contentUrl\":\"https:\/\/kabinam.lt\/wp-content\/uploads\/2025\/06\/H34d5c10262ac4edab75e9bd7fd878181T.jpg_220x220q75.jpg_.avif\",\"width\":220,\"height\":220,\"caption\":\"Ry\u0161kus emalinis \u017eenkliukas raketos formos dizainu\"},{\"@type\":\"BreadcrumbList\",\"@id\":\"https:\/\/kabinam.lt\/eng\/product\/red-rocket-badge\/#breadcrumb\",\"itemListElement\":[{\"@type\":\"ListItem\",\"position\":1,\"name\":\"Home\",\"item\":\"https:\/\/kabinam.lt\/\"},{\"@type\":\"ListItem\",\"position\":2,\"name\":\"Visi Produktai\",\"item\":\"https:\/\/kabinam.lt\/visi-produktai\/\"},{\"@type\":\"ListItem\",\"position\":3,\"name\":\"Raudonas raketos \u017eenkliukas\"}]},{\"@type\":\"WebSite\",\"@id\":\"https:\/\/kabinam.lt\/#website\",\"url\":\"https:\/\/kabinam.lt\/\",\"name\":\"kabinam.lt\",\"description\":\"Kabinam.lt \u2013 raktu pakabukai ir aksesuarai\",\"publisher\":{\"@id\":\"https:\/\/kabinam.lt\/#organization\"},\"alternateName\":\"pakabukai lt\",\"potentialAction\":[{\"@type\":\"SearchAction\",\"target\":{\"@type\":\"EntryPoint\",\"urlTemplate\":\"https:\/\/kabinam.lt\/?s={search_term_string}\"},\"query-input\":{\"@type\":\"PropertyValueSpecification\",\"valueRequired\":true,\"valueName\":\"search_term_string\"}}],\"inLanguage\":\"lv-LV\"},{\"@type\":\"Organization\",\"@id\":\"https:\/\/kabinam.lt\/#organization\",\"name\":\"kabinam.lt\",\"alternateName\":\"kabinam\",\"url\":\"https:\/\/kabinam.lt\/\",\"logo\":{\"@type\":\"ImageObject\",\"inLanguage\":\"lv-LV\",\"@id\":\"https:\/\/kabinam.lt\/#\/schema\/logo\/image\/\",\"url\":\"https:\/\/kabinam.lt\/wp-content\/uploads\/2025\/05\/KABINAM_outer_glow.png\",\"contentUrl\":\"https:\/\/kabinam.lt\/wp-content\/uploads\/2025\/05\/KABINAM_outer_glow.png\",\"width\":474,\"height\":141,\"caption\":\"kabinam.lt\"},\"image\":{\"@id\":\"https:\/\/kabinam.lt\/#\/schema\/logo\/image\/\"}}]}<\/script>\n<!-- \/ Yoast SEO plugin. -->","yoast_head_json":{"title":"Sarkan\u0101 ra\u0137e\u0161u noz\u012bm\u012bte","description":"Sarkan\u0101 ra\u0137e\u0161u noz\u012bm\u012bte ir emaljas aksesu\u0101rs ar kosmosa simboliem, kas pie\u0161\u0137irs j\u016bsu stilam un izcil\u012bbu.","robots":{"index":"index","follow":"follow","max-snippet":"max-snippet:-1","max-image-preview":"max-image-preview:large","max-video-preview":"max-video-preview:-1"},"canonical":"https:\/\/kabinam.lt\/lv\/produkts\/sarkana-rakesu-nozimite\/","og_locale":"lv_LV","og_type":"article","og_title":"Raudonas raketos \u017eenkliukas","og_description":"Raudonas raketos \u017eenkliukas \u2013 emalinis aksesuaras su kosmine simbolika tavo stiliui ir i\u0161skirtinumui.","og_url":"https:\/\/kabinam.lt\/lv\/produkts\/sarkana-rakesu-nozimite\/","og_site_name":"kabinam.lt","article_modified_time":"2026-01-19T00:37:21+00:00","og_image":[{"width":736,"height":552,"url":"https:\/\/kabinam.lt\/wp-content\/uploads\/2024\/06\/1243ecc030b6aa38b22d50f8e5502672-edited.jpg","type":"image\/jpeg"}],"twitter_card":"summary_large_image","twitter_misc":{"Est. reading time":"3 min\u016btes"},"schema":{"@context":"https:\/\/schema.org","@graph":[{"@type":["WebPage","ItemPage"],"@id":"https:\/\/kabinam.lt\/eng\/product\/red-rocket-badge\/","url":"https:\/\/kabinam.lt\/eng\/product\/red-rocket-badge\/","name":"Sarkan\u0101 ra\u0137e\u0161u noz\u012bm\u012bte","isPartOf":{"@id":"https:\/\/kabinam.lt\/#website"},"primaryImageOfPage":{"@id":"https:\/\/kabinam.lt\/eng\/product\/red-rocket-badge\/#primaryimage"},"image":{"@id":"https:\/\/kabinam.lt\/eng\/product\/red-rocket-badge\/#primaryimage"},"thumbnailUrl":"https:\/\/kabinam.lt\/wp-content\/uploads\/2025\/06\/H34d5c10262ac4edab75e9bd7fd878181T.jpg_220x220q75.jpg_.avif","datePublished":"2025-06-08T18:49:57+00:00","dateModified":"2026-01-19T00:37:21+00:00","description":"Sarkan\u0101 ra\u0137e\u0161u noz\u012bm\u012bte ir emaljas aksesu\u0101rs ar kosmosa simboliem, kas pie\u0161\u0137irs j\u016bsu stilam un izcil\u012bbu.","breadcrumb":{"@id":"https:\/\/kabinam.lt\/eng\/product\/red-rocket-badge\/#breadcrumb"},"inLanguage":"lv-LV","potentialAction":[{"@type":"ReadAction","target":["https:\/\/kabinam.lt\/eng\/product\/red-rocket-badge\/"]}]},{"@type":"ImageObject","inLanguage":"lv-LV","@id":"https:\/\/kabinam.lt\/eng\/product\/red-rocket-badge\/#primaryimage","url":"https:\/\/kabinam.lt\/wp-content\/uploads\/2025\/06\/H34d5c10262ac4edab75e9bd7fd878181T.jpg_220x220q75.jpg_.avif","contentUrl":"https:\/\/kabinam.lt\/wp-content\/uploads\/2025\/06\/H34d5c10262ac4edab75e9bd7fd878181T.jpg_220x220q75.jpg_.avif","width":220,"height":220,"caption":"Ry\u0161kus emalinis \u017eenkliukas raketos formos dizainu"},{"@type":"BreadcrumbList","@id":"https:\/\/kabinam.lt\/eng\/product\/red-rocket-badge\/#breadcrumb","itemListElement":[{"@type":"ListItem","position":1,"name":"Home","item":"https:\/\/kabinam.lt\/"},{"@type":"ListItem","position":2,"name":"Visi Produktai","item":"https:\/\/kabinam.lt\/visi-produktai\/"},{"@type":"ListItem","position":3,"name":"Raudonas raketos \u017eenkliukas"}]},{"@type":"WebSite","@id":"https:\/\/kabinam.lt\/#website","url":"https:\/\/kabinam.lt\/","name":"kabinam.lt","description":"Kabinam.lt - atsl\u0113gu piekari\u0146i un aksesu\u0101ri","publisher":{"@id":"https:\/\/kabinam.lt\/#organization"},"alternateName":"pakabukai lt","potentialAction":[{"@type":"SearchAction","target":{"@type":"EntryPoint","urlTemplate":"https:\/\/kabinam.lt\/?s={search_term_string}"},"query-input":{"@type":"PropertyValueSpecification","valueRequired":true,"valueName":"search_term_string"}}],"inLanguage":"lv-LV"},{"@type":"Organization","@id":"https:\/\/kabinam.lt\/#organization","name":"kabinam.lt","alternateName":"kabinam","url":"https:\/\/kabinam.lt\/","logo":{"@type":"ImageObject","inLanguage":"lv-LV","@id":"https:\/\/kabinam.lt\/#\/schema\/logo\/image\/","url":"https:\/\/kabinam.lt\/wp-content\/uploads\/2025\/05\/KABINAM_outer_glow.png","contentUrl":"https:\/\/kabinam.lt\/wp-content\/uploads\/2025\/05\/KABINAM_outer_glow.png","width":474,"height":141,"caption":"kabinam.lt"},"image":{"@id":"https:\/\/kabinam.lt\/#\/schema\/logo\/image\/"}}]}},"uagb_featured_image_src":{"full":["https:\/\/kabinam.lt\/wp-content\/uploads\/2025\/06\/H34d5c10262ac4edab75e9bd7fd878181T.jpg_220x220q75.jpg_.avif",220,220,false],"thumbnail":["https:\/\/kabinam.lt\/wp-content\/uploads\/2025\/06\/H34d5c10262ac4edab75e9bd7fd878181T.jpg_220x220q75.jpg_-150x150.avif",150,150,true],"medium":["https:\/\/kabinam.lt\/wp-content\/uploads\/2025\/06\/H34d5c10262ac4edab75e9bd7fd878181T.jpg_220x220q75.jpg_.avif",220,220,false],"medium_large":["https:\/\/kabinam.lt\/wp-content\/uploads\/2025\/06\/H34d5c10262ac4edab75e9bd7fd878181T.jpg_220x220q75.jpg_.avif",220,220,false],"large":["https:\/\/kabinam.lt\/wp-content\/uploads\/2025\/06\/H34d5c10262ac4edab75e9bd7fd878181T.jpg_220x220q75.jpg_.avif",220,220,false],"1536x1536":["https:\/\/kabinam.lt\/wp-content\/uploads\/2025\/06\/H34d5c10262ac4edab75e9bd7fd878181T.jpg_220x220q75.jpg_.avif",220,220,false],"2048x2048":["https:\/\/kabinam.lt\/wp-content\/uploads\/2025\/06\/H34d5c10262ac4edab75e9bd7fd878181T.jpg_220x220q75.jpg_.avif",220,220,false],"trp-custom-language-flag":["https:\/\/kabinam.lt\/wp-content\/uploads\/2025\/06\/H34d5c10262ac4edab75e9bd7fd878181T.jpg_220x220q75.jpg_.avif",12,12,false],"woocommerce_thumbnail":["https:\/\/kabinam.lt\/wp-content\/uploads\/2025\/06\/H34d5c10262ac4edab75e9bd7fd878181T.jpg_220x220q75.jpg_.avif",220,220,false],"woocommerce_single":["https:\/\/kabinam.lt\/wp-content\/uploads\/2025\/06\/H34d5c10262ac4edab75e9bd7fd878181T.jpg_220x220q75.jpg_.avif",220,220,false],"woocommerce_gallery_thumbnail":["https:\/\/kabinam.lt\/wp-content\/uploads\/2025\/06\/H34d5c10262ac4edab75e9bd7fd878181T.jpg_220x220q75.jpg_-100x100.avif",100,100,true]},"uagb_author_info":{"display_name":"kabinam.lt","author_link":"https:\/\/kabinam.lt\/lv\/author\/"},"uagb_comment_info":0,"uagb_excerpt":"Spalvingas emalinis raketos formos \u017eenkliukas \u2013 stilingas akcentas tavo drabu\u017eiams ar kuprinei.","_links":{"self":[{"href":"https:\/\/kabinam.lt\/lv\/wp-json\/wp\/v2\/product\/3820","targetHints":{"allow":["GET"]}}],"collection":[{"href":"https:\/\/kabinam.lt\/lv\/wp-json\/wp\/v2\/product"}],"about":[{"href":"https:\/\/kabinam.lt\/lv\/wp-json\/wp\/v2\/types\/product"}],"replies":[{"embeddable":true,"href":"https:\/\/kabinam.lt\/lv\/wp-json\/wp\/v2\/comments?post=3820"}],"wp:featuredmedia":[{"embeddable":true,"href":"https:\/\/kabinam.lt\/lv\/wp-json\/wp\/v2\/media\/3821"}],"wp:attachment":[{"href":"https:\/\/kabinam.lt\/lv\/wp-json\/wp\/v2\/media?parent=3820"}],"wp:term":[{"taxonomy":"product_brand","embeddable":true,"href":"https:\/\/kabinam.lt\/lv\/wp-json\/wp\/v2\/product_brand?post=3820"},{"taxonomy":"product_cat","embeddable":true,"href":"https:\/\/kabinam.lt\/lv\/wp-json\/wp\/v2\/product_cat?post=3820"},{"taxonomy":"product_tag","embeddable":true,"href":"https:\/\/kabinam.lt\/lv\/wp-json\/wp\/v2\/product_tag?post=3820"}],"curies":[{"name":"wp","href":"https:\/\/api.w.org\/{rel}","templated":true}]}}