{"id":3627,"date":"2025-05-24T11:05:46","date_gmt":"2025-05-24T09:05:46","guid":{"rendered":"https:\/\/kabinam.lt\/?post_type=product&#038;p=3627"},"modified":"2026-01-23T03:34:14","modified_gmt":"2026-01-23T01:34:14","slug":"sporta-atslegu-pakabuki-hantelis","status":"publish","type":"product","link":"https:\/\/kabinam.lt\/lv\/product\/sportiniai-raktu-pakabukai-hantelis\/","title":{"rendered":"Sporta atsl\u0113gu piekari\u0146i - Met\u0101la hanteles piekari\u0146\u0161"},"content":{"rendered":"<div class=\"kk-star-ratings kksr-auto kksr-align-left kksr-valign-top\"\n    data-payload='{&quot;align&quot;:&quot;left&quot;,&quot;id&quot;:&quot;3627&quot;,&quot;slug&quot;:&quot;default&quot;,&quot;valign&quot;:&quot;top&quot;,&quot;ignore&quot;:&quot;&quot;,&quot;reference&quot;:&quot;auto&quot;,&quot;class&quot;:&quot;&quot;,&quot;count&quot;:&quot;0&quot;,&quot;legendonly&quot;:&quot;&quot;,&quot;readonly&quot;:&quot;&quot;,&quot;score&quot;:&quot;0&quot;,&quot;starsonly&quot;:&quot;&quot;,&quot;best&quot;:&quot;5&quot;,&quot;gap&quot;:&quot;5&quot;,&quot;greet&quot;:&quot;Mums svarbus j\u016bs\u0173 \u012fvertinimas&quot;,&quot;legend&quot;:&quot;0\\\/5 - (0 votes)&quot;,&quot;size&quot;:&quot;24&quot;,&quot;title&quot;:&quot;Sportiniai rakt\u0173 pakabukai \u2013 Metalinis hantelio formos pakabukas&quot;,&quot;width&quot;:&quot;0&quot;,&quot;_legend&quot;:&quot;{score}\\\/{best} - ({count} {votes})&quot;,&quot;font_factor&quot;:&quot;1.25&quot;}'>\n            \n<div class=\"kksr-stars\">\n    \n<div class=\"kksr-stars-inactive\">\n            <div class=\"kksr-star\" data-star=\"1\" style=\"padding-right: 5px\">\n            \n\n<div class=\"kksr-icon\" style=\"width: 24px; height: 24px;\"><\/div>\n        <\/div>\n            <div class=\"kksr-star\" data-star=\"2\" style=\"padding-right: 5px\">\n            \n\n<div class=\"kksr-icon\" style=\"width: 24px; height: 24px;\"><\/div>\n        <\/div>\n            <div class=\"kksr-star\" data-star=\"3\" style=\"padding-right: 5px\">\n            \n\n<div class=\"kksr-icon\" style=\"width: 24px; height: 24px;\"><\/div>\n        <\/div>\n            <div class=\"kksr-star\" data-star=\"4\" style=\"padding-right: 5px\">\n            \n\n<div class=\"kksr-icon\" style=\"width: 24px; height: 24px;\"><\/div>\n        <\/div>\n            <div class=\"kksr-star\" data-star=\"5\" style=\"padding-right: 5px\">\n            \n\n<div class=\"kksr-icon\" style=\"width: 24px; height: 24px;\"><\/div>\n        <\/div>\n    <\/div>\n    \n<div class=\"kksr-stars-active\" style=\"width: 0px;\">\n            <div class=\"kksr-star\" style=\"padding-right: 5px\">\n            \n\n<div class=\"kksr-icon\" style=\"width: 24px; height: 24px;\"><\/div>\n        <\/div>\n            <div class=\"kksr-star\" style=\"padding-right: 5px\">\n            \n\n<div class=\"kksr-icon\" style=\"width: 24px; height: 24px;\"><\/div>\n        <\/div>\n            <div class=\"kksr-star\" style=\"padding-right: 5px\">\n            \n\n<div class=\"kksr-icon\" style=\"width: 24px; height: 24px;\"><\/div>\n        <\/div>\n            <div class=\"kksr-star\" style=\"padding-right: 5px\">\n            \n\n<div class=\"kksr-icon\" style=\"width: 24px; height: 24px;\"><\/div>\n        <\/div>\n            <div class=\"kksr-star\" style=\"padding-right: 5px\">\n            \n\n<div class=\"kksr-icon\" style=\"width: 24px; height: 24px;\"><\/div>\n        <\/div>\n    <\/div>\n<\/div>\n                \n\n<div class=\"kksr-legend\" style=\"font-size: 19.2px;\">\n            <span class=\"kksr-muted\">Mums ir svar\u012bgs j\u016bsu nov\u0113rt\u0113jums<\/span>\n    <\/div>\n    <\/div>\n<h2 data-start=\"204\" data-end=\"291\">Sporta atsl\u0113gu piekari\u0146i - Met\u0101la hante\u013cu piekari\u0146\u0161 sporta entuziastiem<\/h2>\n<p data-start=\"293\" data-end=\"639\">Mekl\u0113jat unik\u0101lu aksesu\u0101ru, kas atspogu\u013co j\u016bsu aizrau\u0161anos ar sportu? <strong data-start=\"365\" data-end=\"395\">Sporta atsl\u0113gu piekari\u0146i<\/strong> - ir ide\u0101la izv\u0113le cilv\u0113kiem, kas nov\u0113rt\u0113 ne tikai funkcionalit\u0101ti, bet ar\u012b sava dz\u012bvesveida atspogu\u013cojumu ikdienas deta\u013c\u0101s. \u0160is met\u0101lisks sudraba piekari\u0146\u0161, kas atveido hanteles formu, uzreiz piesaista uzman\u012bbu un izce\u013cas no p\u0101r\u0113jiem.<\/p>\n<hr data-start=\"641\" data-end=\"644\" \/>\n<h3 data-start=\"646\" data-end=\"688\">Iztur\u012bgs dizains sportiskam izskatam<\/h3>\n<p data-start=\"690\" data-end=\"1043\">Piekari\u0146\u0161 ir izgatavots no augstas kvalit\u0101tes met\u0101la, t\u0101p\u0113c laika gait\u0101 tas saglab\u0101 savu iztur\u012bbu un elast\u012bbu. T\u0101 virsma ir p\u0101rkl\u0101ta ar sp\u012bd\u012bgu sudraba p\u0101rkl\u0101jumu, kas ne tikai izskat\u0101s est\u0113tiski, bet ar\u012b pie\u0161\u0137ir tai papildu iztur\u012bbu. Hanteles re\u0101listiskais dizains ir ide\u0101li piem\u0113rots sporta entuziastiem, treneriem vai cilv\u0113kiem, kuri vienk\u0101r\u0161i nov\u0113rt\u0113 akt\u012bvu dz\u012bvesveidu.<\/p>\n<hr data-start=\"1045\" data-end=\"1048\" \/>\n<h3 data-start=\"1050\" data-end=\"1090\">Praktisks un ekskluz\u012bvs aksesu\u0101rs<\/h3>\n<p data-start=\"1092\" data-end=\"1319\"><strong data-start=\"1093\" data-end=\"1123\">Sporta atsl\u0113gu piekari\u0146i<\/strong> lieliski noder ne tikai k\u0101 atsl\u0113gu tur\u0113t\u0101js, bet ar\u012b k\u0101 stila deta\u013ca. Piestipriniet to pie sporta somas, mugursomas vai automa\u0161\u012bnas atsl\u0113g\u0101m, un tas vienm\u0113r izskat\u012bsies unik\u0101li.<\/p>\n<hr data-start=\"1321\" data-end=\"1324\" \/>\n<h3 data-start=\"1326\" data-end=\"1365\">Lieliska d\u0101vin\u0101juma ideja sporta faniem<\/h3>\n<p data-start=\"1367\" data-end=\"1414\">\u0160\u012b atsl\u0113gu piekari\u0146\u0161 ir lieliska d\u0101vin\u0101juma ideja:<\/p>\n<ul data-start=\"1416\" data-end=\"1617\">\n<li data-start=\"1416\" data-end=\"1450\">\n<p data-start=\"1418\" data-end=\"1450\">Sporta z\u0101les lietot\u0101jiem<\/p>\n<\/li>\n<li data-start=\"1451\" data-end=\"1499\">\n<p data-start=\"1453\" data-end=\"1499\">Fitnesa treneriem vai person\u012bgajiem treneriem<\/p>\n<\/li>\n<li data-start=\"1500\" data-end=\"1524\">\n<p data-start=\"1502\" data-end=\"1524\">Sporta kluba biedriem<\/p>\n<\/li>\n<li data-start=\"1525\" data-end=\"1568\">\n<p data-start=\"1527\" data-end=\"1568\">V\u012brie\u0161iem vai sieviet\u0113m, kam pat\u012bk sports<\/p>\n<\/li>\n<li data-start=\"1569\" data-end=\"1617\">\n<p data-start=\"1571\" data-end=\"1617\">K\u0101 simbolisks suven\u012brs sporta pas\u0101kumos.<\/p>\n<\/li>\n<\/ul>\n<p data-start=\"1619\" data-end=\"1736\">T\u0101 daudzpus\u012bba padara \u0161o piekari\u0146u piem\u0113rotu gan person\u012bg\u0101m d\u0101van\u0101m, gan k\u0101 sporta tematikas korporat\u012bvu suven\u012bru.<\/p>\n<hr data-start=\"1738\" data-end=\"1741\" \/>\n<h3 data-start=\"1743\" data-end=\"1776\">Izteiksm\u012bgs stila akcents<\/h3>\n<p data-start=\"1778\" data-end=\"2032\">Piekari\u0146\u0161 ir viegli piel\u0101gojams visda\u017e\u0101d\u0101kajiem stiliem - no ikdienas l\u012bdz sportiskam. Tas ir neliels, bet dai\u013crun\u012bgs simbols, kas simboliz\u0113 cilv\u0113ka piev\u0113r\u0161anos sportam. Ja mekl\u0113jat smalku veidu, k\u0101 paust savu va\u013casprieku, \u0161is aksesu\u0101rs ir piem\u0113rots tie\u0161i jums.<\/p>","protected":false},"excerpt":{"rendered":"<p>Met\u0101la atsl\u0113gu piekari\u0146\u0161, kas atveido hanteles formu. Ide\u0101la izv\u0113le sporta entuziastiem, kas mekl\u0113 unik\u0101lu aksesu\u0101ru vai d\u0101vanu.<\/p>","protected":false},"featured_media":3628,"comment_status":"closed","ping_status":"closed","template":"","meta":{"_uag_custom_page_level_css":"","site-sidebar-layout":"default","site-content-layout":"","ast-site-content-layout":"default","site-content-style":"default","site-sidebar-style":"default","ast-global-header-display":"","ast-banner-title-visibility":"","ast-main-header-display":"","ast-hfb-above-header-display":"","ast-hfb-below-header-display":"","ast-hfb-mobile-header-display":"","site-post-title":"","ast-breadcrumbs-content":"","ast-featured-img":"","footer-sml-layout":"","ast-disable-related-posts":"","theme-transparent-header-meta":"default","adv-header-id-meta":"","stick-header-meta":"","header-above-stick-meta":"","header-main-stick-meta":"","header-below-stick-meta":"","astra-migrate-meta-layouts":"set","ast-page-background-enabled":"default","ast-page-background-meta":{"desktop":{"background-color":"var(--ast-global-color-4)","background-image":"","background-repeat":"repeat","background-position":"center center","background-size":"auto","background-attachment":"scroll","background-type":"","background-media":"","overlay-type":"","overlay-color":"","overlay-opacity":"","overlay-gradient":""},"tablet":{"background-color":"","background-image":"","background-repeat":"repeat","background-position":"center center","background-size":"auto","background-attachment":"scroll","background-type":"","background-media":"","overlay-type":"","overlay-color":"","overlay-opacity":"","overlay-gradient":""},"mobile":{"background-color":"","background-image":"","background-repeat":"repeat","background-position":"center center","background-size":"auto","background-attachment":"scroll","background-type":"","background-media":"","overlay-type":"","overlay-color":"","overlay-opacity":"","overlay-gradient":""}},"ast-content-background-meta":{"desktop":{"background-color":"var(--ast-global-color-5)","background-image":"","background-repeat":"repeat","background-position":"center center","background-size":"auto","background-attachment":"scroll","background-type":"","background-media":"","overlay-type":"","overlay-color":"","overlay-opacity":"","overlay-gradient":""},"tablet":{"background-color":"var(--ast-global-color-5)","background-image":"","background-repeat":"repeat","background-position":"center center","background-size":"auto","background-attachment":"scroll","background-type":"","background-media":"","overlay-type":"","overlay-color":"","overlay-opacity":"","overlay-gradient":""},"mobile":{"background-color":"var(--ast-global-color-5)","background-image":"","background-repeat":"repeat","background-position":"center center","background-size":"auto","background-attachment":"scroll","background-type":"","background-media":"","overlay-type":"","overlay-color":"","overlay-opacity":"","overlay-gradient":""}}},"product_brand":[],"product_cat":[125,126,116,95,118,92],"product_tag":[],"class_list":{"0":"post-3627","1":"product","2":"type-product","3":"status-publish","4":"has-post-thumbnail","6":"product_cat-halloween","7":"product_cat-visi","8":"product_cat-metaliniai-raktu-pakabukai","9":"product_cat-unikalus-raktu-pakabukai","10":"product_cat-dovana-teciui","11":"product_cat-populiariausiu-produktu-kategorija","12":"desktop-align-center","13":"tablet-align-left","14":"mobile-align-left","16":"first","17":"instock","18":"shipping-taxable","19":"purchasable","20":"product-type-simple"},"yoast_head":"<!-- This site is optimized with the Yoast SEO plugin v27.1.1 - https:\/\/yoast.com\/product\/yoast-seo-wordpress\/ -->\n<title>Sportiniai rakt\u0173 pakabukai \u2013 Metalinis hantelio formos pakabukas - kabinam.lt<\/title>\n<meta name=\"description\" content=\"Sportiniai rakt\u0173 pakabukai \u2013 i\u0161skirtinis sidabrinis hantelio formos pakabukas sporto m\u0117g\u0117jams ir aktyvaus gyvenimo b\u016bdo \u0161alininkams.\" \/>\n<meta name=\"robots\" content=\"index, follow, max-snippet:-1, max-image-preview:large, max-video-preview:-1\" \/>\n<link rel=\"canonical\" href=\"https:\/\/kabinam.lt\/lv\/produkts\/sporta-atslegu-pakabuki-hantelis\/\" \/>\n<meta property=\"og:locale\" content=\"lv_LV\" \/>\n<meta property=\"og:type\" content=\"article\" \/>\n<meta property=\"og:title\" content=\"Sportiniai rakt\u0173 pakabukai \u2013 Metalinis hantelio formos pakabukas - kabinam.lt\" \/>\n<meta property=\"og:description\" content=\"Sportiniai rakt\u0173 pakabukai \u2013 i\u0161skirtinis sidabrinis hantelio formos pakabukas sporto m\u0117g\u0117jams ir aktyvaus gyvenimo b\u016bdo \u0161alininkams.\" \/>\n<meta property=\"og:url\" content=\"https:\/\/kabinam.lt\/lv\/produkts\/sporta-atslegu-pakabuki-hantelis\/\" \/>\n<meta property=\"og:site_name\" content=\"kabinam.lt\" \/>\n<meta property=\"article:modified_time\" content=\"2026-01-23T01:34:14+00:00\" \/>\n<meta property=\"og:image\" content=\"https:\/\/kabinam.lt\/wp-content\/uploads\/2025\/05\/d92de77d-de5d-4cdc-aebc-ceac1702ba02.jpg\" \/>\n\t<meta property=\"og:image:width\" content=\"1279\" \/>\n\t<meta property=\"og:image:height\" content=\"1279\" \/>\n\t<meta property=\"og:image:type\" content=\"image\/jpeg\" \/>\n<meta name=\"twitter:card\" content=\"summary_large_image\" \/>\n<meta name=\"twitter:label1\" content=\"Est. reading time\" \/>\n\t<meta name=\"twitter:data1\" content=\"2 min\u016btes\" \/>\n<script type=\"application\/ld+json\" class=\"yoast-schema-graph\">{\"@context\":\"https:\/\/schema.org\",\"@graph\":[{\"@type\":[\"WebPage\",\"ItemPage\"],\"@id\":\"https:\/\/kabinam.lt\/eng\/product\/sportiniai-raktu-pakabukai-hantelis\/\",\"url\":\"https:\/\/kabinam.lt\/eng\/product\/sportiniai-raktu-pakabukai-hantelis\/\",\"name\":\"Sportiniai rakt\u0173 pakabukai \u2013 Metalinis hantelio formos pakabukas - kabinam.lt\",\"isPartOf\":{\"@id\":\"https:\/\/kabinam.lt\/#website\"},\"primaryImageOfPage\":{\"@id\":\"https:\/\/kabinam.lt\/eng\/product\/sportiniai-raktu-pakabukai-hantelis\/#primaryimage\"},\"image\":{\"@id\":\"https:\/\/kabinam.lt\/eng\/product\/sportiniai-raktu-pakabukai-hantelis\/#primaryimage\"},\"thumbnailUrl\":\"https:\/\/kabinam.lt\/wp-content\/uploads\/2025\/05\/d92de77d-de5d-4cdc-aebc-ceac1702ba02.jpg\",\"datePublished\":\"2025-05-24T09:05:46+00:00\",\"dateModified\":\"2026-01-23T01:34:14+00:00\",\"description\":\"Sportiniai rakt\u0173 pakabukai \u2013 i\u0161skirtinis sidabrinis hantelio formos pakabukas sporto m\u0117g\u0117jams ir aktyvaus gyvenimo b\u016bdo \u0161alininkams.\",\"breadcrumb\":{\"@id\":\"https:\/\/kabinam.lt\/eng\/product\/sportiniai-raktu-pakabukai-hantelis\/#breadcrumb\"},\"inLanguage\":\"lv-LV\",\"potentialAction\":[{\"@type\":\"ReadAction\",\"target\":[\"https:\/\/kabinam.lt\/eng\/product\/sportiniai-raktu-pakabukai-hantelis\/\"]}]},{\"@type\":\"ImageObject\",\"inLanguage\":\"lv-LV\",\"@id\":\"https:\/\/kabinam.lt\/eng\/product\/sportiniai-raktu-pakabukai-hantelis\/#primaryimage\",\"url\":\"https:\/\/kabinam.lt\/wp-content\/uploads\/2025\/05\/d92de77d-de5d-4cdc-aebc-ceac1702ba02.jpg\",\"contentUrl\":\"https:\/\/kabinam.lt\/wp-content\/uploads\/2025\/05\/d92de77d-de5d-4cdc-aebc-ceac1702ba02.jpg\",\"width\":1279,\"height\":1279,\"caption\":\"Sidabrinis hantelio formos rakt\u0173 pakabukas sporto m\u0117g\u0117jams\"},{\"@type\":\"BreadcrumbList\",\"@id\":\"https:\/\/kabinam.lt\/eng\/product\/sportiniai-raktu-pakabukai-hantelis\/#breadcrumb\",\"itemListElement\":[{\"@type\":\"ListItem\",\"position\":1,\"name\":\"Home\",\"item\":\"https:\/\/kabinam.lt\/\"},{\"@type\":\"ListItem\",\"position\":2,\"name\":\"Visi Produktai\",\"item\":\"https:\/\/kabinam.lt\/visi-produktai\/\"},{\"@type\":\"ListItem\",\"position\":3,\"name\":\"Sportiniai rakt\u0173 pakabukai \u2013 Metalinis hantelio formos pakabukas\"}]},{\"@type\":\"WebSite\",\"@id\":\"https:\/\/kabinam.lt\/#website\",\"url\":\"https:\/\/kabinam.lt\/\",\"name\":\"kabinam.lt\",\"description\":\"Kabinam.lt \u2013 raktu pakabukai ir aksesuarai\",\"publisher\":{\"@id\":\"https:\/\/kabinam.lt\/#organization\"},\"alternateName\":\"pakabukai lt\",\"potentialAction\":[{\"@type\":\"SearchAction\",\"target\":{\"@type\":\"EntryPoint\",\"urlTemplate\":\"https:\/\/kabinam.lt\/?s={search_term_string}\"},\"query-input\":{\"@type\":\"PropertyValueSpecification\",\"valueRequired\":true,\"valueName\":\"search_term_string\"}}],\"inLanguage\":\"lv-LV\"},{\"@type\":\"Organization\",\"@id\":\"https:\/\/kabinam.lt\/#organization\",\"name\":\"kabinam.lt\",\"alternateName\":\"kabinam\",\"url\":\"https:\/\/kabinam.lt\/\",\"logo\":{\"@type\":\"ImageObject\",\"inLanguage\":\"lv-LV\",\"@id\":\"https:\/\/kabinam.lt\/#\/schema\/logo\/image\/\",\"url\":\"https:\/\/kabinam.lt\/wp-content\/uploads\/2025\/05\/KABINAM_outer_glow.png\",\"contentUrl\":\"https:\/\/kabinam.lt\/wp-content\/uploads\/2025\/05\/KABINAM_outer_glow.png\",\"width\":474,\"height\":141,\"caption\":\"kabinam.lt\"},\"image\":{\"@id\":\"https:\/\/kabinam.lt\/#\/schema\/logo\/image\/\"}}]}<\/script>\n<!-- \/ Yoast SEO plugin. -->","yoast_head_json":{"title":"Sporta atsl\u0113gu pakabuki \u2013 Met\u0101la hante\u013ca formas pakabuks - kabinam.lt","description":"Sporta atsl\u0113gas pakabuki \u2013 izcils sudraba hantela formas pakabuks sporta cien\u012bt\u0101jiem un akt\u012bvas dz\u012bvesveida piekrit\u0113jiem.","robots":{"index":"index","follow":"follow","max-snippet":"max-snippet:-1","max-image-preview":"max-image-preview:large","max-video-preview":"max-video-preview:-1"},"canonical":"https:\/\/kabinam.lt\/lv\/produkts\/sporta-atslegu-pakabuki-hantelis\/","og_locale":"lv_LV","og_type":"article","og_title":"Sportiniai rakt\u0173 pakabukai \u2013 Metalinis hantelio formos pakabukas - kabinam.lt","og_description":"Sportiniai rakt\u0173 pakabukai \u2013 i\u0161skirtinis sidabrinis hantelio formos pakabukas sporto m\u0117g\u0117jams ir aktyvaus gyvenimo b\u016bdo \u0161alininkams.","og_url":"https:\/\/kabinam.lt\/lv\/produkts\/sporta-atslegu-pakabuki-hantelis\/","og_site_name":"kabinam.lt","article_modified_time":"2026-01-23T01:34:14+00:00","og_image":[{"width":1279,"height":1279,"url":"https:\/\/kabinam.lt\/wp-content\/uploads\/2025\/05\/d92de77d-de5d-4cdc-aebc-ceac1702ba02.jpg","type":"image\/jpeg"}],"twitter_card":"summary_large_image","twitter_misc":{"Est. reading time":"2 min\u016btes"},"schema":{"@context":"https:\/\/schema.org","@graph":[{"@type":["WebPage","ItemPage"],"@id":"https:\/\/kabinam.lt\/eng\/product\/sportiniai-raktu-pakabukai-hantelis\/","url":"https:\/\/kabinam.lt\/eng\/product\/sportiniai-raktu-pakabukai-hantelis\/","name":"Sporta atsl\u0113gu pakabuki \u2013 Met\u0101la hante\u013ca formas pakabuks - kabinam.lt","isPartOf":{"@id":"https:\/\/kabinam.lt\/#website"},"primaryImageOfPage":{"@id":"https:\/\/kabinam.lt\/eng\/product\/sportiniai-raktu-pakabukai-hantelis\/#primaryimage"},"image":{"@id":"https:\/\/kabinam.lt\/eng\/product\/sportiniai-raktu-pakabukai-hantelis\/#primaryimage"},"thumbnailUrl":"https:\/\/kabinam.lt\/wp-content\/uploads\/2025\/05\/d92de77d-de5d-4cdc-aebc-ceac1702ba02.jpg","datePublished":"2025-05-24T09:05:46+00:00","dateModified":"2026-01-23T01:34:14+00:00","description":"Sporta atsl\u0113gas pakabuki \u2013 izcils sudraba hantela formas pakabuks sporta cien\u012bt\u0101jiem un akt\u012bvas dz\u012bvesveida piekrit\u0113jiem.","breadcrumb":{"@id":"https:\/\/kabinam.lt\/eng\/product\/sportiniai-raktu-pakabukai-hantelis\/#breadcrumb"},"inLanguage":"lv-LV","potentialAction":[{"@type":"ReadAction","target":["https:\/\/kabinam.lt\/eng\/product\/sportiniai-raktu-pakabukai-hantelis\/"]}]},{"@type":"ImageObject","inLanguage":"lv-LV","@id":"https:\/\/kabinam.lt\/eng\/product\/sportiniai-raktu-pakabukai-hantelis\/#primaryimage","url":"https:\/\/kabinam.lt\/wp-content\/uploads\/2025\/05\/d92de77d-de5d-4cdc-aebc-ceac1702ba02.jpg","contentUrl":"https:\/\/kabinam.lt\/wp-content\/uploads\/2025\/05\/d92de77d-de5d-4cdc-aebc-ceac1702ba02.jpg","width":1279,"height":1279,"caption":"Sidabrinis hantelio formos rakt\u0173 pakabukas sporto m\u0117g\u0117jams"},{"@type":"BreadcrumbList","@id":"https:\/\/kabinam.lt\/eng\/product\/sportiniai-raktu-pakabukai-hantelis\/#breadcrumb","itemListElement":[{"@type":"ListItem","position":1,"name":"Home","item":"https:\/\/kabinam.lt\/"},{"@type":"ListItem","position":2,"name":"Visi Produktai","item":"https:\/\/kabinam.lt\/visi-produktai\/"},{"@type":"ListItem","position":3,"name":"Sportiniai rakt\u0173 pakabukai \u2013 Metalinis hantelio formos pakabukas"}]},{"@type":"WebSite","@id":"https:\/\/kabinam.lt\/#website","url":"https:\/\/kabinam.lt\/","name":"kabinam.lt","description":"Kabinam.lt - atsl\u0113gu piekari\u0146i un aksesu\u0101ri","publisher":{"@id":"https:\/\/kabinam.lt\/#organization"},"alternateName":"pakabukai lt","potentialAction":[{"@type":"SearchAction","target":{"@type":"EntryPoint","urlTemplate":"https:\/\/kabinam.lt\/?s={search_term_string}"},"query-input":{"@type":"PropertyValueSpecification","valueRequired":true,"valueName":"search_term_string"}}],"inLanguage":"lv-LV"},{"@type":"Organization","@id":"https:\/\/kabinam.lt\/#organization","name":"kabinam.lt","alternateName":"kabinam","url":"https:\/\/kabinam.lt\/","logo":{"@type":"ImageObject","inLanguage":"lv-LV","@id":"https:\/\/kabinam.lt\/#\/schema\/logo\/image\/","url":"https:\/\/kabinam.lt\/wp-content\/uploads\/2025\/05\/KABINAM_outer_glow.png","contentUrl":"https:\/\/kabinam.lt\/wp-content\/uploads\/2025\/05\/KABINAM_outer_glow.png","width":474,"height":141,"caption":"kabinam.lt"},"image":{"@id":"https:\/\/kabinam.lt\/#\/schema\/logo\/image\/"}}]}},"uagb_featured_image_src":{"full":["https:\/\/kabinam.lt\/wp-content\/uploads\/2025\/05\/d92de77d-de5d-4cdc-aebc-ceac1702ba02.jpg",1279,1279,false],"thumbnail":["https:\/\/kabinam.lt\/wp-content\/uploads\/2025\/05\/d92de77d-de5d-4cdc-aebc-ceac1702ba02-150x150.jpg",150,150,true],"medium":["https:\/\/kabinam.lt\/wp-content\/uploads\/2025\/05\/d92de77d-de5d-4cdc-aebc-ceac1702ba02-300x300.jpg",300,300,true],"medium_large":["https:\/\/kabinam.lt\/wp-content\/uploads\/2025\/05\/d92de77d-de5d-4cdc-aebc-ceac1702ba02-768x768.jpg",768,768,true],"large":["https:\/\/kabinam.lt\/wp-content\/uploads\/2025\/05\/d92de77d-de5d-4cdc-aebc-ceac1702ba02-1024x1024.jpg",1024,1024,true],"1536x1536":["https:\/\/kabinam.lt\/wp-content\/uploads\/2025\/05\/d92de77d-de5d-4cdc-aebc-ceac1702ba02.jpg",1279,1279,false],"2048x2048":["https:\/\/kabinam.lt\/wp-content\/uploads\/2025\/05\/d92de77d-de5d-4cdc-aebc-ceac1702ba02.jpg",1279,1279,false],"trp-custom-language-flag":["https:\/\/kabinam.lt\/wp-content\/uploads\/2025\/05\/d92de77d-de5d-4cdc-aebc-ceac1702ba02.jpg",12,12,false],"woocommerce_thumbnail":["https:\/\/kabinam.lt\/wp-content\/uploads\/2025\/05\/d92de77d-de5d-4cdc-aebc-ceac1702ba02-300x300.jpg",300,300,true],"woocommerce_single":["https:\/\/kabinam.lt\/wp-content\/uploads\/2025\/05\/d92de77d-de5d-4cdc-aebc-ceac1702ba02-600x600.jpg",600,600,true],"woocommerce_gallery_thumbnail":["https:\/\/kabinam.lt\/wp-content\/uploads\/2025\/05\/d92de77d-de5d-4cdc-aebc-ceac1702ba02-100x100.jpg",100,100,true]},"uagb_author_info":{"display_name":"kabinam.lt","author_link":"https:\/\/kabinam.lt\/lv\/author\/"},"uagb_comment_info":0,"uagb_excerpt":"Metalinis rakt\u0173 pakabukas, atkuriantis hantelio form\u0105. Puikus pasirinkimas sporto entuziastams, ie\u0161kantiems i\u0161skirtinio aksesuaro ar dovanos.","_links":{"self":[{"href":"https:\/\/kabinam.lt\/lv\/wp-json\/wp\/v2\/product\/3627","targetHints":{"allow":["GET"]}}],"collection":[{"href":"https:\/\/kabinam.lt\/lv\/wp-json\/wp\/v2\/product"}],"about":[{"href":"https:\/\/kabinam.lt\/lv\/wp-json\/wp\/v2\/types\/product"}],"replies":[{"embeddable":true,"href":"https:\/\/kabinam.lt\/lv\/wp-json\/wp\/v2\/comments?post=3627"}],"wp:featuredmedia":[{"embeddable":true,"href":"https:\/\/kabinam.lt\/lv\/wp-json\/wp\/v2\/media\/3628"}],"wp:attachment":[{"href":"https:\/\/kabinam.lt\/lv\/wp-json\/wp\/v2\/media?parent=3627"}],"wp:term":[{"taxonomy":"product_brand","embeddable":true,"href":"https:\/\/kabinam.lt\/lv\/wp-json\/wp\/v2\/product_brand?post=3627"},{"taxonomy":"product_cat","embeddable":true,"href":"https:\/\/kabinam.lt\/lv\/wp-json\/wp\/v2\/product_cat?post=3627"},{"taxonomy":"product_tag","embeddable":true,"href":"https:\/\/kabinam.lt\/lv\/wp-json\/wp\/v2\/product_tag?post=3627"}],"curies":[{"name":"wp","href":"https:\/\/api.w.org\/{rel}","templated":true}]}}