{"id":3441,"date":"2025-04-17T21:20:04","date_gmt":"2025-04-17T19:20:04","guid":{"rendered":"https:\/\/kabinam.lt\/?post_type=product&#038;p=3441"},"modified":"2026-01-03T18:47:23","modified_gmt":"2026-01-03T16:47:23","slug":"atslegu-gredzens-drosibas-atslega","status":"publish","type":"product","link":"https:\/\/kabinam.lt\/lv\/product\/raktu-pakabukas-drive-safe\/","title":{"rendered":"Drive Safe atsl\u0113gu piekari\u0146\u0161 - lieliska izv\u0113le p\u0101riem"},"content":{"rendered":"<div class=\"kk-star-ratings kksr-auto kksr-align-left kksr-valign-top\"\n    data-payload='{&quot;align&quot;:&quot;left&quot;,&quot;id&quot;:&quot;3441&quot;,&quot;slug&quot;:&quot;default&quot;,&quot;valign&quot;:&quot;top&quot;,&quot;ignore&quot;:&quot;&quot;,&quot;reference&quot;:&quot;auto&quot;,&quot;class&quot;:&quot;&quot;,&quot;count&quot;:&quot;0&quot;,&quot;legendonly&quot;:&quot;&quot;,&quot;readonly&quot;:&quot;&quot;,&quot;score&quot;:&quot;0&quot;,&quot;starsonly&quot;:&quot;&quot;,&quot;best&quot;:&quot;5&quot;,&quot;gap&quot;:&quot;5&quot;,&quot;greet&quot;:&quot;Mums svarbus j\u016bs\u0173 \u012fvertinimas&quot;,&quot;legend&quot;:&quot;0\\\/5 - (0 votes)&quot;,&quot;size&quot;:&quot;24&quot;,&quot;title&quot;:&quot;Rakt\u0173 pakabukas Drive Safe \u2013 i\u0161skirtinis pasirinkimas poroms&quot;,&quot;width&quot;:&quot;0&quot;,&quot;_legend&quot;:&quot;{score}\\\/{best} - ({count} {votes})&quot;,&quot;font_factor&quot;:&quot;1.25&quot;}'>\n            \n<div class=\"kksr-stars\">\n    \n<div class=\"kksr-stars-inactive\">\n            <div class=\"kksr-star\" data-star=\"1\" style=\"padding-right: 5px\">\n            \n\n<div class=\"kksr-icon\" style=\"width: 24px; height: 24px;\"><\/div>\n        <\/div>\n            <div class=\"kksr-star\" data-star=\"2\" style=\"padding-right: 5px\">\n            \n\n<div class=\"kksr-icon\" style=\"width: 24px; height: 24px;\"><\/div>\n        <\/div>\n            <div class=\"kksr-star\" data-star=\"3\" style=\"padding-right: 5px\">\n            \n\n<div class=\"kksr-icon\" style=\"width: 24px; height: 24px;\"><\/div>\n        <\/div>\n            <div class=\"kksr-star\" data-star=\"4\" style=\"padding-right: 5px\">\n            \n\n<div class=\"kksr-icon\" style=\"width: 24px; height: 24px;\"><\/div>\n        <\/div>\n            <div class=\"kksr-star\" data-star=\"5\" style=\"padding-right: 5px\">\n            \n\n<div class=\"kksr-icon\" style=\"width: 24px; height: 24px;\"><\/div>\n        <\/div>\n    <\/div>\n    \n<div class=\"kksr-stars-active\" style=\"width: 0px;\">\n            <div class=\"kksr-star\" style=\"padding-right: 5px\">\n            \n\n<div class=\"kksr-icon\" style=\"width: 24px; height: 24px;\"><\/div>\n        <\/div>\n            <div class=\"kksr-star\" style=\"padding-right: 5px\">\n            \n\n<div class=\"kksr-icon\" style=\"width: 24px; height: 24px;\"><\/div>\n        <\/div>\n            <div class=\"kksr-star\" style=\"padding-right: 5px\">\n            \n\n<div class=\"kksr-icon\" style=\"width: 24px; height: 24px;\"><\/div>\n        <\/div>\n            <div class=\"kksr-star\" style=\"padding-right: 5px\">\n            \n\n<div class=\"kksr-icon\" style=\"width: 24px; height: 24px;\"><\/div>\n        <\/div>\n            <div class=\"kksr-star\" style=\"padding-right: 5px\">\n            \n\n<div class=\"kksr-icon\" style=\"width: 24px; height: 24px;\"><\/div>\n        <\/div>\n    <\/div>\n<\/div>\n                \n\n<div class=\"kksr-legend\" style=\"font-size: 19.2px;\">\n            <span class=\"kksr-muted\">Mums ir svar\u012bgs j\u016bsu nov\u0113rt\u0113jums<\/span>\n    <\/div>\n    <\/div>\n<h4 class=\"\" data-start=\"518\" data-end=\"569\">K\u0101p\u0113c izv\u0113l\u0113ties Drive Safe atsl\u0113gu piekari\u0146u?<\/h4>\n<p class=\"\" data-start=\"571\" data-end=\"929\"><strong data-start=\"571\" data-end=\"601\">Drive Safe atsl\u0113gas pults<\/strong> - Tas nav tikai aksesu\u0101rs, tas ir v\u0113st\u012bjums, ko nesat katru dienu. T\u0101 aspr\u0101t\u012bgais, bet vienlaikus j\u0113gpilnais uzraksts <em data-start=\"705\" data-end=\"750\">\u201eBrauciet dro\u0161i - neviens cits mani neciet\u012bs\u201c<\/em> patiks tiem, kas nov\u0113rt\u0113 humora izj\u016btu, bet ar\u012b r\u016bp\u0113jas par saviem m\u012b\u013cajiem. T\u0101 ir \u012bpa\u0161i popul\u0101ra izv\u0113le p\u0101ru vid\u016b k\u0101 simboliska d\u0101vana otrajai pus\u012btei vai labam draugam.<\/p>\n<p class=\"\" data-start=\"931\" data-end=\"1107\">\u0160is atsl\u0113gu piekari\u0146\u0161 ir ide\u0101li piem\u0113rots ne tikai motocikla vai automa\u0161\u012bnas atsl\u0113g\u0101m, bet ar\u012b j\u016bsu mugursomai, koferim vai pat sporta somai. T\u0101 minim\u0101lisma stils ir piem\u0113rots gan v\u012brie\u0161iem, gan sieviet\u0113m.<\/p>\n<hr class=\"\" data-start=\"1109\" data-end=\"1112\" \/>\n<h4 class=\"\" data-start=\"1114\" data-end=\"1156\">Praktisks un emocion\u0101ls vien\u0101<\/h4>\n<p class=\"\" data-start=\"1158\" data-end=\"1570\">\u0160is tips <strong data-start=\"1167\" data-end=\"1193\">atsl\u0113gu piekari\u0146\u0161 diskdzi\u0146\u0161 dro\u0161s p\u0101riem<\/strong> k\u013c\u016bst arvien popul\u0101r\u0101ki. T\u0101 ir k\u0101 maza, bet noz\u012bm\u012bga ikdienas d\u0101vana, kas past\u0101v\u012bgi atg\u0101dina par r\u016bp\u0113m. \u0160\u0101di aksesu\u0101ri k\u013c\u016bst par neat\u0146emamu attiec\u012bbu simbolu. K\u0101 teikts <a target=\"_new\" rel=\"noopener\" data-start=\"1370\" data-end=\"1514\">Psychology Today raksts par simbolisk\u0101m d\u0101van\u0101m<\/a>, priek\u0161meti ar emocion\u0101lu v\u0113st\u012bjumu stiprina saikni starp cilv\u0113kiem.<\/p>\n<hr class=\"\" data-start=\"1572\" data-end=\"1575\" \/>\n<h4 class=\"\" data-start=\"1577\" data-end=\"1604\">Kvalit\u0101te, kas ne\u013cauj vilties<\/h4>\n<p class=\"\" data-start=\"1606\" data-end=\"1911\">\u0160is kulons ir izgatavots no iztur\u012bga iz\u0161\u016bta poliestera, t\u0101p\u0113c ir iztur\u012bgs un piem\u0113rots ikdienas lieto\u0161anai. Tas ir nodilumiztur\u012bgs, viegls, un uzraksts saglab\u0101jas spilgts pat p\u0113c ilgas valk\u0101\u0161anas. Tas ir ar\u012b lieliski piem\u0113rots motociklu entuziastiem vai brauc\u0113jiem, kuri nov\u0113rt\u0113 gan stilu, gan funkcionalit\u0101ti.<\/p>\n<hr class=\"\" data-start=\"1913\" data-end=\"1916\" \/>\n<h4 class=\"\" data-start=\"1918\" data-end=\"1952\">Vair\u0101k atsl\u0113gu piekari\u0146i p\u0101riem<\/h4>\n<p class=\"\" data-start=\"1954\" data-end=\"2219\">Vai mekl\u0113jat v\u0113l ekskluz\u012bv\u0101kas iesp\u0113jas? Apskatiet m\u016bsu <a target=\"_new\" rel=\"noopener\" data-start=\"2008\" data-end=\"2108\">motociklu atsl\u0113gu piekari\u0146u kolekcija<\/a> vai apskat\u012bt <a target=\"_new\" rel=\"noopener\" data-start=\"2123\" data-end=\"2181\">visi m\u016bsu kuloni<\/a> - noteikti atrad\u012bsiet sev piem\u0113rot\u0101ko.<\/p>","protected":false},"excerpt":{"rendered":"<p>Atsl\u0113gu piekari\u0146\u0161 ar iz\u0161\u016btu uzrakstu \"Drive Safe\" ir funkcion\u0101ls aksesu\u0101rs ar aspr\u0101t\u012bgu un g\u0101d\u012bgu v\u0113st\u012bjumu draugam vai m\u012b\u013cotajam.<\/p>","protected":false},"featured_media":3442,"comment_status":"closed","ping_status":"closed","template":"","meta":{"_uag_custom_page_level_css":"","site-sidebar-layout":"default","site-content-layout":"","ast-site-content-layout":"default","site-content-style":"default","site-sidebar-style":"default","ast-global-header-display":"","ast-banner-title-visibility":"","ast-main-header-display":"","ast-hfb-above-header-display":"","ast-hfb-below-header-display":"","ast-hfb-mobile-header-display":"","site-post-title":"","ast-breadcrumbs-content":"","ast-featured-img":"","footer-sml-layout":"","ast-disable-related-posts":"","theme-transparent-header-meta":"default","adv-header-id-meta":"","stick-header-meta":"","header-above-stick-meta":"","header-main-stick-meta":"","header-below-stick-meta":"","astra-migrate-meta-layouts":"set","ast-page-background-enabled":"default","ast-page-background-meta":{"desktop":{"background-color":"var(--ast-global-color-4)","background-image":"","background-repeat":"repeat","background-position":"center center","background-size":"auto","background-attachment":"scroll","background-type":"","background-media":"","overlay-type":"","overlay-color":"","overlay-opacity":"","overlay-gradient":""},"tablet":{"background-color":"","background-image":"","background-repeat":"repeat","background-position":"center center","background-size":"auto","background-attachment":"scroll","background-type":"","background-media":"","overlay-type":"","overlay-color":"","overlay-opacity":"","overlay-gradient":""},"mobile":{"background-color":"","background-image":"","background-repeat":"repeat","background-position":"center center","background-size":"auto","background-attachment":"scroll","background-type":"","background-media":"","overlay-type":"","overlay-color":"","overlay-opacity":"","overlay-gradient":""}},"ast-content-background-meta":{"desktop":{"background-color":"var(--ast-global-color-5)","background-image":"","background-repeat":"repeat","background-position":"center center","background-size":"auto","background-attachment":"scroll","background-type":"","background-media":"","overlay-type":"","overlay-color":"","overlay-opacity":"","overlay-gradient":""},"tablet":{"background-color":"var(--ast-global-color-5)","background-image":"","background-repeat":"repeat","background-position":"center center","background-size":"auto","background-attachment":"scroll","background-type":"","background-media":"","overlay-type":"","overlay-color":"","overlay-opacity":"","overlay-gradient":""},"mobile":{"background-color":"var(--ast-global-color-5)","background-image":"","background-repeat":"repeat","background-position":"center center","background-size":"auto","background-attachment":"scroll","background-type":"","background-media":"","overlay-type":"","overlay-color":"","overlay-opacity":"","overlay-gradient":""}}},"product_brand":[],"product_cat":[126,91,118],"product_tag":[],"class_list":{"0":"post-3441","1":"product","2":"type-product","3":"status-publish","4":"has-post-thumbnail","6":"product_cat-visi","7":"product_cat-motociklo-raktu-pakabukai","8":"product_cat-dovana-teciui","9":"desktop-align-center","10":"tablet-align-left","11":"mobile-align-left","13":"first","14":"instock","15":"shipping-taxable","16":"purchasable","17":"product-type-simple"},"yoast_head":"<!-- This site is optimized with the Yoast SEO plugin v27.1.1 - https:\/\/yoast.com\/product\/yoast-seo-wordpress\/ -->\n<title>Rakt\u0173 pakabukas Drive Safe \u2013 i\u0161skirtinis pasirinkimas poroms<\/title>\n<meta name=\"description\" content=\"Rakt\u0173 pakabukas Drive Safe \u2013 prakti\u0161ka ir \u0161maik\u0161ti dovana motocikl\u0173, automobili\u0173 ar kuprini\u0173 myl\u0117tojams.\" \/>\n<meta name=\"robots\" content=\"index, follow, max-snippet:-1, max-image-preview:large, max-video-preview:-1\" \/>\n<link rel=\"canonical\" href=\"https:\/\/kabinam.lt\/lv\/produkts\/atslegu-gredzens-drosibas-atslega\/\" \/>\n<meta property=\"og:locale\" content=\"lv_LV\" \/>\n<meta property=\"og:type\" content=\"article\" \/>\n<meta property=\"og:title\" content=\"Rakt\u0173 pakabukas Drive Safe \u2013 i\u0161skirtinis pasirinkimas poroms\" \/>\n<meta property=\"og:description\" content=\"Rakt\u0173 pakabukas Drive Safe \u2013 prakti\u0161ka ir \u0161maik\u0161ti dovana motocikl\u0173, automobili\u0173 ar kuprini\u0173 myl\u0117tojams.\" \/>\n<meta property=\"og:url\" content=\"https:\/\/kabinam.lt\/lv\/produkts\/atslegu-gredzens-drosibas-atslega\/\" \/>\n<meta property=\"og:site_name\" content=\"kabinam.lt\" \/>\n<meta property=\"article:modified_time\" content=\"2026-01-03T16:47:23+00:00\" \/>\n<meta property=\"og:image\" content=\"https:\/\/kabinam.lt\/wp-content\/uploads\/2025\/04\/e9e36f43612e4c88ac3861a4eaa22ca2-goods.jpeg\" \/>\n\t<meta property=\"og:image:width\" content=\"1200\" \/>\n\t<meta property=\"og:image:height\" content=\"1200\" \/>\n\t<meta property=\"og:image:type\" content=\"image\/jpeg\" \/>\n<meta name=\"twitter:card\" content=\"summary_large_image\" \/>\n<meta name=\"twitter:label1\" content=\"Est. reading time\" \/>\n\t<meta name=\"twitter:data1\" content=\"2 min\u016btes\" \/>\n<script type=\"application\/ld+json\" class=\"yoast-schema-graph\">{\"@context\":\"https:\/\/schema.org\",\"@graph\":[{\"@type\":[\"WebPage\",\"ItemPage\"],\"@id\":\"https:\/\/kabinam.lt\/et\/toode\/raktu-pakabukas-drive-safe\/\",\"url\":\"https:\/\/kabinam.lt\/et\/toode\/raktu-pakabukas-drive-safe\/\",\"name\":\"Rakt\u0173 pakabukas Drive Safe \u2013 i\u0161skirtinis pasirinkimas poroms\",\"isPartOf\":{\"@id\":\"https:\/\/kabinam.lt\/#website\"},\"primaryImageOfPage\":{\"@id\":\"https:\/\/kabinam.lt\/et\/toode\/raktu-pakabukas-drive-safe\/#primaryimage\"},\"image\":{\"@id\":\"https:\/\/kabinam.lt\/et\/toode\/raktu-pakabukas-drive-safe\/#primaryimage\"},\"thumbnailUrl\":\"https:\/\/kabinam.lt\/wp-content\/uploads\/2025\/04\/e9e36f43612e4c88ac3861a4eaa22ca2-goods.jpeg\",\"datePublished\":\"2025-04-17T19:20:04+00:00\",\"dateModified\":\"2026-01-03T16:47:23+00:00\",\"description\":\"Rakt\u0173 pakabukas Drive Safe \u2013 prakti\u0161ka ir \u0161maik\u0161ti dovana motocikl\u0173, automobili\u0173 ar kuprini\u0173 myl\u0117tojams.\",\"breadcrumb\":{\"@id\":\"https:\/\/kabinam.lt\/et\/toode\/raktu-pakabukas-drive-safe\/#breadcrumb\"},\"inLanguage\":\"lv-LV\",\"potentialAction\":[{\"@type\":\"ReadAction\",\"target\":[\"https:\/\/kabinam.lt\/et\/toode\/raktu-pakabukas-drive-safe\/\"]}]},{\"@type\":\"ImageObject\",\"inLanguage\":\"lv-LV\",\"@id\":\"https:\/\/kabinam.lt\/et\/toode\/raktu-pakabukas-drive-safe\/#primaryimage\",\"url\":\"https:\/\/kabinam.lt\/wp-content\/uploads\/2025\/04\/e9e36f43612e4c88ac3861a4eaa22ca2-goods.jpeg\",\"contentUrl\":\"https:\/\/kabinam.lt\/wp-content\/uploads\/2025\/04\/e9e36f43612e4c88ac3861a4eaa22ca2-goods.jpeg\",\"width\":1200,\"height\":1200,\"caption\":\"Siuvin\u0117tas pakabukas su u\u017era\u0161u Drive Safe\"},{\"@type\":\"BreadcrumbList\",\"@id\":\"https:\/\/kabinam.lt\/et\/toode\/raktu-pakabukas-drive-safe\/#breadcrumb\",\"itemListElement\":[{\"@type\":\"ListItem\",\"position\":1,\"name\":\"Home\",\"item\":\"https:\/\/kabinam.lt\/\"},{\"@type\":\"ListItem\",\"position\":2,\"name\":\"Visi Produktai\",\"item\":\"https:\/\/kabinam.lt\/visi-produktai\/\"},{\"@type\":\"ListItem\",\"position\":3,\"name\":\"Rakt\u0173 pakabukas Drive Safe \u2013 i\u0161skirtinis pasirinkimas poroms\"}]},{\"@type\":\"WebSite\",\"@id\":\"https:\/\/kabinam.lt\/#website\",\"url\":\"https:\/\/kabinam.lt\/\",\"name\":\"kabinam.lt\",\"description\":\"Kabinam.lt \u2013 raktu pakabukai ir aksesuarai\",\"publisher\":{\"@id\":\"https:\/\/kabinam.lt\/#organization\"},\"alternateName\":\"pakabukai lt\",\"potentialAction\":[{\"@type\":\"SearchAction\",\"target\":{\"@type\":\"EntryPoint\",\"urlTemplate\":\"https:\/\/kabinam.lt\/?s={search_term_string}\"},\"query-input\":{\"@type\":\"PropertyValueSpecification\",\"valueRequired\":true,\"valueName\":\"search_term_string\"}}],\"inLanguage\":\"lv-LV\"},{\"@type\":\"Organization\",\"@id\":\"https:\/\/kabinam.lt\/#organization\",\"name\":\"kabinam.lt\",\"alternateName\":\"kabinam\",\"url\":\"https:\/\/kabinam.lt\/\",\"logo\":{\"@type\":\"ImageObject\",\"inLanguage\":\"lv-LV\",\"@id\":\"https:\/\/kabinam.lt\/#\/schema\/logo\/image\/\",\"url\":\"https:\/\/kabinam.lt\/wp-content\/uploads\/2025\/05\/KABINAM_outer_glow.png\",\"contentUrl\":\"https:\/\/kabinam.lt\/wp-content\/uploads\/2025\/05\/KABINAM_outer_glow.png\",\"width\":474,\"height\":141,\"caption\":\"kabinam.lt\"},\"image\":{\"@id\":\"https:\/\/kabinam.lt\/#\/schema\/logo\/image\/\"}}]}<\/script>\n<!-- \/ Yoast SEO plugin. -->","yoast_head_json":{"title":"Drive Safe atsl\u0113gu piekari\u0146\u0161 - lieliska izv\u0113le p\u0101riem","description":"Atsl\u0113gu piekari\u0146\u0161 Drive Safe ir praktiska un aspr\u0101t\u012bga d\u0101vana motociklu, automa\u0161\u012bnu vai mugursomu cien\u012bt\u0101jiem.","robots":{"index":"index","follow":"follow","max-snippet":"max-snippet:-1","max-image-preview":"max-image-preview:large","max-video-preview":"max-video-preview:-1"},"canonical":"https:\/\/kabinam.lt\/lv\/produkts\/atslegu-gredzens-drosibas-atslega\/","og_locale":"lv_LV","og_type":"article","og_title":"Rakt\u0173 pakabukas Drive Safe \u2013 i\u0161skirtinis pasirinkimas poroms","og_description":"Rakt\u0173 pakabukas Drive Safe \u2013 prakti\u0161ka ir \u0161maik\u0161ti dovana motocikl\u0173, automobili\u0173 ar kuprini\u0173 myl\u0117tojams.","og_url":"https:\/\/kabinam.lt\/lv\/produkts\/atslegu-gredzens-drosibas-atslega\/","og_site_name":"kabinam.lt","article_modified_time":"2026-01-03T16:47:23+00:00","og_image":[{"width":1200,"height":1200,"url":"https:\/\/kabinam.lt\/wp-content\/uploads\/2025\/04\/e9e36f43612e4c88ac3861a4eaa22ca2-goods.jpeg","type":"image\/jpeg"}],"twitter_card":"summary_large_image","twitter_misc":{"Est. reading time":"2 min\u016btes"},"schema":{"@context":"https:\/\/schema.org","@graph":[{"@type":["WebPage","ItemPage"],"@id":"https:\/\/kabinam.lt\/et\/toode\/raktu-pakabukas-drive-safe\/","url":"https:\/\/kabinam.lt\/et\/toode\/raktu-pakabukas-drive-safe\/","name":"Drive Safe atsl\u0113gu piekari\u0146\u0161 - lieliska izv\u0113le p\u0101riem","isPartOf":{"@id":"https:\/\/kabinam.lt\/#website"},"primaryImageOfPage":{"@id":"https:\/\/kabinam.lt\/et\/toode\/raktu-pakabukas-drive-safe\/#primaryimage"},"image":{"@id":"https:\/\/kabinam.lt\/et\/toode\/raktu-pakabukas-drive-safe\/#primaryimage"},"thumbnailUrl":"https:\/\/kabinam.lt\/wp-content\/uploads\/2025\/04\/e9e36f43612e4c88ac3861a4eaa22ca2-goods.jpeg","datePublished":"2025-04-17T19:20:04+00:00","dateModified":"2026-01-03T16:47:23+00:00","description":"Atsl\u0113gu piekari\u0146\u0161 Drive Safe ir praktiska un aspr\u0101t\u012bga d\u0101vana motociklu, automa\u0161\u012bnu vai mugursomu cien\u012bt\u0101jiem.","breadcrumb":{"@id":"https:\/\/kabinam.lt\/et\/toode\/raktu-pakabukas-drive-safe\/#breadcrumb"},"inLanguage":"lv-LV","potentialAction":[{"@type":"ReadAction","target":["https:\/\/kabinam.lt\/et\/toode\/raktu-pakabukas-drive-safe\/"]}]},{"@type":"ImageObject","inLanguage":"lv-LV","@id":"https:\/\/kabinam.lt\/et\/toode\/raktu-pakabukas-drive-safe\/#primaryimage","url":"https:\/\/kabinam.lt\/wp-content\/uploads\/2025\/04\/e9e36f43612e4c88ac3861a4eaa22ca2-goods.jpeg","contentUrl":"https:\/\/kabinam.lt\/wp-content\/uploads\/2025\/04\/e9e36f43612e4c88ac3861a4eaa22ca2-goods.jpeg","width":1200,"height":1200,"caption":"Siuvin\u0117tas pakabukas su u\u017era\u0161u Drive Safe"},{"@type":"BreadcrumbList","@id":"https:\/\/kabinam.lt\/et\/toode\/raktu-pakabukas-drive-safe\/#breadcrumb","itemListElement":[{"@type":"ListItem","position":1,"name":"Home","item":"https:\/\/kabinam.lt\/"},{"@type":"ListItem","position":2,"name":"Visi Produktai","item":"https:\/\/kabinam.lt\/visi-produktai\/"},{"@type":"ListItem","position":3,"name":"Rakt\u0173 pakabukas Drive Safe \u2013 i\u0161skirtinis pasirinkimas poroms"}]},{"@type":"WebSite","@id":"https:\/\/kabinam.lt\/#website","url":"https:\/\/kabinam.lt\/","name":"kabinam.lt","description":"Kabinam.lt - atsl\u0113gu piekari\u0146i un aksesu\u0101ri","publisher":{"@id":"https:\/\/kabinam.lt\/#organization"},"alternateName":"pakabukai lt","potentialAction":[{"@type":"SearchAction","target":{"@type":"EntryPoint","urlTemplate":"https:\/\/kabinam.lt\/?s={search_term_string}"},"query-input":{"@type":"PropertyValueSpecification","valueRequired":true,"valueName":"search_term_string"}}],"inLanguage":"lv-LV"},{"@type":"Organization","@id":"https:\/\/kabinam.lt\/#organization","name":"kabinam.lt","alternateName":"kabinam","url":"https:\/\/kabinam.lt\/","logo":{"@type":"ImageObject","inLanguage":"lv-LV","@id":"https:\/\/kabinam.lt\/#\/schema\/logo\/image\/","url":"https:\/\/kabinam.lt\/wp-content\/uploads\/2025\/05\/KABINAM_outer_glow.png","contentUrl":"https:\/\/kabinam.lt\/wp-content\/uploads\/2025\/05\/KABINAM_outer_glow.png","width":474,"height":141,"caption":"kabinam.lt"},"image":{"@id":"https:\/\/kabinam.lt\/#\/schema\/logo\/image\/"}}]}},"uagb_featured_image_src":{"full":["https:\/\/kabinam.lt\/wp-content\/uploads\/2025\/04\/e9e36f43612e4c88ac3861a4eaa22ca2-goods.jpeg",1200,1200,false],"thumbnail":["https:\/\/kabinam.lt\/wp-content\/uploads\/2025\/04\/e9e36f43612e4c88ac3861a4eaa22ca2-goods-150x150.jpeg",150,150,true],"medium":["https:\/\/kabinam.lt\/wp-content\/uploads\/2025\/04\/e9e36f43612e4c88ac3861a4eaa22ca2-goods-300x300.jpeg",300,300,true],"medium_large":["https:\/\/kabinam.lt\/wp-content\/uploads\/2025\/04\/e9e36f43612e4c88ac3861a4eaa22ca2-goods-768x768.jpeg",768,768,true],"large":["https:\/\/kabinam.lt\/wp-content\/uploads\/2025\/04\/e9e36f43612e4c88ac3861a4eaa22ca2-goods-1024x1024.jpeg",1024,1024,true],"1536x1536":["https:\/\/kabinam.lt\/wp-content\/uploads\/2025\/04\/e9e36f43612e4c88ac3861a4eaa22ca2-goods.jpeg",1200,1200,false],"2048x2048":["https:\/\/kabinam.lt\/wp-content\/uploads\/2025\/04\/e9e36f43612e4c88ac3861a4eaa22ca2-goods.jpeg",1200,1200,false],"trp-custom-language-flag":["https:\/\/kabinam.lt\/wp-content\/uploads\/2025\/04\/e9e36f43612e4c88ac3861a4eaa22ca2-goods.jpeg",12,12,false],"woocommerce_thumbnail":["https:\/\/kabinam.lt\/wp-content\/uploads\/2025\/04\/e9e36f43612e4c88ac3861a4eaa22ca2-goods-300x300.jpeg",300,300,true],"woocommerce_single":["https:\/\/kabinam.lt\/wp-content\/uploads\/2025\/04\/e9e36f43612e4c88ac3861a4eaa22ca2-goods-600x600.jpeg",600,600,true],"woocommerce_gallery_thumbnail":["https:\/\/kabinam.lt\/wp-content\/uploads\/2025\/04\/e9e36f43612e4c88ac3861a4eaa22ca2-goods-100x100.jpeg",100,100,true]},"uagb_author_info":{"display_name":"kabinam.lt","author_link":"https:\/\/kabinam.lt\/lv\/author\/"},"uagb_comment_info":0,"uagb_excerpt":"Siuvin\u0117tas rakt\u0173 pakabukas Drive Safe \u2013 funkcionalus aksesuaras su \u0161maik\u0161\u010dia ir r\u016bpestinga \u017einute draugui ar artimajam.","_links":{"self":[{"href":"https:\/\/kabinam.lt\/lv\/wp-json\/wp\/v2\/product\/3441","targetHints":{"allow":["GET"]}}],"collection":[{"href":"https:\/\/kabinam.lt\/lv\/wp-json\/wp\/v2\/product"}],"about":[{"href":"https:\/\/kabinam.lt\/lv\/wp-json\/wp\/v2\/types\/product"}],"replies":[{"embeddable":true,"href":"https:\/\/kabinam.lt\/lv\/wp-json\/wp\/v2\/comments?post=3441"}],"wp:featuredmedia":[{"embeddable":true,"href":"https:\/\/kabinam.lt\/lv\/wp-json\/wp\/v2\/media\/3442"}],"wp:attachment":[{"href":"https:\/\/kabinam.lt\/lv\/wp-json\/wp\/v2\/media?parent=3441"}],"wp:term":[{"taxonomy":"product_brand","embeddable":true,"href":"https:\/\/kabinam.lt\/lv\/wp-json\/wp\/v2\/product_brand?post=3441"},{"taxonomy":"product_cat","embeddable":true,"href":"https:\/\/kabinam.lt\/lv\/wp-json\/wp\/v2\/product_cat?post=3441"},{"taxonomy":"product_tag","embeddable":true,"href":"https:\/\/kabinam.lt\/lv\/wp-json\/wp\/v2\/product_tag?post=3441"}],"curies":[{"name":"wp","href":"https:\/\/api.w.org\/{rel}","templated":true}]}}