{"id":3096,"date":"2024-10-06T10:32:45","date_gmt":"2024-10-06T07:32:45","guid":{"rendered":"https:\/\/kabinam.lt\/?post_type=product&#038;p=3096"},"modified":"2026-03-25T12:46:37","modified_gmt":"2026-03-25T10:46:37","slug":"minimalistiski-atslegas-pakari-skerslis","status":"publish","type":"product","link":"https:\/\/kabinam.lt\/lv\/product\/minimalistiniai-raktu-pakabukai-saukstelis\/","title":{"rendered":"Minim\u0101lisma atsl\u0113gu piekari\u0146i - ball\u012btes karote"},"content":{"rendered":"<div class=\"kk-star-ratings kksr-auto kksr-align-left kksr-valign-top\"\n    data-payload='{&quot;align&quot;:&quot;left&quot;,&quot;id&quot;:&quot;3096&quot;,&quot;slug&quot;:&quot;default&quot;,&quot;valign&quot;:&quot;top&quot;,&quot;ignore&quot;:&quot;&quot;,&quot;reference&quot;:&quot;auto&quot;,&quot;class&quot;:&quot;&quot;,&quot;count&quot;:&quot;0&quot;,&quot;legendonly&quot;:&quot;&quot;,&quot;readonly&quot;:&quot;&quot;,&quot;score&quot;:&quot;0&quot;,&quot;starsonly&quot;:&quot;&quot;,&quot;best&quot;:&quot;5&quot;,&quot;gap&quot;:&quot;5&quot;,&quot;greet&quot;:&quot;Mums svarbus j\u016bs\u0173 \u012fvertinimas&quot;,&quot;legend&quot;:&quot;0\\\/5 - (0 votes)&quot;,&quot;size&quot;:&quot;24&quot;,&quot;title&quot;:&quot;Minimalistiniai rakt\u0173 pakabukai \u2013 \u0161auk\u0161telis vakar\u0117liams&quot;,&quot;width&quot;:&quot;0&quot;,&quot;_legend&quot;:&quot;{score}\\\/{best} - ({count} {votes})&quot;,&quot;font_factor&quot;:&quot;1.25&quot;}'>\n            \n<div class=\"kksr-stars\">\n    \n<div class=\"kksr-stars-inactive\">\n            <div class=\"kksr-star\" data-star=\"1\" style=\"padding-right: 5px\">\n            \n\n<div class=\"kksr-icon\" style=\"width: 24px; height: 24px;\"><\/div>\n        <\/div>\n            <div class=\"kksr-star\" data-star=\"2\" style=\"padding-right: 5px\">\n            \n\n<div class=\"kksr-icon\" style=\"width: 24px; height: 24px;\"><\/div>\n        <\/div>\n            <div class=\"kksr-star\" data-star=\"3\" style=\"padding-right: 5px\">\n            \n\n<div class=\"kksr-icon\" style=\"width: 24px; height: 24px;\"><\/div>\n        <\/div>\n            <div class=\"kksr-star\" data-star=\"4\" style=\"padding-right: 5px\">\n            \n\n<div class=\"kksr-icon\" style=\"width: 24px; height: 24px;\"><\/div>\n        <\/div>\n            <div class=\"kksr-star\" data-star=\"5\" style=\"padding-right: 5px\">\n            \n\n<div class=\"kksr-icon\" style=\"width: 24px; height: 24px;\"><\/div>\n        <\/div>\n    <\/div>\n    \n<div class=\"kksr-stars-active\" style=\"width: 0px;\">\n            <div class=\"kksr-star\" style=\"padding-right: 5px\">\n            \n\n<div class=\"kksr-icon\" style=\"width: 24px; height: 24px;\"><\/div>\n        <\/div>\n            <div class=\"kksr-star\" style=\"padding-right: 5px\">\n            \n\n<div class=\"kksr-icon\" style=\"width: 24px; height: 24px;\"><\/div>\n        <\/div>\n            <div class=\"kksr-star\" style=\"padding-right: 5px\">\n            \n\n<div class=\"kksr-icon\" style=\"width: 24px; height: 24px;\"><\/div>\n        <\/div>\n            <div class=\"kksr-star\" style=\"padding-right: 5px\">\n            \n\n<div class=\"kksr-icon\" style=\"width: 24px; height: 24px;\"><\/div>\n        <\/div>\n            <div class=\"kksr-star\" style=\"padding-right: 5px\">\n            \n\n<div class=\"kksr-icon\" style=\"width: 24px; height: 24px;\"><\/div>\n        <\/div>\n    <\/div>\n<\/div>\n                \n\n<div class=\"kksr-legend\" style=\"font-size: 19.2px;\">\n            <span class=\"kksr-muted\">Mums ir svar\u012bgs j\u016bsu nov\u0113rt\u0113jums<\/span>\n    <\/div>\n    <\/div>\n<h3 class=\"\" data-start=\"295\" data-end=\"377\"><strong data-start=\"299\" data-end=\"377\">Minim\u0101lisma atsl\u0113gu piekari\u0146i - aksesu\u0101rs karotes form\u0101 ar vainagu<\/strong><\/h3>\n<p class=\"\" data-start=\"379\" data-end=\"653\">Vai mekl\u0113jat kaut ko smalku, bet ekskluz\u012bvu? <strong data-start=\"423\" data-end=\"458\">Minim\u0101listiski atsl\u0113gu piekari\u0146i<\/strong> k\u013c\u016bst arvien popul\u0101r\u0101kas to cilv\u0113ku vid\u016b, kuri nov\u0113rt\u0113 est\u0113tiku, stilu un funkcionalit\u0101ti vien\u0101. \u0160is dekorat\u012bvais karotes formas piekari\u0146\u0161 ar smalku kroni ir lieliska d\u0101vana vai aksesu\u0101rs sev.<\/p>\n<hr class=\"\" data-start=\"655\" data-end=\"658\" \/>\n<h4 class=\"\" data-start=\"660\" data-end=\"721\"><strong data-start=\"665\" data-end=\"721\">Izteiksm\u012bga forma - smalks akcents katrai dienai<\/strong><\/h4>\n<p class=\"\" data-start=\"723\" data-end=\"989\">Piekari\u0146a forma atg\u0101dina dekorat\u012bvu t\u0113jkaroti. Tas ir ne tikai ori\u0123in\u0101ls, bet ar\u012b \u013coti \u0161armants dizains, kas izce\u013cas starp ierastajiem atsl\u0113gu piekari\u0146iem. Elegantais kronis, kas iestr\u0101d\u0101ts uz t\u0113jkarotes k\u0101ta, pie\u0161\u0137ir \u0161im aksesu\u0101ram karaliskas grezn\u012bbas piesk\u0101rienu.<\/p>\n<p class=\"\" data-start=\"991\" data-end=\"1102\">\u0160\u0101da veida piekari\u0146i ir ide\u0101li piem\u0113roti tiem, kuri v\u0113las paust savu individualit\u0101ti un stilu bez liek\u0101m deta\u013c\u0101m.<\/p>\n<hr class=\"\" data-start=\"1104\" data-end=\"1107\" \/>\n<h4 class=\"\" data-start=\"1109\" data-end=\"1142\"><strong data-start=\"1114\" data-end=\"1142\">Kvalit\u0101te, kas piesaista uzman\u012bbu<\/strong><\/h4>\n<p class=\"\" data-start=\"1144\" data-end=\"1402\">Piekari\u0146\u0161 ir izgatavots no sp\u012bd\u012bga, iztur\u012bga met\u0101la, kas ir notur\u012bgs pret apk\u0101rt\u0113j\u0101s vides iedarb\u012bbu. Pateicoties t\u0101 nelielajam izm\u0113ram, to var viegli piestiprin\u0101t pie atsl\u0113g\u0101m, mugursomas vai pat kosm\u0113tikas somi\u0146as r\u0101v\u0113jsl\u0113dz\u0113ja. Tas ir ne tikai stil\u012bgs, bet ar\u012b funkcion\u0101ls risin\u0101jums ikdienai.<\/p>\n<hr class=\"\" data-start=\"1404\" data-end=\"1407\" \/>\n<h4 class=\"\" data-start=\"1409\" data-end=\"1444\"><strong data-start=\"1414\" data-end=\"1444\">Ide\u0101ls aksesu\u0101rs d\u0101vanai<\/strong><\/h4>\n<p class=\"\" data-start=\"1446\" data-end=\"1681\">Mekl\u0113jat jauku, bet ne ban\u0101lu d\u0101vanu? \u0160is minim\u0101lisma stil\u0101 veidotais karotes formas atsl\u0113gu piekari\u0146\u0161 ar kroni ir ide\u0101li piem\u0113rots draudzenei, m\u0101sai, mammai vai kol\u0113\u0123ei. D\u0101vana, kas apliecina uzman\u012bbu un est\u0113tisku gaumi, vienlaikus saglab\u0101jot praktiskumu.<\/p>\n<hr class=\"\" data-start=\"1683\" data-end=\"1686\" \/>\n<h4 class=\"\" data-start=\"1688\" data-end=\"1721\"><strong data-start=\"1693\" data-end=\"1721\">Stils atbilst funkcijai<\/strong><\/h4>\n<p class=\"\" data-start=\"1723\" data-end=\"1923\"><strong data-start=\"1723\" data-end=\"1758\">Minim\u0101listiski atsl\u0113gu piekari\u0146i<\/strong> ide\u0101li piem\u0113rots ne tikai atsl\u0113g\u0101m, bet ar\u012b k\u0101 aksesu\u0101rs rokassomi\u0146\u0101m, makiem vai mugursomi\u0146\u0101m. Tas lieliski papildin\u0101s j\u016bsu ikdienas stilu - gan elegantu, gan ikdieni\u0161\u0137u.<\/p>\n<hr class=\"\" data-start=\"1925\" data-end=\"1928\" \/>\n<h4 class=\"\" data-start=\"1930\" data-end=\"1972\"><strong data-start=\"1935\" data-end=\"1972\">Atkl\u0101jiet vair\u0101k smalku risin\u0101jumu<\/strong><\/h4>\n<p class=\"\" data-start=\"1974\" data-end=\"2255\">Ja mekl\u0113jat l\u012bdz\u012bgus vai ekskluz\u012bvus dizainus, apskatiet m\u016bsu <a class=\"\" href=\"https:\/\/kabinam.lt\/lv\/produkta-kategorija-2\/unikaliu-pakabuku-kategorija\/\" target=\"_new\" rel=\"noopener\" data-start=\"2043\" data-end=\"2131\">unik\u0101li kuloni<\/a> izmantojot <a class=\"cursor-pointer\" target=\"_new\" rel=\"noopener\" data-start=\"2135\" data-end=\"2212\">met\u0101la piederumu kolekcija<\/a>. Katram aksesu\u0101ram ir savs st\u0101sts.<\/p>\n<hr class=\"\" data-start=\"2257\" data-end=\"2260\" \/>\n<h4 class=\"\" data-start=\"2262\" data-end=\"2311\"><strong data-start=\"2267\" data-end=\"2311\">\u0100r\u0113j\u0101 saite uz produkta demonstr\u0101ciju<\/strong><\/h4>\n<p class=\"\" data-start=\"2313\" data-end=\"2526\">V\u0113laties redz\u0113t \u0161o piekari\u0146u kl\u0101tien\u0113? Noskatieties \u012bsu prezent\u0101cijas video <a class=\"\" href=\"https:\/\/www.amazon.com\/live\/video\/0c6b5177557a4263971796a5139adb6c?ref_=vse_cards_2\" target=\"_new\" rel=\"noopener\" data-start=\"2382\" data-end=\"2488\">\u0161eit, Amazon Live<\/a> - p\u0101rliecinieties, cik unik\u0101la t\u0101 ir.<\/p>\n<h3 class=\"\" data-start=\"2533\" data-end=\"2552\"><\/h3>","protected":false},"excerpt":{"rendered":"<p><strong>Vintage stila piekari\u0146i<\/strong> - Met\u0101la karotes formas atsl\u0113gu piekari\u0146\u0161 ar kroni - stil\u012bgs ikdienas aksesu\u0101rs.<\/p>","protected":false},"featured_media":3106,"comment_status":"closed","ping_status":"closed","template":"","meta":{"_uag_custom_page_level_css":"","site-sidebar-layout":"default","site-content-layout":"","ast-site-content-layout":"default","site-content-style":"default","site-sidebar-style":"default","ast-global-header-display":"","ast-banner-title-visibility":"","ast-main-header-display":"","ast-hfb-above-header-display":"","ast-hfb-below-header-display":"","ast-hfb-mobile-header-display":"","site-post-title":"","ast-breadcrumbs-content":"","ast-featured-img":"","footer-sml-layout":"","ast-disable-related-posts":"","theme-transparent-header-meta":"default","adv-header-id-meta":"","stick-header-meta":"","header-above-stick-meta":"","header-main-stick-meta":"","header-below-stick-meta":"","astra-migrate-meta-layouts":"set","ast-page-background-enabled":"default","ast-page-background-meta":{"desktop":{"background-color":"var(--ast-global-color-4)","background-image":"","background-repeat":"repeat","background-position":"center center","background-size":"auto","background-attachment":"scroll","background-type":"","background-media":"","overlay-type":"","overlay-color":"","overlay-opacity":"","overlay-gradient":""},"tablet":{"background-color":"","background-image":"","background-repeat":"repeat","background-position":"center center","background-size":"auto","background-attachment":"scroll","background-type":"","background-media":"","overlay-type":"","overlay-color":"","overlay-opacity":"","overlay-gradient":""},"mobile":{"background-color":"","background-image":"","background-repeat":"repeat","background-position":"center center","background-size":"auto","background-attachment":"scroll","background-type":"","background-media":"","overlay-type":"","overlay-color":"","overlay-opacity":"","overlay-gradient":""}},"ast-content-background-meta":{"desktop":{"background-color":"var(--ast-global-color-5)","background-image":"","background-repeat":"repeat","background-position":"center center","background-size":"auto","background-attachment":"scroll","background-type":"","background-media":"","overlay-type":"","overlay-color":"","overlay-opacity":"","overlay-gradient":""},"tablet":{"background-color":"var(--ast-global-color-5)","background-image":"","background-repeat":"repeat","background-position":"center center","background-size":"auto","background-attachment":"scroll","background-type":"","background-media":"","overlay-type":"","overlay-color":"","overlay-opacity":"","overlay-gradient":""},"mobile":{"background-color":"var(--ast-global-color-5)","background-image":"","background-repeat":"repeat","background-position":"center center","background-size":"auto","background-attachment":"scroll","background-type":"","background-media":"","overlay-type":"","overlay-color":"","overlay-opacity":"","overlay-gradient":""}}},"product_brand":[],"product_cat":[125,126,116,95,92],"product_tag":[],"class_list":{"0":"post-3096","1":"product","2":"type-product","3":"status-publish","4":"has-post-thumbnail","6":"product_cat-halloween","7":"product_cat-visi","8":"product_cat-metaliniai-raktu-pakabukai","9":"product_cat-unikalus-raktu-pakabukai","10":"product_cat-populiariausiu-produktu-kategorija","11":"desktop-align-center","12":"tablet-align-left","13":"mobile-align-left","15":"first","16":"instock","17":"shipping-taxable","18":"purchasable","19":"product-type-variable"},"yoast_head":"<!-- This site is optimized with the Yoast SEO plugin v27.1.1 - https:\/\/yoast.com\/product\/yoast-seo-wordpress\/ -->\n<title>Minimalistiniai rakt\u0173 pakabukai \u2013 \u0161auk\u0161telis vakar\u0117liams - kabinam.lt<\/title>\n<meta name=\"description\" content=\"Dekoratyviniai minimalistiniai rakt\u0173 pakabukai \u2013 \u0161auk\u0161telio su kar\u016bn\u0117le formos aksesuaras ie\u0161kantiems elegancijos ir originalumo.\" \/>\n<meta name=\"robots\" content=\"index, follow, max-snippet:-1, max-image-preview:large, max-video-preview:-1\" \/>\n<link rel=\"canonical\" href=\"https:\/\/kabinam.lt\/lv\/produkts\/minimalistiski-atslegas-pakari-skerslis\/\" \/>\n<meta property=\"og:locale\" content=\"lv_LV\" \/>\n<meta property=\"og:type\" content=\"article\" \/>\n<meta property=\"og:title\" content=\"Minimalistiniai rakt\u0173 pakabukai \u2013 \u0161auk\u0161telis vakar\u0117liams - kabinam.lt\" \/>\n<meta property=\"og:description\" content=\"Dekoratyviniai minimalistiniai rakt\u0173 pakabukai \u2013 \u0161auk\u0161telio su kar\u016bn\u0117le formos aksesuaras ie\u0161kantiems elegancijos ir originalumo.\" \/>\n<meta property=\"og:url\" content=\"https:\/\/kabinam.lt\/lv\/produkts\/minimalistiski-atslegas-pakari-skerslis\/\" \/>\n<meta property=\"og:site_name\" content=\"kabinam.lt\" \/>\n<meta property=\"article:modified_time\" content=\"2026-03-25T10:46:37+00:00\" \/>\n<meta property=\"og:image\" content=\"https:\/\/kabinam.lt\/wp-content\/uploads\/2024\/10\/1721352549836-495fa32d2649490e8c9474f65379c759-goods.jpeg\" \/>\n\t<meta property=\"og:image:width\" content=\"800\" \/>\n\t<meta property=\"og:image:height\" content=\"800\" \/>\n\t<meta property=\"og:image:type\" content=\"image\/jpeg\" \/>\n<meta name=\"twitter:card\" content=\"summary_large_image\" \/>\n<meta name=\"twitter:label1\" content=\"Est. reading time\" \/>\n\t<meta name=\"twitter:data1\" content=\"2 min\u016btes\" \/>\n<script type=\"application\/ld+json\" class=\"yoast-schema-graph\">{\"@context\":\"https:\/\/schema.org\",\"@graph\":[{\"@type\":[\"WebPage\",\"ItemPage\"],\"@id\":\"https:\/\/kabinam.lt\/eng\/product\/minimalist-keyrings-sunburst\/\",\"url\":\"https:\/\/kabinam.lt\/eng\/product\/minimalist-keyrings-sunburst\/\",\"name\":\"Minimalistiniai rakt\u0173 pakabukai \u2013 \u0161auk\u0161telis vakar\u0117liams - kabinam.lt\",\"isPartOf\":{\"@id\":\"https:\/\/kabinam.lt\/#website\"},\"primaryImageOfPage\":{\"@id\":\"https:\/\/kabinam.lt\/eng\/product\/minimalist-keyrings-sunburst\/#primaryimage\"},\"image\":{\"@id\":\"https:\/\/kabinam.lt\/eng\/product\/minimalist-keyrings-sunburst\/#primaryimage\"},\"thumbnailUrl\":\"https:\/\/kabinam.lt\/wp-content\/uploads\/2024\/10\/1721352549836-495fa32d2649490e8c9474f65379c759-goods.jpeg\",\"datePublished\":\"2024-10-06T07:32:45+00:00\",\"dateModified\":\"2026-03-25T10:46:37+00:00\",\"description\":\"Dekoratyviniai minimalistiniai rakt\u0173 pakabukai \u2013 \u0161auk\u0161telio su kar\u016bn\u0117le formos aksesuaras ie\u0161kantiems elegancijos ir originalumo.\",\"breadcrumb\":{\"@id\":\"https:\/\/kabinam.lt\/eng\/product\/minimalist-keyrings-sunburst\/#breadcrumb\"},\"inLanguage\":\"lv-LV\",\"potentialAction\":[{\"@type\":\"ReadAction\",\"target\":[\"https:\/\/kabinam.lt\/eng\/product\/minimalist-keyrings-sunburst\/\"]}]},{\"@type\":\"ImageObject\",\"inLanguage\":\"lv-LV\",\"@id\":\"https:\/\/kabinam.lt\/eng\/product\/minimalist-keyrings-sunburst\/#primaryimage\",\"url\":\"https:\/\/kabinam.lt\/wp-content\/uploads\/2024\/10\/1721352549836-495fa32d2649490e8c9474f65379c759-goods.jpeg\",\"contentUrl\":\"https:\/\/kabinam.lt\/wp-content\/uploads\/2024\/10\/1721352549836-495fa32d2649490e8c9474f65379c759-goods.jpeg\",\"width\":800,\"height\":800,\"caption\":\"\u0160auk\u0161telio su kar\u016bn\u0117le formos metalinis pakabukas\"},{\"@type\":\"BreadcrumbList\",\"@id\":\"https:\/\/kabinam.lt\/eng\/product\/minimalist-keyrings-sunburst\/#breadcrumb\",\"itemListElement\":[{\"@type\":\"ListItem\",\"position\":1,\"name\":\"Home\",\"item\":\"https:\/\/kabinam.lt\/\"},{\"@type\":\"ListItem\",\"position\":2,\"name\":\"Visi Produktai\",\"item\":\"https:\/\/kabinam.lt\/visi-produktai\/\"},{\"@type\":\"ListItem\",\"position\":3,\"name\":\"Minimalistiniai rakt\u0173 pakabukai \u2013 \u0161auk\u0161telis vakar\u0117liams\"}]},{\"@type\":\"WebSite\",\"@id\":\"https:\/\/kabinam.lt\/#website\",\"url\":\"https:\/\/kabinam.lt\/\",\"name\":\"kabinam.lt\",\"description\":\"Kabinam.lt \u2013 raktu pakabukai ir aksesuarai\",\"publisher\":{\"@id\":\"https:\/\/kabinam.lt\/#organization\"},\"alternateName\":\"pakabukai lt\",\"potentialAction\":[{\"@type\":\"SearchAction\",\"target\":{\"@type\":\"EntryPoint\",\"urlTemplate\":\"https:\/\/kabinam.lt\/?s={search_term_string}\"},\"query-input\":{\"@type\":\"PropertyValueSpecification\",\"valueRequired\":true,\"valueName\":\"search_term_string\"}}],\"inLanguage\":\"lv-LV\"},{\"@type\":\"Organization\",\"@id\":\"https:\/\/kabinam.lt\/#organization\",\"name\":\"kabinam.lt\",\"alternateName\":\"kabinam\",\"url\":\"https:\/\/kabinam.lt\/\",\"logo\":{\"@type\":\"ImageObject\",\"inLanguage\":\"lv-LV\",\"@id\":\"https:\/\/kabinam.lt\/#\/schema\/logo\/image\/\",\"url\":\"https:\/\/kabinam.lt\/wp-content\/uploads\/2025\/05\/KABINAM_outer_glow.png\",\"contentUrl\":\"https:\/\/kabinam.lt\/wp-content\/uploads\/2025\/05\/KABINAM_outer_glow.png\",\"width\":474,\"height\":141,\"caption\":\"kabinam.lt\"},\"image\":{\"@id\":\"https:\/\/kabinam.lt\/#\/schema\/logo\/image\/\"}}]}<\/script>\n<!-- \/ Yoast SEO plugin. -->","yoast_head_json":{"title":"Minimalistiski atsl\u0113gas pakari \u2013 \u0161\u0137\u0113rslis vakari\u0146iem - kabinam.lt","description":"Dekorat\u012bvie minimalistiskie atsl\u0113gas pakabuki \u2013 \u0161auk\u013ca ar kar\u016bnas formas aksesu\u0101rs mekl\u0113jiem eleganci un ori\u0123inalit\u0101ti.","robots":{"index":"index","follow":"follow","max-snippet":"max-snippet:-1","max-image-preview":"max-image-preview:large","max-video-preview":"max-video-preview:-1"},"canonical":"https:\/\/kabinam.lt\/lv\/produkts\/minimalistiski-atslegas-pakari-skerslis\/","og_locale":"lv_LV","og_type":"article","og_title":"Minimalistiniai rakt\u0173 pakabukai \u2013 \u0161auk\u0161telis vakar\u0117liams - kabinam.lt","og_description":"Dekoratyviniai minimalistiniai rakt\u0173 pakabukai \u2013 \u0161auk\u0161telio su kar\u016bn\u0117le formos aksesuaras ie\u0161kantiems elegancijos ir originalumo.","og_url":"https:\/\/kabinam.lt\/lv\/produkts\/minimalistiski-atslegas-pakari-skerslis\/","og_site_name":"kabinam.lt","article_modified_time":"2026-03-25T10:46:37+00:00","og_image":[{"width":800,"height":800,"url":"https:\/\/kabinam.lt\/wp-content\/uploads\/2024\/10\/1721352549836-495fa32d2649490e8c9474f65379c759-goods.jpeg","type":"image\/jpeg"}],"twitter_card":"summary_large_image","twitter_misc":{"Est. reading time":"2 min\u016btes"},"schema":{"@context":"https:\/\/schema.org","@graph":[{"@type":["WebPage","ItemPage"],"@id":"https:\/\/kabinam.lt\/eng\/product\/minimalist-keyrings-sunburst\/","url":"https:\/\/kabinam.lt\/eng\/product\/minimalist-keyrings-sunburst\/","name":"Minimalistiski atsl\u0113gas pakari \u2013 \u0161\u0137\u0113rslis vakari\u0146iem - kabinam.lt","isPartOf":{"@id":"https:\/\/kabinam.lt\/#website"},"primaryImageOfPage":{"@id":"https:\/\/kabinam.lt\/eng\/product\/minimalist-keyrings-sunburst\/#primaryimage"},"image":{"@id":"https:\/\/kabinam.lt\/eng\/product\/minimalist-keyrings-sunburst\/#primaryimage"},"thumbnailUrl":"https:\/\/kabinam.lt\/wp-content\/uploads\/2024\/10\/1721352549836-495fa32d2649490e8c9474f65379c759-goods.jpeg","datePublished":"2024-10-06T07:32:45+00:00","dateModified":"2026-03-25T10:46:37+00:00","description":"Dekorat\u012bvie minimalistiskie atsl\u0113gas pakabuki \u2013 \u0161auk\u013ca ar kar\u016bnas formas aksesu\u0101rs mekl\u0113jiem eleganci un ori\u0123inalit\u0101ti.","breadcrumb":{"@id":"https:\/\/kabinam.lt\/eng\/product\/minimalist-keyrings-sunburst\/#breadcrumb"},"inLanguage":"lv-LV","potentialAction":[{"@type":"ReadAction","target":["https:\/\/kabinam.lt\/eng\/product\/minimalist-keyrings-sunburst\/"]}]},{"@type":"ImageObject","inLanguage":"lv-LV","@id":"https:\/\/kabinam.lt\/eng\/product\/minimalist-keyrings-sunburst\/#primaryimage","url":"https:\/\/kabinam.lt\/wp-content\/uploads\/2024\/10\/1721352549836-495fa32d2649490e8c9474f65379c759-goods.jpeg","contentUrl":"https:\/\/kabinam.lt\/wp-content\/uploads\/2024\/10\/1721352549836-495fa32d2649490e8c9474f65379c759-goods.jpeg","width":800,"height":800,"caption":"\u0160auk\u0161telio su kar\u016bn\u0117le formos metalinis pakabukas"},{"@type":"BreadcrumbList","@id":"https:\/\/kabinam.lt\/eng\/product\/minimalist-keyrings-sunburst\/#breadcrumb","itemListElement":[{"@type":"ListItem","position":1,"name":"Home","item":"https:\/\/kabinam.lt\/"},{"@type":"ListItem","position":2,"name":"Visi Produktai","item":"https:\/\/kabinam.lt\/visi-produktai\/"},{"@type":"ListItem","position":3,"name":"Minimalistiniai rakt\u0173 pakabukai \u2013 \u0161auk\u0161telis vakar\u0117liams"}]},{"@type":"WebSite","@id":"https:\/\/kabinam.lt\/#website","url":"https:\/\/kabinam.lt\/","name":"kabinam.lt","description":"Kabinam.lt - atsl\u0113gu piekari\u0146i un aksesu\u0101ri","publisher":{"@id":"https:\/\/kabinam.lt\/#organization"},"alternateName":"pakabukai lt","potentialAction":[{"@type":"SearchAction","target":{"@type":"EntryPoint","urlTemplate":"https:\/\/kabinam.lt\/?s={search_term_string}"},"query-input":{"@type":"PropertyValueSpecification","valueRequired":true,"valueName":"search_term_string"}}],"inLanguage":"lv-LV"},{"@type":"Organization","@id":"https:\/\/kabinam.lt\/#organization","name":"kabinam.lt","alternateName":"kabinam","url":"https:\/\/kabinam.lt\/","logo":{"@type":"ImageObject","inLanguage":"lv-LV","@id":"https:\/\/kabinam.lt\/#\/schema\/logo\/image\/","url":"https:\/\/kabinam.lt\/wp-content\/uploads\/2025\/05\/KABINAM_outer_glow.png","contentUrl":"https:\/\/kabinam.lt\/wp-content\/uploads\/2025\/05\/KABINAM_outer_glow.png","width":474,"height":141,"caption":"kabinam.lt"},"image":{"@id":"https:\/\/kabinam.lt\/#\/schema\/logo\/image\/"}}]}},"uagb_featured_image_src":{"full":["https:\/\/kabinam.lt\/wp-content\/uploads\/2024\/10\/1721352549836-495fa32d2649490e8c9474f65379c759-goods.jpeg",800,800,false],"thumbnail":["https:\/\/kabinam.lt\/wp-content\/uploads\/2024\/10\/1721352549836-495fa32d2649490e8c9474f65379c759-goods-150x150.jpeg",150,150,true],"medium":["https:\/\/kabinam.lt\/wp-content\/uploads\/2024\/10\/1721352549836-495fa32d2649490e8c9474f65379c759-goods-300x300.jpeg",300,300,true],"medium_large":["https:\/\/kabinam.lt\/wp-content\/uploads\/2024\/10\/1721352549836-495fa32d2649490e8c9474f65379c759-goods-768x768.jpeg",768,768,true],"large":["https:\/\/kabinam.lt\/wp-content\/uploads\/2024\/10\/1721352549836-495fa32d2649490e8c9474f65379c759-goods.jpeg",800,800,false],"1536x1536":["https:\/\/kabinam.lt\/wp-content\/uploads\/2024\/10\/1721352549836-495fa32d2649490e8c9474f65379c759-goods.jpeg",800,800,false],"2048x2048":["https:\/\/kabinam.lt\/wp-content\/uploads\/2024\/10\/1721352549836-495fa32d2649490e8c9474f65379c759-goods.jpeg",800,800,false],"trp-custom-language-flag":["https:\/\/kabinam.lt\/wp-content\/uploads\/2024\/10\/1721352549836-495fa32d2649490e8c9474f65379c759-goods.jpeg",12,12,false],"woocommerce_thumbnail":["https:\/\/kabinam.lt\/wp-content\/uploads\/2024\/10\/1721352549836-495fa32d2649490e8c9474f65379c759-goods-300x300.jpeg",300,300,true],"woocommerce_single":["https:\/\/kabinam.lt\/wp-content\/uploads\/2024\/10\/1721352549836-495fa32d2649490e8c9474f65379c759-goods-600x600.jpeg",600,600,true],"woocommerce_gallery_thumbnail":["https:\/\/kabinam.lt\/wp-content\/uploads\/2024\/10\/1721352549836-495fa32d2649490e8c9474f65379c759-goods-100x100.jpeg",100,100,true]},"uagb_author_info":{"display_name":"kabinam.lt","author_link":"https:\/\/kabinam.lt\/lv\/author\/"},"uagb_comment_info":0,"uagb_excerpt":"Vintage stiliaus rakt\u0173 pakabukai - Metalinis \u0161auk\u0161telio formos rakt\u0173 pakabukas su kar\u016bn\u0117le \u2013 stilingas aksesuaras kasdienai.","_links":{"self":[{"href":"https:\/\/kabinam.lt\/lv\/wp-json\/wp\/v2\/product\/3096","targetHints":{"allow":["GET"]}}],"collection":[{"href":"https:\/\/kabinam.lt\/lv\/wp-json\/wp\/v2\/product"}],"about":[{"href":"https:\/\/kabinam.lt\/lv\/wp-json\/wp\/v2\/types\/product"}],"replies":[{"embeddable":true,"href":"https:\/\/kabinam.lt\/lv\/wp-json\/wp\/v2\/comments?post=3096"}],"wp:featuredmedia":[{"embeddable":true,"href":"https:\/\/kabinam.lt\/lv\/wp-json\/wp\/v2\/media\/3106"}],"wp:attachment":[{"href":"https:\/\/kabinam.lt\/lv\/wp-json\/wp\/v2\/media?parent=3096"}],"wp:term":[{"taxonomy":"product_brand","embeddable":true,"href":"https:\/\/kabinam.lt\/lv\/wp-json\/wp\/v2\/product_brand?post=3096"},{"taxonomy":"product_cat","embeddable":true,"href":"https:\/\/kabinam.lt\/lv\/wp-json\/wp\/v2\/product_cat?post=3096"},{"taxonomy":"product_tag","embeddable":true,"href":"https:\/\/kabinam.lt\/lv\/wp-json\/wp\/v2\/product_tag?post=3096"}],"curies":[{"name":"wp","href":"https:\/\/api.w.org\/{rel}","templated":true}]}}