{"id":2943,"date":"2024-08-18T12:30:22","date_gmt":"2024-08-18T09:30:22","guid":{"rendered":"https:\/\/kabinam.lt\/?post_type=product&#038;p=2943"},"modified":"2026-01-03T18:48:06","modified_gmt":"2026-01-03T16:48:06","slug":"motocikla-atslegas-pults-im-parak-neveikls","status":"publish","type":"product","link":"https:\/\/kabinam.lt\/lv\/product\/motociklo-raktu-pakabukas-im-too-clumsy\/","title":{"rendered":"Es esmu p\u0101r\u0101k neveikls motocikla atsl\u0113gu piekari\u0146\u0161 - roz\u0101 kr\u0101s\u0101"},"content":{"rendered":"<div class=\"kk-star-ratings kksr-auto kksr-align-left kksr-valign-top\"\n    data-payload='{&quot;align&quot;:&quot;left&quot;,&quot;id&quot;:&quot;2943&quot;,&quot;slug&quot;:&quot;default&quot;,&quot;valign&quot;:&quot;top&quot;,&quot;ignore&quot;:&quot;&quot;,&quot;reference&quot;:&quot;auto&quot;,&quot;class&quot;:&quot;&quot;,&quot;count&quot;:&quot;0&quot;,&quot;legendonly&quot;:&quot;&quot;,&quot;readonly&quot;:&quot;&quot;,&quot;score&quot;:&quot;0&quot;,&quot;starsonly&quot;:&quot;&quot;,&quot;best&quot;:&quot;5&quot;,&quot;gap&quot;:&quot;5&quot;,&quot;greet&quot;:&quot;Mums svarbus j\u016bs\u0173 \u012fvertinimas&quot;,&quot;legend&quot;:&quot;0\\\/5 - (0 votes)&quot;,&quot;size&quot;:&quot;24&quot;,&quot;title&quot;:&quot;Motociklo Rakt\u0173 Pakabukas I\\u0026#039;m Too Clumsy \u2013 Ro\u017einis&quot;,&quot;width&quot;:&quot;0&quot;,&quot;_legend&quot;:&quot;{score}\\\/{best} - ({count} {votes})&quot;,&quot;font_factor&quot;:&quot;1.25&quot;}'>\n            \n<div class=\"kksr-stars\">\n    \n<div class=\"kksr-stars-inactive\">\n            <div class=\"kksr-star\" data-star=\"1\" style=\"padding-right: 5px\">\n            \n\n<div class=\"kksr-icon\" style=\"width: 24px; height: 24px;\"><\/div>\n        <\/div>\n            <div class=\"kksr-star\" data-star=\"2\" style=\"padding-right: 5px\">\n            \n\n<div class=\"kksr-icon\" style=\"width: 24px; height: 24px;\"><\/div>\n        <\/div>\n            <div class=\"kksr-star\" data-star=\"3\" style=\"padding-right: 5px\">\n            \n\n<div class=\"kksr-icon\" style=\"width: 24px; height: 24px;\"><\/div>\n        <\/div>\n            <div class=\"kksr-star\" data-star=\"4\" style=\"padding-right: 5px\">\n            \n\n<div class=\"kksr-icon\" style=\"width: 24px; height: 24px;\"><\/div>\n        <\/div>\n            <div class=\"kksr-star\" data-star=\"5\" style=\"padding-right: 5px\">\n            \n\n<div class=\"kksr-icon\" style=\"width: 24px; height: 24px;\"><\/div>\n        <\/div>\n    <\/div>\n    \n<div class=\"kksr-stars-active\" style=\"width: 0px;\">\n            <div class=\"kksr-star\" style=\"padding-right: 5px\">\n            \n\n<div class=\"kksr-icon\" style=\"width: 24px; height: 24px;\"><\/div>\n        <\/div>\n            <div class=\"kksr-star\" style=\"padding-right: 5px\">\n            \n\n<div class=\"kksr-icon\" style=\"width: 24px; height: 24px;\"><\/div>\n        <\/div>\n            <div class=\"kksr-star\" style=\"padding-right: 5px\">\n            \n\n<div class=\"kksr-icon\" style=\"width: 24px; height: 24px;\"><\/div>\n        <\/div>\n            <div class=\"kksr-star\" style=\"padding-right: 5px\">\n            \n\n<div class=\"kksr-icon\" style=\"width: 24px; height: 24px;\"><\/div>\n        <\/div>\n            <div class=\"kksr-star\" style=\"padding-right: 5px\">\n            \n\n<div class=\"kksr-icon\" style=\"width: 24px; height: 24px;\"><\/div>\n        <\/div>\n    <\/div>\n<\/div>\n                \n\n<div class=\"kksr-legend\" style=\"font-size: 19.2px;\">\n            <span class=\"kksr-muted\">Mums ir svar\u012bgs j\u016bsu nov\u0113rt\u0113jums<\/span>\n    <\/div>\n    <\/div>\n<h4 class=\"\" data-start=\"219\" data-end=\"243\"><strong data-start=\"224\" data-end=\"241\">Par produktu<\/strong><\/h4>\n<p class=\"\" data-start=\"244\" data-end=\"655\">Motocikla atsl\u0113gu piekari\u0146\u0161 ir ne tikai praktisks, bet ar\u012b \u013coti izteiksm\u012bgs aksesu\u0101rs motociklistiem. Tas ir ide\u0101li piem\u0113rots tiem, kas nov\u0113rt\u0113 ne tikai funkcionalit\u0101ti, bet ar\u012b soci\u0101los koment\u0101rus. Roz\u0101 dizains ar drosm\u012bgu uzrakstu \u201eEs esmu p\u0101r\u0101k neveikls, lai b\u016btu blakus trauslai v\u012bri\u0161\u0137\u012bbai\u201c pau\u017e sp\u0113c\u012bgu v\u0113st\u012bjumu. \u0160is motocikla atsl\u0113gu piekari\u0146\u0161 ir piem\u0113rots gan ikdienas lieto\u0161anai, gan k\u0101 d\u0101vana.<\/p>\n<h4 class=\"\" data-start=\"657\" data-end=\"696\"><strong data-start=\"662\" data-end=\"694\">Funkcionalit\u0101te un Lieto\u0161ana<\/strong><\/h4>\n<p class=\"\" data-start=\"697\" data-end=\"1045\">Piekari\u0146\u0161 ir izstr\u0101d\u0101ts t\u0101, lai b\u016btu iztur\u012bgs un \u0113rts ikdienas lieto\u0161anai. Iztur\u012bgais audums nodro\u0161ina iztur\u012bbu, un kvalitat\u012bvais met\u0101la gredzens \u013cauj to viegli piestiprin\u0101t pie motocikla vai automa\u0161\u012bnas atsl\u0113g\u0101m. Motocikla atsl\u0113gu piekari\u0146\u0161 <em data-start=\"931\" data-end=\"947\">Es esmu p\u0101r\u0101k neveikls<\/em> saglab\u0101 formu pat intens\u012bvas lieto\u0161anas gad\u012bjum\u0101. Tas ir ar\u012b lieliski piem\u0113rots bag\u0101\u017eai vai mugursom\u0101m.<\/p>\n<h4 class=\"\" data-start=\"1047\" data-end=\"1076\"><strong data-start=\"1052\" data-end=\"1074\">Dizains un Kvalit\u0101te<\/strong><\/h4>\n<p class=\"\" data-start=\"1077\" data-end=\"1417\">Roz\u0101 kr\u0101sa padara aksesu\u0101ru izce\u013cas no pel\u0113k\u0101s masas. Uzraksts ir skaidri redzams un kontrast\u0113jo\u0161s, padarot to par \u012bstu stila akcentu. Materi\u0101ls ir iztur\u012bgs un notur\u012bgs pret ikdienas nodilumu. Katra \u0161uve ir prec\u012bza, un gredzens ir uzticams. Atsl\u0113gu piekari\u0146\u0161 <em data-start=\"1362\" data-end=\"1378\">Es esmu p\u0101r\u0101k neveikls<\/em> atspogu\u013co ne tikai gaumi, bet ar\u012b attieksmi.<\/p>\n<h4 class=\"\" data-start=\"1419\" data-end=\"1450\"><strong data-start=\"1424\" data-end=\"1448\">K\u0101p\u0113c izv\u0113l\u0113ties?<\/strong><\/h4>\n<p class=\"\" data-start=\"1451\" data-end=\"2137\">\u0160is piekari\u0146\u0161 ir kas vair\u0101k nek\u0101 tikai atsl\u0113gu tur\u0113t\u0101js. Tas ir pazi\u0146ojums par drosmi b\u016bt pa\u0161am par sevi, pat ja tas noz\u012bm\u0113 b\u016bt mazliet ne\u0113rtam. Ja v\u0113laties izcelties un vienlaikus ieg\u016bt funkcion\u0101lu aksesu\u0101ru, motocikla atsl\u0113gu piekari\u0146\u0161. <em data-start=\"1670\" data-end=\"1686\">Es esmu p\u0101r\u0101k neveikls<\/em> ir tie\u0161i tas, ko mekl\u0113jat. Ide\u0101li piem\u0113rots j\u016bsu atsl\u0113gu sai\u0161\u0137im vai k\u0101 d\u0101vana motociklistam, kur\u0161 nebaid\u0101s izr\u0101d\u012bt savu attieksmi. Apmekl\u0113jiet m\u016bs <a class=\"\" href=\"https:\/\/kabinam.lt\/lv\/produkta-kategorija-2\/motocikla-atslegu-piekarini\/\" target=\"_new\" rel=\"noopener\" data-start=\"1840\" data-end=\"1941\">motociklu atsl\u0113gu pults kategorija<\/a> un atrodiet v\u0113l unik\u0101l\u0101kas iesp\u0113jas. Skat\u012bt ar\u012b <a target=\"_new\" rel=\"noopener\" data-start=\"2010\" data-end=\"2136\">\u0101r\u0113js avots par motociklu piederumu tendenc\u0113m<\/a>.<\/p>","protected":false},"excerpt":{"rendered":"<p>Roz\u0101 motocikla atsl\u0113gu piekari\u0146\u0161 ar izteiksm\u012bgu uzrakstu \u201eEs esmu p\u0101r\u0101k neveikls, lai b\u016btu blakus trauslai v\u012bri\u0161\u0137\u012bbai\u201c. Drosm\u012bgiem motociklistiem!<\/p>","protected":false},"featured_media":2941,"comment_status":"closed","ping_status":"closed","template":"","meta":{"_uag_custom_page_level_css":"","site-sidebar-layout":"default","site-content-layout":"","ast-site-content-layout":"default","site-content-style":"default","site-sidebar-style":"default","ast-global-header-display":"","ast-banner-title-visibility":"","ast-main-header-display":"","ast-hfb-above-header-display":"","ast-hfb-below-header-display":"","ast-hfb-mobile-header-display":"","site-post-title":"","ast-breadcrumbs-content":"","ast-featured-img":"","footer-sml-layout":"","ast-disable-related-posts":"","theme-transparent-header-meta":"default","adv-header-id-meta":"","stick-header-meta":"","header-above-stick-meta":"","header-main-stick-meta":"","header-below-stick-meta":"","astra-migrate-meta-layouts":"set","ast-page-background-enabled":"default","ast-page-background-meta":{"desktop":{"background-color":"var(--ast-global-color-4)","background-image":"","background-repeat":"repeat","background-position":"center center","background-size":"auto","background-attachment":"scroll","background-type":"","background-media":"","overlay-type":"","overlay-color":"","overlay-opacity":"","overlay-gradient":""},"tablet":{"background-color":"","background-image":"","background-repeat":"repeat","background-position":"center center","background-size":"auto","background-attachment":"scroll","background-type":"","background-media":"","overlay-type":"","overlay-color":"","overlay-opacity":"","overlay-gradient":""},"mobile":{"background-color":"","background-image":"","background-repeat":"repeat","background-position":"center center","background-size":"auto","background-attachment":"scroll","background-type":"","background-media":"","overlay-type":"","overlay-color":"","overlay-opacity":"","overlay-gradient":""}},"ast-content-background-meta":{"desktop":{"background-color":"var(--ast-global-color-5)","background-image":"","background-repeat":"repeat","background-position":"center center","background-size":"auto","background-attachment":"scroll","background-type":"","background-media":"","overlay-type":"","overlay-color":"","overlay-opacity":"","overlay-gradient":""},"tablet":{"background-color":"var(--ast-global-color-5)","background-image":"","background-repeat":"repeat","background-position":"center center","background-size":"auto","background-attachment":"scroll","background-type":"","background-media":"","overlay-type":"","overlay-color":"","overlay-opacity":"","overlay-gradient":""},"mobile":{"background-color":"var(--ast-global-color-5)","background-image":"","background-repeat":"repeat","background-position":"center center","background-size":"auto","background-attachment":"scroll","background-type":"","background-media":"","overlay-type":"","overlay-color":"","overlay-opacity":"","overlay-gradient":""}}},"product_brand":[],"product_cat":[126,91],"product_tag":[],"class_list":{"0":"post-2943","1":"product","2":"type-product","3":"status-publish","4":"has-post-thumbnail","6":"product_cat-visi","7":"product_cat-motociklo-raktu-pakabukai","8":"desktop-align-center","9":"tablet-align-left","10":"mobile-align-left","12":"first","13":"outofstock","14":"shipping-taxable","15":"purchasable","16":"product-type-simple"},"yoast_head":"<!-- This site is optimized with the Yoast SEO plugin v27.1.1 - https:\/\/yoast.com\/product\/yoast-seo-wordpress\/ -->\n<title>Motociklo Rakt\u0173 Pakabukas I&#039;m Too Clumsy \u2013 Ro\u017einis<\/title>\n<meta name=\"description\" content=\"Motociklo rakt\u0173 pakabukas I&#039;m Too Clumsy \u2013 ro\u017einis, tvirtas ir originalus aksesuaras dr\u0105siems motociklistams.\" \/>\n<meta name=\"robots\" content=\"index, follow, max-snippet:-1, max-image-preview:large, max-video-preview:-1\" \/>\n<link rel=\"canonical\" href=\"https:\/\/kabinam.lt\/lv\/produkts\/motocikla-atslegas-pults-im-parak-neveikls\/\" \/>\n<meta property=\"og:locale\" content=\"lv_LV\" \/>\n<meta property=\"og:type\" content=\"article\" \/>\n<meta property=\"og:title\" content=\"Motociklo Rakt\u0173 Pakabukas I&#039;m Too Clumsy \u2013 Ro\u017einis\" \/>\n<meta property=\"og:description\" content=\"Motociklo rakt\u0173 pakabukas I&#039;m Too Clumsy \u2013 ro\u017einis, tvirtas ir originalus aksesuaras dr\u0105siems motociklistams.\" \/>\n<meta property=\"og:url\" content=\"https:\/\/kabinam.lt\/lv\/produkts\/motocikla-atslegas-pults-im-parak-neveikls\/\" \/>\n<meta property=\"og:site_name\" content=\"kabinam.lt\" \/>\n<meta property=\"article:modified_time\" content=\"2026-01-03T16:48:06+00:00\" \/>\n<meta property=\"og:image\" content=\"https:\/\/kabinam.lt\/wp-content\/uploads\/2024\/08\/1681704449542-592bdd13eae8451aa3afe65808a36895-goods.jpeg\" \/>\n\t<meta property=\"og:image:width\" content=\"1200\" \/>\n\t<meta property=\"og:image:height\" content=\"1200\" \/>\n\t<meta property=\"og:image:type\" content=\"image\/jpeg\" \/>\n<meta name=\"twitter:card\" content=\"summary_large_image\" \/>\n<meta name=\"twitter:label1\" content=\"Est. reading time\" \/>\n\t<meta name=\"twitter:data1\" content=\"2 min\u016btes\" \/>\n<script type=\"application\/ld+json\" class=\"yoast-schema-graph\">{\"@context\":\"https:\/\/schema.org\",\"@graph\":[{\"@type\":[\"WebPage\",\"ItemPage\"],\"@id\":\"https:\/\/kabinam.lt\/product\/motociklo-raktu-pakabukas-im-too-clumsy\/\",\"url\":\"https:\/\/kabinam.lt\/product\/motociklo-raktu-pakabukas-im-too-clumsy\/\",\"name\":\"Motociklo Rakt\u0173 Pakabukas I'm Too Clumsy \u2013 Ro\u017einis\",\"isPartOf\":{\"@id\":\"https:\/\/kabinam.lt\/#website\"},\"primaryImageOfPage\":{\"@id\":\"https:\/\/kabinam.lt\/product\/motociklo-raktu-pakabukas-im-too-clumsy\/#primaryimage\"},\"image\":{\"@id\":\"https:\/\/kabinam.lt\/product\/motociklo-raktu-pakabukas-im-too-clumsy\/#primaryimage\"},\"thumbnailUrl\":\"https:\/\/kabinam.lt\/wp-content\/uploads\/2024\/08\/1681704449542-592bdd13eae8451aa3afe65808a36895-goods.jpeg\",\"datePublished\":\"2024-08-18T09:30:22+00:00\",\"dateModified\":\"2026-01-03T16:48:06+00:00\",\"description\":\"Motociklo rakt\u0173 pakabukas I'm Too Clumsy \u2013 ro\u017einis, tvirtas ir originalus aksesuaras dr\u0105siems motociklistams.\",\"breadcrumb\":{\"@id\":\"https:\/\/kabinam.lt\/product\/motociklo-raktu-pakabukas-im-too-clumsy\/#breadcrumb\"},\"inLanguage\":\"lv-LV\",\"potentialAction\":[{\"@type\":\"ReadAction\",\"target\":[\"https:\/\/kabinam.lt\/product\/motociklo-raktu-pakabukas-im-too-clumsy\/\"]}]},{\"@type\":\"ImageObject\",\"inLanguage\":\"lv-LV\",\"@id\":\"https:\/\/kabinam.lt\/product\/motociklo-raktu-pakabukas-im-too-clumsy\/#primaryimage\",\"url\":\"https:\/\/kabinam.lt\/wp-content\/uploads\/2024\/08\/1681704449542-592bdd13eae8451aa3afe65808a36895-goods.jpeg\",\"contentUrl\":\"https:\/\/kabinam.lt\/wp-content\/uploads\/2024\/08\/1681704449542-592bdd13eae8451aa3afe65808a36895-goods.jpeg\",\"width\":1200,\"height\":1200,\"caption\":\"Pakabukas motociklo raktams \u2013 I'm Too Clumsy\"},{\"@type\":\"BreadcrumbList\",\"@id\":\"https:\/\/kabinam.lt\/product\/motociklo-raktu-pakabukas-im-too-clumsy\/#breadcrumb\",\"itemListElement\":[{\"@type\":\"ListItem\",\"position\":1,\"name\":\"Home\",\"item\":\"https:\/\/kabinam.lt\/\"},{\"@type\":\"ListItem\",\"position\":2,\"name\":\"Visi Produktai\",\"item\":\"https:\/\/kabinam.lt\/visi-produktai\/\"},{\"@type\":\"ListItem\",\"position\":3,\"name\":\"Motociklo Rakt\u0173 Pakabukas I&#8217;m Too Clumsy \u2013 Ro\u017einis\"}]},{\"@type\":\"WebSite\",\"@id\":\"https:\/\/kabinam.lt\/#website\",\"url\":\"https:\/\/kabinam.lt\/\",\"name\":\"kabinam.lt\",\"description\":\"Kabinam.lt \u2013 raktu pakabukai ir aksesuarai\",\"publisher\":{\"@id\":\"https:\/\/kabinam.lt\/#organization\"},\"alternateName\":\"pakabukai lt\",\"potentialAction\":[{\"@type\":\"SearchAction\",\"target\":{\"@type\":\"EntryPoint\",\"urlTemplate\":\"https:\/\/kabinam.lt\/?s={search_term_string}\"},\"query-input\":{\"@type\":\"PropertyValueSpecification\",\"valueRequired\":true,\"valueName\":\"search_term_string\"}}],\"inLanguage\":\"lv-LV\"},{\"@type\":\"Organization\",\"@id\":\"https:\/\/kabinam.lt\/#organization\",\"name\":\"kabinam.lt\",\"alternateName\":\"kabinam\",\"url\":\"https:\/\/kabinam.lt\/\",\"logo\":{\"@type\":\"ImageObject\",\"inLanguage\":\"lv-LV\",\"@id\":\"https:\/\/kabinam.lt\/#\/schema\/logo\/image\/\",\"url\":\"https:\/\/kabinam.lt\/wp-content\/uploads\/2025\/05\/KABINAM_outer_glow.png\",\"contentUrl\":\"https:\/\/kabinam.lt\/wp-content\/uploads\/2025\/05\/KABINAM_outer_glow.png\",\"width\":474,\"height\":141,\"caption\":\"kabinam.lt\"},\"image\":{\"@id\":\"https:\/\/kabinam.lt\/#\/schema\/logo\/image\/\"}}]}<\/script>\n<!-- \/ Yoast SEO plugin. -->","yoast_head_json":{"title":"Es esmu p\u0101r\u0101k neveikls motocikla atsl\u0113gu piekari\u0146\u0161 - roz\u0101 kr\u0101s\u0101","description":"I'm Too Clumsy motocikla atsl\u0113gu piekari\u0146\u0161 - roz\u0101, iztur\u012bgs un ori\u0123in\u0101ls aksesu\u0101rs drosm\u012bgiem motociklistiem.","robots":{"index":"index","follow":"follow","max-snippet":"max-snippet:-1","max-image-preview":"max-image-preview:large","max-video-preview":"max-video-preview:-1"},"canonical":"https:\/\/kabinam.lt\/lv\/produkts\/motocikla-atslegas-pults-im-parak-neveikls\/","og_locale":"lv_LV","og_type":"article","og_title":"Motociklo Rakt\u0173 Pakabukas I'm Too Clumsy \u2013 Ro\u017einis","og_description":"Motociklo rakt\u0173 pakabukas I'm Too Clumsy \u2013 ro\u017einis, tvirtas ir originalus aksesuaras dr\u0105siems motociklistams.","og_url":"https:\/\/kabinam.lt\/lv\/produkts\/motocikla-atslegas-pults-im-parak-neveikls\/","og_site_name":"kabinam.lt","article_modified_time":"2026-01-03T16:48:06+00:00","og_image":[{"width":1200,"height":1200,"url":"https:\/\/kabinam.lt\/wp-content\/uploads\/2024\/08\/1681704449542-592bdd13eae8451aa3afe65808a36895-goods.jpeg","type":"image\/jpeg"}],"twitter_card":"summary_large_image","twitter_misc":{"Est. reading time":"2 min\u016btes"},"schema":{"@context":"https:\/\/schema.org","@graph":[{"@type":["WebPage","ItemPage"],"@id":"https:\/\/kabinam.lt\/product\/motociklo-raktu-pakabukas-im-too-clumsy\/","url":"https:\/\/kabinam.lt\/product\/motociklo-raktu-pakabukas-im-too-clumsy\/","name":"Es esmu p\u0101r\u0101k neveikls motocikla atsl\u0113gu piekari\u0146\u0161 - roz\u0101 kr\u0101s\u0101","isPartOf":{"@id":"https:\/\/kabinam.lt\/#website"},"primaryImageOfPage":{"@id":"https:\/\/kabinam.lt\/product\/motociklo-raktu-pakabukas-im-too-clumsy\/#primaryimage"},"image":{"@id":"https:\/\/kabinam.lt\/product\/motociklo-raktu-pakabukas-im-too-clumsy\/#primaryimage"},"thumbnailUrl":"https:\/\/kabinam.lt\/wp-content\/uploads\/2024\/08\/1681704449542-592bdd13eae8451aa3afe65808a36895-goods.jpeg","datePublished":"2024-08-18T09:30:22+00:00","dateModified":"2026-01-03T16:48:06+00:00","description":"I'm Too Clumsy motocikla atsl\u0113gu piekari\u0146\u0161 - roz\u0101, iztur\u012bgs un ori\u0123in\u0101ls aksesu\u0101rs drosm\u012bgiem motociklistiem.","breadcrumb":{"@id":"https:\/\/kabinam.lt\/product\/motociklo-raktu-pakabukas-im-too-clumsy\/#breadcrumb"},"inLanguage":"lv-LV","potentialAction":[{"@type":"ReadAction","target":["https:\/\/kabinam.lt\/product\/motociklo-raktu-pakabukas-im-too-clumsy\/"]}]},{"@type":"ImageObject","inLanguage":"lv-LV","@id":"https:\/\/kabinam.lt\/product\/motociklo-raktu-pakabukas-im-too-clumsy\/#primaryimage","url":"https:\/\/kabinam.lt\/wp-content\/uploads\/2024\/08\/1681704449542-592bdd13eae8451aa3afe65808a36895-goods.jpeg","contentUrl":"https:\/\/kabinam.lt\/wp-content\/uploads\/2024\/08\/1681704449542-592bdd13eae8451aa3afe65808a36895-goods.jpeg","width":1200,"height":1200,"caption":"Pakabukas motociklo raktams \u2013 I'm Too Clumsy"},{"@type":"BreadcrumbList","@id":"https:\/\/kabinam.lt\/product\/motociklo-raktu-pakabukas-im-too-clumsy\/#breadcrumb","itemListElement":[{"@type":"ListItem","position":1,"name":"Home","item":"https:\/\/kabinam.lt\/"},{"@type":"ListItem","position":2,"name":"Visi Produktai","item":"https:\/\/kabinam.lt\/visi-produktai\/"},{"@type":"ListItem","position":3,"name":"Motociklo Rakt\u0173 Pakabukas I&#8217;m Too Clumsy \u2013 Ro\u017einis"}]},{"@type":"WebSite","@id":"https:\/\/kabinam.lt\/#website","url":"https:\/\/kabinam.lt\/","name":"kabinam.lt","description":"Kabinam.lt - atsl\u0113gu piekari\u0146i un aksesu\u0101ri","publisher":{"@id":"https:\/\/kabinam.lt\/#organization"},"alternateName":"pakabukai lt","potentialAction":[{"@type":"SearchAction","target":{"@type":"EntryPoint","urlTemplate":"https:\/\/kabinam.lt\/?s={search_term_string}"},"query-input":{"@type":"PropertyValueSpecification","valueRequired":true,"valueName":"search_term_string"}}],"inLanguage":"lv-LV"},{"@type":"Organization","@id":"https:\/\/kabinam.lt\/#organization","name":"kabinam.lt","alternateName":"kabinam","url":"https:\/\/kabinam.lt\/","logo":{"@type":"ImageObject","inLanguage":"lv-LV","@id":"https:\/\/kabinam.lt\/#\/schema\/logo\/image\/","url":"https:\/\/kabinam.lt\/wp-content\/uploads\/2025\/05\/KABINAM_outer_glow.png","contentUrl":"https:\/\/kabinam.lt\/wp-content\/uploads\/2025\/05\/KABINAM_outer_glow.png","width":474,"height":141,"caption":"kabinam.lt"},"image":{"@id":"https:\/\/kabinam.lt\/#\/schema\/logo\/image\/"}}]}},"uagb_featured_image_src":{"full":["https:\/\/kabinam.lt\/wp-content\/uploads\/2024\/08\/1681704449542-592bdd13eae8451aa3afe65808a36895-goods.jpeg",1200,1200,false],"thumbnail":["https:\/\/kabinam.lt\/wp-content\/uploads\/2024\/08\/1681704449542-592bdd13eae8451aa3afe65808a36895-goods-150x150.jpeg",150,150,true],"medium":["https:\/\/kabinam.lt\/wp-content\/uploads\/2024\/08\/1681704449542-592bdd13eae8451aa3afe65808a36895-goods-300x300.jpeg",300,300,true],"medium_large":["https:\/\/kabinam.lt\/wp-content\/uploads\/2024\/08\/1681704449542-592bdd13eae8451aa3afe65808a36895-goods-768x768.jpeg",768,768,true],"large":["https:\/\/kabinam.lt\/wp-content\/uploads\/2024\/08\/1681704449542-592bdd13eae8451aa3afe65808a36895-goods-1024x1024.jpeg",1024,1024,true],"1536x1536":["https:\/\/kabinam.lt\/wp-content\/uploads\/2024\/08\/1681704449542-592bdd13eae8451aa3afe65808a36895-goods.jpeg",1200,1200,false],"2048x2048":["https:\/\/kabinam.lt\/wp-content\/uploads\/2024\/08\/1681704449542-592bdd13eae8451aa3afe65808a36895-goods.jpeg",1200,1200,false],"trp-custom-language-flag":["https:\/\/kabinam.lt\/wp-content\/uploads\/2024\/08\/1681704449542-592bdd13eae8451aa3afe65808a36895-goods.jpeg",12,12,false],"woocommerce_thumbnail":["https:\/\/kabinam.lt\/wp-content\/uploads\/2024\/08\/1681704449542-592bdd13eae8451aa3afe65808a36895-goods-300x300.jpeg",300,300,true],"woocommerce_single":["https:\/\/kabinam.lt\/wp-content\/uploads\/2024\/08\/1681704449542-592bdd13eae8451aa3afe65808a36895-goods-600x600.jpeg",600,600,true],"woocommerce_gallery_thumbnail":["https:\/\/kabinam.lt\/wp-content\/uploads\/2024\/08\/1681704449542-592bdd13eae8451aa3afe65808a36895-goods-100x100.jpeg",100,100,true]},"uagb_author_info":{"display_name":"kabinam.lt","author_link":"https:\/\/kabinam.lt\/lv\/author\/"},"uagb_comment_info":0,"uagb_excerpt":"Ro\u017einis motociklo rakt\u0173 pakabukas su i\u0161rai\u0161kingu u\u017era\u0161u \u201eI'm too clumsy to be around fragile masculinity\u201c. Dr\u0105siems motociklistams!","_links":{"self":[{"href":"https:\/\/kabinam.lt\/lv\/wp-json\/wp\/v2\/product\/2943","targetHints":{"allow":["GET"]}}],"collection":[{"href":"https:\/\/kabinam.lt\/lv\/wp-json\/wp\/v2\/product"}],"about":[{"href":"https:\/\/kabinam.lt\/lv\/wp-json\/wp\/v2\/types\/product"}],"replies":[{"embeddable":true,"href":"https:\/\/kabinam.lt\/lv\/wp-json\/wp\/v2\/comments?post=2943"}],"wp:featuredmedia":[{"embeddable":true,"href":"https:\/\/kabinam.lt\/lv\/wp-json\/wp\/v2\/media\/2941"}],"wp:attachment":[{"href":"https:\/\/kabinam.lt\/lv\/wp-json\/wp\/v2\/media?parent=2943"}],"wp:term":[{"taxonomy":"product_brand","embeddable":true,"href":"https:\/\/kabinam.lt\/lv\/wp-json\/wp\/v2\/product_brand?post=2943"},{"taxonomy":"product_cat","embeddable":true,"href":"https:\/\/kabinam.lt\/lv\/wp-json\/wp\/v2\/product_cat?post=2943"},{"taxonomy":"product_tag","embeddable":true,"href":"https:\/\/kabinam.lt\/lv\/wp-json\/wp\/v2\/product_tag?post=2943"}],"curies":[{"name":"wp","href":"https:\/\/api.w.org\/{rel}","templated":true}]}}