{"id":2930,"date":"2024-08-18T12:10:43","date_gmt":"2024-08-18T09:10:43","guid":{"rendered":"https:\/\/kabinam.lt\/?post_type=product&#038;p=2930"},"modified":"2026-01-18T15:30:02","modified_gmt":"2026-01-18T13:30:02","slug":"kudits-adas-atslegu-karabins","status":"publish","type":"product","link":"https:\/\/kabinam.lt\/lv\/product\/pintas-odinis-raktu-pakabukas\/","title":{"rendered":"P\u012bta \u0101das atsl\u0113gu piekari\u0146\u0161 ar telefona numura v\u0101ci\u0146u"},"content":{"rendered":"\n\n<div class=\"kk-star-ratings kksr-auto kksr-align-left kksr-valign-top\"\n    data-payload='{&quot;align&quot;:&quot;left&quot;,&quot;id&quot;:&quot;2930&quot;,&quot;slug&quot;:&quot;default&quot;,&quot;valign&quot;:&quot;top&quot;,&quot;ignore&quot;:&quot;&quot;,&quot;reference&quot;:&quot;auto&quot;,&quot;class&quot;:&quot;&quot;,&quot;count&quot;:&quot;0&quot;,&quot;legendonly&quot;:&quot;&quot;,&quot;readonly&quot;:&quot;&quot;,&quot;score&quot;:&quot;0&quot;,&quot;starsonly&quot;:&quot;&quot;,&quot;best&quot;:&quot;5&quot;,&quot;gap&quot;:&quot;5&quot;,&quot;greet&quot;:&quot;Mums svarbus j\u016bs\u0173 \u012fvertinimas&quot;,&quot;legend&quot;:&quot;0\\\/5 - (0 votes)&quot;,&quot;size&quot;:&quot;24&quot;,&quot;title&quot;:&quot;Pintas odinis rakt\u0173 pakabukas su telefono numerio d\u0117kliuku&quot;,&quot;width&quot;:&quot;0&quot;,&quot;_legend&quot;:&quot;{score}\\\/{best} - ({count} {votes})&quot;,&quot;font_factor&quot;:&quot;1.25&quot;}'>\n            \n<div class=\"kksr-stars\">\n    \n<div class=\"kksr-stars-inactive\">\n            <div class=\"kksr-star\" data-star=\"1\" style=\"padding-right: 5px\">\n            \n\n<div class=\"kksr-icon\" style=\"width: 24px; height: 24px;\"><\/div>\n        <\/div>\n            <div class=\"kksr-star\" data-star=\"2\" style=\"padding-right: 5px\">\n            \n\n<div class=\"kksr-icon\" style=\"width: 24px; height: 24px;\"><\/div>\n        <\/div>\n            <div class=\"kksr-star\" data-star=\"3\" style=\"padding-right: 5px\">\n            \n\n<div class=\"kksr-icon\" style=\"width: 24px; height: 24px;\"><\/div>\n        <\/div>\n            <div class=\"kksr-star\" data-star=\"4\" style=\"padding-right: 5px\">\n            \n\n<div class=\"kksr-icon\" style=\"width: 24px; height: 24px;\"><\/div>\n        <\/div>\n            <div class=\"kksr-star\" data-star=\"5\" style=\"padding-right: 5px\">\n            \n\n<div class=\"kksr-icon\" style=\"width: 24px; height: 24px;\"><\/div>\n        <\/div>\n    <\/div>\n    \n<div class=\"kksr-stars-active\" style=\"width: 0px;\">\n            <div class=\"kksr-star\" style=\"padding-right: 5px\">\n            \n\n<div class=\"kksr-icon\" style=\"width: 24px; height: 24px;\"><\/div>\n        <\/div>\n            <div class=\"kksr-star\" style=\"padding-right: 5px\">\n            \n\n<div class=\"kksr-icon\" style=\"width: 24px; height: 24px;\"><\/div>\n        <\/div>\n            <div class=\"kksr-star\" style=\"padding-right: 5px\">\n            \n\n<div class=\"kksr-icon\" style=\"width: 24px; height: 24px;\"><\/div>\n        <\/div>\n            <div class=\"kksr-star\" style=\"padding-right: 5px\">\n            \n\n<div class=\"kksr-icon\" style=\"width: 24px; height: 24px;\"><\/div>\n        <\/div>\n            <div class=\"kksr-star\" style=\"padding-right: 5px\">\n            \n\n<div class=\"kksr-icon\" style=\"width: 24px; height: 24px;\"><\/div>\n        <\/div>\n    <\/div>\n<\/div>\n                \n\n<div class=\"kksr-legend\" style=\"font-size: 19.2px;\">\n            <span class=\"kksr-muted\">Mums svarbus j\u016bs\u0173 \u012fvertinimas<\/span>\n    <\/div>\n    <\/div>\n<h4 data-start=\"100\" data-end=\"143\">Patikima apsauga ir stilingas dizainas<\/h4>\n<p data-start=\"145\" data-end=\"257\"><span class=\"relative -mx-px my-[-0.2rem] rounded px-px py-[0.2rem] transition-colors duration-100 ease-in-out\">Pintas odinis rakt\u0173 pakabukas su telefono numerio d\u0117kliuku \u2013 tai prakti\u0161kas ir stilingas aksesuaras, skirtas tiems, kurie vertina funkcionalum\u0105 ir estetik\u0105.<\/span> <span class=\"relative -mx-px my-[-0.2rem] rounded px-px py-[0.2rem] transition-colors duration-100 ease-in-out\">Pagamintas i\u0161 auk\u0161tos kokyb\u0117s odos, \u0161is pakabukas ne tik saugo j\u016bs\u0173 raktus, bet ir padeda greitai identifikuoti savinink\u0105 pametus daiktus.<\/span><\/p>\n<h4 data-start=\"259\" data-end=\"299\">Unikalus telefono numerio d\u0117kliukas<\/h4>\n<p data-start=\"301\" data-end=\"457\"><span class=\"relative -mx-px my-[-0.2rem] rounded px-px py-[0.2rem] transition-colors duration-100 ease-in-out\">Pakabuko komplekte yra skai\u010di\u0173 rinkinys, leid\u017eiantis \u012fra\u0161yti savo telefono numer\u012f.<\/span> <span class=\"relative -mx-px my-[-0.2rem] rounded px-px py-[0.2rem] transition-colors duration-100 ease-in-out\">Tai ypa\u010d naudinga, jei pametate raktus \u2013 rad\u0117jas gal\u0117s lengvai su jumis susisiekti.<\/span> <span class=\"relative -mx-px my-[-0.2rem] rounded px-px py-[0.2rem] transition-colors duration-100 ease-in-out\">\u0160i funkcija suteikia papildom\u0105 saugumo jausm\u0105 ir padidina tikimyb\u0119 susigr\u0105\u017einti prarastus daiktus.<\/span><\/p>\n<h4 data-start=\"459\" data-end=\"489\">Auk\u0161tos kokyb\u0117s med\u017eiagos<\/h4>\n<p data-start=\"491\" data-end=\"609\"><span class=\"relative -mx-px my-[-0.2rem] rounded px-px py-[0.2rem] transition-colors duration-100 ease-in-out\">Pakabukas pagamintas i\u0161 nat\u016bralios odos, kuri pasi\u017eymi ilgaam\u017ei\u0161kumu ir atsparumu d\u0117v\u0117jimuisi.<\/span> <span class=\"relative -mx-px my-[-0.2rem] rounded px-px py-[0.2rem] transition-colors duration-100 ease-in-out\">Pintas dizainas suteikia aksesuarui i\u0161skirtinumo, o tvirtas metalinis \u017eiedas u\u017etikrina patikim\u0105 rakt\u0173 laikym\u0105.<\/span><span class=\"\" data-state=\"closed\"><span class=\"ms-1 inline-flex max-w-full items-center relative top-[-0.094rem] animate-[show_150ms_ease-in]\"><a class=\"flex h-4.5 overflow-hidden rounded-xl px-2 text-[0.5625em] font-medium text-token-text-secondary! bg-[#F4F4F4]! dark:bg-[#303030]! transition-colors duration-150 ease-in-out\" href=\"https:\/\/klasse-gravur.de\/ltu\/raktu-pakabukas\/pakabukas-su-teksto-graviravimu\/1786\/graviruotas-raktu-pakabukas-personalizuotas-pakabukas-su-raidziu-ir-teksto-graviravimu?utm_source=chatgpt.com\" target=\"_blank\" rel=\"noopener\"><span class=\"relative start-0 bottom-0 flex h-full w-full items-center\"><span class=\"flex h-4 w-full items-center justify-between overflow-hidden\"><span class=\"max-w-full grow truncate overflow-hidden text-center\">klasse-gravur.de<\/span><\/span><\/span><\/a><\/span><\/span><\/p>\n<h4 data-start=\"611\" data-end=\"628\">Puiki dovana<\/h4>\n<p data-start=\"630\" data-end=\"748\"><span class=\"relative -mx-px my-[-0.2rem] rounded px-px py-[0.2rem] transition-colors duration-100 ease-in-out\">\u0160is rakt\u0173 pakabukas yra puiki dovana artimiesiems ar draugams.<\/span> <span class=\"relative -mx-px my-[-0.2rem] rounded px-px py-[0.2rem] transition-colors duration-100 ease-in-out\">Jo universalus dizainas tinka tiek vyrams, tiek moterims, o prakti\u0161kumas ir stilius patenkins net i\u0161rankiausi\u0173 vartotoj\u0173 poreikius.<\/span><span class=\"ms-1 inline-flex max-w-full items-center relative top-[-0.094rem] animate-[show_150ms_ease-in]\"><a class=\"flex h-4.5 overflow-hidden rounded-xl px-2 text-[0.5625em] font-medium text-token-text-secondary! bg-[#F4F4F4]! dark:bg-[#303030]! transition-colors duration-150 ease-in-out\" href=\"https:\/\/klasse-gravur.de\/ltu\/raktu-pakabukas\/pakabukas-su-teksto-graviravimu\/1786\/graviruotas-raktu-pakabukas-personalizuotas-pakabukas-su-raidziu-ir-teksto-graviravimu?utm_source=chatgpt.com\" target=\"_blank\" rel=\"noopener\"><span class=\"relative start-0 bottom-0 flex h-full w-full items-center\"><span class=\"flex h-4 w-full items-center justify-between overflow-hidden\"><span class=\"max-w-full grow truncate overflow-hidden text-center\">klasse-gravur.de<\/span><\/span><\/span><\/a><\/span><\/p>\n<h4 data-start=\"750\" data-end=\"782\">Prie\u017ei\u016bra ir ilgaam\u017ei\u0161kumas<\/h4>\n<p data-start=\"784\" data-end=\"902\"><span class=\"relative -mx-px my-[-0.2rem] rounded px-px py-[0.2rem] transition-colors duration-100 ease-in-out\">Norint i\u0161laikyti pakabuko i\u0161vaizd\u0105 ir funkcionalum\u0105, rekomenduojama vengti tiesioginio kontakto su vandeniu ir chemikalais.<\/span> <span class=\"relative -mx-px my-[-0.2rem] rounded px-px py-[0.2rem] transition-colors duration-100 ease-in-out\">Reguliariai valykite od\u0105 specialiomis priemon\u0117mis, kad i\u0161saugotum\u0117te jos mink\u0161tum\u0105 ir spalv\u0105.<\/span><span class=\"\" data-state=\"closed\"><span class=\"ms-1 inline-flex max-w-full items-center relative top-[-0.094rem] animate-[show_150ms_ease-in]\"><a class=\"flex h-4.5 overflow-hidden rounded-xl px-2 text-[0.5625em] font-medium text-token-text-secondary! bg-[#F4F4F4]! dark:bg-[#303030]! transition-colors duration-150 ease-in-out\" href=\"https:\/\/www.lietuviskapreke.lt\/preke\/raktu-pakabukas-su-qr-kodu?utm_source=chatgpt.com\" target=\"_blank\" rel=\"noopener\"><span class=\"relative start-0 bottom-0 flex h-full w-full items-center\"><span class=\"flex h-4 w-full items-center justify-between overflow-hidden\"><span class=\"max-w-full grow truncate overflow-hidden text-center\">lietuviskapreke.lt<\/span><\/span><\/span><\/a><\/span><\/span><\/p>\n<h4 data-start=\"904\" data-end=\"924\">\u012esigykite dabar<\/h4>\n<p data-start=\"926\" data-end=\"1044\"><span class=\"relative -mx-px my-[-0.2rem] rounded px-px py-[0.2rem] transition-colors duration-100 ease-in-out\">Nor\u0117dami \u012fsigyti \u0161\u012f stiling\u0105 ir prakti\u0161k\u0105 rakt\u0173 pakabuk\u0105, apsilankykite m\u016bs\u0173 svetain\u0117je: <a href=\"https:\/\/kabinam.lt\" target=\"_new\" rel=\"noopener noreferrer\" data-start=\"89\" data-end=\"121\">kabinam.lt<\/a>.<\/span> <span class=\"relative -mx-px my-[-0.2rem] rounded px-px py-[0.2rem] transition-colors duration-100 ease-in-out\">\u010cia rasite daugiau informacijos apie produkt\u0105 ir gal\u0117site pateikti u\u017esakym\u0105.<\/span><\/p>\n","protected":false},"excerpt":{"rendered":"<p>Stilingas pintas odinis rakt\u0173 pakabukas su telefono numerio d\u0117kliuku.<\/p>","protected":false},"featured_media":2935,"comment_status":"open","ping_status":"closed","template":"","meta":{"_uag_custom_page_level_css":"","site-sidebar-layout":"default","site-content-layout":"","ast-site-content-layout":"default","site-content-style":"default","site-sidebar-style":"default","ast-global-header-display":"","ast-banner-title-visibility":"","ast-main-header-display":"","ast-hfb-above-header-display":"","ast-hfb-below-header-display":"","ast-hfb-mobile-header-display":"","site-post-title":"","ast-breadcrumbs-content":"","ast-featured-img":"","footer-sml-layout":"","ast-disable-related-posts":"","theme-transparent-header-meta":"default","adv-header-id-meta":"","stick-header-meta":"","header-above-stick-meta":"","header-main-stick-meta":"","header-below-stick-meta":"","astra-migrate-meta-layouts":"set","ast-page-background-enabled":"default","ast-page-background-meta":{"desktop":{"background-color":"var(--ast-global-color-4)","background-image":"","background-repeat":"repeat","background-position":"center center","background-size":"auto","background-attachment":"scroll","background-type":"","background-media":"","overlay-type":"","overlay-color":"","overlay-opacity":"","overlay-gradient":""},"tablet":{"background-color":"","background-image":"","background-repeat":"repeat","background-position":"center center","background-size":"auto","background-attachment":"scroll","background-type":"","background-media":"","overlay-type":"","overlay-color":"","overlay-opacity":"","overlay-gradient":""},"mobile":{"background-color":"","background-image":"","background-repeat":"repeat","background-position":"center center","background-size":"auto","background-attachment":"scroll","background-type":"","background-media":"","overlay-type":"","overlay-color":"","overlay-opacity":"","overlay-gradient":""}},"ast-content-background-meta":{"desktop":{"background-color":"var(--ast-global-color-5)","background-image":"","background-repeat":"repeat","background-position":"center center","background-size":"auto","background-attachment":"scroll","background-type":"","background-media":"","overlay-type":"","overlay-color":"","overlay-opacity":"","overlay-gradient":""},"tablet":{"background-color":"var(--ast-global-color-5)","background-image":"","background-repeat":"repeat","background-position":"center center","background-size":"auto","background-attachment":"scroll","background-type":"","background-media":"","overlay-type":"","overlay-color":"","overlay-opacity":"","overlay-gradient":""},"mobile":{"background-color":"var(--ast-global-color-5)","background-image":"","background-repeat":"repeat","background-position":"center center","background-size":"auto","background-attachment":"scroll","background-type":"","background-media":"","overlay-type":"","overlay-color":"","overlay-opacity":"","overlay-gradient":""}}},"product_brand":[],"product_cat":[125,126,95,118],"product_tag":[],"class_list":{"0":"post-2930","1":"product","2":"type-product","3":"status-publish","4":"has-post-thumbnail","6":"product_cat-halloween","7":"product_cat-visi","8":"product_cat-unikalus-raktu-pakabukai","9":"product_cat-dovana-teciui","10":"desktop-align-center","11":"tablet-align-left","12":"mobile-align-left","14":"first","15":"instock","16":"shipping-taxable","17":"purchasable","18":"product-type-variable"},"yoast_head":"<!-- This site is optimized with the Yoast SEO plugin v27.1.1 - https:\/\/yoast.com\/product\/yoast-seo-wordpress\/ -->\n<title>Pintas odinis rakt\u0173 pakabukas su telefono numerio d\u0117kliuku - kabinam.lt<\/title>\n<meta name=\"description\" content=\"Pintas odinis rakt\u0173 pakabukas su telefono numerio d\u0117kliuku \u2013 stilingas ir prakti\u0161kas aksesuaras, padedantis apsaugoti j\u016bs\u0173 raktus.\" \/>\n<meta name=\"robots\" content=\"index, follow, max-snippet:-1, max-image-preview:large, max-video-preview:-1\" \/>\n<link rel=\"canonical\" href=\"https:\/\/kabinam.lt\/lv\/produkts\/kudits-adas-atslegu-karabins\/\" \/>\n<meta property=\"og:locale\" content=\"lv_LV\" \/>\n<meta property=\"og:type\" content=\"article\" \/>\n<meta property=\"og:title\" content=\"Pintas odinis rakt\u0173 pakabukas su telefono numerio d\u0117kliuku - kabinam.lt\" \/>\n<meta property=\"og:description\" content=\"Pintas odinis rakt\u0173 pakabukas su telefono numerio d\u0117kliuku \u2013 stilingas ir prakti\u0161kas aksesuaras, padedantis apsaugoti j\u016bs\u0173 raktus.\" \/>\n<meta property=\"og:url\" content=\"https:\/\/kabinam.lt\/lv\/produkts\/kudits-adas-atslegu-karabins\/\" \/>\n<meta property=\"og:site_name\" content=\"kabinam.lt\" \/>\n<meta property=\"article:modified_time\" content=\"2026-01-18T13:30:02+00:00\" \/>\n<meta property=\"og:image\" content=\"https:\/\/kabinam.lt\/wp-content\/uploads\/2024\/08\/89291d441db6e755de8ba5c2098e656f.jpg\" \/>\n\t<meta property=\"og:image:width\" content=\"800\" \/>\n\t<meta property=\"og:image:height\" content=\"800\" \/>\n\t<meta property=\"og:image:type\" content=\"image\/jpeg\" \/>\n<meta name=\"twitter:card\" content=\"summary_large_image\" \/>\n<meta name=\"twitter:label1\" content=\"Est. reading time\" \/>\n\t<meta name=\"twitter:data1\" content=\"2 min\u016btes\" \/>\n<script type=\"application\/ld+json\" class=\"yoast-schema-graph\">{\"@context\":\"https:\/\/schema.org\",\"@graph\":[{\"@type\":[\"WebPage\",\"ItemPage\"],\"@id\":\"https:\/\/kabinam.lt\/eng\/product\/pintas-odinis-raktu-pakabukas\/\",\"url\":\"https:\/\/kabinam.lt\/eng\/product\/pintas-odinis-raktu-pakabukas\/\",\"name\":\"Pintas odinis rakt\u0173 pakabukas su telefono numerio d\u0117kliuku - kabinam.lt\",\"isPartOf\":{\"@id\":\"https:\/\/kabinam.lt\/#website\"},\"primaryImageOfPage\":{\"@id\":\"https:\/\/kabinam.lt\/eng\/product\/pintas-odinis-raktu-pakabukas\/#primaryimage\"},\"image\":{\"@id\":\"https:\/\/kabinam.lt\/eng\/product\/pintas-odinis-raktu-pakabukas\/#primaryimage\"},\"thumbnailUrl\":\"https:\/\/kabinam.lt\/wp-content\/uploads\/2024\/08\/89291d441db6e755de8ba5c2098e656f.jpg\",\"datePublished\":\"2024-08-18T09:10:43+00:00\",\"dateModified\":\"2026-01-18T13:30:02+00:00\",\"description\":\"Pintas odinis rakt\u0173 pakabukas su telefono numerio d\u0117kliuku \u2013 stilingas ir prakti\u0161kas aksesuaras, padedantis apsaugoti j\u016bs\u0173 raktus.\",\"breadcrumb\":{\"@id\":\"https:\/\/kabinam.lt\/eng\/product\/pintas-odinis-raktu-pakabukas\/#breadcrumb\"},\"inLanguage\":\"lv-LV\",\"potentialAction\":[{\"@type\":\"ReadAction\",\"target\":[\"https:\/\/kabinam.lt\/eng\/product\/pintas-odinis-raktu-pakabukas\/\"]}]},{\"@type\":\"ImageObject\",\"inLanguage\":\"lv-LV\",\"@id\":\"https:\/\/kabinam.lt\/eng\/product\/pintas-odinis-raktu-pakabukas\/#primaryimage\",\"url\":\"https:\/\/kabinam.lt\/wp-content\/uploads\/2024\/08\/89291d441db6e755de8ba5c2098e656f.jpg\",\"contentUrl\":\"https:\/\/kabinam.lt\/wp-content\/uploads\/2024\/08\/89291d441db6e755de8ba5c2098e656f.jpg\",\"width\":800,\"height\":800,\"caption\":\"Stilingas pintas odinis rakt\u0173 pakabukas su telefono numerio d\u0117kliuku\"},{\"@type\":\"BreadcrumbList\",\"@id\":\"https:\/\/kabinam.lt\/eng\/product\/pintas-odinis-raktu-pakabukas\/#breadcrumb\",\"itemListElement\":[{\"@type\":\"ListItem\",\"position\":1,\"name\":\"Home\",\"item\":\"https:\/\/kabinam.lt\/\"},{\"@type\":\"ListItem\",\"position\":2,\"name\":\"Visi Produktai\",\"item\":\"https:\/\/kabinam.lt\/visi-produktai\/\"},{\"@type\":\"ListItem\",\"position\":3,\"name\":\"Pintas odinis rakt\u0173 pakabukas su telefono numerio d\u0117kliuku\"}]},{\"@type\":\"WebSite\",\"@id\":\"https:\/\/kabinam.lt\/#website\",\"url\":\"https:\/\/kabinam.lt\/\",\"name\":\"kabinam.lt\",\"description\":\"Kabinam.lt \u2013 raktu pakabukai ir aksesuarai\",\"publisher\":{\"@id\":\"https:\/\/kabinam.lt\/#organization\"},\"alternateName\":\"pakabukai lt\",\"potentialAction\":[{\"@type\":\"SearchAction\",\"target\":{\"@type\":\"EntryPoint\",\"urlTemplate\":\"https:\/\/kabinam.lt\/?s={search_term_string}\"},\"query-input\":{\"@type\":\"PropertyValueSpecification\",\"valueRequired\":true,\"valueName\":\"search_term_string\"}}],\"inLanguage\":\"lv-LV\"},{\"@type\":\"Organization\",\"@id\":\"https:\/\/kabinam.lt\/#organization\",\"name\":\"kabinam.lt\",\"alternateName\":\"kabinam\",\"url\":\"https:\/\/kabinam.lt\/\",\"logo\":{\"@type\":\"ImageObject\",\"inLanguage\":\"lv-LV\",\"@id\":\"https:\/\/kabinam.lt\/#\/schema\/logo\/image\/\",\"url\":\"https:\/\/kabinam.lt\/wp-content\/uploads\/2025\/05\/KABINAM_outer_glow.png\",\"contentUrl\":\"https:\/\/kabinam.lt\/wp-content\/uploads\/2025\/05\/KABINAM_outer_glow.png\",\"width\":474,\"height\":141,\"caption\":\"kabinam.lt\"},\"image\":{\"@id\":\"https:\/\/kabinam.lt\/#\/schema\/logo\/image\/\"}}]}<\/script>\n<!-- \/ Yoast SEO plugin. -->","yoast_head_json":{"title":"K\u016bd\u012bts \u0101das atsl\u0113gu karabi\u0146\u0161 ar t\u0101lru\u0146a numura st\u0101v\u012bti - kabinam.lt","description":"Apgriezts \u0101das atsl\u0113gu pakars ar telefona numura ielip\u012bti \u2013 stil\u012bgs un praktisks aksesu\u0101rs, kas pal\u012bdz aizsarg\u0101t j\u016bsu atsl\u0113gas.","robots":{"index":"index","follow":"follow","max-snippet":"max-snippet:-1","max-image-preview":"max-image-preview:large","max-video-preview":"max-video-preview:-1"},"canonical":"https:\/\/kabinam.lt\/lv\/produkts\/kudits-adas-atslegu-karabins\/","og_locale":"lv_LV","og_type":"article","og_title":"Pintas odinis rakt\u0173 pakabukas su telefono numerio d\u0117kliuku - kabinam.lt","og_description":"Pintas odinis rakt\u0173 pakabukas su telefono numerio d\u0117kliuku \u2013 stilingas ir prakti\u0161kas aksesuaras, padedantis apsaugoti j\u016bs\u0173 raktus.","og_url":"https:\/\/kabinam.lt\/lv\/produkts\/kudits-adas-atslegu-karabins\/","og_site_name":"kabinam.lt","article_modified_time":"2026-01-18T13:30:02+00:00","og_image":[{"width":800,"height":800,"url":"https:\/\/kabinam.lt\/wp-content\/uploads\/2024\/08\/89291d441db6e755de8ba5c2098e656f.jpg","type":"image\/jpeg"}],"twitter_card":"summary_large_image","twitter_misc":{"Est. reading time":"2 min\u016btes"},"schema":{"@context":"https:\/\/schema.org","@graph":[{"@type":["WebPage","ItemPage"],"@id":"https:\/\/kabinam.lt\/eng\/product\/pintas-odinis-raktu-pakabukas\/","url":"https:\/\/kabinam.lt\/eng\/product\/pintas-odinis-raktu-pakabukas\/","name":"K\u016bd\u012bts \u0101das atsl\u0113gu karabi\u0146\u0161 ar t\u0101lru\u0146a numura st\u0101v\u012bti - kabinam.lt","isPartOf":{"@id":"https:\/\/kabinam.lt\/#website"},"primaryImageOfPage":{"@id":"https:\/\/kabinam.lt\/eng\/product\/pintas-odinis-raktu-pakabukas\/#primaryimage"},"image":{"@id":"https:\/\/kabinam.lt\/eng\/product\/pintas-odinis-raktu-pakabukas\/#primaryimage"},"thumbnailUrl":"https:\/\/kabinam.lt\/wp-content\/uploads\/2024\/08\/89291d441db6e755de8ba5c2098e656f.jpg","datePublished":"2024-08-18T09:10:43+00:00","dateModified":"2026-01-18T13:30:02+00:00","description":"Apgriezts \u0101das atsl\u0113gu pakars ar telefona numura ielip\u012bti \u2013 stil\u012bgs un praktisks aksesu\u0101rs, kas pal\u012bdz aizsarg\u0101t j\u016bsu atsl\u0113gas.","breadcrumb":{"@id":"https:\/\/kabinam.lt\/eng\/product\/pintas-odinis-raktu-pakabukas\/#breadcrumb"},"inLanguage":"lv-LV","potentialAction":[{"@type":"ReadAction","target":["https:\/\/kabinam.lt\/eng\/product\/pintas-odinis-raktu-pakabukas\/"]}]},{"@type":"ImageObject","inLanguage":"lv-LV","@id":"https:\/\/kabinam.lt\/eng\/product\/pintas-odinis-raktu-pakabukas\/#primaryimage","url":"https:\/\/kabinam.lt\/wp-content\/uploads\/2024\/08\/89291d441db6e755de8ba5c2098e656f.jpg","contentUrl":"https:\/\/kabinam.lt\/wp-content\/uploads\/2024\/08\/89291d441db6e755de8ba5c2098e656f.jpg","width":800,"height":800,"caption":"Stilingas pintas odinis rakt\u0173 pakabukas su telefono numerio d\u0117kliuku"},{"@type":"BreadcrumbList","@id":"https:\/\/kabinam.lt\/eng\/product\/pintas-odinis-raktu-pakabukas\/#breadcrumb","itemListElement":[{"@type":"ListItem","position":1,"name":"Home","item":"https:\/\/kabinam.lt\/"},{"@type":"ListItem","position":2,"name":"Visi Produktai","item":"https:\/\/kabinam.lt\/visi-produktai\/"},{"@type":"ListItem","position":3,"name":"Pintas odinis rakt\u0173 pakabukas su telefono numerio d\u0117kliuku"}]},{"@type":"WebSite","@id":"https:\/\/kabinam.lt\/#website","url":"https:\/\/kabinam.lt\/","name":"kabinam.lt","description":"Kabinam.lt - atsl\u0113gu piekari\u0146i un aksesu\u0101ri","publisher":{"@id":"https:\/\/kabinam.lt\/#organization"},"alternateName":"pakabukai lt","potentialAction":[{"@type":"SearchAction","target":{"@type":"EntryPoint","urlTemplate":"https:\/\/kabinam.lt\/?s={search_term_string}"},"query-input":{"@type":"PropertyValueSpecification","valueRequired":true,"valueName":"search_term_string"}}],"inLanguage":"lv-LV"},{"@type":"Organization","@id":"https:\/\/kabinam.lt\/#organization","name":"kabinam.lt","alternateName":"kabinam","url":"https:\/\/kabinam.lt\/","logo":{"@type":"ImageObject","inLanguage":"lv-LV","@id":"https:\/\/kabinam.lt\/#\/schema\/logo\/image\/","url":"https:\/\/kabinam.lt\/wp-content\/uploads\/2025\/05\/KABINAM_outer_glow.png","contentUrl":"https:\/\/kabinam.lt\/wp-content\/uploads\/2025\/05\/KABINAM_outer_glow.png","width":474,"height":141,"caption":"kabinam.lt"},"image":{"@id":"https:\/\/kabinam.lt\/#\/schema\/logo\/image\/"}}]}},"uagb_featured_image_src":{"full":["https:\/\/kabinam.lt\/wp-content\/uploads\/2024\/08\/89291d441db6e755de8ba5c2098e656f.jpg",800,800,false],"thumbnail":["https:\/\/kabinam.lt\/wp-content\/uploads\/2024\/08\/89291d441db6e755de8ba5c2098e656f-150x150.jpg",150,150,true],"medium":["https:\/\/kabinam.lt\/wp-content\/uploads\/2024\/08\/89291d441db6e755de8ba5c2098e656f-300x300.jpg",300,300,true],"medium_large":["https:\/\/kabinam.lt\/wp-content\/uploads\/2024\/08\/89291d441db6e755de8ba5c2098e656f-768x768.jpg",768,768,true],"large":["https:\/\/kabinam.lt\/wp-content\/uploads\/2024\/08\/89291d441db6e755de8ba5c2098e656f.jpg",800,800,false],"1536x1536":["https:\/\/kabinam.lt\/wp-content\/uploads\/2024\/08\/89291d441db6e755de8ba5c2098e656f.jpg",800,800,false],"2048x2048":["https:\/\/kabinam.lt\/wp-content\/uploads\/2024\/08\/89291d441db6e755de8ba5c2098e656f.jpg",800,800,false],"trp-custom-language-flag":["https:\/\/kabinam.lt\/wp-content\/uploads\/2024\/08\/89291d441db6e755de8ba5c2098e656f.jpg",12,12,false],"woocommerce_thumbnail":["https:\/\/kabinam.lt\/wp-content\/uploads\/2024\/08\/89291d441db6e755de8ba5c2098e656f-300x300.jpg",300,300,true],"woocommerce_single":["https:\/\/kabinam.lt\/wp-content\/uploads\/2024\/08\/89291d441db6e755de8ba5c2098e656f-600x600.jpg",600,600,true],"woocommerce_gallery_thumbnail":["https:\/\/kabinam.lt\/wp-content\/uploads\/2024\/08\/89291d441db6e755de8ba5c2098e656f-100x100.jpg",100,100,true]},"uagb_author_info":{"display_name":"kabinam.lt","author_link":"https:\/\/kabinam.lt\/lv\/author\/"},"uagb_comment_info":0,"uagb_excerpt":"Stilingas pintas odinis rakt\u0173 pakabukas su telefono numerio d\u0117kliuku.","_links":{"self":[{"href":"https:\/\/kabinam.lt\/lv\/wp-json\/wp\/v2\/product\/2930","targetHints":{"allow":["GET"]}}],"collection":[{"href":"https:\/\/kabinam.lt\/lv\/wp-json\/wp\/v2\/product"}],"about":[{"href":"https:\/\/kabinam.lt\/lv\/wp-json\/wp\/v2\/types\/product"}],"replies":[{"embeddable":true,"href":"https:\/\/kabinam.lt\/lv\/wp-json\/wp\/v2\/comments?post=2930"}],"wp:featuredmedia":[{"embeddable":true,"href":"https:\/\/kabinam.lt\/lv\/wp-json\/wp\/v2\/media\/2935"}],"wp:attachment":[{"href":"https:\/\/kabinam.lt\/lv\/wp-json\/wp\/v2\/media?parent=2930"}],"wp:term":[{"taxonomy":"product_brand","embeddable":true,"href":"https:\/\/kabinam.lt\/lv\/wp-json\/wp\/v2\/product_brand?post=2930"},{"taxonomy":"product_cat","embeddable":true,"href":"https:\/\/kabinam.lt\/lv\/wp-json\/wp\/v2\/product_cat?post=2930"},{"taxonomy":"product_tag","embeddable":true,"href":"https:\/\/kabinam.lt\/lv\/wp-json\/wp\/v2\/product_tag?post=2930"}],"curies":[{"name":"wp","href":"https:\/\/api.w.org\/{rel}","templated":true}]}}