{"id":2920,"date":"2024-08-18T12:06:47","date_gmt":"2024-08-18T09:06:47","guid":{"rendered":"https:\/\/kabinam.lt\/?post_type=product&#038;p=2920"},"modified":"2026-01-18T15:31:43","modified_gmt":"2026-01-18T13:31:43","slug":"zaka-atslegu-piekarins","status":"publish","type":"product","link":"https:\/\/kabinam.lt\/lv\/product\/raktu-pakabukas-zuikutis\/","title":{"rendered":"Za\u0137a atsl\u0113gu piekari\u0146\u0161 - gudrs plastmasas aksesu\u0101rs"},"content":{"rendered":"\n\n<div class=\"kk-star-ratings kksr-auto kksr-align-left kksr-valign-top\"\n    data-payload='{&quot;align&quot;:&quot;left&quot;,&quot;id&quot;:&quot;2920&quot;,&quot;slug&quot;:&quot;default&quot;,&quot;valign&quot;:&quot;top&quot;,&quot;ignore&quot;:&quot;&quot;,&quot;reference&quot;:&quot;auto&quot;,&quot;class&quot;:&quot;&quot;,&quot;count&quot;:&quot;0&quot;,&quot;legendonly&quot;:&quot;&quot;,&quot;readonly&quot;:&quot;&quot;,&quot;score&quot;:&quot;0&quot;,&quot;starsonly&quot;:&quot;&quot;,&quot;best&quot;:&quot;5&quot;,&quot;gap&quot;:&quot;5&quot;,&quot;greet&quot;:&quot;Mums svarbus j\u016bs\u0173 \u012fvertinimas&quot;,&quot;legend&quot;:&quot;0\\\/5 - (0 votes)&quot;,&quot;size&quot;:&quot;24&quot;,&quot;title&quot;:&quot;Rakt\u0173 pakabukas zuikutis \u2013 mielas plastikinis aksesuaras&quot;,&quot;width&quot;:&quot;0&quot;,&quot;_legend&quot;:&quot;{score}\\\/{best} - ({count} {votes})&quot;,&quot;font_factor&quot;:&quot;1.25&quot;}'>\n            \n<div class=\"kksr-stars\">\n    \n<div class=\"kksr-stars-inactive\">\n            <div class=\"kksr-star\" data-star=\"1\" style=\"padding-right: 5px\">\n            \n\n<div class=\"kksr-icon\" style=\"width: 24px; height: 24px;\"><\/div>\n        <\/div>\n            <div class=\"kksr-star\" data-star=\"2\" style=\"padding-right: 5px\">\n            \n\n<div class=\"kksr-icon\" style=\"width: 24px; height: 24px;\"><\/div>\n        <\/div>\n            <div class=\"kksr-star\" data-star=\"3\" style=\"padding-right: 5px\">\n            \n\n<div class=\"kksr-icon\" style=\"width: 24px; height: 24px;\"><\/div>\n        <\/div>\n            <div class=\"kksr-star\" data-star=\"4\" style=\"padding-right: 5px\">\n            \n\n<div class=\"kksr-icon\" style=\"width: 24px; height: 24px;\"><\/div>\n        <\/div>\n            <div class=\"kksr-star\" data-star=\"5\" style=\"padding-right: 5px\">\n            \n\n<div class=\"kksr-icon\" style=\"width: 24px; height: 24px;\"><\/div>\n        <\/div>\n    <\/div>\n    \n<div class=\"kksr-stars-active\" style=\"width: 0px;\">\n            <div class=\"kksr-star\" style=\"padding-right: 5px\">\n            \n\n<div class=\"kksr-icon\" style=\"width: 24px; height: 24px;\"><\/div>\n        <\/div>\n            <div class=\"kksr-star\" style=\"padding-right: 5px\">\n            \n\n<div class=\"kksr-icon\" style=\"width: 24px; height: 24px;\"><\/div>\n        <\/div>\n            <div class=\"kksr-star\" style=\"padding-right: 5px\">\n            \n\n<div class=\"kksr-icon\" style=\"width: 24px; height: 24px;\"><\/div>\n        <\/div>\n            <div class=\"kksr-star\" style=\"padding-right: 5px\">\n            \n\n<div class=\"kksr-icon\" style=\"width: 24px; height: 24px;\"><\/div>\n        <\/div>\n            <div class=\"kksr-star\" style=\"padding-right: 5px\">\n            \n\n<div class=\"kksr-icon\" style=\"width: 24px; height: 24px;\"><\/div>\n        <\/div>\n    <\/div>\n<\/div>\n                \n\n<div class=\"kksr-legend\" style=\"font-size: 19.2px;\">\n            <span class=\"kksr-muted\">Mums svarbus j\u016bs\u0173 \u012fvertinimas<\/span>\n    <\/div>\n    <\/div>\n<h4 data-start=\"544\" data-end=\"578\">Mielas ir \u017eaismingas dizainas<\/h4>\n<p data-start=\"580\" data-end=\"698\"><span class=\"relative -mx-px my-[-0.2rem] rounded px-px py-[0.2rem] transition-colors duration-100 ease-in-out\">Rakt\u0173 pakabukas zuikutis \u2013 tai \u017eavus ir spalvingas aksesuaras, kuris suteiks j\u016bs\u0173 raktams ar kuprinei i\u0161skirtinumo.<\/span> <span class=\"relative -mx-px my-[-0.2rem] rounded px-px py-[0.2rem] transition-colors duration-100 ease-in-out\">Pagamintas i\u0161 auk\u0161tos kokyb\u0117s plastiko, \u0161is pakabukas yra ne tik patvarus, bet ir lengvas, tod\u0117l patogus naudoti kasdien.<\/span><span class=\"ms-1 inline-flex max-w-full items-center relative top-[-0.094rem] animate-[show_150ms_ease-in]\"><a class=\"flex h-4.5 overflow-hidden rounded-xl px-2 text-[0.5625em] font-medium text-token-text-secondary! bg-[#F4F4F4]! dark:bg-[#303030]! transition-colors duration-150 ease-in-out\" href=\"https:\/\/eskimas.lt\/lt\/mielas-bei-pukuotas-raktu-pakabukas-lemuras-109191?utm_source=chatgpt.com\" target=\"_blank\" rel=\"noopener\"><span class=\"relative start-0 bottom-0 flex h-full w-full items-center\"><span class=\"flex h-4 w-full items-center justify-between overflow-hidden\"><span class=\"max-w-full grow truncate overflow-hidden text-center\">eskimas.lt<\/span><\/span><\/span><\/a><\/span><\/p>\n<h4 data-start=\"700\" data-end=\"724\">Spalv\u0173 pasirinkimas<\/h4>\n<p data-start=\"726\" data-end=\"844\"><span class=\"relative -mx-px my-[-0.2rem] rounded px-px py-[0.2rem] transition-colors duration-100 ease-in-out\">Galite pasirinkti i\u0161 dviej\u0173 ry\u0161ki\u0173 spalv\u0173: m\u0117lynos ir violetin\u0117s.<\/span> <span class=\"relative -mx-px my-[-0.2rem] rounded px-px py-[0.2rem] transition-colors duration-100 ease-in-out\">Abi spalvos yra gyvybingos ir lengvai pastebimos, tod\u0117l j\u016bs\u0173 raktai visada bus lengvai randami.<\/span><\/p>\n<h4 data-start=\"846\" data-end=\"863\">Puiki dovana<\/h4>\n<p data-start=\"865\" data-end=\"983\"><span class=\"relative -mx-px my-[-0.2rem] rounded px-px py-[0.2rem] transition-colors duration-100 ease-in-out\">\u0160is rakt\u0173 pakabukas yra puiki dovana draugams, \u0161eimos nariams ar kolegoms.<\/span> <span class=\"relative -mx-px my-[-0.2rem] rounded px-px py-[0.2rem] transition-colors duration-100 ease-in-out\">Jo \u017eaismingas dizainas ir prakti\u0161kumas tikrai nud\u017eiugins kiekvien\u0105.<\/span><span class=\"ms-1 inline-flex max-w-full items-center relative top-[-0.094rem] animate-[show_150ms_ease-in]\"><a class=\"flex h-4.5 overflow-hidden rounded-xl px-2 text-[0.5625em] font-medium text-token-text-secondary! bg-[#F4F4F4]! dark:bg-[#303030]! transition-colors duration-150 ease-in-out\" href=\"https:\/\/www.lietuviskapreke.lt\/preke\/mielas-ruonio-pakabukas?utm_source=chatgpt.com\" target=\"_blank\" rel=\"noopener\"><span class=\"relative start-0 bottom-0 flex h-full w-full items-center\"><span class=\"flex h-4 w-full items-center justify-between overflow-hidden\"><span class=\"max-w-full grow truncate overflow-hidden text-center\">lietuviskapreke.lt<\/span><\/span><\/span><\/a><\/span><\/p>\n<h4 data-start=\"985\" data-end=\"1009\">Naudojimo galimyb\u0117s<\/h4>\n<p data-start=\"1011\" data-end=\"1129\"><span class=\"relative -mx-px my-[-0.2rem] rounded px-px py-[0.2rem] transition-colors duration-100 ease-in-out\">Be rakt\u0173 laikymo, \u0161is pakabukas puikiai tinka papuo\u0161ti kuprin\u0119, rankin\u0119 ar net automobilio veidrod\u0117l\u012f.<\/span> <span class=\"relative -mx-px my-[-0.2rem] rounded px-px py-[0.2rem] transition-colors duration-100 ease-in-out\">Jo universalumas leid\u017eia pritaikyti \u012fvairiose situacijose.<\/span><\/p>\n<h4 data-start=\"1131\" data-end=\"1145\">Prie\u017ei\u016bra<\/h4>\n<p data-start=\"1147\" data-end=\"1265\"><span class=\"relative -mx-px my-[-0.2rem] rounded px-px py-[0.2rem] transition-colors duration-100 ease-in-out\">Pakabuk\u0105 lengva pri\u017ei\u016br\u0117ti \u2013 tiesiog nuvalykite dr\u0117gna \u0161luoste, jei jis susitepa.<\/span> <span class=\"relative -mx-px my-[-0.2rem] rounded px-px py-[0.2rem] transition-colors duration-100 ease-in-out\">Plastikas yra atsparus dr\u0117gmei ir neblunka nuo saul\u0117s spinduli\u0173.<\/span><\/p>\n<h4 data-start=\"1267\" data-end=\"1287\">\u012esigykite dabar<\/h4>\n<p data-start=\"1289\" data-end=\"1407\"><span class=\"relative -mx-px my-[-0.2rem] rounded px-px py-[0.2rem] transition-colors duration-100 ease-in-out\">Nor\u0117dami \u012fsigyti \u0161\u012f miel\u0105 rakt\u0173 pakabuk\u0105 zuikut\u012f, apsilankykite m\u016bs\u0173 svetain\u0117je: <a href=\"https:\/\/kabinam.lt\" target=\"_new\" rel=\"noopener noreferrer\" data-start=\"81\" data-end=\"113\">kabinam.lt<\/a>.<\/span> <span class=\"relative -mx-px my-[-0.2rem] rounded px-px py-[0.2rem] transition-colors duration-100 ease-in-out\">\u010cia rasite daugiau informacijos apie produkt\u0105 ir gal\u0117site pateikti u\u017esakym\u0105.<\/span><\/p>\n","protected":false},"excerpt":{"rendered":"<p>Gudrs plastmasas atsl\u0113gu piekari\u0146\u0161 ar za\u0137i - lieliska d\u0101vana.<\/p>","protected":false},"featured_media":2919,"comment_status":"open","ping_status":"closed","template":"","meta":{"_uag_custom_page_level_css":"","site-sidebar-layout":"default","site-content-layout":"","ast-site-content-layout":"default","site-content-style":"default","site-sidebar-style":"default","ast-global-header-display":"","ast-banner-title-visibility":"","ast-main-header-display":"","ast-hfb-above-header-display":"","ast-hfb-below-header-display":"","ast-hfb-mobile-header-display":"","site-post-title":"","ast-breadcrumbs-content":"","ast-featured-img":"","footer-sml-layout":"","ast-disable-related-posts":"","theme-transparent-header-meta":"default","adv-header-id-meta":"","stick-header-meta":"","header-above-stick-meta":"","header-main-stick-meta":"","header-below-stick-meta":"","astra-migrate-meta-layouts":"set","ast-page-background-enabled":"default","ast-page-background-meta":{"desktop":{"background-color":"var(--ast-global-color-4)","background-image":"","background-repeat":"repeat","background-position":"center center","background-size":"auto","background-attachment":"scroll","background-type":"","background-media":"","overlay-type":"","overlay-color":"","overlay-opacity":"","overlay-gradient":""},"tablet":{"background-color":"","background-image":"","background-repeat":"repeat","background-position":"center center","background-size":"auto","background-attachment":"scroll","background-type":"","background-media":"","overlay-type":"","overlay-color":"","overlay-opacity":"","overlay-gradient":""},"mobile":{"background-color":"","background-image":"","background-repeat":"repeat","background-position":"center center","background-size":"auto","background-attachment":"scroll","background-type":"","background-media":"","overlay-type":"","overlay-color":"","overlay-opacity":"","overlay-gradient":""}},"ast-content-background-meta":{"desktop":{"background-color":"var(--ast-global-color-5)","background-image":"","background-repeat":"repeat","background-position":"center center","background-size":"auto","background-attachment":"scroll","background-type":"","background-media":"","overlay-type":"","overlay-color":"","overlay-opacity":"","overlay-gradient":""},"tablet":{"background-color":"var(--ast-global-color-5)","background-image":"","background-repeat":"repeat","background-position":"center center","background-size":"auto","background-attachment":"scroll","background-type":"","background-media":"","overlay-type":"","overlay-color":"","overlay-opacity":"","overlay-gradient":""},"mobile":{"background-color":"var(--ast-global-color-5)","background-image":"","background-repeat":"repeat","background-position":"center center","background-size":"auto","background-attachment":"scroll","background-type":"","background-media":"","overlay-type":"","overlay-color":"","overlay-opacity":"","overlay-gradient":""}}},"product_brand":[],"product_cat":[125,126,95,118],"product_tag":[],"class_list":{"0":"post-2920","1":"product","2":"type-product","3":"status-publish","4":"has-post-thumbnail","6":"product_cat-halloween","7":"product_cat-visi","8":"product_cat-unikalus-raktu-pakabukai","9":"product_cat-dovana-teciui","10":"desktop-align-center","11":"tablet-align-left","12":"mobile-align-left","14":"first","15":"instock","16":"shipping-taxable","17":"purchasable","18":"product-type-variable"},"yoast_head":"<!-- This site is optimized with the Yoast SEO plugin v27.1.1 - https:\/\/yoast.com\/product\/yoast-seo-wordpress\/ -->\n<title>Rakt\u0173 pakabukas zuikutis \u2013 mielas plastikinis aksesuaras - kabinam.lt<\/title>\n<meta name=\"description\" content=\"Rakt\u0173 pakabukas zuikutis \u2013 mielas plastikinis aksesuaras, prieinamas m\u0117lynos ir violetin\u0117s spalvos, puikiai tinka dovanai.\" \/>\n<meta name=\"robots\" content=\"index, follow, max-snippet:-1, max-image-preview:large, max-video-preview:-1\" \/>\n<link rel=\"canonical\" href=\"https:\/\/kabinam.lt\/lv\/produkts\/zaka-atslegu-piekarins\/\" \/>\n<meta property=\"og:locale\" content=\"lv_LV\" \/>\n<meta property=\"og:type\" content=\"article\" \/>\n<meta property=\"og:title\" content=\"Rakt\u0173 pakabukas zuikutis \u2013 mielas plastikinis aksesuaras - kabinam.lt\" \/>\n<meta property=\"og:description\" content=\"Rakt\u0173 pakabukas zuikutis \u2013 mielas plastikinis aksesuaras, prieinamas m\u0117lynos ir violetin\u0117s spalvos, puikiai tinka dovanai.\" \/>\n<meta property=\"og:url\" content=\"https:\/\/kabinam.lt\/lv\/produkts\/zaka-atslegu-piekarins\/\" \/>\n<meta property=\"og:site_name\" content=\"kabinam.lt\" \/>\n<meta property=\"article:modified_time\" content=\"2026-01-18T13:31:43+00:00\" \/>\n<meta property=\"og:image\" content=\"https:\/\/kabinam.lt\/wp-content\/uploads\/2024\/08\/ccdb67d7-4c7f-438f-a1f2-0246a9ee5e68.jpg\" \/>\n\t<meta property=\"og:image:width\" content=\"1200\" \/>\n\t<meta property=\"og:image:height\" content=\"1200\" \/>\n\t<meta property=\"og:image:type\" content=\"image\/jpeg\" \/>\n<meta name=\"twitter:card\" content=\"summary_large_image\" \/>\n<meta name=\"twitter:label1\" content=\"Est. reading time\" \/>\n\t<meta name=\"twitter:data1\" content=\"2 min\u016btes\" \/>\n<script type=\"application\/ld+json\" class=\"yoast-schema-graph\">{\"@context\":\"https:\/\/schema.org\",\"@graph\":[{\"@type\":[\"WebPage\",\"ItemPage\"],\"@id\":\"https:\/\/kabinam.lt\/eng\/product\/bunny-keyring\/\",\"url\":\"https:\/\/kabinam.lt\/eng\/product\/bunny-keyring\/\",\"name\":\"Rakt\u0173 pakabukas zuikutis \u2013 mielas plastikinis aksesuaras - kabinam.lt\",\"isPartOf\":{\"@id\":\"https:\/\/kabinam.lt\/#website\"},\"primaryImageOfPage\":{\"@id\":\"https:\/\/kabinam.lt\/eng\/product\/bunny-keyring\/#primaryimage\"},\"image\":{\"@id\":\"https:\/\/kabinam.lt\/eng\/product\/bunny-keyring\/#primaryimage\"},\"thumbnailUrl\":\"https:\/\/kabinam.lt\/wp-content\/uploads\/2024\/08\/ccdb67d7-4c7f-438f-a1f2-0246a9ee5e68.jpg\",\"datePublished\":\"2024-08-18T09:06:47+00:00\",\"dateModified\":\"2026-01-18T13:31:43+00:00\",\"description\":\"Rakt\u0173 pakabukas zuikutis \u2013 mielas plastikinis aksesuaras, prieinamas m\u0117lynos ir violetin\u0117s spalvos, puikiai tinka dovanai.\",\"breadcrumb\":{\"@id\":\"https:\/\/kabinam.lt\/eng\/product\/bunny-keyring\/#breadcrumb\"},\"inLanguage\":\"lv-LV\",\"potentialAction\":[{\"@type\":\"ReadAction\",\"target\":[\"https:\/\/kabinam.lt\/eng\/product\/bunny-keyring\/\"]}]},{\"@type\":\"ImageObject\",\"inLanguage\":\"lv-LV\",\"@id\":\"https:\/\/kabinam.lt\/eng\/product\/bunny-keyring\/#primaryimage\",\"url\":\"https:\/\/kabinam.lt\/wp-content\/uploads\/2024\/08\/ccdb67d7-4c7f-438f-a1f2-0246a9ee5e68.jpg\",\"contentUrl\":\"https:\/\/kabinam.lt\/wp-content\/uploads\/2024\/08\/ccdb67d7-4c7f-438f-a1f2-0246a9ee5e68.jpg\",\"width\":1200,\"height\":1200,\"caption\":\"\u017daismingas plastikinis rakt\u0173 pakabukas zuikutis\"},{\"@type\":\"BreadcrumbList\",\"@id\":\"https:\/\/kabinam.lt\/eng\/product\/bunny-keyring\/#breadcrumb\",\"itemListElement\":[{\"@type\":\"ListItem\",\"position\":1,\"name\":\"Home\",\"item\":\"https:\/\/kabinam.lt\/\"},{\"@type\":\"ListItem\",\"position\":2,\"name\":\"Visi Produktai\",\"item\":\"https:\/\/kabinam.lt\/visi-produktai\/\"},{\"@type\":\"ListItem\",\"position\":3,\"name\":\"Rakt\u0173 pakabukas zuikutis \u2013 mielas plastikinis aksesuaras\"}]},{\"@type\":\"WebSite\",\"@id\":\"https:\/\/kabinam.lt\/#website\",\"url\":\"https:\/\/kabinam.lt\/\",\"name\":\"kabinam.lt\",\"description\":\"Kabinam.lt \u2013 raktu pakabukai ir aksesuarai\",\"publisher\":{\"@id\":\"https:\/\/kabinam.lt\/#organization\"},\"alternateName\":\"pakabukai lt\",\"potentialAction\":[{\"@type\":\"SearchAction\",\"target\":{\"@type\":\"EntryPoint\",\"urlTemplate\":\"https:\/\/kabinam.lt\/?s={search_term_string}\"},\"query-input\":{\"@type\":\"PropertyValueSpecification\",\"valueRequired\":true,\"valueName\":\"search_term_string\"}}],\"inLanguage\":\"lv-LV\"},{\"@type\":\"Organization\",\"@id\":\"https:\/\/kabinam.lt\/#organization\",\"name\":\"kabinam.lt\",\"alternateName\":\"kabinam\",\"url\":\"https:\/\/kabinam.lt\/\",\"logo\":{\"@type\":\"ImageObject\",\"inLanguage\":\"lv-LV\",\"@id\":\"https:\/\/kabinam.lt\/#\/schema\/logo\/image\/\",\"url\":\"https:\/\/kabinam.lt\/wp-content\/uploads\/2025\/05\/KABINAM_outer_glow.png\",\"contentUrl\":\"https:\/\/kabinam.lt\/wp-content\/uploads\/2025\/05\/KABINAM_outer_glow.png\",\"width\":474,\"height\":141,\"caption\":\"kabinam.lt\"},\"image\":{\"@id\":\"https:\/\/kabinam.lt\/#\/schema\/logo\/image\/\"}}]}<\/script>\n<!-- \/ Yoast SEO plugin. -->","yoast_head_json":{"title":"Za\u0137u piekari\u0146\u0161 - m\u012b\u013ci plastmasas aksesu\u0101ri - kabinam.lt","description":"Za\u0137a atsl\u0113gu piekari\u0146\u0161 - simp\u0101tisks plastmasas aksesu\u0101rs, pieejams zil\u0101 un violet\u0101 kr\u0101s\u0101, lieliski piem\u0113rots d\u0101van\u0101m.","robots":{"index":"index","follow":"follow","max-snippet":"max-snippet:-1","max-image-preview":"max-image-preview:large","max-video-preview":"max-video-preview:-1"},"canonical":"https:\/\/kabinam.lt\/lv\/produkts\/zaka-atslegu-piekarins\/","og_locale":"lv_LV","og_type":"article","og_title":"Rakt\u0173 pakabukas zuikutis \u2013 mielas plastikinis aksesuaras - kabinam.lt","og_description":"Rakt\u0173 pakabukas zuikutis \u2013 mielas plastikinis aksesuaras, prieinamas m\u0117lynos ir violetin\u0117s spalvos, puikiai tinka dovanai.","og_url":"https:\/\/kabinam.lt\/lv\/produkts\/zaka-atslegu-piekarins\/","og_site_name":"kabinam.lt","article_modified_time":"2026-01-18T13:31:43+00:00","og_image":[{"width":1200,"height":1200,"url":"https:\/\/kabinam.lt\/wp-content\/uploads\/2024\/08\/ccdb67d7-4c7f-438f-a1f2-0246a9ee5e68.jpg","type":"image\/jpeg"}],"twitter_card":"summary_large_image","twitter_misc":{"Est. reading time":"2 min\u016btes"},"schema":{"@context":"https:\/\/schema.org","@graph":[{"@type":["WebPage","ItemPage"],"@id":"https:\/\/kabinam.lt\/eng\/product\/bunny-keyring\/","url":"https:\/\/kabinam.lt\/eng\/product\/bunny-keyring\/","name":"Za\u0137u piekari\u0146\u0161 - m\u012b\u013ci plastmasas aksesu\u0101ri - kabinam.lt","isPartOf":{"@id":"https:\/\/kabinam.lt\/#website"},"primaryImageOfPage":{"@id":"https:\/\/kabinam.lt\/eng\/product\/bunny-keyring\/#primaryimage"},"image":{"@id":"https:\/\/kabinam.lt\/eng\/product\/bunny-keyring\/#primaryimage"},"thumbnailUrl":"https:\/\/kabinam.lt\/wp-content\/uploads\/2024\/08\/ccdb67d7-4c7f-438f-a1f2-0246a9ee5e68.jpg","datePublished":"2024-08-18T09:06:47+00:00","dateModified":"2026-01-18T13:31:43+00:00","description":"Za\u0137a atsl\u0113gu piekari\u0146\u0161 - simp\u0101tisks plastmasas aksesu\u0101rs, pieejams zil\u0101 un violet\u0101 kr\u0101s\u0101, lieliski piem\u0113rots d\u0101van\u0101m.","breadcrumb":{"@id":"https:\/\/kabinam.lt\/eng\/product\/bunny-keyring\/#breadcrumb"},"inLanguage":"lv-LV","potentialAction":[{"@type":"ReadAction","target":["https:\/\/kabinam.lt\/eng\/product\/bunny-keyring\/"]}]},{"@type":"ImageObject","inLanguage":"lv-LV","@id":"https:\/\/kabinam.lt\/eng\/product\/bunny-keyring\/#primaryimage","url":"https:\/\/kabinam.lt\/wp-content\/uploads\/2024\/08\/ccdb67d7-4c7f-438f-a1f2-0246a9ee5e68.jpg","contentUrl":"https:\/\/kabinam.lt\/wp-content\/uploads\/2024\/08\/ccdb67d7-4c7f-438f-a1f2-0246a9ee5e68.jpg","width":1200,"height":1200,"caption":"\u017daismingas plastikinis rakt\u0173 pakabukas zuikutis"},{"@type":"BreadcrumbList","@id":"https:\/\/kabinam.lt\/eng\/product\/bunny-keyring\/#breadcrumb","itemListElement":[{"@type":"ListItem","position":1,"name":"Home","item":"https:\/\/kabinam.lt\/"},{"@type":"ListItem","position":2,"name":"Visi Produktai","item":"https:\/\/kabinam.lt\/visi-produktai\/"},{"@type":"ListItem","position":3,"name":"Rakt\u0173 pakabukas zuikutis \u2013 mielas plastikinis aksesuaras"}]},{"@type":"WebSite","@id":"https:\/\/kabinam.lt\/#website","url":"https:\/\/kabinam.lt\/","name":"kabinam.lt","description":"Kabinam.lt - atsl\u0113gu piekari\u0146i un aksesu\u0101ri","publisher":{"@id":"https:\/\/kabinam.lt\/#organization"},"alternateName":"pakabukai lt","potentialAction":[{"@type":"SearchAction","target":{"@type":"EntryPoint","urlTemplate":"https:\/\/kabinam.lt\/?s={search_term_string}"},"query-input":{"@type":"PropertyValueSpecification","valueRequired":true,"valueName":"search_term_string"}}],"inLanguage":"lv-LV"},{"@type":"Organization","@id":"https:\/\/kabinam.lt\/#organization","name":"kabinam.lt","alternateName":"kabinam","url":"https:\/\/kabinam.lt\/","logo":{"@type":"ImageObject","inLanguage":"lv-LV","@id":"https:\/\/kabinam.lt\/#\/schema\/logo\/image\/","url":"https:\/\/kabinam.lt\/wp-content\/uploads\/2025\/05\/KABINAM_outer_glow.png","contentUrl":"https:\/\/kabinam.lt\/wp-content\/uploads\/2025\/05\/KABINAM_outer_glow.png","width":474,"height":141,"caption":"kabinam.lt"},"image":{"@id":"https:\/\/kabinam.lt\/#\/schema\/logo\/image\/"}}]}},"uagb_featured_image_src":{"full":["https:\/\/kabinam.lt\/wp-content\/uploads\/2024\/08\/ccdb67d7-4c7f-438f-a1f2-0246a9ee5e68.jpg",1200,1200,false],"thumbnail":["https:\/\/kabinam.lt\/wp-content\/uploads\/2024\/08\/ccdb67d7-4c7f-438f-a1f2-0246a9ee5e68-150x150.jpg",150,150,true],"medium":["https:\/\/kabinam.lt\/wp-content\/uploads\/2024\/08\/ccdb67d7-4c7f-438f-a1f2-0246a9ee5e68-300x300.jpg",300,300,true],"medium_large":["https:\/\/kabinam.lt\/wp-content\/uploads\/2024\/08\/ccdb67d7-4c7f-438f-a1f2-0246a9ee5e68-768x768.jpg",768,768,true],"large":["https:\/\/kabinam.lt\/wp-content\/uploads\/2024\/08\/ccdb67d7-4c7f-438f-a1f2-0246a9ee5e68-1024x1024.jpg",1024,1024,true],"1536x1536":["https:\/\/kabinam.lt\/wp-content\/uploads\/2024\/08\/ccdb67d7-4c7f-438f-a1f2-0246a9ee5e68.jpg",1200,1200,false],"2048x2048":["https:\/\/kabinam.lt\/wp-content\/uploads\/2024\/08\/ccdb67d7-4c7f-438f-a1f2-0246a9ee5e68.jpg",1200,1200,false],"trp-custom-language-flag":["https:\/\/kabinam.lt\/wp-content\/uploads\/2024\/08\/ccdb67d7-4c7f-438f-a1f2-0246a9ee5e68.jpg",12,12,false],"woocommerce_thumbnail":["https:\/\/kabinam.lt\/wp-content\/uploads\/2024\/08\/ccdb67d7-4c7f-438f-a1f2-0246a9ee5e68-300x300.jpg",300,300,true],"woocommerce_single":["https:\/\/kabinam.lt\/wp-content\/uploads\/2024\/08\/ccdb67d7-4c7f-438f-a1f2-0246a9ee5e68-600x600.jpg",600,600,true],"woocommerce_gallery_thumbnail":["https:\/\/kabinam.lt\/wp-content\/uploads\/2024\/08\/ccdb67d7-4c7f-438f-a1f2-0246a9ee5e68-100x100.jpg",100,100,true]},"uagb_author_info":{"display_name":"kabinam.lt","author_link":"https:\/\/kabinam.lt\/lv\/author\/"},"uagb_comment_info":0,"uagb_excerpt":"Mielas plastikinis rakt\u0173 pakabukas zuikutis \u2013 puiki dovana.","_links":{"self":[{"href":"https:\/\/kabinam.lt\/lv\/wp-json\/wp\/v2\/product\/2920","targetHints":{"allow":["GET"]}}],"collection":[{"href":"https:\/\/kabinam.lt\/lv\/wp-json\/wp\/v2\/product"}],"about":[{"href":"https:\/\/kabinam.lt\/lv\/wp-json\/wp\/v2\/types\/product"}],"replies":[{"embeddable":true,"href":"https:\/\/kabinam.lt\/lv\/wp-json\/wp\/v2\/comments?post=2920"}],"wp:featuredmedia":[{"embeddable":true,"href":"https:\/\/kabinam.lt\/lv\/wp-json\/wp\/v2\/media\/2919"}],"wp:attachment":[{"href":"https:\/\/kabinam.lt\/lv\/wp-json\/wp\/v2\/media?parent=2920"}],"wp:term":[{"taxonomy":"product_brand","embeddable":true,"href":"https:\/\/kabinam.lt\/lv\/wp-json\/wp\/v2\/product_brand?post=2920"},{"taxonomy":"product_cat","embeddable":true,"href":"https:\/\/kabinam.lt\/lv\/wp-json\/wp\/v2\/product_cat?post=2920"},{"taxonomy":"product_tag","embeddable":true,"href":"https:\/\/kabinam.lt\/lv\/wp-json\/wp\/v2\/product_tag?post=2920"}],"curies":[{"name":"wp","href":"https:\/\/api.w.org\/{rel}","templated":true}]}}