{"id":2894,"date":"2024-08-18T12:00:01","date_gmt":"2024-08-18T09:00:01","guid":{"rendered":"https:\/\/kabinam.lt\/?post_type=product&#038;p=2894"},"modified":"2026-01-18T15:32:42","modified_gmt":"2026-01-18T13:32:42","slug":"amortizators-atslegu-piekarins","status":"publish","type":"product","link":"https:\/\/kabinam.lt\/lv\/product\/amortizatorius-raktu-pakabukas\/","title":{"rendered":"Amortizators Atsl\u0113gu Piekari\u0146\u0161 \u2013 Funkcion\u0101ls"},"content":{"rendered":"<div class=\"kk-star-ratings kksr-auto kksr-align-left kksr-valign-top\"\n    data-payload='{&quot;align&quot;:&quot;left&quot;,&quot;id&quot;:&quot;2894&quot;,&quot;slug&quot;:&quot;default&quot;,&quot;valign&quot;:&quot;top&quot;,&quot;ignore&quot;:&quot;&quot;,&quot;reference&quot;:&quot;auto&quot;,&quot;class&quot;:&quot;&quot;,&quot;count&quot;:&quot;0&quot;,&quot;legendonly&quot;:&quot;&quot;,&quot;readonly&quot;:&quot;&quot;,&quot;score&quot;:&quot;0&quot;,&quot;starsonly&quot;:&quot;&quot;,&quot;best&quot;:&quot;5&quot;,&quot;gap&quot;:&quot;5&quot;,&quot;greet&quot;:&quot;Mums svarbus j\u016bs\u0173 \u012fvertinimas&quot;,&quot;legend&quot;:&quot;0\\\/5 - (0 votes)&quot;,&quot;size&quot;:&quot;24&quot;,&quot;title&quot;:&quot;Amortizatorius Rakt\u0173 Pakabukas - Funkcionalus&quot;,&quot;width&quot;:&quot;0&quot;,&quot;_legend&quot;:&quot;{score}\\\/{best} - ({count} {votes})&quot;,&quot;font_factor&quot;:&quot;1.25&quot;}'>\n            \n<div class=\"kksr-stars\">\n    \n<div class=\"kksr-stars-inactive\">\n            <div class=\"kksr-star\" data-star=\"1\" style=\"padding-right: 5px\">\n            \n\n<div class=\"kksr-icon\" style=\"width: 24px; height: 24px;\"><\/div>\n        <\/div>\n            <div class=\"kksr-star\" data-star=\"2\" style=\"padding-right: 5px\">\n            \n\n<div class=\"kksr-icon\" style=\"width: 24px; height: 24px;\"><\/div>\n        <\/div>\n            <div class=\"kksr-star\" data-star=\"3\" style=\"padding-right: 5px\">\n            \n\n<div class=\"kksr-icon\" style=\"width: 24px; height: 24px;\"><\/div>\n        <\/div>\n            <div class=\"kksr-star\" data-star=\"4\" style=\"padding-right: 5px\">\n            \n\n<div class=\"kksr-icon\" style=\"width: 24px; height: 24px;\"><\/div>\n        <\/div>\n            <div class=\"kksr-star\" data-star=\"5\" style=\"padding-right: 5px\">\n            \n\n<div class=\"kksr-icon\" style=\"width: 24px; height: 24px;\"><\/div>\n        <\/div>\n    <\/div>\n    \n<div class=\"kksr-stars-active\" style=\"width: 0px;\">\n            <div class=\"kksr-star\" style=\"padding-right: 5px\">\n            \n\n<div class=\"kksr-icon\" style=\"width: 24px; height: 24px;\"><\/div>\n        <\/div>\n            <div class=\"kksr-star\" style=\"padding-right: 5px\">\n            \n\n<div class=\"kksr-icon\" style=\"width: 24px; height: 24px;\"><\/div>\n        <\/div>\n            <div class=\"kksr-star\" style=\"padding-right: 5px\">\n            \n\n<div class=\"kksr-icon\" style=\"width: 24px; height: 24px;\"><\/div>\n        <\/div>\n            <div class=\"kksr-star\" style=\"padding-right: 5px\">\n            \n\n<div class=\"kksr-icon\" style=\"width: 24px; height: 24px;\"><\/div>\n        <\/div>\n            <div class=\"kksr-star\" style=\"padding-right: 5px\">\n            \n\n<div class=\"kksr-icon\" style=\"width: 24px; height: 24px;\"><\/div>\n        <\/div>\n    <\/div>\n<\/div>\n                \n\n<div class=\"kksr-legend\" style=\"font-size: 19.2px;\">\n            <span class=\"kksr-muted\">Mums ir svar\u012bgs j\u016bsu nov\u0113rt\u0113jums<\/span>\n    <\/div>\n    <\/div>\n<h3 data-start=\"0\" data-end=\"81\"><strong data-start=\"4\" data-end=\"81\">Funkcionalus Amortizatorius \u2013 Automobili\u0173 Amortizatoriaus Rakt\u0173 Pakabukas<\/strong><\/h3>\n<h4 data-start=\"83\" data-end=\"107\"><strong data-start=\"88\" data-end=\"105\">Par produktu<\/strong><\/h4>\n<p data-start=\"108\" data-end=\"824\">\u0160is rakt\u0173 pakabukas yra funkcionalus amortizatorius, imituojantis tikr\u0105 automobili\u0173 amortizatori\u0173. Jis pagamintas su tikra spyruokle, kuri u\u017etikrina jud\u0117jim\u0105 ir svyravim\u0105. Produktas yra originalus, novatori\u0161kas ir nepakartojamas. Pakabukas pagamintas i\u0161 auk\u0161tos kokyb\u0117s metalo. Jis atsparus nusid\u0117v\u0117jimui ir i\u0161laiko savo form\u0105 net intensyvaus naudojimo metu. Amortizatorius yra prieinamas \u012fvairi\u0173 spalv\u0173 variantais \u2013 galite rinktis i\u0161 keli\u0173 spalv\u0173, kad atitikt\u0173 j\u016bs\u0173 asmenin\u012f stili\u0173. \u0160is produktas tinka automobili\u0173 entuziastams, kurie vertina technin\u012f estetin\u012f poj\u016bt\u012f. Jis prideda modern\u0173 akcent\u0105 j\u016bs\u0173 rakt\u0173 rinkiniui. Su\u017einokite daugiau apie pana\u0161ius automobili\u0173 produktus apsilank\u0119 <a href=\"https:\/\/youtu.be\/AfFLLuuIlV4\" target=\"_new\" rel=\"noopener\" data-start=\"793\" data-end=\"823\">\u0161eit<\/a>.<\/p>\n<h4 data-start=\"826\" data-end=\"865\"><strong data-start=\"831\" data-end=\"863\">Funkcionalit\u0101te un Lieto\u0161ana<\/strong><\/h4>\n<p data-start=\"866\" data-end=\"1376\">Amortizatorius yra pilnai funkcionalus ir prakti\u0161kas. Pakabukas saugiai laiko j\u016bs\u0173 raktus. Jis gali b\u016bti pritvirtintas prie automobilio, motociklo ar nam\u0173 rakt\u0173. Spyruokl\u0117 leid\u017eia elementams lengvai jud\u0117ti ir svyruoti. Naudojimas tampa patogus ir dinami\u0161kas. Produktas padeda i\u0161laikyti tvarking\u0105 rakt\u0173 rinkin\u012f. Jis tinka kasdieniam naudojimui. Amortizatorius prideda \u012fdomumo ir techninio \u017eavesio j\u016bs\u0173 asmeniniam stiliui. Naudodamiesi \u0161iuo aksesuaru, j\u016bs parodote savo meil\u0119 inovacijoms ir automobili\u0173 kult\u016brai.<\/p>\n<h4 data-start=\"1378\" data-end=\"1407\"><strong data-start=\"1383\" data-end=\"1405\">Dizains un Kvalit\u0101te<\/strong><\/h4>\n<p data-start=\"1408\" data-end=\"2006\">Dizainas yra i\u0161skirtinis ir modernus. Kiekviena detal\u0117 yra kruop\u0161\u010diai i\u0161dirbta. Spyruokl\u0117 yra integruota tiksliai ir patikimai. Med\u017eiaga \u2013 auk\u0161tos kokyb\u0117s metalas \u2013 u\u017etikrina ilgaam\u017ei\u0161kum\u0105. Skirtingos spalv\u0173 variantai leid\u017eia pasirinkti jums labiausiai patinkan\u010di\u0105. Pakabukas pasi\u017eymi tvirta konstrukcija ir esteti\u0161ku dizainu. Jo forma imituoja tikr\u0105 automobili\u0173 amortizatori\u0173. Tai suteikia produktui ne tik funkcionalumo, bet ir i\u0161skirtin\u012f vizualin\u012f patrauklum\u0105. Originalus dizainas prideda techninio stiliaus akcent\u0173 j\u016bs\u0173 raktams. Jis yra puikus pasirinkimas dovanojimui ir asmeniniam naudojimui.<\/p>\n<h4 data-start=\"2008\" data-end=\"2050\"><strong data-start=\"2013\" data-end=\"2048\">Secin\u0101jumi un lieto\u0161anas priek\u0161roc\u012bbas<\/strong><\/h4>\n<p data-start=\"2051\" data-end=\"2745\">Funkcionalus amortizatorius \u2013 automobili\u0173 amortizatoriaus rakt\u0173 pakabukas yra unikalus ir prakti\u0161kas. Jis saugo raktus ir prideda modern\u0173, technin\u012f stili\u0173. Tvirta med\u017eiaga ir tiksliai integruota spyruokl\u0117 u\u017etikrina ilgaam\u017ei\u0161kum\u0105. Produktas yra lengvas, ta\u010diau labai patvarus. Jis tinka kasdieniam naudojimui ir pabr\u0117\u017eia individual\u0173 stili\u0173. \u0160is rakt\u0173 pakabukas \u012fkvepia inovacijas ir dinami\u0161kum\u0105. Investuokite \u012f original\u0173 aksesuar\u0105, kuris atspindi j\u016bs\u0173 meil\u0119 automobili\u0173 kult\u016brai ir techninei estetikai. Pasirinkite spalv\u0105, kuri atitinka j\u016bs\u0173 asmenyb\u0119, ir m\u0117gaukit\u0117s funkcionalumu bei i\u0161skirtiniu dizainu. \u0160is produktas yra puiki dovana automobili\u0173 entuziastams ir tiems, kurie vertina modernum\u0105.<\/p>\n<p>Daugiau pana\u0161i\u0173 produkt\u0173 rasite <a href=\"https:\/\/kabinam.lt\/lv\/produkta-kategorija-2\/auto-atslegu-piekarini\/\">\u0161eit<\/a>.<\/p>\n<h3 data-start=\"2752\" data-end=\"2772\"><\/h3>","protected":false},"excerpt":{"rendered":"<p>Inovatyvus amortizatorius rakt\u0173 pakabukas, imituojantis tikr\u0105 automobili\u0173 amortizatori\u0173 su spyruokle. Tvirtas, originalus ir prieinamas \u012fvairi\u0173 spalv\u0173.<\/p>","protected":false},"featured_media":2901,"comment_status":"closed","ping_status":"closed","template":"","meta":{"_uag_custom_page_level_css":"","site-sidebar-layout":"default","site-content-layout":"","ast-site-content-layout":"default","site-content-style":"default","site-sidebar-style":"default","ast-global-header-display":"","ast-banner-title-visibility":"","ast-main-header-display":"","ast-hfb-above-header-display":"","ast-hfb-below-header-display":"","ast-hfb-mobile-header-display":"","site-post-title":"","ast-breadcrumbs-content":"","ast-featured-img":"","footer-sml-layout":"","ast-disable-related-posts":"","theme-transparent-header-meta":"default","adv-header-id-meta":"","stick-header-meta":"","header-above-stick-meta":"","header-main-stick-meta":"","header-below-stick-meta":"","astra-migrate-meta-layouts":"set","ast-page-background-enabled":"default","ast-page-background-meta":{"desktop":{"background-color":"var(--ast-global-color-4)","background-image":"","background-repeat":"repeat","background-position":"center center","background-size":"auto","background-attachment":"scroll","background-type":"","background-media":"","overlay-type":"","overlay-color":"","overlay-opacity":"","overlay-gradient":""},"tablet":{"background-color":"","background-image":"","background-repeat":"repeat","background-position":"center center","background-size":"auto","background-attachment":"scroll","background-type":"","background-media":"","overlay-type":"","overlay-color":"","overlay-opacity":"","overlay-gradient":""},"mobile":{"background-color":"","background-image":"","background-repeat":"repeat","background-position":"center center","background-size":"auto","background-attachment":"scroll","background-type":"","background-media":"","overlay-type":"","overlay-color":"","overlay-opacity":"","overlay-gradient":""}},"ast-content-background-meta":{"desktop":{"background-color":"var(--ast-global-color-5)","background-image":"","background-repeat":"repeat","background-position":"center center","background-size":"auto","background-attachment":"scroll","background-type":"","background-media":"","overlay-type":"","overlay-color":"","overlay-opacity":"","overlay-gradient":""},"tablet":{"background-color":"var(--ast-global-color-5)","background-image":"","background-repeat":"repeat","background-position":"center center","background-size":"auto","background-attachment":"scroll","background-type":"","background-media":"","overlay-type":"","overlay-color":"","overlay-opacity":"","overlay-gradient":""},"mobile":{"background-color":"var(--ast-global-color-5)","background-image":"","background-repeat":"repeat","background-position":"center center","background-size":"auto","background-attachment":"scroll","background-type":"","background-media":"","overlay-type":"","overlay-color":"","overlay-opacity":"","overlay-gradient":""}}},"product_brand":[],"product_cat":[126,91,22,116,118],"product_tag":[],"class_list":{"0":"post-2894","1":"product","2":"type-product","3":"status-publish","4":"has-post-thumbnail","6":"product_cat-visi","7":"product_cat-motociklo-raktu-pakabukai","8":"product_cat-automobiliu-raktu-pakabukai","9":"product_cat-metaliniai-raktu-pakabukai","10":"product_cat-dovana-teciui","11":"desktop-align-center","12":"tablet-align-left","13":"mobile-align-left","15":"first","16":"instock","17":"shipping-taxable","18":"purchasable","19":"product-type-variable"},"yoast_head":"<!-- This site is optimized with the Yoast SEO plugin v27.1.1 - https:\/\/yoast.com\/product\/yoast-seo-wordpress\/ -->\n<title>Amortizatorius Rakt\u0173 Pakabukas - Funkcionalus - kabinam.lt<\/title>\n<meta name=\"description\" content=\"Funkcionalus amortizatorius rakt\u0173 pakabukas imituoja tikr\u0105 automobili\u0173 amortizatori\u0173. Atraskite original\u0173 aksesuar\u0105 su spyruokle \u012fvairi\u0173 spalv\u0173!\" \/>\n<meta name=\"robots\" content=\"index, follow, max-snippet:-1, max-image-preview:large, max-video-preview:-1\" \/>\n<link rel=\"canonical\" href=\"https:\/\/kabinam.lt\/lv\/produkts\/amortizators-atslegu-piekarins\/\" \/>\n<meta property=\"og:locale\" content=\"lv_LV\" \/>\n<meta property=\"og:type\" content=\"article\" \/>\n<meta property=\"og:title\" content=\"Amortizatorius Rakt\u0173 Pakabukas - Funkcionalus - kabinam.lt\" \/>\n<meta property=\"og:description\" content=\"Funkcionalus amortizatorius rakt\u0173 pakabukas imituoja tikr\u0105 automobili\u0173 amortizatori\u0173. Atraskite original\u0173 aksesuar\u0105 su spyruokle \u012fvairi\u0173 spalv\u0173!\" \/>\n<meta property=\"og:url\" content=\"https:\/\/kabinam.lt\/lv\/produkts\/amortizators-atslegu-piekarins\/\" \/>\n<meta property=\"og:site_name\" content=\"kabinam.lt\" \/>\n<meta property=\"article:modified_time\" content=\"2026-01-18T13:32:42+00:00\" \/>\n<meta property=\"og:image\" content=\"https:\/\/kabinam.lt\/wp-content\/uploads\/2024\/08\/1699442211795-392a1a72ded84f889802a97c4c281fee-goods.jpeg\" \/>\n\t<meta property=\"og:image:width\" content=\"800\" \/>\n\t<meta property=\"og:image:height\" content=\"800\" \/>\n\t<meta property=\"og:image:type\" content=\"image\/jpeg\" \/>\n<meta name=\"twitter:card\" content=\"summary_large_image\" \/>\n<meta name=\"twitter:label1\" content=\"Est. reading time\" \/>\n\t<meta name=\"twitter:data1\" content=\"2 min\u016btes\" \/>\n<script type=\"application\/ld+json\" class=\"yoast-schema-graph\">{\"@context\":\"https:\/\/schema.org\",\"@graph\":[{\"@type\":[\"WebPage\",\"ItemPage\"],\"@id\":\"https:\/\/kabinam.lt\/eng\/product\/shock-absorber-keyring\/\",\"url\":\"https:\/\/kabinam.lt\/eng\/product\/shock-absorber-keyring\/\",\"name\":\"Amortizatorius Rakt\u0173 Pakabukas - Funkcionalus - kabinam.lt\",\"isPartOf\":{\"@id\":\"https:\/\/kabinam.lt\/#website\"},\"primaryImageOfPage\":{\"@id\":\"https:\/\/kabinam.lt\/eng\/product\/shock-absorber-keyring\/#primaryimage\"},\"image\":{\"@id\":\"https:\/\/kabinam.lt\/eng\/product\/shock-absorber-keyring\/#primaryimage\"},\"thumbnailUrl\":\"https:\/\/kabinam.lt\/wp-content\/uploads\/2024\/08\/1699442211795-392a1a72ded84f889802a97c4c281fee-goods.jpeg\",\"datePublished\":\"2024-08-18T09:00:01+00:00\",\"dateModified\":\"2026-01-18T13:32:42+00:00\",\"description\":\"Funkcionalus amortizatorius rakt\u0173 pakabukas imituoja tikr\u0105 automobili\u0173 amortizatori\u0173. Atraskite original\u0173 aksesuar\u0105 su spyruokle \u012fvairi\u0173 spalv\u0173!\",\"breadcrumb\":{\"@id\":\"https:\/\/kabinam.lt\/eng\/product\/shock-absorber-keyring\/#breadcrumb\"},\"inLanguage\":\"lv-LV\",\"potentialAction\":[{\"@type\":\"ReadAction\",\"target\":[\"https:\/\/kabinam.lt\/eng\/product\/shock-absorber-keyring\/\"]}]},{\"@type\":\"ImageObject\",\"inLanguage\":\"lv-LV\",\"@id\":\"https:\/\/kabinam.lt\/eng\/product\/shock-absorber-keyring\/#primaryimage\",\"url\":\"https:\/\/kabinam.lt\/wp-content\/uploads\/2024\/08\/1699442211795-392a1a72ded84f889802a97c4c281fee-goods.jpeg\",\"contentUrl\":\"https:\/\/kabinam.lt\/wp-content\/uploads\/2024\/08\/1699442211795-392a1a72ded84f889802a97c4c281fee-goods.jpeg\",\"width\":800,\"height\":800,\"caption\":\"Funkcionalus Amortizatorius \u2013 Automobili\u0173 Amortizatoriaus Rakt\u0173 Pakabukas\"},{\"@type\":\"BreadcrumbList\",\"@id\":\"https:\/\/kabinam.lt\/eng\/product\/shock-absorber-keyring\/#breadcrumb\",\"itemListElement\":[{\"@type\":\"ListItem\",\"position\":1,\"name\":\"Home\",\"item\":\"https:\/\/kabinam.lt\/\"},{\"@type\":\"ListItem\",\"position\":2,\"name\":\"Visi Produktai\",\"item\":\"https:\/\/kabinam.lt\/visi-produktai\/\"},{\"@type\":\"ListItem\",\"position\":3,\"name\":\"Amortizatorius Rakt\u0173 Pakabukas &#8211; Funkcionalus\"}]},{\"@type\":\"WebSite\",\"@id\":\"https:\/\/kabinam.lt\/#website\",\"url\":\"https:\/\/kabinam.lt\/\",\"name\":\"kabinam.lt\",\"description\":\"Kabinam.lt \u2013 raktu pakabukai ir aksesuarai\",\"publisher\":{\"@id\":\"https:\/\/kabinam.lt\/#organization\"},\"alternateName\":\"pakabukai lt\",\"potentialAction\":[{\"@type\":\"SearchAction\",\"target\":{\"@type\":\"EntryPoint\",\"urlTemplate\":\"https:\/\/kabinam.lt\/?s={search_term_string}\"},\"query-input\":{\"@type\":\"PropertyValueSpecification\",\"valueRequired\":true,\"valueName\":\"search_term_string\"}}],\"inLanguage\":\"lv-LV\"},{\"@type\":\"Organization\",\"@id\":\"https:\/\/kabinam.lt\/#organization\",\"name\":\"kabinam.lt\",\"alternateName\":\"kabinam\",\"url\":\"https:\/\/kabinam.lt\/\",\"logo\":{\"@type\":\"ImageObject\",\"inLanguage\":\"lv-LV\",\"@id\":\"https:\/\/kabinam.lt\/#\/schema\/logo\/image\/\",\"url\":\"https:\/\/kabinam.lt\/wp-content\/uploads\/2025\/05\/KABINAM_outer_glow.png\",\"contentUrl\":\"https:\/\/kabinam.lt\/wp-content\/uploads\/2025\/05\/KABINAM_outer_glow.png\",\"width\":474,\"height\":141,\"caption\":\"kabinam.lt\"},\"image\":{\"@id\":\"https:\/\/kabinam.lt\/#\/schema\/logo\/image\/\"}}]}<\/script>\n<!-- \/ Yoast SEO plugin. -->","yoast_head_json":{"title":"Amortizators Atsl\u0113gu Pakavs - Funkcion\u0101ls - kabinam.lt","description":"Funkcion\u0101ls amortizators atsl\u0113gu karabi\u0146\u0161 imit\u0113 \u012bstu automobi\u013cu amortizatoru. Atkl\u0101jiet origi\u0101lu aksesu\u0101ru ar atsperi da\u017e\u0101du kr\u0101su!","robots":{"index":"index","follow":"follow","max-snippet":"max-snippet:-1","max-image-preview":"max-image-preview:large","max-video-preview":"max-video-preview:-1"},"canonical":"https:\/\/kabinam.lt\/lv\/produkts\/amortizators-atslegu-piekarins\/","og_locale":"lv_LV","og_type":"article","og_title":"Amortizatorius Rakt\u0173 Pakabukas - Funkcionalus - kabinam.lt","og_description":"Funkcionalus amortizatorius rakt\u0173 pakabukas imituoja tikr\u0105 automobili\u0173 amortizatori\u0173. Atraskite original\u0173 aksesuar\u0105 su spyruokle \u012fvairi\u0173 spalv\u0173!","og_url":"https:\/\/kabinam.lt\/lv\/produkts\/amortizators-atslegu-piekarins\/","og_site_name":"kabinam.lt","article_modified_time":"2026-01-18T13:32:42+00:00","og_image":[{"width":800,"height":800,"url":"https:\/\/kabinam.lt\/wp-content\/uploads\/2024\/08\/1699442211795-392a1a72ded84f889802a97c4c281fee-goods.jpeg","type":"image\/jpeg"}],"twitter_card":"summary_large_image","twitter_misc":{"Est. reading time":"2 min\u016btes"},"schema":{"@context":"https:\/\/schema.org","@graph":[{"@type":["WebPage","ItemPage"],"@id":"https:\/\/kabinam.lt\/eng\/product\/shock-absorber-keyring\/","url":"https:\/\/kabinam.lt\/eng\/product\/shock-absorber-keyring\/","name":"Amortizators Atsl\u0113gu Pakavs - Funkcion\u0101ls - kabinam.lt","isPartOf":{"@id":"https:\/\/kabinam.lt\/#website"},"primaryImageOfPage":{"@id":"https:\/\/kabinam.lt\/eng\/product\/shock-absorber-keyring\/#primaryimage"},"image":{"@id":"https:\/\/kabinam.lt\/eng\/product\/shock-absorber-keyring\/#primaryimage"},"thumbnailUrl":"https:\/\/kabinam.lt\/wp-content\/uploads\/2024\/08\/1699442211795-392a1a72ded84f889802a97c4c281fee-goods.jpeg","datePublished":"2024-08-18T09:00:01+00:00","dateModified":"2026-01-18T13:32:42+00:00","description":"Funkcion\u0101ls amortizators atsl\u0113gu karabi\u0146\u0161 imit\u0113 \u012bstu automobi\u013cu amortizatoru. Atkl\u0101jiet origi\u0101lu aksesu\u0101ru ar atsperi da\u017e\u0101du kr\u0101su!","breadcrumb":{"@id":"https:\/\/kabinam.lt\/eng\/product\/shock-absorber-keyring\/#breadcrumb"},"inLanguage":"lv-LV","potentialAction":[{"@type":"ReadAction","target":["https:\/\/kabinam.lt\/eng\/product\/shock-absorber-keyring\/"]}]},{"@type":"ImageObject","inLanguage":"lv-LV","@id":"https:\/\/kabinam.lt\/eng\/product\/shock-absorber-keyring\/#primaryimage","url":"https:\/\/kabinam.lt\/wp-content\/uploads\/2024\/08\/1699442211795-392a1a72ded84f889802a97c4c281fee-goods.jpeg","contentUrl":"https:\/\/kabinam.lt\/wp-content\/uploads\/2024\/08\/1699442211795-392a1a72ded84f889802a97c4c281fee-goods.jpeg","width":800,"height":800,"caption":"Funkcionalus Amortizatorius \u2013 Automobili\u0173 Amortizatoriaus Rakt\u0173 Pakabukas"},{"@type":"BreadcrumbList","@id":"https:\/\/kabinam.lt\/eng\/product\/shock-absorber-keyring\/#breadcrumb","itemListElement":[{"@type":"ListItem","position":1,"name":"Home","item":"https:\/\/kabinam.lt\/"},{"@type":"ListItem","position":2,"name":"Visi Produktai","item":"https:\/\/kabinam.lt\/visi-produktai\/"},{"@type":"ListItem","position":3,"name":"Amortizatorius Rakt\u0173 Pakabukas &#8211; Funkcionalus"}]},{"@type":"WebSite","@id":"https:\/\/kabinam.lt\/#website","url":"https:\/\/kabinam.lt\/","name":"kabinam.lt","description":"Kabinam.lt - atsl\u0113gu piekari\u0146i un aksesu\u0101ri","publisher":{"@id":"https:\/\/kabinam.lt\/#organization"},"alternateName":"pakabukai lt","potentialAction":[{"@type":"SearchAction","target":{"@type":"EntryPoint","urlTemplate":"https:\/\/kabinam.lt\/?s={search_term_string}"},"query-input":{"@type":"PropertyValueSpecification","valueRequired":true,"valueName":"search_term_string"}}],"inLanguage":"lv-LV"},{"@type":"Organization","@id":"https:\/\/kabinam.lt\/#organization","name":"kabinam.lt","alternateName":"kabinam","url":"https:\/\/kabinam.lt\/","logo":{"@type":"ImageObject","inLanguage":"lv-LV","@id":"https:\/\/kabinam.lt\/#\/schema\/logo\/image\/","url":"https:\/\/kabinam.lt\/wp-content\/uploads\/2025\/05\/KABINAM_outer_glow.png","contentUrl":"https:\/\/kabinam.lt\/wp-content\/uploads\/2025\/05\/KABINAM_outer_glow.png","width":474,"height":141,"caption":"kabinam.lt"},"image":{"@id":"https:\/\/kabinam.lt\/#\/schema\/logo\/image\/"}}]}},"uagb_featured_image_src":{"full":["https:\/\/kabinam.lt\/wp-content\/uploads\/2024\/08\/1699442211795-392a1a72ded84f889802a97c4c281fee-goods.jpeg",800,800,false],"thumbnail":["https:\/\/kabinam.lt\/wp-content\/uploads\/2024\/08\/1699442211795-392a1a72ded84f889802a97c4c281fee-goods-150x150.jpeg",150,150,true],"medium":["https:\/\/kabinam.lt\/wp-content\/uploads\/2024\/08\/1699442211795-392a1a72ded84f889802a97c4c281fee-goods-300x300.jpeg",300,300,true],"medium_large":["https:\/\/kabinam.lt\/wp-content\/uploads\/2024\/08\/1699442211795-392a1a72ded84f889802a97c4c281fee-goods-768x768.jpeg",768,768,true],"large":["https:\/\/kabinam.lt\/wp-content\/uploads\/2024\/08\/1699442211795-392a1a72ded84f889802a97c4c281fee-goods.jpeg",800,800,false],"1536x1536":["https:\/\/kabinam.lt\/wp-content\/uploads\/2024\/08\/1699442211795-392a1a72ded84f889802a97c4c281fee-goods.jpeg",800,800,false],"2048x2048":["https:\/\/kabinam.lt\/wp-content\/uploads\/2024\/08\/1699442211795-392a1a72ded84f889802a97c4c281fee-goods.jpeg",800,800,false],"trp-custom-language-flag":["https:\/\/kabinam.lt\/wp-content\/uploads\/2024\/08\/1699442211795-392a1a72ded84f889802a97c4c281fee-goods.jpeg",12,12,false],"woocommerce_thumbnail":["https:\/\/kabinam.lt\/wp-content\/uploads\/2024\/08\/1699442211795-392a1a72ded84f889802a97c4c281fee-goods-300x300.jpeg",300,300,true],"woocommerce_single":["https:\/\/kabinam.lt\/wp-content\/uploads\/2024\/08\/1699442211795-392a1a72ded84f889802a97c4c281fee-goods-600x600.jpeg",600,600,true],"woocommerce_gallery_thumbnail":["https:\/\/kabinam.lt\/wp-content\/uploads\/2024\/08\/1699442211795-392a1a72ded84f889802a97c4c281fee-goods-100x100.jpeg",100,100,true]},"uagb_author_info":{"display_name":"kabinam.lt","author_link":"https:\/\/kabinam.lt\/lv\/author\/"},"uagb_comment_info":0,"uagb_excerpt":"Inovatyvus amortizatorius rakt\u0173 pakabukas, imituojantis tikr\u0105 automobili\u0173 amortizatori\u0173 su spyruokle. Tvirtas, originalus ir prieinamas \u012fvairi\u0173 spalv\u0173.","_links":{"self":[{"href":"https:\/\/kabinam.lt\/lv\/wp-json\/wp\/v2\/product\/2894","targetHints":{"allow":["GET"]}}],"collection":[{"href":"https:\/\/kabinam.lt\/lv\/wp-json\/wp\/v2\/product"}],"about":[{"href":"https:\/\/kabinam.lt\/lv\/wp-json\/wp\/v2\/types\/product"}],"replies":[{"embeddable":true,"href":"https:\/\/kabinam.lt\/lv\/wp-json\/wp\/v2\/comments?post=2894"}],"wp:featuredmedia":[{"embeddable":true,"href":"https:\/\/kabinam.lt\/lv\/wp-json\/wp\/v2\/media\/2901"}],"wp:attachment":[{"href":"https:\/\/kabinam.lt\/lv\/wp-json\/wp\/v2\/media?parent=2894"}],"wp:term":[{"taxonomy":"product_brand","embeddable":true,"href":"https:\/\/kabinam.lt\/lv\/wp-json\/wp\/v2\/product_brand?post=2894"},{"taxonomy":"product_cat","embeddable":true,"href":"https:\/\/kabinam.lt\/lv\/wp-json\/wp\/v2\/product_cat?post=2894"},{"taxonomy":"product_tag","embeddable":true,"href":"https:\/\/kabinam.lt\/lv\/wp-json\/wp\/v2\/product_tag?post=2894"}],"curies":[{"name":"wp","href":"https:\/\/api.w.org\/{rel}","templated":true}]}}