{"id":2891,"date":"2024-08-18T11:48:37","date_gmt":"2024-08-18T08:48:37","guid":{"rendered":"https:\/\/kabinam.lt\/?post_type=product&#038;p=2891"},"modified":"2026-01-18T15:34:40","modified_gmt":"2026-01-18T13:34:40","slug":"adas-atslegu-gredzens-karabine","status":"publish","type":"product","link":"https:\/\/kabinam.lt\/lv\/product\/odinis-raktu-pakabukas-karabinas\/","title":{"rendered":"P\u012bta \u0101das atsl\u0113gu piekari\u0146\u0161 ar karab\u012bni"},"content":{"rendered":"<div class=\"kk-star-ratings kksr-auto kksr-align-left kksr-valign-top\"\n    data-payload='{&quot;align&quot;:&quot;left&quot;,&quot;id&quot;:&quot;2891&quot;,&quot;slug&quot;:&quot;default&quot;,&quot;valign&quot;:&quot;top&quot;,&quot;ignore&quot;:&quot;&quot;,&quot;reference&quot;:&quot;auto&quot;,&quot;class&quot;:&quot;&quot;,&quot;count&quot;:&quot;0&quot;,&quot;legendonly&quot;:&quot;&quot;,&quot;readonly&quot;:&quot;&quot;,&quot;score&quot;:&quot;0&quot;,&quot;starsonly&quot;:&quot;&quot;,&quot;best&quot;:&quot;5&quot;,&quot;gap&quot;:&quot;5&quot;,&quot;greet&quot;:&quot;Mums svarbus j\u016bs\u0173 \u012fvertinimas&quot;,&quot;legend&quot;:&quot;0\\\/5 - (0 votes)&quot;,&quot;size&quot;:&quot;24&quot;,&quot;title&quot;:&quot;Pintos Odos Rakt\u0173 Pakabukas su Karabinu&quot;,&quot;width&quot;:&quot;0&quot;,&quot;_legend&quot;:&quot;{score}\\\/{best} - ({count} {votes})&quot;,&quot;font_factor&quot;:&quot;1.25&quot;}'>\n            \n<div class=\"kksr-stars\">\n    \n<div class=\"kksr-stars-inactive\">\n            <div class=\"kksr-star\" data-star=\"1\" style=\"padding-right: 5px\">\n            \n\n<div class=\"kksr-icon\" style=\"width: 24px; height: 24px;\"><\/div>\n        <\/div>\n            <div class=\"kksr-star\" data-star=\"2\" style=\"padding-right: 5px\">\n            \n\n<div class=\"kksr-icon\" style=\"width: 24px; height: 24px;\"><\/div>\n        <\/div>\n            <div class=\"kksr-star\" data-star=\"3\" style=\"padding-right: 5px\">\n            \n\n<div class=\"kksr-icon\" style=\"width: 24px; height: 24px;\"><\/div>\n        <\/div>\n            <div class=\"kksr-star\" data-star=\"4\" style=\"padding-right: 5px\">\n            \n\n<div class=\"kksr-icon\" style=\"width: 24px; height: 24px;\"><\/div>\n        <\/div>\n            <div class=\"kksr-star\" data-star=\"5\" style=\"padding-right: 5px\">\n            \n\n<div class=\"kksr-icon\" style=\"width: 24px; height: 24px;\"><\/div>\n        <\/div>\n    <\/div>\n    \n<div class=\"kksr-stars-active\" style=\"width: 0px;\">\n            <div class=\"kksr-star\" style=\"padding-right: 5px\">\n            \n\n<div class=\"kksr-icon\" style=\"width: 24px; height: 24px;\"><\/div>\n        <\/div>\n            <div class=\"kksr-star\" style=\"padding-right: 5px\">\n            \n\n<div class=\"kksr-icon\" style=\"width: 24px; height: 24px;\"><\/div>\n        <\/div>\n            <div class=\"kksr-star\" style=\"padding-right: 5px\">\n            \n\n<div class=\"kksr-icon\" style=\"width: 24px; height: 24px;\"><\/div>\n        <\/div>\n            <div class=\"kksr-star\" style=\"padding-right: 5px\">\n            \n\n<div class=\"kksr-icon\" style=\"width: 24px; height: 24px;\"><\/div>\n        <\/div>\n            <div class=\"kksr-star\" style=\"padding-right: 5px\">\n            \n\n<div class=\"kksr-icon\" style=\"width: 24px; height: 24px;\"><\/div>\n        <\/div>\n    <\/div>\n<\/div>\n                \n\n<div class=\"kksr-legend\" style=\"font-size: 19.2px;\">\n            <span class=\"kksr-muted\">Mums ir svar\u012bgs j\u016bsu nov\u0113rt\u0113jums<\/span>\n    <\/div>\n    <\/div>\n<h3 data-start=\"0\" data-end=\"76\"><strong data-start=\"4\" data-end=\"76\">Augstas kvalit\u0101tes p\u012bts \u0101das atsl\u0113gu gredzens ar karab\u012bni<\/strong><\/h3>\n<h4 data-start=\"78\" data-end=\"102\"><strong data-start=\"83\" data-end=\"100\">Par produktu<\/strong><\/h4>\n<p data-start=\"103\" data-end=\"715\">\u0160is svar\u012bgais aksesu\u0101rs ir izgatavots no p\u012btas \u0101das. Tas izce\u013cas ar augstu kvalit\u0101ti un iztur\u012bbu. Produktam ir integr\u0113ts karab\u012bns, kas nodro\u0161ina dro\u0161u piestiprin\u0101\u0161anu. Atsl\u0113gas gredzens ir pieejams da\u017e\u0101d\u0101s kr\u0101s\u0101s, lai atbilstu da\u017e\u0101diem stiliem. Tas ir paredz\u0113ts motociklu, automa\u0161\u012bnu un m\u0101jas atsl\u0113g\u0101m. M\u016bsu produkts izce\u013cas ar elegantu dizainu un funkcionalit\u0101ti. Aksesu\u0101rs pal\u012bdz izpaust savu person\u012bgo stilu. Tas ir viegls un iztur\u012bgs. Katra deta\u013ca ir r\u016bp\u012bgi izstr\u0101d\u0101ta, lai nodro\u0161in\u0101tu nevainojamu produktu. Lai uzzin\u0101tu vair\u0101k par m\u016bsu inovat\u012bvajiem risin\u0101jumiem, apmekl\u0113jiet <a href=\"https:\/\/www.example.com\" target=\"_new\" rel=\"noopener\" data-start=\"684\" data-end=\"714\">\u0161eit<\/a>.<\/p>\n<h4 data-start=\"717\" data-end=\"756\"><strong data-start=\"722\" data-end=\"754\">Funkcionalit\u0101te un Lieto\u0161ana<\/strong><\/h4>\n<p data-start=\"757\" data-end=\"1240\">Atsl\u0113gu piekari\u0146\u0161 nodro\u0161ina j\u016bsu atsl\u0113gu dro\u0161\u012bbu. To var viegli piestiprin\u0101t pie atsl\u0113gu gredzeniem, mugursom\u0101m vai automa\u0161\u012bnas atsl\u0113g\u0101m. Karab\u012bne nodro\u0161ina, ka aksesu\u0101rs neizkrists pat intens\u012bvas lieto\u0161anas laik\u0101. Lieto\u0161ana ir vienk\u0101r\u0161a un intuit\u012bva. Produkts samazina atsl\u0113gu pazaud\u0113\u0161anas risku. Aksesu\u0101rs ir praktisks ikdienas lieto\u0161anai. Tas ir piem\u0113rots gan person\u012bgai lieto\u0161anai, gan k\u0101 d\u0101vana. Uzziniet vair\u0101k par m\u016bsu risin\u0101jumiem m\u016bsu <a href=\"https:\/\/kabinam.lt\/lv\/visi-produkti\/\" target=\"_new\" rel=\"noopener\" data-start=\"1187\" data-end=\"1239\">produktu katalog\u0101<\/a>.<\/p>\n<h4 data-start=\"1242\" data-end=\"1271\"><strong data-start=\"1247\" data-end=\"1269\">Dizains un Kvalit\u0101te<\/strong><\/h4>\n<p data-start=\"1272\" data-end=\"1846\">M\u016bsu aust\u0101 \u0101das aksesu\u0101ra dizains ir moderns un elegants. \u0100das virsma ir iztur\u012bga un pat\u012bkama uz tausti. Karab\u012bne ir dro\u0161i un stabili piestiprin\u0101ta. Produkts ir pieejams da\u017e\u0101d\u0101s kr\u0101s\u0101s, t\u0101p\u0113c katrs pirc\u0113js var izv\u0113l\u0113ties sev vispiem\u0113rot\u0101ko. Katra deta\u013ca ir izgatavota ar precizit\u0101ti. Dizains atbilst jaun\u0101kaj\u0101m tendenc\u0113m un izce\u013cas ar savu individualit\u0101ti. Augstas kvalit\u0101tes materi\u0101ls nodro\u0161ina, ka atsl\u0113gas gredzens paliks k\u0101 jauns pat p\u0113c ilgsto\u0161as lieto\u0161anas. \u0160is aksesu\u0101rs labi sader ar jebkuru stilu un pie\u0161\u0137ir j\u016bsu atsl\u0113gu kolekcijai unik\u0101lu piesk\u0101rienu.<\/p>\n<h4 data-start=\"1848\" data-end=\"1890\"><strong data-start=\"1853\" data-end=\"1888\">Secin\u0101jumi un lieto\u0161anas priek\u0161roc\u012bbas<\/strong><\/h4>\n<p data-start=\"1891\" data-end=\"2481\">\u0160is augstas kvalit\u0101tes austs \u0101das atsl\u0113gu gredzens ar karab\u012bni ir ne tikai stil\u012bgs, bet ar\u012b \u013coti funkcion\u0101ls. Tas nodro\u0161ina j\u016bsu atsl\u0113gu dro\u0161\u012bbu, k\u0101rt\u012bbu un atspogu\u013co j\u016bsu person\u012bgo stilu. Produkta iztur\u012bba un ilgm\u016b\u017e\u012bba \u013cauj to lietot ikdien\u0101 bez raiz\u0113m. \u0160is aksesu\u0101rs ir lieliska izv\u0113le d\u0101vanai vai person\u012bgai lieto\u0161anai. Ieguldiet kvalit\u0101t\u0113 un ori\u0123inalit\u0101t\u0113, lai j\u016bsu atsl\u0113gas b\u016btu dro\u0161\u012bb\u0101 un izskat\u012btos pievilc\u012bgi. Izp\u0113tiet m\u016bsu kolekciju un atrodiet sev vispiem\u0113rot\u0101ko variantu. Lai ieg\u016btu vair\u0101k inform\u0101cijas par m\u016bsu inovat\u012bvajiem risin\u0101jumiem, apmekl\u0113jiet m\u016bsu <a href=\"https:\/\/kabinam.lt\/lv\/products\/\" target=\"_new\" rel=\"noopener\" data-start=\"2428\" data-end=\"2480\">produktu katalog\u0101<\/a>.<\/p>","protected":false},"excerpt":{"rendered":"<p>Augstas kvalit\u0101tes p\u012bts \u0101das atsl\u0113gu gredzens ar karab\u012bni, pieejams da\u017e\u0101d\u0101s kr\u0101s\u0101s, iztur\u012bgs un stil\u012bgs risin\u0101jums j\u016bsu atsl\u0113g\u0101m.<\/p>","protected":false},"featured_media":2899,"comment_status":"closed","ping_status":"closed","template":"","meta":{"_uag_custom_page_level_css":"","site-sidebar-layout":"default","site-content-layout":"","ast-site-content-layout":"default","site-content-style":"default","site-sidebar-style":"default","ast-global-header-display":"","ast-banner-title-visibility":"","ast-main-header-display":"","ast-hfb-above-header-display":"","ast-hfb-below-header-display":"","ast-hfb-mobile-header-display":"","site-post-title":"","ast-breadcrumbs-content":"","ast-featured-img":"","footer-sml-layout":"","ast-disable-related-posts":"","theme-transparent-header-meta":"default","adv-header-id-meta":"","stick-header-meta":"","header-above-stick-meta":"","header-main-stick-meta":"","header-below-stick-meta":"","astra-migrate-meta-layouts":"set","ast-page-background-enabled":"default","ast-page-background-meta":{"desktop":{"background-color":"var(--ast-global-color-4)","background-image":"","background-repeat":"repeat","background-position":"center center","background-size":"auto","background-attachment":"scroll","background-type":"","background-media":"","overlay-type":"","overlay-color":"","overlay-opacity":"","overlay-gradient":""},"tablet":{"background-color":"","background-image":"","background-repeat":"repeat","background-position":"center center","background-size":"auto","background-attachment":"scroll","background-type":"","background-media":"","overlay-type":"","overlay-color":"","overlay-opacity":"","overlay-gradient":""},"mobile":{"background-color":"","background-image":"","background-repeat":"repeat","background-position":"center center","background-size":"auto","background-attachment":"scroll","background-type":"","background-media":"","overlay-type":"","overlay-color":"","overlay-opacity":"","overlay-gradient":""}},"ast-content-background-meta":{"desktop":{"background-color":"var(--ast-global-color-5)","background-image":"","background-repeat":"repeat","background-position":"center center","background-size":"auto","background-attachment":"scroll","background-type":"","background-media":"","overlay-type":"","overlay-color":"","overlay-opacity":"","overlay-gradient":""},"tablet":{"background-color":"var(--ast-global-color-5)","background-image":"","background-repeat":"repeat","background-position":"center center","background-size":"auto","background-attachment":"scroll","background-type":"","background-media":"","overlay-type":"","overlay-color":"","overlay-opacity":"","overlay-gradient":""},"mobile":{"background-color":"var(--ast-global-color-5)","background-image":"","background-repeat":"repeat","background-position":"center center","background-size":"auto","background-attachment":"scroll","background-type":"","background-media":"","overlay-type":"","overlay-color":"","overlay-opacity":"","overlay-gradient":""}}},"product_brand":[],"product_cat":[125,126,95,118,92],"product_tag":[],"class_list":{"0":"post-2891","1":"product","2":"type-product","3":"status-publish","4":"has-post-thumbnail","6":"product_cat-halloween","7":"product_cat-visi","8":"product_cat-unikalus-raktu-pakabukai","9":"product_cat-dovana-teciui","10":"product_cat-populiariausiu-produktu-kategorija","11":"desktop-align-center","12":"tablet-align-left","13":"mobile-align-left","15":"first","16":"instock","17":"shipping-taxable","18":"purchasable","19":"product-type-variable"},"yoast_head":"<!-- This site is optimized with the Yoast SEO plugin v27.1.1 - https:\/\/yoast.com\/product\/yoast-seo-wordpress\/ -->\n<title>Pintos Odos Rakt\u0173 Pakabukas su Karabinu - kabinam.lt<\/title>\n<meta name=\"description\" content=\"Atraskite auk\u0161tos kokyb\u0117s pintos odos rakt\u0173 pakabuk\u0105 su karabinu. Stilingas, patvarus, prieinamas \u012fvairiomis spalvomis \u2013 idealus aksesuaras!\" \/>\n<meta name=\"robots\" content=\"index, follow, max-snippet:-1, max-image-preview:large, max-video-preview:-1\" \/>\n<link rel=\"canonical\" href=\"https:\/\/kabinam.lt\/lv\/produkts\/adas-atslegu-gredzens-karabine\/\" \/>\n<meta property=\"og:locale\" content=\"lv_LV\" \/>\n<meta property=\"og:type\" content=\"article\" \/>\n<meta property=\"og:title\" content=\"Pintos Odos Rakt\u0173 Pakabukas su Karabinu - kabinam.lt\" \/>\n<meta property=\"og:description\" content=\"Atraskite auk\u0161tos kokyb\u0117s pintos odos rakt\u0173 pakabuk\u0105 su karabinu. Stilingas, patvarus, prieinamas \u012fvairiomis spalvomis \u2013 idealus aksesuaras!\" \/>\n<meta property=\"og:url\" content=\"https:\/\/kabinam.lt\/lv\/produkts\/adas-atslegu-gredzens-karabine\/\" \/>\n<meta property=\"og:site_name\" content=\"kabinam.lt\" \/>\n<meta property=\"article:modified_time\" content=\"2026-01-18T13:34:40+00:00\" \/>\n<meta property=\"og:image\" content=\"https:\/\/kabinam.lt\/wp-content\/uploads\/2024\/08\/54dc8907-1e0c-45c7-a31f-84621a5bd685.jpg\" \/>\n\t<meta property=\"og:image:width\" content=\"800\" \/>\n\t<meta property=\"og:image:height\" content=\"800\" \/>\n\t<meta property=\"og:image:type\" content=\"image\/jpeg\" \/>\n<meta name=\"twitter:card\" content=\"summary_large_image\" \/>\n<meta name=\"twitter:label1\" content=\"Est. reading time\" \/>\n\t<meta name=\"twitter:data1\" content=\"2 min\u016btes\" \/>\n<script type=\"application\/ld+json\" class=\"yoast-schema-graph\">{\"@context\":\"https:\/\/schema.org\",\"@graph\":[{\"@type\":[\"WebPage\",\"ItemPage\"],\"@id\":\"https:\/\/kabinam.lt\/eng\/product\/leather-key-pendant-carabiner\/\",\"url\":\"https:\/\/kabinam.lt\/eng\/product\/leather-key-pendant-carabiner\/\",\"name\":\"Pintos Odos Rakt\u0173 Pakabukas su Karabinu - kabinam.lt\",\"isPartOf\":{\"@id\":\"https:\/\/kabinam.lt\/#website\"},\"primaryImageOfPage\":{\"@id\":\"https:\/\/kabinam.lt\/eng\/product\/leather-key-pendant-carabiner\/#primaryimage\"},\"image\":{\"@id\":\"https:\/\/kabinam.lt\/eng\/product\/leather-key-pendant-carabiner\/#primaryimage\"},\"thumbnailUrl\":\"https:\/\/kabinam.lt\/wp-content\/uploads\/2024\/08\/54dc8907-1e0c-45c7-a31f-84621a5bd685.jpg\",\"datePublished\":\"2024-08-18T08:48:37+00:00\",\"dateModified\":\"2026-01-18T13:34:40+00:00\",\"description\":\"Atraskite auk\u0161tos kokyb\u0117s pintos odos rakt\u0173 pakabuk\u0105 su karabinu. Stilingas, patvarus, prieinamas \u012fvairiomis spalvomis \u2013 idealus aksesuaras!\",\"breadcrumb\":{\"@id\":\"https:\/\/kabinam.lt\/eng\/product\/leather-key-pendant-carabiner\/#breadcrumb\"},\"inLanguage\":\"lv-LV\",\"potentialAction\":[{\"@type\":\"ReadAction\",\"target\":[\"https:\/\/kabinam.lt\/eng\/product\/leather-key-pendant-carabiner\/\"]}]},{\"@type\":\"ImageObject\",\"inLanguage\":\"lv-LV\",\"@id\":\"https:\/\/kabinam.lt\/eng\/product\/leather-key-pendant-carabiner\/#primaryimage\",\"url\":\"https:\/\/kabinam.lt\/wp-content\/uploads\/2024\/08\/54dc8907-1e0c-45c7-a31f-84621a5bd685.jpg\",\"contentUrl\":\"https:\/\/kabinam.lt\/wp-content\/uploads\/2024\/08\/54dc8907-1e0c-45c7-a31f-84621a5bd685.jpg\",\"width\":800,\"height\":800,\"caption\":\"Pintos Odos Rakt\u0173 Pakabukas su Karabinu\"},{\"@type\":\"BreadcrumbList\",\"@id\":\"https:\/\/kabinam.lt\/eng\/product\/leather-key-pendant-carabiner\/#breadcrumb\",\"itemListElement\":[{\"@type\":\"ListItem\",\"position\":1,\"name\":\"Home\",\"item\":\"https:\/\/kabinam.lt\/\"},{\"@type\":\"ListItem\",\"position\":2,\"name\":\"Visi Produktai\",\"item\":\"https:\/\/kabinam.lt\/visi-produktai\/\"},{\"@type\":\"ListItem\",\"position\":3,\"name\":\"Pintos Odos Rakt\u0173 Pakabukas su Karabinu\"}]},{\"@type\":\"WebSite\",\"@id\":\"https:\/\/kabinam.lt\/#website\",\"url\":\"https:\/\/kabinam.lt\/\",\"name\":\"kabinam.lt\",\"description\":\"Kabinam.lt \u2013 raktu pakabukai ir aksesuarai\",\"publisher\":{\"@id\":\"https:\/\/kabinam.lt\/#organization\"},\"alternateName\":\"pakabukai lt\",\"potentialAction\":[{\"@type\":\"SearchAction\",\"target\":{\"@type\":\"EntryPoint\",\"urlTemplate\":\"https:\/\/kabinam.lt\/?s={search_term_string}\"},\"query-input\":{\"@type\":\"PropertyValueSpecification\",\"valueRequired\":true,\"valueName\":\"search_term_string\"}}],\"inLanguage\":\"lv-LV\"},{\"@type\":\"Organization\",\"@id\":\"https:\/\/kabinam.lt\/#organization\",\"name\":\"kabinam.lt\",\"alternateName\":\"kabinam\",\"url\":\"https:\/\/kabinam.lt\/\",\"logo\":{\"@type\":\"ImageObject\",\"inLanguage\":\"lv-LV\",\"@id\":\"https:\/\/kabinam.lt\/#\/schema\/logo\/image\/\",\"url\":\"https:\/\/kabinam.lt\/wp-content\/uploads\/2025\/05\/KABINAM_outer_glow.png\",\"contentUrl\":\"https:\/\/kabinam.lt\/wp-content\/uploads\/2025\/05\/KABINAM_outer_glow.png\",\"width\":474,\"height\":141,\"caption\":\"kabinam.lt\"},\"image\":{\"@id\":\"https:\/\/kabinam.lt\/#\/schema\/logo\/image\/\"}}]}<\/script>\n<!-- \/ Yoast SEO plugin. -->","yoast_head_json":{"title":"Austs \u0101das atsl\u0113gas gredzens ar karab\u012bni - kabinam.lt","description":"Atkl\u0101jiet \u0161o augstas kvalit\u0101tes austo \u0101das atsl\u0113gu gredzenu ar karab\u012bnes klipsi. Stil\u012bgs, iztur\u012bgs un pieejams da\u017e\u0101d\u0101s kr\u0101s\u0101s \u2013 ide\u0101ls aksesu\u0101rs!","robots":{"index":"index","follow":"follow","max-snippet":"max-snippet:-1","max-image-preview":"max-image-preview:large","max-video-preview":"max-video-preview:-1"},"canonical":"https:\/\/kabinam.lt\/lv\/produkts\/adas-atslegu-gredzens-karabine\/","og_locale":"lv_LV","og_type":"article","og_title":"Pintos Odos Rakt\u0173 Pakabukas su Karabinu - kabinam.lt","og_description":"Atraskite auk\u0161tos kokyb\u0117s pintos odos rakt\u0173 pakabuk\u0105 su karabinu. Stilingas, patvarus, prieinamas \u012fvairiomis spalvomis \u2013 idealus aksesuaras!","og_url":"https:\/\/kabinam.lt\/lv\/produkts\/adas-atslegu-gredzens-karabine\/","og_site_name":"kabinam.lt","article_modified_time":"2026-01-18T13:34:40+00:00","og_image":[{"width":800,"height":800,"url":"https:\/\/kabinam.lt\/wp-content\/uploads\/2024\/08\/54dc8907-1e0c-45c7-a31f-84621a5bd685.jpg","type":"image\/jpeg"}],"twitter_card":"summary_large_image","twitter_misc":{"Est. reading time":"2 min\u016btes"},"schema":{"@context":"https:\/\/schema.org","@graph":[{"@type":["WebPage","ItemPage"],"@id":"https:\/\/kabinam.lt\/eng\/product\/leather-key-pendant-carabiner\/","url":"https:\/\/kabinam.lt\/eng\/product\/leather-key-pendant-carabiner\/","name":"Austs \u0101das atsl\u0113gas gredzens ar karab\u012bni - kabinam.lt","isPartOf":{"@id":"https:\/\/kabinam.lt\/#website"},"primaryImageOfPage":{"@id":"https:\/\/kabinam.lt\/eng\/product\/leather-key-pendant-carabiner\/#primaryimage"},"image":{"@id":"https:\/\/kabinam.lt\/eng\/product\/leather-key-pendant-carabiner\/#primaryimage"},"thumbnailUrl":"https:\/\/kabinam.lt\/wp-content\/uploads\/2024\/08\/54dc8907-1e0c-45c7-a31f-84621a5bd685.jpg","datePublished":"2024-08-18T08:48:37+00:00","dateModified":"2026-01-18T13:34:40+00:00","description":"Atkl\u0101jiet \u0161o augstas kvalit\u0101tes austo \u0101das atsl\u0113gu gredzenu ar karab\u012bnes klipsi. Stil\u012bgs, iztur\u012bgs un pieejams da\u017e\u0101d\u0101s kr\u0101s\u0101s \u2013 ide\u0101ls aksesu\u0101rs!","breadcrumb":{"@id":"https:\/\/kabinam.lt\/eng\/product\/leather-key-pendant-carabiner\/#breadcrumb"},"inLanguage":"lv-LV","potentialAction":[{"@type":"ReadAction","target":["https:\/\/kabinam.lt\/eng\/product\/leather-key-pendant-carabiner\/"]}]},{"@type":"ImageObject","inLanguage":"lv-LV","@id":"https:\/\/kabinam.lt\/eng\/product\/leather-key-pendant-carabiner\/#primaryimage","url":"https:\/\/kabinam.lt\/wp-content\/uploads\/2024\/08\/54dc8907-1e0c-45c7-a31f-84621a5bd685.jpg","contentUrl":"https:\/\/kabinam.lt\/wp-content\/uploads\/2024\/08\/54dc8907-1e0c-45c7-a31f-84621a5bd685.jpg","width":800,"height":800,"caption":"Pintos Odos Rakt\u0173 Pakabukas su Karabinu"},{"@type":"BreadcrumbList","@id":"https:\/\/kabinam.lt\/eng\/product\/leather-key-pendant-carabiner\/#breadcrumb","itemListElement":[{"@type":"ListItem","position":1,"name":"Home","item":"https:\/\/kabinam.lt\/"},{"@type":"ListItem","position":2,"name":"Visi Produktai","item":"https:\/\/kabinam.lt\/visi-produktai\/"},{"@type":"ListItem","position":3,"name":"Pintos Odos Rakt\u0173 Pakabukas su Karabinu"}]},{"@type":"WebSite","@id":"https:\/\/kabinam.lt\/#website","url":"https:\/\/kabinam.lt\/","name":"kabinam.lt","description":"Kabinam.lt - atsl\u0113gu piekari\u0146i un aksesu\u0101ri","publisher":{"@id":"https:\/\/kabinam.lt\/#organization"},"alternateName":"pakabukai lt","potentialAction":[{"@type":"SearchAction","target":{"@type":"EntryPoint","urlTemplate":"https:\/\/kabinam.lt\/?s={search_term_string}"},"query-input":{"@type":"PropertyValueSpecification","valueRequired":true,"valueName":"search_term_string"}}],"inLanguage":"lv-LV"},{"@type":"Organization","@id":"https:\/\/kabinam.lt\/#organization","name":"kabinam.lt","alternateName":"kabinam","url":"https:\/\/kabinam.lt\/","logo":{"@type":"ImageObject","inLanguage":"lv-LV","@id":"https:\/\/kabinam.lt\/#\/schema\/logo\/image\/","url":"https:\/\/kabinam.lt\/wp-content\/uploads\/2025\/05\/KABINAM_outer_glow.png","contentUrl":"https:\/\/kabinam.lt\/wp-content\/uploads\/2025\/05\/KABINAM_outer_glow.png","width":474,"height":141,"caption":"kabinam.lt"},"image":{"@id":"https:\/\/kabinam.lt\/#\/schema\/logo\/image\/"}}]}},"uagb_featured_image_src":{"full":["https:\/\/kabinam.lt\/wp-content\/uploads\/2024\/08\/54dc8907-1e0c-45c7-a31f-84621a5bd685.jpg",800,800,false],"thumbnail":["https:\/\/kabinam.lt\/wp-content\/uploads\/2024\/08\/54dc8907-1e0c-45c7-a31f-84621a5bd685-150x150.jpg",150,150,true],"medium":["https:\/\/kabinam.lt\/wp-content\/uploads\/2024\/08\/54dc8907-1e0c-45c7-a31f-84621a5bd685-300x300.jpg",300,300,true],"medium_large":["https:\/\/kabinam.lt\/wp-content\/uploads\/2024\/08\/54dc8907-1e0c-45c7-a31f-84621a5bd685-768x768.jpg",768,768,true],"large":["https:\/\/kabinam.lt\/wp-content\/uploads\/2024\/08\/54dc8907-1e0c-45c7-a31f-84621a5bd685.jpg",800,800,false],"1536x1536":["https:\/\/kabinam.lt\/wp-content\/uploads\/2024\/08\/54dc8907-1e0c-45c7-a31f-84621a5bd685.jpg",800,800,false],"2048x2048":["https:\/\/kabinam.lt\/wp-content\/uploads\/2024\/08\/54dc8907-1e0c-45c7-a31f-84621a5bd685.jpg",800,800,false],"trp-custom-language-flag":["https:\/\/kabinam.lt\/wp-content\/uploads\/2024\/08\/54dc8907-1e0c-45c7-a31f-84621a5bd685.jpg",12,12,false],"woocommerce_thumbnail":["https:\/\/kabinam.lt\/wp-content\/uploads\/2024\/08\/54dc8907-1e0c-45c7-a31f-84621a5bd685-300x300.jpg",300,300,true],"woocommerce_single":["https:\/\/kabinam.lt\/wp-content\/uploads\/2024\/08\/54dc8907-1e0c-45c7-a31f-84621a5bd685-600x600.jpg",600,600,true],"woocommerce_gallery_thumbnail":["https:\/\/kabinam.lt\/wp-content\/uploads\/2024\/08\/54dc8907-1e0c-45c7-a31f-84621a5bd685-100x100.jpg",100,100,true]},"uagb_author_info":{"display_name":"kabinam.lt","author_link":"https:\/\/kabinam.lt\/lv\/author\/"},"uagb_comment_info":0,"uagb_excerpt":"Auk\u0161tos kokyb\u0117s pintos odos rakt\u0173 pakabukas su karabinu, prieinamas \u012fvairiomis spalvomis, tvirtas ir stilingas pasirinkimas j\u016bs\u0173 raktams.","_links":{"self":[{"href":"https:\/\/kabinam.lt\/lv\/wp-json\/wp\/v2\/product\/2891","targetHints":{"allow":["GET"]}}],"collection":[{"href":"https:\/\/kabinam.lt\/lv\/wp-json\/wp\/v2\/product"}],"about":[{"href":"https:\/\/kabinam.lt\/lv\/wp-json\/wp\/v2\/types\/product"}],"replies":[{"embeddable":true,"href":"https:\/\/kabinam.lt\/lv\/wp-json\/wp\/v2\/comments?post=2891"}],"wp:featuredmedia":[{"embeddable":true,"href":"https:\/\/kabinam.lt\/lv\/wp-json\/wp\/v2\/media\/2899"}],"wp:attachment":[{"href":"https:\/\/kabinam.lt\/lv\/wp-json\/wp\/v2\/media?parent=2891"}],"wp:term":[{"taxonomy":"product_brand","embeddable":true,"href":"https:\/\/kabinam.lt\/lv\/wp-json\/wp\/v2\/product_brand?post=2891"},{"taxonomy":"product_cat","embeddable":true,"href":"https:\/\/kabinam.lt\/lv\/wp-json\/wp\/v2\/product_cat?post=2891"},{"taxonomy":"product_tag","embeddable":true,"href":"https:\/\/kabinam.lt\/lv\/wp-json\/wp\/v2\/product_tag?post=2891"}],"curies":[{"name":"wp","href":"https:\/\/api.w.org\/{rel}","templated":true}]}}