{"id":2879,"date":"2024-08-18T11:37:18","date_gmt":"2024-08-18T08:37:18","guid":{"rendered":"https:\/\/kabinam.lt\/?post_type=product&#038;p=2879"},"modified":"2026-01-18T15:36:44","modified_gmt":"2026-01-18T13:36:44","slug":"metala-kulons-smilsu-pulkstenis","status":"publish","type":"product","link":"https:\/\/kabinam.lt\/lv\/product\/metalinis-pakabukas-smelio-laikrodis\/","title":{"rendered":"Met\u0101la smil\u0161u pulkste\u0146a piekari\u0146\u0161"},"content":{"rendered":"<div class=\"kk-star-ratings kksr-auto kksr-align-left kksr-valign-top\"\n    data-payload='{&quot;align&quot;:&quot;left&quot;,&quot;id&quot;:&quot;2879&quot;,&quot;slug&quot;:&quot;default&quot;,&quot;valign&quot;:&quot;top&quot;,&quot;ignore&quot;:&quot;&quot;,&quot;reference&quot;:&quot;auto&quot;,&quot;class&quot;:&quot;&quot;,&quot;count&quot;:&quot;0&quot;,&quot;legendonly&quot;:&quot;&quot;,&quot;readonly&quot;:&quot;&quot;,&quot;score&quot;:&quot;0&quot;,&quot;starsonly&quot;:&quot;&quot;,&quot;best&quot;:&quot;5&quot;,&quot;gap&quot;:&quot;5&quot;,&quot;greet&quot;:&quot;Mums svarbus j\u016bs\u0173 \u012fvertinimas&quot;,&quot;legend&quot;:&quot;0\\\/5 - (0 votes)&quot;,&quot;size&quot;:&quot;24&quot;,&quot;title&quot;:&quot;Metalinis pakabukas sm\u0117lio laikrodis&quot;,&quot;width&quot;:&quot;0&quot;,&quot;_legend&quot;:&quot;{score}\\\/{best} - ({count} {votes})&quot;,&quot;font_factor&quot;:&quot;1.25&quot;}'>\n            \n<div class=\"kksr-stars\">\n    \n<div class=\"kksr-stars-inactive\">\n            <div class=\"kksr-star\" data-star=\"1\" style=\"padding-right: 5px\">\n            \n\n<div class=\"kksr-icon\" style=\"width: 24px; height: 24px;\"><\/div>\n        <\/div>\n            <div class=\"kksr-star\" data-star=\"2\" style=\"padding-right: 5px\">\n            \n\n<div class=\"kksr-icon\" style=\"width: 24px; height: 24px;\"><\/div>\n        <\/div>\n            <div class=\"kksr-star\" data-star=\"3\" style=\"padding-right: 5px\">\n            \n\n<div class=\"kksr-icon\" style=\"width: 24px; height: 24px;\"><\/div>\n        <\/div>\n            <div class=\"kksr-star\" data-star=\"4\" style=\"padding-right: 5px\">\n            \n\n<div class=\"kksr-icon\" style=\"width: 24px; height: 24px;\"><\/div>\n        <\/div>\n            <div class=\"kksr-star\" data-star=\"5\" style=\"padding-right: 5px\">\n            \n\n<div class=\"kksr-icon\" style=\"width: 24px; height: 24px;\"><\/div>\n        <\/div>\n    <\/div>\n    \n<div class=\"kksr-stars-active\" style=\"width: 0px;\">\n            <div class=\"kksr-star\" style=\"padding-right: 5px\">\n            \n\n<div class=\"kksr-icon\" style=\"width: 24px; height: 24px;\"><\/div>\n        <\/div>\n            <div class=\"kksr-star\" style=\"padding-right: 5px\">\n            \n\n<div class=\"kksr-icon\" style=\"width: 24px; height: 24px;\"><\/div>\n        <\/div>\n            <div class=\"kksr-star\" style=\"padding-right: 5px\">\n            \n\n<div class=\"kksr-icon\" style=\"width: 24px; height: 24px;\"><\/div>\n        <\/div>\n            <div class=\"kksr-star\" style=\"padding-right: 5px\">\n            \n\n<div class=\"kksr-icon\" style=\"width: 24px; height: 24px;\"><\/div>\n        <\/div>\n            <div class=\"kksr-star\" style=\"padding-right: 5px\">\n            \n\n<div class=\"kksr-icon\" style=\"width: 24px; height: 24px;\"><\/div>\n        <\/div>\n    <\/div>\n<\/div>\n                \n\n<div class=\"kksr-legend\" style=\"font-size: 19.2px;\">\n            <span class=\"kksr-muted\">Mums ir svar\u012bgs j\u016bsu nov\u0113rt\u0113jums<\/span>\n    <\/div>\n    <\/div>\n<h4 data-start=\"68\" data-end=\"92\"><strong data-start=\"73\" data-end=\"90\">Par produktu<\/strong><\/h4>\n<p data-start=\"93\" data-end=\"696\">Met\u0101la smil\u0161u pulkste\u0146a piekari\u0146\u0161 ir aksesu\u0101rs ar at\u0161\u0137ir\u012bgu dizainu, kas rad\u012bts tiem, kuri v\u0113las izteikt savu unikalit\u0101ti un stilu. \u0160is izstr\u0101d\u0101jums ir izgatavots no augstas kvalit\u0101tes met\u0101la, un t\u0101 dizains imit\u0113 \u012bstu smil\u0161u pulksteni, kas grie\u017eas uz div\u0101m as\u012bm. Met\u0101la smil\u0161u pulkste\u0146a piekari\u0146\u0161 ir lieliska izv\u0113le automa\u0161\u012bnas, motocikla un m\u0101jas atsl\u0113g\u0101m. Tas ir ne tikai est\u0113tiski pievilc\u012bgs, bet ar\u012b funkcion\u0101ls, nodro\u0161inot, ka j\u016bsu atsl\u0113gas vienm\u0113r ir dro\u0161i piestiprin\u0101tas. Izstr\u0101d\u0101juma konstrukcija ir iztur\u012bga un nodilumiztur\u012bga, t\u0101p\u0113c tas kalpos ilgu laiku pat intens\u012bvas lieto\u0161anas apst\u0101k\u013cos.<\/p>\n<p data-start=\"698\" data-end=\"1076\">\u0160is aksesu\u0101rs ir pieejams div\u0101s kr\u0101s\u0101s - zelta un sudraba, lai katrs pirc\u0113js var\u0113tu izv\u0113l\u0113ties sev piem\u0113rot\u0101ko. Katra deta\u013ca ir izstr\u0101d\u0101ta ar \u012bpa\u0161u uzman\u012bbu, un kust\u012bgais dizains rada re\u0101listisku iespaidu. Lai uzzin\u0101tu vair\u0101k par pulkste\u0146a kust\u012bb\u0101m, l\u016bdzu, apmekl\u0113jiet <a target=\"_new\" rel=\"noopener\" data-start=\"1015\" data-end=\"1075\">\u0100r\u0113jais resurss<\/a>.<\/p>\n<h4 data-start=\"1078\" data-end=\"1117\"><strong data-start=\"1083\" data-end=\"1115\">Funkcionalit\u0101te un Lieto\u0161ana<\/strong><\/h4>\n<p data-start=\"1118\" data-end=\"1713\">Met\u0101la smil\u0161u pulkste\u0146a piekari\u0146\u0161 ne tikai izskat\u0101s skaisti, bet ir ar\u012b \u013coti funkcion\u0101ls. T\u0101 iztur\u012bgais met\u0101la gredzens nodro\u0161ina, ka j\u016bsu atsl\u0113gas ir dro\u0161i piestiprin\u0101tas, bet integr\u0113t\u0101 karab\u012bne \u013cauj to \u0101tri piestiprin\u0101t pie mugursomas, jostas vai citiem piederumiem. Piekari\u0146a unik\u0101lais dizains ar kust\u012bgu atsperi pie\u0161\u0137ir papildu interaktivit\u0101ti, kas var pal\u012bdz\u0113t mazin\u0101t stresu j\u016bsu ikdien\u0101. \u0160is izstr\u0101d\u0101jums ir univers\u0101ls - piem\u0113rots automa\u0161\u012bnas, motocikla un m\u0101jas atsl\u0113g\u0101m. Lieto\u0161ana ir intuit\u012bva un vienk\u0101r\u0161a, t\u0101p\u0113c ikviens lietot\u0101js var\u0113s izbaud\u012bt t\u0101s priek\u0161roc\u012bbas.<\/p>\n<p data-start=\"1715\" data-end=\"2046\">Turkl\u0101t met\u0101la smil\u0161u pulkste\u0146a piekari\u0146\u0161 lieliski iederas visda\u017e\u0101d\u0101kajos stilos un var tikt izmantots k\u0101 izteiksm\u012bgs dekorat\u012bvs elements. T\u0101 modernais dizains pie\u0161\u0137ir aksesu\u0101ram \u012bpa\u0161u \u0161armu un eleganci. Vair\u0101k par m\u016bsu piederumu kl\u0101stu varat uzzin\u0101t m\u016bsu <a href=\"https:\/\/kabinam.lt\/lv\/visi-produkti\/\" target=\"_new\" rel=\"noopener\" data-start=\"1993\" data-end=\"2045\">produktu katalog\u0101<\/a>.<\/p>\n<h4 data-start=\"2048\" data-end=\"2077\"><strong data-start=\"2053\" data-end=\"2075\">Dizains un Kvalit\u0101te<\/strong><\/h4>\n<p data-start=\"2078\" data-end=\"2577\">\u0160\u012b kulona dizains izce\u013cas ar minim\u0101lisma, ta\u010du \u013coti iespaid\u012bgu stilu. Izstr\u0101d\u0101jums ir izgatavots no iztur\u012bga met\u0101la, un tas saglab\u0101 formu un kr\u0101su intensit\u0101ti pat p\u0113c ilgas lieto\u0161anas. Zelta vai sudraba kr\u0101sas apdare pie\u0161\u0137ir tam greznuma saj\u016btu, savuk\u0101rt smalk\u0101s deta\u013cas pie\u0161\u0137ir tam prec\u012bzu un profesion\u0101lu apstr\u0101di. Met\u0101la smil\u0161u pulkste\u0146a piekari\u0146\u0161 ir izstr\u0101d\u0101ts, \u0146emot v\u0113r\u0101 jaun\u0101k\u0101s tendences, t\u0101p\u0113c tas ne tikai aizsarg\u0101 j\u016bsu atsl\u0113gas, bet ar\u012b ir stil\u012bgs j\u016bsu person\u012bg\u0101 stila papildin\u0101jums.<\/p>\n<h4 data-start=\"2579\" data-end=\"2610\"><strong data-start=\"2584\" data-end=\"2608\">K\u0101p\u0113c izv\u0113l\u0113ties?<\/strong><\/h4>\n<p data-start=\"2611\" data-end=\"3088\">Ieguld\u012bjums smil\u0161u pulkste\u0146a stila met\u0101la piekari\u0146\u0101 ir gudrs l\u0113mums tiem, kas v\u0113las izcelties un izcelt savu person\u012bgo gaumi. Izstr\u0101d\u0101jums ir ne tikai praktisks, bet ar\u012b est\u0113tisks, un t\u0101 unik\u0101lais dizains piesaista uzman\u012bbu. Tas nodro\u0161ina atsl\u0113g\u0101m papildu aizsardz\u012bbu un pal\u012bdz uztur\u0113t k\u0101rt\u012bb\u0101 ikdienas rut\u012bnu. Iztur\u012bg\u0101 konstrukcija un augstas kvalit\u0101tes materi\u0101li garant\u0113 iztur\u012bbu, savuk\u0101rt at\u0161\u0137ir\u012bgais dizains pie\u0161\u0137ir j\u016bsu aksesu\u0101ru kolekcijai jaunu dimensiju.<\/p>","protected":false},"excerpt":{"rendered":"<p>Met\u0101la piekari\u0146\u0161 \u201eSmil\u0161u pulkstenis\u201c - rot\u0113 div\u0101s as\u012bs, iztur\u012bgs un elegants aksesu\u0101rs, piem\u0113rots gan atsl\u0113g\u0101m, gan d\u0101van\u0101m.<\/p>","protected":false},"featured_media":2880,"comment_status":"closed","ping_status":"closed","template":"","meta":{"_uag_custom_page_level_css":"","site-sidebar-layout":"default","site-content-layout":"","ast-site-content-layout":"default","site-content-style":"default","site-sidebar-style":"default","ast-global-header-display":"","ast-banner-title-visibility":"","ast-main-header-display":"","ast-hfb-above-header-display":"","ast-hfb-below-header-display":"","ast-hfb-mobile-header-display":"","site-post-title":"","ast-breadcrumbs-content":"","ast-featured-img":"","footer-sml-layout":"","ast-disable-related-posts":"","theme-transparent-header-meta":"default","adv-header-id-meta":"","stick-header-meta":"","header-above-stick-meta":"","header-main-stick-meta":"","header-below-stick-meta":"","astra-migrate-meta-layouts":"set","ast-page-background-enabled":"default","ast-page-background-meta":{"desktop":{"background-color":"var(--ast-global-color-4)","background-image":"","background-repeat":"repeat","background-position":"center center","background-size":"auto","background-attachment":"scroll","background-type":"","background-media":"","overlay-type":"","overlay-color":"","overlay-opacity":"","overlay-gradient":""},"tablet":{"background-color":"","background-image":"","background-repeat":"repeat","background-position":"center center","background-size":"auto","background-attachment":"scroll","background-type":"","background-media":"","overlay-type":"","overlay-color":"","overlay-opacity":"","overlay-gradient":""},"mobile":{"background-color":"","background-image":"","background-repeat":"repeat","background-position":"center center","background-size":"auto","background-attachment":"scroll","background-type":"","background-media":"","overlay-type":"","overlay-color":"","overlay-opacity":"","overlay-gradient":""}},"ast-content-background-meta":{"desktop":{"background-color":"var(--ast-global-color-5)","background-image":"","background-repeat":"repeat","background-position":"center center","background-size":"auto","background-attachment":"scroll","background-type":"","background-media":"","overlay-type":"","overlay-color":"","overlay-opacity":"","overlay-gradient":""},"tablet":{"background-color":"var(--ast-global-color-5)","background-image":"","background-repeat":"repeat","background-position":"center center","background-size":"auto","background-attachment":"scroll","background-type":"","background-media":"","overlay-type":"","overlay-color":"","overlay-opacity":"","overlay-gradient":""},"mobile":{"background-color":"var(--ast-global-color-5)","background-image":"","background-repeat":"repeat","background-position":"center center","background-size":"auto","background-attachment":"scroll","background-type":"","background-media":"","overlay-type":"","overlay-color":"","overlay-opacity":"","overlay-gradient":""}}},"product_brand":[],"product_cat":[125,126,95,118,92],"product_tag":[],"class_list":{"0":"post-2879","1":"product","2":"type-product","3":"status-publish","4":"has-post-thumbnail","6":"product_cat-halloween","7":"product_cat-visi","8":"product_cat-unikalus-raktu-pakabukai","9":"product_cat-dovana-teciui","10":"product_cat-populiariausiu-produktu-kategorija","11":"desktop-align-center","12":"tablet-align-left","13":"mobile-align-left","15":"first","16":"instock","17":"shipping-taxable","18":"purchasable","19":"product-type-variable"},"yoast_head":"<!-- This site is optimized with the Yoast SEO plugin v27.1.1 - https:\/\/yoast.com\/product\/yoast-seo-wordpress\/ -->\n<title>Metalinis pakabukas sm\u0117lio laikrodis - kabinam.lt<\/title>\n<meta name=\"description\" content=\"Metalinis pakabukas \u201eSm\u0117lio Laikrodis\u201c \u2013 unikalus aksesuaras su besisukan\u010diu dizainu. Stilingas ir prakti\u0161kas pasirinkimas j\u016bs\u0173 raktams!\" \/>\n<meta name=\"robots\" content=\"index, follow, max-snippet:-1, max-image-preview:large, max-video-preview:-1\" \/>\n<link rel=\"canonical\" href=\"https:\/\/kabinam.lt\/lv\/produkts\/metala-kulons-smilsu-pulkstenis\/\" \/>\n<meta property=\"og:locale\" content=\"lv_LV\" \/>\n<meta property=\"og:type\" content=\"article\" \/>\n<meta property=\"og:title\" content=\"Metalinis pakabukas sm\u0117lio laikrodis - kabinam.lt\" \/>\n<meta property=\"og:description\" content=\"Metalinis pakabukas \u201eSm\u0117lio Laikrodis\u201c \u2013 unikalus aksesuaras su besisukan\u010diu dizainu. Stilingas ir prakti\u0161kas pasirinkimas j\u016bs\u0173 raktams!\" \/>\n<meta property=\"og:url\" content=\"https:\/\/kabinam.lt\/lv\/produkts\/metala-kulons-smilsu-pulkstenis\/\" \/>\n<meta property=\"og:site_name\" content=\"kabinam.lt\" \/>\n<meta property=\"article:modified_time\" content=\"2026-01-18T13:36:44+00:00\" \/>\n<meta property=\"og:image\" content=\"https:\/\/kabinam.lt\/wp-content\/uploads\/2024\/08\/3f2318688994cdd30346b40854f2d7c7.jpg\" \/>\n\t<meta property=\"og:image:width\" content=\"800\" \/>\n\t<meta property=\"og:image:height\" content=\"800\" \/>\n\t<meta property=\"og:image:type\" content=\"image\/jpeg\" \/>\n<meta name=\"twitter:card\" content=\"summary_large_image\" \/>\n<meta name=\"twitter:label1\" content=\"Est. reading time\" \/>\n\t<meta name=\"twitter:data1\" content=\"3 min\u016btes\" \/>\n<script type=\"application\/ld+json\" class=\"yoast-schema-graph\">{\"@context\":\"https:\/\/schema.org\",\"@graph\":[{\"@type\":[\"WebPage\",\"ItemPage\"],\"@id\":\"https:\/\/kabinam.lt\/et\/toode\/metallist-kolar-liivakell\/\",\"url\":\"https:\/\/kabinam.lt\/et\/toode\/metallist-kolar-liivakell\/\",\"name\":\"Metalinis pakabukas sm\u0117lio laikrodis - kabinam.lt\",\"isPartOf\":{\"@id\":\"https:\/\/kabinam.lt\/#website\"},\"primaryImageOfPage\":{\"@id\":\"https:\/\/kabinam.lt\/et\/toode\/metallist-kolar-liivakell\/#primaryimage\"},\"image\":{\"@id\":\"https:\/\/kabinam.lt\/et\/toode\/metallist-kolar-liivakell\/#primaryimage\"},\"thumbnailUrl\":\"https:\/\/kabinam.lt\/wp-content\/uploads\/2024\/08\/3f2318688994cdd30346b40854f2d7c7.jpg\",\"datePublished\":\"2024-08-18T08:37:18+00:00\",\"dateModified\":\"2026-01-18T13:36:44+00:00\",\"description\":\"Metalinis pakabukas \u201eSm\u0117lio Laikrodis\u201c \u2013 unikalus aksesuaras su besisukan\u010diu dizainu. Stilingas ir prakti\u0161kas pasirinkimas j\u016bs\u0173 raktams!\",\"breadcrumb\":{\"@id\":\"https:\/\/kabinam.lt\/et\/toode\/metallist-kolar-liivakell\/#breadcrumb\"},\"inLanguage\":\"lv-LV\",\"potentialAction\":[{\"@type\":\"ReadAction\",\"target\":[\"https:\/\/kabinam.lt\/et\/toode\/metallist-kolar-liivakell\/\"]}]},{\"@type\":\"ImageObject\",\"inLanguage\":\"lv-LV\",\"@id\":\"https:\/\/kabinam.lt\/et\/toode\/metallist-kolar-liivakell\/#primaryimage\",\"url\":\"https:\/\/kabinam.lt\/wp-content\/uploads\/2024\/08\/3f2318688994cdd30346b40854f2d7c7.jpg\",\"contentUrl\":\"https:\/\/kabinam.lt\/wp-content\/uploads\/2024\/08\/3f2318688994cdd30346b40854f2d7c7.jpg\",\"width\":800,\"height\":800,\"caption\":\"Metalinis Pakabukas \u201eSm\u0117lio Laikrodis\u201c \u2013 Sukasi Dviejose A\u0161yse\"},{\"@type\":\"BreadcrumbList\",\"@id\":\"https:\/\/kabinam.lt\/et\/toode\/metallist-kolar-liivakell\/#breadcrumb\",\"itemListElement\":[{\"@type\":\"ListItem\",\"position\":1,\"name\":\"Home\",\"item\":\"https:\/\/kabinam.lt\/\"},{\"@type\":\"ListItem\",\"position\":2,\"name\":\"Visi Produktai\",\"item\":\"https:\/\/kabinam.lt\/visi-produktai\/\"},{\"@type\":\"ListItem\",\"position\":3,\"name\":\"Metalinis pakabukas sm\u0117lio laikrodis\"}]},{\"@type\":\"WebSite\",\"@id\":\"https:\/\/kabinam.lt\/#website\",\"url\":\"https:\/\/kabinam.lt\/\",\"name\":\"kabinam.lt\",\"description\":\"Kabinam.lt \u2013 raktu pakabukai ir aksesuarai\",\"publisher\":{\"@id\":\"https:\/\/kabinam.lt\/#organization\"},\"alternateName\":\"pakabukai lt\",\"potentialAction\":[{\"@type\":\"SearchAction\",\"target\":{\"@type\":\"EntryPoint\",\"urlTemplate\":\"https:\/\/kabinam.lt\/?s={search_term_string}\"},\"query-input\":{\"@type\":\"PropertyValueSpecification\",\"valueRequired\":true,\"valueName\":\"search_term_string\"}}],\"inLanguage\":\"lv-LV\"},{\"@type\":\"Organization\",\"@id\":\"https:\/\/kabinam.lt\/#organization\",\"name\":\"kabinam.lt\",\"alternateName\":\"kabinam\",\"url\":\"https:\/\/kabinam.lt\/\",\"logo\":{\"@type\":\"ImageObject\",\"inLanguage\":\"lv-LV\",\"@id\":\"https:\/\/kabinam.lt\/#\/schema\/logo\/image\/\",\"url\":\"https:\/\/kabinam.lt\/wp-content\/uploads\/2025\/05\/KABINAM_outer_glow.png\",\"contentUrl\":\"https:\/\/kabinam.lt\/wp-content\/uploads\/2025\/05\/KABINAM_outer_glow.png\",\"width\":474,\"height\":141,\"caption\":\"kabinam.lt\"},\"image\":{\"@id\":\"https:\/\/kabinam.lt\/#\/schema\/logo\/image\/\"}}]}<\/script>\n<!-- \/ Yoast SEO plugin. -->","yoast_head_json":{"title":"Met\u0101la kulons smil\u0161u pulkstenis - kabinam.lt","description":"Met\u0101la kulons \u201eSmil\u0161u pulkstenis\u201c - unik\u0101ls aksesu\u0101rs ar rot\u0113jo\u0161u dizainu. Stil\u012bga un praktiska izv\u0113le j\u016bsu atsl\u0113g\u0101m!","robots":{"index":"index","follow":"follow","max-snippet":"max-snippet:-1","max-image-preview":"max-image-preview:large","max-video-preview":"max-video-preview:-1"},"canonical":"https:\/\/kabinam.lt\/lv\/produkts\/metala-kulons-smilsu-pulkstenis\/","og_locale":"lv_LV","og_type":"article","og_title":"Metalinis pakabukas sm\u0117lio laikrodis - kabinam.lt","og_description":"Metalinis pakabukas \u201eSm\u0117lio Laikrodis\u201c \u2013 unikalus aksesuaras su besisukan\u010diu dizainu. Stilingas ir prakti\u0161kas pasirinkimas j\u016bs\u0173 raktams!","og_url":"https:\/\/kabinam.lt\/lv\/produkts\/metala-kulons-smilsu-pulkstenis\/","og_site_name":"kabinam.lt","article_modified_time":"2026-01-18T13:36:44+00:00","og_image":[{"width":800,"height":800,"url":"https:\/\/kabinam.lt\/wp-content\/uploads\/2024\/08\/3f2318688994cdd30346b40854f2d7c7.jpg","type":"image\/jpeg"}],"twitter_card":"summary_large_image","twitter_misc":{"Est. reading time":"3 min\u016btes"},"schema":{"@context":"https:\/\/schema.org","@graph":[{"@type":["WebPage","ItemPage"],"@id":"https:\/\/kabinam.lt\/et\/toode\/metallist-kolar-liivakell\/","url":"https:\/\/kabinam.lt\/et\/toode\/metallist-kolar-liivakell\/","name":"Met\u0101la kulons smil\u0161u pulkstenis - kabinam.lt","isPartOf":{"@id":"https:\/\/kabinam.lt\/#website"},"primaryImageOfPage":{"@id":"https:\/\/kabinam.lt\/et\/toode\/metallist-kolar-liivakell\/#primaryimage"},"image":{"@id":"https:\/\/kabinam.lt\/et\/toode\/metallist-kolar-liivakell\/#primaryimage"},"thumbnailUrl":"https:\/\/kabinam.lt\/wp-content\/uploads\/2024\/08\/3f2318688994cdd30346b40854f2d7c7.jpg","datePublished":"2024-08-18T08:37:18+00:00","dateModified":"2026-01-18T13:36:44+00:00","description":"Met\u0101la kulons \u201eSmil\u0161u pulkstenis\u201c - unik\u0101ls aksesu\u0101rs ar rot\u0113jo\u0161u dizainu. Stil\u012bga un praktiska izv\u0113le j\u016bsu atsl\u0113g\u0101m!","breadcrumb":{"@id":"https:\/\/kabinam.lt\/et\/toode\/metallist-kolar-liivakell\/#breadcrumb"},"inLanguage":"lv-LV","potentialAction":[{"@type":"ReadAction","target":["https:\/\/kabinam.lt\/et\/toode\/metallist-kolar-liivakell\/"]}]},{"@type":"ImageObject","inLanguage":"lv-LV","@id":"https:\/\/kabinam.lt\/et\/toode\/metallist-kolar-liivakell\/#primaryimage","url":"https:\/\/kabinam.lt\/wp-content\/uploads\/2024\/08\/3f2318688994cdd30346b40854f2d7c7.jpg","contentUrl":"https:\/\/kabinam.lt\/wp-content\/uploads\/2024\/08\/3f2318688994cdd30346b40854f2d7c7.jpg","width":800,"height":800,"caption":"Metalinis Pakabukas \u201eSm\u0117lio Laikrodis\u201c \u2013 Sukasi Dviejose A\u0161yse"},{"@type":"BreadcrumbList","@id":"https:\/\/kabinam.lt\/et\/toode\/metallist-kolar-liivakell\/#breadcrumb","itemListElement":[{"@type":"ListItem","position":1,"name":"Home","item":"https:\/\/kabinam.lt\/"},{"@type":"ListItem","position":2,"name":"Visi Produktai","item":"https:\/\/kabinam.lt\/visi-produktai\/"},{"@type":"ListItem","position":3,"name":"Metalinis pakabukas sm\u0117lio laikrodis"}]},{"@type":"WebSite","@id":"https:\/\/kabinam.lt\/#website","url":"https:\/\/kabinam.lt\/","name":"kabinam.lt","description":"Kabinam.lt - atsl\u0113gu piekari\u0146i un aksesu\u0101ri","publisher":{"@id":"https:\/\/kabinam.lt\/#organization"},"alternateName":"pakabukai lt","potentialAction":[{"@type":"SearchAction","target":{"@type":"EntryPoint","urlTemplate":"https:\/\/kabinam.lt\/?s={search_term_string}"},"query-input":{"@type":"PropertyValueSpecification","valueRequired":true,"valueName":"search_term_string"}}],"inLanguage":"lv-LV"},{"@type":"Organization","@id":"https:\/\/kabinam.lt\/#organization","name":"kabinam.lt","alternateName":"kabinam","url":"https:\/\/kabinam.lt\/","logo":{"@type":"ImageObject","inLanguage":"lv-LV","@id":"https:\/\/kabinam.lt\/#\/schema\/logo\/image\/","url":"https:\/\/kabinam.lt\/wp-content\/uploads\/2025\/05\/KABINAM_outer_glow.png","contentUrl":"https:\/\/kabinam.lt\/wp-content\/uploads\/2025\/05\/KABINAM_outer_glow.png","width":474,"height":141,"caption":"kabinam.lt"},"image":{"@id":"https:\/\/kabinam.lt\/#\/schema\/logo\/image\/"}}]}},"uagb_featured_image_src":{"full":["https:\/\/kabinam.lt\/wp-content\/uploads\/2024\/08\/3f2318688994cdd30346b40854f2d7c7.jpg",800,800,false],"thumbnail":["https:\/\/kabinam.lt\/wp-content\/uploads\/2024\/08\/3f2318688994cdd30346b40854f2d7c7-150x150.jpg",150,150,true],"medium":["https:\/\/kabinam.lt\/wp-content\/uploads\/2024\/08\/3f2318688994cdd30346b40854f2d7c7-300x300.jpg",300,300,true],"medium_large":["https:\/\/kabinam.lt\/wp-content\/uploads\/2024\/08\/3f2318688994cdd30346b40854f2d7c7-768x768.jpg",768,768,true],"large":["https:\/\/kabinam.lt\/wp-content\/uploads\/2024\/08\/3f2318688994cdd30346b40854f2d7c7.jpg",800,800,false],"1536x1536":["https:\/\/kabinam.lt\/wp-content\/uploads\/2024\/08\/3f2318688994cdd30346b40854f2d7c7.jpg",800,800,false],"2048x2048":["https:\/\/kabinam.lt\/wp-content\/uploads\/2024\/08\/3f2318688994cdd30346b40854f2d7c7.jpg",800,800,false],"trp-custom-language-flag":["https:\/\/kabinam.lt\/wp-content\/uploads\/2024\/08\/3f2318688994cdd30346b40854f2d7c7.jpg",12,12,false],"woocommerce_thumbnail":["https:\/\/kabinam.lt\/wp-content\/uploads\/2024\/08\/3f2318688994cdd30346b40854f2d7c7-300x300.jpg",300,300,true],"woocommerce_single":["https:\/\/kabinam.lt\/wp-content\/uploads\/2024\/08\/3f2318688994cdd30346b40854f2d7c7-600x600.jpg",600,600,true],"woocommerce_gallery_thumbnail":["https:\/\/kabinam.lt\/wp-content\/uploads\/2024\/08\/3f2318688994cdd30346b40854f2d7c7-100x100.jpg",100,100,true]},"uagb_author_info":{"display_name":"kabinam.lt","author_link":"https:\/\/kabinam.lt\/lv\/author\/"},"uagb_comment_info":0,"uagb_excerpt":"Metalinis pakabukas \u201eSm\u0117lio Laikrodis\u201c \u2013 sukasi dviejose a\u0161yse, tvirtas ir eleganti\u0161kas aksesuaras, tinkantis tiek raktams, tiek dovanai.","_links":{"self":[{"href":"https:\/\/kabinam.lt\/lv\/wp-json\/wp\/v2\/product\/2879","targetHints":{"allow":["GET"]}}],"collection":[{"href":"https:\/\/kabinam.lt\/lv\/wp-json\/wp\/v2\/product"}],"about":[{"href":"https:\/\/kabinam.lt\/lv\/wp-json\/wp\/v2\/types\/product"}],"replies":[{"embeddable":true,"href":"https:\/\/kabinam.lt\/lv\/wp-json\/wp\/v2\/comments?post=2879"}],"wp:featuredmedia":[{"embeddable":true,"href":"https:\/\/kabinam.lt\/lv\/wp-json\/wp\/v2\/media\/2880"}],"wp:attachment":[{"href":"https:\/\/kabinam.lt\/lv\/wp-json\/wp\/v2\/media?parent=2879"}],"wp:term":[{"taxonomy":"product_brand","embeddable":true,"href":"https:\/\/kabinam.lt\/lv\/wp-json\/wp\/v2\/product_brand?post=2879"},{"taxonomy":"product_cat","embeddable":true,"href":"https:\/\/kabinam.lt\/lv\/wp-json\/wp\/v2\/product_cat?post=2879"},{"taxonomy":"product_tag","embeddable":true,"href":"https:\/\/kabinam.lt\/lv\/wp-json\/wp\/v2\/product_tag?post=2879"}],"curies":[{"name":"wp","href":"https:\/\/api.w.org\/{rel}","templated":true}]}}