{"id":2877,"date":"2024-08-18T11:34:28","date_gmt":"2024-08-18T08:34:28","guid":{"rendered":"https:\/\/kabinam.lt\/?post_type=product&#038;p=2877"},"modified":"2026-01-03T18:49:56","modified_gmt":"2026-01-03T16:49:56","slug":"metala-kulons-varaviksnes-kakis","status":"publish","type":"product","link":"https:\/\/kabinam.lt\/lv\/product\/metalinis-pakabukas-rainbow-cat\/","title":{"rendered":"Met\u0101la kulons Rainbow Cat"},"content":{"rendered":"<div class=\"kk-star-ratings kksr-auto kksr-align-left kksr-valign-top\"\n    data-payload='{&quot;align&quot;:&quot;left&quot;,&quot;id&quot;:&quot;2877&quot;,&quot;slug&quot;:&quot;default&quot;,&quot;valign&quot;:&quot;top&quot;,&quot;ignore&quot;:&quot;&quot;,&quot;reference&quot;:&quot;auto&quot;,&quot;class&quot;:&quot;&quot;,&quot;count&quot;:&quot;0&quot;,&quot;legendonly&quot;:&quot;&quot;,&quot;readonly&quot;:&quot;&quot;,&quot;score&quot;:&quot;0&quot;,&quot;starsonly&quot;:&quot;&quot;,&quot;best&quot;:&quot;5&quot;,&quot;gap&quot;:&quot;5&quot;,&quot;greet&quot;:&quot;Mums svarbus j\u016bs\u0173 \u012fvertinimas&quot;,&quot;legend&quot;:&quot;0\\\/5 - (0 votes)&quot;,&quot;size&quot;:&quot;24&quot;,&quot;title&quot;:&quot;Metalinis pakabukas Rainbow Cat&quot;,&quot;width&quot;:&quot;0&quot;,&quot;_legend&quot;:&quot;{score}\\\/{best} - ({count} {votes})&quot;,&quot;font_factor&quot;:&quot;1.25&quot;}'>\n            \n<div class=\"kksr-stars\">\n    \n<div class=\"kksr-stars-inactive\">\n            <div class=\"kksr-star\" data-star=\"1\" style=\"padding-right: 5px\">\n            \n\n<div class=\"kksr-icon\" style=\"width: 24px; height: 24px;\"><\/div>\n        <\/div>\n            <div class=\"kksr-star\" data-star=\"2\" style=\"padding-right: 5px\">\n            \n\n<div class=\"kksr-icon\" style=\"width: 24px; height: 24px;\"><\/div>\n        <\/div>\n            <div class=\"kksr-star\" data-star=\"3\" style=\"padding-right: 5px\">\n            \n\n<div class=\"kksr-icon\" style=\"width: 24px; height: 24px;\"><\/div>\n        <\/div>\n            <div class=\"kksr-star\" data-star=\"4\" style=\"padding-right: 5px\">\n            \n\n<div class=\"kksr-icon\" style=\"width: 24px; height: 24px;\"><\/div>\n        <\/div>\n            <div class=\"kksr-star\" data-star=\"5\" style=\"padding-right: 5px\">\n            \n\n<div class=\"kksr-icon\" style=\"width: 24px; height: 24px;\"><\/div>\n        <\/div>\n    <\/div>\n    \n<div class=\"kksr-stars-active\" style=\"width: 0px;\">\n            <div class=\"kksr-star\" style=\"padding-right: 5px\">\n            \n\n<div class=\"kksr-icon\" style=\"width: 24px; height: 24px;\"><\/div>\n        <\/div>\n            <div class=\"kksr-star\" style=\"padding-right: 5px\">\n            \n\n<div class=\"kksr-icon\" style=\"width: 24px; height: 24px;\"><\/div>\n        <\/div>\n            <div class=\"kksr-star\" style=\"padding-right: 5px\">\n            \n\n<div class=\"kksr-icon\" style=\"width: 24px; height: 24px;\"><\/div>\n        <\/div>\n            <div class=\"kksr-star\" style=\"padding-right: 5px\">\n            \n\n<div class=\"kksr-icon\" style=\"width: 24px; height: 24px;\"><\/div>\n        <\/div>\n            <div class=\"kksr-star\" style=\"padding-right: 5px\">\n            \n\n<div class=\"kksr-icon\" style=\"width: 24px; height: 24px;\"><\/div>\n        <\/div>\n    <\/div>\n<\/div>\n                \n\n<div class=\"kksr-legend\" style=\"font-size: 19.2px;\">\n            <span class=\"kksr-muted\">Mums ir svar\u012bgs j\u016bsu nov\u0113rt\u0113jums<\/span>\n    <\/div>\n    <\/div>\n<h4 data-start=\"85\" data-end=\"109\"><strong data-start=\"90\" data-end=\"107\">Par produktu<\/strong><\/h4>\n<p data-start=\"110\" data-end=\"1172\">Varav\u012bksnes ka\u0137a met\u0101la kulons ir unik\u0101ls aksesu\u0101rs, kas paredz\u0113ts tiem, kuri v\u0113las izteikt savu person\u012bgo stilu un rado\u0161umu. \u0160im met\u0101la piekari\u0146am ar varav\u012bksnes ka\u0137i ir rakstur\u012bga ka\u0137a forma un hameleona kr\u0101su efekts, kas maina to\u0146us atkar\u012bb\u0101 no apgaismojuma. \u0160is kulons ir izgatavots no augstas kvalit\u0101tes met\u0101la, t\u0101p\u0113c ir iztur\u012bgs, nodilumiztur\u012bgs un ilgm\u016b\u017e\u012bgs. Katra deta\u013ca ir r\u016bp\u012bgi izstr\u0101d\u0101ta, un ka\u0137a siluets pie\u0161\u0137ir aksesu\u0101ram rota\u013c\u012bgu un modernu akcentu. Izstr\u0101d\u0101jums ir univers\u0101ls un piem\u0113rots automa\u0161\u012bnas, motocikla un m\u0101jas atsl\u0113g\u0101m, un to var izmantot ar\u012b k\u0101 ori\u0123in\u0101lu dekorat\u012bvu elementu.<br data-start=\"744\" data-end=\"747\" \/>\u0160is met\u0101la varav\u012bksnes ka\u0137a piekari\u0146\u0161 ir paredz\u0113ts tiem, kas v\u0113las izcelties un uzsv\u0113rt savu individualit\u0101ti. T\u0101 inovat\u012bvais dizains \u013cauj main\u012bt kr\u0101sas, pie\u0161\u0137irot aksesu\u0101ram dinamikas saj\u016btu. \u0160is izstr\u0101d\u0101jums ir lieliska izv\u0113le modes entuziastiem un tiem, kas nov\u0113rt\u0113 unik\u0101lus un funkcion\u0101lus risin\u0101jumus. Ekskluz\u012bvais ka\u0137a dizains un hameleona efekts rada vizu\u0101li pievilc\u012bgu iespaidu, kuru j\u016bs neaizmirs\u012bsiet.<\/p>\n<h4 data-start=\"1174\" data-end=\"1213\"><strong data-start=\"1179\" data-end=\"1211\">Funkcionalit\u0101te un Lieto\u0161ana<\/strong><\/h4>\n<p data-start=\"1214\" data-end=\"1981\">Varav\u012bksnes ka\u0137a met\u0101la atsl\u0113gu piekari\u0146\u0161 pasarg\u0101s j\u016bsu atsl\u0113gas dro\u0161\u012bb\u0101. Iztur\u012bgais met\u0101la gredzens un integr\u0113tais karab\u012bne nodro\u0161ina dro\u0161u piestiprin\u0101\u0161anu pie atsl\u0113gu komplekta, mugursomas vai jostas. Viegl\u0101 lieto\u0161ana \u013cauj \u0101tri un vienk\u0101r\u0161i piestiprin\u0101t \u0161o piederumu, padarot to ide\u0101li piem\u0113rotu ikdienas lieto\u0161anai. Izstr\u0101d\u0101juma univers\u0101lais izm\u0113rs un kompaktais dizains \u013cauj to n\u0113s\u0101t jebkur\u0101 viet\u0101, l\u012bdz minimumam samazinot atsl\u0113gu nozaud\u0113\u0161anas risku. Ar varav\u012bksnes ka\u0137a met\u0101la piekari\u0146u j\u016bs saglab\u0101siet k\u0101rt\u012bbu un pie\u0161\u0137irsiet \u012bpa\u0161u akcentu savam person\u012bgajam stilam.<br data-start=\"1755\" data-end=\"1758\" \/>Turkl\u0101t \u0161o piederumu var izmantot k\u0101 d\u0101vanu. T\u0101 ori\u0123in\u0101lais dizains piesaista uzman\u012bbu un izraisa interesi. Ar \u0161o izstr\u0101d\u0101jumu j\u016bsu atsl\u0113gas b\u016bs ne tikai dro\u0161\u012bb\u0101, bet ar\u012b papildin\u0101s j\u016bsu ikdienas izskatu.<\/p>\n<h4 data-start=\"1983\" data-end=\"2012\"><strong data-start=\"1988\" data-end=\"2010\">Dizains un Kvalit\u0101te<\/strong><\/h4>\n<p data-start=\"2013\" data-end=\"2089\">Met\u0101la piekari\u0146am ir moderns, minim\u0101lisma dizains.<\/p>\n<ul data-start=\"2090\" data-end=\"2760\">\n<li data-start=\"2090\" data-end=\"2161\"><strong data-start=\"2092\" data-end=\"2105\">Materi\u0101ls:<\/strong> Augstas kvalit\u0101tes met\u0101ls nodro\u0161ina iztur\u012bbu.<\/li>\n<li data-start=\"2162\" data-end=\"2252\"><strong data-start=\"2164\" data-end=\"2176\">Kr\u0101sas:<\/strong> Hameleona efekts to\u0146u mai\u0146ai - spilgts un kr\u0101sains.<\/li>\n<li data-start=\"2253\" data-end=\"2331\"><strong data-start=\"2255\" data-end=\"2265\">Izm\u0113rs:<\/strong> Kompakts, bet paman\u0101ms, piem\u0113rots da\u017e\u0101du izm\u0113ru atsl\u0113g\u0101m.<\/li>\n<li data-start=\"2332\" data-end=\"2411\"><strong data-start=\"2334\" data-end=\"2346\">Funkcijas:<\/strong> Ka\u0137a forma, izteiksm\u012bgs varav\u012bksnes efekts, iztur\u012bgs stiprin\u0101jums.<\/li>\n<li data-start=\"2412\" data-end=\"2760\"><strong data-start=\"2414\" data-end=\"2430\">Fiks\u0113\u0161ana:<\/strong> Met\u0101la gredzens un karab\u012bne dro\u0161ai savieno\u0161anai ar atsl\u0113g\u0101m.<br data-start=\"2511\" data-end=\"2514\" \/>Ra\u017eo\u0161anas process ir r\u016bp\u012bgs, un katra deta\u013ca ir prec\u012bzi izstr\u0101d\u0101ta, lai izstr\u0101d\u0101jumam pie\u0161\u0137irtu visaugst\u0101ko est\u0113tisko un funkcion\u0101lo v\u0113rt\u012bbu. Modernais dizains \u013cauj \u0161im aksesu\u0101ram kalpot k\u0101 modes piederumam, kas papildina j\u016bsu person\u012bgo stilu.<\/li>\n<\/ul>\n<h4 data-start=\"2762\" data-end=\"2793\"><strong data-start=\"2767\" data-end=\"2791\">K\u0101p\u0113c izv\u0113l\u0113ties?<\/strong><\/h4>\n<p data-start=\"2794\" data-end=\"3584\">Ieguld\u012bjums varav\u012bksnes ka\u0137a met\u0101la kulon\u0101 ir gudrs l\u0113mums tiem, kas nov\u0113rt\u0113 kvalit\u0101ti, ori\u0123inalit\u0101ti un funkcionalit\u0101ti. \u0160is izstr\u0101d\u0101jums pal\u012bdz saglab\u0101t atsl\u0113gas dro\u0161\u012bb\u0101, pied\u0101v\u0101 at\u0161\u0137ir\u012bgu dizainu un dinamisku kr\u0101su efektu. Tas lieliski atbilst m\u016bsdienu aksesu\u0101ru pras\u012bb\u0101m, un t\u0101 unik\u0101lais ka\u0137a dizains piesaista uzman\u012bbu un \u013cauj jums izcelties no p\u016b\u013ca. Ja v\u0113laties papildin\u0101t savu atsl\u0113gu komplektu ar unik\u0101lu aksesu\u0101ru vai mekl\u0113jat ori\u0123in\u0101lu d\u0101vanu, met\u0101la piekari\u0146\u0161 Rainbow Cat ir ide\u0101la izv\u0113le.<br data-start=\"3313\" data-end=\"3316\" \/>Skatiet ar\u012b m\u016bsu <a href=\"https:\/\/kabinam.lt\/lv\/visi-produkti\/\" target=\"_new\" rel=\"noopener\" data-start=\"3497\" data-end=\"3550\">produktu katalogs<\/a> ori\u0123in\u0101l\u0101kiem risin\u0101jumiem.<\/p>","protected":false},"excerpt":{"rendered":"<p>Varav\u012bksnes ka\u0137a met\u0101la piekari\u0146\u0161 - ori\u0123in\u0101ls, iztur\u012bgs un kr\u0101sains ka\u0137a formas aksesu\u0101rs, kas paredz\u0113ts atsl\u0113gu aizsardz\u012bbai un rot\u0101\u0161anai.<\/p>","protected":false},"featured_media":2878,"comment_status":"closed","ping_status":"closed","template":"","meta":{"_uag_custom_page_level_css":"","site-sidebar-layout":"default","site-content-layout":"","ast-site-content-layout":"default","site-content-style":"default","site-sidebar-style":"default","ast-global-header-display":"","ast-banner-title-visibility":"","ast-main-header-display":"","ast-hfb-above-header-display":"","ast-hfb-below-header-display":"","ast-hfb-mobile-header-display":"","site-post-title":"","ast-breadcrumbs-content":"","ast-featured-img":"","footer-sml-layout":"","ast-disable-related-posts":"","theme-transparent-header-meta":"default","adv-header-id-meta":"","stick-header-meta":"","header-above-stick-meta":"","header-main-stick-meta":"","header-below-stick-meta":"","astra-migrate-meta-layouts":"set","ast-page-background-enabled":"default","ast-page-background-meta":{"desktop":{"background-color":"var(--ast-global-color-4)","background-image":"","background-repeat":"repeat","background-position":"center center","background-size":"auto","background-attachment":"scroll","background-type":"","background-media":"","overlay-type":"","overlay-color":"","overlay-opacity":"","overlay-gradient":""},"tablet":{"background-color":"","background-image":"","background-repeat":"repeat","background-position":"center center","background-size":"auto","background-attachment":"scroll","background-type":"","background-media":"","overlay-type":"","overlay-color":"","overlay-opacity":"","overlay-gradient":""},"mobile":{"background-color":"","background-image":"","background-repeat":"repeat","background-position":"center center","background-size":"auto","background-attachment":"scroll","background-type":"","background-media":"","overlay-type":"","overlay-color":"","overlay-opacity":"","overlay-gradient":""}},"ast-content-background-meta":{"desktop":{"background-color":"var(--ast-global-color-5)","background-image":"","background-repeat":"repeat","background-position":"center center","background-size":"auto","background-attachment":"scroll","background-type":"","background-media":"","overlay-type":"","overlay-color":"","overlay-opacity":"","overlay-gradient":""},"tablet":{"background-color":"var(--ast-global-color-5)","background-image":"","background-repeat":"repeat","background-position":"center center","background-size":"auto","background-attachment":"scroll","background-type":"","background-media":"","overlay-type":"","overlay-color":"","overlay-opacity":"","overlay-gradient":""},"mobile":{"background-color":"var(--ast-global-color-5)","background-image":"","background-repeat":"repeat","background-position":"center center","background-size":"auto","background-attachment":"scroll","background-type":"","background-media":"","overlay-type":"","overlay-color":"","overlay-opacity":"","overlay-gradient":""}}},"product_brand":[],"product_cat":[125,126,116,95,118,92],"product_tag":[],"class_list":{"0":"post-2877","1":"product","2":"type-product","3":"status-publish","4":"has-post-thumbnail","6":"product_cat-halloween","7":"product_cat-visi","8":"product_cat-metaliniai-raktu-pakabukai","9":"product_cat-unikalus-raktu-pakabukai","10":"product_cat-dovana-teciui","11":"product_cat-populiariausiu-produktu-kategorija","12":"desktop-align-center","13":"tablet-align-left","14":"mobile-align-left","16":"first","17":"instock","18":"shipping-taxable","19":"purchasable","20":"product-type-simple"},"yoast_head":"<!-- This site is optimized with the Yoast SEO plugin v27.1.1 - https:\/\/yoast.com\/product\/yoast-seo-wordpress\/ -->\n<title>Metalinis pakabukas Rainbow Cat - kabinam.lt<\/title>\n<meta name=\"description\" content=\"Metalinis pakabukas rainbow cat \u2013 unikalus chameleono spalv\u0173 aksesuaras. Tvirtas, stilingas ir funkcionalus pasirinkimas j\u016bs\u0173 raktams!\" \/>\n<meta name=\"robots\" content=\"index, follow, max-snippet:-1, max-image-preview:large, max-video-preview:-1\" \/>\n<link rel=\"canonical\" href=\"https:\/\/kabinam.lt\/lv\/produkts\/metala-kulons-varaviksnes-kakis\/\" \/>\n<meta property=\"og:locale\" content=\"lv_LV\" \/>\n<meta property=\"og:type\" content=\"article\" \/>\n<meta property=\"og:title\" content=\"Metalinis pakabukas Rainbow Cat - kabinam.lt\" \/>\n<meta property=\"og:description\" content=\"Metalinis pakabukas rainbow cat \u2013 unikalus chameleono spalv\u0173 aksesuaras. Tvirtas, stilingas ir funkcionalus pasirinkimas j\u016bs\u0173 raktams!\" \/>\n<meta property=\"og:url\" content=\"https:\/\/kabinam.lt\/lv\/produkts\/metala-kulons-varaviksnes-kakis\/\" \/>\n<meta property=\"og:site_name\" content=\"kabinam.lt\" \/>\n<meta property=\"article:modified_time\" content=\"2026-01-03T16:49:56+00:00\" \/>\n<meta property=\"og:image\" content=\"https:\/\/kabinam.lt\/wp-content\/uploads\/2024\/08\/70b8b00b-14b9-4f83-b447-8894ac50398d.jpg\" \/>\n\t<meta property=\"og:image:width\" content=\"800\" \/>\n\t<meta property=\"og:image:height\" content=\"800\" \/>\n\t<meta property=\"og:image:type\" content=\"image\/jpeg\" \/>\n<meta name=\"twitter:card\" content=\"summary_large_image\" \/>\n<meta name=\"twitter:label1\" content=\"Est. reading time\" \/>\n\t<meta name=\"twitter:data1\" content=\"3 min\u016btes\" \/>\n<script type=\"application\/ld+json\" class=\"yoast-schema-graph\">{\"@context\":\"https:\/\/schema.org\",\"@graph\":[{\"@type\":[\"WebPage\",\"ItemPage\"],\"@id\":\"https:\/\/kabinam.lt\/lt\/product\/metalinis-pakabukas-rainbow-cat\/\",\"url\":\"https:\/\/kabinam.lt\/lt\/product\/metalinis-pakabukas-rainbow-cat\/\",\"name\":\"Metalinis pakabukas Rainbow Cat - kabinam.lt\",\"isPartOf\":{\"@id\":\"https:\/\/kabinam.lt\/#website\"},\"primaryImageOfPage\":{\"@id\":\"https:\/\/kabinam.lt\/lt\/product\/metalinis-pakabukas-rainbow-cat\/#primaryimage\"},\"image\":{\"@id\":\"https:\/\/kabinam.lt\/lt\/product\/metalinis-pakabukas-rainbow-cat\/#primaryimage\"},\"thumbnailUrl\":\"https:\/\/kabinam.lt\/wp-content\/uploads\/2024\/08\/70b8b00b-14b9-4f83-b447-8894ac50398d.jpg\",\"datePublished\":\"2024-08-18T08:34:28+00:00\",\"dateModified\":\"2026-01-03T16:49:56+00:00\",\"description\":\"Metalinis pakabukas rainbow cat \u2013 unikalus chameleono spalv\u0173 aksesuaras. Tvirtas, stilingas ir funkcionalus pasirinkimas j\u016bs\u0173 raktams!\",\"breadcrumb\":{\"@id\":\"https:\/\/kabinam.lt\/lt\/product\/metalinis-pakabukas-rainbow-cat\/#breadcrumb\"},\"inLanguage\":\"lv-LV\",\"potentialAction\":[{\"@type\":\"ReadAction\",\"target\":[\"https:\/\/kabinam.lt\/lt\/product\/metalinis-pakabukas-rainbow-cat\/\"]}]},{\"@type\":\"ImageObject\",\"inLanguage\":\"lv-LV\",\"@id\":\"https:\/\/kabinam.lt\/lt\/product\/metalinis-pakabukas-rainbow-cat\/#primaryimage\",\"url\":\"https:\/\/kabinam.lt\/wp-content\/uploads\/2024\/08\/70b8b00b-14b9-4f83-b447-8894ac50398d.jpg\",\"contentUrl\":\"https:\/\/kabinam.lt\/wp-content\/uploads\/2024\/08\/70b8b00b-14b9-4f83-b447-8894ac50398d.jpg\",\"width\":800,\"height\":800,\"caption\":\"Metalinis pakabukas rainbow cat \u2013 chameleono spalv\u0173 kat\u0117s formos aksesuaras.\"},{\"@type\":\"BreadcrumbList\",\"@id\":\"https:\/\/kabinam.lt\/lt\/product\/metalinis-pakabukas-rainbow-cat\/#breadcrumb\",\"itemListElement\":[{\"@type\":\"ListItem\",\"position\":1,\"name\":\"Home\",\"item\":\"https:\/\/kabinam.lt\/\"},{\"@type\":\"ListItem\",\"position\":2,\"name\":\"Visi Produktai\",\"item\":\"https:\/\/kabinam.lt\/visi-produktai\/\"},{\"@type\":\"ListItem\",\"position\":3,\"name\":\"Metalinis pakabukas Rainbow Cat\"}]},{\"@type\":\"WebSite\",\"@id\":\"https:\/\/kabinam.lt\/#website\",\"url\":\"https:\/\/kabinam.lt\/\",\"name\":\"kabinam.lt\",\"description\":\"Kabinam.lt \u2013 raktu pakabukai ir aksesuarai\",\"publisher\":{\"@id\":\"https:\/\/kabinam.lt\/#organization\"},\"alternateName\":\"pakabukai lt\",\"potentialAction\":[{\"@type\":\"SearchAction\",\"target\":{\"@type\":\"EntryPoint\",\"urlTemplate\":\"https:\/\/kabinam.lt\/?s={search_term_string}\"},\"query-input\":{\"@type\":\"PropertyValueSpecification\",\"valueRequired\":true,\"valueName\":\"search_term_string\"}}],\"inLanguage\":\"lv-LV\"},{\"@type\":\"Organization\",\"@id\":\"https:\/\/kabinam.lt\/#organization\",\"name\":\"kabinam.lt\",\"alternateName\":\"kabinam\",\"url\":\"https:\/\/kabinam.lt\/\",\"logo\":{\"@type\":\"ImageObject\",\"inLanguage\":\"lv-LV\",\"@id\":\"https:\/\/kabinam.lt\/#\/schema\/logo\/image\/\",\"url\":\"https:\/\/kabinam.lt\/wp-content\/uploads\/2025\/05\/KABINAM_outer_glow.png\",\"contentUrl\":\"https:\/\/kabinam.lt\/wp-content\/uploads\/2025\/05\/KABINAM_outer_glow.png\",\"width\":474,\"height\":141,\"caption\":\"kabinam.lt\"},\"image\":{\"@id\":\"https:\/\/kabinam.lt\/#\/schema\/logo\/image\/\"}}]}<\/script>\n<!-- \/ Yoast SEO plugin. -->","yoast_head_json":{"title":"Met\u0101la kulons Rainbow Cat - kabinam.lt","description":"Varav\u012bksnes ka\u0137a met\u0101la kulons - unik\u0101ls hameleona kr\u0101sas aksesu\u0101rs. Iztur\u012bga, stil\u012bga un funkcion\u0101la izv\u0113le j\u016bsu atsl\u0113g\u0101m!","robots":{"index":"index","follow":"follow","max-snippet":"max-snippet:-1","max-image-preview":"max-image-preview:large","max-video-preview":"max-video-preview:-1"},"canonical":"https:\/\/kabinam.lt\/lv\/produkts\/metala-kulons-varaviksnes-kakis\/","og_locale":"lv_LV","og_type":"article","og_title":"Metalinis pakabukas Rainbow Cat - kabinam.lt","og_description":"Metalinis pakabukas rainbow cat \u2013 unikalus chameleono spalv\u0173 aksesuaras. Tvirtas, stilingas ir funkcionalus pasirinkimas j\u016bs\u0173 raktams!","og_url":"https:\/\/kabinam.lt\/lv\/produkts\/metala-kulons-varaviksnes-kakis\/","og_site_name":"kabinam.lt","article_modified_time":"2026-01-03T16:49:56+00:00","og_image":[{"width":800,"height":800,"url":"https:\/\/kabinam.lt\/wp-content\/uploads\/2024\/08\/70b8b00b-14b9-4f83-b447-8894ac50398d.jpg","type":"image\/jpeg"}],"twitter_card":"summary_large_image","twitter_misc":{"Est. reading time":"3 min\u016btes"},"schema":{"@context":"https:\/\/schema.org","@graph":[{"@type":["WebPage","ItemPage"],"@id":"https:\/\/kabinam.lt\/lt\/product\/metalinis-pakabukas-rainbow-cat\/","url":"https:\/\/kabinam.lt\/lt\/product\/metalinis-pakabukas-rainbow-cat\/","name":"Met\u0101la kulons Rainbow Cat - kabinam.lt","isPartOf":{"@id":"https:\/\/kabinam.lt\/#website"},"primaryImageOfPage":{"@id":"https:\/\/kabinam.lt\/lt\/product\/metalinis-pakabukas-rainbow-cat\/#primaryimage"},"image":{"@id":"https:\/\/kabinam.lt\/lt\/product\/metalinis-pakabukas-rainbow-cat\/#primaryimage"},"thumbnailUrl":"https:\/\/kabinam.lt\/wp-content\/uploads\/2024\/08\/70b8b00b-14b9-4f83-b447-8894ac50398d.jpg","datePublished":"2024-08-18T08:34:28+00:00","dateModified":"2026-01-03T16:49:56+00:00","description":"Varav\u012bksnes ka\u0137a met\u0101la kulons - unik\u0101ls hameleona kr\u0101sas aksesu\u0101rs. Iztur\u012bga, stil\u012bga un funkcion\u0101la izv\u0113le j\u016bsu atsl\u0113g\u0101m!","breadcrumb":{"@id":"https:\/\/kabinam.lt\/lt\/product\/metalinis-pakabukas-rainbow-cat\/#breadcrumb"},"inLanguage":"lv-LV","potentialAction":[{"@type":"ReadAction","target":["https:\/\/kabinam.lt\/lt\/product\/metalinis-pakabukas-rainbow-cat\/"]}]},{"@type":"ImageObject","inLanguage":"lv-LV","@id":"https:\/\/kabinam.lt\/lt\/product\/metalinis-pakabukas-rainbow-cat\/#primaryimage","url":"https:\/\/kabinam.lt\/wp-content\/uploads\/2024\/08\/70b8b00b-14b9-4f83-b447-8894ac50398d.jpg","contentUrl":"https:\/\/kabinam.lt\/wp-content\/uploads\/2024\/08\/70b8b00b-14b9-4f83-b447-8894ac50398d.jpg","width":800,"height":800,"caption":"Metalinis pakabukas rainbow cat \u2013 chameleono spalv\u0173 kat\u0117s formos aksesuaras."},{"@type":"BreadcrumbList","@id":"https:\/\/kabinam.lt\/lt\/product\/metalinis-pakabukas-rainbow-cat\/#breadcrumb","itemListElement":[{"@type":"ListItem","position":1,"name":"Home","item":"https:\/\/kabinam.lt\/"},{"@type":"ListItem","position":2,"name":"Visi Produktai","item":"https:\/\/kabinam.lt\/visi-produktai\/"},{"@type":"ListItem","position":3,"name":"Metalinis pakabukas Rainbow Cat"}]},{"@type":"WebSite","@id":"https:\/\/kabinam.lt\/#website","url":"https:\/\/kabinam.lt\/","name":"kabinam.lt","description":"Kabinam.lt - atsl\u0113gu piekari\u0146i un aksesu\u0101ri","publisher":{"@id":"https:\/\/kabinam.lt\/#organization"},"alternateName":"pakabukai lt","potentialAction":[{"@type":"SearchAction","target":{"@type":"EntryPoint","urlTemplate":"https:\/\/kabinam.lt\/?s={search_term_string}"},"query-input":{"@type":"PropertyValueSpecification","valueRequired":true,"valueName":"search_term_string"}}],"inLanguage":"lv-LV"},{"@type":"Organization","@id":"https:\/\/kabinam.lt\/#organization","name":"kabinam.lt","alternateName":"kabinam","url":"https:\/\/kabinam.lt\/","logo":{"@type":"ImageObject","inLanguage":"lv-LV","@id":"https:\/\/kabinam.lt\/#\/schema\/logo\/image\/","url":"https:\/\/kabinam.lt\/wp-content\/uploads\/2025\/05\/KABINAM_outer_glow.png","contentUrl":"https:\/\/kabinam.lt\/wp-content\/uploads\/2025\/05\/KABINAM_outer_glow.png","width":474,"height":141,"caption":"kabinam.lt"},"image":{"@id":"https:\/\/kabinam.lt\/#\/schema\/logo\/image\/"}}]}},"uagb_featured_image_src":{"full":["https:\/\/kabinam.lt\/wp-content\/uploads\/2024\/08\/70b8b00b-14b9-4f83-b447-8894ac50398d.jpg",800,800,false],"thumbnail":["https:\/\/kabinam.lt\/wp-content\/uploads\/2024\/08\/70b8b00b-14b9-4f83-b447-8894ac50398d-150x150.jpg",150,150,true],"medium":["https:\/\/kabinam.lt\/wp-content\/uploads\/2024\/08\/70b8b00b-14b9-4f83-b447-8894ac50398d-300x300.jpg",300,300,true],"medium_large":["https:\/\/kabinam.lt\/wp-content\/uploads\/2024\/08\/70b8b00b-14b9-4f83-b447-8894ac50398d-768x768.jpg",768,768,true],"large":["https:\/\/kabinam.lt\/wp-content\/uploads\/2024\/08\/70b8b00b-14b9-4f83-b447-8894ac50398d.jpg",800,800,false],"1536x1536":["https:\/\/kabinam.lt\/wp-content\/uploads\/2024\/08\/70b8b00b-14b9-4f83-b447-8894ac50398d.jpg",800,800,false],"2048x2048":["https:\/\/kabinam.lt\/wp-content\/uploads\/2024\/08\/70b8b00b-14b9-4f83-b447-8894ac50398d.jpg",800,800,false],"trp-custom-language-flag":["https:\/\/kabinam.lt\/wp-content\/uploads\/2024\/08\/70b8b00b-14b9-4f83-b447-8894ac50398d.jpg",12,12,false],"woocommerce_thumbnail":["https:\/\/kabinam.lt\/wp-content\/uploads\/2024\/08\/70b8b00b-14b9-4f83-b447-8894ac50398d-300x300.jpg",300,300,true],"woocommerce_single":["https:\/\/kabinam.lt\/wp-content\/uploads\/2024\/08\/70b8b00b-14b9-4f83-b447-8894ac50398d-600x600.jpg",600,600,true],"woocommerce_gallery_thumbnail":["https:\/\/kabinam.lt\/wp-content\/uploads\/2024\/08\/70b8b00b-14b9-4f83-b447-8894ac50398d-100x100.jpg",100,100,true]},"uagb_author_info":{"display_name":"kabinam.lt","author_link":"https:\/\/kabinam.lt\/lv\/author\/"},"uagb_comment_info":0,"uagb_excerpt":"Metalinis pakabukas rainbow cat \u2013 originalus, tvirtas ir spalvingas kat\u0117s formos aksesuaras, sukurtas apsaugoti ir papuo\u0161ti j\u016bs\u0173 raktus.","_links":{"self":[{"href":"https:\/\/kabinam.lt\/lv\/wp-json\/wp\/v2\/product\/2877","targetHints":{"allow":["GET"]}}],"collection":[{"href":"https:\/\/kabinam.lt\/lv\/wp-json\/wp\/v2\/product"}],"about":[{"href":"https:\/\/kabinam.lt\/lv\/wp-json\/wp\/v2\/types\/product"}],"replies":[{"embeddable":true,"href":"https:\/\/kabinam.lt\/lv\/wp-json\/wp\/v2\/comments?post=2877"}],"wp:featuredmedia":[{"embeddable":true,"href":"https:\/\/kabinam.lt\/lv\/wp-json\/wp\/v2\/media\/2878"}],"wp:attachment":[{"href":"https:\/\/kabinam.lt\/lv\/wp-json\/wp\/v2\/media?parent=2877"}],"wp:term":[{"taxonomy":"product_brand","embeddable":true,"href":"https:\/\/kabinam.lt\/lv\/wp-json\/wp\/v2\/product_brand?post=2877"},{"taxonomy":"product_cat","embeddable":true,"href":"https:\/\/kabinam.lt\/lv\/wp-json\/wp\/v2\/product_cat?post=2877"},{"taxonomy":"product_tag","embeddable":true,"href":"https:\/\/kabinam.lt\/lv\/wp-json\/wp\/v2\/product_tag?post=2877"}],"curies":[{"name":"wp","href":"https:\/\/api.w.org\/{rel}","templated":true}]}}