{"id":2848,"date":"2024-08-18T11:14:47","date_gmt":"2024-08-18T08:14:47","guid":{"rendered":"https:\/\/kabinam.lt\/?post_type=product&#038;p=2848"},"modified":"2026-01-03T18:49:56","modified_gmt":"2026-01-03T16:49:56","slug":"bernu-speles-cakija-metala-atslegu-piekarins","status":"publish","type":"product","link":"https:\/\/kabinam.lt\/lv\/product\/childs-play-chucky-metalinis-raktu-pakabukas\/","title":{"rendered":"Child's Play Chucky met\u0101la atsl\u0113gu piekari\u0146\u0161"},"content":{"rendered":"<div class=\"kk-star-ratings kksr-auto kksr-align-left kksr-valign-top\"\n    data-payload='{&quot;align&quot;:&quot;left&quot;,&quot;id&quot;:&quot;2848&quot;,&quot;slug&quot;:&quot;default&quot;,&quot;valign&quot;:&quot;top&quot;,&quot;ignore&quot;:&quot;&quot;,&quot;reference&quot;:&quot;auto&quot;,&quot;class&quot;:&quot;&quot;,&quot;count&quot;:&quot;0&quot;,&quot;legendonly&quot;:&quot;&quot;,&quot;readonly&quot;:&quot;&quot;,&quot;score&quot;:&quot;0&quot;,&quot;starsonly&quot;:&quot;&quot;,&quot;best&quot;:&quot;5&quot;,&quot;gap&quot;:&quot;5&quot;,&quot;greet&quot;:&quot;Mums svarbus j\u016bs\u0173 \u012fvertinimas&quot;,&quot;legend&quot;:&quot;0\\\/5 - (0 votes)&quot;,&quot;size&quot;:&quot;24&quot;,&quot;title&quot;:&quot;Child\\u0026#039;s Play Chucky metalinis rakt\u0173 pakabukas&quot;,&quot;width&quot;:&quot;0&quot;,&quot;_legend&quot;:&quot;{score}\\\/{best} - ({count} {votes})&quot;,&quot;font_factor&quot;:&quot;1.25&quot;}'>\n            \n<div class=\"kksr-stars\">\n    \n<div class=\"kksr-stars-inactive\">\n            <div class=\"kksr-star\" data-star=\"1\" style=\"padding-right: 5px\">\n            \n\n<div class=\"kksr-icon\" style=\"width: 24px; height: 24px;\"><\/div>\n        <\/div>\n            <div class=\"kksr-star\" data-star=\"2\" style=\"padding-right: 5px\">\n            \n\n<div class=\"kksr-icon\" style=\"width: 24px; height: 24px;\"><\/div>\n        <\/div>\n            <div class=\"kksr-star\" data-star=\"3\" style=\"padding-right: 5px\">\n            \n\n<div class=\"kksr-icon\" style=\"width: 24px; height: 24px;\"><\/div>\n        <\/div>\n            <div class=\"kksr-star\" data-star=\"4\" style=\"padding-right: 5px\">\n            \n\n<div class=\"kksr-icon\" style=\"width: 24px; height: 24px;\"><\/div>\n        <\/div>\n            <div class=\"kksr-star\" data-star=\"5\" style=\"padding-right: 5px\">\n            \n\n<div class=\"kksr-icon\" style=\"width: 24px; height: 24px;\"><\/div>\n        <\/div>\n    <\/div>\n    \n<div class=\"kksr-stars-active\" style=\"width: 0px;\">\n            <div class=\"kksr-star\" style=\"padding-right: 5px\">\n            \n\n<div class=\"kksr-icon\" style=\"width: 24px; height: 24px;\"><\/div>\n        <\/div>\n            <div class=\"kksr-star\" style=\"padding-right: 5px\">\n            \n\n<div class=\"kksr-icon\" style=\"width: 24px; height: 24px;\"><\/div>\n        <\/div>\n            <div class=\"kksr-star\" style=\"padding-right: 5px\">\n            \n\n<div class=\"kksr-icon\" style=\"width: 24px; height: 24px;\"><\/div>\n        <\/div>\n            <div class=\"kksr-star\" style=\"padding-right: 5px\">\n            \n\n<div class=\"kksr-icon\" style=\"width: 24px; height: 24px;\"><\/div>\n        <\/div>\n            <div class=\"kksr-star\" style=\"padding-right: 5px\">\n            \n\n<div class=\"kksr-icon\" style=\"width: 24px; height: 24px;\"><\/div>\n        <\/div>\n    <\/div>\n<\/div>\n                \n\n<div class=\"kksr-legend\" style=\"font-size: 19.2px;\">\n            <span class=\"kksr-muted\">Mums ir svar\u012bgs j\u016bsu nov\u0113rt\u0113jums<\/span>\n    <\/div>\n    <\/div>\n<h4 data-start=\"83\" data-end=\"107\"><strong data-start=\"88\" data-end=\"105\">Par produktu<\/strong><\/h4>\n<p data-start=\"108\" data-end=\"893\">b\u0113rnu rota\u013cas. \u010du\u010dki. met\u0101la atsl\u0113gu piekari\u0146\u0161. - \u0160is ir ori\u0123in\u0101ls aksesu\u0101rs, kas paredz\u0113ts \u0161ausmu filmu faniem. Izstr\u0101d\u0101jums ir izgatavots no augstas kvalit\u0101tes met\u0101la, un t\u0101 pamatne - melns materi\u0101ls - nodro\u0161ina iztur\u012bbu un iztur\u012bbu. Uz atsl\u0113gu piekari\u0146a iegrav\u0113tais uzraksts \u201eTHE DARKEST HOUR WHEN THE DEMONS COME CALL ON ME BROTHER AND WE WILL FIGHT THEM TOGETHER\u201d ir skaidri redzams, pateicoties kontrast\u0113jo\u0161iem baltiem burtiem. Turkl\u0101t uz aksesu\u0101ra integr\u0113t\u0101s divas karikat\u016bras stila fig\u016bri\u0146as, kas turas rok\u0101s, pau\u017e kop\u012bgu c\u012b\u0146as garu un vienot\u012bbu. Piekari\u0146am ir taisnst\u016bra forma ar noapa\u013cotiem st\u016briem, un tas ir piestiprin\u0101ts pie met\u0101la gredzena un \u0137\u0113d\u012btes. \u0160is aksesu\u0101rs ir piem\u0113rots motocikla, automa\u0161\u012bnas un m\u0101jas atsl\u0113g\u0101m un pau\u017e motiv\u0113jo\u0161u v\u0113st\u012bjumu, kas mudina uz kop\u012bgu c\u012b\u0146as garu.<\/p>\n<h4 data-start=\"895\" data-end=\"934\"><strong data-start=\"900\" data-end=\"932\">Funkcionalit\u0101te un Lieto\u0161ana<\/strong><\/h4>\n<p data-start=\"935\" data-end=\"1546\">b\u0113rnu rota\u013cas. \u010du\u010dki. met\u0101la atsl\u0113gu piekari\u0146\u0161. glab\u0101 atsl\u0113gas dro\u0161\u012bb\u0101 un dro\u0161\u012bb\u0101. Iztur\u012bgais met\u0101la gredzens un integr\u0113t\u0101 karab\u012bne \u013cauj viegli piestiprin\u0101t piederumu pie atsl\u0113gu komplekta, mugursomas vai jostas. Univers\u0101lais dizains ir piem\u0113rots da\u017e\u0101da izm\u0113ra atsl\u0113gu komplektiem. Lieto\u0161anas process ir intuit\u012bvs un vienk\u0101r\u0161s. Aksesu\u0101rs saglab\u0101 savu formu pat p\u0113c intens\u012bvas ikdienas lieto\u0161anas. Ja v\u0113laties uzzin\u0101t vair\u0101k par efekt\u012bviem atsl\u0113gu glab\u0101\u0161anas risin\u0101jumiem, l\u016bdzu, apmekl\u0113jiet <a target=\"_new\" rel=\"noopener\" data-start=\"1407\" data-end=\"1468\">\u0100r\u0113jais resurss<\/a> vai apskatiet m\u016bsu <a href=\"https:\/\/kabinam.lt\/lv\/visi-produkti\/\" target=\"_new\" rel=\"noopener\" data-start=\"1492\" data-end=\"1545\">produktu katalogs<\/a>.<\/p>\n<h4 data-start=\"1548\" data-end=\"1577\"><strong data-start=\"1553\" data-end=\"1575\">Dizains un Kvalit\u0101te<\/strong><\/h4>\n<p data-start=\"1578\" data-end=\"2139\">Dizains ir moderns un izteiksm\u012bgs. Melnais materi\u0101ls ar baltiem iegrav\u0113tiem uzrakstiem pie\u0161\u0137ir aksesu\u0101ram eleganci, bet divas karikat\u016bras stila fig\u016bri\u0146as, kas turas rok\u0101s, - dinamiku. Taisnst\u016bra forma ar noapa\u013cotiem st\u016briem uzsver iztur\u012bgumu un profesion\u0101lu apstr\u0101di. Augstas kvalit\u0101tes met\u0101ls nodro\u0161ina, ka izstr\u0101d\u0101jums saglab\u0101sies jauns ar\u012b p\u0113c ilgsto\u0161as lieto\u0161anas. Iztur\u012bgais karab\u012bne un met\u0101la gredzens garant\u0113 dro\u0161u stiprin\u0101jumu pie atsl\u0113g\u0101m. \u0160is izstr\u0101d\u0101jums atbilst m\u016bsdienu aksesu\u0101ru tendenc\u0113m un pie\u0161\u0137ir j\u016bsu atsl\u0113g\u0101m unik\u0101lu akcentu.<\/p>\n<h4 data-start=\"2141\" data-end=\"2172\"><strong data-start=\"2146\" data-end=\"2170\">K\u0101p\u0113c izv\u0113l\u0113ties?<\/strong><\/h4>\n<p data-start=\"2173\" data-end=\"2722\">Ieguldot l\u012bdzek\u013cus b\u0113rnu rota\u013cu. chucky. met\u0101la atsl\u0113gu piekari\u0146\u0101, j\u016bs izv\u0113laties ori\u0123inalit\u0101ti un uzticam\u012bbu. \u0160is aksesu\u0101rs glab\u0101s j\u016bsu atsl\u0113gas dro\u0161\u012bb\u0101 un nes sp\u0113c\u012bgu motiv\u0113jo\u0161u v\u0113st\u012bjumu. T\u0101 ori\u0123in\u0101lie uzraksti un anim\u0101cijas fig\u016bri\u0146as iedvesmo kop\u012bbas un c\u012b\u0146as sparu. Univers\u0101lais dizains ir piem\u0113rots motocikla, automa\u0161\u012bnas un m\u0101jas atsl\u0113g\u0101m. Ieguld\u012bjums \u0161aj\u0101 izstr\u0101d\u0101jum\u0101 apliecina, ka j\u016bs nov\u0113rt\u0113jat kvalit\u0101ti, inovat\u012bvus risin\u0101jumus un drosm\u012bgu pieeju dz\u012bvei. Izv\u0113loties \u0161o piekari\u0146u, j\u016bs papildin\u0101siet savu person\u012bgo stilu un \u013causiet atsl\u0113g\u0101m run\u0101t par jums.<\/p>","protected":false},"excerpt":{"rendered":"<p>Apie Produkt\u0105 childs play. chucky. metalinis rakt\u0173 pakabukas. \u2013 tai originalus aksesuaras, sukurtas siaubo filmo gerb\u0117jams. Produktas pagamintas i\u0161 auk\u0161tos kokyb\u0117s metalo, o pagrindas \u2013 juoda med\u017eiaga \u2013 u\u017etikrina tvirtum\u0105 ir ilgaam\u017ei\u0161kum\u0105. Ant pakabuko i\u0161graviruotas u\u017era\u0161as &#8222;IN THE DARKEST HOUR WHEN THE DEMONS COME CALL ON ME BROTHER AND WE WILL FIGHT THEM TOGETHER&#8221; yra [&hellip;]<\/p>\n","protected":false},"featured_media":2849,"comment_status":"closed","ping_status":"closed","template":"","meta":{"_uag_custom_page_level_css":"","site-sidebar-layout":"default","site-content-layout":"","ast-site-content-layout":"default","site-content-style":"default","site-sidebar-style":"default","ast-global-header-display":"","ast-banner-title-visibility":"","ast-main-header-display":"","ast-hfb-above-header-display":"","ast-hfb-below-header-display":"","ast-hfb-mobile-header-display":"","site-post-title":"","ast-breadcrumbs-content":"","ast-featured-img":"","footer-sml-layout":"","ast-disable-related-posts":"","theme-transparent-header-meta":"default","adv-header-id-meta":"","stick-header-meta":"","header-above-stick-meta":"","header-main-stick-meta":"","header-below-stick-meta":"","astra-migrate-meta-layouts":"set","ast-page-background-enabled":"default","ast-page-background-meta":{"desktop":{"background-color":"var(--ast-global-color-4)","background-image":"","background-repeat":"repeat","background-position":"center center","background-size":"auto","background-attachment":"scroll","background-type":"","background-media":"","overlay-type":"","overlay-color":"","overlay-opacity":"","overlay-gradient":""},"tablet":{"background-color":"","background-image":"","background-repeat":"repeat","background-position":"center center","background-size":"auto","background-attachment":"scroll","background-type":"","background-media":"","overlay-type":"","overlay-color":"","overlay-opacity":"","overlay-gradient":""},"mobile":{"background-color":"","background-image":"","background-repeat":"repeat","background-position":"center center","background-size":"auto","background-attachment":"scroll","background-type":"","background-media":"","overlay-type":"","overlay-color":"","overlay-opacity":"","overlay-gradient":""}},"ast-content-background-meta":{"desktop":{"background-color":"var(--ast-global-color-5)","background-image":"","background-repeat":"repeat","background-position":"center center","background-size":"auto","background-attachment":"scroll","background-type":"","background-media":"","overlay-type":"","overlay-color":"","overlay-opacity":"","overlay-gradient":""},"tablet":{"background-color":"var(--ast-global-color-5)","background-image":"","background-repeat":"repeat","background-position":"center center","background-size":"auto","background-attachment":"scroll","background-type":"","background-media":"","overlay-type":"","overlay-color":"","overlay-opacity":"","overlay-gradient":""},"mobile":{"background-color":"var(--ast-global-color-5)","background-image":"","background-repeat":"repeat","background-position":"center center","background-size":"auto","background-attachment":"scroll","background-type":"","background-media":"","overlay-type":"","overlay-color":"","overlay-opacity":"","overlay-gradient":""}}},"product_brand":[],"product_cat":[125,126,116,95,118],"product_tag":[],"class_list":{"0":"post-2848","1":"product","2":"type-product","3":"status-publish","4":"has-post-thumbnail","6":"product_cat-halloween","7":"product_cat-visi","8":"product_cat-metaliniai-raktu-pakabukai","9":"product_cat-unikalus-raktu-pakabukai","10":"product_cat-dovana-teciui","11":"desktop-align-center","12":"tablet-align-left","13":"mobile-align-left","15":"first","16":"instock","17":"shipping-taxable","18":"purchasable","19":"product-type-simple"},"yoast_head":"<!-- This site is optimized with the Yoast SEO plugin v27.1.1 - https:\/\/yoast.com\/product\/yoast-seo-wordpress\/ -->\n<title>Child&#039;s Play Chucky metalinis rakt\u0173 pakabukas - kabinam.lt<\/title>\n<meta name=\"description\" content=\"Child&#039;s Play Chucky metalinis rakt\u0173 pakabukas \u2013 originalus siaubo filmo aksesuaras su u\u017era\u0161u ir animacin\u0117mis fig\u016bromis. Tvirtas ir unikalus pasirinkimas\" \/>\n<meta name=\"robots\" content=\"index, follow, max-snippet:-1, max-image-preview:large, max-video-preview:-1\" \/>\n<link rel=\"canonical\" href=\"https:\/\/kabinam.lt\/lv\/produkts\/bernu-speles-cakija-metala-atslegu-piekarins\/\" \/>\n<meta property=\"og:locale\" content=\"lv_LV\" \/>\n<meta property=\"og:type\" content=\"article\" \/>\n<meta property=\"og:title\" content=\"Child&#039;s Play Chucky metalinis rakt\u0173 pakabukas - kabinam.lt\" \/>\n<meta property=\"og:description\" content=\"Child&#039;s Play Chucky metalinis rakt\u0173 pakabukas \u2013 originalus siaubo filmo aksesuaras su u\u017era\u0161u ir animacin\u0117mis fig\u016bromis. Tvirtas ir unikalus pasirinkimas\" \/>\n<meta property=\"og:url\" content=\"https:\/\/kabinam.lt\/lv\/produkts\/bernu-speles-cakija-metala-atslegu-piekarins\/\" \/>\n<meta property=\"og:site_name\" content=\"kabinam.lt\" \/>\n<meta property=\"article:modified_time\" content=\"2026-01-03T16:49:56+00:00\" \/>\n<meta property=\"og:image\" content=\"https:\/\/kabinam.lt\/wp-content\/uploads\/2024\/08\/21e5f06c3757f5a9f3414bd482ff7afa.jpg\" \/>\n\t<meta property=\"og:image:width\" content=\"800\" \/>\n\t<meta property=\"og:image:height\" content=\"800\" \/>\n\t<meta property=\"og:image:type\" content=\"image\/jpeg\" \/>\n<meta name=\"twitter:card\" content=\"summary_large_image\" \/>\n<meta name=\"twitter:label1\" content=\"Est. reading time\" \/>\n\t<meta name=\"twitter:data1\" content=\"2 min\u016btes\" \/>\n<script type=\"application\/ld+json\" class=\"yoast-schema-graph\">{\"@context\":\"https:\/\/schema.org\",\"@graph\":[{\"@type\":[\"WebPage\",\"ItemPage\"],\"@id\":\"https:\/\/kabinam.lt\/lv\/produkts\/bernu-speles-cakija-metala-atslegu-piekarins\/\",\"url\":\"https:\/\/kabinam.lt\/lv\/produkts\/bernu-speles-cakija-metala-atslegu-piekarins\/\",\"name\":\"Child's Play Chucky metalinis rakt\u0173 pakabukas - kabinam.lt\",\"isPartOf\":{\"@id\":\"https:\/\/kabinam.lt\/#website\"},\"primaryImageOfPage\":{\"@id\":\"https:\/\/kabinam.lt\/lv\/produkts\/bernu-speles-cakija-metala-atslegu-piekarins\/#primaryimage\"},\"image\":{\"@id\":\"https:\/\/kabinam.lt\/lv\/produkts\/bernu-speles-cakija-metala-atslegu-piekarins\/#primaryimage\"},\"thumbnailUrl\":\"https:\/\/kabinam.lt\/wp-content\/uploads\/2024\/08\/21e5f06c3757f5a9f3414bd482ff7afa.jpg\",\"datePublished\":\"2024-08-18T08:14:47+00:00\",\"dateModified\":\"2026-01-03T16:49:56+00:00\",\"description\":\"Child's Play Chucky metalinis rakt\u0173 pakabukas \u2013 originalus siaubo filmo aksesuaras su u\u017era\u0161u ir animacin\u0117mis fig\u016bromis. Tvirtas ir unikalus pasirinkimas\",\"breadcrumb\":{\"@id\":\"https:\/\/kabinam.lt\/lv\/produkts\/bernu-speles-cakija-metala-atslegu-piekarins\/#breadcrumb\"},\"inLanguage\":\"lv-LV\",\"potentialAction\":[{\"@type\":\"ReadAction\",\"target\":[\"https:\/\/kabinam.lt\/lv\/produkts\/bernu-speles-cakija-metala-atslegu-piekarins\/\"]}]},{\"@type\":\"ImageObject\",\"inLanguage\":\"lv-LV\",\"@id\":\"https:\/\/kabinam.lt\/lv\/produkts\/bernu-speles-cakija-metala-atslegu-piekarins\/#primaryimage\",\"url\":\"https:\/\/kabinam.lt\/wp-content\/uploads\/2024\/08\/21e5f06c3757f5a9f3414bd482ff7afa.jpg\",\"contentUrl\":\"https:\/\/kabinam.lt\/wp-content\/uploads\/2024\/08\/21e5f06c3757f5a9f3414bd482ff7afa.jpg\",\"width\":800,\"height\":800,\"caption\":\"Child's Play Chucky metalinis rakt\u0173 pakabukas \u2013 siaubo filmo herojus\"},{\"@type\":\"BreadcrumbList\",\"@id\":\"https:\/\/kabinam.lt\/lv\/produkts\/bernu-speles-cakija-metala-atslegu-piekarins\/#breadcrumb\",\"itemListElement\":[{\"@type\":\"ListItem\",\"position\":1,\"name\":\"Home\",\"item\":\"https:\/\/kabinam.lt\/\"},{\"@type\":\"ListItem\",\"position\":2,\"name\":\"Visi Produktai\",\"item\":\"https:\/\/kabinam.lt\/visi-produktai\/\"},{\"@type\":\"ListItem\",\"position\":3,\"name\":\"Child&#8217;s Play Chucky metalinis rakt\u0173 pakabukas\"}]},{\"@type\":\"WebSite\",\"@id\":\"https:\/\/kabinam.lt\/#website\",\"url\":\"https:\/\/kabinam.lt\/\",\"name\":\"kabinam.lt\",\"description\":\"Kabinam.lt \u2013 raktu pakabukai ir aksesuarai\",\"publisher\":{\"@id\":\"https:\/\/kabinam.lt\/#organization\"},\"alternateName\":\"pakabukai lt\",\"potentialAction\":[{\"@type\":\"SearchAction\",\"target\":{\"@type\":\"EntryPoint\",\"urlTemplate\":\"https:\/\/kabinam.lt\/?s={search_term_string}\"},\"query-input\":{\"@type\":\"PropertyValueSpecification\",\"valueRequired\":true,\"valueName\":\"search_term_string\"}}],\"inLanguage\":\"lv-LV\"},{\"@type\":\"Organization\",\"@id\":\"https:\/\/kabinam.lt\/#organization\",\"name\":\"kabinam.lt\",\"alternateName\":\"kabinam\",\"url\":\"https:\/\/kabinam.lt\/\",\"logo\":{\"@type\":\"ImageObject\",\"inLanguage\":\"lv-LV\",\"@id\":\"https:\/\/kabinam.lt\/#\/schema\/logo\/image\/\",\"url\":\"https:\/\/kabinam.lt\/wp-content\/uploads\/2025\/05\/KABINAM_outer_glow.png\",\"contentUrl\":\"https:\/\/kabinam.lt\/wp-content\/uploads\/2025\/05\/KABINAM_outer_glow.png\",\"width\":474,\"height\":141,\"caption\":\"kabinam.lt\"},\"image\":{\"@id\":\"https:\/\/kabinam.lt\/#\/schema\/logo\/image\/\"}}]}<\/script>\n<!-- \/ Yoast SEO plugin. -->","yoast_head_json":{"title":"Child's Play Chucky met\u0101la atsl\u0113gu piekari\u0146i - kabinam.lt","description":"Child's Play Chucky met\u0101la atsl\u0113gu piekari\u0146\u0161 - ori\u0123in\u0101ls \u0161ausmu filmu aksesu\u0101rs ar uzrakstiem un multiplik\u0101cijas filmu fig\u016bri\u0146\u0101m. Iztur\u012bga un unik\u0101la izv\u0113le","robots":{"index":"index","follow":"follow","max-snippet":"max-snippet:-1","max-image-preview":"max-image-preview:large","max-video-preview":"max-video-preview:-1"},"canonical":"https:\/\/kabinam.lt\/lv\/produkts\/bernu-speles-cakija-metala-atslegu-piekarins\/","og_locale":"lv_LV","og_type":"article","og_title":"Child's Play Chucky metalinis rakt\u0173 pakabukas - kabinam.lt","og_description":"Child's Play Chucky metalinis rakt\u0173 pakabukas \u2013 originalus siaubo filmo aksesuaras su u\u017era\u0161u ir animacin\u0117mis fig\u016bromis. Tvirtas ir unikalus pasirinkimas","og_url":"https:\/\/kabinam.lt\/lv\/produkts\/bernu-speles-cakija-metala-atslegu-piekarins\/","og_site_name":"kabinam.lt","article_modified_time":"2026-01-03T16:49:56+00:00","og_image":[{"width":800,"height":800,"url":"https:\/\/kabinam.lt\/wp-content\/uploads\/2024\/08\/21e5f06c3757f5a9f3414bd482ff7afa.jpg","type":"image\/jpeg"}],"twitter_card":"summary_large_image","twitter_misc":{"Est. reading time":"2 min\u016btes"},"schema":{"@context":"https:\/\/schema.org","@graph":[{"@type":["WebPage","ItemPage"],"@id":"https:\/\/kabinam.lt\/lv\/produkts\/bernu-speles-cakija-metala-atslegu-piekarins\/","url":"https:\/\/kabinam.lt\/lv\/produkts\/bernu-speles-cakija-metala-atslegu-piekarins\/","name":"Child's Play Chucky met\u0101la atsl\u0113gu piekari\u0146i - kabinam.lt","isPartOf":{"@id":"https:\/\/kabinam.lt\/#website"},"primaryImageOfPage":{"@id":"https:\/\/kabinam.lt\/lv\/produkts\/bernu-speles-cakija-metala-atslegu-piekarins\/#primaryimage"},"image":{"@id":"https:\/\/kabinam.lt\/lv\/produkts\/bernu-speles-cakija-metala-atslegu-piekarins\/#primaryimage"},"thumbnailUrl":"https:\/\/kabinam.lt\/wp-content\/uploads\/2024\/08\/21e5f06c3757f5a9f3414bd482ff7afa.jpg","datePublished":"2024-08-18T08:14:47+00:00","dateModified":"2026-01-03T16:49:56+00:00","description":"Child's Play Chucky met\u0101la atsl\u0113gu piekari\u0146\u0161 - ori\u0123in\u0101ls \u0161ausmu filmu aksesu\u0101rs ar uzrakstiem un multiplik\u0101cijas filmu fig\u016bri\u0146\u0101m. Iztur\u012bga un unik\u0101la izv\u0113le","breadcrumb":{"@id":"https:\/\/kabinam.lt\/lv\/produkts\/bernu-speles-cakija-metala-atslegu-piekarins\/#breadcrumb"},"inLanguage":"lv-LV","potentialAction":[{"@type":"ReadAction","target":["https:\/\/kabinam.lt\/lv\/produkts\/bernu-speles-cakija-metala-atslegu-piekarins\/"]}]},{"@type":"ImageObject","inLanguage":"lv-LV","@id":"https:\/\/kabinam.lt\/lv\/produkts\/bernu-speles-cakija-metala-atslegu-piekarins\/#primaryimage","url":"https:\/\/kabinam.lt\/wp-content\/uploads\/2024\/08\/21e5f06c3757f5a9f3414bd482ff7afa.jpg","contentUrl":"https:\/\/kabinam.lt\/wp-content\/uploads\/2024\/08\/21e5f06c3757f5a9f3414bd482ff7afa.jpg","width":800,"height":800,"caption":"Child's Play Chucky metalinis rakt\u0173 pakabukas \u2013 siaubo filmo herojus"},{"@type":"BreadcrumbList","@id":"https:\/\/kabinam.lt\/lv\/produkts\/bernu-speles-cakija-metala-atslegu-piekarins\/#breadcrumb","itemListElement":[{"@type":"ListItem","position":1,"name":"Home","item":"https:\/\/kabinam.lt\/"},{"@type":"ListItem","position":2,"name":"Visi Produktai","item":"https:\/\/kabinam.lt\/visi-produktai\/"},{"@type":"ListItem","position":3,"name":"Child&#8217;s Play Chucky metalinis rakt\u0173 pakabukas"}]},{"@type":"WebSite","@id":"https:\/\/kabinam.lt\/#website","url":"https:\/\/kabinam.lt\/","name":"kabinam.lt","description":"Kabinam.lt - atsl\u0113gu piekari\u0146i un aksesu\u0101ri","publisher":{"@id":"https:\/\/kabinam.lt\/#organization"},"alternateName":"pakabukai lt","potentialAction":[{"@type":"SearchAction","target":{"@type":"EntryPoint","urlTemplate":"https:\/\/kabinam.lt\/?s={search_term_string}"},"query-input":{"@type":"PropertyValueSpecification","valueRequired":true,"valueName":"search_term_string"}}],"inLanguage":"lv-LV"},{"@type":"Organization","@id":"https:\/\/kabinam.lt\/#organization","name":"kabinam.lt","alternateName":"kabinam","url":"https:\/\/kabinam.lt\/","logo":{"@type":"ImageObject","inLanguage":"lv-LV","@id":"https:\/\/kabinam.lt\/#\/schema\/logo\/image\/","url":"https:\/\/kabinam.lt\/wp-content\/uploads\/2025\/05\/KABINAM_outer_glow.png","contentUrl":"https:\/\/kabinam.lt\/wp-content\/uploads\/2025\/05\/KABINAM_outer_glow.png","width":474,"height":141,"caption":"kabinam.lt"},"image":{"@id":"https:\/\/kabinam.lt\/#\/schema\/logo\/image\/"}}]}},"uagb_featured_image_src":{"full":["https:\/\/kabinam.lt\/wp-content\/uploads\/2024\/08\/21e5f06c3757f5a9f3414bd482ff7afa.jpg",800,800,false],"thumbnail":["https:\/\/kabinam.lt\/wp-content\/uploads\/2024\/08\/21e5f06c3757f5a9f3414bd482ff7afa-150x150.jpg",150,150,true],"medium":["https:\/\/kabinam.lt\/wp-content\/uploads\/2024\/08\/21e5f06c3757f5a9f3414bd482ff7afa-300x300.jpg",300,300,true],"medium_large":["https:\/\/kabinam.lt\/wp-content\/uploads\/2024\/08\/21e5f06c3757f5a9f3414bd482ff7afa-768x768.jpg",768,768,true],"large":["https:\/\/kabinam.lt\/wp-content\/uploads\/2024\/08\/21e5f06c3757f5a9f3414bd482ff7afa.jpg",800,800,false],"1536x1536":["https:\/\/kabinam.lt\/wp-content\/uploads\/2024\/08\/21e5f06c3757f5a9f3414bd482ff7afa.jpg",800,800,false],"2048x2048":["https:\/\/kabinam.lt\/wp-content\/uploads\/2024\/08\/21e5f06c3757f5a9f3414bd482ff7afa.jpg",800,800,false],"trp-custom-language-flag":["https:\/\/kabinam.lt\/wp-content\/uploads\/2024\/08\/21e5f06c3757f5a9f3414bd482ff7afa.jpg",12,12,false],"woocommerce_thumbnail":["https:\/\/kabinam.lt\/wp-content\/uploads\/2024\/08\/21e5f06c3757f5a9f3414bd482ff7afa-300x300.jpg",300,300,true],"woocommerce_single":["https:\/\/kabinam.lt\/wp-content\/uploads\/2024\/08\/21e5f06c3757f5a9f3414bd482ff7afa-600x600.jpg",600,600,true],"woocommerce_gallery_thumbnail":["https:\/\/kabinam.lt\/wp-content\/uploads\/2024\/08\/21e5f06c3757f5a9f3414bd482ff7afa-100x100.jpg",100,100,true]},"uagb_author_info":{"display_name":"kabinam.lt","author_link":"https:\/\/kabinam.lt\/lv\/author\/"},"uagb_comment_info":0,"uagb_excerpt":"Apie Produkt\u0105 childs play. chucky. metalinis rakt\u0173 pakabukas. \u2013 tai originalus aksesuaras, sukurtas siaubo filmo gerb\u0117jams. Produktas pagamintas i\u0161 auk\u0161tos kokyb\u0117s metalo, o pagrindas \u2013 juoda med\u017eiaga \u2013 u\u017etikrina tvirtum\u0105 ir ilgaam\u017ei\u0161kum\u0105. Ant pakabuko i\u0161graviruotas u\u017era\u0161as &#8222;IN THE DARKEST HOUR WHEN THE DEMONS COME CALL ON ME BROTHER AND WE WILL FIGHT THEM TOGETHER&#8221; yra&hellip;","_links":{"self":[{"href":"https:\/\/kabinam.lt\/lv\/wp-json\/wp\/v2\/product\/2848","targetHints":{"allow":["GET"]}}],"collection":[{"href":"https:\/\/kabinam.lt\/lv\/wp-json\/wp\/v2\/product"}],"about":[{"href":"https:\/\/kabinam.lt\/lv\/wp-json\/wp\/v2\/types\/product"}],"replies":[{"embeddable":true,"href":"https:\/\/kabinam.lt\/lv\/wp-json\/wp\/v2\/comments?post=2848"}],"wp:featuredmedia":[{"embeddable":true,"href":"https:\/\/kabinam.lt\/lv\/wp-json\/wp\/v2\/media\/2849"}],"wp:attachment":[{"href":"https:\/\/kabinam.lt\/lv\/wp-json\/wp\/v2\/media?parent=2848"}],"wp:term":[{"taxonomy":"product_brand","embeddable":true,"href":"https:\/\/kabinam.lt\/lv\/wp-json\/wp\/v2\/product_brand?post=2848"},{"taxonomy":"product_cat","embeddable":true,"href":"https:\/\/kabinam.lt\/lv\/wp-json\/wp\/v2\/product_cat?post=2848"},{"taxonomy":"product_tag","embeddable":true,"href":"https:\/\/kabinam.lt\/lv\/wp-json\/wp\/v2\/product_tag?post=2848"}],"curies":[{"name":"wp","href":"https:\/\/api.w.org\/{rel}","templated":true}]}}