{"id":2835,"date":"2024-08-18T10:39:36","date_gmt":"2024-08-18T07:39:36","guid":{"rendered":"https:\/\/kabinam.lt\/?post_type=product&#038;p=2835"},"modified":"2026-01-03T18:49:56","modified_gmt":"2026-01-03T16:49:56","slug":"atslegas-pults-ne-tas-nav-vina-velosipeds","status":"publish","type":"product","link":"https:\/\/kabinam.lt\/lv\/product\/raktu-pakabukas-no-its-not-his-bike\/","title":{"rendered":"N\u0113, tas nav vi\u0146a velosip\u0113ds"},"content":{"rendered":"<div class=\"kk-star-ratings kksr-auto kksr-align-left kksr-valign-top\"\n    data-payload='{&quot;align&quot;:&quot;left&quot;,&quot;id&quot;:&quot;2835&quot;,&quot;slug&quot;:&quot;default&quot;,&quot;valign&quot;:&quot;top&quot;,&quot;ignore&quot;:&quot;&quot;,&quot;reference&quot;:&quot;auto&quot;,&quot;class&quot;:&quot;&quot;,&quot;count&quot;:&quot;0&quot;,&quot;legendonly&quot;:&quot;&quot;,&quot;readonly&quot;:&quot;&quot;,&quot;score&quot;:&quot;0&quot;,&quot;starsonly&quot;:&quot;&quot;,&quot;best&quot;:&quot;5&quot;,&quot;gap&quot;:&quot;5&quot;,&quot;greet&quot;:&quot;Mums svarbus j\u016bs\u0173 \u012fvertinimas&quot;,&quot;legend&quot;:&quot;0\\\/5 - (0 votes)&quot;,&quot;size&quot;:&quot;24&quot;,&quot;title&quot;:&quot;No it\\u0026#039;s not his bike&quot;,&quot;width&quot;:&quot;0&quot;,&quot;_legend&quot;:&quot;{score}\\\/{best} - ({count} {votes})&quot;,&quot;font_factor&quot;:&quot;1.25&quot;}'>\n            \n<div class=\"kksr-stars\">\n    \n<div class=\"kksr-stars-inactive\">\n            <div class=\"kksr-star\" data-star=\"1\" style=\"padding-right: 5px\">\n            \n\n<div class=\"kksr-icon\" style=\"width: 24px; height: 24px;\"><\/div>\n        <\/div>\n            <div class=\"kksr-star\" data-star=\"2\" style=\"padding-right: 5px\">\n            \n\n<div class=\"kksr-icon\" style=\"width: 24px; height: 24px;\"><\/div>\n        <\/div>\n            <div class=\"kksr-star\" data-star=\"3\" style=\"padding-right: 5px\">\n            \n\n<div class=\"kksr-icon\" style=\"width: 24px; height: 24px;\"><\/div>\n        <\/div>\n            <div class=\"kksr-star\" data-star=\"4\" style=\"padding-right: 5px\">\n            \n\n<div class=\"kksr-icon\" style=\"width: 24px; height: 24px;\"><\/div>\n        <\/div>\n            <div class=\"kksr-star\" data-star=\"5\" style=\"padding-right: 5px\">\n            \n\n<div class=\"kksr-icon\" style=\"width: 24px; height: 24px;\"><\/div>\n        <\/div>\n    <\/div>\n    \n<div class=\"kksr-stars-active\" style=\"width: 0px;\">\n            <div class=\"kksr-star\" style=\"padding-right: 5px\">\n            \n\n<div class=\"kksr-icon\" style=\"width: 24px; height: 24px;\"><\/div>\n        <\/div>\n            <div class=\"kksr-star\" style=\"padding-right: 5px\">\n            \n\n<div class=\"kksr-icon\" style=\"width: 24px; height: 24px;\"><\/div>\n        <\/div>\n            <div class=\"kksr-star\" style=\"padding-right: 5px\">\n            \n\n<div class=\"kksr-icon\" style=\"width: 24px; height: 24px;\"><\/div>\n        <\/div>\n            <div class=\"kksr-star\" style=\"padding-right: 5px\">\n            \n\n<div class=\"kksr-icon\" style=\"width: 24px; height: 24px;\"><\/div>\n        <\/div>\n            <div class=\"kksr-star\" style=\"padding-right: 5px\">\n            \n\n<div class=\"kksr-icon\" style=\"width: 24px; height: 24px;\"><\/div>\n        <\/div>\n    <\/div>\n<\/div>\n                \n\n<div class=\"kksr-legend\" style=\"font-size: 19.2px;\">\n            <span class=\"kksr-muted\">Mums ir svar\u012bgs j\u016bsu nov\u0113rt\u0113jums<\/span>\n    <\/div>\n    <\/div>\n<h4 data-start=\"48\" data-end=\"72\"><strong data-start=\"53\" data-end=\"70\">Par produktu<\/strong><\/h4>\n<p data-start=\"73\" data-end=\"675\">Atsl\u0113gu piekari\u0146\u0161 \u201eNO IT'S NOT HIS BIKE\u201d ir ori\u0123in\u0101ls un humoristisks aksesu\u0101rs. Tas ir izgatavots no melna materi\u0101la, tam ir iz\u0161\u016bts teksts ar baltiem, sarkaniem un roz\u0101 d\u016brieniem. Tekst\u0101 skaidri las\u0101ms \u201eNO IT'S NOT HIS BIKE\u201d. Izstr\u0101d\u0101jums ir paredz\u0113ts tiem, kuri nov\u0113rt\u0113 unikalit\u0101ti un v\u0113las izcelties. \u0160is piekari\u0146\u0161 ir piem\u0113rots automa\u0161\u012bnas, motocikla un m\u0101jas atsl\u0113g\u0101m. T\u0101 dizains pie\u0161\u0137ir atsl\u0113g\u0101m m\u016bsdien\u012bgu izskatu, un t\u0101 iztur\u012bg\u0101 konstrukcija nodro\u0161ina iztur\u012bbu pat ikdienas gait\u0101s. Iz\u0161\u016btais teksts izce\u013c humoristisko pieeju, un kr\u0101su kontrasts pie\u0161\u0137ir aksesu\u0101ram dinamiku.<\/p>\n<p data-start=\"677\" data-end=\"1054\">\u0160is atsl\u0113gu piekari\u0146\u0161 ir ne tikai est\u0113tiski pievilc\u012bgs, bet ar\u012b funkcion\u0101ls. Ja v\u0113laties uzzin\u0101t vair\u0101k par tekstila un iz\u0161\u016b\u0161anas tehnik\u0101m, l\u016bdzu, apmekl\u0113jiet vietni <a target=\"_new\" rel=\"noopener\" data-start=\"865\" data-end=\"927\">\u0100r\u0113jais resurss<\/a>. Lai apskat\u012btu citus m\u016bsu unik\u0101los piederumus, noklik\u0161\u0137iniet uz <a target=\"_new\" rel=\"noopener\" data-start=\"995\" data-end=\"1053\">M\u016bsu produktu katalog\u0101<\/a>.<\/p>\n<h4 data-start=\"1056\" data-end=\"1095\"><strong data-start=\"1061\" data-end=\"1093\">Funkcionalit\u0101te un Lieto\u0161ana<\/strong><\/h4>\n<p data-start=\"1096\" data-end=\"1630\">Atsl\u0113gu piekari\u0146\u0161 NO IT'S NOT HIS BIKE glab\u0101s j\u016bsu atsl\u0113gas dro\u0161\u012bb\u0101 un dro\u0161\u012bb\u0101. Iztur\u012bgais met\u0101la gredzens nodro\u0161ina, ka atsl\u0113gas ir dro\u0161i piestiprin\u0101tas. Integr\u0113t\u0101 karab\u012bne \u013cauj \u0101tri piestiprin\u0101t piederumu pie atsl\u0113gu komplekta, mugursomas vai jostas. T\u0101 univers\u0101lais izm\u0113rs \u013cauj \u0113rti n\u0113s\u0101t gan automa\u0161\u012bnas, gan motocikla atsl\u0113gas. Piekari\u0146a dizains ir intuit\u012bvi lietojams un pal\u012bdz jums uztur\u0113t k\u0101rt\u012bb\u0101 ikdienas aktivit\u0101tes. \u0160is izstr\u0101d\u0101jums ir lieliska izv\u0113le tiem, kuri v\u0113las, lai vi\u0146u atsl\u0113gas b\u016btu ne tikai dro\u0161as, bet ar\u012b ekskluz\u012bvas.<\/p>\n<h4 data-start=\"1632\" data-end=\"1661\"><strong data-start=\"1637\" data-end=\"1659\">Dizains un Kvalit\u0101te<\/strong><\/h4>\n<p data-start=\"1662\" data-end=\"1720\">Piekari\u0146a dizains ir r\u016bp\u012bgi p\u0101rdom\u0101ts un m\u016bsdien\u012bgs.<\/p>\n<ul data-start=\"1721\" data-end=\"2190\">\n<li data-start=\"1721\" data-end=\"1816\"><strong data-start=\"1723\" data-end=\"1736\">Materi\u0101ls:<\/strong> Melnais materi\u0101ls, kur\u0101 iz\u0161\u016bts teksts, nodro\u0161ina iztur\u012bbu un eleganci.<\/li>\n<li data-start=\"1817\" data-end=\"1909\"><strong data-start=\"1819\" data-end=\"1831\">Kr\u0101sas:<\/strong> Iz\u0161\u016bt\u0101s \u0161uves - balt\u0101, sarkan\u0101 un roz\u0101 kr\u0101s\u0101 - rada spilgtu kontrastu.<\/li>\n<li data-start=\"1910\" data-end=\"1988\"><strong data-start=\"1912\" data-end=\"1922\">Izm\u0113rs:<\/strong> Kompakts, bet paman\u0101ms, piem\u0113rots da\u017e\u0101du izm\u0113ru atsl\u0113g\u0101m.<\/li>\n<li data-start=\"1989\" data-end=\"2088\"><strong data-start=\"1991\" data-end=\"2003\">Funkcijas:<\/strong> Unik\u0101ls humoristisks uzraksts, prec\u012bzi atveidotas iz\u0161\u016b\u0161anas tehnikas deta\u013cas.<\/li>\n<li data-start=\"2089\" data-end=\"2190\"><strong data-start=\"2091\" data-end=\"2107\">Fiks\u0113\u0161ana:<\/strong> Iztur\u012bgais met\u0101la gredzens un karab\u012bne nodro\u0161ina dro\u0161u stiprin\u0101jumu pie atsl\u0113g\u0101m.<\/li>\n<\/ul>\n<p data-start=\"2192\" data-end=\"2410\">Ekskluz\u012bvais dizains un kvalitat\u012bvie materi\u0101li garant\u0113, ka piekari\u0146\u0161 paliks jauns pat p\u0113c intens\u012bvas ikdienas lieto\u0161anas. T\u0101 ori\u0123in\u0101lais stils var k\u013c\u016bt gan par praktisku, gan est\u0113tisku j\u016bsu atsl\u0113gu komplekta akcentu.<\/p>\n<h4 data-start=\"2412\" data-end=\"2443\"><strong data-start=\"2417\" data-end=\"2441\">K\u0101p\u0113c izv\u0113l\u0113ties?<\/strong><\/h4>\n<p data-start=\"2444\" data-end=\"2574\">Ieguld\u012bjums atsl\u0113gu piekari\u0146\u0101 NO IT'S NOT HIS BIKE ir ide\u0101ls risin\u0101jums tiem, kas v\u0113las izcelties un par\u0101d\u012bt savu humoru.<\/p>\n<ul data-start=\"2575\" data-end=\"3063\">\n<li data-start=\"2575\" data-end=\"2659\">Izstr\u0101d\u0101jumam ir ori\u0123in\u0101ls dizains un jautrs uzraksts, kas piesaista uzman\u012bbu.<\/li>\n<li data-start=\"2660\" data-end=\"2739\">Iztur\u012bg\u0101 konstrukcija nodro\u0161ina, ka j\u016bsu atsl\u0113gas b\u016bs dro\u0161i glab\u0101tas katru dienu.<\/li>\n<li data-start=\"2740\" data-end=\"2833\">\u0160is piederums ir piem\u0113rots gan person\u012bgai lieto\u0161anai, gan k\u0101 d\u0101vana draugiem vai \u0123imenes locek\u013ciem.<\/li>\n<li data-start=\"2834\" data-end=\"3063\">To ir viegli lietot, un integr\u0113t\u0101 karab\u012bne \u013cauj \u0101tri piestiprin\u0101t piekari\u0146u.<br data-start=\"2924\" data-end=\"2927\" \/>Izv\u0113lieties \u0161o izstr\u0101d\u0101jumu, lai atsl\u0113gas b\u016btu ne tikai dro\u0161\u012bb\u0101, bet ar\u012b papildin\u0101tu j\u016bsu person\u012bgo stilu un katru dienu iemirdz\u0113tu smaidu j\u016bsu sej\u0101.<\/li>\n<\/ul>\n<p data-start=\"3065\" data-end=\"3148\">Izv\u0113lieties \u0161o atsl\u0113gu piekari\u0146u, lai padar\u012btu savu ikdienu jautr\u0101ku un stil\u012bg\u0101ku.<\/p>","protected":false},"excerpt":{"rendered":"<p>Atsl\u0113gu piekari\u0146\u0161 NO IT'S NOT HIS BIKE no melna materi\u0101la ir ori\u0123in\u0101ls, moderns un iztur\u012bgs aksesu\u0101rs j\u016bsu atsl\u0113g\u0101m.<\/p>","protected":false},"featured_media":2836,"comment_status":"closed","ping_status":"closed","template":"","meta":{"_uag_custom_page_level_css":"","site-sidebar-layout":"default","site-content-layout":"","ast-site-content-layout":"default","site-content-style":"default","site-sidebar-style":"default","ast-global-header-display":"","ast-banner-title-visibility":"","ast-main-header-display":"","ast-hfb-above-header-display":"","ast-hfb-below-header-display":"","ast-hfb-mobile-header-display":"","site-post-title":"","ast-breadcrumbs-content":"","ast-featured-img":"","footer-sml-layout":"","ast-disable-related-posts":"","theme-transparent-header-meta":"default","adv-header-id-meta":"","stick-header-meta":"","header-above-stick-meta":"","header-main-stick-meta":"","header-below-stick-meta":"","astra-migrate-meta-layouts":"set","ast-page-background-enabled":"default","ast-page-background-meta":{"desktop":{"background-color":"var(--ast-global-color-4)","background-image":"","background-repeat":"repeat","background-position":"center center","background-size":"auto","background-attachment":"scroll","background-type":"","background-media":"","overlay-type":"","overlay-color":"","overlay-opacity":"","overlay-gradient":""},"tablet":{"background-color":"","background-image":"","background-repeat":"repeat","background-position":"center center","background-size":"auto","background-attachment":"scroll","background-type":"","background-media":"","overlay-type":"","overlay-color":"","overlay-opacity":"","overlay-gradient":""},"mobile":{"background-color":"","background-image":"","background-repeat":"repeat","background-position":"center center","background-size":"auto","background-attachment":"scroll","background-type":"","background-media":"","overlay-type":"","overlay-color":"","overlay-opacity":"","overlay-gradient":""}},"ast-content-background-meta":{"desktop":{"background-color":"var(--ast-global-color-5)","background-image":"","background-repeat":"repeat","background-position":"center center","background-size":"auto","background-attachment":"scroll","background-type":"","background-media":"","overlay-type":"","overlay-color":"","overlay-opacity":"","overlay-gradient":""},"tablet":{"background-color":"var(--ast-global-color-5)","background-image":"","background-repeat":"repeat","background-position":"center center","background-size":"auto","background-attachment":"scroll","background-type":"","background-media":"","overlay-type":"","overlay-color":"","overlay-opacity":"","overlay-gradient":""},"mobile":{"background-color":"var(--ast-global-color-5)","background-image":"","background-repeat":"repeat","background-position":"center center","background-size":"auto","background-attachment":"scroll","background-type":"","background-media":"","overlay-type":"","overlay-color":"","overlay-opacity":"","overlay-gradient":""}}},"product_brand":[],"product_cat":[126,91],"product_tag":[],"class_list":{"0":"post-2835","1":"product","2":"type-product","3":"status-publish","4":"has-post-thumbnail","6":"product_cat-visi","7":"product_cat-motociklo-raktu-pakabukai","8":"desktop-align-center","9":"tablet-align-left","10":"mobile-align-left","12":"first","13":"instock","14":"shipping-taxable","15":"purchasable","16":"product-type-simple"},"yoast_head":"<!-- This site is optimized with the Yoast SEO plugin v27.1.1 - https:\/\/yoast.com\/product\/yoast-seo-wordpress\/ -->\n<title>No it&#039;s not his bike - kabinam.lt<\/title>\n<meta name=\"description\" content=\"Rakt\u0173 pakabukas &quot;NO IT&#039;S NOT HIS BIKE&quot; \u2013 juodos med\u017eiagos aksesuaras su i\u0161siuv\u0117tu tekstu baltomis, raudonomis ir ro\u017ein\u0117mis si\u016bl\u0117mis. Modernus ir originalus pasirinkimas j\u016bs\u0173 raktams!\" \/>\n<meta name=\"robots\" content=\"index, follow, max-snippet:-1, max-image-preview:large, max-video-preview:-1\" \/>\n<link rel=\"canonical\" href=\"https:\/\/kabinam.lt\/lv\/produkts\/atslegas-pults-ne-tas-nav-vina-velosipeds\/\" \/>\n<meta property=\"og:locale\" content=\"lv_LV\" \/>\n<meta property=\"og:type\" content=\"article\" \/>\n<meta property=\"og:title\" content=\"No it&#039;s not his bike - kabinam.lt\" \/>\n<meta property=\"og:description\" content=\"Rakt\u0173 pakabukas &quot;NO IT&#039;S NOT HIS BIKE&quot; \u2013 juodos med\u017eiagos aksesuaras su i\u0161siuv\u0117tu tekstu baltomis, raudonomis ir ro\u017ein\u0117mis si\u016bl\u0117mis. Modernus ir originalus pasirinkimas j\u016bs\u0173 raktams!\" \/>\n<meta property=\"og:url\" content=\"https:\/\/kabinam.lt\/lv\/produkts\/atslegas-pults-ne-tas-nav-vina-velosipeds\/\" \/>\n<meta property=\"og:site_name\" content=\"kabinam.lt\" \/>\n<meta property=\"article:modified_time\" content=\"2026-01-03T16:49:56+00:00\" \/>\n<meta property=\"og:image\" content=\"https:\/\/kabinam.lt\/wp-content\/uploads\/2024\/08\/e1083105-176e-4f38-bdea-a81b96adbb37.jpg\" \/>\n\t<meta property=\"og:image:width\" content=\"800\" \/>\n\t<meta property=\"og:image:height\" content=\"800\" \/>\n\t<meta property=\"og:image:type\" content=\"image\/jpeg\" \/>\n<meta name=\"twitter:card\" content=\"summary_large_image\" \/>\n<meta name=\"twitter:label1\" content=\"Est. reading time\" \/>\n\t<meta name=\"twitter:data1\" content=\"3 min\u016btes\" \/>\n<script type=\"application\/ld+json\" class=\"yoast-schema-graph\">{\"@context\":\"https:\/\/schema.org\",\"@graph\":[{\"@type\":[\"WebPage\",\"ItemPage\"],\"@id\":\"https:\/\/kabinam.lt\/eng\/product\/key-fob-no-its-not-his-bike\/\",\"url\":\"https:\/\/kabinam.lt\/eng\/product\/key-fob-no-its-not-his-bike\/\",\"name\":\"No it's not his bike - kabinam.lt\",\"isPartOf\":{\"@id\":\"https:\/\/kabinam.lt\/#website\"},\"primaryImageOfPage\":{\"@id\":\"https:\/\/kabinam.lt\/eng\/product\/key-fob-no-its-not-his-bike\/#primaryimage\"},\"image\":{\"@id\":\"https:\/\/kabinam.lt\/eng\/product\/key-fob-no-its-not-his-bike\/#primaryimage\"},\"thumbnailUrl\":\"https:\/\/kabinam.lt\/wp-content\/uploads\/2024\/08\/e1083105-176e-4f38-bdea-a81b96adbb37.jpg\",\"datePublished\":\"2024-08-18T07:39:36+00:00\",\"dateModified\":\"2026-01-03T16:49:56+00:00\",\"description\":\"Rakt\u0173 pakabukas \\\"NO IT'S NOT HIS BIKE\\\" \u2013 juodos med\u017eiagos aksesuaras su i\u0161siuv\u0117tu tekstu baltomis, raudonomis ir ro\u017ein\u0117mis si\u016bl\u0117mis. Modernus ir originalus pasirinkimas j\u016bs\u0173 raktams!\",\"breadcrumb\":{\"@id\":\"https:\/\/kabinam.lt\/eng\/product\/key-fob-no-its-not-his-bike\/#breadcrumb\"},\"inLanguage\":\"lv-LV\",\"potentialAction\":[{\"@type\":\"ReadAction\",\"target\":[\"https:\/\/kabinam.lt\/eng\/product\/key-fob-no-its-not-his-bike\/\"]}]},{\"@type\":\"ImageObject\",\"inLanguage\":\"lv-LV\",\"@id\":\"https:\/\/kabinam.lt\/eng\/product\/key-fob-no-its-not-his-bike\/#primaryimage\",\"url\":\"https:\/\/kabinam.lt\/wp-content\/uploads\/2024\/08\/e1083105-176e-4f38-bdea-a81b96adbb37.jpg\",\"contentUrl\":\"https:\/\/kabinam.lt\/wp-content\/uploads\/2024\/08\/e1083105-176e-4f38-bdea-a81b96adbb37.jpg\",\"width\":800,\"height\":800,\"caption\":\"Rakt\u0173 pakabukas \\\"NO IT'S NOT HIS BIKE\\\"\"},{\"@type\":\"BreadcrumbList\",\"@id\":\"https:\/\/kabinam.lt\/eng\/product\/key-fob-no-its-not-his-bike\/#breadcrumb\",\"itemListElement\":[{\"@type\":\"ListItem\",\"position\":1,\"name\":\"Home\",\"item\":\"https:\/\/kabinam.lt\/\"},{\"@type\":\"ListItem\",\"position\":2,\"name\":\"Visi Produktai\",\"item\":\"https:\/\/kabinam.lt\/visi-produktai\/\"},{\"@type\":\"ListItem\",\"position\":3,\"name\":\"No it&#8217;s not his bike\"}]},{\"@type\":\"WebSite\",\"@id\":\"https:\/\/kabinam.lt\/#website\",\"url\":\"https:\/\/kabinam.lt\/\",\"name\":\"kabinam.lt\",\"description\":\"Kabinam.lt \u2013 raktu pakabukai ir aksesuarai\",\"publisher\":{\"@id\":\"https:\/\/kabinam.lt\/#organization\"},\"alternateName\":\"pakabukai lt\",\"potentialAction\":[{\"@type\":\"SearchAction\",\"target\":{\"@type\":\"EntryPoint\",\"urlTemplate\":\"https:\/\/kabinam.lt\/?s={search_term_string}\"},\"query-input\":{\"@type\":\"PropertyValueSpecification\",\"valueRequired\":true,\"valueName\":\"search_term_string\"}}],\"inLanguage\":\"lv-LV\"},{\"@type\":\"Organization\",\"@id\":\"https:\/\/kabinam.lt\/#organization\",\"name\":\"kabinam.lt\",\"alternateName\":\"kabinam\",\"url\":\"https:\/\/kabinam.lt\/\",\"logo\":{\"@type\":\"ImageObject\",\"inLanguage\":\"lv-LV\",\"@id\":\"https:\/\/kabinam.lt\/#\/schema\/logo\/image\/\",\"url\":\"https:\/\/kabinam.lt\/wp-content\/uploads\/2025\/05\/KABINAM_outer_glow.png\",\"contentUrl\":\"https:\/\/kabinam.lt\/wp-content\/uploads\/2025\/05\/KABINAM_outer_glow.png\",\"width\":474,\"height\":141,\"caption\":\"kabinam.lt\"},\"image\":{\"@id\":\"https:\/\/kabinam.lt\/#\/schema\/logo\/image\/\"}}]}<\/script>\n<!-- \/ Yoast SEO plugin. -->","yoast_head_json":{"title":"N\u0113, tas nav vi\u0146a velosip\u0113ds - kabinam.lt","description":"Atsl\u0113gu piekari\u0146\u0161 \"NO IT'S NOT HIS BIKE\" - melna materi\u0101la aksesu\u0101rs ar iz\u0161\u016btu tekstu balt\u0101, sarkan\u0101 un roz\u0101 kr\u0101s\u0101. M\u016bsdien\u012bga un ori\u0123in\u0101la izv\u0113le j\u016bsu atsl\u0113g\u0101m!","robots":{"index":"index","follow":"follow","max-snippet":"max-snippet:-1","max-image-preview":"max-image-preview:large","max-video-preview":"max-video-preview:-1"},"canonical":"https:\/\/kabinam.lt\/lv\/produkts\/atslegas-pults-ne-tas-nav-vina-velosipeds\/","og_locale":"lv_LV","og_type":"article","og_title":"No it's not his bike - kabinam.lt","og_description":"Rakt\u0173 pakabukas \"NO IT'S NOT HIS BIKE\" \u2013 juodos med\u017eiagos aksesuaras su i\u0161siuv\u0117tu tekstu baltomis, raudonomis ir ro\u017ein\u0117mis si\u016bl\u0117mis. Modernus ir originalus pasirinkimas j\u016bs\u0173 raktams!","og_url":"https:\/\/kabinam.lt\/lv\/produkts\/atslegas-pults-ne-tas-nav-vina-velosipeds\/","og_site_name":"kabinam.lt","article_modified_time":"2026-01-03T16:49:56+00:00","og_image":[{"width":800,"height":800,"url":"https:\/\/kabinam.lt\/wp-content\/uploads\/2024\/08\/e1083105-176e-4f38-bdea-a81b96adbb37.jpg","type":"image\/jpeg"}],"twitter_card":"summary_large_image","twitter_misc":{"Est. reading time":"3 min\u016btes"},"schema":{"@context":"https:\/\/schema.org","@graph":[{"@type":["WebPage","ItemPage"],"@id":"https:\/\/kabinam.lt\/eng\/product\/key-fob-no-its-not-his-bike\/","url":"https:\/\/kabinam.lt\/eng\/product\/key-fob-no-its-not-his-bike\/","name":"N\u0113, tas nav vi\u0146a velosip\u0113ds - kabinam.lt","isPartOf":{"@id":"https:\/\/kabinam.lt\/#website"},"primaryImageOfPage":{"@id":"https:\/\/kabinam.lt\/eng\/product\/key-fob-no-its-not-his-bike\/#primaryimage"},"image":{"@id":"https:\/\/kabinam.lt\/eng\/product\/key-fob-no-its-not-his-bike\/#primaryimage"},"thumbnailUrl":"https:\/\/kabinam.lt\/wp-content\/uploads\/2024\/08\/e1083105-176e-4f38-bdea-a81b96adbb37.jpg","datePublished":"2024-08-18T07:39:36+00:00","dateModified":"2026-01-03T16:49:56+00:00","description":"Atsl\u0113gu piekari\u0146\u0161 \"NO IT'S NOT HIS BIKE\" - melna materi\u0101la aksesu\u0101rs ar iz\u0161\u016btu tekstu balt\u0101, sarkan\u0101 un roz\u0101 kr\u0101s\u0101. M\u016bsdien\u012bga un ori\u0123in\u0101la izv\u0113le j\u016bsu atsl\u0113g\u0101m!","breadcrumb":{"@id":"https:\/\/kabinam.lt\/eng\/product\/key-fob-no-its-not-his-bike\/#breadcrumb"},"inLanguage":"lv-LV","potentialAction":[{"@type":"ReadAction","target":["https:\/\/kabinam.lt\/eng\/product\/key-fob-no-its-not-his-bike\/"]}]},{"@type":"ImageObject","inLanguage":"lv-LV","@id":"https:\/\/kabinam.lt\/eng\/product\/key-fob-no-its-not-his-bike\/#primaryimage","url":"https:\/\/kabinam.lt\/wp-content\/uploads\/2024\/08\/e1083105-176e-4f38-bdea-a81b96adbb37.jpg","contentUrl":"https:\/\/kabinam.lt\/wp-content\/uploads\/2024\/08\/e1083105-176e-4f38-bdea-a81b96adbb37.jpg","width":800,"height":800,"caption":"Rakt\u0173 pakabukas \"NO IT'S NOT HIS BIKE\""},{"@type":"BreadcrumbList","@id":"https:\/\/kabinam.lt\/eng\/product\/key-fob-no-its-not-his-bike\/#breadcrumb","itemListElement":[{"@type":"ListItem","position":1,"name":"Home","item":"https:\/\/kabinam.lt\/"},{"@type":"ListItem","position":2,"name":"Visi Produktai","item":"https:\/\/kabinam.lt\/visi-produktai\/"},{"@type":"ListItem","position":3,"name":"No it&#8217;s not his bike"}]},{"@type":"WebSite","@id":"https:\/\/kabinam.lt\/#website","url":"https:\/\/kabinam.lt\/","name":"kabinam.lt","description":"Kabinam.lt - atsl\u0113gu piekari\u0146i un aksesu\u0101ri","publisher":{"@id":"https:\/\/kabinam.lt\/#organization"},"alternateName":"pakabukai lt","potentialAction":[{"@type":"SearchAction","target":{"@type":"EntryPoint","urlTemplate":"https:\/\/kabinam.lt\/?s={search_term_string}"},"query-input":{"@type":"PropertyValueSpecification","valueRequired":true,"valueName":"search_term_string"}}],"inLanguage":"lv-LV"},{"@type":"Organization","@id":"https:\/\/kabinam.lt\/#organization","name":"kabinam.lt","alternateName":"kabinam","url":"https:\/\/kabinam.lt\/","logo":{"@type":"ImageObject","inLanguage":"lv-LV","@id":"https:\/\/kabinam.lt\/#\/schema\/logo\/image\/","url":"https:\/\/kabinam.lt\/wp-content\/uploads\/2025\/05\/KABINAM_outer_glow.png","contentUrl":"https:\/\/kabinam.lt\/wp-content\/uploads\/2025\/05\/KABINAM_outer_glow.png","width":474,"height":141,"caption":"kabinam.lt"},"image":{"@id":"https:\/\/kabinam.lt\/#\/schema\/logo\/image\/"}}]}},"uagb_featured_image_src":{"full":["https:\/\/kabinam.lt\/wp-content\/uploads\/2024\/08\/e1083105-176e-4f38-bdea-a81b96adbb37.jpg",800,800,false],"thumbnail":["https:\/\/kabinam.lt\/wp-content\/uploads\/2024\/08\/e1083105-176e-4f38-bdea-a81b96adbb37-150x150.jpg",150,150,true],"medium":["https:\/\/kabinam.lt\/wp-content\/uploads\/2024\/08\/e1083105-176e-4f38-bdea-a81b96adbb37-300x300.jpg",300,300,true],"medium_large":["https:\/\/kabinam.lt\/wp-content\/uploads\/2024\/08\/e1083105-176e-4f38-bdea-a81b96adbb37-768x768.jpg",768,768,true],"large":["https:\/\/kabinam.lt\/wp-content\/uploads\/2024\/08\/e1083105-176e-4f38-bdea-a81b96adbb37.jpg",800,800,false],"1536x1536":["https:\/\/kabinam.lt\/wp-content\/uploads\/2024\/08\/e1083105-176e-4f38-bdea-a81b96adbb37.jpg",800,800,false],"2048x2048":["https:\/\/kabinam.lt\/wp-content\/uploads\/2024\/08\/e1083105-176e-4f38-bdea-a81b96adbb37.jpg",800,800,false],"trp-custom-language-flag":["https:\/\/kabinam.lt\/wp-content\/uploads\/2024\/08\/e1083105-176e-4f38-bdea-a81b96adbb37.jpg",12,12,false],"woocommerce_thumbnail":["https:\/\/kabinam.lt\/wp-content\/uploads\/2024\/08\/e1083105-176e-4f38-bdea-a81b96adbb37-300x300.jpg",300,300,true],"woocommerce_single":["https:\/\/kabinam.lt\/wp-content\/uploads\/2024\/08\/e1083105-176e-4f38-bdea-a81b96adbb37-600x600.jpg",600,600,true],"woocommerce_gallery_thumbnail":["https:\/\/kabinam.lt\/wp-content\/uploads\/2024\/08\/e1083105-176e-4f38-bdea-a81b96adbb37-100x100.jpg",100,100,true]},"uagb_author_info":{"display_name":"kabinam.lt","author_link":"https:\/\/kabinam.lt\/lv\/author\/"},"uagb_comment_info":0,"uagb_excerpt":"Juodos med\u017eiagos rakt\u0173 pakabukas \"NO IT'S NOT HIS BIKE\" \u2013 originalus, modernus ir patvarus aksesuaras j\u016bs\u0173 raktams.","_links":{"self":[{"href":"https:\/\/kabinam.lt\/lv\/wp-json\/wp\/v2\/product\/2835","targetHints":{"allow":["GET"]}}],"collection":[{"href":"https:\/\/kabinam.lt\/lv\/wp-json\/wp\/v2\/product"}],"about":[{"href":"https:\/\/kabinam.lt\/lv\/wp-json\/wp\/v2\/types\/product"}],"replies":[{"embeddable":true,"href":"https:\/\/kabinam.lt\/lv\/wp-json\/wp\/v2\/comments?post=2835"}],"wp:featuredmedia":[{"embeddable":true,"href":"https:\/\/kabinam.lt\/lv\/wp-json\/wp\/v2\/media\/2836"}],"wp:attachment":[{"href":"https:\/\/kabinam.lt\/lv\/wp-json\/wp\/v2\/media?parent=2835"}],"wp:term":[{"taxonomy":"product_brand","embeddable":true,"href":"https:\/\/kabinam.lt\/lv\/wp-json\/wp\/v2\/product_brand?post=2835"},{"taxonomy":"product_cat","embeddable":true,"href":"https:\/\/kabinam.lt\/lv\/wp-json\/wp\/v2\/product_cat?post=2835"},{"taxonomy":"product_tag","embeddable":true,"href":"https:\/\/kabinam.lt\/lv\/wp-json\/wp\/v2\/product_tag?post=2835"}],"curies":[{"name":"wp","href":"https:\/\/api.w.org\/{rel}","templated":true}]}}