{"id":2824,"date":"2024-08-18T10:22:25","date_gmt":"2024-08-18T07:22:25","guid":{"rendered":"https:\/\/kabinam.lt\/?post_type=product&#038;p=2824"},"modified":"2026-01-03T18:49:56","modified_gmt":"2026-01-03T16:49:56","slug":"raktu-pakabukas-back-body-hurts","status":"publish","type":"product","link":"https:\/\/kabinam.lt\/lv\/product\/raktu-pakabukas-back-body-hurts\/","title":{"rendered":"S\u0101p muguras&amp;\u0137erme\u0146a s\u0101pes - Motociklu atsl\u0113gas"},"content":{"rendered":"<div class=\"kk-star-ratings kksr-auto kksr-align-left kksr-valign-top\"\n    data-payload='{&quot;align&quot;:&quot;left&quot;,&quot;id&quot;:&quot;2824&quot;,&quot;slug&quot;:&quot;default&quot;,&quot;valign&quot;:&quot;top&quot;,&quot;ignore&quot;:&quot;&quot;,&quot;reference&quot;:&quot;auto&quot;,&quot;class&quot;:&quot;&quot;,&quot;count&quot;:&quot;0&quot;,&quot;legendonly&quot;:&quot;&quot;,&quot;readonly&quot;:&quot;&quot;,&quot;score&quot;:&quot;0&quot;,&quot;starsonly&quot;:&quot;&quot;,&quot;best&quot;:&quot;5&quot;,&quot;gap&quot;:&quot;5&quot;,&quot;greet&quot;:&quot;Mums svarbus j\u016bs\u0173 \u012fvertinimas&quot;,&quot;legend&quot;:&quot;0\\\/5 - (0 votes)&quot;,&quot;size&quot;:&quot;24&quot;,&quot;title&quot;:&quot;Back\\u0026amp;Body Hurts \u2013 Motociklo Raktams&quot;,&quot;width&quot;:&quot;0&quot;,&quot;_legend&quot;:&quot;{score}\\\/{best} - ({count} {votes})&quot;,&quot;font_factor&quot;:&quot;1.25&quot;}'>\n            \n<div class=\"kksr-stars\">\n    \n<div class=\"kksr-stars-inactive\">\n            <div class=\"kksr-star\" data-star=\"1\" style=\"padding-right: 5px\">\n            \n\n<div class=\"kksr-icon\" style=\"width: 24px; height: 24px;\"><\/div>\n        <\/div>\n            <div class=\"kksr-star\" data-star=\"2\" style=\"padding-right: 5px\">\n            \n\n<div class=\"kksr-icon\" style=\"width: 24px; height: 24px;\"><\/div>\n        <\/div>\n            <div class=\"kksr-star\" data-star=\"3\" style=\"padding-right: 5px\">\n            \n\n<div class=\"kksr-icon\" style=\"width: 24px; height: 24px;\"><\/div>\n        <\/div>\n            <div class=\"kksr-star\" data-star=\"4\" style=\"padding-right: 5px\">\n            \n\n<div class=\"kksr-icon\" style=\"width: 24px; height: 24px;\"><\/div>\n        <\/div>\n            <div class=\"kksr-star\" data-star=\"5\" style=\"padding-right: 5px\">\n            \n\n<div class=\"kksr-icon\" style=\"width: 24px; height: 24px;\"><\/div>\n        <\/div>\n    <\/div>\n    \n<div class=\"kksr-stars-active\" style=\"width: 0px;\">\n            <div class=\"kksr-star\" style=\"padding-right: 5px\">\n            \n\n<div class=\"kksr-icon\" style=\"width: 24px; height: 24px;\"><\/div>\n        <\/div>\n            <div class=\"kksr-star\" style=\"padding-right: 5px\">\n            \n\n<div class=\"kksr-icon\" style=\"width: 24px; height: 24px;\"><\/div>\n        <\/div>\n            <div class=\"kksr-star\" style=\"padding-right: 5px\">\n            \n\n<div class=\"kksr-icon\" style=\"width: 24px; height: 24px;\"><\/div>\n        <\/div>\n            <div class=\"kksr-star\" style=\"padding-right: 5px\">\n            \n\n<div class=\"kksr-icon\" style=\"width: 24px; height: 24px;\"><\/div>\n        <\/div>\n            <div class=\"kksr-star\" style=\"padding-right: 5px\">\n            \n\n<div class=\"kksr-icon\" style=\"width: 24px; height: 24px;\"><\/div>\n        <\/div>\n    <\/div>\n<\/div>\n                \n\n<div class=\"kksr-legend\" style=\"font-size: 19.2px;\">\n            <span class=\"kksr-muted\">Mums ir svar\u012bgs j\u016bsu nov\u0113rt\u0113jums<\/span>\n    <\/div>\n    <\/div>\n<h4 data-start=\"82\" data-end=\"106\"><strong data-start=\"87\" data-end=\"104\">Par produktu<\/strong><\/h4>\n<p data-start=\"107\" data-end=\"922\">Rakt\u0173 pakabukas Back&amp;Body Hurts yra unikalus aksesuaras, sukurtas tiems, kurie nori pabr\u0117\u017eti savo asmenin\u012f stili\u0173 ir aistr\u0105 automobili\u0173 bei motocikl\u0173 kult\u016brai. \u0160is produktas pagamintas i\u0161 auk\u0161tos kokyb\u0117s med\u017eiag\u0173, kurios u\u017etikrina ilgaam\u017ei\u0161kum\u0105 ir atsparum\u0105 kasdieniam naudojimui. Pagrindin\u0117 pakabuko i\u0161vaizda \u2013 tai i\u0161siuv\u0117tas u\u017era\u0161as \u201eBack&amp;Body Hurts\u201c, kuris akcentuoja ne tik humoro, bet ir dr\u0105sos jausm\u0105. M\u0117lynos ir baltos \u0161achmatin\u0117s juostel\u0117s kartu su ry\u0161kia ro\u017eine etiket\u0117 suteikia \u0161iam aksesuarui \u017eaisming\u0105 ir modern\u0173 \u012fvaizd\u012f. Rakt\u0173 pakabukas Back&amp;Body Hurts puikiai tinka motociklo, automobili\u0173 ar net nam\u0173 raktams, o jo dizainas i\u0161siskiria originalumu bei patrauklumu. Jei norite su\u017einoti daugiau apie k\u016brybi\u0161kus dizaino sprendimus, apsilankykite <a target=\"_new\" rel=\"noopener\" data-start=\"863\" data-end=\"921\">\u0100r\u0113jais resurss<\/a>.<\/p>\n<h4 data-start=\"924\" data-end=\"963\"><strong data-start=\"929\" data-end=\"961\">Funkcionalit\u0101te un Lieto\u0161ana<\/strong><\/h4>\n<p data-start=\"964\" data-end=\"1617\">\u0160is rakt\u0173 pakabukas yra sukurtas i\u0161laikyti j\u016bs\u0173 raktus saugiai ir tvarkingai. Tvirtas metalinis \u017eiedelis ir integruotas karabinas u\u017etikrina, kad pakabukas Back&amp;Body Hurts bus lengvai pritvirtintas prie rakt\u0173 rinkinio, kuprin\u0117s ar dir\u017eo. Jo universalus dydis leid\u017eia j\u012f naudoti su \u012fvairi\u0173 tip\u0173 raktais. Naudojimas yra intuityvus ir patogus, tod\u0117l net intensyvaus kasdienio naudojimo metu raktai visada liks saug\u016bs. Produktas yra lengvas, bet labai patvarus, tod\u0117l jis tinka tiek ilgam laikui, tiek da\u017enai kei\u010diamam kasdieniam naudojimui. I\u0161samiau apie m\u016bs\u0173 aksesuar\u0173 asortiment\u0105 galite su\u017einoti <a href=\"https:\/\/www.example.com\/products\" target=\"_new\" rel=\"noopener\" data-start=\"1558\" data-end=\"1616\">M\u016bsu produktu katalog\u0101<\/a>.<\/p>\n<h4 data-start=\"1619\" data-end=\"1648\"><strong data-start=\"1624\" data-end=\"1646\">Dizains un Kvalit\u0101te<\/strong><\/h4>\n<p data-start=\"1649\" data-end=\"2288\">Dizainas yra kruop\u0161\u010diai apgalvotas, kad atitikt\u0173 \u0161iuolaikini\u0173 automobili\u0173 ir motocikl\u0173 entuziast\u0173 l\u016bkes\u010dius. Rakt\u0173 pakabukas Back&amp;Body Hurts pasi\u017eymi moderniu ir dr\u0105siu dizainu, kurio pagrind\u0105 sudaro ai\u0161kiai i\u0161siuv\u0117tas u\u017era\u0161as, papildytas kontrastingomis m\u0117lynomis ir baltomis \u0161achmatin\u0117mis juostel\u0117mis. Ry\u0161ki ro\u017ein\u0117 etiket\u0117 prideda aksesuarui \u017eaismingumo ir i\u0161skirtinumo. Med\u017eiaga, i\u0161 kurios pagamintas pakabukas, yra auk\u0161tos kokyb\u0117s ir u\u017etikrina, kad produktas i\u0161liks naujas ir gra\u017eus net po ilgalaikio naudojimo. Tvirtas karabinas ir metalinis \u017eiedelis garantuoja patikim\u0105 tvirtinim\u0105, o detali apdaila \u2013 tiksl\u0173 ir profesional\u0173 i\u0161vaizd\u0105.<\/p>\n<h4 data-start=\"2290\" data-end=\"2321\"><strong data-start=\"2295\" data-end=\"2319\">K\u0101p\u0113c izv\u0113l\u0113ties?<\/strong><\/h4>\n<p data-start=\"2322\" data-end=\"2974\">Investavimas \u012f rakt\u0173 pakabuk\u0105 Back&amp;Body Hurts yra i\u0161mintingas sprendimas tiems, kurie vertina unikalum\u0105 ir funkcionalum\u0105. \u0160is produktas ne tik saugo j\u016bs\u0173 raktus, bet ir tampa i\u0161skirtiniu stiliaus akcentu. Jo originalus dizainas su i\u0161siuv\u0117tu u\u017era\u0161u, \u0161achmatin\u0117mis juostel\u0117mis ir ry\u0161kiomis ro\u017ein\u0117mis detal\u0117mis padeda i\u0161siskirti i\u0161 minios. Rakt\u0173 pakabukas Back&amp;Body Hurts yra patikimas, tvirtas ir lengvas \u2013 idealus pasirinkimas tiek asmeniniam naudojimui, tiek dovanojimui automobili\u0173 bei motocikl\u0173 entuziastams. Pasirink\u0119 \u0161\u012f produkt\u0105, j\u016bs investuojate \u012f kokyb\u0119, inovatyv\u0173 dizain\u0105 ir originalum\u0105, kurie prisid\u0117s prie j\u016bs\u0173 kasdienio stiliaus atnaujinimo.<\/p>","protected":false},"excerpt":{"rendered":"<p>Rakt\u0173 pakabukas Back&amp;Body Hurts \u2013 juodos med\u017eiagos aksesuaras su i\u0161siuv\u0117tu u\u017era\u0161u ir \u0161achmatin\u0117mis juostel\u0117mis, suteikiantis j\u016bs\u0173 raktams i\u0161skirtinumo.<\/p>","protected":false},"featured_media":2825,"comment_status":"closed","ping_status":"closed","template":"","meta":{"_uag_custom_page_level_css":"","site-sidebar-layout":"default","site-content-layout":"","ast-site-content-layout":"default","site-content-style":"default","site-sidebar-style":"default","ast-global-header-display":"","ast-banner-title-visibility":"","ast-main-header-display":"","ast-hfb-above-header-display":"","ast-hfb-below-header-display":"","ast-hfb-mobile-header-display":"","site-post-title":"","ast-breadcrumbs-content":"","ast-featured-img":"","footer-sml-layout":"","ast-disable-related-posts":"","theme-transparent-header-meta":"default","adv-header-id-meta":"","stick-header-meta":"","header-above-stick-meta":"","header-main-stick-meta":"","header-below-stick-meta":"","astra-migrate-meta-layouts":"set","ast-page-background-enabled":"default","ast-page-background-meta":{"desktop":{"background-color":"var(--ast-global-color-4)","background-image":"","background-repeat":"repeat","background-position":"center center","background-size":"auto","background-attachment":"scroll","background-type":"","background-media":"","overlay-type":"","overlay-color":"","overlay-opacity":"","overlay-gradient":""},"tablet":{"background-color":"","background-image":"","background-repeat":"repeat","background-position":"center center","background-size":"auto","background-attachment":"scroll","background-type":"","background-media":"","overlay-type":"","overlay-color":"","overlay-opacity":"","overlay-gradient":""},"mobile":{"background-color":"","background-image":"","background-repeat":"repeat","background-position":"center center","background-size":"auto","background-attachment":"scroll","background-type":"","background-media":"","overlay-type":"","overlay-color":"","overlay-opacity":"","overlay-gradient":""}},"ast-content-background-meta":{"desktop":{"background-color":"var(--ast-global-color-5)","background-image":"","background-repeat":"repeat","background-position":"center center","background-size":"auto","background-attachment":"scroll","background-type":"","background-media":"","overlay-type":"","overlay-color":"","overlay-opacity":"","overlay-gradient":""},"tablet":{"background-color":"var(--ast-global-color-5)","background-image":"","background-repeat":"repeat","background-position":"center center","background-size":"auto","background-attachment":"scroll","background-type":"","background-media":"","overlay-type":"","overlay-color":"","overlay-opacity":"","overlay-gradient":""},"mobile":{"background-color":"var(--ast-global-color-5)","background-image":"","background-repeat":"repeat","background-position":"center center","background-size":"auto","background-attachment":"scroll","background-type":"","background-media":"","overlay-type":"","overlay-color":"","overlay-opacity":"","overlay-gradient":""}}},"product_brand":[],"product_cat":[126,91],"product_tag":[],"class_list":{"0":"post-2824","1":"product","2":"type-product","3":"status-publish","4":"has-post-thumbnail","6":"product_cat-visi","7":"product_cat-motociklo-raktu-pakabukai","8":"desktop-align-center","9":"tablet-align-left","10":"mobile-align-left","12":"first","13":"outofstock","14":"shipping-taxable","15":"purchasable","16":"product-type-simple"},"yoast_head":"<!-- This site is optimized with the Yoast SEO plugin v27.1.1 - https:\/\/yoast.com\/product\/yoast-seo-wordpress\/ -->\n<title>Back&amp;Body Hurts \u2013 Motociklo Raktams - kabinam.lt<\/title>\n<meta name=\"description\" content=\"Rakt\u0173 pakabukas Back&amp;Body Hurts \u2013 originalus med\u017eiaginis aksesuaras su i\u0161siuv\u0117tu u\u017era\u0161u ir kontrastingomis juostel\u0117mis. Tvirtas ir stilingas pasirinkimas!\" \/>\n<meta name=\"robots\" content=\"index, follow, max-snippet:-1, max-image-preview:large, max-video-preview:-1\" \/>\n<link rel=\"canonical\" href=\"https:\/\/kabinam.lt\/lv\/produkts\/raktu-pakabukas-back-body-hurts\/\" \/>\n<meta property=\"og:locale\" content=\"lv_LV\" \/>\n<meta property=\"og:type\" content=\"article\" \/>\n<meta property=\"og:title\" content=\"Back&amp;Body Hurts \u2013 Motociklo Raktams - kabinam.lt\" \/>\n<meta property=\"og:description\" content=\"Rakt\u0173 pakabukas Back&amp;Body Hurts \u2013 originalus med\u017eiaginis aksesuaras su i\u0161siuv\u0117tu u\u017era\u0161u ir kontrastingomis juostel\u0117mis. Tvirtas ir stilingas pasirinkimas!\" \/>\n<meta property=\"og:url\" content=\"https:\/\/kabinam.lt\/lv\/produkts\/raktu-pakabukas-back-body-hurts\/\" \/>\n<meta property=\"og:site_name\" content=\"kabinam.lt\" \/>\n<meta property=\"article:modified_time\" content=\"2026-01-03T16:49:56+00:00\" \/>\n<meta property=\"og:image\" content=\"https:\/\/kabinam.lt\/wp-content\/uploads\/2024\/08\/1711704775071-0032afbf8e1c4b54933c20ecaa054741-goods.jpeg\" \/>\n\t<meta property=\"og:image:width\" content=\"1200\" \/>\n\t<meta property=\"og:image:height\" content=\"1200\" \/>\n\t<meta property=\"og:image:type\" content=\"image\/jpeg\" \/>\n<meta name=\"twitter:card\" content=\"summary_large_image\" \/>\n<meta name=\"twitter:label1\" content=\"Est. reading time\" \/>\n\t<meta name=\"twitter:data1\" content=\"3 min\u016btes\" \/>\n<script type=\"application\/ld+json\" class=\"yoast-schema-graph\">{\"@context\":\"https:\/\/schema.org\",\"@graph\":[{\"@type\":[\"WebPage\",\"ItemPage\"],\"@id\":\"https:\/\/kabinam.lt\/eng\/product\/key-pendant-back-body-hurts\/\",\"url\":\"https:\/\/kabinam.lt\/eng\/product\/key-pendant-back-body-hurts\/\",\"name\":\"Back&Body Hurts \u2013 Motociklo Raktams - kabinam.lt\",\"isPartOf\":{\"@id\":\"https:\/\/kabinam.lt\/#website\"},\"primaryImageOfPage\":{\"@id\":\"https:\/\/kabinam.lt\/eng\/product\/key-pendant-back-body-hurts\/#primaryimage\"},\"image\":{\"@id\":\"https:\/\/kabinam.lt\/eng\/product\/key-pendant-back-body-hurts\/#primaryimage\"},\"thumbnailUrl\":\"https:\/\/kabinam.lt\/wp-content\/uploads\/2024\/08\/1711704775071-0032afbf8e1c4b54933c20ecaa054741-goods.jpeg\",\"datePublished\":\"2024-08-18T07:22:25+00:00\",\"dateModified\":\"2026-01-03T16:49:56+00:00\",\"description\":\"Rakt\u0173 pakabukas Back&Body Hurts \u2013 originalus med\u017eiaginis aksesuaras su i\u0161siuv\u0117tu u\u017era\u0161u ir kontrastingomis juostel\u0117mis. Tvirtas ir stilingas pasirinkimas!\",\"breadcrumb\":{\"@id\":\"https:\/\/kabinam.lt\/eng\/product\/key-pendant-back-body-hurts\/#breadcrumb\"},\"inLanguage\":\"lv-LV\",\"potentialAction\":[{\"@type\":\"ReadAction\",\"target\":[\"https:\/\/kabinam.lt\/eng\/product\/key-pendant-back-body-hurts\/\"]}]},{\"@type\":\"ImageObject\",\"inLanguage\":\"lv-LV\",\"@id\":\"https:\/\/kabinam.lt\/eng\/product\/key-pendant-back-body-hurts\/#primaryimage\",\"url\":\"https:\/\/kabinam.lt\/wp-content\/uploads\/2024\/08\/1711704775071-0032afbf8e1c4b54933c20ecaa054741-goods.jpeg\",\"contentUrl\":\"https:\/\/kabinam.lt\/wp-content\/uploads\/2024\/08\/1711704775071-0032afbf8e1c4b54933c20ecaa054741-goods.jpeg\",\"width\":1200,\"height\":1200,\"caption\":\"Rakt\u0173 pakabukas Back&Body Hurts \u2013 Stilingas aksesuaras motociklo raktams.\"},{\"@type\":\"BreadcrumbList\",\"@id\":\"https:\/\/kabinam.lt\/eng\/product\/key-pendant-back-body-hurts\/#breadcrumb\",\"itemListElement\":[{\"@type\":\"ListItem\",\"position\":1,\"name\":\"Home\",\"item\":\"https:\/\/kabinam.lt\/\"},{\"@type\":\"ListItem\",\"position\":2,\"name\":\"Visi Produktai\",\"item\":\"https:\/\/kabinam.lt\/visi-produktai\/\"},{\"@type\":\"ListItem\",\"position\":3,\"name\":\"Back&#038;Body Hurts \u2013 Motociklo Raktams\"}]},{\"@type\":\"WebSite\",\"@id\":\"https:\/\/kabinam.lt\/#website\",\"url\":\"https:\/\/kabinam.lt\/\",\"name\":\"kabinam.lt\",\"description\":\"Kabinam.lt \u2013 raktu pakabukai ir aksesuarai\",\"publisher\":{\"@id\":\"https:\/\/kabinam.lt\/#organization\"},\"alternateName\":\"pakabukai lt\",\"potentialAction\":[{\"@type\":\"SearchAction\",\"target\":{\"@type\":\"EntryPoint\",\"urlTemplate\":\"https:\/\/kabinam.lt\/?s={search_term_string}\"},\"query-input\":{\"@type\":\"PropertyValueSpecification\",\"valueRequired\":true,\"valueName\":\"search_term_string\"}}],\"inLanguage\":\"lv-LV\"},{\"@type\":\"Organization\",\"@id\":\"https:\/\/kabinam.lt\/#organization\",\"name\":\"kabinam.lt\",\"alternateName\":\"kabinam\",\"url\":\"https:\/\/kabinam.lt\/\",\"logo\":{\"@type\":\"ImageObject\",\"inLanguage\":\"lv-LV\",\"@id\":\"https:\/\/kabinam.lt\/#\/schema\/logo\/image\/\",\"url\":\"https:\/\/kabinam.lt\/wp-content\/uploads\/2025\/05\/KABINAM_outer_glow.png\",\"contentUrl\":\"https:\/\/kabinam.lt\/wp-content\/uploads\/2025\/05\/KABINAM_outer_glow.png\",\"width\":474,\"height\":141,\"caption\":\"kabinam.lt\"},\"image\":{\"@id\":\"https:\/\/kabinam.lt\/#\/schema\/logo\/image\/\"}}]}<\/script>\n<!-- \/ Yoast SEO plugin. -->","yoast_head_json":{"title":"Back&amp;Body Hurts \u2013 Motociklo Raktams - kabinam.lt","description":"Rakt\u0173 pakabukas Back&amp;Body Hurts \u2013 originalus med\u017eiaginis aksesuaras su i\u0161siuv\u0117tu u\u017era\u0161u ir kontrastingomis juostel\u0117mis. Tvirtas ir stilingas pasirinkimas!","robots":{"index":"index","follow":"follow","max-snippet":"max-snippet:-1","max-image-preview":"max-image-preview:large","max-video-preview":"max-video-preview:-1"},"canonical":"https:\/\/kabinam.lt\/lv\/produkts\/raktu-pakabukas-back-body-hurts\/","og_locale":"lv_LV","og_type":"article","og_title":"Back&Body Hurts \u2013 Motociklo Raktams - kabinam.lt","og_description":"Rakt\u0173 pakabukas Back&Body Hurts \u2013 originalus med\u017eiaginis aksesuaras su i\u0161siuv\u0117tu u\u017era\u0161u ir kontrastingomis juostel\u0117mis. Tvirtas ir stilingas pasirinkimas!","og_url":"https:\/\/kabinam.lt\/lv\/produkts\/raktu-pakabukas-back-body-hurts\/","og_site_name":"kabinam.lt","article_modified_time":"2026-01-03T16:49:56+00:00","og_image":[{"width":1200,"height":1200,"url":"https:\/\/kabinam.lt\/wp-content\/uploads\/2024\/08\/1711704775071-0032afbf8e1c4b54933c20ecaa054741-goods.jpeg","type":"image\/jpeg"}],"twitter_card":"summary_large_image","twitter_misc":{"Est. reading time":"3 min\u016btes"},"schema":{"@context":"https:\/\/schema.org","@graph":[{"@type":["WebPage","ItemPage"],"@id":"https:\/\/kabinam.lt\/eng\/product\/key-pendant-back-body-hurts\/","url":"https:\/\/kabinam.lt\/eng\/product\/key-pendant-back-body-hurts\/","name":"Back&amp;Body Hurts \u2013 Motociklo Raktams - kabinam.lt","isPartOf":{"@id":"https:\/\/kabinam.lt\/#website"},"primaryImageOfPage":{"@id":"https:\/\/kabinam.lt\/eng\/product\/key-pendant-back-body-hurts\/#primaryimage"},"image":{"@id":"https:\/\/kabinam.lt\/eng\/product\/key-pendant-back-body-hurts\/#primaryimage"},"thumbnailUrl":"https:\/\/kabinam.lt\/wp-content\/uploads\/2024\/08\/1711704775071-0032afbf8e1c4b54933c20ecaa054741-goods.jpeg","datePublished":"2024-08-18T07:22:25+00:00","dateModified":"2026-01-03T16:49:56+00:00","description":"Rakt\u0173 pakabukas Back&amp;Body Hurts \u2013 originalus med\u017eiaginis aksesuaras su i\u0161siuv\u0117tu u\u017era\u0161u ir kontrastingomis juostel\u0117mis. Tvirtas ir stilingas pasirinkimas!","breadcrumb":{"@id":"https:\/\/kabinam.lt\/eng\/product\/key-pendant-back-body-hurts\/#breadcrumb"},"inLanguage":"lv-LV","potentialAction":[{"@type":"ReadAction","target":["https:\/\/kabinam.lt\/eng\/product\/key-pendant-back-body-hurts\/"]}]},{"@type":"ImageObject","inLanguage":"lv-LV","@id":"https:\/\/kabinam.lt\/eng\/product\/key-pendant-back-body-hurts\/#primaryimage","url":"https:\/\/kabinam.lt\/wp-content\/uploads\/2024\/08\/1711704775071-0032afbf8e1c4b54933c20ecaa054741-goods.jpeg","contentUrl":"https:\/\/kabinam.lt\/wp-content\/uploads\/2024\/08\/1711704775071-0032afbf8e1c4b54933c20ecaa054741-goods.jpeg","width":1200,"height":1200,"caption":"Rakt\u0173 pakabukas Back&Body Hurts \u2013 Stilingas aksesuaras motociklo raktams."},{"@type":"BreadcrumbList","@id":"https:\/\/kabinam.lt\/eng\/product\/key-pendant-back-body-hurts\/#breadcrumb","itemListElement":[{"@type":"ListItem","position":1,"name":"Home","item":"https:\/\/kabinam.lt\/"},{"@type":"ListItem","position":2,"name":"Visi Produktai","item":"https:\/\/kabinam.lt\/visi-produktai\/"},{"@type":"ListItem","position":3,"name":"Back&#038;Body Hurts \u2013 Motociklo Raktams"}]},{"@type":"WebSite","@id":"https:\/\/kabinam.lt\/#website","url":"https:\/\/kabinam.lt\/","name":"kabinam.lt","description":"Kabinam.lt - atsl\u0113gu piekari\u0146i un aksesu\u0101ri","publisher":{"@id":"https:\/\/kabinam.lt\/#organization"},"alternateName":"pakabukai lt","potentialAction":[{"@type":"SearchAction","target":{"@type":"EntryPoint","urlTemplate":"https:\/\/kabinam.lt\/?s={search_term_string}"},"query-input":{"@type":"PropertyValueSpecification","valueRequired":true,"valueName":"search_term_string"}}],"inLanguage":"lv-LV"},{"@type":"Organization","@id":"https:\/\/kabinam.lt\/#organization","name":"kabinam.lt","alternateName":"kabinam","url":"https:\/\/kabinam.lt\/","logo":{"@type":"ImageObject","inLanguage":"lv-LV","@id":"https:\/\/kabinam.lt\/#\/schema\/logo\/image\/","url":"https:\/\/kabinam.lt\/wp-content\/uploads\/2025\/05\/KABINAM_outer_glow.png","contentUrl":"https:\/\/kabinam.lt\/wp-content\/uploads\/2025\/05\/KABINAM_outer_glow.png","width":474,"height":141,"caption":"kabinam.lt"},"image":{"@id":"https:\/\/kabinam.lt\/#\/schema\/logo\/image\/"}}]}},"uagb_featured_image_src":{"full":["https:\/\/kabinam.lt\/wp-content\/uploads\/2024\/08\/1711704775071-0032afbf8e1c4b54933c20ecaa054741-goods.jpeg",1200,1200,false],"thumbnail":["https:\/\/kabinam.lt\/wp-content\/uploads\/2024\/08\/1711704775071-0032afbf8e1c4b54933c20ecaa054741-goods-150x150.jpeg",150,150,true],"medium":["https:\/\/kabinam.lt\/wp-content\/uploads\/2024\/08\/1711704775071-0032afbf8e1c4b54933c20ecaa054741-goods-300x300.jpeg",300,300,true],"medium_large":["https:\/\/kabinam.lt\/wp-content\/uploads\/2024\/08\/1711704775071-0032afbf8e1c4b54933c20ecaa054741-goods-768x768.jpeg",768,768,true],"large":["https:\/\/kabinam.lt\/wp-content\/uploads\/2024\/08\/1711704775071-0032afbf8e1c4b54933c20ecaa054741-goods-1024x1024.jpeg",1024,1024,true],"1536x1536":["https:\/\/kabinam.lt\/wp-content\/uploads\/2024\/08\/1711704775071-0032afbf8e1c4b54933c20ecaa054741-goods.jpeg",1200,1200,false],"2048x2048":["https:\/\/kabinam.lt\/wp-content\/uploads\/2024\/08\/1711704775071-0032afbf8e1c4b54933c20ecaa054741-goods.jpeg",1200,1200,false],"trp-custom-language-flag":["https:\/\/kabinam.lt\/wp-content\/uploads\/2024\/08\/1711704775071-0032afbf8e1c4b54933c20ecaa054741-goods.jpeg",12,12,false],"woocommerce_thumbnail":["https:\/\/kabinam.lt\/wp-content\/uploads\/2024\/08\/1711704775071-0032afbf8e1c4b54933c20ecaa054741-goods-300x300.jpeg",300,300,true],"woocommerce_single":["https:\/\/kabinam.lt\/wp-content\/uploads\/2024\/08\/1711704775071-0032afbf8e1c4b54933c20ecaa054741-goods-600x600.jpeg",600,600,true],"woocommerce_gallery_thumbnail":["https:\/\/kabinam.lt\/wp-content\/uploads\/2024\/08\/1711704775071-0032afbf8e1c4b54933c20ecaa054741-goods-100x100.jpeg",100,100,true]},"uagb_author_info":{"display_name":"kabinam.lt","author_link":"https:\/\/kabinam.lt\/lv\/author\/"},"uagb_comment_info":0,"uagb_excerpt":"Rakt\u0173 pakabukas Back&amp;Body Hurts \u2013 juodos med\u017eiagos aksesuaras su i\u0161siuv\u0117tu u\u017era\u0161u ir \u0161achmatin\u0117mis juostel\u0117mis, suteikiantis j\u016bs\u0173 raktams i\u0161skirtinumo.","_links":{"self":[{"href":"https:\/\/kabinam.lt\/lv\/wp-json\/wp\/v2\/product\/2824","targetHints":{"allow":["GET"]}}],"collection":[{"href":"https:\/\/kabinam.lt\/lv\/wp-json\/wp\/v2\/product"}],"about":[{"href":"https:\/\/kabinam.lt\/lv\/wp-json\/wp\/v2\/types\/product"}],"replies":[{"embeddable":true,"href":"https:\/\/kabinam.lt\/lv\/wp-json\/wp\/v2\/comments?post=2824"}],"wp:featuredmedia":[{"embeddable":true,"href":"https:\/\/kabinam.lt\/lv\/wp-json\/wp\/v2\/media\/2825"}],"wp:attachment":[{"href":"https:\/\/kabinam.lt\/lv\/wp-json\/wp\/v2\/media?parent=2824"}],"wp:term":[{"taxonomy":"product_brand","embeddable":true,"href":"https:\/\/kabinam.lt\/lv\/wp-json\/wp\/v2\/product_brand?post=2824"},{"taxonomy":"product_cat","embeddable":true,"href":"https:\/\/kabinam.lt\/lv\/wp-json\/wp\/v2\/product_cat?post=2824"},{"taxonomy":"product_tag","embeddable":true,"href":"https:\/\/kabinam.lt\/lv\/wp-json\/wp\/v2\/product_tag?post=2824"}],"curies":[{"name":"wp","href":"https:\/\/api.w.org\/{rel}","templated":true}]}}