{"id":2811,"date":"2024-08-18T10:03:12","date_gmt":"2024-08-18T07:03:12","guid":{"rendered":"https:\/\/kabinam.lt\/?post_type=product&#038;p=2811"},"modified":"2026-01-03T18:50:41","modified_gmt":"2026-01-03T16:50:41","slug":"raktu-pakabukas-i-myself-am-anxious-confused","status":"publish","type":"product","link":"https:\/\/kabinam.lt\/lv\/product\/raktu-pakabukas-i-myself-am-anxious-confused\/","title":{"rendered":"Es pats esmu satraukts un apjucis."},"content":{"rendered":"<div class=\"kk-star-ratings kksr-auto kksr-align-left kksr-valign-top\"\n    data-payload='{&quot;align&quot;:&quot;left&quot;,&quot;id&quot;:&quot;2811&quot;,&quot;slug&quot;:&quot;default&quot;,&quot;valign&quot;:&quot;top&quot;,&quot;ignore&quot;:&quot;&quot;,&quot;reference&quot;:&quot;auto&quot;,&quot;class&quot;:&quot;&quot;,&quot;count&quot;:&quot;0&quot;,&quot;legendonly&quot;:&quot;&quot;,&quot;readonly&quot;:&quot;&quot;,&quot;score&quot;:&quot;0&quot;,&quot;starsonly&quot;:&quot;&quot;,&quot;best&quot;:&quot;5&quot;,&quot;gap&quot;:&quot;5&quot;,&quot;greet&quot;:&quot;Mums svarbus j\u016bs\u0173 \u012fvertinimas&quot;,&quot;legend&quot;:&quot;0\\\/5 - (0 votes)&quot;,&quot;size&quot;:&quot;24&quot;,&quot;title&quot;:&quot;I, myself, am anxious and confused&quot;,&quot;width&quot;:&quot;0&quot;,&quot;_legend&quot;:&quot;{score}\\\/{best} - ({count} {votes})&quot;,&quot;font_factor&quot;:&quot;1.25&quot;}'>\n            \n<div class=\"kksr-stars\">\n    \n<div class=\"kksr-stars-inactive\">\n            <div class=\"kksr-star\" data-star=\"1\" style=\"padding-right: 5px\">\n            \n\n<div class=\"kksr-icon\" style=\"width: 24px; height: 24px;\"><\/div>\n        <\/div>\n            <div class=\"kksr-star\" data-star=\"2\" style=\"padding-right: 5px\">\n            \n\n<div class=\"kksr-icon\" style=\"width: 24px; height: 24px;\"><\/div>\n        <\/div>\n            <div class=\"kksr-star\" data-star=\"3\" style=\"padding-right: 5px\">\n            \n\n<div class=\"kksr-icon\" style=\"width: 24px; height: 24px;\"><\/div>\n        <\/div>\n            <div class=\"kksr-star\" data-star=\"4\" style=\"padding-right: 5px\">\n            \n\n<div class=\"kksr-icon\" style=\"width: 24px; height: 24px;\"><\/div>\n        <\/div>\n            <div class=\"kksr-star\" data-star=\"5\" style=\"padding-right: 5px\">\n            \n\n<div class=\"kksr-icon\" style=\"width: 24px; height: 24px;\"><\/div>\n        <\/div>\n    <\/div>\n    \n<div class=\"kksr-stars-active\" style=\"width: 0px;\">\n            <div class=\"kksr-star\" style=\"padding-right: 5px\">\n            \n\n<div class=\"kksr-icon\" style=\"width: 24px; height: 24px;\"><\/div>\n        <\/div>\n            <div class=\"kksr-star\" style=\"padding-right: 5px\">\n            \n\n<div class=\"kksr-icon\" style=\"width: 24px; height: 24px;\"><\/div>\n        <\/div>\n            <div class=\"kksr-star\" style=\"padding-right: 5px\">\n            \n\n<div class=\"kksr-icon\" style=\"width: 24px; height: 24px;\"><\/div>\n        <\/div>\n            <div class=\"kksr-star\" style=\"padding-right: 5px\">\n            \n\n<div class=\"kksr-icon\" style=\"width: 24px; height: 24px;\"><\/div>\n        <\/div>\n            <div class=\"kksr-star\" style=\"padding-right: 5px\">\n            \n\n<div class=\"kksr-icon\" style=\"width: 24px; height: 24px;\"><\/div>\n        <\/div>\n    <\/div>\n<\/div>\n                \n\n<div class=\"kksr-legend\" style=\"font-size: 19.2px;\">\n            <span class=\"kksr-muted\">Mums ir svar\u012bgs j\u016bsu nov\u0113rt\u0113jums<\/span>\n    <\/div>\n    <\/div>\n<h4 data-start=\"89\" data-end=\"113\"><strong data-start=\"94\" data-end=\"111\">Par produktu<\/strong><\/h4>\n<p data-start=\"114\" data-end=\"834\">Rakt\u0173 pakabukas \u201eI, MYSELF, AM ANXIOUS &amp; CONFUSED\u201d yra unikalus med\u017eiaginis aksesuaras, sukurtas tiems, kurie nori i\u0161reik\u0161ti savo jausmus ir parodyti autenti\u0161kum\u0105. Pagamintas i\u0161 auk\u0161tos kokyb\u0117s med\u017eiagos, \u0161is pakabukas pasi\u017eymi \u0161variu baltu fonu, ant kurio i\u0161siuv\u0117tas u\u017era\u0161as juodu rankra\u0161\u010dio stiliumi. U\u017era\u0161as skelbia \u201eI, MYSELF, AM ANXIOUS &amp; CONFUSED\u201d ir perteikia asmenin\u0119 \u017einut\u0119 apie nerim\u0105 bei sumai\u0161t\u012f, primindamas, kad net esant sunkumams, svarbu i\u0161likti savimi. Produktas yra sukurtas ypa\u010d motociklo raktams, ta\u010diau jis puikiai tinka ir automobili\u0173 bei nam\u0173 raktams. Unikalus dizainas suteikia aksesuarui ne tik funkcionalum\u0105, bet ir emocin\u0119 vert\u0119, tod\u0117l jis gali tapti puikiu b\u016bdu parodyti savo individualum\u0105.<\/p>\n<p data-start=\"836\" data-end=\"1336\">\u0160is pakabukas pasi\u017eymi tvirta konstrukcija, kuri u\u017etikrina, kad j\u016bs\u0173 raktai bus saugiai laikomi net intensyvaus kasdienio naudojimo metu. Jo kompakti\u0161kas dizainas leid\u017eia lengvai pritvirtinti prie rakt\u0173 rinkinio, kuprin\u0117s ar dir\u017eo. Jei norite su\u017einoti daugiau apie efektyvias rakt\u0173 laikymo sistemas, apsilankykite <a target=\"_new\" rel=\"noopener\" data-start=\"1150\" data-end=\"1211\">\u0100r\u0113jais resurss<\/a>. Skatiet ar\u012b m\u016bsu <a href=\"https:\/\/www.example.com\/products\" target=\"_new\" rel=\"noopener\" data-start=\"1240\" data-end=\"1293\">produktu katalogs<\/a> ir atraskite daugiau originali\u0173 sprendim\u0173.<\/p>\n<h4 data-start=\"1338\" data-end=\"1377\"><strong data-start=\"1343\" data-end=\"1375\">Funkcionalit\u0101te un Lieto\u0161ana<\/strong><\/h4>\n<p data-start=\"1378\" data-end=\"1999\">Pakabukas \u201eI, MYSELF, AM ANXIOUS &amp; CONFUSED\u201d u\u017etikrina, kad j\u016bs\u0173 raktai b\u016bt\u0173 saugiai pritvirtinti ir visada pasiekiami. Tvirtas metalinis \u017eiedelis ir integruotas karabinas leid\u017eia greitai pritvirtinti aksesuar\u0105 prie bet kurio rakt\u0173 rinkinio. Naudojimo paprastumas ir intuityvumas padeda i\u0161laikyti tvark\u0105 kasdien\u0117je rutinoje. Produkto universalus dydis leid\u017eia j\u012f patogiai naudoti tiek su ma\u017eais, tiek su didesniais rakt\u0173 rinkiniais. \u0160is pakabukas yra lengvas, ta\u010diau tvirtas, tod\u0117l garantuoja ilgaam\u017ei\u0161kum\u0105 ir patikimum\u0105. Naudodamiesi \u0161iuo aksesuaru, j\u016bs papildote savo asmenin\u012f stili\u0173 ir suteikiate raktams i\u0161skirtinumo.<\/p>\n<h4 data-start=\"2001\" data-end=\"2030\"><strong data-start=\"2006\" data-end=\"2028\">Dizains un Kvalit\u0101te<\/strong><\/h4>\n<p data-start=\"2031\" data-end=\"2663\">Dizainas yra minimalistinis, bet i\u0161skirtinis. Baltas fonas ir juodu rankra\u0161\u010dio stiliumi i\u0161siuv\u0117tas u\u017era\u0161as perteikia autenti\u0161k\u0105 jausm\u0105 ir asmenin\u0119 \u017einut\u0119. Tinkamai parinkta med\u017eiaga u\u017etikrina, kad pakabukas nei\u0161blunka ir i\u0161laiko savo form\u0105 net po ilgalaikio naudojimo. Kiekviena detal\u0117 yra apgalvota, o tvirta konstrukcija patvirtina auk\u0161t\u0105 gaminio kokyb\u0119. Produktas i\u0161siskiria moderniu po\u017ei\u016briu \u012f kasdien\u012f funkcionalum\u0105 ir tuo pa\u010diu ne\u0161ioja emocin\u012f atspalv\u012f, skatinant savirai\u0161k\u0105. Jei norite su\u017einoti daugiau apie madingus aksesuarus ir dizaino tendencijas, apsilankykite <a target=\"_new\" rel=\"noopener\" data-start=\"2604\" data-end=\"2662\">\u0100r\u0113jais resurss<\/a>.<\/p>\n<h4 data-start=\"2665\" data-end=\"2696\"><strong data-start=\"2670\" data-end=\"2694\">K\u0101p\u0113c izv\u0113l\u0113ties?<\/strong><\/h4>\n<p data-start=\"2697\" data-end=\"3244\">Investavimas \u012f pakabuk\u0105 \u201eI, MYSELF, AM ANXIOUS &amp; CONFUSED\u201d yra i\u0161mintingas pasirinkimas tiems, kurie nori, kad j\u0173 rakt\u0173 rinkinys ne tik b\u016bt\u0173 saugus, bet ir atspind\u0117t\u0173 asmenin\u012f stili\u0173 bei emocin\u0119 patirt\u012f. \u0160is pakabukas suteikia j\u016bs\u0173 raktams unikal\u0173, modern\u0173 akcent\u0105, o jo originalus u\u017era\u0161as skatina savirai\u0161k\u0105 ir pri\u0117mim\u0105. Jei vertinate funkcionalum\u0105, ilgaam\u017ei\u0161kum\u0105 ir estetik\u0105, \u0161is aksesuaras puikiai atitiks j\u016bs\u0173 l\u016bkes\u010dius. Pasirinkus \u0161\u012f produkt\u0105, j\u016bs investuojate \u012f kokyb\u0119 ir originalum\u0105, kurie papildys j\u016bs\u0173 kasdienyb\u0119 ir leis jums i\u0161siskirti.<\/p>","protected":false},"excerpt":{"rendered":"<p>Med\u017eiaginis pakabukas \u201eI, MYSELF, AM ANXIOUS &amp; CONFUSED\u201d \u2013 originalus ir tvirtas aksesuaras su baltu fonu bei juodu rankra\u0161\u010dio tekstu, skirtas motociklo raktams.<\/p>","protected":false},"featured_media":2812,"comment_status":"closed","ping_status":"closed","template":"","meta":{"_uag_custom_page_level_css":"","site-sidebar-layout":"default","site-content-layout":"","ast-site-content-layout":"default","site-content-style":"default","site-sidebar-style":"default","ast-global-header-display":"","ast-banner-title-visibility":"","ast-main-header-display":"","ast-hfb-above-header-display":"","ast-hfb-below-header-display":"","ast-hfb-mobile-header-display":"","site-post-title":"","ast-breadcrumbs-content":"","ast-featured-img":"","footer-sml-layout":"","ast-disable-related-posts":"","theme-transparent-header-meta":"default","adv-header-id-meta":"","stick-header-meta":"","header-above-stick-meta":"","header-main-stick-meta":"","header-below-stick-meta":"","astra-migrate-meta-layouts":"set","ast-page-background-enabled":"default","ast-page-background-meta":{"desktop":{"background-color":"var(--ast-global-color-4)","background-image":"","background-repeat":"repeat","background-position":"center center","background-size":"auto","background-attachment":"scroll","background-type":"","background-media":"","overlay-type":"","overlay-color":"","overlay-opacity":"","overlay-gradient":""},"tablet":{"background-color":"","background-image":"","background-repeat":"repeat","background-position":"center center","background-size":"auto","background-attachment":"scroll","background-type":"","background-media":"","overlay-type":"","overlay-color":"","overlay-opacity":"","overlay-gradient":""},"mobile":{"background-color":"","background-image":"","background-repeat":"repeat","background-position":"center center","background-size":"auto","background-attachment":"scroll","background-type":"","background-media":"","overlay-type":"","overlay-color":"","overlay-opacity":"","overlay-gradient":""}},"ast-content-background-meta":{"desktop":{"background-color":"var(--ast-global-color-5)","background-image":"","background-repeat":"repeat","background-position":"center center","background-size":"auto","background-attachment":"scroll","background-type":"","background-media":"","overlay-type":"","overlay-color":"","overlay-opacity":"","overlay-gradient":""},"tablet":{"background-color":"var(--ast-global-color-5)","background-image":"","background-repeat":"repeat","background-position":"center center","background-size":"auto","background-attachment":"scroll","background-type":"","background-media":"","overlay-type":"","overlay-color":"","overlay-opacity":"","overlay-gradient":""},"mobile":{"background-color":"var(--ast-global-color-5)","background-image":"","background-repeat":"repeat","background-position":"center center","background-size":"auto","background-attachment":"scroll","background-type":"","background-media":"","overlay-type":"","overlay-color":"","overlay-opacity":"","overlay-gradient":""}}},"product_brand":[],"product_cat":[126,91],"product_tag":[],"class_list":{"0":"post-2811","1":"product","2":"type-product","3":"status-publish","4":"has-post-thumbnail","6":"product_cat-visi","7":"product_cat-motociklo-raktu-pakabukai","8":"desktop-align-center","9":"tablet-align-left","10":"mobile-align-left","12":"first","13":"instock","14":"shipping-taxable","15":"purchasable","16":"product-type-simple"},"yoast_head":"<!-- This site is optimized with the Yoast SEO plugin v27.1.1 - https:\/\/yoast.com\/product\/yoast-seo-wordpress\/ -->\n<title>I, myself, am anxious and confused - kabinam.lt<\/title>\n<meta name=\"description\" content=\"Rakt\u0173 pakabukas &quot;I, MYSELF, AM ANXIOUS &amp; CONFUSED&quot; \u2013 unikalus med\u017eiaginis aksesuaras su baltu fonu ir juodu rankra\u0161\u010dio tekstu. Tvirtas, modernus ir funkcionalus pasirinkimas!\" \/>\n<meta name=\"robots\" content=\"index, follow, max-snippet:-1, max-image-preview:large, max-video-preview:-1\" \/>\n<link rel=\"canonical\" href=\"https:\/\/kabinam.lt\/lv\/produkts\/raktu-pakabukas-i-myself-am-anxious-confused\/\" \/>\n<meta property=\"og:locale\" content=\"lv_LV\" \/>\n<meta property=\"og:type\" content=\"article\" \/>\n<meta property=\"og:title\" content=\"I, myself, am anxious and confused - kabinam.lt\" \/>\n<meta property=\"og:description\" content=\"Rakt\u0173 pakabukas &quot;I, MYSELF, AM ANXIOUS &amp; CONFUSED&quot; \u2013 unikalus med\u017eiaginis aksesuaras su baltu fonu ir juodu rankra\u0161\u010dio tekstu. Tvirtas, modernus ir funkcionalus pasirinkimas!\" \/>\n<meta property=\"og:url\" content=\"https:\/\/kabinam.lt\/lv\/produkts\/raktu-pakabukas-i-myself-am-anxious-confused\/\" \/>\n<meta property=\"og:site_name\" content=\"kabinam.lt\" \/>\n<meta property=\"article:modified_time\" content=\"2026-01-03T16:50:41+00:00\" \/>\n<meta property=\"og:image\" content=\"https:\/\/kabinam.lt\/wp-content\/uploads\/2024\/08\/1685010105172-8674984a0bb947e7bf0853a3d651eceb-goods.jpeg\" \/>\n\t<meta property=\"og:image:width\" content=\"1200\" \/>\n\t<meta property=\"og:image:height\" content=\"1200\" \/>\n\t<meta property=\"og:image:type\" content=\"image\/jpeg\" \/>\n<meta name=\"twitter:card\" content=\"summary_large_image\" \/>\n<meta name=\"twitter:label1\" content=\"Est. reading time\" \/>\n\t<meta name=\"twitter:data1\" content=\"3 min\u016btes\" \/>\n<script type=\"application\/ld+json\" class=\"yoast-schema-graph\">{\"@context\":\"https:\/\/schema.org\",\"@graph\":[{\"@type\":[\"WebPage\",\"ItemPage\"],\"@id\":\"https:\/\/kabinam.lt\/eng\/product\/raktu-pakabukas-i-myself-am-anxious-confused\/\",\"url\":\"https:\/\/kabinam.lt\/eng\/product\/raktu-pakabukas-i-myself-am-anxious-confused\/\",\"name\":\"I, myself, am anxious and confused - kabinam.lt\",\"isPartOf\":{\"@id\":\"https:\/\/kabinam.lt\/#website\"},\"primaryImageOfPage\":{\"@id\":\"https:\/\/kabinam.lt\/eng\/product\/raktu-pakabukas-i-myself-am-anxious-confused\/#primaryimage\"},\"image\":{\"@id\":\"https:\/\/kabinam.lt\/eng\/product\/raktu-pakabukas-i-myself-am-anxious-confused\/#primaryimage\"},\"thumbnailUrl\":\"https:\/\/kabinam.lt\/wp-content\/uploads\/2024\/08\/1685010105172-8674984a0bb947e7bf0853a3d651eceb-goods.jpeg\",\"datePublished\":\"2024-08-18T07:03:12+00:00\",\"dateModified\":\"2026-01-03T16:50:41+00:00\",\"description\":\"Rakt\u0173 pakabukas \\\"I, MYSELF, AM ANXIOUS & CONFUSED\\\" \u2013 unikalus med\u017eiaginis aksesuaras su baltu fonu ir juodu rankra\u0161\u010dio tekstu. Tvirtas, modernus ir funkcionalus pasirinkimas!\",\"breadcrumb\":{\"@id\":\"https:\/\/kabinam.lt\/eng\/product\/raktu-pakabukas-i-myself-am-anxious-confused\/#breadcrumb\"},\"inLanguage\":\"lv-LV\",\"potentialAction\":[{\"@type\":\"ReadAction\",\"target\":[\"https:\/\/kabinam.lt\/eng\/product\/raktu-pakabukas-i-myself-am-anxious-confused\/\"]}]},{\"@type\":\"ImageObject\",\"inLanguage\":\"lv-LV\",\"@id\":\"https:\/\/kabinam.lt\/eng\/product\/raktu-pakabukas-i-myself-am-anxious-confused\/#primaryimage\",\"url\":\"https:\/\/kabinam.lt\/wp-content\/uploads\/2024\/08\/1685010105172-8674984a0bb947e7bf0853a3d651eceb-goods.jpeg\",\"contentUrl\":\"https:\/\/kabinam.lt\/wp-content\/uploads\/2024\/08\/1685010105172-8674984a0bb947e7bf0853a3d651eceb-goods.jpeg\",\"width\":1200,\"height\":1200,\"caption\":\"Rakt\u0173 pakabukas \\\"I, MYSELF, AM ANXIOUS & CONFUSED\\\"\"},{\"@type\":\"BreadcrumbList\",\"@id\":\"https:\/\/kabinam.lt\/eng\/product\/raktu-pakabukas-i-myself-am-anxious-confused\/#breadcrumb\",\"itemListElement\":[{\"@type\":\"ListItem\",\"position\":1,\"name\":\"Home\",\"item\":\"https:\/\/kabinam.lt\/\"},{\"@type\":\"ListItem\",\"position\":2,\"name\":\"Visi Produktai\",\"item\":\"https:\/\/kabinam.lt\/visi-produktai\/\"},{\"@type\":\"ListItem\",\"position\":3,\"name\":\"I, myself, am anxious and confused\"}]},{\"@type\":\"WebSite\",\"@id\":\"https:\/\/kabinam.lt\/#website\",\"url\":\"https:\/\/kabinam.lt\/\",\"name\":\"kabinam.lt\",\"description\":\"Kabinam.lt \u2013 raktu pakabukai ir aksesuarai\",\"publisher\":{\"@id\":\"https:\/\/kabinam.lt\/#organization\"},\"alternateName\":\"pakabukai lt\",\"potentialAction\":[{\"@type\":\"SearchAction\",\"target\":{\"@type\":\"EntryPoint\",\"urlTemplate\":\"https:\/\/kabinam.lt\/?s={search_term_string}\"},\"query-input\":{\"@type\":\"PropertyValueSpecification\",\"valueRequired\":true,\"valueName\":\"search_term_string\"}}],\"inLanguage\":\"lv-LV\"},{\"@type\":\"Organization\",\"@id\":\"https:\/\/kabinam.lt\/#organization\",\"name\":\"kabinam.lt\",\"alternateName\":\"kabinam\",\"url\":\"https:\/\/kabinam.lt\/\",\"logo\":{\"@type\":\"ImageObject\",\"inLanguage\":\"lv-LV\",\"@id\":\"https:\/\/kabinam.lt\/#\/schema\/logo\/image\/\",\"url\":\"https:\/\/kabinam.lt\/wp-content\/uploads\/2025\/05\/KABINAM_outer_glow.png\",\"contentUrl\":\"https:\/\/kabinam.lt\/wp-content\/uploads\/2025\/05\/KABINAM_outer_glow.png\",\"width\":474,\"height\":141,\"caption\":\"kabinam.lt\"},\"image\":{\"@id\":\"https:\/\/kabinam.lt\/#\/schema\/logo\/image\/\"}}]}<\/script>\n<!-- \/ Yoast SEO plugin. -->","yoast_head_json":{"title":"I, myself, am anxious and confused - kabinam.lt","description":"Rakt\u0173 pakabukas \"I, MYSELF, AM ANXIOUS &amp; CONFUSED\" \u2013 unikalus med\u017eiaginis aksesuaras su baltu fonu ir juodu rankra\u0161\u010dio tekstu. Tvirtas, modernus ir funkcionalus pasirinkimas!","robots":{"index":"index","follow":"follow","max-snippet":"max-snippet:-1","max-image-preview":"max-image-preview:large","max-video-preview":"max-video-preview:-1"},"canonical":"https:\/\/kabinam.lt\/lv\/produkts\/raktu-pakabukas-i-myself-am-anxious-confused\/","og_locale":"lv_LV","og_type":"article","og_title":"I, myself, am anxious and confused - kabinam.lt","og_description":"Rakt\u0173 pakabukas \"I, MYSELF, AM ANXIOUS & CONFUSED\" \u2013 unikalus med\u017eiaginis aksesuaras su baltu fonu ir juodu rankra\u0161\u010dio tekstu. Tvirtas, modernus ir funkcionalus pasirinkimas!","og_url":"https:\/\/kabinam.lt\/lv\/produkts\/raktu-pakabukas-i-myself-am-anxious-confused\/","og_site_name":"kabinam.lt","article_modified_time":"2026-01-03T16:50:41+00:00","og_image":[{"width":1200,"height":1200,"url":"https:\/\/kabinam.lt\/wp-content\/uploads\/2024\/08\/1685010105172-8674984a0bb947e7bf0853a3d651eceb-goods.jpeg","type":"image\/jpeg"}],"twitter_card":"summary_large_image","twitter_misc":{"Est. reading time":"3 min\u016btes"},"schema":{"@context":"https:\/\/schema.org","@graph":[{"@type":["WebPage","ItemPage"],"@id":"https:\/\/kabinam.lt\/eng\/product\/raktu-pakabukas-i-myself-am-anxious-confused\/","url":"https:\/\/kabinam.lt\/eng\/product\/raktu-pakabukas-i-myself-am-anxious-confused\/","name":"I, myself, am anxious and confused - kabinam.lt","isPartOf":{"@id":"https:\/\/kabinam.lt\/#website"},"primaryImageOfPage":{"@id":"https:\/\/kabinam.lt\/eng\/product\/raktu-pakabukas-i-myself-am-anxious-confused\/#primaryimage"},"image":{"@id":"https:\/\/kabinam.lt\/eng\/product\/raktu-pakabukas-i-myself-am-anxious-confused\/#primaryimage"},"thumbnailUrl":"https:\/\/kabinam.lt\/wp-content\/uploads\/2024\/08\/1685010105172-8674984a0bb947e7bf0853a3d651eceb-goods.jpeg","datePublished":"2024-08-18T07:03:12+00:00","dateModified":"2026-01-03T16:50:41+00:00","description":"Rakt\u0173 pakabukas \"I, MYSELF, AM ANXIOUS &amp; CONFUSED\" \u2013 unikalus med\u017eiaginis aksesuaras su baltu fonu ir juodu rankra\u0161\u010dio tekstu. Tvirtas, modernus ir funkcionalus pasirinkimas!","breadcrumb":{"@id":"https:\/\/kabinam.lt\/eng\/product\/raktu-pakabukas-i-myself-am-anxious-confused\/#breadcrumb"},"inLanguage":"lv-LV","potentialAction":[{"@type":"ReadAction","target":["https:\/\/kabinam.lt\/eng\/product\/raktu-pakabukas-i-myself-am-anxious-confused\/"]}]},{"@type":"ImageObject","inLanguage":"lv-LV","@id":"https:\/\/kabinam.lt\/eng\/product\/raktu-pakabukas-i-myself-am-anxious-confused\/#primaryimage","url":"https:\/\/kabinam.lt\/wp-content\/uploads\/2024\/08\/1685010105172-8674984a0bb947e7bf0853a3d651eceb-goods.jpeg","contentUrl":"https:\/\/kabinam.lt\/wp-content\/uploads\/2024\/08\/1685010105172-8674984a0bb947e7bf0853a3d651eceb-goods.jpeg","width":1200,"height":1200,"caption":"Rakt\u0173 pakabukas \"I, MYSELF, AM ANXIOUS & CONFUSED\""},{"@type":"BreadcrumbList","@id":"https:\/\/kabinam.lt\/eng\/product\/raktu-pakabukas-i-myself-am-anxious-confused\/#breadcrumb","itemListElement":[{"@type":"ListItem","position":1,"name":"Home","item":"https:\/\/kabinam.lt\/"},{"@type":"ListItem","position":2,"name":"Visi Produktai","item":"https:\/\/kabinam.lt\/visi-produktai\/"},{"@type":"ListItem","position":3,"name":"I, myself, am anxious and confused"}]},{"@type":"WebSite","@id":"https:\/\/kabinam.lt\/#website","url":"https:\/\/kabinam.lt\/","name":"kabinam.lt","description":"Kabinam.lt - atsl\u0113gu piekari\u0146i un aksesu\u0101ri","publisher":{"@id":"https:\/\/kabinam.lt\/#organization"},"alternateName":"pakabukai lt","potentialAction":[{"@type":"SearchAction","target":{"@type":"EntryPoint","urlTemplate":"https:\/\/kabinam.lt\/?s={search_term_string}"},"query-input":{"@type":"PropertyValueSpecification","valueRequired":true,"valueName":"search_term_string"}}],"inLanguage":"lv-LV"},{"@type":"Organization","@id":"https:\/\/kabinam.lt\/#organization","name":"kabinam.lt","alternateName":"kabinam","url":"https:\/\/kabinam.lt\/","logo":{"@type":"ImageObject","inLanguage":"lv-LV","@id":"https:\/\/kabinam.lt\/#\/schema\/logo\/image\/","url":"https:\/\/kabinam.lt\/wp-content\/uploads\/2025\/05\/KABINAM_outer_glow.png","contentUrl":"https:\/\/kabinam.lt\/wp-content\/uploads\/2025\/05\/KABINAM_outer_glow.png","width":474,"height":141,"caption":"kabinam.lt"},"image":{"@id":"https:\/\/kabinam.lt\/#\/schema\/logo\/image\/"}}]}},"uagb_featured_image_src":{"full":["https:\/\/kabinam.lt\/wp-content\/uploads\/2024\/08\/1685010105172-8674984a0bb947e7bf0853a3d651eceb-goods.jpeg",1200,1200,false],"thumbnail":["https:\/\/kabinam.lt\/wp-content\/uploads\/2024\/08\/1685010105172-8674984a0bb947e7bf0853a3d651eceb-goods-150x150.jpeg",150,150,true],"medium":["https:\/\/kabinam.lt\/wp-content\/uploads\/2024\/08\/1685010105172-8674984a0bb947e7bf0853a3d651eceb-goods-300x300.jpeg",300,300,true],"medium_large":["https:\/\/kabinam.lt\/wp-content\/uploads\/2024\/08\/1685010105172-8674984a0bb947e7bf0853a3d651eceb-goods-768x768.jpeg",768,768,true],"large":["https:\/\/kabinam.lt\/wp-content\/uploads\/2024\/08\/1685010105172-8674984a0bb947e7bf0853a3d651eceb-goods-1024x1024.jpeg",1024,1024,true],"1536x1536":["https:\/\/kabinam.lt\/wp-content\/uploads\/2024\/08\/1685010105172-8674984a0bb947e7bf0853a3d651eceb-goods.jpeg",1200,1200,false],"2048x2048":["https:\/\/kabinam.lt\/wp-content\/uploads\/2024\/08\/1685010105172-8674984a0bb947e7bf0853a3d651eceb-goods.jpeg",1200,1200,false],"trp-custom-language-flag":["https:\/\/kabinam.lt\/wp-content\/uploads\/2024\/08\/1685010105172-8674984a0bb947e7bf0853a3d651eceb-goods.jpeg",12,12,false],"woocommerce_thumbnail":["https:\/\/kabinam.lt\/wp-content\/uploads\/2024\/08\/1685010105172-8674984a0bb947e7bf0853a3d651eceb-goods-300x300.jpeg",300,300,true],"woocommerce_single":["https:\/\/kabinam.lt\/wp-content\/uploads\/2024\/08\/1685010105172-8674984a0bb947e7bf0853a3d651eceb-goods-600x600.jpeg",600,600,true],"woocommerce_gallery_thumbnail":["https:\/\/kabinam.lt\/wp-content\/uploads\/2024\/08\/1685010105172-8674984a0bb947e7bf0853a3d651eceb-goods-100x100.jpeg",100,100,true]},"uagb_author_info":{"display_name":"kabinam.lt","author_link":"https:\/\/kabinam.lt\/lv\/author\/"},"uagb_comment_info":0,"uagb_excerpt":"Med\u017eiaginis pakabukas \"I, MYSELF, AM ANXIOUS &amp; CONFUSED\" \u2013 originalus ir tvirtas aksesuaras su baltu fonu bei juodu rankra\u0161\u010dio tekstu, skirtas motociklo raktams.","_links":{"self":[{"href":"https:\/\/kabinam.lt\/lv\/wp-json\/wp\/v2\/product\/2811","targetHints":{"allow":["GET"]}}],"collection":[{"href":"https:\/\/kabinam.lt\/lv\/wp-json\/wp\/v2\/product"}],"about":[{"href":"https:\/\/kabinam.lt\/lv\/wp-json\/wp\/v2\/types\/product"}],"replies":[{"embeddable":true,"href":"https:\/\/kabinam.lt\/lv\/wp-json\/wp\/v2\/comments?post=2811"}],"wp:featuredmedia":[{"embeddable":true,"href":"https:\/\/kabinam.lt\/lv\/wp-json\/wp\/v2\/media\/2812"}],"wp:attachment":[{"href":"https:\/\/kabinam.lt\/lv\/wp-json\/wp\/v2\/media?parent=2811"}],"wp:term":[{"taxonomy":"product_brand","embeddable":true,"href":"https:\/\/kabinam.lt\/lv\/wp-json\/wp\/v2\/product_brand?post=2811"},{"taxonomy":"product_cat","embeddable":true,"href":"https:\/\/kabinam.lt\/lv\/wp-json\/wp\/v2\/product_cat?post=2811"},{"taxonomy":"product_tag","embeddable":true,"href":"https:\/\/kabinam.lt\/lv\/wp-json\/wp\/v2\/product_tag?post=2811"}],"curies":[{"name":"wp","href":"https:\/\/api.w.org\/{rel}","templated":true}]}}