{"id":2774,"date":"2024-08-17T12:48:07","date_gmt":"2024-08-17T09:48:07","guid":{"rendered":"https:\/\/kabinam.lt\/?post_type=product&#038;p=2774"},"modified":"2026-01-03T18:50:42","modified_gmt":"2026-01-03T16:50:42","slug":"atslegu-piekarins-i-love-lying","status":"publish","type":"product","link":"https:\/\/kabinam.lt\/lv\/product\/raktu-pakabukas-i-love-lying\/","title":{"rendered":"I LOVE LYING atsl\u0113gu piekari\u0146\u0161"},"content":{"rendered":"<div class=\"kk-star-ratings kksr-auto kksr-align-left kksr-valign-top\"\n    data-payload='{&quot;align&quot;:&quot;left&quot;,&quot;id&quot;:&quot;2774&quot;,&quot;slug&quot;:&quot;default&quot;,&quot;valign&quot;:&quot;top&quot;,&quot;ignore&quot;:&quot;&quot;,&quot;reference&quot;:&quot;auto&quot;,&quot;class&quot;:&quot;&quot;,&quot;count&quot;:&quot;0&quot;,&quot;legendonly&quot;:&quot;&quot;,&quot;readonly&quot;:&quot;&quot;,&quot;score&quot;:&quot;0&quot;,&quot;starsonly&quot;:&quot;&quot;,&quot;best&quot;:&quot;5&quot;,&quot;gap&quot;:&quot;5&quot;,&quot;greet&quot;:&quot;Mums svarbus j\u016bs\u0173 \u012fvertinimas&quot;,&quot;legend&quot;:&quot;0\\\/5 - (0 votes)&quot;,&quot;size&quot;:&quot;24&quot;,&quot;title&quot;:&quot;Rakt\u0173 pakabukas I LOVE LYING&quot;,&quot;width&quot;:&quot;0&quot;,&quot;_legend&quot;:&quot;{score}\\\/{best} - ({count} {votes})&quot;,&quot;font_factor&quot;:&quot;1.25&quot;}'>\n            \n<div class=\"kksr-stars\">\n    \n<div class=\"kksr-stars-inactive\">\n            <div class=\"kksr-star\" data-star=\"1\" style=\"padding-right: 5px\">\n            \n\n<div class=\"kksr-icon\" style=\"width: 24px; height: 24px;\"><\/div>\n        <\/div>\n            <div class=\"kksr-star\" data-star=\"2\" style=\"padding-right: 5px\">\n            \n\n<div class=\"kksr-icon\" style=\"width: 24px; height: 24px;\"><\/div>\n        <\/div>\n            <div class=\"kksr-star\" data-star=\"3\" style=\"padding-right: 5px\">\n            \n\n<div class=\"kksr-icon\" style=\"width: 24px; height: 24px;\"><\/div>\n        <\/div>\n            <div class=\"kksr-star\" data-star=\"4\" style=\"padding-right: 5px\">\n            \n\n<div class=\"kksr-icon\" style=\"width: 24px; height: 24px;\"><\/div>\n        <\/div>\n            <div class=\"kksr-star\" data-star=\"5\" style=\"padding-right: 5px\">\n            \n\n<div class=\"kksr-icon\" style=\"width: 24px; height: 24px;\"><\/div>\n        <\/div>\n    <\/div>\n    \n<div class=\"kksr-stars-active\" style=\"width: 0px;\">\n            <div class=\"kksr-star\" style=\"padding-right: 5px\">\n            \n\n<div class=\"kksr-icon\" style=\"width: 24px; height: 24px;\"><\/div>\n        <\/div>\n            <div class=\"kksr-star\" style=\"padding-right: 5px\">\n            \n\n<div class=\"kksr-icon\" style=\"width: 24px; height: 24px;\"><\/div>\n        <\/div>\n            <div class=\"kksr-star\" style=\"padding-right: 5px\">\n            \n\n<div class=\"kksr-icon\" style=\"width: 24px; height: 24px;\"><\/div>\n        <\/div>\n            <div class=\"kksr-star\" style=\"padding-right: 5px\">\n            \n\n<div class=\"kksr-icon\" style=\"width: 24px; height: 24px;\"><\/div>\n        <\/div>\n            <div class=\"kksr-star\" style=\"padding-right: 5px\">\n            \n\n<div class=\"kksr-icon\" style=\"width: 24px; height: 24px;\"><\/div>\n        <\/div>\n    <\/div>\n<\/div>\n                \n\n<div class=\"kksr-legend\" style=\"font-size: 19.2px;\">\n            <span class=\"kksr-muted\">Mums ir svar\u012bgs j\u016bsu nov\u0113rt\u0113jums<\/span>\n    <\/div>\n    <\/div>\n<h4 data-start=\"76\" data-end=\"100\"><strong data-start=\"81\" data-end=\"98\">Par produktu<\/strong><\/h4>\n<p data-start=\"101\" data-end=\"914\">Atsl\u0113gu piekari\u0146\u0161 I LOVE LYING ir ori\u0123in\u0101ls materi\u0101ls aksesu\u0101rs, kas paredz\u0113ts tiem, kuri v\u0113las par\u0101d\u012bt savu drosm\u012bgo attieksmi un provoc\u0113t citus. \u0160is piekari\u0146\u0161 ir izgatavots no augstas kvalit\u0101tes melna materi\u0101la, kas nodro\u0161ina iztur\u012bbu un ilgm\u016b\u017e\u012bbu pat p\u0113c intens\u012bvas ikdienas lieto\u0161anas. Uz piekari\u0146a ar baltu \u0161riftu iz\u0161\u016bts provokat\u012bvs uzraksts \u201eI LOVE LYING\u201c, kas pau\u017e humora izj\u016btu un nenoteikt\u012bbas v\u0113st\u012bjumu. Turkl\u0101t aksesu\u0101ru rot\u0101 ko\u0161i sarkans sirds simbols, kas uzsver emocion\u0101lo uzsvaru un ekskluzivit\u0101ti. \u0160is piekari\u0146\u0161 ir ide\u0101li piem\u0113rots motociklu atsl\u0113g\u0101m, ta\u010du tas ir lieliski piem\u0113rots ar\u012b auto vai m\u0101jas atsl\u0113gu komplektiem. Unik\u0101lais dizains pal\u012bdz paust individualit\u0101ti un person\u012bgo stilu, pie\u0161\u0137irot atsl\u0113g\u0101m ne tikai funkcionalit\u0101ti, bet ar\u012b m\u0101ksliniecisku un provokat\u012bvu akcentu.<\/p>\n<h4 data-start=\"916\" data-end=\"955\"><strong data-start=\"921\" data-end=\"953\">Funkcionalit\u0101te un Lieto\u0161ana<\/strong><\/h4>\n<p data-start=\"956\" data-end=\"1559\">Piekari\u0146\u0161 I LOVE LYING ir paredz\u0113ts, lai pasarg\u0101tu j\u016bsu atsl\u0113gas. Iztur\u012bgais met\u0101la gredzens un integr\u0113t\u0101 karab\u012bne \u013cauj viegli piestiprin\u0101t \u0161o aksesu\u0101ru pie atsl\u0113gu komplekta, mugursomas vai jostas. Univers\u0101lais izm\u0113rs nodro\u0161ina, ka piekari\u0146\u0161 ir piem\u0113rots gan maziem, gan liel\u0101kiem atsl\u0113gu komplektiem, lai j\u016bsu atsl\u0113gas vienm\u0113r b\u016btu sasniedzamas un k\u0101rt\u012bb\u0101. Viegla lieto\u0161ana un intuit\u012bvais dizains \u013cauj \u0101tri pievienot vai no\u0146emt atsl\u0113gu piekari\u0146u p\u0113c vajadz\u012bbas. Lai uzzin\u0101tu vair\u0101k par efekt\u012bviem atsl\u0113gu glab\u0101\u0161anas risin\u0101jumiem, apmekl\u0113jiet <a target=\"_new\" rel=\"noopener\" data-start=\"1497\" data-end=\"1558\">\u0100r\u0113jais resurss<\/a>.<\/p>\n<h4 data-start=\"1561\" data-end=\"1590\"><strong data-start=\"1566\" data-end=\"1588\">Dizains un Kvalit\u0101te<\/strong><\/h4>\n<p data-start=\"1591\" data-end=\"2250\">\u0160\u012b kulona dizains ir minim\u0101listisks, ta\u010du drosm\u012bgs. Melnais materi\u0101ls ar balti iz\u0161\u016btu uzrakstu \u201eI LOVE LYING\u201c pie\u0161\u0137ir \u0161im aksesu\u0101ram modernu un provokat\u012bvu izskatu. Sarkanais sirds simbols - smalks, bet spilgts akcents - v\u0113l vair\u0101k izce\u013c emocion\u0101lo v\u0113st\u012bjumu. Katra deta\u013ca ir prec\u012bzi izstr\u0101d\u0101ta, nodro\u0161inot, ka piekari\u0146\u0161 saglab\u0101 formu un kontrastu pat p\u0113c ilgsto\u0161as lieto\u0161anas. Augstas kvalit\u0101tes materi\u0101ls un r\u016bp\u012bga izgatavo\u0161ana nodro\u0161ina, ka kulons I LOVE LYING b\u016bs uzticams un ilgm\u016b\u017e\u012bgs. T\u0101 dizains atbilst m\u016bsdienu aksesu\u0101ru pras\u012bb\u0101m, t\u0101p\u0113c tas lieliski iederas da\u017e\u0101dos stilos un izce\u013c j\u016bsu individualit\u0101ti.<\/p>\n<h4 data-start=\"2252\" data-end=\"2283\"><strong data-start=\"2257\" data-end=\"2281\">K\u0101p\u0113c izv\u0113l\u0113ties?<\/strong><\/h4>\n<p data-start=\"2284\" data-end=\"2968\">Izv\u0113loties piekari\u0146u I LOVE LYING, j\u016bs ieguld\u0101t l\u012bdzek\u013cus ori\u0123inalit\u0101t\u0113, funkcionalit\u0101t\u0113 un ekskluzivit\u0101t\u0113. \u0160is aksesu\u0101rs ne tikai aizsarg\u0101 j\u016bsu atsl\u0113gas, bet ar\u012b pie\u0161\u0137ir t\u0101m drosm\u012bgu, provokat\u012bvu akcentu, kas pau\u017e personisku v\u0113st\u012bjumu par neparastu realit\u0101ti. Ja mekl\u0113jat aksesu\u0101ru, kas izce\u013cas un atspogu\u013co j\u016bsu unik\u0101lo pieeju dz\u012bvei, piekari\u0146\u0161 I LOVE LYING ir lieliska izv\u0113le. T\u0101 iztur\u012bgais aizdares meh\u0101nisms nodro\u0161ina dro\u0161u atsl\u0113gu glab\u0101\u0161anu, savuk\u0101rt ori\u0123in\u0101lais dizains pal\u012bdz saglab\u0101t k\u0101rt\u012bbu un akcent\u0113t j\u016bsu stilu. Lai ieg\u016btu vair\u0101k inform\u0101cijas par m\u016bsu inovat\u012bvajiem risin\u0101jumiem, l\u016bdzu, apmekl\u0113jiet m\u016bsu <a href=\"https:\/\/www.example.com\/products\" target=\"_new\" rel=\"noopener\" data-start=\"2861\" data-end=\"2914\">produktu katalog\u0101<\/a> un <a href=\"https:\/\/www.example.com\/news\" target=\"_new\" rel=\"noopener\" data-start=\"2919\" data-end=\"2967\">zi\u0146u port\u0101l\u0101<\/a>.<\/p>","protected":false},"excerpt":{"rendered":"<p>Piekari\u0146\u0161 I LOVE LYING ir ori\u0123in\u0101ls materi\u0101ls aksesu\u0101rs ar melnu materi\u0101lu, baltiem uzrakstiem un sarkanu sirds simbolu, kas pie\u0161\u0137ir j\u016bsu atsl\u0113g\u0101m unik\u0101lu un provokat\u012bvu v\u0113st\u012bjumu.<\/p>","protected":false},"featured_media":2775,"comment_status":"closed","ping_status":"closed","template":"","meta":{"_uag_custom_page_level_css":"","site-sidebar-layout":"default","site-content-layout":"","ast-site-content-layout":"default","site-content-style":"default","site-sidebar-style":"default","ast-global-header-display":"","ast-banner-title-visibility":"","ast-main-header-display":"","ast-hfb-above-header-display":"","ast-hfb-below-header-display":"","ast-hfb-mobile-header-display":"","site-post-title":"","ast-breadcrumbs-content":"","ast-featured-img":"","footer-sml-layout":"","ast-disable-related-posts":"","theme-transparent-header-meta":"default","adv-header-id-meta":"","stick-header-meta":"","header-above-stick-meta":"","header-main-stick-meta":"","header-below-stick-meta":"","astra-migrate-meta-layouts":"set","ast-page-background-enabled":"default","ast-page-background-meta":{"desktop":{"background-color":"var(--ast-global-color-4)","background-image":"","background-repeat":"repeat","background-position":"center center","background-size":"auto","background-attachment":"scroll","background-type":"","background-media":"","overlay-type":"","overlay-color":"","overlay-opacity":"","overlay-gradient":""},"tablet":{"background-color":"","background-image":"","background-repeat":"repeat","background-position":"center center","background-size":"auto","background-attachment":"scroll","background-type":"","background-media":"","overlay-type":"","overlay-color":"","overlay-opacity":"","overlay-gradient":""},"mobile":{"background-color":"","background-image":"","background-repeat":"repeat","background-position":"center center","background-size":"auto","background-attachment":"scroll","background-type":"","background-media":"","overlay-type":"","overlay-color":"","overlay-opacity":"","overlay-gradient":""}},"ast-content-background-meta":{"desktop":{"background-color":"var(--ast-global-color-5)","background-image":"","background-repeat":"repeat","background-position":"center center","background-size":"auto","background-attachment":"scroll","background-type":"","background-media":"","overlay-type":"","overlay-color":"","overlay-opacity":"","overlay-gradient":""},"tablet":{"background-color":"var(--ast-global-color-5)","background-image":"","background-repeat":"repeat","background-position":"center center","background-size":"auto","background-attachment":"scroll","background-type":"","background-media":"","overlay-type":"","overlay-color":"","overlay-opacity":"","overlay-gradient":""},"mobile":{"background-color":"var(--ast-global-color-5)","background-image":"","background-repeat":"repeat","background-position":"center center","background-size":"auto","background-attachment":"scroll","background-type":"","background-media":"","overlay-type":"","overlay-color":"","overlay-opacity":"","overlay-gradient":""}}},"product_brand":[],"product_cat":[126,91],"product_tag":[],"class_list":{"0":"post-2774","1":"product","2":"type-product","3":"status-publish","4":"has-post-thumbnail","6":"product_cat-visi","7":"product_cat-motociklo-raktu-pakabukai","8":"desktop-align-center","9":"tablet-align-left","10":"mobile-align-left","12":"first","13":"instock","14":"shipping-taxable","15":"purchasable","16":"product-type-simple"},"yoast_head":"<!-- This site is optimized with the Yoast SEO plugin v27.1.1 - https:\/\/yoast.com\/product\/yoast-seo-wordpress\/ -->\n<title>Rakt\u0173 pakabukas I LOVE LYING - kabinam.lt<\/title>\n<meta name=\"description\" content=\"Pakabukas I LOVE LYING \u2013 dr\u0105sus med\u017eiaginis aksesuaras su baltu i\u0161siuv\u0117tu u\u017era\u0161u ir raudonu \u0161irdies simboliu. Puikus pasirinkimas motociklo raktams\" \/>\n<meta name=\"robots\" content=\"index, follow, max-snippet:-1, max-image-preview:large, max-video-preview:-1\" \/>\n<link rel=\"canonical\" href=\"https:\/\/kabinam.lt\/lv\/produkts\/atslegu-piekarins-i-love-lying\/\" \/>\n<meta property=\"og:locale\" content=\"lv_LV\" \/>\n<meta property=\"og:type\" content=\"article\" \/>\n<meta property=\"og:title\" content=\"Rakt\u0173 pakabukas I LOVE LYING - kabinam.lt\" \/>\n<meta property=\"og:description\" content=\"Pakabukas I LOVE LYING \u2013 dr\u0105sus med\u017eiaginis aksesuaras su baltu i\u0161siuv\u0117tu u\u017era\u0161u ir raudonu \u0161irdies simboliu. Puikus pasirinkimas motociklo raktams\" \/>\n<meta property=\"og:url\" content=\"https:\/\/kabinam.lt\/lv\/produkts\/atslegu-piekarins-i-love-lying\/\" \/>\n<meta property=\"og:site_name\" content=\"kabinam.lt\" \/>\n<meta property=\"article:modified_time\" content=\"2026-01-03T16:50:42+00:00\" \/>\n<meta property=\"og:image\" content=\"https:\/\/kabinam.lt\/wp-content\/uploads\/2024\/08\/1701682434542-54ade248d2d24d53a776c167ca3021df-goods.jpeg\" \/>\n\t<meta property=\"og:image:width\" content=\"1200\" \/>\n\t<meta property=\"og:image:height\" content=\"1200\" \/>\n\t<meta property=\"og:image:type\" content=\"image\/jpeg\" \/>\n<meta name=\"twitter:card\" content=\"summary_large_image\" \/>\n<meta name=\"twitter:label1\" content=\"Est. reading time\" \/>\n\t<meta name=\"twitter:data1\" content=\"3 min\u016btes\" \/>\n<script type=\"application\/ld+json\" class=\"yoast-schema-graph\">{\"@context\":\"https:\/\/schema.org\",\"@graph\":[{\"@type\":[\"WebPage\",\"ItemPage\"],\"@id\":\"https:\/\/kabinam.lt\/eng\/product\/keyring-i-love-lying\/\",\"url\":\"https:\/\/kabinam.lt\/eng\/product\/keyring-i-love-lying\/\",\"name\":\"Rakt\u0173 pakabukas I LOVE LYING - kabinam.lt\",\"isPartOf\":{\"@id\":\"https:\/\/kabinam.lt\/#website\"},\"primaryImageOfPage\":{\"@id\":\"https:\/\/kabinam.lt\/eng\/product\/keyring-i-love-lying\/#primaryimage\"},\"image\":{\"@id\":\"https:\/\/kabinam.lt\/eng\/product\/keyring-i-love-lying\/#primaryimage\"},\"thumbnailUrl\":\"https:\/\/kabinam.lt\/wp-content\/uploads\/2024\/08\/1701682434542-54ade248d2d24d53a776c167ca3021df-goods.jpeg\",\"datePublished\":\"2024-08-17T09:48:07+00:00\",\"dateModified\":\"2026-01-03T16:50:42+00:00\",\"description\":\"Pakabukas I LOVE LYING \u2013 dr\u0105sus med\u017eiaginis aksesuaras su baltu i\u0161siuv\u0117tu u\u017era\u0161u ir raudonu \u0161irdies simboliu. Puikus pasirinkimas motociklo raktams\",\"breadcrumb\":{\"@id\":\"https:\/\/kabinam.lt\/eng\/product\/keyring-i-love-lying\/#breadcrumb\"},\"inLanguage\":\"lv-LV\",\"potentialAction\":[{\"@type\":\"ReadAction\",\"target\":[\"https:\/\/kabinam.lt\/eng\/product\/keyring-i-love-lying\/\"]}]},{\"@type\":\"ImageObject\",\"inLanguage\":\"lv-LV\",\"@id\":\"https:\/\/kabinam.lt\/eng\/product\/keyring-i-love-lying\/#primaryimage\",\"url\":\"https:\/\/kabinam.lt\/wp-content\/uploads\/2024\/08\/1701682434542-54ade248d2d24d53a776c167ca3021df-goods.jpeg\",\"contentUrl\":\"https:\/\/kabinam.lt\/wp-content\/uploads\/2024\/08\/1701682434542-54ade248d2d24d53a776c167ca3021df-goods.jpeg\",\"width\":1200,\"height\":1200,\"caption\":\"Pakabukas I LOVE LYING \u2013 Dr\u0105sus ir Provokuojantis Aksesuaras\"},{\"@type\":\"BreadcrumbList\",\"@id\":\"https:\/\/kabinam.lt\/eng\/product\/keyring-i-love-lying\/#breadcrumb\",\"itemListElement\":[{\"@type\":\"ListItem\",\"position\":1,\"name\":\"Home\",\"item\":\"https:\/\/kabinam.lt\/\"},{\"@type\":\"ListItem\",\"position\":2,\"name\":\"Visi Produktai\",\"item\":\"https:\/\/kabinam.lt\/visi-produktai\/\"},{\"@type\":\"ListItem\",\"position\":3,\"name\":\"Rakt\u0173 pakabukas I LOVE LYING\"}]},{\"@type\":\"WebSite\",\"@id\":\"https:\/\/kabinam.lt\/#website\",\"url\":\"https:\/\/kabinam.lt\/\",\"name\":\"kabinam.lt\",\"description\":\"Kabinam.lt \u2013 raktu pakabukai ir aksesuarai\",\"publisher\":{\"@id\":\"https:\/\/kabinam.lt\/#organization\"},\"alternateName\":\"pakabukai lt\",\"potentialAction\":[{\"@type\":\"SearchAction\",\"target\":{\"@type\":\"EntryPoint\",\"urlTemplate\":\"https:\/\/kabinam.lt\/?s={search_term_string}\"},\"query-input\":{\"@type\":\"PropertyValueSpecification\",\"valueRequired\":true,\"valueName\":\"search_term_string\"}}],\"inLanguage\":\"lv-LV\"},{\"@type\":\"Organization\",\"@id\":\"https:\/\/kabinam.lt\/#organization\",\"name\":\"kabinam.lt\",\"alternateName\":\"kabinam\",\"url\":\"https:\/\/kabinam.lt\/\",\"logo\":{\"@type\":\"ImageObject\",\"inLanguage\":\"lv-LV\",\"@id\":\"https:\/\/kabinam.lt\/#\/schema\/logo\/image\/\",\"url\":\"https:\/\/kabinam.lt\/wp-content\/uploads\/2025\/05\/KABINAM_outer_glow.png\",\"contentUrl\":\"https:\/\/kabinam.lt\/wp-content\/uploads\/2025\/05\/KABINAM_outer_glow.png\",\"width\":474,\"height\":141,\"caption\":\"kabinam.lt\"},\"image\":{\"@id\":\"https:\/\/kabinam.lt\/#\/schema\/logo\/image\/\"}}]}<\/script>\n<!-- \/ Yoast SEO plugin. -->","yoast_head_json":{"title":"Atsl\u0113gu piekari\u0146\u0161 I LOVE LYING - kabinam.lt","description":"Piekari\u0146\u0161 I LOVE LYING ir drosm\u012bgs auduma aksesu\u0101rs ar baltiem iz\u0161\u016btiem uzrakstiem un sarkanu sirds simbolu. Lieliska izv\u0113le motocikla atsl\u0113g\u0101m","robots":{"index":"index","follow":"follow","max-snippet":"max-snippet:-1","max-image-preview":"max-image-preview:large","max-video-preview":"max-video-preview:-1"},"canonical":"https:\/\/kabinam.lt\/lv\/produkts\/atslegu-piekarins-i-love-lying\/","og_locale":"lv_LV","og_type":"article","og_title":"Rakt\u0173 pakabukas I LOVE LYING - kabinam.lt","og_description":"Pakabukas I LOVE LYING \u2013 dr\u0105sus med\u017eiaginis aksesuaras su baltu i\u0161siuv\u0117tu u\u017era\u0161u ir raudonu \u0161irdies simboliu. Puikus pasirinkimas motociklo raktams","og_url":"https:\/\/kabinam.lt\/lv\/produkts\/atslegu-piekarins-i-love-lying\/","og_site_name":"kabinam.lt","article_modified_time":"2026-01-03T16:50:42+00:00","og_image":[{"width":1200,"height":1200,"url":"https:\/\/kabinam.lt\/wp-content\/uploads\/2024\/08\/1701682434542-54ade248d2d24d53a776c167ca3021df-goods.jpeg","type":"image\/jpeg"}],"twitter_card":"summary_large_image","twitter_misc":{"Est. reading time":"3 min\u016btes"},"schema":{"@context":"https:\/\/schema.org","@graph":[{"@type":["WebPage","ItemPage"],"@id":"https:\/\/kabinam.lt\/eng\/product\/keyring-i-love-lying\/","url":"https:\/\/kabinam.lt\/eng\/product\/keyring-i-love-lying\/","name":"Atsl\u0113gu piekari\u0146\u0161 I LOVE LYING - kabinam.lt","isPartOf":{"@id":"https:\/\/kabinam.lt\/#website"},"primaryImageOfPage":{"@id":"https:\/\/kabinam.lt\/eng\/product\/keyring-i-love-lying\/#primaryimage"},"image":{"@id":"https:\/\/kabinam.lt\/eng\/product\/keyring-i-love-lying\/#primaryimage"},"thumbnailUrl":"https:\/\/kabinam.lt\/wp-content\/uploads\/2024\/08\/1701682434542-54ade248d2d24d53a776c167ca3021df-goods.jpeg","datePublished":"2024-08-17T09:48:07+00:00","dateModified":"2026-01-03T16:50:42+00:00","description":"Piekari\u0146\u0161 I LOVE LYING ir drosm\u012bgs auduma aksesu\u0101rs ar baltiem iz\u0161\u016btiem uzrakstiem un sarkanu sirds simbolu. Lieliska izv\u0113le motocikla atsl\u0113g\u0101m","breadcrumb":{"@id":"https:\/\/kabinam.lt\/eng\/product\/keyring-i-love-lying\/#breadcrumb"},"inLanguage":"lv-LV","potentialAction":[{"@type":"ReadAction","target":["https:\/\/kabinam.lt\/eng\/product\/keyring-i-love-lying\/"]}]},{"@type":"ImageObject","inLanguage":"lv-LV","@id":"https:\/\/kabinam.lt\/eng\/product\/keyring-i-love-lying\/#primaryimage","url":"https:\/\/kabinam.lt\/wp-content\/uploads\/2024\/08\/1701682434542-54ade248d2d24d53a776c167ca3021df-goods.jpeg","contentUrl":"https:\/\/kabinam.lt\/wp-content\/uploads\/2024\/08\/1701682434542-54ade248d2d24d53a776c167ca3021df-goods.jpeg","width":1200,"height":1200,"caption":"Pakabukas I LOVE LYING \u2013 Dr\u0105sus ir Provokuojantis Aksesuaras"},{"@type":"BreadcrumbList","@id":"https:\/\/kabinam.lt\/eng\/product\/keyring-i-love-lying\/#breadcrumb","itemListElement":[{"@type":"ListItem","position":1,"name":"Home","item":"https:\/\/kabinam.lt\/"},{"@type":"ListItem","position":2,"name":"Visi Produktai","item":"https:\/\/kabinam.lt\/visi-produktai\/"},{"@type":"ListItem","position":3,"name":"Rakt\u0173 pakabukas I LOVE LYING"}]},{"@type":"WebSite","@id":"https:\/\/kabinam.lt\/#website","url":"https:\/\/kabinam.lt\/","name":"kabinam.lt","description":"Kabinam.lt - atsl\u0113gu piekari\u0146i un aksesu\u0101ri","publisher":{"@id":"https:\/\/kabinam.lt\/#organization"},"alternateName":"pakabukai lt","potentialAction":[{"@type":"SearchAction","target":{"@type":"EntryPoint","urlTemplate":"https:\/\/kabinam.lt\/?s={search_term_string}"},"query-input":{"@type":"PropertyValueSpecification","valueRequired":true,"valueName":"search_term_string"}}],"inLanguage":"lv-LV"},{"@type":"Organization","@id":"https:\/\/kabinam.lt\/#organization","name":"kabinam.lt","alternateName":"kabinam","url":"https:\/\/kabinam.lt\/","logo":{"@type":"ImageObject","inLanguage":"lv-LV","@id":"https:\/\/kabinam.lt\/#\/schema\/logo\/image\/","url":"https:\/\/kabinam.lt\/wp-content\/uploads\/2025\/05\/KABINAM_outer_glow.png","contentUrl":"https:\/\/kabinam.lt\/wp-content\/uploads\/2025\/05\/KABINAM_outer_glow.png","width":474,"height":141,"caption":"kabinam.lt"},"image":{"@id":"https:\/\/kabinam.lt\/#\/schema\/logo\/image\/"}}]}},"uagb_featured_image_src":{"full":["https:\/\/kabinam.lt\/wp-content\/uploads\/2024\/08\/1701682434542-54ade248d2d24d53a776c167ca3021df-goods.jpeg",1200,1200,false],"thumbnail":["https:\/\/kabinam.lt\/wp-content\/uploads\/2024\/08\/1701682434542-54ade248d2d24d53a776c167ca3021df-goods-150x150.jpeg",150,150,true],"medium":["https:\/\/kabinam.lt\/wp-content\/uploads\/2024\/08\/1701682434542-54ade248d2d24d53a776c167ca3021df-goods-300x300.jpeg",300,300,true],"medium_large":["https:\/\/kabinam.lt\/wp-content\/uploads\/2024\/08\/1701682434542-54ade248d2d24d53a776c167ca3021df-goods-768x768.jpeg",768,768,true],"large":["https:\/\/kabinam.lt\/wp-content\/uploads\/2024\/08\/1701682434542-54ade248d2d24d53a776c167ca3021df-goods-1024x1024.jpeg",1024,1024,true],"1536x1536":["https:\/\/kabinam.lt\/wp-content\/uploads\/2024\/08\/1701682434542-54ade248d2d24d53a776c167ca3021df-goods.jpeg",1200,1200,false],"2048x2048":["https:\/\/kabinam.lt\/wp-content\/uploads\/2024\/08\/1701682434542-54ade248d2d24d53a776c167ca3021df-goods.jpeg",1200,1200,false],"trp-custom-language-flag":["https:\/\/kabinam.lt\/wp-content\/uploads\/2024\/08\/1701682434542-54ade248d2d24d53a776c167ca3021df-goods.jpeg",12,12,false],"woocommerce_thumbnail":["https:\/\/kabinam.lt\/wp-content\/uploads\/2024\/08\/1701682434542-54ade248d2d24d53a776c167ca3021df-goods-300x300.jpeg",300,300,true],"woocommerce_single":["https:\/\/kabinam.lt\/wp-content\/uploads\/2024\/08\/1701682434542-54ade248d2d24d53a776c167ca3021df-goods-600x600.jpeg",600,600,true],"woocommerce_gallery_thumbnail":["https:\/\/kabinam.lt\/wp-content\/uploads\/2024\/08\/1701682434542-54ade248d2d24d53a776c167ca3021df-goods-100x100.jpeg",100,100,true]},"uagb_author_info":{"display_name":"kabinam.lt","author_link":"https:\/\/kabinam.lt\/lv\/author\/"},"uagb_comment_info":0,"uagb_excerpt":"Pakabukas I LOVE LYING \u2013 originalus med\u017eiaginis aksesuaras, su juoda med\u017eiaga, baltu u\u017era\u0161u ir raudonu \u0161irdies simboliu, suteikiantis raktams unikalumo ir provokuojan\u010di\u0105 \u017einut\u0119.","_links":{"self":[{"href":"https:\/\/kabinam.lt\/lv\/wp-json\/wp\/v2\/product\/2774","targetHints":{"allow":["GET"]}}],"collection":[{"href":"https:\/\/kabinam.lt\/lv\/wp-json\/wp\/v2\/product"}],"about":[{"href":"https:\/\/kabinam.lt\/lv\/wp-json\/wp\/v2\/types\/product"}],"replies":[{"embeddable":true,"href":"https:\/\/kabinam.lt\/lv\/wp-json\/wp\/v2\/comments?post=2774"}],"wp:featuredmedia":[{"embeddable":true,"href":"https:\/\/kabinam.lt\/lv\/wp-json\/wp\/v2\/media\/2775"}],"wp:attachment":[{"href":"https:\/\/kabinam.lt\/lv\/wp-json\/wp\/v2\/media?parent=2774"}],"wp:term":[{"taxonomy":"product_brand","embeddable":true,"href":"https:\/\/kabinam.lt\/lv\/wp-json\/wp\/v2\/product_brand?post=2774"},{"taxonomy":"product_cat","embeddable":true,"href":"https:\/\/kabinam.lt\/lv\/wp-json\/wp\/v2\/product_cat?post=2774"},{"taxonomy":"product_tag","embeddable":true,"href":"https:\/\/kabinam.lt\/lv\/wp-json\/wp\/v2\/product_tag?post=2774"}],"curies":[{"name":"wp","href":"https:\/\/api.w.org\/{rel}","templated":true}]}}