{"id":2525,"date":"2024-08-15T12:32:18","date_gmt":"2024-08-15T09:32:18","guid":{"rendered":"https:\/\/kabinam.lt\/?post_type=product&#038;p=2525"},"modified":"2026-01-18T15:55:40","modified_gmt":"2026-01-18T13:55:40","slug":"meskitu-piekarins","status":"publish","type":"product","link":"https:\/\/kabinam.lt\/lv\/product\/meskutis-pakabukas\/","title":{"rendered":"L\u0101\u010da piekari\u0146\u0161 ar panamu - ekskluz\u012bvs atsl\u0113gu piekari\u0146\u0161"},"content":{"rendered":"<div class=\"kk-star-ratings kksr-auto kksr-align-left kksr-valign-top\"\n    data-payload='{&quot;align&quot;:&quot;left&quot;,&quot;id&quot;:&quot;2525&quot;,&quot;slug&quot;:&quot;default&quot;,&quot;valign&quot;:&quot;top&quot;,&quot;ignore&quot;:&quot;&quot;,&quot;reference&quot;:&quot;auto&quot;,&quot;class&quot;:&quot;&quot;,&quot;count&quot;:&quot;0&quot;,&quot;legendonly&quot;:&quot;&quot;,&quot;readonly&quot;:&quot;&quot;,&quot;score&quot;:&quot;0&quot;,&quot;starsonly&quot;:&quot;&quot;,&quot;best&quot;:&quot;5&quot;,&quot;gap&quot;:&quot;5&quot;,&quot;greet&quot;:&quot;Mums svarbus j\u016bs\u0173 \u012fvertinimas&quot;,&quot;legend&quot;:&quot;0\\\/5 - (0 votes)&quot;,&quot;size&quot;:&quot;24&quot;,&quot;title&quot;:&quot;Me\u0161kutis pakabukas su panamke \u2013 i\u0161skirtinis pakabukas raktams&quot;,&quot;width&quot;:&quot;0&quot;,&quot;_legend&quot;:&quot;{score}\\\/{best} - ({count} {votes})&quot;,&quot;font_factor&quot;:&quot;1.25&quot;}'>\n            \n<div class=\"kksr-stars\">\n    \n<div class=\"kksr-stars-inactive\">\n            <div class=\"kksr-star\" data-star=\"1\" style=\"padding-right: 5px\">\n            \n\n<div class=\"kksr-icon\" style=\"width: 24px; height: 24px;\"><\/div>\n        <\/div>\n            <div class=\"kksr-star\" data-star=\"2\" style=\"padding-right: 5px\">\n            \n\n<div class=\"kksr-icon\" style=\"width: 24px; height: 24px;\"><\/div>\n        <\/div>\n            <div class=\"kksr-star\" data-star=\"3\" style=\"padding-right: 5px\">\n            \n\n<div class=\"kksr-icon\" style=\"width: 24px; height: 24px;\"><\/div>\n        <\/div>\n            <div class=\"kksr-star\" data-star=\"4\" style=\"padding-right: 5px\">\n            \n\n<div class=\"kksr-icon\" style=\"width: 24px; height: 24px;\"><\/div>\n        <\/div>\n            <div class=\"kksr-star\" data-star=\"5\" style=\"padding-right: 5px\">\n            \n\n<div class=\"kksr-icon\" style=\"width: 24px; height: 24px;\"><\/div>\n        <\/div>\n    <\/div>\n    \n<div class=\"kksr-stars-active\" style=\"width: 0px;\">\n            <div class=\"kksr-star\" style=\"padding-right: 5px\">\n            \n\n<div class=\"kksr-icon\" style=\"width: 24px; height: 24px;\"><\/div>\n        <\/div>\n            <div class=\"kksr-star\" style=\"padding-right: 5px\">\n            \n\n<div class=\"kksr-icon\" style=\"width: 24px; height: 24px;\"><\/div>\n        <\/div>\n            <div class=\"kksr-star\" style=\"padding-right: 5px\">\n            \n\n<div class=\"kksr-icon\" style=\"width: 24px; height: 24px;\"><\/div>\n        <\/div>\n            <div class=\"kksr-star\" style=\"padding-right: 5px\">\n            \n\n<div class=\"kksr-icon\" style=\"width: 24px; height: 24px;\"><\/div>\n        <\/div>\n            <div class=\"kksr-star\" style=\"padding-right: 5px\">\n            \n\n<div class=\"kksr-icon\" style=\"width: 24px; height: 24px;\"><\/div>\n        <\/div>\n    <\/div>\n<\/div>\n                \n\n<div class=\"kksr-legend\" style=\"font-size: 19.2px;\">\n            <span class=\"kksr-muted\">Mums ir svar\u012bgs j\u016bsu nov\u0113rt\u0113jums<\/span>\n    <\/div>\n    <\/div>\n<p class=\"\" data-start=\"158\" data-end=\"540\"><strong data-start=\"158\" data-end=\"180\">L\u0101\u010da kulons<\/strong> ar panamas cepuri ir burv\u012bga izv\u0113le ikvienam, kas mekl\u0113 gudru, stil\u012bgu un ekskluz\u012bvu atsl\u0113gu aksesu\u0101ru. \u0160is 3D karikat\u016bras stila atsl\u0113gu piekari\u0146\u0161 ir izgatavots no iztur\u012bgas PVC plastmasas, kas to padara ne tikai skaistu, bet ar\u012b iztur\u012bgu. Gu\u013co\u0161ais l\u0101c\u0113ns ar panamas cepuri uzreiz piesaista uzman\u012bbu - tas ir jautrs un dz\u012bvespriec\u012bgs papildin\u0101jums j\u016bsu ikdienas gait\u0101m.<\/p>\n<h3 class=\"\" data-start=\"542\" data-end=\"584\">K\u0101p\u0113c izv\u0113l\u0113ties l\u0101\u010da piekari\u0146u?<\/h3>\n<p class=\"\" data-start=\"586\" data-end=\"898\">\u0160is <strong data-start=\"590\" data-end=\"612\">Jenots piekari\u0146\u0161<\/strong> ir ne tikai funkcion\u0101ls - tas atspogu\u013co ar\u012b j\u016bsu individualit\u0101ti un rota\u013c\u012bgu stila izj\u016btu. Tas ir lieliski piem\u0113rots atsl\u0113g\u0101m, mugursomai vai pat rokassomi\u0146ai - lai kur to piestiprin\u0101tu, tas pie\u0161\u0137irs \u0161armu un smaidu. Tas ir ar\u012b viegls un kompakts, t\u0101p\u0113c netrauc\u0113s pat tad, ja n\u0113s\u0101siet to katru dienu.<\/p>\n<p class=\"\" data-start=\"900\" data-end=\"1160\">Piekari\u0146\u0161 ir \u012bpa\u0161i iecien\u012bts b\u0113rnu un jaunie\u0161u vid\u016b, ta\u010du tas b\u016bs piem\u0113rots ikvienam, kam pat\u012bk multfilmu aksesu\u0101ri un kas mekl\u0113 siltu, draudz\u012bgu stilu. T\u0101 daudzpus\u012bba padara to lieliski piem\u0113rotu k\u0101 d\u0101vanu draugam, b\u0113rnam vai pat sev - p\u0101rsteidziet sevi vai k\u0101du citu ar jautru s\u012bkumu!<\/p>\n<h3 class=\"\" data-start=\"1162\" data-end=\"1196\">D\u0101vana, kas vienm\u0113r j\u016bs iepriecin\u0101s<\/h3>\n<p class=\"\" data-start=\"1198\" data-end=\"1528\">L\u0101\u010da cepures piekari\u0146\u0161 var b\u016bt br\u012bni\u0161\u0137\u012bga d\u0101vana dzim\u0161anas dien\u0101, Ziemassv\u0113tkos vai jebkur\u0101 cit\u0101 reiz\u0113. Tas ir aksesu\u0101rs, kam piem\u012bt raksturs - tas ir ne tikai praktisks, bet ar\u012b emocion\u0101li burv\u012bgs. \u012apa\u0161i, ja v\u0113laties izr\u0101d\u012bt uzman\u012bbu ar maziem, bet svar\u012bgiem \u017eestiem. \u0160\u0101da m\u012b\u013ca s\u012bkumaina lieta var noz\u012bm\u0113t daudz vair\u0101k, nek\u0101 \u0161\u0137iet no pirm\u0101 acu uzmetiena.<\/p>\n<p class=\"\" data-start=\"1530\" data-end=\"1736\">Piekari\u0146\u0161 ir piem\u0113rots ar\u012b kolekcion\u0101riem vai tiem, kam pat\u012bk ori\u0123in\u0101la stila deta\u013cas. Tas ir jautrs veids, k\u0101 pie\u0161\u0137irt siltumu ikdienas ap\u0123\u0113rbam vai papildin\u0101t ar siltumu ikdienas priek\u0161metus.<\/p>\n<p>Vair\u0101k produktu ar atlaidi skatiet <a href=\"https:\/\/kabinam.lt\/lv\/produkta-kategorija-2\/izpardosana\/\">\u0161eit<\/a>.<\/p>","protected":false},"excerpt":{"rendered":"<p>Sp\u0101jo\u0161\u0101 l\u0101\u010da piekari\u0146\u0161 ar cepuri no PVC - gudrs, stil\u012bgs un praktisks aksesu\u0101rs atsl\u0113g\u0101m.<\/p>","protected":false},"featured_media":2532,"comment_status":"closed","ping_status":"closed","template":"","meta":{"_uag_custom_page_level_css":"","site-sidebar-layout":"default","site-content-layout":"","ast-site-content-layout":"default","site-content-style":"default","site-sidebar-style":"default","ast-global-header-display":"","ast-banner-title-visibility":"","ast-main-header-display":"","ast-hfb-above-header-display":"","ast-hfb-below-header-display":"","ast-hfb-mobile-header-display":"","site-post-title":"","ast-breadcrumbs-content":"","ast-featured-img":"","footer-sml-layout":"","ast-disable-related-posts":"","theme-transparent-header-meta":"default","adv-header-id-meta":"","stick-header-meta":"","header-above-stick-meta":"","header-main-stick-meta":"","header-below-stick-meta":"","astra-migrate-meta-layouts":"set","ast-page-background-enabled":"default","ast-page-background-meta":{"desktop":{"background-color":"var(--ast-global-color-4)","background-image":"","background-repeat":"repeat","background-position":"center center","background-size":"auto","background-attachment":"scroll","background-type":"","background-media":"","overlay-type":"","overlay-color":"","overlay-opacity":"","overlay-gradient":""},"tablet":{"background-color":"","background-image":"","background-repeat":"repeat","background-position":"center center","background-size":"auto","background-attachment":"scroll","background-type":"","background-media":"","overlay-type":"","overlay-color":"","overlay-opacity":"","overlay-gradient":""},"mobile":{"background-color":"","background-image":"","background-repeat":"repeat","background-position":"center center","background-size":"auto","background-attachment":"scroll","background-type":"","background-media":"","overlay-type":"","overlay-color":"","overlay-opacity":"","overlay-gradient":""}},"ast-content-background-meta":{"desktop":{"background-color":"var(--ast-global-color-5)","background-image":"","background-repeat":"repeat","background-position":"center center","background-size":"auto","background-attachment":"scroll","background-type":"","background-media":"","overlay-type":"","overlay-color":"","overlay-opacity":"","overlay-gradient":""},"tablet":{"background-color":"var(--ast-global-color-5)","background-image":"","background-repeat":"repeat","background-position":"center center","background-size":"auto","background-attachment":"scroll","background-type":"","background-media":"","overlay-type":"","overlay-color":"","overlay-opacity":"","overlay-gradient":""},"mobile":{"background-color":"var(--ast-global-color-5)","background-image":"","background-repeat":"repeat","background-position":"center center","background-size":"auto","background-attachment":"scroll","background-type":"","background-media":"","overlay-type":"","overlay-color":"","overlay-opacity":"","overlay-gradient":""}}},"product_brand":[],"product_cat":[125,126,95,118,92],"product_tag":[],"class_list":{"0":"post-2525","1":"product","2":"type-product","3":"status-publish","4":"has-post-thumbnail","6":"product_cat-halloween","7":"product_cat-visi","8":"product_cat-unikalus-raktu-pakabukai","9":"product_cat-dovana-teciui","10":"product_cat-populiariausiu-produktu-kategorija","11":"desktop-align-center","12":"tablet-align-left","13":"mobile-align-left","15":"first","16":"instock","17":"shipping-taxable","18":"purchasable","19":"product-type-variable"},"yoast_head":"<!-- This site is optimized with the Yoast SEO plugin v27.1.1 - https:\/\/yoast.com\/product\/yoast-seo-wordpress\/ -->\n<title>Me\u0161kutis pakabukas su panamke \u2013 i\u0161skirtinis pakabukas raktams<\/title>\n<meta name=\"description\" content=\"Me\u0161kutis pakabukas su skrybele panamke \u2013 \u017eaismingas aksesuaras tavo raktams, puikiai tinkantis ir kaip dovana sau ar draugui.\" \/>\n<meta name=\"robots\" content=\"index, follow, max-snippet:-1, max-image-preview:large, max-video-preview:-1\" \/>\n<link rel=\"canonical\" href=\"https:\/\/kabinam.lt\/lv\/produkts\/meskitu-piekarins\/\" \/>\n<meta property=\"og:locale\" content=\"lv_LV\" \/>\n<meta property=\"og:type\" content=\"article\" \/>\n<meta property=\"og:title\" content=\"Me\u0161kutis pakabukas su panamke \u2013 i\u0161skirtinis pakabukas raktams\" \/>\n<meta property=\"og:description\" content=\"Me\u0161kutis pakabukas su skrybele panamke \u2013 \u017eaismingas aksesuaras tavo raktams, puikiai tinkantis ir kaip dovana sau ar draugui.\" \/>\n<meta property=\"og:url\" content=\"https:\/\/kabinam.lt\/lv\/produkts\/meskitu-piekarins\/\" \/>\n<meta property=\"og:site_name\" content=\"kabinam.lt\" \/>\n<meta property=\"article:modified_time\" content=\"2026-01-18T13:55:40+00:00\" \/>\n<meta property=\"og:image\" content=\"https:\/\/kabinam.lt\/wp-content\/uploads\/2024\/08\/8fbb52a3-0e49-4795-953c-92866a6a9baa.jpg\" \/>\n\t<meta property=\"og:image:width\" content=\"800\" \/>\n\t<meta property=\"og:image:height\" content=\"800\" \/>\n\t<meta property=\"og:image:type\" content=\"image\/jpeg\" \/>\n<meta name=\"twitter:card\" content=\"summary_large_image\" \/>\n<meta name=\"twitter:label1\" content=\"Est. reading time\" \/>\n\t<meta name=\"twitter:data1\" content=\"2 min\u016btes\" \/>\n<script type=\"application\/ld+json\" class=\"yoast-schema-graph\">{\"@context\":\"https:\/\/schema.org\",\"@graph\":[{\"@type\":[\"WebPage\",\"ItemPage\"],\"@id\":\"https:\/\/kabinam.lt\/eng\/product\/meskutis-pakabukas\/\",\"url\":\"https:\/\/kabinam.lt\/eng\/product\/meskutis-pakabukas\/\",\"name\":\"Me\u0161kutis pakabukas su panamke \u2013 i\u0161skirtinis pakabukas raktams\",\"isPartOf\":{\"@id\":\"https:\/\/kabinam.lt\/#website\"},\"primaryImageOfPage\":{\"@id\":\"https:\/\/kabinam.lt\/eng\/product\/meskutis-pakabukas\/#primaryimage\"},\"image\":{\"@id\":\"https:\/\/kabinam.lt\/eng\/product\/meskutis-pakabukas\/#primaryimage\"},\"thumbnailUrl\":\"https:\/\/kabinam.lt\/wp-content\/uploads\/2024\/08\/8fbb52a3-0e49-4795-953c-92866a6a9baa.jpg\",\"datePublished\":\"2024-08-15T09:32:18+00:00\",\"dateModified\":\"2026-01-18T13:55:40+00:00\",\"description\":\"Me\u0161kutis pakabukas su skrybele panamke \u2013 \u017eaismingas aksesuaras tavo raktams, puikiai tinkantis ir kaip dovana sau ar draugui.\",\"breadcrumb\":{\"@id\":\"https:\/\/kabinam.lt\/eng\/product\/meskutis-pakabukas\/#breadcrumb\"},\"inLanguage\":\"lv-LV\",\"potentialAction\":[{\"@type\":\"ReadAction\",\"target\":[\"https:\/\/kabinam.lt\/eng\/product\/meskutis-pakabukas\/\"]}]},{\"@type\":\"ImageObject\",\"inLanguage\":\"lv-LV\",\"@id\":\"https:\/\/kabinam.lt\/eng\/product\/meskutis-pakabukas\/#primaryimage\",\"url\":\"https:\/\/kabinam.lt\/wp-content\/uploads\/2024\/08\/8fbb52a3-0e49-4795-953c-92866a6a9baa.jpg\",\"contentUrl\":\"https:\/\/kabinam.lt\/wp-content\/uploads\/2024\/08\/8fbb52a3-0e49-4795-953c-92866a6a9baa.jpg\",\"width\":800,\"height\":800,\"caption\":\"Miegantis me\u0161kutis su skryb\u0117le\"},{\"@type\":\"BreadcrumbList\",\"@id\":\"https:\/\/kabinam.lt\/eng\/product\/meskutis-pakabukas\/#breadcrumb\",\"itemListElement\":[{\"@type\":\"ListItem\",\"position\":1,\"name\":\"Home\",\"item\":\"https:\/\/kabinam.lt\/\"},{\"@type\":\"ListItem\",\"position\":2,\"name\":\"Visi Produktai\",\"item\":\"https:\/\/kabinam.lt\/visi-produktai\/\"},{\"@type\":\"ListItem\",\"position\":3,\"name\":\"Me\u0161kutis pakabukas su panamke \u2013 i\u0161skirtinis pakabukas raktams\"}]},{\"@type\":\"WebSite\",\"@id\":\"https:\/\/kabinam.lt\/#website\",\"url\":\"https:\/\/kabinam.lt\/\",\"name\":\"kabinam.lt\",\"description\":\"Kabinam.lt \u2013 raktu pakabukai ir aksesuarai\",\"publisher\":{\"@id\":\"https:\/\/kabinam.lt\/#organization\"},\"alternateName\":\"pakabukai lt\",\"potentialAction\":[{\"@type\":\"SearchAction\",\"target\":{\"@type\":\"EntryPoint\",\"urlTemplate\":\"https:\/\/kabinam.lt\/?s={search_term_string}\"},\"query-input\":{\"@type\":\"PropertyValueSpecification\",\"valueRequired\":true,\"valueName\":\"search_term_string\"}}],\"inLanguage\":\"lv-LV\"},{\"@type\":\"Organization\",\"@id\":\"https:\/\/kabinam.lt\/#organization\",\"name\":\"kabinam.lt\",\"alternateName\":\"kabinam\",\"url\":\"https:\/\/kabinam.lt\/\",\"logo\":{\"@type\":\"ImageObject\",\"inLanguage\":\"lv-LV\",\"@id\":\"https:\/\/kabinam.lt\/#\/schema\/logo\/image\/\",\"url\":\"https:\/\/kabinam.lt\/wp-content\/uploads\/2025\/05\/KABINAM_outer_glow.png\",\"contentUrl\":\"https:\/\/kabinam.lt\/wp-content\/uploads\/2025\/05\/KABINAM_outer_glow.png\",\"width\":474,\"height\":141,\"caption\":\"kabinam.lt\"},\"image\":{\"@id\":\"https:\/\/kabinam.lt\/#\/schema\/logo\/image\/\"}}]}<\/script>\n<!-- \/ Yoast SEO plugin. -->","yoast_head_json":{"title":"L\u0101\u010da piekari\u0146\u0161 ar panamu - ekskluz\u012bvs atsl\u0113gu piekari\u0146\u0161","description":"L\u0101\u010da piekari\u0146\u0161 ar panamas cepuri ir rota\u013c\u012bgs aksesu\u0101rs j\u016bsu atsl\u0113g\u0101m, kas lieliski noder\u0113s k\u0101 d\u0101vana sev vai draugam.","robots":{"index":"index","follow":"follow","max-snippet":"max-snippet:-1","max-image-preview":"max-image-preview:large","max-video-preview":"max-video-preview:-1"},"canonical":"https:\/\/kabinam.lt\/lv\/produkts\/meskitu-piekarins\/","og_locale":"lv_LV","og_type":"article","og_title":"Me\u0161kutis pakabukas su panamke \u2013 i\u0161skirtinis pakabukas raktams","og_description":"Me\u0161kutis pakabukas su skrybele panamke \u2013 \u017eaismingas aksesuaras tavo raktams, puikiai tinkantis ir kaip dovana sau ar draugui.","og_url":"https:\/\/kabinam.lt\/lv\/produkts\/meskitu-piekarins\/","og_site_name":"kabinam.lt","article_modified_time":"2026-01-18T13:55:40+00:00","og_image":[{"width":800,"height":800,"url":"https:\/\/kabinam.lt\/wp-content\/uploads\/2024\/08\/8fbb52a3-0e49-4795-953c-92866a6a9baa.jpg","type":"image\/jpeg"}],"twitter_card":"summary_large_image","twitter_misc":{"Est. reading time":"2 min\u016btes"},"schema":{"@context":"https:\/\/schema.org","@graph":[{"@type":["WebPage","ItemPage"],"@id":"https:\/\/kabinam.lt\/eng\/product\/meskutis-pakabukas\/","url":"https:\/\/kabinam.lt\/eng\/product\/meskutis-pakabukas\/","name":"L\u0101\u010da piekari\u0146\u0161 ar panamu - ekskluz\u012bvs atsl\u0113gu piekari\u0146\u0161","isPartOf":{"@id":"https:\/\/kabinam.lt\/#website"},"primaryImageOfPage":{"@id":"https:\/\/kabinam.lt\/eng\/product\/meskutis-pakabukas\/#primaryimage"},"image":{"@id":"https:\/\/kabinam.lt\/eng\/product\/meskutis-pakabukas\/#primaryimage"},"thumbnailUrl":"https:\/\/kabinam.lt\/wp-content\/uploads\/2024\/08\/8fbb52a3-0e49-4795-953c-92866a6a9baa.jpg","datePublished":"2024-08-15T09:32:18+00:00","dateModified":"2026-01-18T13:55:40+00:00","description":"L\u0101\u010da piekari\u0146\u0161 ar panamas cepuri ir rota\u013c\u012bgs aksesu\u0101rs j\u016bsu atsl\u0113g\u0101m, kas lieliski noder\u0113s k\u0101 d\u0101vana sev vai draugam.","breadcrumb":{"@id":"https:\/\/kabinam.lt\/eng\/product\/meskutis-pakabukas\/#breadcrumb"},"inLanguage":"lv-LV","potentialAction":[{"@type":"ReadAction","target":["https:\/\/kabinam.lt\/eng\/product\/meskutis-pakabukas\/"]}]},{"@type":"ImageObject","inLanguage":"lv-LV","@id":"https:\/\/kabinam.lt\/eng\/product\/meskutis-pakabukas\/#primaryimage","url":"https:\/\/kabinam.lt\/wp-content\/uploads\/2024\/08\/8fbb52a3-0e49-4795-953c-92866a6a9baa.jpg","contentUrl":"https:\/\/kabinam.lt\/wp-content\/uploads\/2024\/08\/8fbb52a3-0e49-4795-953c-92866a6a9baa.jpg","width":800,"height":800,"caption":"Miegantis me\u0161kutis su skryb\u0117le"},{"@type":"BreadcrumbList","@id":"https:\/\/kabinam.lt\/eng\/product\/meskutis-pakabukas\/#breadcrumb","itemListElement":[{"@type":"ListItem","position":1,"name":"Home","item":"https:\/\/kabinam.lt\/"},{"@type":"ListItem","position":2,"name":"Visi Produktai","item":"https:\/\/kabinam.lt\/visi-produktai\/"},{"@type":"ListItem","position":3,"name":"Me\u0161kutis pakabukas su panamke \u2013 i\u0161skirtinis pakabukas raktams"}]},{"@type":"WebSite","@id":"https:\/\/kabinam.lt\/#website","url":"https:\/\/kabinam.lt\/","name":"kabinam.lt","description":"Kabinam.lt - atsl\u0113gu piekari\u0146i un aksesu\u0101ri","publisher":{"@id":"https:\/\/kabinam.lt\/#organization"},"alternateName":"pakabukai lt","potentialAction":[{"@type":"SearchAction","target":{"@type":"EntryPoint","urlTemplate":"https:\/\/kabinam.lt\/?s={search_term_string}"},"query-input":{"@type":"PropertyValueSpecification","valueRequired":true,"valueName":"search_term_string"}}],"inLanguage":"lv-LV"},{"@type":"Organization","@id":"https:\/\/kabinam.lt\/#organization","name":"kabinam.lt","alternateName":"kabinam","url":"https:\/\/kabinam.lt\/","logo":{"@type":"ImageObject","inLanguage":"lv-LV","@id":"https:\/\/kabinam.lt\/#\/schema\/logo\/image\/","url":"https:\/\/kabinam.lt\/wp-content\/uploads\/2025\/05\/KABINAM_outer_glow.png","contentUrl":"https:\/\/kabinam.lt\/wp-content\/uploads\/2025\/05\/KABINAM_outer_glow.png","width":474,"height":141,"caption":"kabinam.lt"},"image":{"@id":"https:\/\/kabinam.lt\/#\/schema\/logo\/image\/"}}]}},"uagb_featured_image_src":{"full":["https:\/\/kabinam.lt\/wp-content\/uploads\/2024\/08\/8fbb52a3-0e49-4795-953c-92866a6a9baa.jpg",800,800,false],"thumbnail":["https:\/\/kabinam.lt\/wp-content\/uploads\/2024\/08\/8fbb52a3-0e49-4795-953c-92866a6a9baa-150x150.jpg",150,150,true],"medium":["https:\/\/kabinam.lt\/wp-content\/uploads\/2024\/08\/8fbb52a3-0e49-4795-953c-92866a6a9baa-300x300.jpg",300,300,true],"medium_large":["https:\/\/kabinam.lt\/wp-content\/uploads\/2024\/08\/8fbb52a3-0e49-4795-953c-92866a6a9baa-768x768.jpg",768,768,true],"large":["https:\/\/kabinam.lt\/wp-content\/uploads\/2024\/08\/8fbb52a3-0e49-4795-953c-92866a6a9baa.jpg",800,800,false],"1536x1536":["https:\/\/kabinam.lt\/wp-content\/uploads\/2024\/08\/8fbb52a3-0e49-4795-953c-92866a6a9baa.jpg",800,800,false],"2048x2048":["https:\/\/kabinam.lt\/wp-content\/uploads\/2024\/08\/8fbb52a3-0e49-4795-953c-92866a6a9baa.jpg",800,800,false],"trp-custom-language-flag":["https:\/\/kabinam.lt\/wp-content\/uploads\/2024\/08\/8fbb52a3-0e49-4795-953c-92866a6a9baa.jpg",12,12,false],"woocommerce_thumbnail":["https:\/\/kabinam.lt\/wp-content\/uploads\/2024\/08\/8fbb52a3-0e49-4795-953c-92866a6a9baa-300x300.jpg",300,300,true],"woocommerce_single":["https:\/\/kabinam.lt\/wp-content\/uploads\/2024\/08\/8fbb52a3-0e49-4795-953c-92866a6a9baa-600x600.jpg",600,600,true],"woocommerce_gallery_thumbnail":["https:\/\/kabinam.lt\/wp-content\/uploads\/2024\/08\/8fbb52a3-0e49-4795-953c-92866a6a9baa-100x100.jpg",100,100,true]},"uagb_author_info":{"display_name":"kabinam.lt","author_link":"https:\/\/kabinam.lt\/lv\/author\/"},"uagb_comment_info":0,"uagb_excerpt":"Miegantis me\u0161kutis pakabukas su skryb\u0117le, pagamintas i\u0161 PVC \u2013 mielas, stilingas ir prakti\u0161kas aksesuaras raktams.","_links":{"self":[{"href":"https:\/\/kabinam.lt\/lv\/wp-json\/wp\/v2\/product\/2525","targetHints":{"allow":["GET"]}}],"collection":[{"href":"https:\/\/kabinam.lt\/lv\/wp-json\/wp\/v2\/product"}],"about":[{"href":"https:\/\/kabinam.lt\/lv\/wp-json\/wp\/v2\/types\/product"}],"replies":[{"embeddable":true,"href":"https:\/\/kabinam.lt\/lv\/wp-json\/wp\/v2\/comments?post=2525"}],"wp:featuredmedia":[{"embeddable":true,"href":"https:\/\/kabinam.lt\/lv\/wp-json\/wp\/v2\/media\/2532"}],"wp:attachment":[{"href":"https:\/\/kabinam.lt\/lv\/wp-json\/wp\/v2\/media?parent=2525"}],"wp:term":[{"taxonomy":"product_brand","embeddable":true,"href":"https:\/\/kabinam.lt\/lv\/wp-json\/wp\/v2\/product_brand?post=2525"},{"taxonomy":"product_cat","embeddable":true,"href":"https:\/\/kabinam.lt\/lv\/wp-json\/wp\/v2\/product_cat?post=2525"},{"taxonomy":"product_tag","embeddable":true,"href":"https:\/\/kabinam.lt\/lv\/wp-json\/wp\/v2\/product_tag?post=2525"}],"curies":[{"name":"wp","href":"https:\/\/api.w.org\/{rel}","templated":true}]}}