{"id":2508,"date":"2024-08-15T12:33:12","date_gmt":"2024-08-15T09:33:12","guid":{"rendered":"https:\/\/kabinam.lt\/?post_type=product&#038;p=2508"},"modified":"2026-01-03T18:54:42","modified_gmt":"2026-01-03T16:54:42","slug":"gravets-kulons-ar-tekstu","status":"publish","type":"product","link":"https:\/\/kabinam.lt\/lv\/product\/graviruotas-pakabukas-su-tekstu\/","title":{"rendered":"Grav\u0113ts kulons \u201eBiezas meitenes - mana v\u0101j\u012bba\u201c"},"content":{"rendered":"<div class=\"kk-star-ratings kksr-auto kksr-align-left kksr-valign-top\"\n    data-payload='{&quot;align&quot;:&quot;left&quot;,&quot;id&quot;:&quot;2508&quot;,&quot;slug&quot;:&quot;default&quot;,&quot;valign&quot;:&quot;top&quot;,&quot;ignore&quot;:&quot;&quot;,&quot;reference&quot;:&quot;auto&quot;,&quot;class&quot;:&quot;&quot;,&quot;count&quot;:&quot;0&quot;,&quot;legendonly&quot;:&quot;&quot;,&quot;readonly&quot;:&quot;&quot;,&quot;score&quot;:&quot;0&quot;,&quot;starsonly&quot;:&quot;&quot;,&quot;best&quot;:&quot;5&quot;,&quot;gap&quot;:&quot;5&quot;,&quot;greet&quot;:&quot;Mums svarbus j\u016bs\u0173 \u012fvertinimas&quot;,&quot;legend&quot;:&quot;0\\\/5 - (0 votes)&quot;,&quot;size&quot;:&quot;24&quot;,&quot;title&quot;:&quot;Graviruotas pakabukas \u201eThick Girls \u2013 Are My Weakness\u201c&quot;,&quot;width&quot;:&quot;0&quot;,&quot;_legend&quot;:&quot;{score}\\\/{best} - ({count} {votes})&quot;,&quot;font_factor&quot;:&quot;1.25&quot;}'>\n            \n<div class=\"kksr-stars\">\n    \n<div class=\"kksr-stars-inactive\">\n            <div class=\"kksr-star\" data-star=\"1\" style=\"padding-right: 5px\">\n            \n\n<div class=\"kksr-icon\" style=\"width: 24px; height: 24px;\"><\/div>\n        <\/div>\n            <div class=\"kksr-star\" data-star=\"2\" style=\"padding-right: 5px\">\n            \n\n<div class=\"kksr-icon\" style=\"width: 24px; height: 24px;\"><\/div>\n        <\/div>\n            <div class=\"kksr-star\" data-star=\"3\" style=\"padding-right: 5px\">\n            \n\n<div class=\"kksr-icon\" style=\"width: 24px; height: 24px;\"><\/div>\n        <\/div>\n            <div class=\"kksr-star\" data-star=\"4\" style=\"padding-right: 5px\">\n            \n\n<div class=\"kksr-icon\" style=\"width: 24px; height: 24px;\"><\/div>\n        <\/div>\n            <div class=\"kksr-star\" data-star=\"5\" style=\"padding-right: 5px\">\n            \n\n<div class=\"kksr-icon\" style=\"width: 24px; height: 24px;\"><\/div>\n        <\/div>\n    <\/div>\n    \n<div class=\"kksr-stars-active\" style=\"width: 0px;\">\n            <div class=\"kksr-star\" style=\"padding-right: 5px\">\n            \n\n<div class=\"kksr-icon\" style=\"width: 24px; height: 24px;\"><\/div>\n        <\/div>\n            <div class=\"kksr-star\" style=\"padding-right: 5px\">\n            \n\n<div class=\"kksr-icon\" style=\"width: 24px; height: 24px;\"><\/div>\n        <\/div>\n            <div class=\"kksr-star\" style=\"padding-right: 5px\">\n            \n\n<div class=\"kksr-icon\" style=\"width: 24px; height: 24px;\"><\/div>\n        <\/div>\n            <div class=\"kksr-star\" style=\"padding-right: 5px\">\n            \n\n<div class=\"kksr-icon\" style=\"width: 24px; height: 24px;\"><\/div>\n        <\/div>\n            <div class=\"kksr-star\" style=\"padding-right: 5px\">\n            \n\n<div class=\"kksr-icon\" style=\"width: 24px; height: 24px;\"><\/div>\n        <\/div>\n    <\/div>\n<\/div>\n                \n\n<div class=\"kksr-legend\" style=\"font-size: 19.2px;\">\n            <span class=\"kksr-muted\">Mums ir svar\u012bgs j\u016bsu nov\u0113rt\u0113jums<\/span>\n    <\/div>\n    <\/div>\n<h1>Grav\u0113ts kulons \u201eBiezas meitenes - mana v\u0101j\u012bba\u201c<\/h1>\n<p><strong>Grav\u0113ts kulons \u201eBiezas meitenes - mana v\u0101j\u012bba\u201c<\/strong> \u2013 drosm\u012bgs un rota\u013c\u012bgs aksesu\u0101rs, kas izce\u013cas ne tikai ar provokat\u012bvo tekstu, bet ar\u012b ar izteiksm\u012bgo ilustr\u0101ciju. \u0160is met\u0101la atsl\u0113gas piekari\u0146\u0161 ir paredz\u0113ts tiem, kuri nebaid\u0101s pasmieties par sevi, nov\u0113rt\u0113 unik\u0101lu stilu un nebaid\u0101s par\u0101d\u012bt savas simp\u0101tijas. Uzman\u012bbu piesaista izteiksm\u012bgais dizains ar sievietes att\u0113lu, bet iegrav\u0113tais teksts pau\u017e aspr\u0101t\u012bgu attieksmi pret dz\u012bvi.<\/p>\n<h2>Izcila aksesu\u0101rs pa\u0161p\u0101rliecin\u0101tiem cilv\u0113kiem<\/h2>\n<p>Piekari\u0146\u0161 ir izgatavots no augstas kvalit\u0101tes, iztur\u012bga met\u0101la, kas nodro\u0161ina ilgm\u016b\u017e\u012bbu. T\u0101 virsma ir pul\u0113ta l\u012bdz sp\u012bdumam, un iegrav\u0113tais uzraksts \u201eThick Girls \u2013 Are My Weakness\u201c (Piena meitenes \u2013 mana v\u0101j\u012bba) ir papildin\u0101ts ar izteiksm\u012bgu sievie\u0161u fig\u016bru, kas pau\u017e sievi\u0161\u0137\u012bbu, pa\u0161apzi\u0146u un humoru. \u0160is aksesu\u0101rs ir piem\u0113rots k\u0101 ori\u0123in\u0101ls akcents atsl\u0113g\u0101m, mugursomai vai automa\u0161\u012bnas atsl\u0113gas gredzenam.<\/p>\n<h3>Humora deva katrai dienai<\/h3>\n<p>\u0160ie aspr\u0101t\u012bgi grav\u0113tie kuloni k\u013c\u016bst arvien popul\u0101r\u0101ki starp cilv\u0113kiem, kuri mekl\u0113 neparastus aksesu\u0101rus, kas atspogu\u013co vi\u0146u person\u012bbu. Ne visi uzdro\u0161in\u0101s izpausties \u0161\u0101d\u0101 veid\u0101, bet tiem, kas nov\u0113rt\u0113 br\u012bv\u012bbu, individualit\u0101ti un labu humoru, \u0161is kulons ir \u012bsts atradums. Starp <a href=\"https:\/\/kabinam.lt\/lv\/kategorija\/pakabukai\/\" target=\"_blank\" rel=\"noopener\">kabinam.lt piekari\u0146i<\/a> J\u016bs varat atrast ar\u012b jautr\u0101kas vai aspr\u0101t\u012bg\u0101kas grav\u0113tas versijas.<\/p>\n<h3>Unik\u0101la izv\u0113le drosm\u012bgajiem<\/h3>\n<p>\u0160\u012b kulona saturs un dizains nav dom\u0101ts visiem, bet tie\u0161i tas padara to tik \u012bpa\u0161u. M\u016bsdienu aksesu\u0101ru tirg\u016b arvien vair\u0101k par\u0101d\u0101s produkti, kas veicina pa\u0161izpausmi un pal\u012bdz par\u0101d\u012bt to, kas ir svar\u012bgi \u2013 pat ja tas ir tikai rota\u013c\u012bgs pievilk\u0161anas l\u012bdzeklis sieviet\u0113m ar izteiksm\u012bg\u0101m form\u0101m. T\u0101di izstr\u0101d\u0101jumi k\u0101 <a href=\"https:\/\/www.cosmopolitan.com\/style-beauty\/fashion\/a29678568\/thick-body-positivity\/\" target=\"_blank\" rel=\"noopener\">Kosmopol\u012bts<\/a> uzsver, ka \u0161\u012b t\u0113ma ir aktu\u0101la, jo t\u0101 saist\u012bta ar pozit\u012bvu attieksmi pret \u0137ermeni un humora noz\u012bmi ikdienas dz\u012bv\u0113.<\/p>","protected":false},"excerpt":{"rendered":"<p>Provokat\u012bvs kulons ar aspr\u0101t\u012bgu uzrakstu un izteiksm\u012bgu ilustr\u0101ciju drosm\u012bgajiem.<\/p>","protected":false},"featured_media":2516,"comment_status":"closed","ping_status":"closed","template":"","meta":{"_uag_custom_page_level_css":"","site-sidebar-layout":"default","site-content-layout":"","ast-site-content-layout":"default","site-content-style":"default","site-sidebar-style":"default","ast-global-header-display":"","ast-banner-title-visibility":"","ast-main-header-display":"","ast-hfb-above-header-display":"","ast-hfb-below-header-display":"","ast-hfb-mobile-header-display":"","site-post-title":"","ast-breadcrumbs-content":"","ast-featured-img":"","footer-sml-layout":"","ast-disable-related-posts":"","theme-transparent-header-meta":"default","adv-header-id-meta":"","stick-header-meta":"","header-above-stick-meta":"","header-main-stick-meta":"","header-below-stick-meta":"","astra-migrate-meta-layouts":"set","ast-page-background-enabled":"default","ast-page-background-meta":{"desktop":{"background-color":"var(--ast-global-color-4)","background-image":"","background-repeat":"repeat","background-position":"center center","background-size":"auto","background-attachment":"scroll","background-type":"","background-media":"","overlay-type":"","overlay-color":"","overlay-opacity":"","overlay-gradient":""},"tablet":{"background-color":"","background-image":"","background-repeat":"repeat","background-position":"center center","background-size":"auto","background-attachment":"scroll","background-type":"","background-media":"","overlay-type":"","overlay-color":"","overlay-opacity":"","overlay-gradient":""},"mobile":{"background-color":"","background-image":"","background-repeat":"repeat","background-position":"center center","background-size":"auto","background-attachment":"scroll","background-type":"","background-media":"","overlay-type":"","overlay-color":"","overlay-opacity":"","overlay-gradient":""}},"ast-content-background-meta":{"desktop":{"background-color":"var(--ast-global-color-5)","background-image":"","background-repeat":"repeat","background-position":"center center","background-size":"auto","background-attachment":"scroll","background-type":"","background-media":"","overlay-type":"","overlay-color":"","overlay-opacity":"","overlay-gradient":""},"tablet":{"background-color":"var(--ast-global-color-5)","background-image":"","background-repeat":"repeat","background-position":"center center","background-size":"auto","background-attachment":"scroll","background-type":"","background-media":"","overlay-type":"","overlay-color":"","overlay-opacity":"","overlay-gradient":""},"mobile":{"background-color":"var(--ast-global-color-5)","background-image":"","background-repeat":"repeat","background-position":"center center","background-size":"auto","background-attachment":"scroll","background-type":"","background-media":"","overlay-type":"","overlay-color":"","overlay-opacity":"","overlay-gradient":""}}},"product_brand":[],"product_cat":[126,117,116,95],"product_tag":[],"class_list":{"0":"post-2508","1":"product","2":"type-product","3":"status-publish","4":"has-post-thumbnail","6":"product_cat-visi","7":"product_cat-graviruoti-raktu-pakabukai","8":"product_cat-metaliniai-raktu-pakabukai","9":"product_cat-unikalus-raktu-pakabukai","10":"desktop-align-center","11":"tablet-align-left","12":"mobile-align-left","14":"first","15":"instock","16":"shipping-taxable","17":"purchasable","18":"product-type-simple"},"yoast_head":"<!-- This site is optimized with the Yoast SEO plugin v27.1.1 - https:\/\/yoast.com\/product\/yoast-seo-wordpress\/ -->\n<title>Graviruotas pakabukas \u201eThick Girls \u2013 Are My Weakness\u201c - kabinam.lt<\/title>\n<meta name=\"description\" content=\"Graviruotas pakabukas su tekstu \u201eThick Girls \u2013 Are My Weakness\u201c \u2013 \u0161maik\u0161tus aksesuaras dr\u0105siems, vertinantiems stili\u0173 ir humoro jausm\u0105.\" \/>\n<meta name=\"robots\" content=\"index, follow, max-snippet:-1, max-image-preview:large, max-video-preview:-1\" \/>\n<link rel=\"canonical\" href=\"https:\/\/kabinam.lt\/lv\/produkts\/gravets-kulons-ar-tekstu\/\" \/>\n<meta property=\"og:locale\" content=\"lv_LV\" \/>\n<meta property=\"og:type\" content=\"article\" \/>\n<meta property=\"og:title\" content=\"Graviruotas pakabukas \u201eThick Girls \u2013 Are My Weakness\u201c - kabinam.lt\" \/>\n<meta property=\"og:description\" content=\"Graviruotas pakabukas su tekstu \u201eThick Girls \u2013 Are My Weakness\u201c \u2013 \u0161maik\u0161tus aksesuaras dr\u0105siems, vertinantiems stili\u0173 ir humoro jausm\u0105.\" \/>\n<meta property=\"og:url\" content=\"https:\/\/kabinam.lt\/lv\/produkts\/gravets-kulons-ar-tekstu\/\" \/>\n<meta property=\"og:site_name\" content=\"kabinam.lt\" \/>\n<meta property=\"article:modified_time\" content=\"2026-01-03T16:54:42+00:00\" \/>\n<meta property=\"og:image\" content=\"https:\/\/kabinam.lt\/wp-content\/uploads\/2024\/08\/ezgif.com-webp-to-jpg-converter.jpg\" \/>\n\t<meta property=\"og:image:width\" content=\"800\" \/>\n\t<meta property=\"og:image:height\" content=\"800\" \/>\n\t<meta property=\"og:image:type\" content=\"image\/jpeg\" \/>\n<meta name=\"twitter:card\" content=\"summary_large_image\" \/>\n<meta name=\"twitter:label1\" content=\"Est. reading time\" \/>\n\t<meta name=\"twitter:data1\" content=\"2 min\u016btes\" \/>\n<script type=\"application\/ld+json\" class=\"yoast-schema-graph\">{\"@context\":\"https:\/\/schema.org\",\"@graph\":[{\"@type\":[\"WebPage\",\"ItemPage\"],\"@id\":\"https:\/\/kabinam.lt\/product\/graviruotas-pakabukas-su-tekstu\/\",\"url\":\"https:\/\/kabinam.lt\/product\/graviruotas-pakabukas-su-tekstu\/\",\"name\":\"Graviruotas pakabukas \u201eThick Girls \u2013 Are My Weakness\u201c - kabinam.lt\",\"isPartOf\":{\"@id\":\"https:\/\/kabinam.lt\/#website\"},\"primaryImageOfPage\":{\"@id\":\"https:\/\/kabinam.lt\/product\/graviruotas-pakabukas-su-tekstu\/#primaryimage\"},\"image\":{\"@id\":\"https:\/\/kabinam.lt\/product\/graviruotas-pakabukas-su-tekstu\/#primaryimage\"},\"thumbnailUrl\":\"https:\/\/kabinam.lt\/wp-content\/uploads\/2024\/08\/ezgif.com-webp-to-jpg-converter.jpg\",\"datePublished\":\"2024-08-15T09:33:12+00:00\",\"dateModified\":\"2026-01-03T16:54:42+00:00\",\"description\":\"Graviruotas pakabukas su tekstu \u201eThick Girls \u2013 Are My Weakness\u201c \u2013 \u0161maik\u0161tus aksesuaras dr\u0105siems, vertinantiems stili\u0173 ir humoro jausm\u0105.\",\"breadcrumb\":{\"@id\":\"https:\/\/kabinam.lt\/product\/graviruotas-pakabukas-su-tekstu\/#breadcrumb\"},\"inLanguage\":\"lv-LV\",\"potentialAction\":[{\"@type\":\"ReadAction\",\"target\":[\"https:\/\/kabinam.lt\/product\/graviruotas-pakabukas-su-tekstu\/\"]}]},{\"@type\":\"ImageObject\",\"inLanguage\":\"lv-LV\",\"@id\":\"https:\/\/kabinam.lt\/product\/graviruotas-pakabukas-su-tekstu\/#primaryimage\",\"url\":\"https:\/\/kabinam.lt\/wp-content\/uploads\/2024\/08\/ezgif.com-webp-to-jpg-converter.jpg\",\"contentUrl\":\"https:\/\/kabinam.lt\/wp-content\/uploads\/2024\/08\/ezgif.com-webp-to-jpg-converter.jpg\",\"width\":800,\"height\":800,\"caption\":\"Pakabukas su moters fig\u016bra ir provokuojan\u010diu tekstu\"},{\"@type\":\"BreadcrumbList\",\"@id\":\"https:\/\/kabinam.lt\/product\/graviruotas-pakabukas-su-tekstu\/#breadcrumb\",\"itemListElement\":[{\"@type\":\"ListItem\",\"position\":1,\"name\":\"Home\",\"item\":\"https:\/\/kabinam.lt\/\"},{\"@type\":\"ListItem\",\"position\":2,\"name\":\"Visi Produktai\",\"item\":\"https:\/\/kabinam.lt\/visi-produktai\/\"},{\"@type\":\"ListItem\",\"position\":3,\"name\":\"Graviruotas pakabukas \u201eThick Girls \u2013 Are My Weakness\u201c\"}]},{\"@type\":\"WebSite\",\"@id\":\"https:\/\/kabinam.lt\/#website\",\"url\":\"https:\/\/kabinam.lt\/\",\"name\":\"kabinam.lt\",\"description\":\"Kabinam.lt \u2013 raktu pakabukai ir aksesuarai\",\"publisher\":{\"@id\":\"https:\/\/kabinam.lt\/#organization\"},\"alternateName\":\"pakabukai lt\",\"potentialAction\":[{\"@type\":\"SearchAction\",\"target\":{\"@type\":\"EntryPoint\",\"urlTemplate\":\"https:\/\/kabinam.lt\/?s={search_term_string}\"},\"query-input\":{\"@type\":\"PropertyValueSpecification\",\"valueRequired\":true,\"valueName\":\"search_term_string\"}}],\"inLanguage\":\"lv-LV\"},{\"@type\":\"Organization\",\"@id\":\"https:\/\/kabinam.lt\/#organization\",\"name\":\"kabinam.lt\",\"alternateName\":\"kabinam\",\"url\":\"https:\/\/kabinam.lt\/\",\"logo\":{\"@type\":\"ImageObject\",\"inLanguage\":\"lv-LV\",\"@id\":\"https:\/\/kabinam.lt\/#\/schema\/logo\/image\/\",\"url\":\"https:\/\/kabinam.lt\/wp-content\/uploads\/2025\/05\/KABINAM_outer_glow.png\",\"contentUrl\":\"https:\/\/kabinam.lt\/wp-content\/uploads\/2025\/05\/KABINAM_outer_glow.png\",\"width\":474,\"height\":141,\"caption\":\"kabinam.lt\"},\"image\":{\"@id\":\"https:\/\/kabinam.lt\/#\/schema\/logo\/image\/\"}}]}<\/script>\n<!-- \/ Yoast SEO plugin. -->","yoast_head_json":{"title":"Grav\u0113ts kulons \u201eBiezas meitenes - mana v\u0101j\u012bba\u201c - kabinam.lt","description":"Grav\u0113ts kulons ar tekstu \u201eBiezas meitenes - mana v\u0101j\u012bba\u201c - aspr\u0101t\u012bgs aksesu\u0101rs drosm\u012bgiem cilv\u0113kiem, kuri nov\u0113rt\u0113 stilu un humora izj\u016btu.","robots":{"index":"index","follow":"follow","max-snippet":"max-snippet:-1","max-image-preview":"max-image-preview:large","max-video-preview":"max-video-preview:-1"},"canonical":"https:\/\/kabinam.lt\/lv\/produkts\/gravets-kulons-ar-tekstu\/","og_locale":"lv_LV","og_type":"article","og_title":"Graviruotas pakabukas \u201eThick Girls \u2013 Are My Weakness\u201c - kabinam.lt","og_description":"Graviruotas pakabukas su tekstu \u201eThick Girls \u2013 Are My Weakness\u201c \u2013 \u0161maik\u0161tus aksesuaras dr\u0105siems, vertinantiems stili\u0173 ir humoro jausm\u0105.","og_url":"https:\/\/kabinam.lt\/lv\/produkts\/gravets-kulons-ar-tekstu\/","og_site_name":"kabinam.lt","article_modified_time":"2026-01-03T16:54:42+00:00","og_image":[{"width":800,"height":800,"url":"https:\/\/kabinam.lt\/wp-content\/uploads\/2024\/08\/ezgif.com-webp-to-jpg-converter.jpg","type":"image\/jpeg"}],"twitter_card":"summary_large_image","twitter_misc":{"Est. reading time":"2 min\u016btes"},"schema":{"@context":"https:\/\/schema.org","@graph":[{"@type":["WebPage","ItemPage"],"@id":"https:\/\/kabinam.lt\/product\/graviruotas-pakabukas-su-tekstu\/","url":"https:\/\/kabinam.lt\/product\/graviruotas-pakabukas-su-tekstu\/","name":"Grav\u0113ts kulons \u201eBiezas meitenes - mana v\u0101j\u012bba\u201c - kabinam.lt","isPartOf":{"@id":"https:\/\/kabinam.lt\/#website"},"primaryImageOfPage":{"@id":"https:\/\/kabinam.lt\/product\/graviruotas-pakabukas-su-tekstu\/#primaryimage"},"image":{"@id":"https:\/\/kabinam.lt\/product\/graviruotas-pakabukas-su-tekstu\/#primaryimage"},"thumbnailUrl":"https:\/\/kabinam.lt\/wp-content\/uploads\/2024\/08\/ezgif.com-webp-to-jpg-converter.jpg","datePublished":"2024-08-15T09:33:12+00:00","dateModified":"2026-01-03T16:54:42+00:00","description":"Grav\u0113ts kulons ar tekstu \u201eBiezas meitenes - mana v\u0101j\u012bba\u201c - aspr\u0101t\u012bgs aksesu\u0101rs drosm\u012bgiem cilv\u0113kiem, kuri nov\u0113rt\u0113 stilu un humora izj\u016btu.","breadcrumb":{"@id":"https:\/\/kabinam.lt\/product\/graviruotas-pakabukas-su-tekstu\/#breadcrumb"},"inLanguage":"lv-LV","potentialAction":[{"@type":"ReadAction","target":["https:\/\/kabinam.lt\/product\/graviruotas-pakabukas-su-tekstu\/"]}]},{"@type":"ImageObject","inLanguage":"lv-LV","@id":"https:\/\/kabinam.lt\/product\/graviruotas-pakabukas-su-tekstu\/#primaryimage","url":"https:\/\/kabinam.lt\/wp-content\/uploads\/2024\/08\/ezgif.com-webp-to-jpg-converter.jpg","contentUrl":"https:\/\/kabinam.lt\/wp-content\/uploads\/2024\/08\/ezgif.com-webp-to-jpg-converter.jpg","width":800,"height":800,"caption":"Pakabukas su moters fig\u016bra ir provokuojan\u010diu tekstu"},{"@type":"BreadcrumbList","@id":"https:\/\/kabinam.lt\/product\/graviruotas-pakabukas-su-tekstu\/#breadcrumb","itemListElement":[{"@type":"ListItem","position":1,"name":"Home","item":"https:\/\/kabinam.lt\/"},{"@type":"ListItem","position":2,"name":"Visi Produktai","item":"https:\/\/kabinam.lt\/visi-produktai\/"},{"@type":"ListItem","position":3,"name":"Graviruotas pakabukas \u201eThick Girls \u2013 Are My Weakness\u201c"}]},{"@type":"WebSite","@id":"https:\/\/kabinam.lt\/#website","url":"https:\/\/kabinam.lt\/","name":"kabinam.lt","description":"Kabinam.lt - atsl\u0113gu piekari\u0146i un aksesu\u0101ri","publisher":{"@id":"https:\/\/kabinam.lt\/#organization"},"alternateName":"pakabukai lt","potentialAction":[{"@type":"SearchAction","target":{"@type":"EntryPoint","urlTemplate":"https:\/\/kabinam.lt\/?s={search_term_string}"},"query-input":{"@type":"PropertyValueSpecification","valueRequired":true,"valueName":"search_term_string"}}],"inLanguage":"lv-LV"},{"@type":"Organization","@id":"https:\/\/kabinam.lt\/#organization","name":"kabinam.lt","alternateName":"kabinam","url":"https:\/\/kabinam.lt\/","logo":{"@type":"ImageObject","inLanguage":"lv-LV","@id":"https:\/\/kabinam.lt\/#\/schema\/logo\/image\/","url":"https:\/\/kabinam.lt\/wp-content\/uploads\/2025\/05\/KABINAM_outer_glow.png","contentUrl":"https:\/\/kabinam.lt\/wp-content\/uploads\/2025\/05\/KABINAM_outer_glow.png","width":474,"height":141,"caption":"kabinam.lt"},"image":{"@id":"https:\/\/kabinam.lt\/#\/schema\/logo\/image\/"}}]}},"uagb_featured_image_src":{"full":["https:\/\/kabinam.lt\/wp-content\/uploads\/2024\/08\/ezgif.com-webp-to-jpg-converter.jpg",800,800,false],"thumbnail":["https:\/\/kabinam.lt\/wp-content\/uploads\/2024\/08\/ezgif.com-webp-to-jpg-converter-150x150.jpg",150,150,true],"medium":["https:\/\/kabinam.lt\/wp-content\/uploads\/2024\/08\/ezgif.com-webp-to-jpg-converter-300x300.jpg",300,300,true],"medium_large":["https:\/\/kabinam.lt\/wp-content\/uploads\/2024\/08\/ezgif.com-webp-to-jpg-converter-768x768.jpg",768,768,true],"large":["https:\/\/kabinam.lt\/wp-content\/uploads\/2024\/08\/ezgif.com-webp-to-jpg-converter.jpg",800,800,false],"1536x1536":["https:\/\/kabinam.lt\/wp-content\/uploads\/2024\/08\/ezgif.com-webp-to-jpg-converter.jpg",800,800,false],"2048x2048":["https:\/\/kabinam.lt\/wp-content\/uploads\/2024\/08\/ezgif.com-webp-to-jpg-converter.jpg",800,800,false],"trp-custom-language-flag":["https:\/\/kabinam.lt\/wp-content\/uploads\/2024\/08\/ezgif.com-webp-to-jpg-converter.jpg",12,12,false],"woocommerce_thumbnail":["https:\/\/kabinam.lt\/wp-content\/uploads\/2024\/08\/ezgif.com-webp-to-jpg-converter-300x300.jpg",300,300,true],"woocommerce_single":["https:\/\/kabinam.lt\/wp-content\/uploads\/2024\/08\/ezgif.com-webp-to-jpg-converter-600x600.jpg",600,600,true],"woocommerce_gallery_thumbnail":["https:\/\/kabinam.lt\/wp-content\/uploads\/2024\/08\/ezgif.com-webp-to-jpg-converter-100x100.jpg",100,100,true]},"uagb_author_info":{"display_name":"kabinam.lt","author_link":"https:\/\/kabinam.lt\/lv\/author\/"},"uagb_comment_info":0,"uagb_excerpt":"Provokuojantis pakabukas su \u0161maik\u0161\u010diu u\u017era\u0161u ir i\u0161rai\u0161kinga iliustracija dr\u0105siems.","_links":{"self":[{"href":"https:\/\/kabinam.lt\/lv\/wp-json\/wp\/v2\/product\/2508","targetHints":{"allow":["GET"]}}],"collection":[{"href":"https:\/\/kabinam.lt\/lv\/wp-json\/wp\/v2\/product"}],"about":[{"href":"https:\/\/kabinam.lt\/lv\/wp-json\/wp\/v2\/types\/product"}],"replies":[{"embeddable":true,"href":"https:\/\/kabinam.lt\/lv\/wp-json\/wp\/v2\/comments?post=2508"}],"wp:featuredmedia":[{"embeddable":true,"href":"https:\/\/kabinam.lt\/lv\/wp-json\/wp\/v2\/media\/2516"}],"wp:attachment":[{"href":"https:\/\/kabinam.lt\/lv\/wp-json\/wp\/v2\/media?parent=2508"}],"wp:term":[{"taxonomy":"product_brand","embeddable":true,"href":"https:\/\/kabinam.lt\/lv\/wp-json\/wp\/v2\/product_brand?post=2508"},{"taxonomy":"product_cat","embeddable":true,"href":"https:\/\/kabinam.lt\/lv\/wp-json\/wp\/v2\/product_cat?post=2508"},{"taxonomy":"product_tag","embeddable":true,"href":"https:\/\/kabinam.lt\/lv\/wp-json\/wp\/v2\/product_tag?post=2508"}],"curies":[{"name":"wp","href":"https:\/\/api.w.org\/{rel}","templated":true}]}}