{"id":2427,"date":"2024-08-15T10:30:09","date_gmt":"2024-08-15T07:30:09","guid":{"rendered":"https:\/\/kabinam.lt\/?post_type=product&#038;p=2427"},"modified":"2026-01-03T18:54:42","modified_gmt":"2026-01-03T16:54:42","slug":"pitbulu-mammas-atslegu-piekarini-ar-modernu-gravejumu","status":"publish","type":"product","link":"https:\/\/kabinam.lt\/lv\/product\/pitbull-mama-raktu-pakabukai-su-modernia-gravura\/","title":{"rendered":"Atsl\u0113gu piekari\u0146i ar m\u016bsdien\u012bgu grav\u0113jumu - \u201ePitbull Mama\u201c"},"content":{"rendered":"<div class=\"kk-star-ratings kksr-auto kksr-align-left kksr-valign-top\"\n    data-payload='{&quot;align&quot;:&quot;left&quot;,&quot;id&quot;:&quot;2427&quot;,&quot;slug&quot;:&quot;default&quot;,&quot;valign&quot;:&quot;top&quot;,&quot;ignore&quot;:&quot;&quot;,&quot;reference&quot;:&quot;auto&quot;,&quot;class&quot;:&quot;&quot;,&quot;count&quot;:&quot;0&quot;,&quot;legendonly&quot;:&quot;&quot;,&quot;readonly&quot;:&quot;&quot;,&quot;score&quot;:&quot;0&quot;,&quot;starsonly&quot;:&quot;&quot;,&quot;best&quot;:&quot;5&quot;,&quot;gap&quot;:&quot;5&quot;,&quot;greet&quot;:&quot;Mums svarbus j\u016bs\u0173 \u012fvertinimas&quot;,&quot;legend&quot;:&quot;0\\\/5 - (0 votes)&quot;,&quot;size&quot;:&quot;24&quot;,&quot;title&quot;:&quot;Rakt\u0173 pakabukai su modernia grav\u016bra \u2013 \u201ePitbull Mama\u201c&quot;,&quot;width&quot;:&quot;0&quot;,&quot;_legend&quot;:&quot;{score}\\\/{best} - ({count} {votes})&quot;,&quot;font_factor&quot;:&quot;1.25&quot;}'>\n            \n<div class=\"kksr-stars\">\n    \n<div class=\"kksr-stars-inactive\">\n            <div class=\"kksr-star\" data-star=\"1\" style=\"padding-right: 5px\">\n            \n\n<div class=\"kksr-icon\" style=\"width: 24px; height: 24px;\"><\/div>\n        <\/div>\n            <div class=\"kksr-star\" data-star=\"2\" style=\"padding-right: 5px\">\n            \n\n<div class=\"kksr-icon\" style=\"width: 24px; height: 24px;\"><\/div>\n        <\/div>\n            <div class=\"kksr-star\" data-star=\"3\" style=\"padding-right: 5px\">\n            \n\n<div class=\"kksr-icon\" style=\"width: 24px; height: 24px;\"><\/div>\n        <\/div>\n            <div class=\"kksr-star\" data-star=\"4\" style=\"padding-right: 5px\">\n            \n\n<div class=\"kksr-icon\" style=\"width: 24px; height: 24px;\"><\/div>\n        <\/div>\n            <div class=\"kksr-star\" data-star=\"5\" style=\"padding-right: 5px\">\n            \n\n<div class=\"kksr-icon\" style=\"width: 24px; height: 24px;\"><\/div>\n        <\/div>\n    <\/div>\n    \n<div class=\"kksr-stars-active\" style=\"width: 0px;\">\n            <div class=\"kksr-star\" style=\"padding-right: 5px\">\n            \n\n<div class=\"kksr-icon\" style=\"width: 24px; height: 24px;\"><\/div>\n        <\/div>\n            <div class=\"kksr-star\" style=\"padding-right: 5px\">\n            \n\n<div class=\"kksr-icon\" style=\"width: 24px; height: 24px;\"><\/div>\n        <\/div>\n            <div class=\"kksr-star\" style=\"padding-right: 5px\">\n            \n\n<div class=\"kksr-icon\" style=\"width: 24px; height: 24px;\"><\/div>\n        <\/div>\n            <div class=\"kksr-star\" style=\"padding-right: 5px\">\n            \n\n<div class=\"kksr-icon\" style=\"width: 24px; height: 24px;\"><\/div>\n        <\/div>\n            <div class=\"kksr-star\" style=\"padding-right: 5px\">\n            \n\n<div class=\"kksr-icon\" style=\"width: 24px; height: 24px;\"><\/div>\n        <\/div>\n    <\/div>\n<\/div>\n                \n\n<div class=\"kksr-legend\" style=\"font-size: 19.2px;\">\n            <span class=\"kksr-muted\">Mums ir svar\u012bgs j\u016bsu nov\u0113rt\u0113jums<\/span>\n    <\/div>\n    <\/div>\n<h3 class=\"\" data-start=\"236\" data-end=\"310\">Atsl\u0113gu piekari\u0146i ar modernu grav\u0113jumu - Pitbull Mama stila simbols<\/h3>\n<p class=\"\" data-start=\"312\" data-end=\"599\">Vai mekl\u0113jat neparastu un izteiksm\u012bgu aksesu\u0101ru? \u0160is met\u0101la piekari\u0146\u0161 ir ide\u0101la izv\u0113le tiem, kam ir kop\u012bgs pitbulu raksturs un saikne ar savu m\u012bluli. <strong data-start=\"470\" data-end=\"509\">Atsl\u0113gu gredzeni ar modernu grav\u0113jumu<\/strong> k\u013c\u016bst par arvien bie\u017e\u0101ku izv\u0113li tiem, kas mekl\u0113 ne tikai kvalitat\u012bvu, bet ar\u012b personisku risin\u0101jumu.<\/p>\n<p class=\"\" data-start=\"601\" data-end=\"874\">Uz kulona ir iegrav\u0113ts uzraksts \u201ePitbull Mama\u201c, kas lieliski atspogu\u013co sp\u0113c\u012bgu, g\u0101d\u012bgu un m\u012blo\u0161u person\u012bbu. Blakus eso\u0161ais pitbula att\u0113ls ar saulesbrill\u0113m iemieso m\u016bsdien\u012bgu, relaks\u0113tu un harizm\u0101tisku stilu. \u0160is dizains nav tikai aksesu\u0101rs, bet gan attieksmes izpausme.<\/p>\n<hr class=\"\" data-start=\"876\" data-end=\"879\" \/>\n<h3 class=\"\" data-start=\"881\" data-end=\"925\">Stil\u012bga izv\u0113le katrai dienai<\/h3>\n<p class=\"\" data-start=\"927\" data-end=\"1216\">\u0160is kulons ir vair\u0101k nek\u0101 tikai aksesu\u0101rs. T\u0101 ir m\u016bsdien\u012bga, ekskluz\u012bva d\u0101vana sev vai m\u012b\u013cotajam cilv\u0113kam. <strong data-start=\"1034\" data-end=\"1073\">Atsl\u0113gu gredzeni ar modernu grav\u0113jumu<\/strong> \u012bpa\u0161i piem\u0113rots tiem, kuri v\u0113las, lai vi\u0146u person\u012bba b\u016btu unik\u0101la un izteiksm\u012bga. Ide\u0101li piem\u0113rots automa\u0161\u012bnas atsl\u0113g\u0101m, dz\u012bvok\u013ca atsl\u0113g\u0101m vai pat rokassomas atsl\u0113g\u0101m.<\/p>\n<p class=\"\" data-start=\"1218\" data-end=\"1512\">Piekari\u0146\u0161 ir izgatavots no ner\u016bs\u0113jo\u0161\u0101 t\u0113rauda, t\u0101p\u0113c tas ir iztur\u012bgs, iztur\u012bgs pret skr\u0101p\u0113jumiem un koroziju. Grav\u0113ts ar l\u0101zergrav\u0113jumu, t\u0101p\u0113c uzraksts un att\u0113ls saglab\u0101jas skaidri pat p\u0113c ilgas lieto\u0161anas. Tas ir ne tikai vizu\u0101li pievilc\u012bgs, bet ar\u012b funkcion\u0101ls - ide\u0101li piem\u0113rots gan sieviet\u0113m, gan v\u012brie\u0161iem.<\/p>\n<p class=\"\" data-start=\"1514\" data-end=\"1753\">Ja jums pat\u012bk ekskluz\u012bvi aksesu\u0101ri, noteikti apskatiet <a class=\"\" href=\"https:\/\/kabinam.lt\/lv\/produkta-kategorija-2\/unikaliu-pakabuku-kategorija\/\" target=\"_new\" rel=\"noopener\" data-start=\"1578\" data-end=\"1665\">Unik\u0101li kuloni<\/a> un <a class=\"cursor-pointer\" target=\"_new\" rel=\"noopener\" data-start=\"1670\" data-end=\"1741\">Grav\u0113ti atsl\u0113gu piekari\u0146i<\/a> kolekcijas.<\/p>\n<hr class=\"\" data-start=\"1755\" data-end=\"1758\" \/>\n<h3 class=\"\" data-start=\"1760\" data-end=\"1799\">Ekskluz\u012bva d\u0101vana dz\u012bvnieku m\u012b\u013cot\u0101jiem<\/h3>\n<p class=\"\" data-start=\"1801\" data-end=\"2073\">\u201ePitbulu mammas kulonu bie\u017ei izv\u0113las k\u0101 d\u0101vanu dzim\u0161anas dien\u0101 vai citos gad\u012bjumos. T\u0101 ir lieliska izv\u0113le su\u0146u audz\u0113t\u0101jiem, dz\u012bvnieku m\u012b\u013cot\u0101jiem vai pat su\u0146u treneriem. \u0160\u0101ds aksesu\u0101rs ne tikai priec\u0113 acis, bet ar\u012b k\u013c\u016bst par noz\u012bm\u012bgu simbolu - saiknes z\u012bmi ar savu m\u012bluli.<\/p>\n<p class=\"\" data-start=\"2075\" data-end=\"2296\">Vai mekl\u0113jat v\u0113l citas iedvesmojo\u0161as idejas d\u0101van\u0101m ar dz\u012bvnieku tematiku? Iesak\u0101m apmekl\u0113t \u0161o \u0101r\u0113jo d\u0101vanu platformu: <a class=\"cursor-pointer\" target=\"_new\" rel=\"noopener\" data-start=\"2190\" data-end=\"2252\">Su\u0146u mamma d\u0101vanu ce\u013cvedis<\/a> - lieliska vieta, kur atrast stil\u012bgus s\u012bkumus.<\/p>","protected":false},"excerpt":{"rendered":"<p>Grav\u0113ts pitbulis - stil\u012bgs aksesu\u0101rs dz\u012bvnieku m\u012b\u013cot\u0101jiem un unik\u0101lu deta\u013cu cien\u012bt\u0101jiem.<\/p>","protected":false},"featured_media":2428,"comment_status":"closed","ping_status":"closed","template":"","meta":{"_uag_custom_page_level_css":"","site-sidebar-layout":"default","site-content-layout":"","ast-site-content-layout":"default","site-content-style":"default","site-sidebar-style":"default","ast-global-header-display":"","ast-banner-title-visibility":"","ast-main-header-display":"","ast-hfb-above-header-display":"","ast-hfb-below-header-display":"","ast-hfb-mobile-header-display":"","site-post-title":"","ast-breadcrumbs-content":"","ast-featured-img":"","footer-sml-layout":"","ast-disable-related-posts":"","theme-transparent-header-meta":"default","adv-header-id-meta":"","stick-header-meta":"","header-above-stick-meta":"","header-main-stick-meta":"","header-below-stick-meta":"","astra-migrate-meta-layouts":"set","ast-page-background-enabled":"default","ast-page-background-meta":{"desktop":{"background-color":"var(--ast-global-color-4)","background-image":"","background-repeat":"repeat","background-position":"center center","background-size":"auto","background-attachment":"scroll","background-type":"","background-media":"","overlay-type":"","overlay-color":"","overlay-opacity":"","overlay-gradient":""},"tablet":{"background-color":"","background-image":"","background-repeat":"repeat","background-position":"center center","background-size":"auto","background-attachment":"scroll","background-type":"","background-media":"","overlay-type":"","overlay-color":"","overlay-opacity":"","overlay-gradient":""},"mobile":{"background-color":"","background-image":"","background-repeat":"repeat","background-position":"center center","background-size":"auto","background-attachment":"scroll","background-type":"","background-media":"","overlay-type":"","overlay-color":"","overlay-opacity":"","overlay-gradient":""}},"ast-content-background-meta":{"desktop":{"background-color":"var(--ast-global-color-5)","background-image":"","background-repeat":"repeat","background-position":"center center","background-size":"auto","background-attachment":"scroll","background-type":"","background-media":"","overlay-type":"","overlay-color":"","overlay-opacity":"","overlay-gradient":""},"tablet":{"background-color":"var(--ast-global-color-5)","background-image":"","background-repeat":"repeat","background-position":"center center","background-size":"auto","background-attachment":"scroll","background-type":"","background-media":"","overlay-type":"","overlay-color":"","overlay-opacity":"","overlay-gradient":""},"mobile":{"background-color":"var(--ast-global-color-5)","background-image":"","background-repeat":"repeat","background-position":"center center","background-size":"auto","background-attachment":"scroll","background-type":"","background-media":"","overlay-type":"","overlay-color":"","overlay-opacity":"","overlay-gradient":""}}},"product_brand":[],"product_cat":[126,117,116,95],"product_tag":[],"class_list":{"0":"post-2427","1":"product","2":"type-product","3":"status-publish","4":"has-post-thumbnail","6":"product_cat-visi","7":"product_cat-graviruoti-raktu-pakabukai","8":"product_cat-metaliniai-raktu-pakabukai","9":"product_cat-unikalus-raktu-pakabukai","10":"desktop-align-center","11":"tablet-align-left","12":"mobile-align-left","14":"first","15":"outofstock","16":"shipping-taxable","17":"purchasable","18":"product-type-simple"},"yoast_head":"<!-- This site is optimized with the Yoast SEO plugin v27.1.1 - https:\/\/yoast.com\/product\/yoast-seo-wordpress\/ -->\n<title>Rakt\u0173 pakabukai su modernia grav\u016bra \u2013 \u201ePitbull Mama\u201c - kabinam.lt<\/title>\n<meta name=\"description\" content=\"Rakt\u0173 pakabukai su modernia grav\u016bra \u2013 stilingas pitbulio motyvas ir u\u017era\u0161as \u201ePitbull Mama\u201c. I\u0161skirtinis aksesuaras kiekvienai dienai.\" \/>\n<meta name=\"robots\" content=\"index, follow, max-snippet:-1, max-image-preview:large, max-video-preview:-1\" \/>\n<link rel=\"canonical\" href=\"https:\/\/kabinam.lt\/lv\/produkts\/pitbulu-mammas-atslegu-piekarini-ar-modernu-gravejumu\/\" \/>\n<meta property=\"og:locale\" content=\"lv_LV\" \/>\n<meta property=\"og:type\" content=\"article\" \/>\n<meta property=\"og:title\" content=\"Rakt\u0173 pakabukai su modernia grav\u016bra \u2013 \u201ePitbull Mama\u201c - kabinam.lt\" \/>\n<meta property=\"og:description\" content=\"Rakt\u0173 pakabukai su modernia grav\u016bra \u2013 stilingas pitbulio motyvas ir u\u017era\u0161as \u201ePitbull Mama\u201c. I\u0161skirtinis aksesuaras kiekvienai dienai.\" \/>\n<meta property=\"og:url\" content=\"https:\/\/kabinam.lt\/lv\/produkts\/pitbulu-mammas-atslegu-piekarini-ar-modernu-gravejumu\/\" \/>\n<meta property=\"og:site_name\" content=\"kabinam.lt\" \/>\n<meta property=\"article:modified_time\" content=\"2026-01-03T16:54:42+00:00\" \/>\n<meta property=\"og:image\" content=\"https:\/\/kabinam.lt\/wp-content\/uploads\/2024\/08\/73732941-b4cb-47b8-914b-69e8538fc469.jpg\" \/>\n\t<meta property=\"og:image:width\" content=\"800\" \/>\n\t<meta property=\"og:image:height\" content=\"800\" \/>\n\t<meta property=\"og:image:type\" content=\"image\/jpeg\" \/>\n<meta name=\"twitter:card\" content=\"summary_large_image\" \/>\n<meta name=\"twitter:label1\" content=\"Est. reading time\" \/>\n\t<meta name=\"twitter:data1\" content=\"2 min\u016btes\" \/>\n<script type=\"application\/ld+json\" class=\"yoast-schema-graph\">{\"@context\":\"https:\/\/schema.org\",\"@graph\":[{\"@type\":[\"WebPage\",\"ItemPage\"],\"@id\":\"https:\/\/kabinam.lt\/eng\/product\/pitbull-mama-key-pendants-with-modern-engraving\/\",\"url\":\"https:\/\/kabinam.lt\/eng\/product\/pitbull-mama-key-pendants-with-modern-engraving\/\",\"name\":\"Rakt\u0173 pakabukai su modernia grav\u016bra \u2013 \u201ePitbull Mama\u201c - kabinam.lt\",\"isPartOf\":{\"@id\":\"https:\/\/kabinam.lt\/#website\"},\"primaryImageOfPage\":{\"@id\":\"https:\/\/kabinam.lt\/eng\/product\/pitbull-mama-key-pendants-with-modern-engraving\/#primaryimage\"},\"image\":{\"@id\":\"https:\/\/kabinam.lt\/eng\/product\/pitbull-mama-key-pendants-with-modern-engraving\/#primaryimage\"},\"thumbnailUrl\":\"https:\/\/kabinam.lt\/wp-content\/uploads\/2024\/08\/73732941-b4cb-47b8-914b-69e8538fc469.jpg\",\"datePublished\":\"2024-08-15T07:30:09+00:00\",\"dateModified\":\"2026-01-03T16:54:42+00:00\",\"description\":\"Rakt\u0173 pakabukai su modernia grav\u016bra \u2013 stilingas pitbulio motyvas ir u\u017era\u0161as \u201ePitbull Mama\u201c. I\u0161skirtinis aksesuaras kiekvienai dienai.\",\"breadcrumb\":{\"@id\":\"https:\/\/kabinam.lt\/eng\/product\/pitbull-mama-key-pendants-with-modern-engraving\/#breadcrumb\"},\"inLanguage\":\"lv-LV\",\"potentialAction\":[{\"@type\":\"ReadAction\",\"target\":[\"https:\/\/kabinam.lt\/eng\/product\/pitbull-mama-key-pendants-with-modern-engraving\/\"]}]},{\"@type\":\"ImageObject\",\"inLanguage\":\"lv-LV\",\"@id\":\"https:\/\/kabinam.lt\/eng\/product\/pitbull-mama-key-pendants-with-modern-engraving\/#primaryimage\",\"url\":\"https:\/\/kabinam.lt\/wp-content\/uploads\/2024\/08\/73732941-b4cb-47b8-914b-69e8538fc469.jpg\",\"contentUrl\":\"https:\/\/kabinam.lt\/wp-content\/uploads\/2024\/08\/73732941-b4cb-47b8-914b-69e8538fc469.jpg\",\"width\":800,\"height\":800,\"caption\":\"Metalinis pakabukas \u201ePitbull Mama\u201c su graviruotu pitbuliu\"},{\"@type\":\"BreadcrumbList\",\"@id\":\"https:\/\/kabinam.lt\/eng\/product\/pitbull-mama-key-pendants-with-modern-engraving\/#breadcrumb\",\"itemListElement\":[{\"@type\":\"ListItem\",\"position\":1,\"name\":\"Home\",\"item\":\"https:\/\/kabinam.lt\/\"},{\"@type\":\"ListItem\",\"position\":2,\"name\":\"Visi Produktai\",\"item\":\"https:\/\/kabinam.lt\/visi-produktai\/\"},{\"@type\":\"ListItem\",\"position\":3,\"name\":\"Rakt\u0173 pakabukai su modernia grav\u016bra \u2013 \u201ePitbull Mama\u201c\"}]},{\"@type\":\"WebSite\",\"@id\":\"https:\/\/kabinam.lt\/#website\",\"url\":\"https:\/\/kabinam.lt\/\",\"name\":\"kabinam.lt\",\"description\":\"Kabinam.lt \u2013 raktu pakabukai ir aksesuarai\",\"publisher\":{\"@id\":\"https:\/\/kabinam.lt\/#organization\"},\"alternateName\":\"pakabukai lt\",\"potentialAction\":[{\"@type\":\"SearchAction\",\"target\":{\"@type\":\"EntryPoint\",\"urlTemplate\":\"https:\/\/kabinam.lt\/?s={search_term_string}\"},\"query-input\":{\"@type\":\"PropertyValueSpecification\",\"valueRequired\":true,\"valueName\":\"search_term_string\"}}],\"inLanguage\":\"lv-LV\"},{\"@type\":\"Organization\",\"@id\":\"https:\/\/kabinam.lt\/#organization\",\"name\":\"kabinam.lt\",\"alternateName\":\"kabinam\",\"url\":\"https:\/\/kabinam.lt\/\",\"logo\":{\"@type\":\"ImageObject\",\"inLanguage\":\"lv-LV\",\"@id\":\"https:\/\/kabinam.lt\/#\/schema\/logo\/image\/\",\"url\":\"https:\/\/kabinam.lt\/wp-content\/uploads\/2025\/05\/KABINAM_outer_glow.png\",\"contentUrl\":\"https:\/\/kabinam.lt\/wp-content\/uploads\/2025\/05\/KABINAM_outer_glow.png\",\"width\":474,\"height\":141,\"caption\":\"kabinam.lt\"},\"image\":{\"@id\":\"https:\/\/kabinam.lt\/#\/schema\/logo\/image\/\"}}]}<\/script>\n<!-- \/ Yoast SEO plugin. -->","yoast_head_json":{"title":"Atsl\u0113gu piekari\u0146i ar m\u016bsdien\u012bgu grav\u0113jumu - \u201ePitbulu mamma\u201c - kabinam.lt","description":"Atsl\u0113gu piekari\u0146i ar modernu grav\u0113jumu - stil\u012bgs pitbulu mot\u012bvs un \u201ePitbull Mama\u201c. Ekskluz\u012bvs aksesu\u0101rs katrai dienai.","robots":{"index":"index","follow":"follow","max-snippet":"max-snippet:-1","max-image-preview":"max-image-preview:large","max-video-preview":"max-video-preview:-1"},"canonical":"https:\/\/kabinam.lt\/lv\/produkts\/pitbulu-mammas-atslegu-piekarini-ar-modernu-gravejumu\/","og_locale":"lv_LV","og_type":"article","og_title":"Rakt\u0173 pakabukai su modernia grav\u016bra \u2013 \u201ePitbull Mama\u201c - kabinam.lt","og_description":"Rakt\u0173 pakabukai su modernia grav\u016bra \u2013 stilingas pitbulio motyvas ir u\u017era\u0161as \u201ePitbull Mama\u201c. I\u0161skirtinis aksesuaras kiekvienai dienai.","og_url":"https:\/\/kabinam.lt\/lv\/produkts\/pitbulu-mammas-atslegu-piekarini-ar-modernu-gravejumu\/","og_site_name":"kabinam.lt","article_modified_time":"2026-01-03T16:54:42+00:00","og_image":[{"width":800,"height":800,"url":"https:\/\/kabinam.lt\/wp-content\/uploads\/2024\/08\/73732941-b4cb-47b8-914b-69e8538fc469.jpg","type":"image\/jpeg"}],"twitter_card":"summary_large_image","twitter_misc":{"Est. reading time":"2 min\u016btes"},"schema":{"@context":"https:\/\/schema.org","@graph":[{"@type":["WebPage","ItemPage"],"@id":"https:\/\/kabinam.lt\/eng\/product\/pitbull-mama-key-pendants-with-modern-engraving\/","url":"https:\/\/kabinam.lt\/eng\/product\/pitbull-mama-key-pendants-with-modern-engraving\/","name":"Atsl\u0113gu piekari\u0146i ar m\u016bsdien\u012bgu grav\u0113jumu - \u201ePitbulu mamma\u201c - kabinam.lt","isPartOf":{"@id":"https:\/\/kabinam.lt\/#website"},"primaryImageOfPage":{"@id":"https:\/\/kabinam.lt\/eng\/product\/pitbull-mama-key-pendants-with-modern-engraving\/#primaryimage"},"image":{"@id":"https:\/\/kabinam.lt\/eng\/product\/pitbull-mama-key-pendants-with-modern-engraving\/#primaryimage"},"thumbnailUrl":"https:\/\/kabinam.lt\/wp-content\/uploads\/2024\/08\/73732941-b4cb-47b8-914b-69e8538fc469.jpg","datePublished":"2024-08-15T07:30:09+00:00","dateModified":"2026-01-03T16:54:42+00:00","description":"Atsl\u0113gu piekari\u0146i ar modernu grav\u0113jumu - stil\u012bgs pitbulu mot\u012bvs un \u201ePitbull Mama\u201c. Ekskluz\u012bvs aksesu\u0101rs katrai dienai.","breadcrumb":{"@id":"https:\/\/kabinam.lt\/eng\/product\/pitbull-mama-key-pendants-with-modern-engraving\/#breadcrumb"},"inLanguage":"lv-LV","potentialAction":[{"@type":"ReadAction","target":["https:\/\/kabinam.lt\/eng\/product\/pitbull-mama-key-pendants-with-modern-engraving\/"]}]},{"@type":"ImageObject","inLanguage":"lv-LV","@id":"https:\/\/kabinam.lt\/eng\/product\/pitbull-mama-key-pendants-with-modern-engraving\/#primaryimage","url":"https:\/\/kabinam.lt\/wp-content\/uploads\/2024\/08\/73732941-b4cb-47b8-914b-69e8538fc469.jpg","contentUrl":"https:\/\/kabinam.lt\/wp-content\/uploads\/2024\/08\/73732941-b4cb-47b8-914b-69e8538fc469.jpg","width":800,"height":800,"caption":"Metalinis pakabukas \u201ePitbull Mama\u201c su graviruotu pitbuliu"},{"@type":"BreadcrumbList","@id":"https:\/\/kabinam.lt\/eng\/product\/pitbull-mama-key-pendants-with-modern-engraving\/#breadcrumb","itemListElement":[{"@type":"ListItem","position":1,"name":"Home","item":"https:\/\/kabinam.lt\/"},{"@type":"ListItem","position":2,"name":"Visi Produktai","item":"https:\/\/kabinam.lt\/visi-produktai\/"},{"@type":"ListItem","position":3,"name":"Rakt\u0173 pakabukai su modernia grav\u016bra \u2013 \u201ePitbull Mama\u201c"}]},{"@type":"WebSite","@id":"https:\/\/kabinam.lt\/#website","url":"https:\/\/kabinam.lt\/","name":"kabinam.lt","description":"Kabinam.lt - atsl\u0113gu piekari\u0146i un aksesu\u0101ri","publisher":{"@id":"https:\/\/kabinam.lt\/#organization"},"alternateName":"pakabukai lt","potentialAction":[{"@type":"SearchAction","target":{"@type":"EntryPoint","urlTemplate":"https:\/\/kabinam.lt\/?s={search_term_string}"},"query-input":{"@type":"PropertyValueSpecification","valueRequired":true,"valueName":"search_term_string"}}],"inLanguage":"lv-LV"},{"@type":"Organization","@id":"https:\/\/kabinam.lt\/#organization","name":"kabinam.lt","alternateName":"kabinam","url":"https:\/\/kabinam.lt\/","logo":{"@type":"ImageObject","inLanguage":"lv-LV","@id":"https:\/\/kabinam.lt\/#\/schema\/logo\/image\/","url":"https:\/\/kabinam.lt\/wp-content\/uploads\/2025\/05\/KABINAM_outer_glow.png","contentUrl":"https:\/\/kabinam.lt\/wp-content\/uploads\/2025\/05\/KABINAM_outer_glow.png","width":474,"height":141,"caption":"kabinam.lt"},"image":{"@id":"https:\/\/kabinam.lt\/#\/schema\/logo\/image\/"}}]}},"uagb_featured_image_src":{"full":["https:\/\/kabinam.lt\/wp-content\/uploads\/2024\/08\/73732941-b4cb-47b8-914b-69e8538fc469.jpg",800,800,false],"thumbnail":["https:\/\/kabinam.lt\/wp-content\/uploads\/2024\/08\/73732941-b4cb-47b8-914b-69e8538fc469-150x150.jpg",150,150,true],"medium":["https:\/\/kabinam.lt\/wp-content\/uploads\/2024\/08\/73732941-b4cb-47b8-914b-69e8538fc469-300x300.jpg",300,300,true],"medium_large":["https:\/\/kabinam.lt\/wp-content\/uploads\/2024\/08\/73732941-b4cb-47b8-914b-69e8538fc469-768x768.jpg",768,768,true],"large":["https:\/\/kabinam.lt\/wp-content\/uploads\/2024\/08\/73732941-b4cb-47b8-914b-69e8538fc469.jpg",800,800,false],"1536x1536":["https:\/\/kabinam.lt\/wp-content\/uploads\/2024\/08\/73732941-b4cb-47b8-914b-69e8538fc469.jpg",800,800,false],"2048x2048":["https:\/\/kabinam.lt\/wp-content\/uploads\/2024\/08\/73732941-b4cb-47b8-914b-69e8538fc469.jpg",800,800,false],"trp-custom-language-flag":["https:\/\/kabinam.lt\/wp-content\/uploads\/2024\/08\/73732941-b4cb-47b8-914b-69e8538fc469.jpg",12,12,false],"woocommerce_thumbnail":["https:\/\/kabinam.lt\/wp-content\/uploads\/2024\/08\/73732941-b4cb-47b8-914b-69e8538fc469-300x300.jpg",300,300,true],"woocommerce_single":["https:\/\/kabinam.lt\/wp-content\/uploads\/2024\/08\/73732941-b4cb-47b8-914b-69e8538fc469-600x600.jpg",600,600,true],"woocommerce_gallery_thumbnail":["https:\/\/kabinam.lt\/wp-content\/uploads\/2024\/08\/73732941-b4cb-47b8-914b-69e8538fc469-100x100.jpg",100,100,true]},"uagb_author_info":{"display_name":"kabinam.lt","author_link":"https:\/\/kabinam.lt\/lv\/author\/"},"uagb_comment_info":0,"uagb_excerpt":"Graviruotas pakabukas su pitbuliu \u2013 stilingas aksesuaras gyv\u016bn\u0173 myl\u0117tojai ir i\u0161skirtini\u0173 detali\u0173 m\u0117g\u0117jai.","_links":{"self":[{"href":"https:\/\/kabinam.lt\/lv\/wp-json\/wp\/v2\/product\/2427","targetHints":{"allow":["GET"]}}],"collection":[{"href":"https:\/\/kabinam.lt\/lv\/wp-json\/wp\/v2\/product"}],"about":[{"href":"https:\/\/kabinam.lt\/lv\/wp-json\/wp\/v2\/types\/product"}],"replies":[{"embeddable":true,"href":"https:\/\/kabinam.lt\/lv\/wp-json\/wp\/v2\/comments?post=2427"}],"wp:featuredmedia":[{"embeddable":true,"href":"https:\/\/kabinam.lt\/lv\/wp-json\/wp\/v2\/media\/2428"}],"wp:attachment":[{"href":"https:\/\/kabinam.lt\/lv\/wp-json\/wp\/v2\/media?parent=2427"}],"wp:term":[{"taxonomy":"product_brand","embeddable":true,"href":"https:\/\/kabinam.lt\/lv\/wp-json\/wp\/v2\/product_brand?post=2427"},{"taxonomy":"product_cat","embeddable":true,"href":"https:\/\/kabinam.lt\/lv\/wp-json\/wp\/v2\/product_cat?post=2427"},{"taxonomy":"product_tag","embeddable":true,"href":"https:\/\/kabinam.lt\/lv\/wp-json\/wp\/v2\/product_tag?post=2427"}],"curies":[{"name":"wp","href":"https:\/\/api.w.org\/{rel}","templated":true}]}}