{"id":2314,"date":"2024-07-30T17:12:40","date_gmt":"2024-07-30T14:12:40","guid":{"rendered":"https:\/\/kabinam.lt\/?post_type=product&#038;p=2314"},"modified":"2026-01-03T18:55:12","modified_gmt":"2026-01-03T16:55:12","slug":"veiksmes-kaulinu-atslegu-piekarins","status":"publish","type":"product","link":"https:\/\/kabinam.lt\/lv\/product\/sekmes-kauliuko-raktu-pakabukas\/","title":{"rendered":"Veiksmes kauli\u0146a atsl\u0113gu piekari\u0146\u0161 \u2013 \u201eLucky Dice\u201d"},"content":{"rendered":"<div class=\"kk-star-ratings kksr-auto kksr-align-left kksr-valign-top\"\n    data-payload='{&quot;align&quot;:&quot;left&quot;,&quot;id&quot;:&quot;2314&quot;,&quot;slug&quot;:&quot;default&quot;,&quot;valign&quot;:&quot;top&quot;,&quot;ignore&quot;:&quot;&quot;,&quot;reference&quot;:&quot;auto&quot;,&quot;class&quot;:&quot;&quot;,&quot;count&quot;:&quot;0&quot;,&quot;legendonly&quot;:&quot;&quot;,&quot;readonly&quot;:&quot;&quot;,&quot;score&quot;:&quot;0&quot;,&quot;starsonly&quot;:&quot;&quot;,&quot;best&quot;:&quot;5&quot;,&quot;gap&quot;:&quot;5&quot;,&quot;greet&quot;:&quot;Mums svarbus j\u016bs\u0173 \u012fvertinimas&quot;,&quot;legend&quot;:&quot;0\\\/5 - (0 votes)&quot;,&quot;size&quot;:&quot;24&quot;,&quot;title&quot;:&quot;S\u0117km\u0117s kauliuko rakt\u0173 pakabukas - \\u0026quot;Lucky Dice\\u0026quot;&quot;,&quot;width&quot;:&quot;0&quot;,&quot;_legend&quot;:&quot;{score}\\\/{best} - ({count} {votes})&quot;,&quot;font_factor&quot;:&quot;1.25&quot;}'>\n            \n<div class=\"kksr-stars\">\n    \n<div class=\"kksr-stars-inactive\">\n            <div class=\"kksr-star\" data-star=\"1\" style=\"padding-right: 5px\">\n            \n\n<div class=\"kksr-icon\" style=\"width: 24px; height: 24px;\"><\/div>\n        <\/div>\n            <div class=\"kksr-star\" data-star=\"2\" style=\"padding-right: 5px\">\n            \n\n<div class=\"kksr-icon\" style=\"width: 24px; height: 24px;\"><\/div>\n        <\/div>\n            <div class=\"kksr-star\" data-star=\"3\" style=\"padding-right: 5px\">\n            \n\n<div class=\"kksr-icon\" style=\"width: 24px; height: 24px;\"><\/div>\n        <\/div>\n            <div class=\"kksr-star\" data-star=\"4\" style=\"padding-right: 5px\">\n            \n\n<div class=\"kksr-icon\" style=\"width: 24px; height: 24px;\"><\/div>\n        <\/div>\n            <div class=\"kksr-star\" data-star=\"5\" style=\"padding-right: 5px\">\n            \n\n<div class=\"kksr-icon\" style=\"width: 24px; height: 24px;\"><\/div>\n        <\/div>\n    <\/div>\n    \n<div class=\"kksr-stars-active\" style=\"width: 0px;\">\n            <div class=\"kksr-star\" style=\"padding-right: 5px\">\n            \n\n<div class=\"kksr-icon\" style=\"width: 24px; height: 24px;\"><\/div>\n        <\/div>\n            <div class=\"kksr-star\" style=\"padding-right: 5px\">\n            \n\n<div class=\"kksr-icon\" style=\"width: 24px; height: 24px;\"><\/div>\n        <\/div>\n            <div class=\"kksr-star\" style=\"padding-right: 5px\">\n            \n\n<div class=\"kksr-icon\" style=\"width: 24px; height: 24px;\"><\/div>\n        <\/div>\n            <div class=\"kksr-star\" style=\"padding-right: 5px\">\n            \n\n<div class=\"kksr-icon\" style=\"width: 24px; height: 24px;\"><\/div>\n        <\/div>\n            <div class=\"kksr-star\" style=\"padding-right: 5px\">\n            \n\n<div class=\"kksr-icon\" style=\"width: 24px; height: 24px;\"><\/div>\n        <\/div>\n    <\/div>\n<\/div>\n                \n\n<div class=\"kksr-legend\" style=\"font-size: 19.2px;\">\n            <span class=\"kksr-muted\">Mums ir svar\u012bgs j\u016bsu nov\u0113rt\u0113jums<\/span>\n    <\/div>\n    <\/div>\n<h2 class=\"\" data-start=\"35\" data-end=\"109\">Laimes kauli\u0146u piekari\u0146\u0161 - simboliska d\u0101vana ar pozit\u012bvu ener\u0123iju<\/h2>\n<p class=\"\" data-start=\"111\" data-end=\"606\"><strong data-start=\"111\" data-end=\"146\">Laimes kauli\u0146u atsl\u0113gu piekari\u0146\u0161<\/strong> - ir lieliska izv\u0113le tiem, kas v\u0113las, lai vi\u0146u pan\u0101kumi b\u016btu l\u012bdzi. \u0160is stil\u012bgais un praktiskais atsl\u0113gu piekari\u0146\u0161 ar kauli\u0146a formas dizainu b\u016bs ne tikai ikdienas aksesu\u0101rs, bet ar\u012b talismans, kas ienes\u012bs pozit\u012bvu ener\u0123iju katr\u0101 dien\u0101. D\u0101viniet sev vai saviem m\u012b\u013cajiem veiksmi ar \u0161o ori\u0123in\u0101lo atsl\u0113gu piekari\u0146u. Ja mekl\u0113jat citus interesantus atsl\u0113gu piekari\u0146us, apskatiet m\u016bsu kategoriju. <a class=\"cursor-pointer\" target=\"_new\" rel=\"noopener\" data-start=\"534\" data-end=\"605\">Met\u0101la kuloni<\/a>.<\/p>\n<h2 class=\"\" data-start=\"608\" data-end=\"641\">Veiksm\u012bgs dizains<\/h2>\n<p class=\"\" data-start=\"643\" data-end=\"1048\">\u0160is <strong data-start=\"647\" data-end=\"682\">veiksmes kauli\u0146u atsl\u0113gu piekari\u0146\u0161<\/strong> ir izgatavots no augstas kvalit\u0101tes met\u0101la, un tam ir eleganta sudraba apdare. Tas ir lieliski piem\u0113rots k\u0101 ikdienas aksesu\u0101rs atsl\u0113gu rot\u0101\u0161anai vai k\u0101 d\u0101vana, kas ne tikai pie\u0161\u0137irs stilu, bet ar\u012b piesaist\u012bs veiksmi. Ja v\u0113laties v\u0113l vair\u0101k unik\u0101lu piekari\u0146u, apmekl\u0113jiet <a class=\"\" href=\"https:\/\/kabinam.lt\/lv\/produkta-kategorija-2\/unikaliu-pakabuku-kategorija\/\" target=\"_new\" rel=\"noopener\" data-start=\"960\" data-end=\"1047\">Unik\u0101li kuloni<\/a>.<\/p>\n<h2 class=\"\" data-start=\"1050\" data-end=\"1091\">K\u0101p\u0113c izv\u0113l\u0113ties \u0161o atsl\u0113gu piekari\u0146u?<\/h2>\n<ul data-start=\"1093\" data-end=\"1424\">\n<li class=\"\" data-start=\"1093\" data-end=\"1175\">\n<p class=\"\" data-start=\"1095\" data-end=\"1175\"><strong data-start=\"1095\" data-end=\"1108\">Praktiski<\/strong> - Piem\u0113rots gan ikdienas lieto\u0161anai, gan k\u0101 stil\u012bgs aksesu\u0101rs.<\/p>\n<\/li>\n<li class=\"\" data-start=\"1176\" data-end=\"1252\">\n<p class=\"\" data-start=\"1178\" data-end=\"1252\"><strong data-start=\"1178\" data-end=\"1192\">Simbolisks<\/strong> - Laimes kauli\u0146\u0161 simboliz\u0113 veiksmi un pozit\u012bvu ener\u0123iju.<\/p>\n<\/li>\n<li class=\"\" data-start=\"1253\" data-end=\"1349\">\n<p class=\"\" data-start=\"1255\" data-end=\"1349\"><strong data-start=\"1255\" data-end=\"1267\">Iztur\u012bgs<\/strong> - Izgatavots no augstas kvalit\u0101tes met\u0101la, iztur\u012bgs pret nodilumu un vides ietekmi.<\/p>\n<\/li>\n<li class=\"\" data-start=\"1350\" data-end=\"1424\">\n<p class=\"\" data-start=\"1352\" data-end=\"1424\"><strong data-start=\"1352\" data-end=\"1377\">Elegants dizains<\/strong> - Sudrabs sader ar jebkuru stilu.<\/p>\n<\/li>\n<\/ul>\n<h2 class=\"\" data-start=\"1426\" data-end=\"1442\">D\u0101vanu ideja<\/h2>\n<p class=\"\" data-start=\"1444\" data-end=\"1587\">\u0160is atsl\u0113gu piekari\u0146\u0161 ar kauli\u0146u dizainu ir lieliska d\u0101vana jebkuram gad\u012bjumam. T\u0101 simboliz\u0113 veiksmi un pozit\u012bvu ener\u0123iju, t\u0101p\u0113c t\u0101 ir ide\u0101li piem\u0113rota k\u0101:<\/p>\n<ul data-start=\"1589\" data-end=\"1750\">\n<li class=\"\" data-start=\"1589\" data-end=\"1609\">\n<p class=\"\" data-start=\"1591\" data-end=\"1609\">Dzim\u0161anas dienas d\u0101vana<\/p>\n<\/li>\n<li class=\"\" data-start=\"1610\" data-end=\"1637\">\n<p class=\"\" data-start=\"1612\" data-end=\"1637\">Veiksmes piekari\u0146\u0161 draugam<\/p>\n<\/li>\n<li class=\"\" data-start=\"1638\" data-end=\"1691\">\n<p class=\"\" data-start=\"1640\" data-end=\"1691\">D\u0101vana, kas jums atg\u0101din\u0101s par pozit\u012bviem dz\u012bves mirk\u013ciem<\/p>\n<\/li>\n<li class=\"\" data-start=\"1692\" data-end=\"1750\">\n<p class=\"\" data-start=\"1694\" data-end=\"1750\">D\u0101vana kol\u0113\u0123im vai darbiniekam, lai veicin\u0101tu pan\u0101kumus<\/p>\n<\/li>\n<\/ul>\n<p class=\"\" data-start=\"1752\" data-end=\"1919\">Ja v\u0113laties v\u0113l vair\u0101k d\u0101vanu ideju, skatiet m\u016bsu kategoriju <a class=\"\" href=\"https:\/\/kabinam.lt\/lv\/produkta-kategorija-2\/popularako-produktu-kategorija\/\" target=\"_new\" rel=\"noopener\" data-start=\"1820\" data-end=\"1918\">Popul\u0101r\u0101kie produkti<\/a>.<\/p>\n<h2 class=\"\" data-start=\"1921\" data-end=\"1962\">Laimes kauli\u0146u atsl\u0113gu piekari\u0146a funkcijas<\/h2>\n<ul data-start=\"1964\" data-end=\"2176\">\n<li class=\"\" data-start=\"1964\" data-end=\"2005\">\n<p class=\"\" data-start=\"1966\" data-end=\"2005\"><strong data-start=\"1966\" data-end=\"1978\">Pieejams no<\/strong>: Augstas kvalit\u0101tes met\u0101ls<\/p>\n<\/li>\n<li class=\"\" data-start=\"2006\" data-end=\"2031\">\n<p class=\"\" data-start=\"2008\" data-end=\"2031\"><strong data-start=\"2008\" data-end=\"2018\">Kr\u0101sa<\/strong>: Sudrabs<\/p>\n<\/li>\n<li class=\"\" data-start=\"2056\" data-end=\"2112\">\n<p class=\"\" data-start=\"2058\" data-end=\"2112\"><strong data-start=\"2058\" data-end=\"2071\">Simbolisms<\/strong>: Laimes kauli\u0146i, piesaistot veiksmi<\/p>\n<\/li>\n<li class=\"\" data-start=\"2113\" data-end=\"2176\">\n<p class=\"\" data-start=\"2115\" data-end=\"2176\"><strong data-start=\"2115\" data-end=\"2133\">Ilgm\u016b\u017e\u012bba<\/strong>: Notur\u012bgs pret vides ietekmi<\/p>\n<\/li>\n<\/ul>\n<p class=\"\" data-start=\"2178\" data-end=\"2300\">\u0160is kulons ne tikai rot\u0101s j\u016bsu atsl\u0113gas, bet ar\u012b k\u013c\u016bs par simbolu, kas j\u016bsu dz\u012bv\u0113 piesaist\u012bs veiksmi un pozit\u012bvu ener\u0123iju.<\/p>\n<h2 class=\"\" data-start=\"2302\" data-end=\"2319\">Kopsavilkums<\/h2>\n<p class=\"\" data-start=\"2321\" data-end=\"2609\"><strong data-start=\"2321\" data-end=\"2356\">Laimes kauli\u0146u atsl\u0113gu piekari\u0146\u0161<\/strong> - Tas ir ne tikai stil\u012bgs aksesu\u0101rs, bet ar\u012b veiksmes talismans, ko var n\u0113s\u0101t katru dienu. T\u0101 ir lieliska d\u0101vana, kas jums atg\u0101din\u0101s, ka veiksme vienm\u0113r ir kl\u0101t. Skat\u012bt m\u016bsu kategorij\u0101, lai atrastu pla\u0161\u0101ku izv\u0113li <a class=\"\" href=\"https:\/\/kabinam.lt\/lv\/visi-produkti\/\" target=\"_new\" rel=\"noopener\" data-start=\"2556\" data-end=\"2608\">Visi produkti<\/a>.<\/p>","protected":false},"excerpt":{"rendered":"<p>Sudraba atsl\u0113gu piekari\u0146\u0161 ar laim\u012bgo kauli\u0146u dizainu. Ide\u0101la d\u0101vana un veiksmes simbols.<\/p>","protected":false},"featured_media":2319,"comment_status":"closed","ping_status":"closed","template":"","meta":{"_uag_custom_page_level_css":"","site-sidebar-layout":"default","site-content-layout":"","ast-site-content-layout":"default","site-content-style":"default","site-sidebar-style":"default","ast-global-header-display":"","ast-banner-title-visibility":"","ast-main-header-display":"","ast-hfb-above-header-display":"","ast-hfb-below-header-display":"","ast-hfb-mobile-header-display":"","site-post-title":"","ast-breadcrumbs-content":"","ast-featured-img":"","footer-sml-layout":"","ast-disable-related-posts":"","theme-transparent-header-meta":"default","adv-header-id-meta":"","stick-header-meta":"","header-above-stick-meta":"","header-main-stick-meta":"","header-below-stick-meta":"","astra-migrate-meta-layouts":"set","ast-page-background-enabled":"default","ast-page-background-meta":{"desktop":{"background-color":"var(--ast-global-color-4)","background-image":"","background-repeat":"repeat","background-position":"center center","background-size":"auto","background-attachment":"scroll","background-type":"","background-media":"","overlay-type":"","overlay-color":"","overlay-opacity":"","overlay-gradient":""},"tablet":{"background-color":"","background-image":"","background-repeat":"repeat","background-position":"center center","background-size":"auto","background-attachment":"scroll","background-type":"","background-media":"","overlay-type":"","overlay-color":"","overlay-opacity":"","overlay-gradient":""},"mobile":{"background-color":"","background-image":"","background-repeat":"repeat","background-position":"center center","background-size":"auto","background-attachment":"scroll","background-type":"","background-media":"","overlay-type":"","overlay-color":"","overlay-opacity":"","overlay-gradient":""}},"ast-content-background-meta":{"desktop":{"background-color":"var(--ast-global-color-5)","background-image":"","background-repeat":"repeat","background-position":"center center","background-size":"auto","background-attachment":"scroll","background-type":"","background-media":"","overlay-type":"","overlay-color":"","overlay-opacity":"","overlay-gradient":""},"tablet":{"background-color":"var(--ast-global-color-5)","background-image":"","background-repeat":"repeat","background-position":"center center","background-size":"auto","background-attachment":"scroll","background-type":"","background-media":"","overlay-type":"","overlay-color":"","overlay-opacity":"","overlay-gradient":""},"mobile":{"background-color":"var(--ast-global-color-5)","background-image":"","background-repeat":"repeat","background-position":"center center","background-size":"auto","background-attachment":"scroll","background-type":"","background-media":"","overlay-type":"","overlay-color":"","overlay-opacity":"","overlay-gradient":""}}},"product_brand":[],"product_cat":[126,116,95,118,92],"product_tag":[],"class_list":{"0":"post-2314","1":"product","2":"type-product","3":"status-publish","4":"has-post-thumbnail","6":"product_cat-visi","7":"product_cat-metaliniai-raktu-pakabukai","8":"product_cat-unikalus-raktu-pakabukai","9":"product_cat-dovana-teciui","10":"product_cat-populiariausiu-produktu-kategorija","11":"desktop-align-center","12":"tablet-align-left","13":"mobile-align-left","15":"first","16":"instock","17":"shipping-taxable","18":"purchasable","19":"product-type-simple"},"yoast_head":"<!-- This site is optimized with the Yoast SEO plugin v27.1.1 - https:\/\/yoast.com\/product\/yoast-seo-wordpress\/ -->\n<title>S\u0117km\u0117s kauliuko rakt\u0173 pakabukas - &quot;Lucky Dice&quot; - kabinam.lt<\/title>\n<meta name=\"description\" content=\"S\u0117km\u0117s kauliuko rakt\u0173 pakabukas &quot;lucky dice&quot; \u2013 sidabrinis, s\u0117km\u0117s simbolis, puiki dovana bet kokiai progai ne\u0161anti s\u0117km\u0119!\" \/>\n<meta name=\"robots\" content=\"index, follow, max-snippet:-1, max-image-preview:large, max-video-preview:-1\" \/>\n<link rel=\"canonical\" href=\"https:\/\/kabinam.lt\/lv\/produkts\/veiksmes-kaulinu-atslegu-piekarins\/\" \/>\n<meta property=\"og:locale\" content=\"lv_LV\" \/>\n<meta property=\"og:type\" content=\"article\" \/>\n<meta property=\"og:title\" content=\"S\u0117km\u0117s kauliuko rakt\u0173 pakabukas - &quot;Lucky Dice&quot; - kabinam.lt\" \/>\n<meta property=\"og:description\" content=\"S\u0117km\u0117s kauliuko rakt\u0173 pakabukas &quot;lucky dice&quot; \u2013 sidabrinis, s\u0117km\u0117s simbolis, puiki dovana bet kokiai progai ne\u0161anti s\u0117km\u0119!\" \/>\n<meta property=\"og:url\" content=\"https:\/\/kabinam.lt\/lv\/produkts\/veiksmes-kaulinu-atslegu-piekarins\/\" \/>\n<meta property=\"og:site_name\" content=\"kabinam.lt\" \/>\n<meta property=\"article:modified_time\" content=\"2026-01-03T16:55:12+00:00\" \/>\n<meta property=\"og:image\" content=\"https:\/\/kabinam.lt\/wp-content\/uploads\/2024\/07\/cfde70d21b45cecae1432dc9d8efbb7f.jpg\" \/>\n\t<meta property=\"og:image:width\" content=\"800\" \/>\n\t<meta property=\"og:image:height\" content=\"800\" \/>\n\t<meta property=\"og:image:type\" content=\"image\/jpeg\" \/>\n<meta name=\"twitter:card\" content=\"summary_large_image\" \/>\n<meta name=\"twitter:label1\" content=\"Est. reading time\" \/>\n\t<meta name=\"twitter:data1\" content=\"2 min\u016btes\" \/>\n<script type=\"application\/ld+json\" class=\"yoast-schema-graph\">{\"@context\":\"https:\/\/schema.org\",\"@graph\":[{\"@type\":[\"WebPage\",\"ItemPage\"],\"@id\":\"https:\/\/kabinam.lt\/product\/sekmes-kauliuko-raktu-pakabukas\/\",\"url\":\"https:\/\/kabinam.lt\/product\/sekmes-kauliuko-raktu-pakabukas\/\",\"name\":\"S\u0117km\u0117s kauliuko rakt\u0173 pakabukas - \\\"Lucky Dice\\\" - kabinam.lt\",\"isPartOf\":{\"@id\":\"https:\/\/kabinam.lt\/#website\"},\"primaryImageOfPage\":{\"@id\":\"https:\/\/kabinam.lt\/product\/sekmes-kauliuko-raktu-pakabukas\/#primaryimage\"},\"image\":{\"@id\":\"https:\/\/kabinam.lt\/product\/sekmes-kauliuko-raktu-pakabukas\/#primaryimage\"},\"thumbnailUrl\":\"https:\/\/kabinam.lt\/wp-content\/uploads\/2024\/07\/cfde70d21b45cecae1432dc9d8efbb7f.jpg\",\"datePublished\":\"2024-07-30T14:12:40+00:00\",\"dateModified\":\"2026-01-03T16:55:12+00:00\",\"description\":\"S\u0117km\u0117s kauliuko rakt\u0173 pakabukas \\\"lucky dice\\\" \u2013 sidabrinis, s\u0117km\u0117s simbolis, puiki dovana bet kokiai progai ne\u0161anti s\u0117km\u0119!\",\"breadcrumb\":{\"@id\":\"https:\/\/kabinam.lt\/product\/sekmes-kauliuko-raktu-pakabukas\/#breadcrumb\"},\"inLanguage\":\"lv-LV\",\"potentialAction\":[{\"@type\":\"ReadAction\",\"target\":[\"https:\/\/kabinam.lt\/product\/sekmes-kauliuko-raktu-pakabukas\/\"]}]},{\"@type\":\"ImageObject\",\"inLanguage\":\"lv-LV\",\"@id\":\"https:\/\/kabinam.lt\/product\/sekmes-kauliuko-raktu-pakabukas\/#primaryimage\",\"url\":\"https:\/\/kabinam.lt\/wp-content\/uploads\/2024\/07\/cfde70d21b45cecae1432dc9d8efbb7f.jpg\",\"contentUrl\":\"https:\/\/kabinam.lt\/wp-content\/uploads\/2024\/07\/cfde70d21b45cecae1432dc9d8efbb7f.jpg\",\"width\":800,\"height\":800,\"caption\":\"S\u0117km\u0117s kauliuko rakt\u0173 pakabukas sidabrinis\"},{\"@type\":\"BreadcrumbList\",\"@id\":\"https:\/\/kabinam.lt\/product\/sekmes-kauliuko-raktu-pakabukas\/#breadcrumb\",\"itemListElement\":[{\"@type\":\"ListItem\",\"position\":1,\"name\":\"Home\",\"item\":\"https:\/\/kabinam.lt\/\"},{\"@type\":\"ListItem\",\"position\":2,\"name\":\"Visi Produktai\",\"item\":\"https:\/\/kabinam.lt\/visi-produktai\/\"},{\"@type\":\"ListItem\",\"position\":3,\"name\":\"S\u0117km\u0117s kauliuko rakt\u0173 pakabukas &#8211; &#8220;Lucky Dice&#8221;\"}]},{\"@type\":\"WebSite\",\"@id\":\"https:\/\/kabinam.lt\/#website\",\"url\":\"https:\/\/kabinam.lt\/\",\"name\":\"kabinam.lt\",\"description\":\"Kabinam.lt \u2013 raktu pakabukai ir aksesuarai\",\"publisher\":{\"@id\":\"https:\/\/kabinam.lt\/#organization\"},\"alternateName\":\"pakabukai lt\",\"potentialAction\":[{\"@type\":\"SearchAction\",\"target\":{\"@type\":\"EntryPoint\",\"urlTemplate\":\"https:\/\/kabinam.lt\/?s={search_term_string}\"},\"query-input\":{\"@type\":\"PropertyValueSpecification\",\"valueRequired\":true,\"valueName\":\"search_term_string\"}}],\"inLanguage\":\"lv-LV\"},{\"@type\":\"Organization\",\"@id\":\"https:\/\/kabinam.lt\/#organization\",\"name\":\"kabinam.lt\",\"alternateName\":\"kabinam\",\"url\":\"https:\/\/kabinam.lt\/\",\"logo\":{\"@type\":\"ImageObject\",\"inLanguage\":\"lv-LV\",\"@id\":\"https:\/\/kabinam.lt\/#\/schema\/logo\/image\/\",\"url\":\"https:\/\/kabinam.lt\/wp-content\/uploads\/2025\/05\/KABINAM_outer_glow.png\",\"contentUrl\":\"https:\/\/kabinam.lt\/wp-content\/uploads\/2025\/05\/KABINAM_outer_glow.png\",\"width\":474,\"height\":141,\"caption\":\"kabinam.lt\"},\"image\":{\"@id\":\"https:\/\/kabinam.lt\/#\/schema\/logo\/image\/\"}}]}<\/script>\n<!-- \/ Yoast SEO plugin. -->","yoast_head_json":{"title":"Lucky Dice atsl\u0113gu piekari\u0146\u0161 - \"Lucky Dice\" - kabinam.lt","description":"Laimes kauli\u0146u atsl\u0113gu piekari\u0146\u0161 \"Laimes kauli\u0146i\" - sudraba kr\u0101s\u0101, veiksmes simbols, lieliska d\u0101vana jebkuram gad\u012bjumam!","robots":{"index":"index","follow":"follow","max-snippet":"max-snippet:-1","max-image-preview":"max-image-preview:large","max-video-preview":"max-video-preview:-1"},"canonical":"https:\/\/kabinam.lt\/lv\/produkts\/veiksmes-kaulinu-atslegu-piekarins\/","og_locale":"lv_LV","og_type":"article","og_title":"S\u0117km\u0117s kauliuko rakt\u0173 pakabukas - \"Lucky Dice\" - kabinam.lt","og_description":"S\u0117km\u0117s kauliuko rakt\u0173 pakabukas \"lucky dice\" \u2013 sidabrinis, s\u0117km\u0117s simbolis, puiki dovana bet kokiai progai ne\u0161anti s\u0117km\u0119!","og_url":"https:\/\/kabinam.lt\/lv\/produkts\/veiksmes-kaulinu-atslegu-piekarins\/","og_site_name":"kabinam.lt","article_modified_time":"2026-01-03T16:55:12+00:00","og_image":[{"width":800,"height":800,"url":"https:\/\/kabinam.lt\/wp-content\/uploads\/2024\/07\/cfde70d21b45cecae1432dc9d8efbb7f.jpg","type":"image\/jpeg"}],"twitter_card":"summary_large_image","twitter_misc":{"Est. reading time":"2 min\u016btes"},"schema":{"@context":"https:\/\/schema.org","@graph":[{"@type":["WebPage","ItemPage"],"@id":"https:\/\/kabinam.lt\/product\/sekmes-kauliuko-raktu-pakabukas\/","url":"https:\/\/kabinam.lt\/product\/sekmes-kauliuko-raktu-pakabukas\/","name":"Lucky Dice atsl\u0113gu piekari\u0146\u0161 - \"Lucky Dice\" - kabinam.lt","isPartOf":{"@id":"https:\/\/kabinam.lt\/#website"},"primaryImageOfPage":{"@id":"https:\/\/kabinam.lt\/product\/sekmes-kauliuko-raktu-pakabukas\/#primaryimage"},"image":{"@id":"https:\/\/kabinam.lt\/product\/sekmes-kauliuko-raktu-pakabukas\/#primaryimage"},"thumbnailUrl":"https:\/\/kabinam.lt\/wp-content\/uploads\/2024\/07\/cfde70d21b45cecae1432dc9d8efbb7f.jpg","datePublished":"2024-07-30T14:12:40+00:00","dateModified":"2026-01-03T16:55:12+00:00","description":"Laimes kauli\u0146u atsl\u0113gu piekari\u0146\u0161 \"Laimes kauli\u0146i\" - sudraba kr\u0101s\u0101, veiksmes simbols, lieliska d\u0101vana jebkuram gad\u012bjumam!","breadcrumb":{"@id":"https:\/\/kabinam.lt\/product\/sekmes-kauliuko-raktu-pakabukas\/#breadcrumb"},"inLanguage":"lv-LV","potentialAction":[{"@type":"ReadAction","target":["https:\/\/kabinam.lt\/product\/sekmes-kauliuko-raktu-pakabukas\/"]}]},{"@type":"ImageObject","inLanguage":"lv-LV","@id":"https:\/\/kabinam.lt\/product\/sekmes-kauliuko-raktu-pakabukas\/#primaryimage","url":"https:\/\/kabinam.lt\/wp-content\/uploads\/2024\/07\/cfde70d21b45cecae1432dc9d8efbb7f.jpg","contentUrl":"https:\/\/kabinam.lt\/wp-content\/uploads\/2024\/07\/cfde70d21b45cecae1432dc9d8efbb7f.jpg","width":800,"height":800,"caption":"S\u0117km\u0117s kauliuko rakt\u0173 pakabukas sidabrinis"},{"@type":"BreadcrumbList","@id":"https:\/\/kabinam.lt\/product\/sekmes-kauliuko-raktu-pakabukas\/#breadcrumb","itemListElement":[{"@type":"ListItem","position":1,"name":"Home","item":"https:\/\/kabinam.lt\/"},{"@type":"ListItem","position":2,"name":"Visi Produktai","item":"https:\/\/kabinam.lt\/visi-produktai\/"},{"@type":"ListItem","position":3,"name":"S\u0117km\u0117s kauliuko rakt\u0173 pakabukas &#8211; &#8220;Lucky Dice&#8221;"}]},{"@type":"WebSite","@id":"https:\/\/kabinam.lt\/#website","url":"https:\/\/kabinam.lt\/","name":"kabinam.lt","description":"Kabinam.lt - atsl\u0113gu piekari\u0146i un aksesu\u0101ri","publisher":{"@id":"https:\/\/kabinam.lt\/#organization"},"alternateName":"pakabukai lt","potentialAction":[{"@type":"SearchAction","target":{"@type":"EntryPoint","urlTemplate":"https:\/\/kabinam.lt\/?s={search_term_string}"},"query-input":{"@type":"PropertyValueSpecification","valueRequired":true,"valueName":"search_term_string"}}],"inLanguage":"lv-LV"},{"@type":"Organization","@id":"https:\/\/kabinam.lt\/#organization","name":"kabinam.lt","alternateName":"kabinam","url":"https:\/\/kabinam.lt\/","logo":{"@type":"ImageObject","inLanguage":"lv-LV","@id":"https:\/\/kabinam.lt\/#\/schema\/logo\/image\/","url":"https:\/\/kabinam.lt\/wp-content\/uploads\/2025\/05\/KABINAM_outer_glow.png","contentUrl":"https:\/\/kabinam.lt\/wp-content\/uploads\/2025\/05\/KABINAM_outer_glow.png","width":474,"height":141,"caption":"kabinam.lt"},"image":{"@id":"https:\/\/kabinam.lt\/#\/schema\/logo\/image\/"}}]}},"uagb_featured_image_src":{"full":["https:\/\/kabinam.lt\/wp-content\/uploads\/2024\/07\/cfde70d21b45cecae1432dc9d8efbb7f.jpg",800,800,false],"thumbnail":["https:\/\/kabinam.lt\/wp-content\/uploads\/2024\/07\/cfde70d21b45cecae1432dc9d8efbb7f-150x150.jpg",150,150,true],"medium":["https:\/\/kabinam.lt\/wp-content\/uploads\/2024\/07\/cfde70d21b45cecae1432dc9d8efbb7f-300x300.jpg",300,300,true],"medium_large":["https:\/\/kabinam.lt\/wp-content\/uploads\/2024\/07\/cfde70d21b45cecae1432dc9d8efbb7f-768x768.jpg",768,768,true],"large":["https:\/\/kabinam.lt\/wp-content\/uploads\/2024\/07\/cfde70d21b45cecae1432dc9d8efbb7f.jpg",800,800,false],"1536x1536":["https:\/\/kabinam.lt\/wp-content\/uploads\/2024\/07\/cfde70d21b45cecae1432dc9d8efbb7f.jpg",800,800,false],"2048x2048":["https:\/\/kabinam.lt\/wp-content\/uploads\/2024\/07\/cfde70d21b45cecae1432dc9d8efbb7f.jpg",800,800,false],"trp-custom-language-flag":["https:\/\/kabinam.lt\/wp-content\/uploads\/2024\/07\/cfde70d21b45cecae1432dc9d8efbb7f.jpg",12,12,false],"woocommerce_thumbnail":["https:\/\/kabinam.lt\/wp-content\/uploads\/2024\/07\/cfde70d21b45cecae1432dc9d8efbb7f-300x300.jpg",300,300,true],"woocommerce_single":["https:\/\/kabinam.lt\/wp-content\/uploads\/2024\/07\/cfde70d21b45cecae1432dc9d8efbb7f-600x600.jpg",600,600,true],"woocommerce_gallery_thumbnail":["https:\/\/kabinam.lt\/wp-content\/uploads\/2024\/07\/cfde70d21b45cecae1432dc9d8efbb7f-100x100.jpg",100,100,true]},"uagb_author_info":{"display_name":"kabinam.lt","author_link":"https:\/\/kabinam.lt\/lv\/author\/"},"uagb_comment_info":0,"uagb_excerpt":"Sidabrinis rakt\u0173 pakabukas su s\u0117km\u0117s kauliuko dizainu. Ideali dovana ir s\u0117km\u0117s simbolis.","_links":{"self":[{"href":"https:\/\/kabinam.lt\/lv\/wp-json\/wp\/v2\/product\/2314","targetHints":{"allow":["GET"]}}],"collection":[{"href":"https:\/\/kabinam.lt\/lv\/wp-json\/wp\/v2\/product"}],"about":[{"href":"https:\/\/kabinam.lt\/lv\/wp-json\/wp\/v2\/types\/product"}],"replies":[{"embeddable":true,"href":"https:\/\/kabinam.lt\/lv\/wp-json\/wp\/v2\/comments?post=2314"}],"wp:featuredmedia":[{"embeddable":true,"href":"https:\/\/kabinam.lt\/lv\/wp-json\/wp\/v2\/media\/2319"}],"wp:attachment":[{"href":"https:\/\/kabinam.lt\/lv\/wp-json\/wp\/v2\/media?parent=2314"}],"wp:term":[{"taxonomy":"product_brand","embeddable":true,"href":"https:\/\/kabinam.lt\/lv\/wp-json\/wp\/v2\/product_brand?post=2314"},{"taxonomy":"product_cat","embeddable":true,"href":"https:\/\/kabinam.lt\/lv\/wp-json\/wp\/v2\/product_cat?post=2314"},{"taxonomy":"product_tag","embeddable":true,"href":"https:\/\/kabinam.lt\/lv\/wp-json\/wp\/v2\/product_tag?post=2314"}],"curies":[{"name":"wp","href":"https:\/\/api.w.org\/{rel}","templated":true}]}}