{"id":2246,"date":"2024-07-30T14:10:44","date_gmt":"2024-07-30T11:10:44","guid":{"rendered":"https:\/\/kabinam.lt\/?post_type=product&#038;p=2246"},"modified":"2026-01-03T18:55:13","modified_gmt":"2026-01-03T16:55:13","slug":"forsais-banans","status":"publish","type":"product","link":"https:\/\/kabinam.lt\/lv\/product\/cool-banana\/","title":{"rendered":"Atsl\u0113gu piekari\u0146i ar 3D dizainu - Ban\u0101ns"},"content":{"rendered":"<div class=\"kk-star-ratings kksr-auto kksr-align-left kksr-valign-top\"\n    data-payload='{&quot;align&quot;:&quot;left&quot;,&quot;id&quot;:&quot;2246&quot;,&quot;slug&quot;:&quot;default&quot;,&quot;valign&quot;:&quot;top&quot;,&quot;ignore&quot;:&quot;&quot;,&quot;reference&quot;:&quot;auto&quot;,&quot;class&quot;:&quot;&quot;,&quot;count&quot;:&quot;0&quot;,&quot;legendonly&quot;:&quot;&quot;,&quot;readonly&quot;:&quot;&quot;,&quot;score&quot;:&quot;0&quot;,&quot;starsonly&quot;:&quot;&quot;,&quot;best&quot;:&quot;5&quot;,&quot;gap&quot;:&quot;5&quot;,&quot;greet&quot;:&quot;Mums svarbus j\u016bs\u0173 \u012fvertinimas&quot;,&quot;legend&quot;:&quot;0\\\/5 - (0 votes)&quot;,&quot;size&quot;:&quot;24&quot;,&quot;title&quot;:&quot;Rakt\u0173 pakabukai su 3D dizainu \u2013 Bananas&quot;,&quot;width&quot;:&quot;0&quot;,&quot;_legend&quot;:&quot;{score}\\\/{best} - ({count} {votes})&quot;,&quot;font_factor&quot;:&quot;1.25&quot;}'>\n            \n<div class=\"kksr-stars\">\n    \n<div class=\"kksr-stars-inactive\">\n            <div class=\"kksr-star\" data-star=\"1\" style=\"padding-right: 5px\">\n            \n\n<div class=\"kksr-icon\" style=\"width: 24px; height: 24px;\"><\/div>\n        <\/div>\n            <div class=\"kksr-star\" data-star=\"2\" style=\"padding-right: 5px\">\n            \n\n<div class=\"kksr-icon\" style=\"width: 24px; height: 24px;\"><\/div>\n        <\/div>\n            <div class=\"kksr-star\" data-star=\"3\" style=\"padding-right: 5px\">\n            \n\n<div class=\"kksr-icon\" style=\"width: 24px; height: 24px;\"><\/div>\n        <\/div>\n            <div class=\"kksr-star\" data-star=\"4\" style=\"padding-right: 5px\">\n            \n\n<div class=\"kksr-icon\" style=\"width: 24px; height: 24px;\"><\/div>\n        <\/div>\n            <div class=\"kksr-star\" data-star=\"5\" style=\"padding-right: 5px\">\n            \n\n<div class=\"kksr-icon\" style=\"width: 24px; height: 24px;\"><\/div>\n        <\/div>\n    <\/div>\n    \n<div class=\"kksr-stars-active\" style=\"width: 0px;\">\n            <div class=\"kksr-star\" style=\"padding-right: 5px\">\n            \n\n<div class=\"kksr-icon\" style=\"width: 24px; height: 24px;\"><\/div>\n        <\/div>\n            <div class=\"kksr-star\" style=\"padding-right: 5px\">\n            \n\n<div class=\"kksr-icon\" style=\"width: 24px; height: 24px;\"><\/div>\n        <\/div>\n            <div class=\"kksr-star\" style=\"padding-right: 5px\">\n            \n\n<div class=\"kksr-icon\" style=\"width: 24px; height: 24px;\"><\/div>\n        <\/div>\n            <div class=\"kksr-star\" style=\"padding-right: 5px\">\n            \n\n<div class=\"kksr-icon\" style=\"width: 24px; height: 24px;\"><\/div>\n        <\/div>\n            <div class=\"kksr-star\" style=\"padding-right: 5px\">\n            \n\n<div class=\"kksr-icon\" style=\"width: 24px; height: 24px;\"><\/div>\n        <\/div>\n    <\/div>\n<\/div>\n                \n\n<div class=\"kksr-legend\" style=\"font-size: 19.2px;\">\n            <span class=\"kksr-muted\">Mums ir svar\u012bgs j\u016bsu nov\u0113rt\u0113jums<\/span>\n    <\/div>\n    <\/div>\n<h3 class=\"\" data-start=\"177\" data-end=\"249\">Atsl\u0113gu piekari\u0146i ar 3D dizainu - unik\u0101ls ban\u0101na formas aksesu\u0101rs<\/h3>\n<p class=\"\" data-start=\"251\" data-end=\"635\">Atsl\u0113gu piekari\u0146i ar 3D dizainu k\u013c\u016bst arvien popul\u0101r\u0101ki to cilv\u0113ku vid\u016b, kuri mekl\u0113 ne tikai praktisku, bet ar\u012b jautru aksesu\u0101ru. \u0160is 3D ban\u0101na formas atsl\u0113gu piekari\u0146\u0161 noteikti liks jums pasmaid\u012bt. Ar rok\u0101m, k\u0101j\u0101m un stil\u012bg\u0101m saulesbrill\u0113m vi\u0146\u0161 izskat\u0101s k\u0101 dz\u012bvs t\u0113ls. Tas ir kas vair\u0101k nek\u0101 tikai atsl\u0113gu piekari\u0146\u0161 - tas ir miniat\u016brs t\u0113ls, kas var k\u013c\u016bt par j\u016bsu ikdienas garast\u0101vok\u013ca uzlabot\u0101ju.<\/p>\n<p class=\"\" data-start=\"637\" data-end=\"1027\">\u0160is aksesu\u0101rs ir lieliski piem\u0113rots tiem, kas mekl\u0113 unikalit\u0101ti un humoru. Atsl\u0113gu piekari\u0146i ar 3D dizainu bie\u017ei vien att\u0113lo anim\u0113tus vai simboliskus objektus - aug\u013cus, \u0113dienus, dz\u012bvniekus vai pat t\u0113lus. Ta\u010du \u0161is ban\u0101ns ir \u012bpa\u0161s. Tas pau\u017e \u201efor\u0161u\u201c stilu, ener\u0123iju un pozit\u012bvismu. \u0160is atsl\u0113gu piekari\u0146\u0161 ir ide\u0101li piem\u0113rots gan jaunie\u0161iem, gan pieaugu\u0161ajiem, kuriem ikdien\u0101 pat\u012bk rota\u013c\u012bgi akcenti.<\/p>\n<p class=\"\" data-start=\"1029\" data-end=\"1422\">Izgatavots no iztur\u012bga met\u0101la un gumijas kombin\u0101cijas, tas ir ne tikai rota\u013c\u012bgs, bet ar\u012b iztur\u012bgs. Detaliz\u0113ti locek\u013ci, izteiksm\u012bga seja un saulesbrilles pie\u0161\u0137ir vi\u0146am raksturu. Pateicoties iztur\u012bgajai \u0137\u0113d\u012btei, piekari\u0146u var dro\u0161i piestiprin\u0101t pie atsl\u0113g\u0101m, mugursomas, rokassomas vai pat automa\u0161\u012bnas spogu\u013ca. \u0160\u0101di aksesu\u0101ri bie\u017ei vien ir ar\u012b kolekciju priek\u0161meti, t\u0101p\u0113c tie var b\u016bt ar\u012b lieliska d\u0101vana.<\/p>\n<hr class=\"\" data-start=\"1424\" data-end=\"1427\" \/>\n<h3 class=\"\" data-start=\"1429\" data-end=\"1462\">Ekskluzivit\u0101te katru dienu<\/h3>\n<p class=\"\" data-start=\"1464\" data-end=\"1744\">Atsl\u0113gu piekari\u0146i ar 3D dizainu atspogu\u013co v\u0113lmi izcelties un ieg\u016bt aksesu\u0101ru, kas atspogu\u013co j\u016bsu person\u012bbu. \u0160is ban\u0101na formas atsl\u0113gu piekari\u0146\u0161 ir piem\u0113rots tiem, kam pat\u012bk unik\u0101li un negaid\u012bti risin\u0101jumi. Tas var atg\u0101din\u0101t jums par br\u012bvdienu, vasaru, labu garast\u0101vokli vai vienk\u0101r\u0161i par j\u016bsu m\u012blest\u012bbu pret aug\u013ciem.<\/p>\n<p class=\"\" data-start=\"1746\" data-end=\"2080\">\u0160is piederums lieliski sader ar citiem m\u016bsu ekskluz\u012bvajiem produktiem. <a class=\"\" href=\"https:\/\/kabinam.lt\/lv\/produkta-kategorija-2\/unikaliu-pakabuku-kategorija\/\" target=\"_new\" rel=\"noopener\" data-start=\"1817\" data-end=\"1904\">Unik\u0101li kuloni<\/a> kolekcijas. Ja mekl\u0113jat v\u0113l negaid\u012bt\u0101kus risin\u0101jumus, apl\u016bkojiet kolekcijas <a class=\"\" href=\"https:\/\/kabinam.lt\/lv\/produkta-kategorija-2\/popularako-produktu-kategorija\/\" target=\"_new\" rel=\"noopener\" data-start=\"1970\" data-end=\"2068\">Popul\u0101r\u0101kie produkti<\/a> kategorij\u0105.<\/p>\n<p class=\"\" data-start=\"2082\" data-end=\"2339\">\u0160\u0101da veida aksesu\u0101ri ir \u013coti piem\u0113roti ar\u012b k\u0101 d\u0101vana draugam vai draudzenei, \u012bpa\u0161i, ja v\u0113laties izr\u0101d\u012bt uzman\u012bbu ori\u0123in\u0101l\u0101 veid\u0101. T\u0101 ir ne tikai praktiska, bet ar\u012b simboliska d\u0101vana - piekari\u0146\u0161, ko var izmantot katru dienu k\u0101 atg\u0101din\u0101jumu par labu garast\u0101vokli, draudz\u012bbu vai aspr\u0101t\u012bgu komunik\u0101ciju.<\/p>\n<hr class=\"\" data-start=\"2341\" data-end=\"2344\" \/>\n<h3 class=\"\" data-start=\"2346\" data-end=\"2385\">Humors un stils vien\u0101 kulon\u0101<\/h3>\n<p class=\"\" data-start=\"2387\" data-end=\"2680\">\u0160odien atsl\u0113gu piekari\u0146i vairs nav tikai funkcion\u0101ls priek\u0161mets. Tie k\u013c\u016bst par veidu, k\u0101 paust sevi, par\u0101d\u012bt hobijus, humora izj\u016btu vai pat dz\u012bvesveidu. 3D ban\u0101na formas atsl\u0113gu piekari\u0146\u0161 ir tie\u0161i \u0161\u0101ds piem\u0113rs. T\u0101 ir uzkr\u012bto\u0161a un rota\u013c\u012bga, bet vienlaikus ar\u012b labi izgatavota un iztur\u012bga.<\/p>\n<p class=\"\" data-start=\"2682\" data-end=\"2934\">Ja mekl\u0113jat vair\u0101k iedvesmas vai ideju, iesak\u0101m izlas\u012bt \u0101r\u0113jo rokasgr\u0101matu par <a class=\"\" href=\"https:\/\/www.amazon.com\/live\/video\/0c6b5177557a4263971796a5139adb6c?ref_=vse_cards_2\" target=\"_new\" rel=\"noopener\" data-start=\"2764\" data-end=\"2883\">negaid\u012btas d\u0101vanu idejas jaunie\u0161iem<\/a>, kas attiecas ar\u012b uz t\u0101diem piederumiem k\u0101 \u0161is.<\/p>","protected":false},"excerpt":{"rendered":"<p>Rota\u013c\u012bg\u0101 ban\u0101na formas atsl\u0113gu piekari\u0146\u0161 ar 3D dizainu ir lieliska d\u0101vana vai jautrs aksesu\u0101rs.<\/p>","protected":false},"featured_media":2247,"comment_status":"closed","ping_status":"closed","template":"","meta":{"_uag_custom_page_level_css":"","site-sidebar-layout":"default","site-content-layout":"","ast-site-content-layout":"default","site-content-style":"default","site-sidebar-style":"default","ast-global-header-display":"","ast-banner-title-visibility":"","ast-main-header-display":"","ast-hfb-above-header-display":"","ast-hfb-below-header-display":"","ast-hfb-mobile-header-display":"","site-post-title":"","ast-breadcrumbs-content":"","ast-featured-img":"","footer-sml-layout":"","ast-disable-related-posts":"","theme-transparent-header-meta":"default","adv-header-id-meta":"","stick-header-meta":"","header-above-stick-meta":"","header-main-stick-meta":"","header-below-stick-meta":"","astra-migrate-meta-layouts":"set","ast-page-background-enabled":"default","ast-page-background-meta":{"desktop":{"background-color":"var(--ast-global-color-4)","background-image":"","background-repeat":"repeat","background-position":"center center","background-size":"auto","background-attachment":"scroll","background-type":"","background-media":"","overlay-type":"","overlay-color":"","overlay-opacity":"","overlay-gradient":""},"tablet":{"background-color":"","background-image":"","background-repeat":"repeat","background-position":"center center","background-size":"auto","background-attachment":"scroll","background-type":"","background-media":"","overlay-type":"","overlay-color":"","overlay-opacity":"","overlay-gradient":""},"mobile":{"background-color":"","background-image":"","background-repeat":"repeat","background-position":"center center","background-size":"auto","background-attachment":"scroll","background-type":"","background-media":"","overlay-type":"","overlay-color":"","overlay-opacity":"","overlay-gradient":""}},"ast-content-background-meta":{"desktop":{"background-color":"var(--ast-global-color-5)","background-image":"","background-repeat":"repeat","background-position":"center center","background-size":"auto","background-attachment":"scroll","background-type":"","background-media":"","overlay-type":"","overlay-color":"","overlay-opacity":"","overlay-gradient":""},"tablet":{"background-color":"var(--ast-global-color-5)","background-image":"","background-repeat":"repeat","background-position":"center center","background-size":"auto","background-attachment":"scroll","background-type":"","background-media":"","overlay-type":"","overlay-color":"","overlay-opacity":"","overlay-gradient":""},"mobile":{"background-color":"var(--ast-global-color-5)","background-image":"","background-repeat":"repeat","background-position":"center center","background-size":"auto","background-attachment":"scroll","background-type":"","background-media":"","overlay-type":"","overlay-color":"","overlay-opacity":"","overlay-gradient":""}}},"product_brand":[],"product_cat":[125,126,95,118],"product_tag":[],"class_list":{"0":"post-2246","1":"product","2":"type-product","3":"status-publish","4":"has-post-thumbnail","6":"product_cat-halloween","7":"product_cat-visi","8":"product_cat-unikalus-raktu-pakabukai","9":"product_cat-dovana-teciui","10":"desktop-align-center","11":"tablet-align-left","12":"mobile-align-left","14":"first","15":"instock","16":"shipping-taxable","17":"purchasable","18":"product-type-simple"},"yoast_head":"<!-- This site is optimized with the Yoast SEO plugin v27.1.1 - https:\/\/yoast.com\/product\/yoast-seo-wordpress\/ -->\n<title>Rakt\u0173 pakabukai su 3D dizainu \u2013 Bananas - kabinam.lt<\/title>\n<meta name=\"description\" content=\"Rakt\u0173 pakabukai su 3D dizainu \u2013 i\u0161skirtinis banano persona\u017eas su akiniais, puikiai tinka \u017eaismingai dovanai.\" \/>\n<meta name=\"robots\" content=\"index, follow, max-snippet:-1, max-image-preview:large, max-video-preview:-1\" \/>\n<link rel=\"canonical\" href=\"https:\/\/kabinam.lt\/lv\/produkts\/forsais-banans\/\" \/>\n<meta property=\"og:locale\" content=\"lv_LV\" \/>\n<meta property=\"og:type\" content=\"article\" \/>\n<meta property=\"og:title\" content=\"Rakt\u0173 pakabukai su 3D dizainu \u2013 Bananas - kabinam.lt\" \/>\n<meta property=\"og:description\" content=\"Rakt\u0173 pakabukai su 3D dizainu \u2013 i\u0161skirtinis banano persona\u017eas su akiniais, puikiai tinka \u017eaismingai dovanai.\" \/>\n<meta property=\"og:url\" content=\"https:\/\/kabinam.lt\/lv\/produkts\/forsais-banans\/\" \/>\n<meta property=\"og:site_name\" content=\"kabinam.lt\" \/>\n<meta property=\"article:modified_time\" content=\"2026-01-03T16:55:13+00:00\" \/>\n<meta property=\"og:image\" content=\"https:\/\/kabinam.lt\/wp-content\/uploads\/2024\/07\/1712902422638-0dd4bab35564489dbfca3cd416e45f76-goods.jpeg\" \/>\n\t<meta property=\"og:image:width\" content=\"1000\" \/>\n\t<meta property=\"og:image:height\" content=\"1000\" \/>\n\t<meta property=\"og:image:type\" content=\"image\/jpeg\" \/>\n<meta name=\"twitter:card\" content=\"summary_large_image\" \/>\n<meta name=\"twitter:label1\" content=\"Est. reading time\" \/>\n\t<meta name=\"twitter:data1\" content=\"3 min\u016btes\" \/>\n<script type=\"application\/ld+json\" class=\"yoast-schema-graph\">{\"@context\":\"https:\/\/schema.org\",\"@graph\":[{\"@type\":[\"WebPage\",\"ItemPage\"],\"@id\":\"https:\/\/kabinam.lt\/product\/cool-banana\/\",\"url\":\"https:\/\/kabinam.lt\/product\/cool-banana\/\",\"name\":\"Rakt\u0173 pakabukai su 3D dizainu \u2013 Bananas - kabinam.lt\",\"isPartOf\":{\"@id\":\"https:\/\/kabinam.lt\/#website\"},\"primaryImageOfPage\":{\"@id\":\"https:\/\/kabinam.lt\/product\/cool-banana\/#primaryimage\"},\"image\":{\"@id\":\"https:\/\/kabinam.lt\/product\/cool-banana\/#primaryimage\"},\"thumbnailUrl\":\"https:\/\/kabinam.lt\/wp-content\/uploads\/2024\/07\/1712902422638-0dd4bab35564489dbfca3cd416e45f76-goods.jpeg\",\"datePublished\":\"2024-07-30T11:10:44+00:00\",\"dateModified\":\"2026-01-03T16:55:13+00:00\",\"description\":\"Rakt\u0173 pakabukai su 3D dizainu \u2013 i\u0161skirtinis banano persona\u017eas su akiniais, puikiai tinka \u017eaismingai dovanai.\",\"breadcrumb\":{\"@id\":\"https:\/\/kabinam.lt\/product\/cool-banana\/#breadcrumb\"},\"inLanguage\":\"lv-LV\",\"potentialAction\":[{\"@type\":\"ReadAction\",\"target\":[\"https:\/\/kabinam.lt\/product\/cool-banana\/\"]}]},{\"@type\":\"ImageObject\",\"inLanguage\":\"lv-LV\",\"@id\":\"https:\/\/kabinam.lt\/product\/cool-banana\/#primaryimage\",\"url\":\"https:\/\/kabinam.lt\/wp-content\/uploads\/2024\/07\/1712902422638-0dd4bab35564489dbfca3cd416e45f76-goods.jpeg\",\"contentUrl\":\"https:\/\/kabinam.lt\/wp-content\/uploads\/2024\/07\/1712902422638-0dd4bab35564489dbfca3cd416e45f76-goods.jpeg\",\"width\":1000,\"height\":1000,\"caption\":\"\u017daismingas banano formos 3D pakabukas\"},{\"@type\":\"BreadcrumbList\",\"@id\":\"https:\/\/kabinam.lt\/product\/cool-banana\/#breadcrumb\",\"itemListElement\":[{\"@type\":\"ListItem\",\"position\":1,\"name\":\"Home\",\"item\":\"https:\/\/kabinam.lt\/\"},{\"@type\":\"ListItem\",\"position\":2,\"name\":\"Visi Produktai\",\"item\":\"https:\/\/kabinam.lt\/visi-produktai\/\"},{\"@type\":\"ListItem\",\"position\":3,\"name\":\"Rakt\u0173 pakabukai su 3D dizainu \u2013 Bananas\"}]},{\"@type\":\"WebSite\",\"@id\":\"https:\/\/kabinam.lt\/#website\",\"url\":\"https:\/\/kabinam.lt\/\",\"name\":\"kabinam.lt\",\"description\":\"Kabinam.lt \u2013 raktu pakabukai ir aksesuarai\",\"publisher\":{\"@id\":\"https:\/\/kabinam.lt\/#organization\"},\"alternateName\":\"pakabukai lt\",\"potentialAction\":[{\"@type\":\"SearchAction\",\"target\":{\"@type\":\"EntryPoint\",\"urlTemplate\":\"https:\/\/kabinam.lt\/?s={search_term_string}\"},\"query-input\":{\"@type\":\"PropertyValueSpecification\",\"valueRequired\":true,\"valueName\":\"search_term_string\"}}],\"inLanguage\":\"lv-LV\"},{\"@type\":\"Organization\",\"@id\":\"https:\/\/kabinam.lt\/#organization\",\"name\":\"kabinam.lt\",\"alternateName\":\"kabinam\",\"url\":\"https:\/\/kabinam.lt\/\",\"logo\":{\"@type\":\"ImageObject\",\"inLanguage\":\"lv-LV\",\"@id\":\"https:\/\/kabinam.lt\/#\/schema\/logo\/image\/\",\"url\":\"https:\/\/kabinam.lt\/wp-content\/uploads\/2025\/05\/KABINAM_outer_glow.png\",\"contentUrl\":\"https:\/\/kabinam.lt\/wp-content\/uploads\/2025\/05\/KABINAM_outer_glow.png\",\"width\":474,\"height\":141,\"caption\":\"kabinam.lt\"},\"image\":{\"@id\":\"https:\/\/kabinam.lt\/#\/schema\/logo\/image\/\"}}]}<\/script>\n<!-- \/ Yoast SEO plugin. -->","yoast_head_json":{"title":"Atsl\u0113gu piekari\u0146i ar 3D dizainu - Ban\u0101ni - kabinam.lt","description":"Atsl\u0113gu piekari\u0146i ar 3D dizainu - ekskluz\u012bvs ban\u0101na t\u0113ls ar brill\u0113m, lieliski piem\u0113rots rota\u013c\u012bgai d\u0101vanai.","robots":{"index":"index","follow":"follow","max-snippet":"max-snippet:-1","max-image-preview":"max-image-preview:large","max-video-preview":"max-video-preview:-1"},"canonical":"https:\/\/kabinam.lt\/lv\/produkts\/forsais-banans\/","og_locale":"lv_LV","og_type":"article","og_title":"Rakt\u0173 pakabukai su 3D dizainu \u2013 Bananas - kabinam.lt","og_description":"Rakt\u0173 pakabukai su 3D dizainu \u2013 i\u0161skirtinis banano persona\u017eas su akiniais, puikiai tinka \u017eaismingai dovanai.","og_url":"https:\/\/kabinam.lt\/lv\/produkts\/forsais-banans\/","og_site_name":"kabinam.lt","article_modified_time":"2026-01-03T16:55:13+00:00","og_image":[{"width":1000,"height":1000,"url":"https:\/\/kabinam.lt\/wp-content\/uploads\/2024\/07\/1712902422638-0dd4bab35564489dbfca3cd416e45f76-goods.jpeg","type":"image\/jpeg"}],"twitter_card":"summary_large_image","twitter_misc":{"Est. reading time":"3 min\u016btes"},"schema":{"@context":"https:\/\/schema.org","@graph":[{"@type":["WebPage","ItemPage"],"@id":"https:\/\/kabinam.lt\/product\/cool-banana\/","url":"https:\/\/kabinam.lt\/product\/cool-banana\/","name":"Atsl\u0113gu piekari\u0146i ar 3D dizainu - Ban\u0101ni - kabinam.lt","isPartOf":{"@id":"https:\/\/kabinam.lt\/#website"},"primaryImageOfPage":{"@id":"https:\/\/kabinam.lt\/product\/cool-banana\/#primaryimage"},"image":{"@id":"https:\/\/kabinam.lt\/product\/cool-banana\/#primaryimage"},"thumbnailUrl":"https:\/\/kabinam.lt\/wp-content\/uploads\/2024\/07\/1712902422638-0dd4bab35564489dbfca3cd416e45f76-goods.jpeg","datePublished":"2024-07-30T11:10:44+00:00","dateModified":"2026-01-03T16:55:13+00:00","description":"Atsl\u0113gu piekari\u0146i ar 3D dizainu - ekskluz\u012bvs ban\u0101na t\u0113ls ar brill\u0113m, lieliski piem\u0113rots rota\u013c\u012bgai d\u0101vanai.","breadcrumb":{"@id":"https:\/\/kabinam.lt\/product\/cool-banana\/#breadcrumb"},"inLanguage":"lv-LV","potentialAction":[{"@type":"ReadAction","target":["https:\/\/kabinam.lt\/product\/cool-banana\/"]}]},{"@type":"ImageObject","inLanguage":"lv-LV","@id":"https:\/\/kabinam.lt\/product\/cool-banana\/#primaryimage","url":"https:\/\/kabinam.lt\/wp-content\/uploads\/2024\/07\/1712902422638-0dd4bab35564489dbfca3cd416e45f76-goods.jpeg","contentUrl":"https:\/\/kabinam.lt\/wp-content\/uploads\/2024\/07\/1712902422638-0dd4bab35564489dbfca3cd416e45f76-goods.jpeg","width":1000,"height":1000,"caption":"\u017daismingas banano formos 3D pakabukas"},{"@type":"BreadcrumbList","@id":"https:\/\/kabinam.lt\/product\/cool-banana\/#breadcrumb","itemListElement":[{"@type":"ListItem","position":1,"name":"Home","item":"https:\/\/kabinam.lt\/"},{"@type":"ListItem","position":2,"name":"Visi Produktai","item":"https:\/\/kabinam.lt\/visi-produktai\/"},{"@type":"ListItem","position":3,"name":"Rakt\u0173 pakabukai su 3D dizainu \u2013 Bananas"}]},{"@type":"WebSite","@id":"https:\/\/kabinam.lt\/#website","url":"https:\/\/kabinam.lt\/","name":"kabinam.lt","description":"Kabinam.lt - atsl\u0113gu piekari\u0146i un aksesu\u0101ri","publisher":{"@id":"https:\/\/kabinam.lt\/#organization"},"alternateName":"pakabukai lt","potentialAction":[{"@type":"SearchAction","target":{"@type":"EntryPoint","urlTemplate":"https:\/\/kabinam.lt\/?s={search_term_string}"},"query-input":{"@type":"PropertyValueSpecification","valueRequired":true,"valueName":"search_term_string"}}],"inLanguage":"lv-LV"},{"@type":"Organization","@id":"https:\/\/kabinam.lt\/#organization","name":"kabinam.lt","alternateName":"kabinam","url":"https:\/\/kabinam.lt\/","logo":{"@type":"ImageObject","inLanguage":"lv-LV","@id":"https:\/\/kabinam.lt\/#\/schema\/logo\/image\/","url":"https:\/\/kabinam.lt\/wp-content\/uploads\/2025\/05\/KABINAM_outer_glow.png","contentUrl":"https:\/\/kabinam.lt\/wp-content\/uploads\/2025\/05\/KABINAM_outer_glow.png","width":474,"height":141,"caption":"kabinam.lt"},"image":{"@id":"https:\/\/kabinam.lt\/#\/schema\/logo\/image\/"}}]}},"uagb_featured_image_src":{"full":["https:\/\/kabinam.lt\/wp-content\/uploads\/2024\/07\/1712902422638-0dd4bab35564489dbfca3cd416e45f76-goods.jpeg",1000,1000,false],"thumbnail":["https:\/\/kabinam.lt\/wp-content\/uploads\/2024\/07\/1712902422638-0dd4bab35564489dbfca3cd416e45f76-goods-150x150.jpeg",150,150,true],"medium":["https:\/\/kabinam.lt\/wp-content\/uploads\/2024\/07\/1712902422638-0dd4bab35564489dbfca3cd416e45f76-goods-300x300.jpeg",300,300,true],"medium_large":["https:\/\/kabinam.lt\/wp-content\/uploads\/2024\/07\/1712902422638-0dd4bab35564489dbfca3cd416e45f76-goods-768x768.jpeg",768,768,true],"large":["https:\/\/kabinam.lt\/wp-content\/uploads\/2024\/07\/1712902422638-0dd4bab35564489dbfca3cd416e45f76-goods.jpeg",1000,1000,false],"1536x1536":["https:\/\/kabinam.lt\/wp-content\/uploads\/2024\/07\/1712902422638-0dd4bab35564489dbfca3cd416e45f76-goods.jpeg",1000,1000,false],"2048x2048":["https:\/\/kabinam.lt\/wp-content\/uploads\/2024\/07\/1712902422638-0dd4bab35564489dbfca3cd416e45f76-goods.jpeg",1000,1000,false],"trp-custom-language-flag":["https:\/\/kabinam.lt\/wp-content\/uploads\/2024\/07\/1712902422638-0dd4bab35564489dbfca3cd416e45f76-goods.jpeg",12,12,false],"woocommerce_thumbnail":["https:\/\/kabinam.lt\/wp-content\/uploads\/2024\/07\/1712902422638-0dd4bab35564489dbfca3cd416e45f76-goods-300x300.jpeg",300,300,true],"woocommerce_single":["https:\/\/kabinam.lt\/wp-content\/uploads\/2024\/07\/1712902422638-0dd4bab35564489dbfca3cd416e45f76-goods-600x600.jpeg",600,600,true],"woocommerce_gallery_thumbnail":["https:\/\/kabinam.lt\/wp-content\/uploads\/2024\/07\/1712902422638-0dd4bab35564489dbfca3cd416e45f76-goods-100x100.jpeg",100,100,true]},"uagb_author_info":{"display_name":"kabinam.lt","author_link":"https:\/\/kabinam.lt\/lv\/author\/"},"uagb_comment_info":0,"uagb_excerpt":"\u017daismingas banano formos rakt\u0173 pakabukas su 3D dizainu \u2013 puiki dovana ar nuotaikingas aksesuaras.","_links":{"self":[{"href":"https:\/\/kabinam.lt\/lv\/wp-json\/wp\/v2\/product\/2246","targetHints":{"allow":["GET"]}}],"collection":[{"href":"https:\/\/kabinam.lt\/lv\/wp-json\/wp\/v2\/product"}],"about":[{"href":"https:\/\/kabinam.lt\/lv\/wp-json\/wp\/v2\/types\/product"}],"replies":[{"embeddable":true,"href":"https:\/\/kabinam.lt\/lv\/wp-json\/wp\/v2\/comments?post=2246"}],"wp:featuredmedia":[{"embeddable":true,"href":"https:\/\/kabinam.lt\/lv\/wp-json\/wp\/v2\/media\/2247"}],"wp:attachment":[{"href":"https:\/\/kabinam.lt\/lv\/wp-json\/wp\/v2\/media?parent=2246"}],"wp:term":[{"taxonomy":"product_brand","embeddable":true,"href":"https:\/\/kabinam.lt\/lv\/wp-json\/wp\/v2\/product_brand?post=2246"},{"taxonomy":"product_cat","embeddable":true,"href":"https:\/\/kabinam.lt\/lv\/wp-json\/wp\/v2\/product_cat?post=2246"},{"taxonomy":"product_tag","embeddable":true,"href":"https:\/\/kabinam.lt\/lv\/wp-json\/wp\/v2\/product_tag?post=2246"}],"curies":[{"name":"wp","href":"https:\/\/api.w.org\/{rel}","templated":true}]}}