{"id":2201,"date":"2024-07-29T18:06:30","date_gmt":"2024-07-29T15:06:30","guid":{"rendered":"https:\/\/kabinam.lt\/?post_type=product&#038;p=2201"},"modified":"2026-01-03T18:55:13","modified_gmt":"2026-01-03T16:55:13","slug":"unikals-gravets-atslegu-piekarins-braukt-drosi","status":"publish","type":"product","link":"https:\/\/kabinam.lt\/lv\/product\/unikalus-graviruotas-raktu-pakabukas-ride-safe\/","title":{"rendered":"Unik\u0101li grav\u0113ti atsl\u0113gu piekari\u0146i \u201eRide Safe Because I Love You\u201c"},"content":{"rendered":"<div class=\"kk-star-ratings kksr-auto kksr-align-left kksr-valign-top\"\n    data-payload='{&quot;align&quot;:&quot;left&quot;,&quot;id&quot;:&quot;2201&quot;,&quot;slug&quot;:&quot;default&quot;,&quot;valign&quot;:&quot;top&quot;,&quot;ignore&quot;:&quot;&quot;,&quot;reference&quot;:&quot;auto&quot;,&quot;class&quot;:&quot;&quot;,&quot;count&quot;:&quot;0&quot;,&quot;legendonly&quot;:&quot;&quot;,&quot;readonly&quot;:&quot;&quot;,&quot;score&quot;:&quot;0&quot;,&quot;starsonly&quot;:&quot;&quot;,&quot;best&quot;:&quot;5&quot;,&quot;gap&quot;:&quot;5&quot;,&quot;greet&quot;:&quot;Mums svarbus j\u016bs\u0173 \u012fvertinimas&quot;,&quot;legend&quot;:&quot;0\\\/5 - (0 votes)&quot;,&quot;size&quot;:&quot;24&quot;,&quot;title&quot;:&quot;Unikal\u016bs graviruoti rakt\u0173 pakabukai \u201eRide Safe Because I Love You\u201c&quot;,&quot;width&quot;:&quot;0&quot;,&quot;_legend&quot;:&quot;{score}\\\/{best} - ({count} {votes})&quot;,&quot;font_factor&quot;:&quot;1.25&quot;}'>\n            \n<div class=\"kksr-stars\">\n    \n<div class=\"kksr-stars-inactive\">\n            <div class=\"kksr-star\" data-star=\"1\" style=\"padding-right: 5px\">\n            \n\n<div class=\"kksr-icon\" style=\"width: 24px; height: 24px;\"><\/div>\n        <\/div>\n            <div class=\"kksr-star\" data-star=\"2\" style=\"padding-right: 5px\">\n            \n\n<div class=\"kksr-icon\" style=\"width: 24px; height: 24px;\"><\/div>\n        <\/div>\n            <div class=\"kksr-star\" data-star=\"3\" style=\"padding-right: 5px\">\n            \n\n<div class=\"kksr-icon\" style=\"width: 24px; height: 24px;\"><\/div>\n        <\/div>\n            <div class=\"kksr-star\" data-star=\"4\" style=\"padding-right: 5px\">\n            \n\n<div class=\"kksr-icon\" style=\"width: 24px; height: 24px;\"><\/div>\n        <\/div>\n            <div class=\"kksr-star\" data-star=\"5\" style=\"padding-right: 5px\">\n            \n\n<div class=\"kksr-icon\" style=\"width: 24px; height: 24px;\"><\/div>\n        <\/div>\n    <\/div>\n    \n<div class=\"kksr-stars-active\" style=\"width: 0px;\">\n            <div class=\"kksr-star\" style=\"padding-right: 5px\">\n            \n\n<div class=\"kksr-icon\" style=\"width: 24px; height: 24px;\"><\/div>\n        <\/div>\n            <div class=\"kksr-star\" style=\"padding-right: 5px\">\n            \n\n<div class=\"kksr-icon\" style=\"width: 24px; height: 24px;\"><\/div>\n        <\/div>\n            <div class=\"kksr-star\" style=\"padding-right: 5px\">\n            \n\n<div class=\"kksr-icon\" style=\"width: 24px; height: 24px;\"><\/div>\n        <\/div>\n            <div class=\"kksr-star\" style=\"padding-right: 5px\">\n            \n\n<div class=\"kksr-icon\" style=\"width: 24px; height: 24px;\"><\/div>\n        <\/div>\n            <div class=\"kksr-star\" style=\"padding-right: 5px\">\n            \n\n<div class=\"kksr-icon\" style=\"width: 24px; height: 24px;\"><\/div>\n        <\/div>\n    <\/div>\n<\/div>\n                \n\n<div class=\"kksr-legend\" style=\"font-size: 19.2px;\">\n            <span class=\"kksr-muted\">Mums ir svar\u012bgs j\u016bsu nov\u0113rt\u0113jums<\/span>\n    <\/div>\n    <\/div>\n<h3 class=\"\" data-start=\"315\" data-end=\"389\"><strong data-start=\"319\" data-end=\"389\">Unik\u0101li grav\u0113ti atsl\u0113gu piekari\u0146i \u201eRide Safe Because I Love You\u201c<\/strong><\/h3>\n<p class=\"\" data-start=\"391\" data-end=\"695\">Vai mekl\u0113jat d\u0101vanu, kas ir gan sirsn\u012bga, gan praktiska? \u0160is aksesu\u0101rs ir lieliska izv\u0113le. <strong data-start=\"482\" data-end=\"521\">Unik\u0101li grav\u0113ti atsl\u0113gu piekari\u0146i<\/strong> vienm\u0113r piesaista uzman\u012bbu, ta\u010du \u0161im modelim ir ar\u012b sp\u0113c\u012bgas emocijas. Uzraksts \u201eRide Safe Because I Love You\u201c (\"Brauc dro\u0161i, jo es tevi m\u012blu\") atg\u0101dina, cik svar\u012bgi ir dro\u0161i atgriezties pie m\u012b\u013cot\u0101 cilv\u0113ka.<\/p>\n<hr class=\"\" data-start=\"697\" data-end=\"700\" \/>\n<h4 class=\"\" data-start=\"702\" data-end=\"746\"><strong data-start=\"707\" data-end=\"746\">Emocion\u0101l\u0101 saikne katr\u0101 deta\u013c\u0101<\/strong><\/h4>\n<p class=\"\" data-start=\"748\" data-end=\"1019\">Grav\u0113ts kulons run\u0101 par jums. Nav nepiecie\u0161ams daudz v\u0101rdu, lai par\u0101d\u012btu, cik \u013coti jums r\u016bp j\u016bsu m\u012b\u013cot\u0101 cilv\u0113ka dro\u0161\u012bba. Vienk\u0101r\u0161s, bet \u013coti sp\u0113c\u012bgs v\u0113st\u012bjums uz ilgu laiku paliek j\u016bsu sird\u012b. \u0160is kulons ir lieliski piem\u0113rots gan v\u012brie\u0161iem, gan sieviet\u0113m, kuri ce\u013co, brauc ar motociklu vai vada automa\u0161\u012bnu.<\/p>\n<hr class=\"\" data-start=\"1021\" data-end=\"1024\" \/>\n<h4 class=\"\" data-start=\"1026\" data-end=\"1062\"><strong data-start=\"1031\" data-end=\"1062\">Kvalit\u0101te, kas kalpo ilgi<\/strong><\/h4>\n<p class=\"\" data-start=\"1064\" data-end=\"1309\">Piekari\u0146\u0161 ir izgatavots no iztur\u012bga met\u0101la, t\u0101p\u0113c tas ne tikai labi izskat\u0101s, bet ir ar\u012b ilgm\u016b\u017e\u012bgs. Grav\u0113tais teksts neizbal\u0113s pat bie\u017ei lietojot. Tas nav tikai stil\u012bgs aksesu\u0101rs - t\u0101 ir \u012bsta emocija, ko vienm\u0113r var n\u0113s\u0101t l\u012bdzi.<\/p>\n<hr class=\"\" data-start=\"1311\" data-end=\"1314\" \/>\n<h4 class=\"\" data-start=\"1316\" data-end=\"1352\"><strong data-start=\"1321\" data-end=\"1352\">Lieliska izv\u0113le d\u0101vanai<\/strong><\/h4>\n<p class=\"\" data-start=\"1354\" data-end=\"1588\">\u0160is modelis ir \u012bpa\u0161i piem\u0113rots k\u0101 d\u0101vin\u0101juma ideja Valent\u012bna dienai, dzim\u0161anas dienai vai vienk\u0101r\u0161i, lai p\u0101rsteigtu k\u0101du, kuram nav izdev\u012bbas. <strong data-start=\"1469\" data-end=\"1508\">Unik\u0101li grav\u0113ti atsl\u0113gu piekari\u0146i<\/strong> bie\u017ei k\u013c\u016bst par \u012bpa\u0161iem atmi\u0146u simboliem, un \u0161is noteikti b\u016bs viens no tiem.<\/p>\n<p class=\"\" data-start=\"1590\" data-end=\"1772\">Atrodiet v\u0113l ekskluz\u012bv\u0101kas iesp\u0113jas <a class=\"\" href=\"https:\/\/kabinam.lt\/lv\/produkta-kategorija-2\/unikaliu-pakabuku-kategorija\/\" target=\"_new\" rel=\"noopener\" data-start=\"1628\" data-end=\"1727\">unik\u0101lo piekari\u0146u kategorij\u0101<\/a>, kur katram dizainam ir savs st\u0101sts.<\/p>\n<hr class=\"\" data-start=\"1774\" data-end=\"1777\" \/>\n<h4 class=\"\" data-start=\"1779\" data-end=\"1814\"><strong data-start=\"1784\" data-end=\"1814\">Maza deta\u013ca, liela noz\u012bme<\/strong><\/h4>\n<p class=\"\" data-start=\"1816\" data-end=\"2087\">\u0160is grav\u0113tais kulons ir ide\u0101li piem\u0113rots tiem, kas v\u0113las ne tikai est\u0113tisku, bet ar\u012b v\u0113st\u012bjumu. T\u0101 smalkais dizains iederas jebkur\u0101 stil\u0101, un t\u0101 iegrav\u0113t\u0101 fr\u0101ze ir \u012bsts emocion\u0101ls enkurs. Tas ir vair\u0101k nek\u0101 aksesu\u0101rs, tas ir m\u012blest\u012bbas simbols, ko vienm\u0113r var tur\u0113t l\u012bdz\u0101s.<\/p>\n<hr class=\"\" data-start=\"2089\" data-end=\"2092\" \/>\n<h4 class=\"\" data-start=\"2094\" data-end=\"2135\"><strong data-start=\"2099\" data-end=\"2135\">K\u0101p\u0113c izv\u0113l\u0113ties \u0161o kulonu?<\/strong><\/h4>\n<ul data-start=\"2137\" data-end=\"2331\">\n<li class=\"\" data-start=\"2137\" data-end=\"2179\">\n<p class=\"\" data-start=\"2139\" data-end=\"2179\">Emocion\u0101li sp\u0113c\u012bgs un sirsn\u012bgs uzraksts<\/p>\n<\/li>\n<li class=\"\" data-start=\"2180\" data-end=\"2235\">\n<p class=\"\" data-start=\"2182\" data-end=\"2235\">Iztur\u012bgs, nodilumiztur\u012bgs met\u0101la korpuss<\/p>\n<\/li>\n<li class=\"\" data-start=\"2236\" data-end=\"2273\">\n<p class=\"\" data-start=\"2238\" data-end=\"2273\">Piem\u0113rots k\u0101 d\u0101vana jebkuram gad\u012bjumam<\/p>\n<\/li>\n<li class=\"\" data-start=\"2274\" data-end=\"2331\">\n<p class=\"\" data-start=\"2276\" data-end=\"2331\">Izcils dizains - ikvienam, kas nov\u0113rt\u0113 saj\u016btas<\/p>\n<\/li>\n<\/ul>\n<hr class=\"\" data-start=\"2333\" data-end=\"2336\" \/>\n<p class=\"\" data-start=\"2338\" data-end=\"2517\"><strong data-start=\"2338\" data-end=\"2357\">\u0100r\u0113j\u0101 saite<\/strong><br data-start=\"2357\" data-end=\"2360\" \/>Vai mekl\u0113jat v\u0113l citas d\u0101vanas, kas izsaka j\u016btas? Apmekl\u0113jiet <a class=\"cursor-pointer\" target=\"_new\" rel=\"noopener\" data-start=\"2420\" data-end=\"2476\">Uncommongoods.com<\/a>, kur atrad\u012bsiet visda\u017e\u0101d\u0101k\u0101s unik\u0101las d\u0101vanu idejas.<\/p>\n<p class=\"\" data-start=\"2519\" data-end=\"2699\">Aicin\u0101m apskat\u012bt ar\u012b m\u016bsu <a class=\"\" href=\"https:\/\/kabinam.lt\/lv\/produkta-kategorija-2\/popularako-produktu-kategorija\/\" target=\"_new\" rel=\"noopener\" data-start=\"2554\" data-end=\"2654\">popul\u0101r\u0101kie produkti<\/a>, kuriem klienti piev\u0113r\u0161 visliel\u0101ko uzman\u012bbu.<\/p>","protected":false},"excerpt":{"rendered":"<p>Met\u0101la grav\u0113ts kulons ar juteklisku uzrakstu - lieliska d\u0101vana m\u012b\u013cotajam cilv\u0113kam.<\/p>","protected":false},"featured_media":2195,"comment_status":"closed","ping_status":"closed","template":"","meta":{"_uag_custom_page_level_css":"","site-sidebar-layout":"default","site-content-layout":"","ast-site-content-layout":"default","site-content-style":"default","site-sidebar-style":"default","ast-global-header-display":"","ast-banner-title-visibility":"","ast-main-header-display":"","ast-hfb-above-header-display":"","ast-hfb-below-header-display":"","ast-hfb-mobile-header-display":"","site-post-title":"","ast-breadcrumbs-content":"","ast-featured-img":"","footer-sml-layout":"","ast-disable-related-posts":"","theme-transparent-header-meta":"default","adv-header-id-meta":"","stick-header-meta":"","header-above-stick-meta":"","header-main-stick-meta":"","header-below-stick-meta":"","astra-migrate-meta-layouts":"set","ast-page-background-enabled":"default","ast-page-background-meta":{"desktop":{"background-color":"var(--ast-global-color-4)","background-image":"","background-repeat":"repeat","background-position":"center center","background-size":"auto","background-attachment":"scroll","background-type":"","background-media":"","overlay-type":"","overlay-color":"","overlay-opacity":"","overlay-gradient":""},"tablet":{"background-color":"","background-image":"","background-repeat":"repeat","background-position":"center center","background-size":"auto","background-attachment":"scroll","background-type":"","background-media":"","overlay-type":"","overlay-color":"","overlay-opacity":"","overlay-gradient":""},"mobile":{"background-color":"","background-image":"","background-repeat":"repeat","background-position":"center center","background-size":"auto","background-attachment":"scroll","background-type":"","background-media":"","overlay-type":"","overlay-color":"","overlay-opacity":"","overlay-gradient":""}},"ast-content-background-meta":{"desktop":{"background-color":"var(--ast-global-color-5)","background-image":"","background-repeat":"repeat","background-position":"center center","background-size":"auto","background-attachment":"scroll","background-type":"","background-media":"","overlay-type":"","overlay-color":"","overlay-opacity":"","overlay-gradient":""},"tablet":{"background-color":"var(--ast-global-color-5)","background-image":"","background-repeat":"repeat","background-position":"center center","background-size":"auto","background-attachment":"scroll","background-type":"","background-media":"","overlay-type":"","overlay-color":"","overlay-opacity":"","overlay-gradient":""},"mobile":{"background-color":"var(--ast-global-color-5)","background-image":"","background-repeat":"repeat","background-position":"center center","background-size":"auto","background-attachment":"scroll","background-type":"","background-media":"","overlay-type":"","overlay-color":"","overlay-opacity":"","overlay-gradient":""}}},"product_brand":[],"product_cat":[126,91,117,116,95,118],"product_tag":[],"class_list":{"0":"post-2201","1":"product","2":"type-product","3":"status-publish","4":"has-post-thumbnail","6":"product_cat-visi","7":"product_cat-motociklo-raktu-pakabukai","8":"product_cat-graviruoti-raktu-pakabukai","9":"product_cat-metaliniai-raktu-pakabukai","10":"product_cat-unikalus-raktu-pakabukai","11":"product_cat-dovana-teciui","12":"desktop-align-center","13":"tablet-align-left","14":"mobile-align-left","16":"first","17":"instock","18":"shipping-taxable","19":"purchasable","20":"product-type-simple"},"yoast_head":"<!-- This site is optimized with the Yoast SEO plugin v27.1.1 - https:\/\/yoast.com\/product\/yoast-seo-wordpress\/ -->\n<title>Unikal\u016bs graviruoti rakt\u0173 pakabukai \u201eRide Safe Because I Love You\u201c - kabinam.lt<\/title>\n<meta name=\"description\" content=\"Unikal\u016bs graviruoti rakt\u0173 pakabukai su \u017einute \u201eRide Safe Because I Love You\u201c \u2013 prasminga dovana artimajam ar mylimam \u017emogui.\" \/>\n<meta name=\"robots\" content=\"index, follow, max-snippet:-1, max-image-preview:large, max-video-preview:-1\" \/>\n<link rel=\"canonical\" href=\"https:\/\/kabinam.lt\/lv\/produkts\/unikals-gravets-atslegu-piekarins-braukt-drosi\/\" \/>\n<meta property=\"og:locale\" content=\"lv_LV\" \/>\n<meta property=\"og:type\" content=\"article\" \/>\n<meta property=\"og:title\" content=\"Unikal\u016bs graviruoti rakt\u0173 pakabukai \u201eRide Safe Because I Love You\u201c - kabinam.lt\" \/>\n<meta property=\"og:description\" content=\"Unikal\u016bs graviruoti rakt\u0173 pakabukai su \u017einute \u201eRide Safe Because I Love You\u201c \u2013 prasminga dovana artimajam ar mylimam \u017emogui.\" \/>\n<meta property=\"og:url\" content=\"https:\/\/kabinam.lt\/lv\/produkts\/unikals-gravets-atslegu-piekarins-braukt-drosi\/\" \/>\n<meta property=\"og:site_name\" content=\"kabinam.lt\" \/>\n<meta property=\"article:modified_time\" content=\"2026-01-03T16:55:13+00:00\" \/>\n<meta property=\"og:image\" content=\"https:\/\/kabinam.lt\/wp-content\/uploads\/2024\/07\/ae6517c2ebb21e5d9c0258d887d46411.jpg\" \/>\n\t<meta property=\"og:image:width\" content=\"800\" \/>\n\t<meta property=\"og:image:height\" content=\"800\" \/>\n\t<meta property=\"og:image:type\" content=\"image\/jpeg\" \/>\n<meta name=\"twitter:card\" content=\"summary_large_image\" \/>\n<meta name=\"twitter:label1\" content=\"Est. reading time\" \/>\n\t<meta name=\"twitter:data1\" content=\"2 min\u016btes\" \/>\n<script type=\"application\/ld+json\" class=\"yoast-schema-graph\">{\"@context\":\"https:\/\/schema.org\",\"@graph\":[{\"@type\":[\"WebPage\",\"ItemPage\"],\"@id\":\"https:\/\/kabinam.lt\/lt\/product\/unikalus-graviruotas-raktu-pakabukas-ride-safe\/\",\"url\":\"https:\/\/kabinam.lt\/lt\/product\/unikalus-graviruotas-raktu-pakabukas-ride-safe\/\",\"name\":\"Unikal\u016bs graviruoti rakt\u0173 pakabukai \u201eRide Safe Because I Love You\u201c - kabinam.lt\",\"isPartOf\":{\"@id\":\"https:\/\/kabinam.lt\/#website\"},\"primaryImageOfPage\":{\"@id\":\"https:\/\/kabinam.lt\/lt\/product\/unikalus-graviruotas-raktu-pakabukas-ride-safe\/#primaryimage\"},\"image\":{\"@id\":\"https:\/\/kabinam.lt\/lt\/product\/unikalus-graviruotas-raktu-pakabukas-ride-safe\/#primaryimage\"},\"thumbnailUrl\":\"https:\/\/kabinam.lt\/wp-content\/uploads\/2024\/07\/ae6517c2ebb21e5d9c0258d887d46411.jpg\",\"datePublished\":\"2024-07-29T15:06:30+00:00\",\"dateModified\":\"2026-01-03T16:55:13+00:00\",\"description\":\"Unikal\u016bs graviruoti rakt\u0173 pakabukai su \u017einute \u201eRide Safe Because I Love You\u201c \u2013 prasminga dovana artimajam ar mylimam \u017emogui.\",\"breadcrumb\":{\"@id\":\"https:\/\/kabinam.lt\/lt\/product\/unikalus-graviruotas-raktu-pakabukas-ride-safe\/#breadcrumb\"},\"inLanguage\":\"lv-LV\",\"potentialAction\":[{\"@type\":\"ReadAction\",\"target\":[\"https:\/\/kabinam.lt\/lt\/product\/unikalus-graviruotas-raktu-pakabukas-ride-safe\/\"]}]},{\"@type\":\"ImageObject\",\"inLanguage\":\"lv-LV\",\"@id\":\"https:\/\/kabinam.lt\/lt\/product\/unikalus-graviruotas-raktu-pakabukas-ride-safe\/#primaryimage\",\"url\":\"https:\/\/kabinam.lt\/wp-content\/uploads\/2024\/07\/ae6517c2ebb21e5d9c0258d887d46411.jpg\",\"contentUrl\":\"https:\/\/kabinam.lt\/wp-content\/uploads\/2024\/07\/ae6517c2ebb21e5d9c0258d887d46411.jpg\",\"width\":800,\"height\":800,\"caption\":\"Metalinis graviruotas pakabukas su nuo\u0161ird\u017eia \u017einute\"},{\"@type\":\"BreadcrumbList\",\"@id\":\"https:\/\/kabinam.lt\/lt\/product\/unikalus-graviruotas-raktu-pakabukas-ride-safe\/#breadcrumb\",\"itemListElement\":[{\"@type\":\"ListItem\",\"position\":1,\"name\":\"Home\",\"item\":\"https:\/\/kabinam.lt\/\"},{\"@type\":\"ListItem\",\"position\":2,\"name\":\"Visi Produktai\",\"item\":\"https:\/\/kabinam.lt\/visi-produktai\/\"},{\"@type\":\"ListItem\",\"position\":3,\"name\":\"Unikal\u016bs graviruoti rakt\u0173 pakabukai \u201eRide Safe Because I Love You\u201c\"}]},{\"@type\":\"WebSite\",\"@id\":\"https:\/\/kabinam.lt\/#website\",\"url\":\"https:\/\/kabinam.lt\/\",\"name\":\"kabinam.lt\",\"description\":\"Kabinam.lt \u2013 raktu pakabukai ir aksesuarai\",\"publisher\":{\"@id\":\"https:\/\/kabinam.lt\/#organization\"},\"alternateName\":\"pakabukai lt\",\"potentialAction\":[{\"@type\":\"SearchAction\",\"target\":{\"@type\":\"EntryPoint\",\"urlTemplate\":\"https:\/\/kabinam.lt\/?s={search_term_string}\"},\"query-input\":{\"@type\":\"PropertyValueSpecification\",\"valueRequired\":true,\"valueName\":\"search_term_string\"}}],\"inLanguage\":\"lv-LV\"},{\"@type\":\"Organization\",\"@id\":\"https:\/\/kabinam.lt\/#organization\",\"name\":\"kabinam.lt\",\"alternateName\":\"kabinam\",\"url\":\"https:\/\/kabinam.lt\/\",\"logo\":{\"@type\":\"ImageObject\",\"inLanguage\":\"lv-LV\",\"@id\":\"https:\/\/kabinam.lt\/#\/schema\/logo\/image\/\",\"url\":\"https:\/\/kabinam.lt\/wp-content\/uploads\/2025\/05\/KABINAM_outer_glow.png\",\"contentUrl\":\"https:\/\/kabinam.lt\/wp-content\/uploads\/2025\/05\/KABINAM_outer_glow.png\",\"width\":474,\"height\":141,\"caption\":\"kabinam.lt\"},\"image\":{\"@id\":\"https:\/\/kabinam.lt\/#\/schema\/logo\/image\/\"}}]}<\/script>\n<!-- \/ Yoast SEO plugin. -->","yoast_head_json":{"title":"Unik\u0101las grav\u0113tas atsl\u0113gu piekari\u0146i \u201eRide Safe Because I Love You\u201c - kabinam.lt","description":"Unik\u0101li grav\u0113ti atsl\u0113gu piekari\u0146i ar uzrakstu \u201eRide Safe Because I Love You\u201c - noz\u012bm\u012bga d\u0101vana m\u012b\u013cotajam cilv\u0113kam.","robots":{"index":"index","follow":"follow","max-snippet":"max-snippet:-1","max-image-preview":"max-image-preview:large","max-video-preview":"max-video-preview:-1"},"canonical":"https:\/\/kabinam.lt\/lv\/produkts\/unikals-gravets-atslegu-piekarins-braukt-drosi\/","og_locale":"lv_LV","og_type":"article","og_title":"Unikal\u016bs graviruoti rakt\u0173 pakabukai \u201eRide Safe Because I Love You\u201c - kabinam.lt","og_description":"Unikal\u016bs graviruoti rakt\u0173 pakabukai su \u017einute \u201eRide Safe Because I Love You\u201c \u2013 prasminga dovana artimajam ar mylimam \u017emogui.","og_url":"https:\/\/kabinam.lt\/lv\/produkts\/unikals-gravets-atslegu-piekarins-braukt-drosi\/","og_site_name":"kabinam.lt","article_modified_time":"2026-01-03T16:55:13+00:00","og_image":[{"width":800,"height":800,"url":"https:\/\/kabinam.lt\/wp-content\/uploads\/2024\/07\/ae6517c2ebb21e5d9c0258d887d46411.jpg","type":"image\/jpeg"}],"twitter_card":"summary_large_image","twitter_misc":{"Est. reading time":"2 min\u016btes"},"schema":{"@context":"https:\/\/schema.org","@graph":[{"@type":["WebPage","ItemPage"],"@id":"https:\/\/kabinam.lt\/lt\/product\/unikalus-graviruotas-raktu-pakabukas-ride-safe\/","url":"https:\/\/kabinam.lt\/lt\/product\/unikalus-graviruotas-raktu-pakabukas-ride-safe\/","name":"Unik\u0101las grav\u0113tas atsl\u0113gu piekari\u0146i \u201eRide Safe Because I Love You\u201c - kabinam.lt","isPartOf":{"@id":"https:\/\/kabinam.lt\/#website"},"primaryImageOfPage":{"@id":"https:\/\/kabinam.lt\/lt\/product\/unikalus-graviruotas-raktu-pakabukas-ride-safe\/#primaryimage"},"image":{"@id":"https:\/\/kabinam.lt\/lt\/product\/unikalus-graviruotas-raktu-pakabukas-ride-safe\/#primaryimage"},"thumbnailUrl":"https:\/\/kabinam.lt\/wp-content\/uploads\/2024\/07\/ae6517c2ebb21e5d9c0258d887d46411.jpg","datePublished":"2024-07-29T15:06:30+00:00","dateModified":"2026-01-03T16:55:13+00:00","description":"Unik\u0101li grav\u0113ti atsl\u0113gu piekari\u0146i ar uzrakstu \u201eRide Safe Because I Love You\u201c - noz\u012bm\u012bga d\u0101vana m\u012b\u013cotajam cilv\u0113kam.","breadcrumb":{"@id":"https:\/\/kabinam.lt\/lt\/product\/unikalus-graviruotas-raktu-pakabukas-ride-safe\/#breadcrumb"},"inLanguage":"lv-LV","potentialAction":[{"@type":"ReadAction","target":["https:\/\/kabinam.lt\/lt\/product\/unikalus-graviruotas-raktu-pakabukas-ride-safe\/"]}]},{"@type":"ImageObject","inLanguage":"lv-LV","@id":"https:\/\/kabinam.lt\/lt\/product\/unikalus-graviruotas-raktu-pakabukas-ride-safe\/#primaryimage","url":"https:\/\/kabinam.lt\/wp-content\/uploads\/2024\/07\/ae6517c2ebb21e5d9c0258d887d46411.jpg","contentUrl":"https:\/\/kabinam.lt\/wp-content\/uploads\/2024\/07\/ae6517c2ebb21e5d9c0258d887d46411.jpg","width":800,"height":800,"caption":"Metalinis graviruotas pakabukas su nuo\u0161ird\u017eia \u017einute"},{"@type":"BreadcrumbList","@id":"https:\/\/kabinam.lt\/lt\/product\/unikalus-graviruotas-raktu-pakabukas-ride-safe\/#breadcrumb","itemListElement":[{"@type":"ListItem","position":1,"name":"Home","item":"https:\/\/kabinam.lt\/"},{"@type":"ListItem","position":2,"name":"Visi Produktai","item":"https:\/\/kabinam.lt\/visi-produktai\/"},{"@type":"ListItem","position":3,"name":"Unikal\u016bs graviruoti rakt\u0173 pakabukai \u201eRide Safe Because I Love You\u201c"}]},{"@type":"WebSite","@id":"https:\/\/kabinam.lt\/#website","url":"https:\/\/kabinam.lt\/","name":"kabinam.lt","description":"Kabinam.lt - atsl\u0113gu piekari\u0146i un aksesu\u0101ri","publisher":{"@id":"https:\/\/kabinam.lt\/#organization"},"alternateName":"pakabukai lt","potentialAction":[{"@type":"SearchAction","target":{"@type":"EntryPoint","urlTemplate":"https:\/\/kabinam.lt\/?s={search_term_string}"},"query-input":{"@type":"PropertyValueSpecification","valueRequired":true,"valueName":"search_term_string"}}],"inLanguage":"lv-LV"},{"@type":"Organization","@id":"https:\/\/kabinam.lt\/#organization","name":"kabinam.lt","alternateName":"kabinam","url":"https:\/\/kabinam.lt\/","logo":{"@type":"ImageObject","inLanguage":"lv-LV","@id":"https:\/\/kabinam.lt\/#\/schema\/logo\/image\/","url":"https:\/\/kabinam.lt\/wp-content\/uploads\/2025\/05\/KABINAM_outer_glow.png","contentUrl":"https:\/\/kabinam.lt\/wp-content\/uploads\/2025\/05\/KABINAM_outer_glow.png","width":474,"height":141,"caption":"kabinam.lt"},"image":{"@id":"https:\/\/kabinam.lt\/#\/schema\/logo\/image\/"}}]}},"uagb_featured_image_src":{"full":["https:\/\/kabinam.lt\/wp-content\/uploads\/2024\/07\/ae6517c2ebb21e5d9c0258d887d46411.jpg",800,800,false],"thumbnail":["https:\/\/kabinam.lt\/wp-content\/uploads\/2024\/07\/ae6517c2ebb21e5d9c0258d887d46411-150x150.jpg",150,150,true],"medium":["https:\/\/kabinam.lt\/wp-content\/uploads\/2024\/07\/ae6517c2ebb21e5d9c0258d887d46411-300x300.jpg",300,300,true],"medium_large":["https:\/\/kabinam.lt\/wp-content\/uploads\/2024\/07\/ae6517c2ebb21e5d9c0258d887d46411-768x768.jpg",768,768,true],"large":["https:\/\/kabinam.lt\/wp-content\/uploads\/2024\/07\/ae6517c2ebb21e5d9c0258d887d46411.jpg",800,800,false],"1536x1536":["https:\/\/kabinam.lt\/wp-content\/uploads\/2024\/07\/ae6517c2ebb21e5d9c0258d887d46411.jpg",800,800,false],"2048x2048":["https:\/\/kabinam.lt\/wp-content\/uploads\/2024\/07\/ae6517c2ebb21e5d9c0258d887d46411.jpg",800,800,false],"trp-custom-language-flag":["https:\/\/kabinam.lt\/wp-content\/uploads\/2024\/07\/ae6517c2ebb21e5d9c0258d887d46411.jpg",12,12,false],"woocommerce_thumbnail":["https:\/\/kabinam.lt\/wp-content\/uploads\/2024\/07\/ae6517c2ebb21e5d9c0258d887d46411-300x300.jpg",300,300,true],"woocommerce_single":["https:\/\/kabinam.lt\/wp-content\/uploads\/2024\/07\/ae6517c2ebb21e5d9c0258d887d46411-600x600.jpg",600,600,true],"woocommerce_gallery_thumbnail":["https:\/\/kabinam.lt\/wp-content\/uploads\/2024\/07\/ae6517c2ebb21e5d9c0258d887d46411-100x100.jpg",100,100,true]},"uagb_author_info":{"display_name":"kabinam.lt","author_link":"https:\/\/kabinam.lt\/lv\/author\/"},"uagb_comment_info":0,"uagb_excerpt":"Metalinis graviruotas pakabukas su jausmingu u\u017era\u0161u \u2013 puiki dovana mylimam \u017emogui.","_links":{"self":[{"href":"https:\/\/kabinam.lt\/lv\/wp-json\/wp\/v2\/product\/2201","targetHints":{"allow":["GET"]}}],"collection":[{"href":"https:\/\/kabinam.lt\/lv\/wp-json\/wp\/v2\/product"}],"about":[{"href":"https:\/\/kabinam.lt\/lv\/wp-json\/wp\/v2\/types\/product"}],"replies":[{"embeddable":true,"href":"https:\/\/kabinam.lt\/lv\/wp-json\/wp\/v2\/comments?post=2201"}],"wp:featuredmedia":[{"embeddable":true,"href":"https:\/\/kabinam.lt\/lv\/wp-json\/wp\/v2\/media\/2195"}],"wp:attachment":[{"href":"https:\/\/kabinam.lt\/lv\/wp-json\/wp\/v2\/media?parent=2201"}],"wp:term":[{"taxonomy":"product_brand","embeddable":true,"href":"https:\/\/kabinam.lt\/lv\/wp-json\/wp\/v2\/product_brand?post=2201"},{"taxonomy":"product_cat","embeddable":true,"href":"https:\/\/kabinam.lt\/lv\/wp-json\/wp\/v2\/product_cat?post=2201"},{"taxonomy":"product_tag","embeddable":true,"href":"https:\/\/kabinam.lt\/lv\/wp-json\/wp\/v2\/product_tag?post=2201"}],"curies":[{"name":"wp","href":"https:\/\/api.w.org\/{rel}","templated":true}]}}