{"id":2185,"date":"2024-07-29T17:50:54","date_gmt":"2024-07-29T14:50:54","guid":{"rendered":"https:\/\/kabinam.lt\/?post_type=product&#038;p=2185"},"modified":"2026-02-25T14:18:33","modified_gmt":"2026-02-25T12:18:33","slug":"minimalisma-atslegu-piekarini-melns-zakis","status":"publish","type":"product","link":"https:\/\/kabinam.lt\/lv\/product\/minimalistiniai-raktu-pakabukai-juodas-zuikis\/","title":{"rendered":"Minim\u0101lisma atsl\u0113gu piekari\u0146i - melns za\u0137is \u201eLove is Eternal\u201c"},"content":{"rendered":"<div class=\"kk-star-ratings kksr-auto kksr-align-left kksr-valign-top\"\n    data-payload='{&quot;align&quot;:&quot;left&quot;,&quot;id&quot;:&quot;2185&quot;,&quot;slug&quot;:&quot;default&quot;,&quot;valign&quot;:&quot;top&quot;,&quot;ignore&quot;:&quot;&quot;,&quot;reference&quot;:&quot;auto&quot;,&quot;class&quot;:&quot;&quot;,&quot;count&quot;:&quot;0&quot;,&quot;legendonly&quot;:&quot;&quot;,&quot;readonly&quot;:&quot;&quot;,&quot;score&quot;:&quot;0&quot;,&quot;starsonly&quot;:&quot;&quot;,&quot;best&quot;:&quot;5&quot;,&quot;gap&quot;:&quot;5&quot;,&quot;greet&quot;:&quot;Mums svarbus j\u016bs\u0173 \u012fvertinimas&quot;,&quot;legend&quot;:&quot;0\\\/5 - (0 votes)&quot;,&quot;size&quot;:&quot;24&quot;,&quot;title&quot;:&quot;Minimalistiniai rakt\u0173 pakabukai \u2013 juodas zuikis \u201eLove is Eternal\u201c&quot;,&quot;width&quot;:&quot;0&quot;,&quot;_legend&quot;:&quot;{score}\\\/{best} - ({count} {votes})&quot;,&quot;font_factor&quot;:&quot;1.25&quot;}'>\n            \n<div class=\"kksr-stars\">\n    \n<div class=\"kksr-stars-inactive\">\n            <div class=\"kksr-star\" data-star=\"1\" style=\"padding-right: 5px\">\n            \n\n<div class=\"kksr-icon\" style=\"width: 24px; height: 24px;\"><\/div>\n        <\/div>\n            <div class=\"kksr-star\" data-star=\"2\" style=\"padding-right: 5px\">\n            \n\n<div class=\"kksr-icon\" style=\"width: 24px; height: 24px;\"><\/div>\n        <\/div>\n            <div class=\"kksr-star\" data-star=\"3\" style=\"padding-right: 5px\">\n            \n\n<div class=\"kksr-icon\" style=\"width: 24px; height: 24px;\"><\/div>\n        <\/div>\n            <div class=\"kksr-star\" data-star=\"4\" style=\"padding-right: 5px\">\n            \n\n<div class=\"kksr-icon\" style=\"width: 24px; height: 24px;\"><\/div>\n        <\/div>\n            <div class=\"kksr-star\" data-star=\"5\" style=\"padding-right: 5px\">\n            \n\n<div class=\"kksr-icon\" style=\"width: 24px; height: 24px;\"><\/div>\n        <\/div>\n    <\/div>\n    \n<div class=\"kksr-stars-active\" style=\"width: 0px;\">\n            <div class=\"kksr-star\" style=\"padding-right: 5px\">\n            \n\n<div class=\"kksr-icon\" style=\"width: 24px; height: 24px;\"><\/div>\n        <\/div>\n            <div class=\"kksr-star\" style=\"padding-right: 5px\">\n            \n\n<div class=\"kksr-icon\" style=\"width: 24px; height: 24px;\"><\/div>\n        <\/div>\n            <div class=\"kksr-star\" style=\"padding-right: 5px\">\n            \n\n<div class=\"kksr-icon\" style=\"width: 24px; height: 24px;\"><\/div>\n        <\/div>\n            <div class=\"kksr-star\" style=\"padding-right: 5px\">\n            \n\n<div class=\"kksr-icon\" style=\"width: 24px; height: 24px;\"><\/div>\n        <\/div>\n            <div class=\"kksr-star\" style=\"padding-right: 5px\">\n            \n\n<div class=\"kksr-icon\" style=\"width: 24px; height: 24px;\"><\/div>\n        <\/div>\n    <\/div>\n<\/div>\n                \n\n<div class=\"kksr-legend\" style=\"font-size: 19.2px;\">\n            <span class=\"kksr-muted\">Mums ir svar\u012bgs j\u016bsu nov\u0113rt\u0113jums<\/span>\n    <\/div>\n    <\/div>\n<h3 class=\"\" data-start=\"382\" data-end=\"455\"><strong data-start=\"386\" data-end=\"455\">Minim\u0101lisma atsl\u0113gu piekari\u0146i - melns za\u0137is \u201eLove is Eternal\u201c<\/strong><\/h3>\n<p class=\"\" data-start=\"457\" data-end=\"819\">Stilingas ir subtilus pasirinkimas<br data-start=\"491\" data-end=\"494\" \/>Ie\u0161kai rakt\u0173 pakabuko, kuris b\u016bt\u0173 ir esteti\u0161kas, ir simboli\u0161kas? Minimalistiniai rakt\u0173 pakabukai kaip \u0161is juodas zuikis su u\u017era\u0161u \u201eLove is Eternal\u201c tampa puikiu pasirinkimu tiems, kurie vertina paprastum\u0105, \u0161varias formas ir nedeklaratyvi\u0105 i\u0161rai\u0161k\u0105. Tai n\u0117ra tiesiog aksesuaras \u2013 tai i\u0161skirtin\u0117 detal\u0117, kuri gali reik\u0161ti daug.<\/p>\n<p class=\"\" data-start=\"821\" data-end=\"1112\">Dizainas kalba pats u\u017e save<br data-start=\"848\" data-end=\"851\" \/>Pakabukas pagamintas i\u0161 gumos tipo dervos, tod\u0117l yra tvirtas ir ilgaam\u017eis. Juoda spalva suteikia jam universalumo, tod\u0117l jis tinka tiek vyrams, tiek moterims. Zuikio forma \u2013 minimalistin\u0117, o \u012fspaustas u\u017era\u0161as \u201eLove is Eternal\u201c subtiliai perteikia \u0161ilt\u0105 emocij\u0105.<\/p>\n<p class=\"\" data-start=\"1114\" data-end=\"1513\">Simbolis, tinkantis visoms progoms<br data-start=\"1148\" data-end=\"1151\" \/>\u0160is pakabukas gali tapti nedidele, ta\u010diau prasminga dovana \u012fvairiomis progomis: Valentino dienai, gimtadieniui ar tiesiog be progos. D\u0117l savo neutralaus dizaino jis puikiai dera tiek prie rakt\u0173, tiek kaip kuprin\u0117s ar rankin\u0117s detal\u0117. Tokie minimalistiniai rakt\u0173 pakabukai ypa\u010d m\u0117gstami t\u0173, kurie nori i\u0161vengti perteklini\u0173 detali\u0173, bet vis tiek vertina unikalum\u0105.<\/p>\n<p class=\"\" data-start=\"1515\" data-end=\"1784\">Ilgaam\u017ei\u0161kas ir prakti\u0161kas<br data-start=\"1541\" data-end=\"1544\" \/>Naudojamos med\u017eiagos u\u017etikrina, kad pakabukas nesibrai\u017eys, nesideformuos ir i\u0161liks esteti\u0161kas net ir kasdien naudojant. Tvirtas \u017eiedas leid\u017eia saugiai prisegti j\u012f prie \u012fvairi\u0173 daikt\u0173 \u2013 nuo nam\u0173 rakt\u0173 iki automobilio ar kuprin\u0117s u\u017etrauktuko.<\/p>\n<p class=\"\" data-start=\"1786\" data-end=\"2153\">Derink su kitais i\u0161skirtiniais aksesuarais<br data-start=\"1828\" data-end=\"1831\" \/>Ie\u0161kai daugiau stiling\u0173 ir unikali\u0173 pakabuk\u0173? Per\u017evelk <a class=\"\" href=\"https:\/\/kabinam.lt\/lv\/produkta-kategorija-2\/unikaliu-pakabuku-kategorija\/\" target=\"_new\" rel=\"noopener\" data-start=\"1886\" data-end=\"1983\">unik\u0101lu piekari\u0146u kategorija<\/a>, taip pat nepamir\u0161k pasitikrinti <a class=\"\" href=\"https:\/\/kabinam.lt\/lv\/visi-produkti\/\" target=\"_new\" rel=\"noopener\" data-start=\"2017\" data-end=\"2084\">visus m\u016bs\u0173 si\u016blomus produktus<\/a>. Jei m\u0117gsti modern\u0173 stili\u0173 \u2013 tai neabejotinai pataikysi \u012f de\u0161imtuk\u0105.<\/p>\n<p class=\"\" data-start=\"2155\" data-end=\"2496\">Dar daugiau \u012fkv\u0117pimo dovanoms<br data-start=\"2184\" data-end=\"2187\" \/>Interes\u0113jaties par d\u0101vanu idej\u0101m ar noz\u012bmi? Ieteicam izlas\u012bt <a class=\"cursor-pointer\" target=\"_new\" rel=\"noopener\" data-start=\"2248\" data-end=\"2352\">Real Simple d\u0101vanu ce\u013cvedi<\/a>, kur\u0101s atrad\u012bsiet lieliskas idejas, k\u0101 mazas deta\u013cas var atnesti lielu prieku. T\u0101ds ir \u0161is melnais za\u0137is \u2013 mazs, bet elegants.<\/p>","protected":false},"excerpt":{"rendered":"<p>Juodas zuikis su u\u017era\u0161u \u201eLove is Eternal\u201c \u2013 stilingas, subtilus ir ilgaam\u017eis minimalistinis rakt\u0173 pakabukas.<\/p>","protected":false},"featured_media":2187,"comment_status":"closed","ping_status":"closed","template":"","meta":{"_uag_custom_page_level_css":"","site-sidebar-layout":"default","site-content-layout":"","ast-site-content-layout":"default","site-content-style":"default","site-sidebar-style":"default","ast-global-header-display":"","ast-banner-title-visibility":"","ast-main-header-display":"","ast-hfb-above-header-display":"","ast-hfb-below-header-display":"","ast-hfb-mobile-header-display":"","site-post-title":"","ast-breadcrumbs-content":"","ast-featured-img":"","footer-sml-layout":"","ast-disable-related-posts":"","theme-transparent-header-meta":"default","adv-header-id-meta":"","stick-header-meta":"","header-above-stick-meta":"","header-main-stick-meta":"","header-below-stick-meta":"","astra-migrate-meta-layouts":"set","ast-page-background-enabled":"default","ast-page-background-meta":{"desktop":{"background-color":"var(--ast-global-color-4)","background-image":"","background-repeat":"repeat","background-position":"center center","background-size":"auto","background-attachment":"scroll","background-type":"","background-media":"","overlay-type":"","overlay-color":"","overlay-opacity":"","overlay-gradient":""},"tablet":{"background-color":"","background-image":"","background-repeat":"repeat","background-position":"center center","background-size":"auto","background-attachment":"scroll","background-type":"","background-media":"","overlay-type":"","overlay-color":"","overlay-opacity":"","overlay-gradient":""},"mobile":{"background-color":"","background-image":"","background-repeat":"repeat","background-position":"center center","background-size":"auto","background-attachment":"scroll","background-type":"","background-media":"","overlay-type":"","overlay-color":"","overlay-opacity":"","overlay-gradient":""}},"ast-content-background-meta":{"desktop":{"background-color":"var(--ast-global-color-5)","background-image":"","background-repeat":"repeat","background-position":"center center","background-size":"auto","background-attachment":"scroll","background-type":"","background-media":"","overlay-type":"","overlay-color":"","overlay-opacity":"","overlay-gradient":""},"tablet":{"background-color":"var(--ast-global-color-5)","background-image":"","background-repeat":"repeat","background-position":"center center","background-size":"auto","background-attachment":"scroll","background-type":"","background-media":"","overlay-type":"","overlay-color":"","overlay-opacity":"","overlay-gradient":""},"mobile":{"background-color":"var(--ast-global-color-5)","background-image":"","background-repeat":"repeat","background-position":"center center","background-size":"auto","background-attachment":"scroll","background-type":"","background-media":"","overlay-type":"","overlay-color":"","overlay-opacity":"","overlay-gradient":""}}},"product_brand":[],"product_cat":[125,126,95,118,92],"product_tag":[],"class_list":{"0":"post-2185","1":"product","2":"type-product","3":"status-publish","4":"has-post-thumbnail","6":"product_cat-halloween","7":"product_cat-visi","8":"product_cat-unikalus-raktu-pakabukai","9":"product_cat-dovana-teciui","10":"product_cat-populiariausiu-produktu-kategorija","11":"desktop-align-center","12":"tablet-align-left","13":"mobile-align-left","15":"first","16":"instock","17":"shipping-taxable","18":"purchasable","19":"product-type-simple"},"yoast_head":"<!-- This site is optimized with the Yoast SEO plugin v27.1.1 - https:\/\/yoast.com\/product\/yoast-seo-wordpress\/ -->\n<title>Minimalistiniai rakt\u0173 pakabukai \u2013 juodas zuikis \u201eLove is Eternal\u201c - kabinam.lt<\/title>\n<meta name=\"description\" content=\"Minimalistiniai rakt\u0173 pakabukai \u2013 juodas zuikis \u201eLove is Eternal\u201c. Subtilus ir prasmingas aksesuaras kiekvienai dienai.\" \/>\n<meta name=\"robots\" content=\"index, follow, max-snippet:-1, max-image-preview:large, max-video-preview:-1\" \/>\n<link rel=\"canonical\" href=\"https:\/\/kabinam.lt\/lv\/produkts\/minimalisma-atslegu-piekarini-melns-zakis\/\" \/>\n<meta property=\"og:locale\" content=\"lv_LV\" \/>\n<meta property=\"og:type\" content=\"article\" \/>\n<meta property=\"og:title\" content=\"Minimalistiniai rakt\u0173 pakabukai \u2013 juodas zuikis \u201eLove is Eternal\u201c - kabinam.lt\" \/>\n<meta property=\"og:description\" content=\"Minimalistiniai rakt\u0173 pakabukai \u2013 juodas zuikis \u201eLove is Eternal\u201c. Subtilus ir prasmingas aksesuaras kiekvienai dienai.\" \/>\n<meta property=\"og:url\" content=\"https:\/\/kabinam.lt\/lv\/produkts\/minimalisma-atslegu-piekarini-melns-zakis\/\" \/>\n<meta property=\"og:site_name\" content=\"kabinam.lt\" \/>\n<meta property=\"article:modified_time\" content=\"2026-02-25T12:18:33+00:00\" \/>\n<meta property=\"og:image\" content=\"https:\/\/kabinam.lt\/wp-content\/uploads\/2024\/07\/7ef22822-8a79-4533-b108-21f721a73781_800x800.jpeg\" \/>\n\t<meta property=\"og:image:width\" content=\"800\" \/>\n\t<meta property=\"og:image:height\" content=\"800\" \/>\n\t<meta property=\"og:image:type\" content=\"image\/jpeg\" \/>\n<meta name=\"twitter:card\" content=\"summary_large_image\" \/>\n<meta name=\"twitter:label1\" content=\"Est. reading time\" \/>\n\t<meta name=\"twitter:data1\" content=\"2 min\u016btes\" \/>\n<script type=\"application\/ld+json\" class=\"yoast-schema-graph\">{\"@context\":\"https:\/\/schema.org\",\"@graph\":[{\"@type\":[\"WebPage\",\"ItemPage\"],\"@id\":\"https:\/\/kabinam.lt\/product\/minimalistiniai-raktu-pakabukai-juodas-zuikis\/\",\"url\":\"https:\/\/kabinam.lt\/product\/minimalistiniai-raktu-pakabukai-juodas-zuikis\/\",\"name\":\"Minimalistiniai rakt\u0173 pakabukai \u2013 juodas zuikis \u201eLove is Eternal\u201c - kabinam.lt\",\"isPartOf\":{\"@id\":\"https:\/\/kabinam.lt\/#website\"},\"primaryImageOfPage\":{\"@id\":\"https:\/\/kabinam.lt\/product\/minimalistiniai-raktu-pakabukai-juodas-zuikis\/#primaryimage\"},\"image\":{\"@id\":\"https:\/\/kabinam.lt\/product\/minimalistiniai-raktu-pakabukai-juodas-zuikis\/#primaryimage\"},\"thumbnailUrl\":\"https:\/\/kabinam.lt\/wp-content\/uploads\/2024\/07\/7ef22822-8a79-4533-b108-21f721a73781_800x800.jpeg\",\"datePublished\":\"2024-07-29T14:50:54+00:00\",\"dateModified\":\"2026-02-25T12:18:33+00:00\",\"description\":\"Minimalistiniai rakt\u0173 pakabukai \u2013 juodas zuikis \u201eLove is Eternal\u201c. Subtilus ir prasmingas aksesuaras kiekvienai dienai.\",\"breadcrumb\":{\"@id\":\"https:\/\/kabinam.lt\/product\/minimalistiniai-raktu-pakabukai-juodas-zuikis\/#breadcrumb\"},\"inLanguage\":\"lv-LV\",\"potentialAction\":[{\"@type\":\"ReadAction\",\"target\":[\"https:\/\/kabinam.lt\/product\/minimalistiniai-raktu-pakabukai-juodas-zuikis\/\"]}]},{\"@type\":\"ImageObject\",\"inLanguage\":\"lv-LV\",\"@id\":\"https:\/\/kabinam.lt\/product\/minimalistiniai-raktu-pakabukai-juodas-zuikis\/#primaryimage\",\"url\":\"https:\/\/kabinam.lt\/wp-content\/uploads\/2024\/07\/7ef22822-8a79-4533-b108-21f721a73781_800x800.jpeg\",\"contentUrl\":\"https:\/\/kabinam.lt\/wp-content\/uploads\/2024\/07\/7ef22822-8a79-4533-b108-21f721a73781_800x800.jpeg\",\"width\":800,\"height\":800,\"caption\":\"Minimalistinis rakt\u0173 pakabukas \u2013 juodas zuikis\"},{\"@type\":\"BreadcrumbList\",\"@id\":\"https:\/\/kabinam.lt\/product\/minimalistiniai-raktu-pakabukai-juodas-zuikis\/#breadcrumb\",\"itemListElement\":[{\"@type\":\"ListItem\",\"position\":1,\"name\":\"Home\",\"item\":\"https:\/\/kabinam.lt\/\"},{\"@type\":\"ListItem\",\"position\":2,\"name\":\"Visi Produktai\",\"item\":\"https:\/\/kabinam.lt\/visi-produktai\/\"},{\"@type\":\"ListItem\",\"position\":3,\"name\":\"Minimalistiniai rakt\u0173 pakabukai \u2013 juodas zuikis \u201eLove is Eternal\u201c\"}]},{\"@type\":\"WebSite\",\"@id\":\"https:\/\/kabinam.lt\/#website\",\"url\":\"https:\/\/kabinam.lt\/\",\"name\":\"kabinam.lt\",\"description\":\"Kabinam.lt \u2013 raktu pakabukai ir aksesuarai\",\"publisher\":{\"@id\":\"https:\/\/kabinam.lt\/#organization\"},\"alternateName\":\"pakabukai lt\",\"potentialAction\":[{\"@type\":\"SearchAction\",\"target\":{\"@type\":\"EntryPoint\",\"urlTemplate\":\"https:\/\/kabinam.lt\/?s={search_term_string}\"},\"query-input\":{\"@type\":\"PropertyValueSpecification\",\"valueRequired\":true,\"valueName\":\"search_term_string\"}}],\"inLanguage\":\"lv-LV\"},{\"@type\":\"Organization\",\"@id\":\"https:\/\/kabinam.lt\/#organization\",\"name\":\"kabinam.lt\",\"alternateName\":\"kabinam\",\"url\":\"https:\/\/kabinam.lt\/\",\"logo\":{\"@type\":\"ImageObject\",\"inLanguage\":\"lv-LV\",\"@id\":\"https:\/\/kabinam.lt\/#\/schema\/logo\/image\/\",\"url\":\"https:\/\/kabinam.lt\/wp-content\/uploads\/2025\/05\/KABINAM_outer_glow.png\",\"contentUrl\":\"https:\/\/kabinam.lt\/wp-content\/uploads\/2025\/05\/KABINAM_outer_glow.png\",\"width\":474,\"height\":141,\"caption\":\"kabinam.lt\"},\"image\":{\"@id\":\"https:\/\/kabinam.lt\/#\/schema\/logo\/image\/\"}}]}<\/script>\n<!-- \/ Yoast SEO plugin. -->","yoast_head_json":{"title":"Minim\u0101lisma atsl\u0113gu piekari\u0146i - melns za\u0137is \u201eM\u012blest\u012bba ir m\u016b\u017e\u012bga\u201c - kabinam.lt","description":"Minim\u0101lisma atsl\u0113gu piekari\u0146i - melns za\u0137is \u201eLove is Eternal\u201c. Smalks un noz\u012bm\u012bgs aksesu\u0101rs katrai dienai.","robots":{"index":"index","follow":"follow","max-snippet":"max-snippet:-1","max-image-preview":"max-image-preview:large","max-video-preview":"max-video-preview:-1"},"canonical":"https:\/\/kabinam.lt\/lv\/produkts\/minimalisma-atslegu-piekarini-melns-zakis\/","og_locale":"lv_LV","og_type":"article","og_title":"Minimalistiniai rakt\u0173 pakabukai \u2013 juodas zuikis \u201eLove is Eternal\u201c - kabinam.lt","og_description":"Minimalistiniai rakt\u0173 pakabukai \u2013 juodas zuikis \u201eLove is Eternal\u201c. Subtilus ir prasmingas aksesuaras kiekvienai dienai.","og_url":"https:\/\/kabinam.lt\/lv\/produkts\/minimalisma-atslegu-piekarini-melns-zakis\/","og_site_name":"kabinam.lt","article_modified_time":"2026-02-25T12:18:33+00:00","og_image":[{"width":800,"height":800,"url":"https:\/\/kabinam.lt\/wp-content\/uploads\/2024\/07\/7ef22822-8a79-4533-b108-21f721a73781_800x800.jpeg","type":"image\/jpeg"}],"twitter_card":"summary_large_image","twitter_misc":{"Est. reading time":"2 min\u016btes"},"schema":{"@context":"https:\/\/schema.org","@graph":[{"@type":["WebPage","ItemPage"],"@id":"https:\/\/kabinam.lt\/product\/minimalistiniai-raktu-pakabukai-juodas-zuikis\/","url":"https:\/\/kabinam.lt\/product\/minimalistiniai-raktu-pakabukai-juodas-zuikis\/","name":"Minim\u0101lisma atsl\u0113gu piekari\u0146i - melns za\u0137is \u201eM\u012blest\u012bba ir m\u016b\u017e\u012bga\u201c - kabinam.lt","isPartOf":{"@id":"https:\/\/kabinam.lt\/#website"},"primaryImageOfPage":{"@id":"https:\/\/kabinam.lt\/product\/minimalistiniai-raktu-pakabukai-juodas-zuikis\/#primaryimage"},"image":{"@id":"https:\/\/kabinam.lt\/product\/minimalistiniai-raktu-pakabukai-juodas-zuikis\/#primaryimage"},"thumbnailUrl":"https:\/\/kabinam.lt\/wp-content\/uploads\/2024\/07\/7ef22822-8a79-4533-b108-21f721a73781_800x800.jpeg","datePublished":"2024-07-29T14:50:54+00:00","dateModified":"2026-02-25T12:18:33+00:00","description":"Minim\u0101lisma atsl\u0113gu piekari\u0146i - melns za\u0137is \u201eLove is Eternal\u201c. Smalks un noz\u012bm\u012bgs aksesu\u0101rs katrai dienai.","breadcrumb":{"@id":"https:\/\/kabinam.lt\/product\/minimalistiniai-raktu-pakabukai-juodas-zuikis\/#breadcrumb"},"inLanguage":"lv-LV","potentialAction":[{"@type":"ReadAction","target":["https:\/\/kabinam.lt\/product\/minimalistiniai-raktu-pakabukai-juodas-zuikis\/"]}]},{"@type":"ImageObject","inLanguage":"lv-LV","@id":"https:\/\/kabinam.lt\/product\/minimalistiniai-raktu-pakabukai-juodas-zuikis\/#primaryimage","url":"https:\/\/kabinam.lt\/wp-content\/uploads\/2024\/07\/7ef22822-8a79-4533-b108-21f721a73781_800x800.jpeg","contentUrl":"https:\/\/kabinam.lt\/wp-content\/uploads\/2024\/07\/7ef22822-8a79-4533-b108-21f721a73781_800x800.jpeg","width":800,"height":800,"caption":"Minimalistinis rakt\u0173 pakabukas \u2013 juodas zuikis"},{"@type":"BreadcrumbList","@id":"https:\/\/kabinam.lt\/product\/minimalistiniai-raktu-pakabukai-juodas-zuikis\/#breadcrumb","itemListElement":[{"@type":"ListItem","position":1,"name":"Home","item":"https:\/\/kabinam.lt\/"},{"@type":"ListItem","position":2,"name":"Visi Produktai","item":"https:\/\/kabinam.lt\/visi-produktai\/"},{"@type":"ListItem","position":3,"name":"Minimalistiniai rakt\u0173 pakabukai \u2013 juodas zuikis \u201eLove is Eternal\u201c"}]},{"@type":"WebSite","@id":"https:\/\/kabinam.lt\/#website","url":"https:\/\/kabinam.lt\/","name":"kabinam.lt","description":"Kabinam.lt - atsl\u0113gu piekari\u0146i un aksesu\u0101ri","publisher":{"@id":"https:\/\/kabinam.lt\/#organization"},"alternateName":"pakabukai lt","potentialAction":[{"@type":"SearchAction","target":{"@type":"EntryPoint","urlTemplate":"https:\/\/kabinam.lt\/?s={search_term_string}"},"query-input":{"@type":"PropertyValueSpecification","valueRequired":true,"valueName":"search_term_string"}}],"inLanguage":"lv-LV"},{"@type":"Organization","@id":"https:\/\/kabinam.lt\/#organization","name":"kabinam.lt","alternateName":"kabinam","url":"https:\/\/kabinam.lt\/","logo":{"@type":"ImageObject","inLanguage":"lv-LV","@id":"https:\/\/kabinam.lt\/#\/schema\/logo\/image\/","url":"https:\/\/kabinam.lt\/wp-content\/uploads\/2025\/05\/KABINAM_outer_glow.png","contentUrl":"https:\/\/kabinam.lt\/wp-content\/uploads\/2025\/05\/KABINAM_outer_glow.png","width":474,"height":141,"caption":"kabinam.lt"},"image":{"@id":"https:\/\/kabinam.lt\/#\/schema\/logo\/image\/"}}]}},"uagb_featured_image_src":{"full":["https:\/\/kabinam.lt\/wp-content\/uploads\/2024\/07\/7ef22822-8a79-4533-b108-21f721a73781_800x800.jpeg",800,800,false],"thumbnail":["https:\/\/kabinam.lt\/wp-content\/uploads\/2024\/07\/7ef22822-8a79-4533-b108-21f721a73781_800x800-150x150.jpeg",150,150,true],"medium":["https:\/\/kabinam.lt\/wp-content\/uploads\/2024\/07\/7ef22822-8a79-4533-b108-21f721a73781_800x800-300x300.jpeg",300,300,true],"medium_large":["https:\/\/kabinam.lt\/wp-content\/uploads\/2024\/07\/7ef22822-8a79-4533-b108-21f721a73781_800x800-768x768.jpeg",768,768,true],"large":["https:\/\/kabinam.lt\/wp-content\/uploads\/2024\/07\/7ef22822-8a79-4533-b108-21f721a73781_800x800.jpeg",800,800,false],"1536x1536":["https:\/\/kabinam.lt\/wp-content\/uploads\/2024\/07\/7ef22822-8a79-4533-b108-21f721a73781_800x800.jpeg",800,800,false],"2048x2048":["https:\/\/kabinam.lt\/wp-content\/uploads\/2024\/07\/7ef22822-8a79-4533-b108-21f721a73781_800x800.jpeg",800,800,false],"trp-custom-language-flag":["https:\/\/kabinam.lt\/wp-content\/uploads\/2024\/07\/7ef22822-8a79-4533-b108-21f721a73781_800x800.jpeg",12,12,false],"woocommerce_thumbnail":["https:\/\/kabinam.lt\/wp-content\/uploads\/2024\/07\/7ef22822-8a79-4533-b108-21f721a73781_800x800-300x300.jpeg",300,300,true],"woocommerce_single":["https:\/\/kabinam.lt\/wp-content\/uploads\/2024\/07\/7ef22822-8a79-4533-b108-21f721a73781_800x800-600x600.jpeg",600,600,true],"woocommerce_gallery_thumbnail":["https:\/\/kabinam.lt\/wp-content\/uploads\/2024\/07\/7ef22822-8a79-4533-b108-21f721a73781_800x800-100x100.jpeg",100,100,true]},"uagb_author_info":{"display_name":"kabinam.lt","author_link":"https:\/\/kabinam.lt\/lv\/author\/"},"uagb_comment_info":0,"uagb_excerpt":"Juodas zuikis su u\u017era\u0161u \u201eLove is Eternal\u201c \u2013 stilingas, subtilus ir ilgaam\u017eis minimalistinis rakt\u0173 pakabukas.","_links":{"self":[{"href":"https:\/\/kabinam.lt\/lv\/wp-json\/wp\/v2\/product\/2185","targetHints":{"allow":["GET"]}}],"collection":[{"href":"https:\/\/kabinam.lt\/lv\/wp-json\/wp\/v2\/product"}],"about":[{"href":"https:\/\/kabinam.lt\/lv\/wp-json\/wp\/v2\/types\/product"}],"replies":[{"embeddable":true,"href":"https:\/\/kabinam.lt\/lv\/wp-json\/wp\/v2\/comments?post=2185"}],"wp:featuredmedia":[{"embeddable":true,"href":"https:\/\/kabinam.lt\/lv\/wp-json\/wp\/v2\/media\/2187"}],"wp:attachment":[{"href":"https:\/\/kabinam.lt\/lv\/wp-json\/wp\/v2\/media?parent=2185"}],"wp:term":[{"taxonomy":"product_brand","embeddable":true,"href":"https:\/\/kabinam.lt\/lv\/wp-json\/wp\/v2\/product_brand?post=2185"},{"taxonomy":"product_cat","embeddable":true,"href":"https:\/\/kabinam.lt\/lv\/wp-json\/wp\/v2\/product_cat?post=2185"},{"taxonomy":"product_tag","embeddable":true,"href":"https:\/\/kabinam.lt\/lv\/wp-json\/wp\/v2\/product_tag?post=2185"}],"curies":[{"name":"wp","href":"https:\/\/api.w.org\/{rel}","templated":true}]}}