{"id":2184,"date":"2024-07-29T17:46:48","date_gmt":"2024-07-29T14:46:48","guid":{"rendered":"https:\/\/kabinam.lt\/?post_type=product&#038;p=2184"},"modified":"2026-01-03T18:55:46","modified_gmt":"2026-01-03T16:55:46","slug":"atslegas-pakarini-eleganta-stilam-meskis-4","status":"publish","type":"product","link":"https:\/\/kabinam.lt\/lv\/product\/raktu-pakabukai-elegantiskam-stiliui-meskiukas-4\/","title":{"rendered":"Eleganta stila atsl\u0113gu piekari\u0146i - Brown Bear \u201eLove is Eternal\u201d"},"content":{"rendered":"<div class=\"kk-star-ratings kksr-auto kksr-align-left kksr-valign-top\"\n    data-payload='{&quot;align&quot;:&quot;left&quot;,&quot;id&quot;:&quot;2184&quot;,&quot;slug&quot;:&quot;default&quot;,&quot;valign&quot;:&quot;top&quot;,&quot;ignore&quot;:&quot;&quot;,&quot;reference&quot;:&quot;auto&quot;,&quot;class&quot;:&quot;&quot;,&quot;count&quot;:&quot;0&quot;,&quot;legendonly&quot;:&quot;&quot;,&quot;readonly&quot;:&quot;&quot;,&quot;score&quot;:&quot;0&quot;,&quot;starsonly&quot;:&quot;&quot;,&quot;best&quot;:&quot;5&quot;,&quot;gap&quot;:&quot;5&quot;,&quot;greet&quot;:&quot;Mums svarbus j\u016bs\u0173 \u012fvertinimas&quot;,&quot;legend&quot;:&quot;0\\\/5 - (0 votes)&quot;,&quot;size&quot;:&quot;24&quot;,&quot;title&quot;:&quot;Rakt\u0173 pakabukai eleganti\u0161kam stiliui \u2013 Rudas Me\u0161kiukas \\u0026quot;Love is Eternal\\u0026quot;&quot;,&quot;width&quot;:&quot;0&quot;,&quot;_legend&quot;:&quot;{score}\\\/{best} - ({count} {votes})&quot;,&quot;font_factor&quot;:&quot;1.25&quot;}'>\n            \n<div class=\"kksr-stars\">\n    \n<div class=\"kksr-stars-inactive\">\n            <div class=\"kksr-star\" data-star=\"1\" style=\"padding-right: 5px\">\n            \n\n<div class=\"kksr-icon\" style=\"width: 24px; height: 24px;\"><\/div>\n        <\/div>\n            <div class=\"kksr-star\" data-star=\"2\" style=\"padding-right: 5px\">\n            \n\n<div class=\"kksr-icon\" style=\"width: 24px; height: 24px;\"><\/div>\n        <\/div>\n            <div class=\"kksr-star\" data-star=\"3\" style=\"padding-right: 5px\">\n            \n\n<div class=\"kksr-icon\" style=\"width: 24px; height: 24px;\"><\/div>\n        <\/div>\n            <div class=\"kksr-star\" data-star=\"4\" style=\"padding-right: 5px\">\n            \n\n<div class=\"kksr-icon\" style=\"width: 24px; height: 24px;\"><\/div>\n        <\/div>\n            <div class=\"kksr-star\" data-star=\"5\" style=\"padding-right: 5px\">\n            \n\n<div class=\"kksr-icon\" style=\"width: 24px; height: 24px;\"><\/div>\n        <\/div>\n    <\/div>\n    \n<div class=\"kksr-stars-active\" style=\"width: 0px;\">\n            <div class=\"kksr-star\" style=\"padding-right: 5px\">\n            \n\n<div class=\"kksr-icon\" style=\"width: 24px; height: 24px;\"><\/div>\n        <\/div>\n            <div class=\"kksr-star\" style=\"padding-right: 5px\">\n            \n\n<div class=\"kksr-icon\" style=\"width: 24px; height: 24px;\"><\/div>\n        <\/div>\n            <div class=\"kksr-star\" style=\"padding-right: 5px\">\n            \n\n<div class=\"kksr-icon\" style=\"width: 24px; height: 24px;\"><\/div>\n        <\/div>\n            <div class=\"kksr-star\" style=\"padding-right: 5px\">\n            \n\n<div class=\"kksr-icon\" style=\"width: 24px; height: 24px;\"><\/div>\n        <\/div>\n            <div class=\"kksr-star\" style=\"padding-right: 5px\">\n            \n\n<div class=\"kksr-icon\" style=\"width: 24px; height: 24px;\"><\/div>\n        <\/div>\n    <\/div>\n<\/div>\n                \n\n<div class=\"kksr-legend\" style=\"font-size: 19.2px;\">\n            <span class=\"kksr-muted\">Mums ir svar\u012bgs j\u016bsu nov\u0113rt\u0113jums<\/span>\n    <\/div>\n    <\/div>\n<h2 data-start=\"343\" data-end=\"432\"><strong data-start=\"346\" data-end=\"432\">Rakt\u0173 pakabukai eleganti\u0161kam stiliui \u2013 Rudas Me\u0161kiukas su u\u017era\u0161u \u201eLove is Eternal\u201c<\/strong><\/h2>\n<p data-start=\"434\" data-end=\"781\">Ie\u0161kote subtilios, bet i\u0161rai\u0161kingos dovanos ar stiliaus detal\u0117s? \u0160is eleganti\u0161kas <strong data-start=\"516\" data-end=\"553\">guminis rakt\u0173 pakabukas Me\u0161kiukas<\/strong> rudos spalvos \u2013 tai ne tik mielas aksesuaras, bet ir stilingas prisilietimas prie J\u016bs\u0173 kasdienyb\u0117s. Kaspinas su u\u017era\u0161u \u201eLove is Eternal\u201c suteikia emocin\u0119 vert\u0119 ir paver\u010dia \u0161\u012f pakabuk\u0105 puikia dovana mylimam \u017emogui ar sau pa\u010diam.<\/p>\n<hr data-start=\"783\" data-end=\"786\" \/>\n<h3 data-start=\"788\" data-end=\"824\"><strong data-start=\"792\" data-end=\"824\">Stilingas akcentas su prasme<\/strong><\/h3>\n<p data-start=\"826\" data-end=\"1230\"><strong data-start=\"826\" data-end=\"866\">Rakt\u0173 pakabukai eleganti\u0161kam stiliui<\/strong> da\u017enai ie\u0161komi d\u0117l savo universalumo \u2013 jie puikiai tinka tiek prie automobilio, tiek prie nam\u0173 rakt\u0173 ar net prie kuprin\u0117s ar rankin\u0117s. \u0160is Rudas Me\u0161kiukas i\u0161siskiria ne tik savo forma, bet ir \u0161velniu atspalviu bei meilia i\u0161vaizda. Ruda spalva simbolizuoja \u0161ilum\u0105, pastovum\u0105 ir jaukum\u0105, tod\u0117l pakabukas sukelia malonias emocijas kiekvien\u0105 kart\u0105 j\u012f pa\u0117mus \u012f rankas.<\/p>\n<p data-start=\"1232\" data-end=\"1426\">U\u017era\u0161as ant kaspino \u201eLove is Eternal\u201c subtiliai perteikia am\u017einos meil\u0117s id\u0117j\u0105. Tai leid\u017eia \u0161\u012f aksesuar\u0105 dovanoti ypatingais atvejais \u2013 Valentino dienos, gimtadienio ar draugyst\u0117s \u0161vent\u0117s proga.<\/p>\n<hr data-start=\"1428\" data-end=\"1431\" \/>\n<h3 data-start=\"1433\" data-end=\"1475\"><strong data-start=\"1437\" data-end=\"1475\">Kokybi\u0161kas ir ilgaam\u017eis aksesuaras<\/strong><\/h3>\n<p data-start=\"1477\" data-end=\"1789\">Pakabukas pagamintas i\u0161 auk\u0161tos kokyb\u0117s mink\u0161tos gumos, tod\u0117l jis yra lengvas, ta\u010diau patvarus. Med\u017eiaga atspari dr\u0117gmei ir kasdieniam naudojimui \u2013 ne\u0161iojantis ant rakt\u0173, jis nei\u0161blunka, nesusibrai\u017eo ir i\u0161laiko savo form\u0105. Tvirtas metalinis \u017eiedas u\u017etikrina patikim\u0105 laikym\u0105si, tad J\u016bs\u0173 raktai visada bus saug\u016bs.<\/p>\n<p data-start=\"1791\" data-end=\"2015\">\u0160velnus liesti pavir\u0161ius, i\u0161skirtin\u0117 forma ir i\u0161graviruotas u\u017era\u0161as padaro \u0161\u012f pakabuk\u0105 ne tik prakti\u0161ku, bet ir itin esteti\u0161ku daiktu. Tokie <strong data-start=\"1932\" data-end=\"1972\">rakt\u0173 pakabukai eleganti\u0161kam stiliui<\/strong> vis da\u017eniau tampa ir savirai\u0161kos priemone.<\/p>\n<hr data-start=\"2017\" data-end=\"2020\" \/>\n<h3 data-start=\"2022\" data-end=\"2083\"><strong data-start=\"2026\" data-end=\"2083\">Puikus pasirinkimas dovanoms ir asmeniniam naudojimui<\/strong><\/h3>\n<p data-start=\"2085\" data-end=\"2392\">Jeigu ie\u0161kote dovanos, kuri b\u016bt\u0173 tiek miela, tiek prakti\u0161ka, \u0161is Me\u0161kiukas \u2013 idealus pasirinkimas. Jis puikiai tiks tiek moterims, tiek vyrams, kurie vertina eleganti\u0161kus, bet neperkrautus aksesuarus. D\u0117l savo universalios estetikos pakabukas tinka bet kokio am\u017eiaus asmeniui \u2013 nuo paauglio iki suaugusiojo.<\/p>\n<p data-start=\"2394\" data-end=\"2572\">Toks daiktas gali b\u016bti ir puikus b\u016bdas i\u0161reik\u0161ti d\u0117mes\u012f draugui, \u0161eimos nariui ar partneriui. Tai dovana, kuri nuolat primins apie artim\u0105 ry\u0161\u012f, o ne tik atliks praktin\u0119 funkcij\u0105.<\/p>\n<hr data-start=\"2574\" data-end=\"2577\" \/>\n<h3 data-start=\"2579\" data-end=\"2617\"><strong data-start=\"2583\" data-end=\"2617\">Dar daugiau stiling\u0173 sprendim\u0173<\/strong><\/h3>\n<p data-start=\"2619\" data-end=\"3009\">Norite dar daugiau \u012fkv\u0117pimo? Apsilankykite m\u016bs\u0173 <a class=\"\" href=\"https:\/\/kabinam.lt\/lv\/produkta-kategorija-2\/unikaliu-pakabuku-kategorija\/\" target=\"_new\" rel=\"noopener\" data-start=\"2667\" data-end=\"2754\">Unik\u0101li kuloni<\/a> skyriuje, kur rasite i\u0161skirtini\u0173 dizain\u0173, tinkam\u0173 tiek dovanoms, tiek kasdienai. Taip pat per\u017ei\u016br\u0117kite <a class=\"\" href=\"https:\/\/kabinam.lt\/lv\/produkta-kategorija-2\/popularako-produktu-kategorija\/\" target=\"_new\" rel=\"noopener\" data-start=\"2858\" data-end=\"2956\">Popul\u0101r\u0101kie produkti<\/a>, kad pamatytum\u0117te, k\u0105 renkasi kiti stiliaus \u017einovai.<\/p>\n<p data-start=\"3011\" data-end=\"3250\">\u012edom\u0173 \u012fkv\u0117pimo \u0161altin\u012f galite rasti ir \u0161iame <a class=\"cursor-pointer\" target=\"_new\" rel=\"noopener\" data-start=\"3056\" data-end=\"3180\">i\u0161oriniame straipsnyje apie stilingas dovanas<\/a>, kur aptariamos \u012fvairios dovan\u0173 id\u0117jos \u017emon\u0117ms, vertinantiems stili\u0173.<\/p>\n<h2 data-start=\"3257\" data-end=\"3271\"><\/h2>","protected":false},"excerpt":{"rendered":"<p>Eleganti\u0161kas Rudas Me\u0161kiukas su u\u017era\u0161u \u201eLove is Eternal\u201c \u2013 mink\u0161tas, \u0161velnus, mielas ir stilingas pakabukas J\u016bs\u0173 raktams.<\/p>","protected":false},"featured_media":2175,"comment_status":"closed","ping_status":"closed","template":"","meta":{"_uag_custom_page_level_css":"","site-sidebar-layout":"default","site-content-layout":"","ast-site-content-layout":"default","site-content-style":"default","site-sidebar-style":"default","ast-global-header-display":"","ast-banner-title-visibility":"","ast-main-header-display":"","ast-hfb-above-header-display":"","ast-hfb-below-header-display":"","ast-hfb-mobile-header-display":"","site-post-title":"","ast-breadcrumbs-content":"","ast-featured-img":"","footer-sml-layout":"","ast-disable-related-posts":"","theme-transparent-header-meta":"default","adv-header-id-meta":"","stick-header-meta":"","header-above-stick-meta":"","header-main-stick-meta":"","header-below-stick-meta":"","astra-migrate-meta-layouts":"set","ast-page-background-enabled":"default","ast-page-background-meta":{"desktop":{"background-color":"var(--ast-global-color-4)","background-image":"","background-repeat":"repeat","background-position":"center center","background-size":"auto","background-attachment":"scroll","background-type":"","background-media":"","overlay-type":"","overlay-color":"","overlay-opacity":"","overlay-gradient":""},"tablet":{"background-color":"","background-image":"","background-repeat":"repeat","background-position":"center center","background-size":"auto","background-attachment":"scroll","background-type":"","background-media":"","overlay-type":"","overlay-color":"","overlay-opacity":"","overlay-gradient":""},"mobile":{"background-color":"","background-image":"","background-repeat":"repeat","background-position":"center center","background-size":"auto","background-attachment":"scroll","background-type":"","background-media":"","overlay-type":"","overlay-color":"","overlay-opacity":"","overlay-gradient":""}},"ast-content-background-meta":{"desktop":{"background-color":"var(--ast-global-color-5)","background-image":"","background-repeat":"repeat","background-position":"center center","background-size":"auto","background-attachment":"scroll","background-type":"","background-media":"","overlay-type":"","overlay-color":"","overlay-opacity":"","overlay-gradient":""},"tablet":{"background-color":"var(--ast-global-color-5)","background-image":"","background-repeat":"repeat","background-position":"center center","background-size":"auto","background-attachment":"scroll","background-type":"","background-media":"","overlay-type":"","overlay-color":"","overlay-opacity":"","overlay-gradient":""},"mobile":{"background-color":"var(--ast-global-color-5)","background-image":"","background-repeat":"repeat","background-position":"center center","background-size":"auto","background-attachment":"scroll","background-type":"","background-media":"","overlay-type":"","overlay-color":"","overlay-opacity":"","overlay-gradient":""}}},"product_brand":[],"product_cat":[125,126,95],"product_tag":[],"class_list":{"0":"post-2184","1":"product","2":"type-product","3":"status-publish","4":"has-post-thumbnail","6":"product_cat-halloween","7":"product_cat-visi","8":"product_cat-unikalus-raktu-pakabukai","9":"desktop-align-center","10":"tablet-align-left","11":"mobile-align-left","13":"first","14":"outofstock","15":"shipping-taxable","16":"purchasable","17":"product-type-simple"},"yoast_head":"<!-- This site is optimized with the Yoast SEO plugin v27.1.1 - https:\/\/yoast.com\/product\/yoast-seo-wordpress\/ -->\n<title>Rakt\u0173 pakabukai eleganti\u0161kam stiliui \u2013 Rudas Me\u0161kiukas &quot;Love is Eternal&quot;<\/title>\n<meta name=\"description\" content=\"Rakt\u0173 pakabukai eleganti\u0161kam stiliui \u2013 Rudas Me\u0161kiukas su u\u017era\u0161u \u201eLove is Eternal\u201c. Prakti\u0161ka ir stilinga dovana visiems, vertinantiems estetik\u0105.\" \/>\n<meta name=\"robots\" content=\"index, follow, max-snippet:-1, max-image-preview:large, max-video-preview:-1\" \/>\n<link rel=\"canonical\" href=\"https:\/\/kabinam.lt\/lv\/produkts\/atslegas-pakarini-eleganta-stilam-meskis-4\/\" \/>\n<meta property=\"og:locale\" content=\"lv_LV\" \/>\n<meta property=\"og:type\" content=\"article\" \/>\n<meta property=\"og:title\" content=\"Rakt\u0173 pakabukai eleganti\u0161kam stiliui \u2013 Rudas Me\u0161kiukas &quot;Love is Eternal&quot;\" \/>\n<meta property=\"og:description\" content=\"Rakt\u0173 pakabukai eleganti\u0161kam stiliui \u2013 Rudas Me\u0161kiukas su u\u017era\u0161u \u201eLove is Eternal\u201c. Prakti\u0161ka ir stilinga dovana visiems, vertinantiems estetik\u0105.\" \/>\n<meta property=\"og:url\" content=\"https:\/\/kabinam.lt\/lv\/produkts\/atslegas-pakarini-eleganta-stilam-meskis-4\/\" \/>\n<meta property=\"og:site_name\" content=\"kabinam.lt\" \/>\n<meta property=\"article:modified_time\" content=\"2026-01-03T16:55:46+00:00\" \/>\n<meta property=\"og:image\" content=\"https:\/\/kabinam.lt\/wp-content\/uploads\/2024\/07\/080da494-872a-4c85-a504-bde2bc8121fa_800x800.jpeg\" \/>\n\t<meta property=\"og:image:width\" content=\"800\" \/>\n\t<meta property=\"og:image:height\" content=\"800\" \/>\n\t<meta property=\"og:image:type\" content=\"image\/jpeg\" \/>\n<meta name=\"twitter:card\" content=\"summary_large_image\" \/>\n<meta name=\"twitter:label1\" content=\"Est. reading time\" \/>\n\t<meta name=\"twitter:data1\" content=\"3 min\u016btes\" \/>\n<script type=\"application\/ld+json\" class=\"yoast-schema-graph\">{\"@context\":\"https:\/\/schema.org\",\"@graph\":[{\"@type\":[\"WebPage\",\"ItemPage\"],\"@id\":\"https:\/\/kabinam.lt\/eng\/product\/key-rings-for-elegant-style-mesquite-4\/\",\"url\":\"https:\/\/kabinam.lt\/eng\/product\/key-rings-for-elegant-style-mesquite-4\/\",\"name\":\"Rakt\u0173 pakabukai eleganti\u0161kam stiliui \u2013 Rudas Me\u0161kiukas \\\"Love is Eternal\\\"\",\"isPartOf\":{\"@id\":\"https:\/\/kabinam.lt\/#website\"},\"primaryImageOfPage\":{\"@id\":\"https:\/\/kabinam.lt\/eng\/product\/key-rings-for-elegant-style-mesquite-4\/#primaryimage\"},\"image\":{\"@id\":\"https:\/\/kabinam.lt\/eng\/product\/key-rings-for-elegant-style-mesquite-4\/#primaryimage\"},\"thumbnailUrl\":\"https:\/\/kabinam.lt\/wp-content\/uploads\/2024\/07\/080da494-872a-4c85-a504-bde2bc8121fa_800x800.jpeg\",\"datePublished\":\"2024-07-29T14:46:48+00:00\",\"dateModified\":\"2026-01-03T16:55:46+00:00\",\"description\":\"Rakt\u0173 pakabukai eleganti\u0161kam stiliui \u2013 Rudas Me\u0161kiukas su u\u017era\u0161u \u201eLove is Eternal\u201c. Prakti\u0161ka ir stilinga dovana visiems, vertinantiems estetik\u0105.\",\"breadcrumb\":{\"@id\":\"https:\/\/kabinam.lt\/eng\/product\/key-rings-for-elegant-style-mesquite-4\/#breadcrumb\"},\"inLanguage\":\"lv-LV\",\"potentialAction\":[{\"@type\":\"ReadAction\",\"target\":[\"https:\/\/kabinam.lt\/eng\/product\/key-rings-for-elegant-style-mesquite-4\/\"]}]},{\"@type\":\"ImageObject\",\"inLanguage\":\"lv-LV\",\"@id\":\"https:\/\/kabinam.lt\/eng\/product\/key-rings-for-elegant-style-mesquite-4\/#primaryimage\",\"url\":\"https:\/\/kabinam.lt\/wp-content\/uploads\/2024\/07\/080da494-872a-4c85-a504-bde2bc8121fa_800x800.jpeg\",\"contentUrl\":\"https:\/\/kabinam.lt\/wp-content\/uploads\/2024\/07\/080da494-872a-4c85-a504-bde2bc8121fa_800x800.jpeg\",\"width\":800,\"height\":800,\"caption\":\"Rudas me\u0161kiukas su u\u017era\u0161u \u201eLove is Eternal\u201c ant kaspino\"},{\"@type\":\"BreadcrumbList\",\"@id\":\"https:\/\/kabinam.lt\/eng\/product\/key-rings-for-elegant-style-mesquite-4\/#breadcrumb\",\"itemListElement\":[{\"@type\":\"ListItem\",\"position\":1,\"name\":\"Home\",\"item\":\"https:\/\/kabinam.lt\/\"},{\"@type\":\"ListItem\",\"position\":2,\"name\":\"Visi Produktai\",\"item\":\"https:\/\/kabinam.lt\/visi-produktai\/\"},{\"@type\":\"ListItem\",\"position\":3,\"name\":\"Rakt\u0173 pakabukai eleganti\u0161kam stiliui \u2013 Rudas Me\u0161kiukas &#8222;Love is Eternal&#8221;\"}]},{\"@type\":\"WebSite\",\"@id\":\"https:\/\/kabinam.lt\/#website\",\"url\":\"https:\/\/kabinam.lt\/\",\"name\":\"kabinam.lt\",\"description\":\"Kabinam.lt \u2013 raktu pakabukai ir aksesuarai\",\"publisher\":{\"@id\":\"https:\/\/kabinam.lt\/#organization\"},\"alternateName\":\"pakabukai lt\",\"potentialAction\":[{\"@type\":\"SearchAction\",\"target\":{\"@type\":\"EntryPoint\",\"urlTemplate\":\"https:\/\/kabinam.lt\/?s={search_term_string}\"},\"query-input\":{\"@type\":\"PropertyValueSpecification\",\"valueRequired\":true,\"valueName\":\"search_term_string\"}}],\"inLanguage\":\"lv-LV\"},{\"@type\":\"Organization\",\"@id\":\"https:\/\/kabinam.lt\/#organization\",\"name\":\"kabinam.lt\",\"alternateName\":\"kabinam\",\"url\":\"https:\/\/kabinam.lt\/\",\"logo\":{\"@type\":\"ImageObject\",\"inLanguage\":\"lv-LV\",\"@id\":\"https:\/\/kabinam.lt\/#\/schema\/logo\/image\/\",\"url\":\"https:\/\/kabinam.lt\/wp-content\/uploads\/2025\/05\/KABINAM_outer_glow.png\",\"contentUrl\":\"https:\/\/kabinam.lt\/wp-content\/uploads\/2025\/05\/KABINAM_outer_glow.png\",\"width\":474,\"height\":141,\"caption\":\"kabinam.lt\"},\"image\":{\"@id\":\"https:\/\/kabinam.lt\/#\/schema\/logo\/image\/\"}}]}<\/script>\n<!-- \/ Yoast SEO plugin. -->","yoast_head_json":{"title":"Atsl\u0113gas pakari\u0146i eleganta stilam \u2013 Rudais Me\u0161\u0137is \"Love is Eternal\"","description":"Aksesu\u0101ri eleganta stilam \u2013 Br\u016bns l\u0101cis ar uzrakstu \u201eLove is Eternal\u201c. Praktiska un stila d\u0101vana visiem, kas ciena est\u0113tiku.","robots":{"index":"index","follow":"follow","max-snippet":"max-snippet:-1","max-image-preview":"max-image-preview:large","max-video-preview":"max-video-preview:-1"},"canonical":"https:\/\/kabinam.lt\/lv\/produkts\/atslegas-pakarini-eleganta-stilam-meskis-4\/","og_locale":"lv_LV","og_type":"article","og_title":"Rakt\u0173 pakabukai eleganti\u0161kam stiliui \u2013 Rudas Me\u0161kiukas \"Love is Eternal\"","og_description":"Rakt\u0173 pakabukai eleganti\u0161kam stiliui \u2013 Rudas Me\u0161kiukas su u\u017era\u0161u \u201eLove is Eternal\u201c. Prakti\u0161ka ir stilinga dovana visiems, vertinantiems estetik\u0105.","og_url":"https:\/\/kabinam.lt\/lv\/produkts\/atslegas-pakarini-eleganta-stilam-meskis-4\/","og_site_name":"kabinam.lt","article_modified_time":"2026-01-03T16:55:46+00:00","og_image":[{"width":800,"height":800,"url":"https:\/\/kabinam.lt\/wp-content\/uploads\/2024\/07\/080da494-872a-4c85-a504-bde2bc8121fa_800x800.jpeg","type":"image\/jpeg"}],"twitter_card":"summary_large_image","twitter_misc":{"Est. reading time":"3 min\u016btes"},"schema":{"@context":"https:\/\/schema.org","@graph":[{"@type":["WebPage","ItemPage"],"@id":"https:\/\/kabinam.lt\/eng\/product\/key-rings-for-elegant-style-mesquite-4\/","url":"https:\/\/kabinam.lt\/eng\/product\/key-rings-for-elegant-style-mesquite-4\/","name":"Atsl\u0113gas pakari\u0146i eleganta stilam \u2013 Rudais Me\u0161\u0137is \"Love is Eternal\"","isPartOf":{"@id":"https:\/\/kabinam.lt\/#website"},"primaryImageOfPage":{"@id":"https:\/\/kabinam.lt\/eng\/product\/key-rings-for-elegant-style-mesquite-4\/#primaryimage"},"image":{"@id":"https:\/\/kabinam.lt\/eng\/product\/key-rings-for-elegant-style-mesquite-4\/#primaryimage"},"thumbnailUrl":"https:\/\/kabinam.lt\/wp-content\/uploads\/2024\/07\/080da494-872a-4c85-a504-bde2bc8121fa_800x800.jpeg","datePublished":"2024-07-29T14:46:48+00:00","dateModified":"2026-01-03T16:55:46+00:00","description":"Aksesu\u0101ri eleganta stilam \u2013 Br\u016bns l\u0101cis ar uzrakstu \u201eLove is Eternal\u201c. Praktiska un stila d\u0101vana visiem, kas ciena est\u0113tiku.","breadcrumb":{"@id":"https:\/\/kabinam.lt\/eng\/product\/key-rings-for-elegant-style-mesquite-4\/#breadcrumb"},"inLanguage":"lv-LV","potentialAction":[{"@type":"ReadAction","target":["https:\/\/kabinam.lt\/eng\/product\/key-rings-for-elegant-style-mesquite-4\/"]}]},{"@type":"ImageObject","inLanguage":"lv-LV","@id":"https:\/\/kabinam.lt\/eng\/product\/key-rings-for-elegant-style-mesquite-4\/#primaryimage","url":"https:\/\/kabinam.lt\/wp-content\/uploads\/2024\/07\/080da494-872a-4c85-a504-bde2bc8121fa_800x800.jpeg","contentUrl":"https:\/\/kabinam.lt\/wp-content\/uploads\/2024\/07\/080da494-872a-4c85-a504-bde2bc8121fa_800x800.jpeg","width":800,"height":800,"caption":"Rudas me\u0161kiukas su u\u017era\u0161u \u201eLove is Eternal\u201c ant kaspino"},{"@type":"BreadcrumbList","@id":"https:\/\/kabinam.lt\/eng\/product\/key-rings-for-elegant-style-mesquite-4\/#breadcrumb","itemListElement":[{"@type":"ListItem","position":1,"name":"Home","item":"https:\/\/kabinam.lt\/"},{"@type":"ListItem","position":2,"name":"Visi Produktai","item":"https:\/\/kabinam.lt\/visi-produktai\/"},{"@type":"ListItem","position":3,"name":"Rakt\u0173 pakabukai eleganti\u0161kam stiliui \u2013 Rudas Me\u0161kiukas &#8222;Love is Eternal&#8221;"}]},{"@type":"WebSite","@id":"https:\/\/kabinam.lt\/#website","url":"https:\/\/kabinam.lt\/","name":"kabinam.lt","description":"Kabinam.lt - atsl\u0113gu piekari\u0146i un aksesu\u0101ri","publisher":{"@id":"https:\/\/kabinam.lt\/#organization"},"alternateName":"pakabukai lt","potentialAction":[{"@type":"SearchAction","target":{"@type":"EntryPoint","urlTemplate":"https:\/\/kabinam.lt\/?s={search_term_string}"},"query-input":{"@type":"PropertyValueSpecification","valueRequired":true,"valueName":"search_term_string"}}],"inLanguage":"lv-LV"},{"@type":"Organization","@id":"https:\/\/kabinam.lt\/#organization","name":"kabinam.lt","alternateName":"kabinam","url":"https:\/\/kabinam.lt\/","logo":{"@type":"ImageObject","inLanguage":"lv-LV","@id":"https:\/\/kabinam.lt\/#\/schema\/logo\/image\/","url":"https:\/\/kabinam.lt\/wp-content\/uploads\/2025\/05\/KABINAM_outer_glow.png","contentUrl":"https:\/\/kabinam.lt\/wp-content\/uploads\/2025\/05\/KABINAM_outer_glow.png","width":474,"height":141,"caption":"kabinam.lt"},"image":{"@id":"https:\/\/kabinam.lt\/#\/schema\/logo\/image\/"}}]}},"uagb_featured_image_src":{"full":["https:\/\/kabinam.lt\/wp-content\/uploads\/2024\/07\/080da494-872a-4c85-a504-bde2bc8121fa_800x800.jpeg",800,800,false],"thumbnail":["https:\/\/kabinam.lt\/wp-content\/uploads\/2024\/07\/080da494-872a-4c85-a504-bde2bc8121fa_800x800-150x150.jpeg",150,150,true],"medium":["https:\/\/kabinam.lt\/wp-content\/uploads\/2024\/07\/080da494-872a-4c85-a504-bde2bc8121fa_800x800-300x300.jpeg",300,300,true],"medium_large":["https:\/\/kabinam.lt\/wp-content\/uploads\/2024\/07\/080da494-872a-4c85-a504-bde2bc8121fa_800x800-768x768.jpeg",768,768,true],"large":["https:\/\/kabinam.lt\/wp-content\/uploads\/2024\/07\/080da494-872a-4c85-a504-bde2bc8121fa_800x800.jpeg",800,800,false],"1536x1536":["https:\/\/kabinam.lt\/wp-content\/uploads\/2024\/07\/080da494-872a-4c85-a504-bde2bc8121fa_800x800.jpeg",800,800,false],"2048x2048":["https:\/\/kabinam.lt\/wp-content\/uploads\/2024\/07\/080da494-872a-4c85-a504-bde2bc8121fa_800x800.jpeg",800,800,false],"trp-custom-language-flag":["https:\/\/kabinam.lt\/wp-content\/uploads\/2024\/07\/080da494-872a-4c85-a504-bde2bc8121fa_800x800.jpeg",12,12,false],"woocommerce_thumbnail":["https:\/\/kabinam.lt\/wp-content\/uploads\/2024\/07\/080da494-872a-4c85-a504-bde2bc8121fa_800x800-300x300.jpeg",300,300,true],"woocommerce_single":["https:\/\/kabinam.lt\/wp-content\/uploads\/2024\/07\/080da494-872a-4c85-a504-bde2bc8121fa_800x800-600x600.jpeg",600,600,true],"woocommerce_gallery_thumbnail":["https:\/\/kabinam.lt\/wp-content\/uploads\/2024\/07\/080da494-872a-4c85-a504-bde2bc8121fa_800x800-100x100.jpeg",100,100,true]},"uagb_author_info":{"display_name":"kabinam.lt","author_link":"https:\/\/kabinam.lt\/lv\/author\/"},"uagb_comment_info":0,"uagb_excerpt":"Eleganti\u0161kas Rudas Me\u0161kiukas su u\u017era\u0161u \u201eLove is Eternal\u201c \u2013 mink\u0161tas, \u0161velnus, mielas ir stilingas pakabukas J\u016bs\u0173 raktams.","_links":{"self":[{"href":"https:\/\/kabinam.lt\/lv\/wp-json\/wp\/v2\/product\/2184","targetHints":{"allow":["GET"]}}],"collection":[{"href":"https:\/\/kabinam.lt\/lv\/wp-json\/wp\/v2\/product"}],"about":[{"href":"https:\/\/kabinam.lt\/lv\/wp-json\/wp\/v2\/types\/product"}],"replies":[{"embeddable":true,"href":"https:\/\/kabinam.lt\/lv\/wp-json\/wp\/v2\/comments?post=2184"}],"wp:featuredmedia":[{"embeddable":true,"href":"https:\/\/kabinam.lt\/lv\/wp-json\/wp\/v2\/media\/2175"}],"wp:attachment":[{"href":"https:\/\/kabinam.lt\/lv\/wp-json\/wp\/v2\/media?parent=2184"}],"wp:term":[{"taxonomy":"product_brand","embeddable":true,"href":"https:\/\/kabinam.lt\/lv\/wp-json\/wp\/v2\/product_brand?post=2184"},{"taxonomy":"product_cat","embeddable":true,"href":"https:\/\/kabinam.lt\/lv\/wp-json\/wp\/v2\/product_cat?post=2184"},{"taxonomy":"product_tag","embeddable":true,"href":"https:\/\/kabinam.lt\/lv\/wp-json\/wp\/v2\/product_tag?post=2184"}],"curies":[{"name":"wp","href":"https:\/\/api.w.org\/{rel}","templated":true}]}}