{"id":2171,"date":"2024-07-29T17:39:20","date_gmt":"2024-07-29T14:39:20","guid":{"rendered":"https:\/\/kabinam.lt\/?post_type=product&#038;p=2171"},"modified":"2026-01-03T18:55:46","modified_gmt":"2026-01-03T16:55:46","slug":"originals-lacisa-atslegu-piekarins","status":"publish","type":"product","link":"https:\/\/kabinam.lt\/lv\/product\/originalus-raktu-pakabukas-meskiukas\/","title":{"rendered":"Ori\u0123in\u0101li atsl\u0113gu piekari\u0146i - roz\u0101 l\u0101c\u012btis ar uzrakstu \u201eLove is Eternal\u201c (M\u012blest\u012bba ir m\u016b\u017e\u012bga)\u201c"},"content":{"rendered":"<div class=\"kk-star-ratings kksr-auto kksr-align-left kksr-valign-top\"\n    data-payload='{&quot;align&quot;:&quot;left&quot;,&quot;id&quot;:&quot;2171&quot;,&quot;slug&quot;:&quot;default&quot;,&quot;valign&quot;:&quot;top&quot;,&quot;ignore&quot;:&quot;&quot;,&quot;reference&quot;:&quot;auto&quot;,&quot;class&quot;:&quot;&quot;,&quot;count&quot;:&quot;0&quot;,&quot;legendonly&quot;:&quot;&quot;,&quot;readonly&quot;:&quot;&quot;,&quot;score&quot;:&quot;0&quot;,&quot;starsonly&quot;:&quot;&quot;,&quot;best&quot;:&quot;5&quot;,&quot;gap&quot;:&quot;5&quot;,&quot;greet&quot;:&quot;Mums svarbus j\u016bs\u0173 \u012fvertinimas&quot;,&quot;legend&quot;:&quot;0\\\/5 - (0 votes)&quot;,&quot;size&quot;:&quot;24&quot;,&quot;title&quot;:&quot;Original\u016bs rakt\u0173 pakabukai \u2013 ro\u017einis me\u0161kiukas su u\u017era\u0161u \u201eLove is Eternal\u201c&quot;,&quot;width&quot;:&quot;0&quot;,&quot;_legend&quot;:&quot;{score}\\\/{best} - ({count} {votes})&quot;,&quot;font_factor&quot;:&quot;1.25&quot;}'>\n            \n<div class=\"kksr-stars\">\n    \n<div class=\"kksr-stars-inactive\">\n            <div class=\"kksr-star\" data-star=\"1\" style=\"padding-right: 5px\">\n            \n\n<div class=\"kksr-icon\" style=\"width: 24px; height: 24px;\"><\/div>\n        <\/div>\n            <div class=\"kksr-star\" data-star=\"2\" style=\"padding-right: 5px\">\n            \n\n<div class=\"kksr-icon\" style=\"width: 24px; height: 24px;\"><\/div>\n        <\/div>\n            <div class=\"kksr-star\" data-star=\"3\" style=\"padding-right: 5px\">\n            \n\n<div class=\"kksr-icon\" style=\"width: 24px; height: 24px;\"><\/div>\n        <\/div>\n            <div class=\"kksr-star\" data-star=\"4\" style=\"padding-right: 5px\">\n            \n\n<div class=\"kksr-icon\" style=\"width: 24px; height: 24px;\"><\/div>\n        <\/div>\n            <div class=\"kksr-star\" data-star=\"5\" style=\"padding-right: 5px\">\n            \n\n<div class=\"kksr-icon\" style=\"width: 24px; height: 24px;\"><\/div>\n        <\/div>\n    <\/div>\n    \n<div class=\"kksr-stars-active\" style=\"width: 0px;\">\n            <div class=\"kksr-star\" style=\"padding-right: 5px\">\n            \n\n<div class=\"kksr-icon\" style=\"width: 24px; height: 24px;\"><\/div>\n        <\/div>\n            <div class=\"kksr-star\" style=\"padding-right: 5px\">\n            \n\n<div class=\"kksr-icon\" style=\"width: 24px; height: 24px;\"><\/div>\n        <\/div>\n            <div class=\"kksr-star\" style=\"padding-right: 5px\">\n            \n\n<div class=\"kksr-icon\" style=\"width: 24px; height: 24px;\"><\/div>\n        <\/div>\n            <div class=\"kksr-star\" style=\"padding-right: 5px\">\n            \n\n<div class=\"kksr-icon\" style=\"width: 24px; height: 24px;\"><\/div>\n        <\/div>\n            <div class=\"kksr-star\" style=\"padding-right: 5px\">\n            \n\n<div class=\"kksr-icon\" style=\"width: 24px; height: 24px;\"><\/div>\n        <\/div>\n    <\/div>\n<\/div>\n                \n\n<div class=\"kksr-legend\" style=\"font-size: 19.2px;\">\n            <span class=\"kksr-muted\">Mums ir svar\u012bgs j\u016bsu nov\u0113rt\u0113jums<\/span>\n    <\/div>\n    <\/div>\n<h3 class=\"\" data-start=\"282\" data-end=\"348\"><strong data-start=\"286\" data-end=\"348\">Ori\u0123in\u0101li atsl\u0113gu piekari\u0146i ar burv\u012bgu l\u0101c\u012b\u0161a simboliku<\/strong><\/h3>\n<p class=\"\" data-start=\"350\" data-end=\"636\">Mekl\u0113jat jauku un \u012bpa\u0161u d\u0101vanu? \u0160is <strong data-start=\"393\" data-end=\"442\">roz\u0101 l\u0101c\u012btis ar uzrakstu \u201eM\u012blest\u012bba ir m\u016b\u017e\u012bga\u201c<\/strong> - lieliska izv\u0113le tiem, kas nov\u0113rt\u0113 jut\u012bgumu, maigumu un ori\u0123inalit\u0101ti. Tas pieder pie kategorijas <strong data-start=\"547\" data-end=\"577\">ori\u0123in\u0101li atsl\u0113gu piekari\u0146i<\/strong>, jo tam ir ne tikai jauks dizains, bet ar\u012b emocion\u0101ls v\u0113st\u012bjums.<\/p>\n<p class=\"\" data-start=\"638\" data-end=\"914\">\u0160\u012b atsl\u0113gu piekari\u0146a ir izgatavota no iztur\u012bga sve\u0137u materi\u0101la, kas paz\u012bstams k\u0101 sve\u0137i, ir viegla, iztur\u012bga un ide\u0101li piem\u0113rota gan automa\u0161\u012bnas, gan m\u0101jas atsl\u0113g\u0101m. Kr\u0101sainais dizains ir lielisks papildin\u0101jums jebkuram atsl\u0113gu sai\u0161\u0137im, bet smalkais uzraksts atg\u0101dina par m\u012blest\u012bbas noz\u012bmi ikdien\u0101.<\/p>\n<hr class=\"\" data-start=\"916\" data-end=\"919\" \/>\n<h3 class=\"\" data-start=\"921\" data-end=\"967\"><strong data-start=\"925\" data-end=\"967\">M\u012blest\u012bbas v\u0113st\u012bjums ikdienas dz\u012bvei<\/strong><\/h3>\n<p class=\"\" data-start=\"969\" data-end=\"1281\">Iespiests uz <strong data-start=\"977\" data-end=\"998\">\u201eM\u012blest\u012bba ir m\u016b\u017e\u012bga\u201c<\/strong> pie\u0161\u0137ir \u0161im piekari\u0146am \u012bpa\u0161u noz\u012bmi. Tas ir ne tikai aksesu\u0101rs, bet ar\u012b simbols, kas var iepriecin\u0101t m\u012b\u013coto cilv\u0113ku vai atg\u0101din\u0101t par svar\u012bgu saikni. \u0160\u0101ds <strong data-start=\"1152\" data-end=\"1182\">ori\u0123in\u0101li atsl\u0113gu piekari\u0146i<\/strong> Ide\u0101li piem\u0113rots d\u0101vin\u0101\u0161anai - gan Valent\u012bndien\u0101, gan k\u0101 jauks p\u0101rsteigums bez jebk\u0101das izdev\u012bbas.<\/p>\n<hr class=\"\" data-start=\"1283\" data-end=\"1286\" \/>\n<h3 class=\"\" data-start=\"1288\" data-end=\"1330\"><strong data-start=\"1292\" data-end=\"1330\">Ide\u0101la d\u0101vana jebkuram gad\u012bjumam<\/strong><\/h3>\n<p class=\"\" data-start=\"1332\" data-end=\"1541\">Vai mekl\u0113jat d\u0101vanu m\u012b\u013cotajam, draudzenei vai pat b\u0113rnam? \u0160is roz\u0101 l\u0101c\u012btis ir lieliski piem\u0113rots visu vecumu b\u0113rniem un sniedz siltuma saj\u016btu. Pateicoties t\u0101 maigajam dizainam, piekari\u0146\u0161 ir piem\u0113rots gan v\u012brie\u0161iem, gan sieviet\u0113m.<\/p>\n<p class=\"\" data-start=\"1543\" data-end=\"1695\">Las\u012bt vair\u0101k <a class=\"\" href=\"https:\/\/kabinam.lt\/lv\/produkta-kategorija-2\/unikaliu-pakabuku-kategorija\/\" target=\"_new\" rel=\"noopener\" data-start=\"1551\" data-end=\"1637\">unik\u0101li kuloni<\/a> pieejami m\u016bsu veikal\u0101 - sagatavojieties p\u0101rsteigumam!<\/p>\n<hr class=\"\" data-start=\"1697\" data-end=\"1700\" \/>\n<h3 class=\"\" data-start=\"1702\" data-end=\"1748\"><strong data-start=\"1706\" data-end=\"1748\">Praktisks un stil\u012bgs aksesu\u0101rs<\/strong><\/h3>\n<p class=\"\" data-start=\"1750\" data-end=\"2051\">Tas ir ne tikai est\u0113tisks, bet ar\u012b praktisks - met\u0101la gredzen\u0101 dro\u0161i var tur\u0113t atsl\u0113gas, un l\u0101c\u0113ns viegli ietilpst kabat\u0101 vai rokassomi\u0146\u0101. \u0160\u0101ds <a class=\"cursor-pointer\" target=\"_new\" rel=\"noopener\" data-start=\"1900\" data-end=\"1995\">automa\u0161\u012bnu atsl\u0113gu pults<\/a> bie\u017ei k\u013c\u016bst par iecien\u012bt\u0101ko aksesu\u0101ru, jo ir \u013coti funkcion\u0101li.<\/p>\n<hr class=\"\" data-start=\"2053\" data-end=\"2056\" \/>\n<h3 class=\"\" data-start=\"2058\" data-end=\"2094\"><strong data-start=\"2062\" data-end=\"2094\">Kur ieg\u0101d\u0101ties \u0161o piekari\u0146u?<\/strong><\/h3>\n<p class=\"\" data-start=\"2096\" data-end=\"2495\">Atrodiet \u0161o un daudzus citus ekskluz\u012bvus piederumus m\u016bsu e-veikal\u0101. <a class=\"\" href=\"https:\/\/kabinam.lt\/lv\/visi-produkti\/\" target=\"_new\" rel=\"noopener\" data-start=\"2166\" data-end=\"2214\">kabinam.lt<\/a>. M\u0113s iesak\u0101m apmekl\u0113t ar\u012b lapu ar <a class=\"\" href=\"https:\/\/kabinam.lt\/lv\/produkta-kategorija-2\/popularako-produktu-kategorija\/\" target=\"_new\" rel=\"noopener\" data-start=\"2265\" data-end=\"2367\">popul\u0101r\u0101kie produkti<\/a> un <a class=\"cursor-pointer\" target=\"_new\" rel=\"noopener\" data-start=\"2372\" data-end=\"2446\">grav\u0113ti kuloni<\/a>, ja mekl\u0113jat v\u0113l vair\u0101k personaliz\u0113tu d\u0101vanu ideju.<\/p>\n<p class=\"\" data-start=\"2497\" data-end=\"2697\">Un, ja v\u0113laties uzzin\u0101t par popul\u0101r\u0101kaj\u0101m d\u0101vanu tendenc\u0113m, skatiet rakstu par. <a class=\"cursor-pointer\" target=\"_new\" rel=\"noopener\" data-start=\"2592\" data-end=\"2678\">modes aksesu\u0101ri 2025. gad\u0101<\/a> (\u0101r\u0113ja saite).<\/p>","protected":false},"excerpt":{"rendered":"<p>Ekskluz\u012bvais roz\u0101 l\u0101c\u012btis \u201eLove is Eternal\u201c ir jauks aksesu\u0101rs vai d\u0101vana, kas piem\u0113rota jebkuram gad\u012bjumam.<\/p>","protected":false},"featured_media":2180,"comment_status":"closed","ping_status":"closed","template":"","meta":{"_uag_custom_page_level_css":"","site-sidebar-layout":"default","site-content-layout":"","ast-site-content-layout":"default","site-content-style":"default","site-sidebar-style":"default","ast-global-header-display":"","ast-banner-title-visibility":"","ast-main-header-display":"","ast-hfb-above-header-display":"","ast-hfb-below-header-display":"","ast-hfb-mobile-header-display":"","site-post-title":"","ast-breadcrumbs-content":"","ast-featured-img":"","footer-sml-layout":"","ast-disable-related-posts":"","theme-transparent-header-meta":"default","adv-header-id-meta":"","stick-header-meta":"","header-above-stick-meta":"","header-main-stick-meta":"","header-below-stick-meta":"","astra-migrate-meta-layouts":"set","ast-page-background-enabled":"default","ast-page-background-meta":{"desktop":{"background-color":"var(--ast-global-color-4)","background-image":"","background-repeat":"repeat","background-position":"center center","background-size":"auto","background-attachment":"scroll","background-type":"","background-media":"","overlay-type":"","overlay-color":"","overlay-opacity":"","overlay-gradient":""},"tablet":{"background-color":"","background-image":"","background-repeat":"repeat","background-position":"center center","background-size":"auto","background-attachment":"scroll","background-type":"","background-media":"","overlay-type":"","overlay-color":"","overlay-opacity":"","overlay-gradient":""},"mobile":{"background-color":"","background-image":"","background-repeat":"repeat","background-position":"center center","background-size":"auto","background-attachment":"scroll","background-type":"","background-media":"","overlay-type":"","overlay-color":"","overlay-opacity":"","overlay-gradient":""}},"ast-content-background-meta":{"desktop":{"background-color":"var(--ast-global-color-5)","background-image":"","background-repeat":"repeat","background-position":"center center","background-size":"auto","background-attachment":"scroll","background-type":"","background-media":"","overlay-type":"","overlay-color":"","overlay-opacity":"","overlay-gradient":""},"tablet":{"background-color":"var(--ast-global-color-5)","background-image":"","background-repeat":"repeat","background-position":"center center","background-size":"auto","background-attachment":"scroll","background-type":"","background-media":"","overlay-type":"","overlay-color":"","overlay-opacity":"","overlay-gradient":""},"mobile":{"background-color":"var(--ast-global-color-5)","background-image":"","background-repeat":"repeat","background-position":"center center","background-size":"auto","background-attachment":"scroll","background-type":"","background-media":"","overlay-type":"","overlay-color":"","overlay-opacity":"","overlay-gradient":""}}},"product_brand":[],"product_cat":[125,126,95],"product_tag":[],"class_list":{"0":"post-2171","1":"product","2":"type-product","3":"status-publish","4":"has-post-thumbnail","6":"product_cat-halloween","7":"product_cat-visi","8":"product_cat-unikalus-raktu-pakabukai","9":"desktop-align-center","10":"tablet-align-left","11":"mobile-align-left","13":"first","14":"outofstock","15":"shipping-taxable","16":"purchasable","17":"product-type-simple"},"yoast_head":"<!-- This site is optimized with the Yoast SEO plugin v27.1.1 - https:\/\/yoast.com\/product\/yoast-seo-wordpress\/ -->\n<title>Original\u016bs rakt\u0173 pakabukai \u2013 ro\u017einis me\u0161kiukas su u\u017era\u0161u \u201eLove is Eternal\u201c<\/title>\n<meta name=\"description\" content=\"Ro\u017einis me\u0161kiukas su u\u017era\u0161u \u201eLove is Eternal\u201c \u2013 tai original\u016bs rakt\u0173 pakabukai, kupini meil\u0117s ir \u0161ilumos\" \/>\n<meta name=\"robots\" content=\"index, follow, max-snippet:-1, max-image-preview:large, max-video-preview:-1\" \/>\n<link rel=\"canonical\" href=\"https:\/\/kabinam.lt\/lv\/produkts\/originals-lacisa-atslegu-piekarins\/\" \/>\n<meta property=\"og:locale\" content=\"lv_LV\" \/>\n<meta property=\"og:type\" content=\"article\" \/>\n<meta property=\"og:title\" content=\"Original\u016bs rakt\u0173 pakabukai \u2013 ro\u017einis me\u0161kiukas su u\u017era\u0161u \u201eLove is Eternal\u201c\" \/>\n<meta property=\"og:description\" content=\"Ro\u017einis me\u0161kiukas su u\u017era\u0161u \u201eLove is Eternal\u201c \u2013 tai original\u016bs rakt\u0173 pakabukai, kupini meil\u0117s ir \u0161ilumos\" \/>\n<meta property=\"og:url\" content=\"https:\/\/kabinam.lt\/lv\/produkts\/originals-lacisa-atslegu-piekarins\/\" \/>\n<meta property=\"og:site_name\" content=\"kabinam.lt\" \/>\n<meta property=\"article:modified_time\" content=\"2026-01-03T16:55:46+00:00\" \/>\n<meta property=\"og:image\" content=\"https:\/\/kabinam.lt\/wp-content\/uploads\/2024\/07\/e5ae411c-39fa-49d3-96aa-848a646058d8_800x800.jpeg\" \/>\n\t<meta property=\"og:image:width\" content=\"800\" \/>\n\t<meta property=\"og:image:height\" content=\"800\" \/>\n\t<meta property=\"og:image:type\" content=\"image\/jpeg\" \/>\n<meta name=\"twitter:card\" content=\"summary_large_image\" \/>\n<meta name=\"twitter:label1\" content=\"Est. reading time\" \/>\n\t<meta name=\"twitter:data1\" content=\"2 min\u016btes\" \/>\n<script type=\"application\/ld+json\" class=\"yoast-schema-graph\">{\"@context\":\"https:\/\/schema.org\",\"@graph\":[{\"@type\":[\"WebPage\",\"ItemPage\"],\"@id\":\"https:\/\/kabinam.lt\/eng\/product\/originalus-raktu-pakabukas-meskiukas\/\",\"url\":\"https:\/\/kabinam.lt\/eng\/product\/originalus-raktu-pakabukas-meskiukas\/\",\"name\":\"Original\u016bs rakt\u0173 pakabukai \u2013 ro\u017einis me\u0161kiukas su u\u017era\u0161u \u201eLove is Eternal\u201c\",\"isPartOf\":{\"@id\":\"https:\/\/kabinam.lt\/#website\"},\"primaryImageOfPage\":{\"@id\":\"https:\/\/kabinam.lt\/eng\/product\/originalus-raktu-pakabukas-meskiukas\/#primaryimage\"},\"image\":{\"@id\":\"https:\/\/kabinam.lt\/eng\/product\/originalus-raktu-pakabukas-meskiukas\/#primaryimage\"},\"thumbnailUrl\":\"https:\/\/kabinam.lt\/wp-content\/uploads\/2024\/07\/e5ae411c-39fa-49d3-96aa-848a646058d8_800x800.jpeg\",\"datePublished\":\"2024-07-29T14:39:20+00:00\",\"dateModified\":\"2026-01-03T16:55:46+00:00\",\"description\":\"Ro\u017einis me\u0161kiukas su u\u017era\u0161u \u201eLove is Eternal\u201c \u2013 tai original\u016bs rakt\u0173 pakabukai, kupini meil\u0117s ir \u0161ilumos\",\"breadcrumb\":{\"@id\":\"https:\/\/kabinam.lt\/eng\/product\/originalus-raktu-pakabukas-meskiukas\/#breadcrumb\"},\"inLanguage\":\"lv-LV\",\"potentialAction\":[{\"@type\":\"ReadAction\",\"target\":[\"https:\/\/kabinam.lt\/eng\/product\/originalus-raktu-pakabukas-meskiukas\/\"]}]},{\"@type\":\"ImageObject\",\"inLanguage\":\"lv-LV\",\"@id\":\"https:\/\/kabinam.lt\/eng\/product\/originalus-raktu-pakabukas-meskiukas\/#primaryimage\",\"url\":\"https:\/\/kabinam.lt\/wp-content\/uploads\/2024\/07\/e5ae411c-39fa-49d3-96aa-848a646058d8_800x800.jpeg\",\"contentUrl\":\"https:\/\/kabinam.lt\/wp-content\/uploads\/2024\/07\/e5ae411c-39fa-49d3-96aa-848a646058d8_800x800.jpeg\",\"width\":800,\"height\":800,\"caption\":\"Ro\u017einis me\u0161kiukas su meil\u0117s \u017einute\"},{\"@type\":\"BreadcrumbList\",\"@id\":\"https:\/\/kabinam.lt\/eng\/product\/originalus-raktu-pakabukas-meskiukas\/#breadcrumb\",\"itemListElement\":[{\"@type\":\"ListItem\",\"position\":1,\"name\":\"Home\",\"item\":\"https:\/\/kabinam.lt\/\"},{\"@type\":\"ListItem\",\"position\":2,\"name\":\"Visi Produktai\",\"item\":\"https:\/\/kabinam.lt\/visi-produktai\/\"},{\"@type\":\"ListItem\",\"position\":3,\"name\":\"Original\u016bs rakt\u0173 pakabukai \u2013 ro\u017einis me\u0161kiukas su u\u017era\u0161u \u201eLove is Eternal\u201c\"}]},{\"@type\":\"WebSite\",\"@id\":\"https:\/\/kabinam.lt\/#website\",\"url\":\"https:\/\/kabinam.lt\/\",\"name\":\"kabinam.lt\",\"description\":\"Kabinam.lt \u2013 raktu pakabukai ir aksesuarai\",\"publisher\":{\"@id\":\"https:\/\/kabinam.lt\/#organization\"},\"alternateName\":\"pakabukai lt\",\"potentialAction\":[{\"@type\":\"SearchAction\",\"target\":{\"@type\":\"EntryPoint\",\"urlTemplate\":\"https:\/\/kabinam.lt\/?s={search_term_string}\"},\"query-input\":{\"@type\":\"PropertyValueSpecification\",\"valueRequired\":true,\"valueName\":\"search_term_string\"}}],\"inLanguage\":\"lv-LV\"},{\"@type\":\"Organization\",\"@id\":\"https:\/\/kabinam.lt\/#organization\",\"name\":\"kabinam.lt\",\"alternateName\":\"kabinam\",\"url\":\"https:\/\/kabinam.lt\/\",\"logo\":{\"@type\":\"ImageObject\",\"inLanguage\":\"lv-LV\",\"@id\":\"https:\/\/kabinam.lt\/#\/schema\/logo\/image\/\",\"url\":\"https:\/\/kabinam.lt\/wp-content\/uploads\/2025\/05\/KABINAM_outer_glow.png\",\"contentUrl\":\"https:\/\/kabinam.lt\/wp-content\/uploads\/2025\/05\/KABINAM_outer_glow.png\",\"width\":474,\"height\":141,\"caption\":\"kabinam.lt\"},\"image\":{\"@id\":\"https:\/\/kabinam.lt\/#\/schema\/logo\/image\/\"}}]}<\/script>\n<!-- \/ Yoast SEO plugin. -->","yoast_head_json":{"title":"Ori\u0123in\u0101li atsl\u0113gu piekari\u0146i - roz\u0101 l\u0101c\u012btis ar uzrakstu \u201eLove is Eternal\u201c (M\u012blest\u012bba ir m\u016b\u017e\u012bga)\u201c","description":"Roz\u0101 l\u0101c\u012btis ar uzrakstu \u201eM\u012blest\u012bba ir m\u016b\u017e\u012bga\u201c - ori\u0123in\u0101ls m\u012blest\u012bbas un siltuma pilns atsl\u0113gu piekari\u0146\u0161","robots":{"index":"index","follow":"follow","max-snippet":"max-snippet:-1","max-image-preview":"max-image-preview:large","max-video-preview":"max-video-preview:-1"},"canonical":"https:\/\/kabinam.lt\/lv\/produkts\/originals-lacisa-atslegu-piekarins\/","og_locale":"lv_LV","og_type":"article","og_title":"Original\u016bs rakt\u0173 pakabukai \u2013 ro\u017einis me\u0161kiukas su u\u017era\u0161u \u201eLove is Eternal\u201c","og_description":"Ro\u017einis me\u0161kiukas su u\u017era\u0161u \u201eLove is Eternal\u201c \u2013 tai original\u016bs rakt\u0173 pakabukai, kupini meil\u0117s ir \u0161ilumos","og_url":"https:\/\/kabinam.lt\/lv\/produkts\/originals-lacisa-atslegu-piekarins\/","og_site_name":"kabinam.lt","article_modified_time":"2026-01-03T16:55:46+00:00","og_image":[{"width":800,"height":800,"url":"https:\/\/kabinam.lt\/wp-content\/uploads\/2024\/07\/e5ae411c-39fa-49d3-96aa-848a646058d8_800x800.jpeg","type":"image\/jpeg"}],"twitter_card":"summary_large_image","twitter_misc":{"Est. reading time":"2 min\u016btes"},"schema":{"@context":"https:\/\/schema.org","@graph":[{"@type":["WebPage","ItemPage"],"@id":"https:\/\/kabinam.lt\/eng\/product\/originalus-raktu-pakabukas-meskiukas\/","url":"https:\/\/kabinam.lt\/eng\/product\/originalus-raktu-pakabukas-meskiukas\/","name":"Ori\u0123in\u0101li atsl\u0113gu piekari\u0146i - roz\u0101 l\u0101c\u012btis ar uzrakstu \u201eLove is Eternal\u201c (M\u012blest\u012bba ir m\u016b\u017e\u012bga)\u201c","isPartOf":{"@id":"https:\/\/kabinam.lt\/#website"},"primaryImageOfPage":{"@id":"https:\/\/kabinam.lt\/eng\/product\/originalus-raktu-pakabukas-meskiukas\/#primaryimage"},"image":{"@id":"https:\/\/kabinam.lt\/eng\/product\/originalus-raktu-pakabukas-meskiukas\/#primaryimage"},"thumbnailUrl":"https:\/\/kabinam.lt\/wp-content\/uploads\/2024\/07\/e5ae411c-39fa-49d3-96aa-848a646058d8_800x800.jpeg","datePublished":"2024-07-29T14:39:20+00:00","dateModified":"2026-01-03T16:55:46+00:00","description":"Roz\u0101 l\u0101c\u012btis ar uzrakstu \u201eM\u012blest\u012bba ir m\u016b\u017e\u012bga\u201c - ori\u0123in\u0101ls m\u012blest\u012bbas un siltuma pilns atsl\u0113gu piekari\u0146\u0161","breadcrumb":{"@id":"https:\/\/kabinam.lt\/eng\/product\/originalus-raktu-pakabukas-meskiukas\/#breadcrumb"},"inLanguage":"lv-LV","potentialAction":[{"@type":"ReadAction","target":["https:\/\/kabinam.lt\/eng\/product\/originalus-raktu-pakabukas-meskiukas\/"]}]},{"@type":"ImageObject","inLanguage":"lv-LV","@id":"https:\/\/kabinam.lt\/eng\/product\/originalus-raktu-pakabukas-meskiukas\/#primaryimage","url":"https:\/\/kabinam.lt\/wp-content\/uploads\/2024\/07\/e5ae411c-39fa-49d3-96aa-848a646058d8_800x800.jpeg","contentUrl":"https:\/\/kabinam.lt\/wp-content\/uploads\/2024\/07\/e5ae411c-39fa-49d3-96aa-848a646058d8_800x800.jpeg","width":800,"height":800,"caption":"Ro\u017einis me\u0161kiukas su meil\u0117s \u017einute"},{"@type":"BreadcrumbList","@id":"https:\/\/kabinam.lt\/eng\/product\/originalus-raktu-pakabukas-meskiukas\/#breadcrumb","itemListElement":[{"@type":"ListItem","position":1,"name":"Home","item":"https:\/\/kabinam.lt\/"},{"@type":"ListItem","position":2,"name":"Visi Produktai","item":"https:\/\/kabinam.lt\/visi-produktai\/"},{"@type":"ListItem","position":3,"name":"Original\u016bs rakt\u0173 pakabukai \u2013 ro\u017einis me\u0161kiukas su u\u017era\u0161u \u201eLove is Eternal\u201c"}]},{"@type":"WebSite","@id":"https:\/\/kabinam.lt\/#website","url":"https:\/\/kabinam.lt\/","name":"kabinam.lt","description":"Kabinam.lt - atsl\u0113gu piekari\u0146i un aksesu\u0101ri","publisher":{"@id":"https:\/\/kabinam.lt\/#organization"},"alternateName":"pakabukai lt","potentialAction":[{"@type":"SearchAction","target":{"@type":"EntryPoint","urlTemplate":"https:\/\/kabinam.lt\/?s={search_term_string}"},"query-input":{"@type":"PropertyValueSpecification","valueRequired":true,"valueName":"search_term_string"}}],"inLanguage":"lv-LV"},{"@type":"Organization","@id":"https:\/\/kabinam.lt\/#organization","name":"kabinam.lt","alternateName":"kabinam","url":"https:\/\/kabinam.lt\/","logo":{"@type":"ImageObject","inLanguage":"lv-LV","@id":"https:\/\/kabinam.lt\/#\/schema\/logo\/image\/","url":"https:\/\/kabinam.lt\/wp-content\/uploads\/2025\/05\/KABINAM_outer_glow.png","contentUrl":"https:\/\/kabinam.lt\/wp-content\/uploads\/2025\/05\/KABINAM_outer_glow.png","width":474,"height":141,"caption":"kabinam.lt"},"image":{"@id":"https:\/\/kabinam.lt\/#\/schema\/logo\/image\/"}}]}},"uagb_featured_image_src":{"full":["https:\/\/kabinam.lt\/wp-content\/uploads\/2024\/07\/e5ae411c-39fa-49d3-96aa-848a646058d8_800x800.jpeg",800,800,false],"thumbnail":["https:\/\/kabinam.lt\/wp-content\/uploads\/2024\/07\/e5ae411c-39fa-49d3-96aa-848a646058d8_800x800-150x150.jpeg",150,150,true],"medium":["https:\/\/kabinam.lt\/wp-content\/uploads\/2024\/07\/e5ae411c-39fa-49d3-96aa-848a646058d8_800x800-300x300.jpeg",300,300,true],"medium_large":["https:\/\/kabinam.lt\/wp-content\/uploads\/2024\/07\/e5ae411c-39fa-49d3-96aa-848a646058d8_800x800-768x768.jpeg",768,768,true],"large":["https:\/\/kabinam.lt\/wp-content\/uploads\/2024\/07\/e5ae411c-39fa-49d3-96aa-848a646058d8_800x800.jpeg",800,800,false],"1536x1536":["https:\/\/kabinam.lt\/wp-content\/uploads\/2024\/07\/e5ae411c-39fa-49d3-96aa-848a646058d8_800x800.jpeg",800,800,false],"2048x2048":["https:\/\/kabinam.lt\/wp-content\/uploads\/2024\/07\/e5ae411c-39fa-49d3-96aa-848a646058d8_800x800.jpeg",800,800,false],"trp-custom-language-flag":["https:\/\/kabinam.lt\/wp-content\/uploads\/2024\/07\/e5ae411c-39fa-49d3-96aa-848a646058d8_800x800.jpeg",12,12,false],"woocommerce_thumbnail":["https:\/\/kabinam.lt\/wp-content\/uploads\/2024\/07\/e5ae411c-39fa-49d3-96aa-848a646058d8_800x800-300x300.jpeg",300,300,true],"woocommerce_single":["https:\/\/kabinam.lt\/wp-content\/uploads\/2024\/07\/e5ae411c-39fa-49d3-96aa-848a646058d8_800x800-600x600.jpeg",600,600,true],"woocommerce_gallery_thumbnail":["https:\/\/kabinam.lt\/wp-content\/uploads\/2024\/07\/e5ae411c-39fa-49d3-96aa-848a646058d8_800x800-100x100.jpeg",100,100,true]},"uagb_author_info":{"display_name":"kabinam.lt","author_link":"https:\/\/kabinam.lt\/lv\/author\/"},"uagb_comment_info":0,"uagb_excerpt":"I\u0161skirtinis ro\u017einis me\u0161kiukas \u201eLove is Eternal\u201c \u2013 mielas aksesuaras ar dovana, tinkanti bet kokiai progai.","_links":{"self":[{"href":"https:\/\/kabinam.lt\/lv\/wp-json\/wp\/v2\/product\/2171","targetHints":{"allow":["GET"]}}],"collection":[{"href":"https:\/\/kabinam.lt\/lv\/wp-json\/wp\/v2\/product"}],"about":[{"href":"https:\/\/kabinam.lt\/lv\/wp-json\/wp\/v2\/types\/product"}],"replies":[{"embeddable":true,"href":"https:\/\/kabinam.lt\/lv\/wp-json\/wp\/v2\/comments?post=2171"}],"wp:featuredmedia":[{"embeddable":true,"href":"https:\/\/kabinam.lt\/lv\/wp-json\/wp\/v2\/media\/2180"}],"wp:attachment":[{"href":"https:\/\/kabinam.lt\/lv\/wp-json\/wp\/v2\/media?parent=2171"}],"wp:term":[{"taxonomy":"product_brand","embeddable":true,"href":"https:\/\/kabinam.lt\/lv\/wp-json\/wp\/v2\/product_brand?post=2171"},{"taxonomy":"product_cat","embeddable":true,"href":"https:\/\/kabinam.lt\/lv\/wp-json\/wp\/v2\/product_cat?post=2171"},{"taxonomy":"product_tag","embeddable":true,"href":"https:\/\/kabinam.lt\/lv\/wp-json\/wp\/v2\/product_tag?post=2171"}],"curies":[{"name":"wp","href":"https:\/\/api.w.org\/{rel}","templated":true}]}}