{"id":2158,"date":"2024-07-29T15:51:12","date_gmt":"2024-07-29T12:51:12","guid":{"rendered":"https:\/\/kabinam.lt\/?post_type=product&#038;p=2158"},"modified":"2026-01-18T16:07:33","modified_gmt":"2026-01-18T14:07:33","slug":"ipass-atslegas-piederums-smagajiem-kravas-transportlidzekliem","status":"publish","type":"product","link":"https:\/\/kabinam.lt\/lv\/product\/specialus-raktu-aksesuaras-sunkvezimis\/","title":{"rendered":"\u012apa\u0161i atsl\u0113gu piederumi - kravas automa\u0161\u012bnas formas atsl\u0113gu piekari\u0146\u0161"},"content":{"rendered":"<div class=\"kk-star-ratings kksr-auto kksr-align-left kksr-valign-top\"\n    data-payload='{&quot;align&quot;:&quot;left&quot;,&quot;id&quot;:&quot;2158&quot;,&quot;slug&quot;:&quot;default&quot;,&quot;valign&quot;:&quot;top&quot;,&quot;ignore&quot;:&quot;&quot;,&quot;reference&quot;:&quot;auto&quot;,&quot;class&quot;:&quot;&quot;,&quot;count&quot;:&quot;0&quot;,&quot;legendonly&quot;:&quot;&quot;,&quot;readonly&quot;:&quot;&quot;,&quot;score&quot;:&quot;0&quot;,&quot;starsonly&quot;:&quot;&quot;,&quot;best&quot;:&quot;5&quot;,&quot;gap&quot;:&quot;5&quot;,&quot;greet&quot;:&quot;Mums svarbus j\u016bs\u0173 \u012fvertinimas&quot;,&quot;legend&quot;:&quot;0\\\/5 - (0 votes)&quot;,&quot;size&quot;:&quot;24&quot;,&quot;title&quot;:&quot;Special\u016bs rakt\u0173 aksesuarai \u2013 sunkve\u017eimio formos pakabukas&quot;,&quot;width&quot;:&quot;0&quot;,&quot;_legend&quot;:&quot;{score}\\\/{best} - ({count} {votes})&quot;,&quot;font_factor&quot;:&quot;1.25&quot;}'>\n            \n<div class=\"kksr-stars\">\n    \n<div class=\"kksr-stars-inactive\">\n            <div class=\"kksr-star\" data-star=\"1\" style=\"padding-right: 5px\">\n            \n\n<div class=\"kksr-icon\" style=\"width: 24px; height: 24px;\"><\/div>\n        <\/div>\n            <div class=\"kksr-star\" data-star=\"2\" style=\"padding-right: 5px\">\n            \n\n<div class=\"kksr-icon\" style=\"width: 24px; height: 24px;\"><\/div>\n        <\/div>\n            <div class=\"kksr-star\" data-star=\"3\" style=\"padding-right: 5px\">\n            \n\n<div class=\"kksr-icon\" style=\"width: 24px; height: 24px;\"><\/div>\n        <\/div>\n            <div class=\"kksr-star\" data-star=\"4\" style=\"padding-right: 5px\">\n            \n\n<div class=\"kksr-icon\" style=\"width: 24px; height: 24px;\"><\/div>\n        <\/div>\n            <div class=\"kksr-star\" data-star=\"5\" style=\"padding-right: 5px\">\n            \n\n<div class=\"kksr-icon\" style=\"width: 24px; height: 24px;\"><\/div>\n        <\/div>\n    <\/div>\n    \n<div class=\"kksr-stars-active\" style=\"width: 0px;\">\n            <div class=\"kksr-star\" style=\"padding-right: 5px\">\n            \n\n<div class=\"kksr-icon\" style=\"width: 24px; height: 24px;\"><\/div>\n        <\/div>\n            <div class=\"kksr-star\" style=\"padding-right: 5px\">\n            \n\n<div class=\"kksr-icon\" style=\"width: 24px; height: 24px;\"><\/div>\n        <\/div>\n            <div class=\"kksr-star\" style=\"padding-right: 5px\">\n            \n\n<div class=\"kksr-icon\" style=\"width: 24px; height: 24px;\"><\/div>\n        <\/div>\n            <div class=\"kksr-star\" style=\"padding-right: 5px\">\n            \n\n<div class=\"kksr-icon\" style=\"width: 24px; height: 24px;\"><\/div>\n        <\/div>\n            <div class=\"kksr-star\" style=\"padding-right: 5px\">\n            \n\n<div class=\"kksr-icon\" style=\"width: 24px; height: 24px;\"><\/div>\n        <\/div>\n    <\/div>\n<\/div>\n                \n\n<div class=\"kksr-legend\" style=\"font-size: 19.2px;\">\n            <span class=\"kksr-muted\">Mums ir svar\u012bgs j\u016bsu nov\u0113rt\u0113jums<\/span>\n    <\/div>\n    <\/div>\n<h3 class=\"\" data-start=\"284\" data-end=\"349\"><strong data-start=\"288\" data-end=\"349\">\u012apa\u0161i atsl\u0113gu piederumi - kravas automa\u0161\u012bnas formas atsl\u0113gu piekari\u0146\u0161<\/strong><\/h3>\n<p class=\"\" data-start=\"351\" data-end=\"701\"><strong data-start=\"351\" data-end=\"395\">Mekl\u0113jat unik\u0101lu akcentu sav\u0101m atsl\u0113g\u0101m?<\/strong> \u0160is kravas automa\u0161\u012bnas formas piekari\u0146\u0161 ir viens no tiem priek\u0161metiem, kas lieliski atspogu\u013co to, kas j\u016bs esat un ko j\u016bs nov\u0113rt\u0113jat. Tas ir ne tikai skaists aksesu\u0101rs, bet ar\u012b lieliska izv\u0113le tiem, kam r\u016bp ori\u0123inalit\u0101te un kvalit\u0101te. <strong data-start=\"613\" data-end=\"643\">\u012apa\u0161i atsl\u0113gu piederumi<\/strong> pal\u012bdz jums izcelties no p\u016b\u013ca un par\u0101da j\u016bsu individu\u0101lo stilu.<\/p>\n<hr class=\"\" data-start=\"703\" data-end=\"706\" \/>\n<h3 class=\"\" data-start=\"708\" data-end=\"755\"><strong data-start=\"712\" data-end=\"755\">Ide\u0101la izv\u0113le kravas automa\u0161\u012bnu faniem<\/strong><\/h3>\n<p class=\"\" data-start=\"757\" data-end=\"1073\">\u0160o atsl\u0113gu piekari\u0146u ir iecien\u012bju\u0161i autovad\u012bt\u0101ji, lo\u0123istikas profesion\u0101\u013ci un visi, kas apbr\u012bno jaud\u012bgas kravas automa\u0161\u012bnas. Iztur\u012bgais met\u0101la korpuss un detaliz\u0113tais kravas automa\u0161\u012bnas siluets atg\u0101dina \u012bstu transportl\u012bdzekli. \u0160\u0101ds <strong data-start=\"990\" data-end=\"1020\">\u012bpa\u0161ie atsl\u0113gu piederumi<\/strong> ir ne tikai skaists, bet ar\u012b atg\u0101din\u0101jums par m\u016bsu aizrau\u0161anos ar tehnolo\u0123ij\u0101m.<\/p>\n<hr class=\"\" data-start=\"1075\" data-end=\"1078\" \/>\n<h3 class=\"\" data-start=\"1080\" data-end=\"1127\"><strong data-start=\"1084\" data-end=\"1127\">Piem\u0113rots d\u0101van\u0101m un ikdienas lieto\u0161anai<\/strong><\/h3>\n<p class=\"\" data-start=\"1129\" data-end=\"1448\">Vai mekl\u0113jat praktisku, bet personisku d\u0101vanu? \u0160is aksesu\u0101rs ir lieliski piem\u0113rots da\u017e\u0101diem gad\u012bjumiem: dzim\u0161anas dien\u0101m, darba jubilej\u0101m vai vienk\u0101r\u0161i, lai izr\u0101d\u012btu savu atzin\u012bbu. Atsl\u0113gu piekari\u0146\u0161 ir iztur\u012bgs un kalpos ilgu laiku - patiess v\u0113rt\u012bbas un kvalit\u0101tes apvienojums. Tas ir piem\u0113rots gan v\u012brie\u0161iem, gan sieviet\u0113m, kam pat\u012bk unik\u0101li aksesu\u0101ri.<\/p>\n<hr class=\"\" data-start=\"1450\" data-end=\"1453\" \/>\n<h3 class=\"\" data-start=\"1455\" data-end=\"1501\"><strong data-start=\"1459\" data-end=\"1501\">Kur ieg\u0101d\u0101ties un ko v\u0113l apskat\u012bt?<\/strong><\/h3>\n<p class=\"\" data-start=\"1503\" data-end=\"1953\">Ja jums pat\u012bk \u0161is kravas automa\u0161\u012bnas modelis, noteikti apskatiet ar\u012b citus. <a class=\"cursor-pointer\" target=\"_new\" rel=\"noopener\" data-start=\"1573\" data-end=\"1668\">Auto atsl\u0113gu pults<\/a> kategorijas preces. M\u0113s ar\u012b iesak\u0101m apskat\u012bt <a class=\"cursor-pointer\" target=\"_new\" rel=\"noopener\" data-start=\"1725\" data-end=\"1796\">Met\u0101la kuloni<\/a> izmantojot <a class=\"\" href=\"https:\/\/kabinam.lt\/lv\/produkta-kategorija-2\/popularako-produktu-kategorija\/\" target=\"_new\" rel=\"noopener\" data-start=\"1800\" data-end=\"1898\">Popul\u0101r\u0101kie produkti<\/a> sada\u013cas, lai ieg\u016btu v\u0113l stil\u012bg\u0101kas izv\u0113les iesp\u0113jas.<\/p>\n<p class=\"\" data-start=\"1955\" data-end=\"2145\">Vai mekl\u0113jat vair\u0101k iedvesmas? Galven\u0101s aksesu\u0101ru tendences un to loma ikdienas dz\u012bv\u0113, raksta un <a class=\"cursor-pointer\" target=\"_new\" rel=\"noopener\" data-start=\"2048\" data-end=\"2097\">Dizaina bums<\/a>, kur atrad\u012bsiet pla\u0161u unik\u0101lu dizaina risin\u0101jumu kl\u0101stu.<\/p>\n<hr class=\"\" data-start=\"2147\" data-end=\"2150\" \/>\n<h3 class=\"\" data-start=\"2152\" data-end=\"2174\"><strong data-start=\"2156\" data-end=\"2174\">Kopsavilkums<\/strong><\/h3>\n<p class=\"\" data-start=\"2176\" data-end=\"2435\">\u0160is kravas automa\u0161\u012bnas formas piekari\u0146\u0161 ir ne tikai stil\u012bgs, bet ar\u012b noz\u012bm\u012bga izv\u0113le ikvienam, kas nov\u0113rt\u0113 funkcionalit\u0101ti un est\u0113tiku. \u0160\u0101ds <strong data-start=\"2329\" data-end=\"2359\">\u012bpa\u0161ie atsl\u0113gu piederumi<\/strong> lieliski piem\u0113rots d\u0101van\u0101m vai ikdienas lieto\u0161anai. Atkl\u0101jiet sev piem\u0113rot\u0101ko!<\/p>","protected":false},"excerpt":{"rendered":"<p>Unik\u0101l\u0101 kravas automa\u0161\u012bnas formas atsl\u0113gu piekari\u0146\u0161 ir stil\u012bga un noz\u012bm\u012bga izv\u0113le tiem, kas mekl\u0113 ori\u0123in\u0101lus atsl\u0113gu piederumus.<\/p>","protected":false},"featured_media":2168,"comment_status":"closed","ping_status":"closed","template":"","meta":{"_uag_custom_page_level_css":"","site-sidebar-layout":"default","site-content-layout":"","ast-site-content-layout":"default","site-content-style":"default","site-sidebar-style":"default","ast-global-header-display":"","ast-banner-title-visibility":"","ast-main-header-display":"","ast-hfb-above-header-display":"","ast-hfb-below-header-display":"","ast-hfb-mobile-header-display":"","site-post-title":"","ast-breadcrumbs-content":"","ast-featured-img":"","footer-sml-layout":"","ast-disable-related-posts":"","theme-transparent-header-meta":"default","adv-header-id-meta":"","stick-header-meta":"","header-above-stick-meta":"","header-main-stick-meta":"","header-below-stick-meta":"","astra-migrate-meta-layouts":"set","ast-page-background-enabled":"default","ast-page-background-meta":{"desktop":{"background-color":"var(--ast-global-color-4)","background-image":"","background-repeat":"repeat","background-position":"center center","background-size":"auto","background-attachment":"scroll","background-type":"","background-media":"","overlay-type":"","overlay-color":"","overlay-opacity":"","overlay-gradient":""},"tablet":{"background-color":"","background-image":"","background-repeat":"repeat","background-position":"center center","background-size":"auto","background-attachment":"scroll","background-type":"","background-media":"","overlay-type":"","overlay-color":"","overlay-opacity":"","overlay-gradient":""},"mobile":{"background-color":"","background-image":"","background-repeat":"repeat","background-position":"center center","background-size":"auto","background-attachment":"scroll","background-type":"","background-media":"","overlay-type":"","overlay-color":"","overlay-opacity":"","overlay-gradient":""}},"ast-content-background-meta":{"desktop":{"background-color":"var(--ast-global-color-5)","background-image":"","background-repeat":"repeat","background-position":"center center","background-size":"auto","background-attachment":"scroll","background-type":"","background-media":"","overlay-type":"","overlay-color":"","overlay-opacity":"","overlay-gradient":""},"tablet":{"background-color":"var(--ast-global-color-5)","background-image":"","background-repeat":"repeat","background-position":"center center","background-size":"auto","background-attachment":"scroll","background-type":"","background-media":"","overlay-type":"","overlay-color":"","overlay-opacity":"","overlay-gradient":""},"mobile":{"background-color":"var(--ast-global-color-5)","background-image":"","background-repeat":"repeat","background-position":"center center","background-size":"auto","background-attachment":"scroll","background-type":"","background-media":"","overlay-type":"","overlay-color":"","overlay-opacity":"","overlay-gradient":""}}},"product_brand":[],"product_cat":[125,126,22,116,118],"product_tag":[],"class_list":{"0":"post-2158","1":"product","2":"type-product","3":"status-publish","4":"has-post-thumbnail","6":"product_cat-halloween","7":"product_cat-visi","8":"product_cat-automobiliu-raktu-pakabukai","9":"product_cat-metaliniai-raktu-pakabukai","10":"product_cat-dovana-teciui","11":"desktop-align-center","12":"tablet-align-left","13":"mobile-align-left","15":"first","16":"instock","17":"shipping-taxable","18":"purchasable","19":"product-type-variable"},"yoast_head":"<!-- This site is optimized with the Yoast SEO plugin v27.1.1 - https:\/\/yoast.com\/product\/yoast-seo-wordpress\/ -->\n<title>Special\u016bs rakt\u0173 aksesuarai \u2013 sunkve\u017eimio formos pakabukas - kabinam.lt<\/title>\n<meta name=\"description\" content=\"Stilingas sunkve\u017eimio formos pakabukas \u2013 tai special\u016bs rakt\u0173 aksesuarai, tinkantys dovanoms ar kasdieniam naudojimui.\" \/>\n<meta name=\"robots\" content=\"index, follow, max-snippet:-1, max-image-preview:large, max-video-preview:-1\" \/>\n<link rel=\"canonical\" href=\"https:\/\/kabinam.lt\/lv\/produkts\/ipass-atslegas-piederums-smagajiem-kravas-transportlidzekliem\/\" \/>\n<meta property=\"og:locale\" content=\"lv_LV\" \/>\n<meta property=\"og:type\" content=\"article\" \/>\n<meta property=\"og:title\" content=\"Special\u016bs rakt\u0173 aksesuarai \u2013 sunkve\u017eimio formos pakabukas - kabinam.lt\" \/>\n<meta property=\"og:description\" content=\"Stilingas sunkve\u017eimio formos pakabukas \u2013 tai special\u016bs rakt\u0173 aksesuarai, tinkantys dovanoms ar kasdieniam naudojimui.\" \/>\n<meta property=\"og:url\" content=\"https:\/\/kabinam.lt\/lv\/produkts\/ipass-atslegas-piederums-smagajiem-kravas-transportlidzekliem\/\" \/>\n<meta property=\"og:site_name\" content=\"kabinam.lt\" \/>\n<meta property=\"article:modified_time\" content=\"2026-01-18T14:07:33+00:00\" \/>\n<meta property=\"og:image\" content=\"https:\/\/kabinam.lt\/wp-content\/uploads\/2024\/07\/0b73b8a2-bebe-457d-a400-5512f946d10d_1200x1200.jpeg\" \/>\n\t<meta property=\"og:image:width\" content=\"1200\" \/>\n\t<meta property=\"og:image:height\" content=\"1200\" \/>\n\t<meta property=\"og:image:type\" content=\"image\/jpeg\" \/>\n<meta name=\"twitter:card\" content=\"summary_large_image\" \/>\n<meta name=\"twitter:label1\" content=\"Est. reading time\" \/>\n\t<meta name=\"twitter:data1\" content=\"2 min\u016btes\" \/>\n<script type=\"application\/ld+json\" class=\"yoast-schema-graph\">{\"@context\":\"https:\/\/schema.org\",\"@graph\":[{\"@type\":[\"WebPage\",\"ItemPage\"],\"@id\":\"https:\/\/kabinam.lt\/eng\/product\/special-keys-accessory-truck\/\",\"url\":\"https:\/\/kabinam.lt\/eng\/product\/special-keys-accessory-truck\/\",\"name\":\"Special\u016bs rakt\u0173 aksesuarai \u2013 sunkve\u017eimio formos pakabukas - kabinam.lt\",\"isPartOf\":{\"@id\":\"https:\/\/kabinam.lt\/#website\"},\"primaryImageOfPage\":{\"@id\":\"https:\/\/kabinam.lt\/eng\/product\/special-keys-accessory-truck\/#primaryimage\"},\"image\":{\"@id\":\"https:\/\/kabinam.lt\/eng\/product\/special-keys-accessory-truck\/#primaryimage\"},\"thumbnailUrl\":\"https:\/\/kabinam.lt\/wp-content\/uploads\/2024\/07\/0b73b8a2-bebe-457d-a400-5512f946d10d_1200x1200.jpeg\",\"datePublished\":\"2024-07-29T12:51:12+00:00\",\"dateModified\":\"2026-01-18T14:07:33+00:00\",\"description\":\"Stilingas sunkve\u017eimio formos pakabukas \u2013 tai special\u016bs rakt\u0173 aksesuarai, tinkantys dovanoms ar kasdieniam naudojimui.\",\"breadcrumb\":{\"@id\":\"https:\/\/kabinam.lt\/eng\/product\/special-keys-accessory-truck\/#breadcrumb\"},\"inLanguage\":\"lv-LV\",\"potentialAction\":[{\"@type\":\"ReadAction\",\"target\":[\"https:\/\/kabinam.lt\/eng\/product\/special-keys-accessory-truck\/\"]}]},{\"@type\":\"ImageObject\",\"inLanguage\":\"lv-LV\",\"@id\":\"https:\/\/kabinam.lt\/eng\/product\/special-keys-accessory-truck\/#primaryimage\",\"url\":\"https:\/\/kabinam.lt\/wp-content\/uploads\/2024\/07\/0b73b8a2-bebe-457d-a400-5512f946d10d_1200x1200.jpeg\",\"contentUrl\":\"https:\/\/kabinam.lt\/wp-content\/uploads\/2024\/07\/0b73b8a2-bebe-457d-a400-5512f946d10d_1200x1200.jpeg\",\"width\":1200,\"height\":1200,\"caption\":\"Sunkve\u017eimio formos rakt\u0173 pakabukas\"},{\"@type\":\"BreadcrumbList\",\"@id\":\"https:\/\/kabinam.lt\/eng\/product\/special-keys-accessory-truck\/#breadcrumb\",\"itemListElement\":[{\"@type\":\"ListItem\",\"position\":1,\"name\":\"Home\",\"item\":\"https:\/\/kabinam.lt\/\"},{\"@type\":\"ListItem\",\"position\":2,\"name\":\"Visi Produktai\",\"item\":\"https:\/\/kabinam.lt\/visi-produktai\/\"},{\"@type\":\"ListItem\",\"position\":3,\"name\":\"Special\u016bs rakt\u0173 aksesuarai \u2013 sunkve\u017eimio formos pakabukas\"}]},{\"@type\":\"WebSite\",\"@id\":\"https:\/\/kabinam.lt\/#website\",\"url\":\"https:\/\/kabinam.lt\/\",\"name\":\"kabinam.lt\",\"description\":\"Kabinam.lt \u2013 raktu pakabukai ir aksesuarai\",\"publisher\":{\"@id\":\"https:\/\/kabinam.lt\/#organization\"},\"alternateName\":\"pakabukai lt\",\"potentialAction\":[{\"@type\":\"SearchAction\",\"target\":{\"@type\":\"EntryPoint\",\"urlTemplate\":\"https:\/\/kabinam.lt\/?s={search_term_string}\"},\"query-input\":{\"@type\":\"PropertyValueSpecification\",\"valueRequired\":true,\"valueName\":\"search_term_string\"}}],\"inLanguage\":\"lv-LV\"},{\"@type\":\"Organization\",\"@id\":\"https:\/\/kabinam.lt\/#organization\",\"name\":\"kabinam.lt\",\"alternateName\":\"kabinam\",\"url\":\"https:\/\/kabinam.lt\/\",\"logo\":{\"@type\":\"ImageObject\",\"inLanguage\":\"lv-LV\",\"@id\":\"https:\/\/kabinam.lt\/#\/schema\/logo\/image\/\",\"url\":\"https:\/\/kabinam.lt\/wp-content\/uploads\/2025\/05\/KABINAM_outer_glow.png\",\"contentUrl\":\"https:\/\/kabinam.lt\/wp-content\/uploads\/2025\/05\/KABINAM_outer_glow.png\",\"width\":474,\"height\":141,\"caption\":\"kabinam.lt\"},\"image\":{\"@id\":\"https:\/\/kabinam.lt\/#\/schema\/logo\/image\/\"}}]}<\/script>\n<!-- \/ Yoast SEO plugin. -->","yoast_head_json":{"title":"\u012apa\u0161ie atsl\u0113gu piederumi - kravas automa\u0161\u012bnas formas piekari\u0146\u0161 - kabinam.lt","description":"Stil\u012bg\u0101 kravas automa\u0161\u012bnas formas atsl\u0113gu piekari\u0146\u0161 ir \u012bpa\u0161s atsl\u0113gu aksesu\u0101rs, kas piem\u0113rots d\u0101van\u0101m vai ikdienas lieto\u0161anai.","robots":{"index":"index","follow":"follow","max-snippet":"max-snippet:-1","max-image-preview":"max-image-preview:large","max-video-preview":"max-video-preview:-1"},"canonical":"https:\/\/kabinam.lt\/lv\/produkts\/ipass-atslegas-piederums-smagajiem-kravas-transportlidzekliem\/","og_locale":"lv_LV","og_type":"article","og_title":"Special\u016bs rakt\u0173 aksesuarai \u2013 sunkve\u017eimio formos pakabukas - kabinam.lt","og_description":"Stilingas sunkve\u017eimio formos pakabukas \u2013 tai special\u016bs rakt\u0173 aksesuarai, tinkantys dovanoms ar kasdieniam naudojimui.","og_url":"https:\/\/kabinam.lt\/lv\/produkts\/ipass-atslegas-piederums-smagajiem-kravas-transportlidzekliem\/","og_site_name":"kabinam.lt","article_modified_time":"2026-01-18T14:07:33+00:00","og_image":[{"width":1200,"height":1200,"url":"https:\/\/kabinam.lt\/wp-content\/uploads\/2024\/07\/0b73b8a2-bebe-457d-a400-5512f946d10d_1200x1200.jpeg","type":"image\/jpeg"}],"twitter_card":"summary_large_image","twitter_misc":{"Est. reading time":"2 min\u016btes"},"schema":{"@context":"https:\/\/schema.org","@graph":[{"@type":["WebPage","ItemPage"],"@id":"https:\/\/kabinam.lt\/eng\/product\/special-keys-accessory-truck\/","url":"https:\/\/kabinam.lt\/eng\/product\/special-keys-accessory-truck\/","name":"\u012apa\u0161ie atsl\u0113gu piederumi - kravas automa\u0161\u012bnas formas piekari\u0146\u0161 - kabinam.lt","isPartOf":{"@id":"https:\/\/kabinam.lt\/#website"},"primaryImageOfPage":{"@id":"https:\/\/kabinam.lt\/eng\/product\/special-keys-accessory-truck\/#primaryimage"},"image":{"@id":"https:\/\/kabinam.lt\/eng\/product\/special-keys-accessory-truck\/#primaryimage"},"thumbnailUrl":"https:\/\/kabinam.lt\/wp-content\/uploads\/2024\/07\/0b73b8a2-bebe-457d-a400-5512f946d10d_1200x1200.jpeg","datePublished":"2024-07-29T12:51:12+00:00","dateModified":"2026-01-18T14:07:33+00:00","description":"Stil\u012bg\u0101 kravas automa\u0161\u012bnas formas atsl\u0113gu piekari\u0146\u0161 ir \u012bpa\u0161s atsl\u0113gu aksesu\u0101rs, kas piem\u0113rots d\u0101van\u0101m vai ikdienas lieto\u0161anai.","breadcrumb":{"@id":"https:\/\/kabinam.lt\/eng\/product\/special-keys-accessory-truck\/#breadcrumb"},"inLanguage":"lv-LV","potentialAction":[{"@type":"ReadAction","target":["https:\/\/kabinam.lt\/eng\/product\/special-keys-accessory-truck\/"]}]},{"@type":"ImageObject","inLanguage":"lv-LV","@id":"https:\/\/kabinam.lt\/eng\/product\/special-keys-accessory-truck\/#primaryimage","url":"https:\/\/kabinam.lt\/wp-content\/uploads\/2024\/07\/0b73b8a2-bebe-457d-a400-5512f946d10d_1200x1200.jpeg","contentUrl":"https:\/\/kabinam.lt\/wp-content\/uploads\/2024\/07\/0b73b8a2-bebe-457d-a400-5512f946d10d_1200x1200.jpeg","width":1200,"height":1200,"caption":"Sunkve\u017eimio formos rakt\u0173 pakabukas"},{"@type":"BreadcrumbList","@id":"https:\/\/kabinam.lt\/eng\/product\/special-keys-accessory-truck\/#breadcrumb","itemListElement":[{"@type":"ListItem","position":1,"name":"Home","item":"https:\/\/kabinam.lt\/"},{"@type":"ListItem","position":2,"name":"Visi Produktai","item":"https:\/\/kabinam.lt\/visi-produktai\/"},{"@type":"ListItem","position":3,"name":"Special\u016bs rakt\u0173 aksesuarai \u2013 sunkve\u017eimio formos pakabukas"}]},{"@type":"WebSite","@id":"https:\/\/kabinam.lt\/#website","url":"https:\/\/kabinam.lt\/","name":"kabinam.lt","description":"Kabinam.lt - atsl\u0113gu piekari\u0146i un aksesu\u0101ri","publisher":{"@id":"https:\/\/kabinam.lt\/#organization"},"alternateName":"pakabukai lt","potentialAction":[{"@type":"SearchAction","target":{"@type":"EntryPoint","urlTemplate":"https:\/\/kabinam.lt\/?s={search_term_string}"},"query-input":{"@type":"PropertyValueSpecification","valueRequired":true,"valueName":"search_term_string"}}],"inLanguage":"lv-LV"},{"@type":"Organization","@id":"https:\/\/kabinam.lt\/#organization","name":"kabinam.lt","alternateName":"kabinam","url":"https:\/\/kabinam.lt\/","logo":{"@type":"ImageObject","inLanguage":"lv-LV","@id":"https:\/\/kabinam.lt\/#\/schema\/logo\/image\/","url":"https:\/\/kabinam.lt\/wp-content\/uploads\/2025\/05\/KABINAM_outer_glow.png","contentUrl":"https:\/\/kabinam.lt\/wp-content\/uploads\/2025\/05\/KABINAM_outer_glow.png","width":474,"height":141,"caption":"kabinam.lt"},"image":{"@id":"https:\/\/kabinam.lt\/#\/schema\/logo\/image\/"}}]}},"uagb_featured_image_src":{"full":["https:\/\/kabinam.lt\/wp-content\/uploads\/2024\/07\/0b73b8a2-bebe-457d-a400-5512f946d10d_1200x1200.jpeg",1200,1200,false],"thumbnail":["https:\/\/kabinam.lt\/wp-content\/uploads\/2024\/07\/0b73b8a2-bebe-457d-a400-5512f946d10d_1200x1200-150x150.jpeg",150,150,true],"medium":["https:\/\/kabinam.lt\/wp-content\/uploads\/2024\/07\/0b73b8a2-bebe-457d-a400-5512f946d10d_1200x1200-300x300.jpeg",300,300,true],"medium_large":["https:\/\/kabinam.lt\/wp-content\/uploads\/2024\/07\/0b73b8a2-bebe-457d-a400-5512f946d10d_1200x1200-768x768.jpeg",768,768,true],"large":["https:\/\/kabinam.lt\/wp-content\/uploads\/2024\/07\/0b73b8a2-bebe-457d-a400-5512f946d10d_1200x1200-1024x1024.jpeg",1024,1024,true],"1536x1536":["https:\/\/kabinam.lt\/wp-content\/uploads\/2024\/07\/0b73b8a2-bebe-457d-a400-5512f946d10d_1200x1200.jpeg",1200,1200,false],"2048x2048":["https:\/\/kabinam.lt\/wp-content\/uploads\/2024\/07\/0b73b8a2-bebe-457d-a400-5512f946d10d_1200x1200.jpeg",1200,1200,false],"trp-custom-language-flag":["https:\/\/kabinam.lt\/wp-content\/uploads\/2024\/07\/0b73b8a2-bebe-457d-a400-5512f946d10d_1200x1200.jpeg",12,12,false],"woocommerce_thumbnail":["https:\/\/kabinam.lt\/wp-content\/uploads\/2024\/07\/0b73b8a2-bebe-457d-a400-5512f946d10d_1200x1200-300x300.jpeg",300,300,true],"woocommerce_single":["https:\/\/kabinam.lt\/wp-content\/uploads\/2024\/07\/0b73b8a2-bebe-457d-a400-5512f946d10d_1200x1200-600x600.jpeg",600,600,true],"woocommerce_gallery_thumbnail":["https:\/\/kabinam.lt\/wp-content\/uploads\/2024\/07\/0b73b8a2-bebe-457d-a400-5512f946d10d_1200x1200-100x100.jpeg",100,100,true]},"uagb_author_info":{"display_name":"kabinam.lt","author_link":"https:\/\/kabinam.lt\/lv\/author\/"},"uagb_comment_info":0,"uagb_excerpt":"Unikalus sunkve\u017eimio formos pakabukas \u2013 tai stilingas ir prasmingas pasirinkimas ie\u0161kantiems originali\u0173 rakt\u0173 aksesuar\u0173.","_links":{"self":[{"href":"https:\/\/kabinam.lt\/lv\/wp-json\/wp\/v2\/product\/2158","targetHints":{"allow":["GET"]}}],"collection":[{"href":"https:\/\/kabinam.lt\/lv\/wp-json\/wp\/v2\/product"}],"about":[{"href":"https:\/\/kabinam.lt\/lv\/wp-json\/wp\/v2\/types\/product"}],"replies":[{"embeddable":true,"href":"https:\/\/kabinam.lt\/lv\/wp-json\/wp\/v2\/comments?post=2158"}],"wp:featuredmedia":[{"embeddable":true,"href":"https:\/\/kabinam.lt\/lv\/wp-json\/wp\/v2\/media\/2168"}],"wp:attachment":[{"href":"https:\/\/kabinam.lt\/lv\/wp-json\/wp\/v2\/media?parent=2158"}],"wp:term":[{"taxonomy":"product_brand","embeddable":true,"href":"https:\/\/kabinam.lt\/lv\/wp-json\/wp\/v2\/product_brand?post=2158"},{"taxonomy":"product_cat","embeddable":true,"href":"https:\/\/kabinam.lt\/lv\/wp-json\/wp\/v2\/product_cat?post=2158"},{"taxonomy":"product_tag","embeddable":true,"href":"https:\/\/kabinam.lt\/lv\/wp-json\/wp\/v2\/product_tag?post=2158"}],"curies":[{"name":"wp","href":"https:\/\/api.w.org\/{rel}","templated":true}]}}