{"id":2137,"date":"2024-07-29T15:05:43","date_gmt":"2024-07-29T12:05:43","guid":{"rendered":"https:\/\/kabinam.lt\/?post_type=product&#038;p=2137"},"modified":"2026-03-02T17:31:39","modified_gmt":"2026-03-02T15:31:39","slug":"atslegu-gredzeni-davanu-idejam","status":"publish","type":"product","link":"https:\/\/kabinam.lt\/lv\/product\/raktu-pakabukai-dovanu-idejoms\/","title":{"rendered":"Atsl\u0113gu piekari\u0146i d\u0101vanu idej\u0101m - ori\u0123in\u0101la izv\u0113le kravas automa\u0161\u012bnu faniem"},"content":{"rendered":"<div class=\"kk-star-ratings kksr-auto kksr-align-left kksr-valign-top\"\n    data-payload='{&quot;align&quot;:&quot;left&quot;,&quot;id&quot;:&quot;2137&quot;,&quot;slug&quot;:&quot;default&quot;,&quot;valign&quot;:&quot;top&quot;,&quot;ignore&quot;:&quot;&quot;,&quot;reference&quot;:&quot;auto&quot;,&quot;class&quot;:&quot;&quot;,&quot;count&quot;:&quot;0&quot;,&quot;legendonly&quot;:&quot;&quot;,&quot;readonly&quot;:&quot;&quot;,&quot;score&quot;:&quot;0&quot;,&quot;starsonly&quot;:&quot;&quot;,&quot;best&quot;:&quot;5&quot;,&quot;gap&quot;:&quot;5&quot;,&quot;greet&quot;:&quot;Mums svarbus j\u016bs\u0173 \u012fvertinimas&quot;,&quot;legend&quot;:&quot;0\\\/5 - (0 votes)&quot;,&quot;size&quot;:&quot;24&quot;,&quot;title&quot;:&quot;Rakt\u0173 pakabukai dovan\u0173 id\u0117joms \u2013 originalus pasirinkimas sunkve\u017eimi\u0173 gerb\u0117jams&quot;,&quot;width&quot;:&quot;0&quot;,&quot;_legend&quot;:&quot;{score}\\\/{best} - ({count} {votes})&quot;,&quot;font_factor&quot;:&quot;1.25&quot;}'>\n            \n<div class=\"kksr-stars\">\n    \n<div class=\"kksr-stars-inactive\">\n            <div class=\"kksr-star\" data-star=\"1\" style=\"padding-right: 5px\">\n            \n\n<div class=\"kksr-icon\" style=\"width: 24px; height: 24px;\"><\/div>\n        <\/div>\n            <div class=\"kksr-star\" data-star=\"2\" style=\"padding-right: 5px\">\n            \n\n<div class=\"kksr-icon\" style=\"width: 24px; height: 24px;\"><\/div>\n        <\/div>\n            <div class=\"kksr-star\" data-star=\"3\" style=\"padding-right: 5px\">\n            \n\n<div class=\"kksr-icon\" style=\"width: 24px; height: 24px;\"><\/div>\n        <\/div>\n            <div class=\"kksr-star\" data-star=\"4\" style=\"padding-right: 5px\">\n            \n\n<div class=\"kksr-icon\" style=\"width: 24px; height: 24px;\"><\/div>\n        <\/div>\n            <div class=\"kksr-star\" data-star=\"5\" style=\"padding-right: 5px\">\n            \n\n<div class=\"kksr-icon\" style=\"width: 24px; height: 24px;\"><\/div>\n        <\/div>\n    <\/div>\n    \n<div class=\"kksr-stars-active\" style=\"width: 0px;\">\n            <div class=\"kksr-star\" style=\"padding-right: 5px\">\n            \n\n<div class=\"kksr-icon\" style=\"width: 24px; height: 24px;\"><\/div>\n        <\/div>\n            <div class=\"kksr-star\" style=\"padding-right: 5px\">\n            \n\n<div class=\"kksr-icon\" style=\"width: 24px; height: 24px;\"><\/div>\n        <\/div>\n            <div class=\"kksr-star\" style=\"padding-right: 5px\">\n            \n\n<div class=\"kksr-icon\" style=\"width: 24px; height: 24px;\"><\/div>\n        <\/div>\n            <div class=\"kksr-star\" style=\"padding-right: 5px\">\n            \n\n<div class=\"kksr-icon\" style=\"width: 24px; height: 24px;\"><\/div>\n        <\/div>\n            <div class=\"kksr-star\" style=\"padding-right: 5px\">\n            \n\n<div class=\"kksr-icon\" style=\"width: 24px; height: 24px;\"><\/div>\n        <\/div>\n    <\/div>\n<\/div>\n                \n\n<div class=\"kksr-legend\" style=\"font-size: 19.2px;\">\n            <span class=\"kksr-muted\">Mums ir svar\u012bgs j\u016bsu nov\u0113rt\u0113jums<\/span>\n    <\/div>\n    <\/div>\n<h3 class=\"\" data-start=\"280\" data-end=\"362\">Atsl\u0113gu piekari\u0146i d\u0101vanu idej\u0101m - ori\u0123in\u0101la izv\u0113le kravas automa\u0161\u012bnu faniem<\/h3>\n<p class=\"\" data-start=\"364\" data-end=\"680\">Mekl\u0113jat praktisku un unik\u0101lu d\u0101vanu transporta entuziastam? <strong data-start=\"430\" data-end=\"464\">Atsl\u0113gu piekari\u0146i d\u0101vanu idej\u0101m<\/strong> ir lieliska izv\u0113le, \u012bpa\u0161i, ja runa ir par unik\u0101lu kravas automa\u0161\u012bnas formas piekari\u0146u. \u0160im aksesu\u0101ram ir ne tikai stil\u012bgs izskats, bet ar\u012b funkcion\u0101la v\u0113rt\u012bba - taj\u0101 atsl\u0113gas ir vienuviet un tas pau\u017e j\u016bsu person\u012bgo stilu.<\/p>\n<hr class=\"\" data-start=\"682\" data-end=\"685\" \/>\n<h3 class=\"\" data-start=\"687\" data-end=\"729\">Ko simboliz\u0113 kravas automa\u0161\u012bnas piekari\u0146\u0161?<\/h3>\n<p class=\"\" data-start=\"731\" data-end=\"1056\">\u0160is met\u0101la kulons atg\u0101dina <strong data-start=\"763\" data-end=\"792\">velko\u0146a miniat\u016bra<\/strong>, kas patiks ne tikai autovad\u012bt\u0101jiem, bet ar\u012b visiem kravas automa\u0161\u012bnu faniem. Kravas automa\u0161\u012bnas simbols ir saist\u012bts ar sp\u0113ku, atbild\u012bbu un iztur\u012bbu - \u012bpa\u0161\u012bb\u0101m, kas ir svar\u012bgas gan uz ce\u013ca, gan dz\u012bv\u0113. T\u0101p\u0113c \u0161is kulons ir lieliska d\u0101vana autovad\u012bt\u0101jam, kol\u0113\u0123im vai m\u012b\u013cotajam cilv\u0113kam.<\/p>\n<hr class=\"\" data-start=\"1058\" data-end=\"1061\" \/>\n<h3 class=\"\" data-start=\"1063\" data-end=\"1106\">Univers\u0101ls piederums - ne tikai atsl\u0113g\u0101m<\/h3>\n<p class=\"\" data-start=\"1108\" data-end=\"1384\">\u0160is aksesu\u0101rs ir piem\u0113rots ne tikai automa\u0161\u012bnu atsl\u0113g\u0101m, bet ar\u012b mugursom\u0101m, \u010demod\u0101niem un pat rokassomi\u0146\u0101m. Piekari\u0146\u0161 ir izgatavots no met\u0101la, t\u0101p\u0113c ir iztur\u012bgs un nodilumiztur\u012bgs. T\u0101 nelielais izm\u0113rs padara to \u0113rtu n\u0113s\u0101\u0161anai ikdien\u0101, un t\u0101 sp\u012bd\u012bg\u0101 sudraba kr\u0101sa pie\u0161\u0137ir tam eleganci.<\/p>\n<hr class=\"\" data-start=\"1386\" data-end=\"1389\" \/>\n<h3 class=\"\" data-start=\"1391\" data-end=\"1419\">Ekskluz\u012bva d\u0101vanu ideja<\/h3>\n<p class=\"\" data-start=\"1421\" data-end=\"1657\">Ja mekl\u0113jat d\u0101vanu dzim\u0161anas dien\u0101, Ziemassv\u0113tkos vai vienk\u0101r\u0161i v\u0113laties p\u0101rsteigt m\u012b\u013coto cilv\u0113ku, \u0161is piekari\u0146\u0161 ir ide\u0101li piem\u0113rots. <strong data-start=\"1536\" data-end=\"1570\">Atsl\u0113gu piekari\u0146i d\u0101vanu idej\u0101m<\/strong> vienm\u0113r ir praktiska izv\u0113le, un \u0161is kulona dizains p\u0101rsteigs ar savu autentiskumu.<\/p>\n<p class=\"\" data-start=\"1659\" data-end=\"2098\">Skatiet m\u016bsu p\u0101r\u0113jos <a class=\"cursor-pointer\" target=\"_new\" rel=\"noopener\" data-start=\"1683\" data-end=\"1778\">automa\u0161\u012bnu atsl\u0113gu pults<\/a> vai apmekl\u0113jiet kategoriju <a class=\"\" href=\"https:\/\/kabinam.lt\/lv\/produkta-kategorija-2\/popularako-produktu-kategorija\/\" target=\"_new\" rel=\"noopener\" data-start=\"1811\" data-end=\"1909\">popul\u0101r\u0101kie produkti<\/a>, kur atrad\u012bsiet v\u0113l interesant\u0101kus risin\u0101jumus. Tiem, kas mekl\u0113 ori\u0123inalit\u0101ti, m\u0113s iesak\u0101m ar\u012b <a class=\"\" href=\"https:\/\/kabinam.lt\/lv\/produkta-kategorija-2\/unikaliu-pakabuku-kategorija\/\" target=\"_new\" rel=\"noopener\" data-start=\"2004\" data-end=\"2090\">unik\u0101li kuloni<\/a> sada\u013ca.<\/p>\n<hr class=\"\" data-start=\"2100\" data-end=\"2103\" \/>\n<h3 class=\"\" data-start=\"2105\" data-end=\"2136\">Ieteicams ar\u012b autovad\u012bt\u0101jiem<\/h3>\n<p class=\"\" data-start=\"2138\" data-end=\"2318\">\u0160\u0101da veida atsl\u0113gu pults bie\u017ei izv\u0113las profesion\u0101li kravas automa\u0161\u012bnu vad\u012bt\u0101ji vai vienk\u0101r\u0161i \u0161\u0101da veida apr\u012bkojuma entuziasti. Tas var b\u016bt ne tikai aksesu\u0101rs, bet ar\u012b neliels talismans uz ce\u013ca.<\/p>\n<hr class=\"\" data-start=\"2320\" data-end=\"2323\" \/>\n<h3 class=\"\" data-start=\"2325\" data-end=\"2335\">Secin\u0101jums<\/h3>\n<p class=\"\" data-start=\"2337\" data-end=\"2576\">Kopum\u0101 kravas automa\u0161\u012bnas formas piekari\u0146\u0161 ir lieliska izv\u0113le tiem, kas mekl\u0113 <strong data-start=\"2419\" data-end=\"2452\">idejas d\u0101vanu atsl\u0113gu piekari\u0146iem<\/strong>. Uzticams, stil\u012bgs, praktisks un simbolisks, tas b\u016bs lielisks ikdienas sabiedrotais jebkuram ce\u013cot\u0101jam.<\/p>\n<hr class=\"\" data-start=\"2578\" data-end=\"2581\" \/>\n<p class=\"\" data-start=\"2583\" data-end=\"2732\"><strong data-start=\"2583\" data-end=\"2603\">\u0100r\u0113j\u0101 saite:<\/strong> Uzziniet vair\u0101k par kravas automa\u0161\u012bnu simboliem \u0161aj\u0101 <a class=\"cursor-pointer\" target=\"_new\" rel=\"noopener\" data-start=\"2656\" data-end=\"2731\">raksts par kravas automa\u0161\u012bnu kult\u016bru Eirop\u0101<\/a>.<\/p>","protected":false},"excerpt":{"rendered":"<p>Kravas automa\u0161\u012bnas dizaina met\u0101la atsl\u0113gu piekari\u0146\u0161 ir lieliska d\u0101vin\u0101juma ideja ikvienam transporta faniem.<\/p>","protected":false},"featured_media":2142,"comment_status":"closed","ping_status":"closed","template":"","meta":{"_uag_custom_page_level_css":"","site-sidebar-layout":"default","site-content-layout":"","ast-site-content-layout":"default","site-content-style":"default","site-sidebar-style":"default","ast-global-header-display":"","ast-banner-title-visibility":"","ast-main-header-display":"","ast-hfb-above-header-display":"","ast-hfb-below-header-display":"","ast-hfb-mobile-header-display":"","site-post-title":"","ast-breadcrumbs-content":"","ast-featured-img":"","footer-sml-layout":"","ast-disable-related-posts":"","theme-transparent-header-meta":"default","adv-header-id-meta":"","stick-header-meta":"","header-above-stick-meta":"","header-main-stick-meta":"","header-below-stick-meta":"","astra-migrate-meta-layouts":"set","ast-page-background-enabled":"default","ast-page-background-meta":{"desktop":{"background-color":"var(--ast-global-color-4)","background-image":"","background-repeat":"repeat","background-position":"center center","background-size":"auto","background-attachment":"scroll","background-type":"","background-media":"","overlay-type":"","overlay-color":"","overlay-opacity":"","overlay-gradient":""},"tablet":{"background-color":"","background-image":"","background-repeat":"repeat","background-position":"center center","background-size":"auto","background-attachment":"scroll","background-type":"","background-media":"","overlay-type":"","overlay-color":"","overlay-opacity":"","overlay-gradient":""},"mobile":{"background-color":"","background-image":"","background-repeat":"repeat","background-position":"center center","background-size":"auto","background-attachment":"scroll","background-type":"","background-media":"","overlay-type":"","overlay-color":"","overlay-opacity":"","overlay-gradient":""}},"ast-content-background-meta":{"desktop":{"background-color":"var(--ast-global-color-5)","background-image":"","background-repeat":"repeat","background-position":"center center","background-size":"auto","background-attachment":"scroll","background-type":"","background-media":"","overlay-type":"","overlay-color":"","overlay-opacity":"","overlay-gradient":""},"tablet":{"background-color":"var(--ast-global-color-5)","background-image":"","background-repeat":"repeat","background-position":"center center","background-size":"auto","background-attachment":"scroll","background-type":"","background-media":"","overlay-type":"","overlay-color":"","overlay-opacity":"","overlay-gradient":""},"mobile":{"background-color":"var(--ast-global-color-5)","background-image":"","background-repeat":"repeat","background-position":"center center","background-size":"auto","background-attachment":"scroll","background-type":"","background-media":"","overlay-type":"","overlay-color":"","overlay-opacity":"","overlay-gradient":""}}},"product_brand":[],"product_cat":[125,126,22,116,118],"product_tag":[],"class_list":{"0":"post-2137","1":"product","2":"type-product","3":"status-publish","4":"has-post-thumbnail","6":"product_cat-halloween","7":"product_cat-visi","8":"product_cat-automobiliu-raktu-pakabukai","9":"product_cat-metaliniai-raktu-pakabukai","10":"product_cat-dovana-teciui","11":"desktop-align-center","12":"tablet-align-left","13":"mobile-align-left","15":"first","16":"outofstock","17":"shipping-taxable","18":"purchasable","19":"product-type-simple"},"yoast_head":"<!-- This site is optimized with the Yoast SEO plugin v27.1.1 - https:\/\/yoast.com\/product\/yoast-seo-wordpress\/ -->\n<title>Rakt\u0173 pakabukai dovan\u0173 id\u0117joms \u2013 originalus pasirinkimas sunkve\u017eimi\u0173 gerb\u0117jams<\/title>\n<meta name=\"description\" content=\"Stilingi rakt\u0173 pakabukai dovan\u0173 id\u0117joms. Sunkve\u017eimio formos pakabukas \u2013 originalus ir prakti\u0161kas sprendimas.\" \/>\n<meta name=\"robots\" content=\"index, follow, max-snippet:-1, max-image-preview:large, max-video-preview:-1\" \/>\n<link rel=\"canonical\" href=\"https:\/\/kabinam.lt\/lv\/produkts\/atslegu-gredzeni-davanu-idejam\/\" \/>\n<meta property=\"og:locale\" content=\"lv_LV\" \/>\n<meta property=\"og:type\" content=\"article\" \/>\n<meta property=\"og:title\" content=\"Rakt\u0173 pakabukai dovan\u0173 id\u0117joms \u2013 originalus pasirinkimas sunkve\u017eimi\u0173 gerb\u0117jams\" \/>\n<meta property=\"og:description\" content=\"Stilingi rakt\u0173 pakabukai dovan\u0173 id\u0117joms. Sunkve\u017eimio formos pakabukas \u2013 originalus ir prakti\u0161kas sprendimas.\" \/>\n<meta property=\"og:url\" content=\"https:\/\/kabinam.lt\/lv\/produkts\/atslegu-gredzeni-davanu-idejam\/\" \/>\n<meta property=\"og:site_name\" content=\"kabinam.lt\" \/>\n<meta property=\"article:modified_time\" content=\"2026-03-02T15:31:39+00:00\" \/>\n<meta property=\"og:image\" content=\"https:\/\/kabinam.lt\/wp-content\/uploads\/2024\/07\/1683214157412-7299e21642704af3902cbb2aef99eefc-goods.jpeg\" \/>\n\t<meta property=\"og:image:width\" content=\"800\" \/>\n\t<meta property=\"og:image:height\" content=\"800\" \/>\n\t<meta property=\"og:image:type\" content=\"image\/jpeg\" \/>\n<meta name=\"twitter:card\" content=\"summary_large_image\" \/>\n<meta name=\"twitter:label1\" content=\"Est. reading time\" \/>\n\t<meta name=\"twitter:data1\" content=\"2 min\u016btes\" \/>\n<script type=\"application\/ld+json\" class=\"yoast-schema-graph\">{\"@context\":\"https:\/\/schema.org\",\"@graph\":[{\"@type\":[\"WebPage\",\"ItemPage\"],\"@id\":\"https:\/\/kabinam.lt\/eng\/product\/raktu-pakabukai-dovanu-idejoms\/\",\"url\":\"https:\/\/kabinam.lt\/eng\/product\/raktu-pakabukai-dovanu-idejoms\/\",\"name\":\"Rakt\u0173 pakabukai dovan\u0173 id\u0117joms \u2013 originalus pasirinkimas sunkve\u017eimi\u0173 gerb\u0117jams\",\"isPartOf\":{\"@id\":\"https:\/\/kabinam.lt\/#website\"},\"primaryImageOfPage\":{\"@id\":\"https:\/\/kabinam.lt\/eng\/product\/raktu-pakabukai-dovanu-idejoms\/#primaryimage\"},\"image\":{\"@id\":\"https:\/\/kabinam.lt\/eng\/product\/raktu-pakabukai-dovanu-idejoms\/#primaryimage\"},\"thumbnailUrl\":\"https:\/\/kabinam.lt\/wp-content\/uploads\/2024\/07\/1683214157412-7299e21642704af3902cbb2aef99eefc-goods.jpeg\",\"datePublished\":\"2024-07-29T12:05:43+00:00\",\"dateModified\":\"2026-03-02T15:31:39+00:00\",\"description\":\"Stilingi rakt\u0173 pakabukai dovan\u0173 id\u0117joms. Sunkve\u017eimio formos pakabukas \u2013 originalus ir prakti\u0161kas sprendimas.\",\"breadcrumb\":{\"@id\":\"https:\/\/kabinam.lt\/eng\/product\/raktu-pakabukai-dovanu-idejoms\/#breadcrumb\"},\"inLanguage\":\"lv-LV\",\"potentialAction\":[{\"@type\":\"ReadAction\",\"target\":[\"https:\/\/kabinam.lt\/eng\/product\/raktu-pakabukai-dovanu-idejoms\/\"]}]},{\"@type\":\"ImageObject\",\"inLanguage\":\"lv-LV\",\"@id\":\"https:\/\/kabinam.lt\/eng\/product\/raktu-pakabukai-dovanu-idejoms\/#primaryimage\",\"url\":\"https:\/\/kabinam.lt\/wp-content\/uploads\/2024\/07\/1683214157412-7299e21642704af3902cbb2aef99eefc-goods.jpeg\",\"contentUrl\":\"https:\/\/kabinam.lt\/wp-content\/uploads\/2024\/07\/1683214157412-7299e21642704af3902cbb2aef99eefc-goods.jpeg\",\"width\":800,\"height\":800,\"caption\":\"Sunkve\u017eimio dizaino rakt\u0173 pakabukas\"},{\"@type\":\"BreadcrumbList\",\"@id\":\"https:\/\/kabinam.lt\/eng\/product\/raktu-pakabukai-dovanu-idejoms\/#breadcrumb\",\"itemListElement\":[{\"@type\":\"ListItem\",\"position\":1,\"name\":\"Home\",\"item\":\"https:\/\/kabinam.lt\/\"},{\"@type\":\"ListItem\",\"position\":2,\"name\":\"Visi Produktai\",\"item\":\"https:\/\/kabinam.lt\/visi-produktai\/\"},{\"@type\":\"ListItem\",\"position\":3,\"name\":\"Rakt\u0173 pakabukai dovan\u0173 id\u0117joms \u2013 originalus pasirinkimas sunkve\u017eimi\u0173 gerb\u0117jams\"}]},{\"@type\":\"WebSite\",\"@id\":\"https:\/\/kabinam.lt\/#website\",\"url\":\"https:\/\/kabinam.lt\/\",\"name\":\"kabinam.lt\",\"description\":\"Kabinam.lt \u2013 raktu pakabukai ir aksesuarai\",\"publisher\":{\"@id\":\"https:\/\/kabinam.lt\/#organization\"},\"alternateName\":\"pakabukai lt\",\"potentialAction\":[{\"@type\":\"SearchAction\",\"target\":{\"@type\":\"EntryPoint\",\"urlTemplate\":\"https:\/\/kabinam.lt\/?s={search_term_string}\"},\"query-input\":{\"@type\":\"PropertyValueSpecification\",\"valueRequired\":true,\"valueName\":\"search_term_string\"}}],\"inLanguage\":\"lv-LV\"},{\"@type\":\"Organization\",\"@id\":\"https:\/\/kabinam.lt\/#organization\",\"name\":\"kabinam.lt\",\"alternateName\":\"kabinam\",\"url\":\"https:\/\/kabinam.lt\/\",\"logo\":{\"@type\":\"ImageObject\",\"inLanguage\":\"lv-LV\",\"@id\":\"https:\/\/kabinam.lt\/#\/schema\/logo\/image\/\",\"url\":\"https:\/\/kabinam.lt\/wp-content\/uploads\/2025\/05\/KABINAM_outer_glow.png\",\"contentUrl\":\"https:\/\/kabinam.lt\/wp-content\/uploads\/2025\/05\/KABINAM_outer_glow.png\",\"width\":474,\"height\":141,\"caption\":\"kabinam.lt\"},\"image\":{\"@id\":\"https:\/\/kabinam.lt\/#\/schema\/logo\/image\/\"}}]}<\/script>\n<!-- \/ Yoast SEO plugin. -->","yoast_head_json":{"title":"Atsl\u0113gu piekari\u0146i d\u0101vanu idej\u0101m - ori\u0123in\u0101la izv\u0113le kravas automa\u0161\u012bnu faniem","description":"Stil\u012bgi atsl\u0113gu piekari\u0146i d\u0101vanu idej\u0101m. Kravas automa\u0161\u012bnas formas atsl\u0113gu piekari\u0146\u0161 - ori\u0123in\u0101ls un praktisks risin\u0101jums.","robots":{"index":"index","follow":"follow","max-snippet":"max-snippet:-1","max-image-preview":"max-image-preview:large","max-video-preview":"max-video-preview:-1"},"canonical":"https:\/\/kabinam.lt\/lv\/produkts\/atslegu-gredzeni-davanu-idejam\/","og_locale":"lv_LV","og_type":"article","og_title":"Rakt\u0173 pakabukai dovan\u0173 id\u0117joms \u2013 originalus pasirinkimas sunkve\u017eimi\u0173 gerb\u0117jams","og_description":"Stilingi rakt\u0173 pakabukai dovan\u0173 id\u0117joms. Sunkve\u017eimio formos pakabukas \u2013 originalus ir prakti\u0161kas sprendimas.","og_url":"https:\/\/kabinam.lt\/lv\/produkts\/atslegu-gredzeni-davanu-idejam\/","og_site_name":"kabinam.lt","article_modified_time":"2026-03-02T15:31:39+00:00","og_image":[{"width":800,"height":800,"url":"https:\/\/kabinam.lt\/wp-content\/uploads\/2024\/07\/1683214157412-7299e21642704af3902cbb2aef99eefc-goods.jpeg","type":"image\/jpeg"}],"twitter_card":"summary_large_image","twitter_misc":{"Est. reading time":"2 min\u016btes"},"schema":{"@context":"https:\/\/schema.org","@graph":[{"@type":["WebPage","ItemPage"],"@id":"https:\/\/kabinam.lt\/eng\/product\/raktu-pakabukai-dovanu-idejoms\/","url":"https:\/\/kabinam.lt\/eng\/product\/raktu-pakabukai-dovanu-idejoms\/","name":"Atsl\u0113gu piekari\u0146i d\u0101vanu idej\u0101m - ori\u0123in\u0101la izv\u0113le kravas automa\u0161\u012bnu faniem","isPartOf":{"@id":"https:\/\/kabinam.lt\/#website"},"primaryImageOfPage":{"@id":"https:\/\/kabinam.lt\/eng\/product\/raktu-pakabukai-dovanu-idejoms\/#primaryimage"},"image":{"@id":"https:\/\/kabinam.lt\/eng\/product\/raktu-pakabukai-dovanu-idejoms\/#primaryimage"},"thumbnailUrl":"https:\/\/kabinam.lt\/wp-content\/uploads\/2024\/07\/1683214157412-7299e21642704af3902cbb2aef99eefc-goods.jpeg","datePublished":"2024-07-29T12:05:43+00:00","dateModified":"2026-03-02T15:31:39+00:00","description":"Stil\u012bgi atsl\u0113gu piekari\u0146i d\u0101vanu idej\u0101m. Kravas automa\u0161\u012bnas formas atsl\u0113gu piekari\u0146\u0161 - ori\u0123in\u0101ls un praktisks risin\u0101jums.","breadcrumb":{"@id":"https:\/\/kabinam.lt\/eng\/product\/raktu-pakabukai-dovanu-idejoms\/#breadcrumb"},"inLanguage":"lv-LV","potentialAction":[{"@type":"ReadAction","target":["https:\/\/kabinam.lt\/eng\/product\/raktu-pakabukai-dovanu-idejoms\/"]}]},{"@type":"ImageObject","inLanguage":"lv-LV","@id":"https:\/\/kabinam.lt\/eng\/product\/raktu-pakabukai-dovanu-idejoms\/#primaryimage","url":"https:\/\/kabinam.lt\/wp-content\/uploads\/2024\/07\/1683214157412-7299e21642704af3902cbb2aef99eefc-goods.jpeg","contentUrl":"https:\/\/kabinam.lt\/wp-content\/uploads\/2024\/07\/1683214157412-7299e21642704af3902cbb2aef99eefc-goods.jpeg","width":800,"height":800,"caption":"Sunkve\u017eimio dizaino rakt\u0173 pakabukas"},{"@type":"BreadcrumbList","@id":"https:\/\/kabinam.lt\/eng\/product\/raktu-pakabukai-dovanu-idejoms\/#breadcrumb","itemListElement":[{"@type":"ListItem","position":1,"name":"Home","item":"https:\/\/kabinam.lt\/"},{"@type":"ListItem","position":2,"name":"Visi Produktai","item":"https:\/\/kabinam.lt\/visi-produktai\/"},{"@type":"ListItem","position":3,"name":"Rakt\u0173 pakabukai dovan\u0173 id\u0117joms \u2013 originalus pasirinkimas sunkve\u017eimi\u0173 gerb\u0117jams"}]},{"@type":"WebSite","@id":"https:\/\/kabinam.lt\/#website","url":"https:\/\/kabinam.lt\/","name":"kabinam.lt","description":"Kabinam.lt - atsl\u0113gu piekari\u0146i un aksesu\u0101ri","publisher":{"@id":"https:\/\/kabinam.lt\/#organization"},"alternateName":"pakabukai lt","potentialAction":[{"@type":"SearchAction","target":{"@type":"EntryPoint","urlTemplate":"https:\/\/kabinam.lt\/?s={search_term_string}"},"query-input":{"@type":"PropertyValueSpecification","valueRequired":true,"valueName":"search_term_string"}}],"inLanguage":"lv-LV"},{"@type":"Organization","@id":"https:\/\/kabinam.lt\/#organization","name":"kabinam.lt","alternateName":"kabinam","url":"https:\/\/kabinam.lt\/","logo":{"@type":"ImageObject","inLanguage":"lv-LV","@id":"https:\/\/kabinam.lt\/#\/schema\/logo\/image\/","url":"https:\/\/kabinam.lt\/wp-content\/uploads\/2025\/05\/KABINAM_outer_glow.png","contentUrl":"https:\/\/kabinam.lt\/wp-content\/uploads\/2025\/05\/KABINAM_outer_glow.png","width":474,"height":141,"caption":"kabinam.lt"},"image":{"@id":"https:\/\/kabinam.lt\/#\/schema\/logo\/image\/"}}]}},"uagb_featured_image_src":{"full":["https:\/\/kabinam.lt\/wp-content\/uploads\/2024\/07\/1683214157412-7299e21642704af3902cbb2aef99eefc-goods.jpeg",800,800,false],"thumbnail":["https:\/\/kabinam.lt\/wp-content\/uploads\/2024\/07\/1683214157412-7299e21642704af3902cbb2aef99eefc-goods-150x150.jpeg",150,150,true],"medium":["https:\/\/kabinam.lt\/wp-content\/uploads\/2024\/07\/1683214157412-7299e21642704af3902cbb2aef99eefc-goods-300x300.jpeg",300,300,true],"medium_large":["https:\/\/kabinam.lt\/wp-content\/uploads\/2024\/07\/1683214157412-7299e21642704af3902cbb2aef99eefc-goods-768x768.jpeg",768,768,true],"large":["https:\/\/kabinam.lt\/wp-content\/uploads\/2024\/07\/1683214157412-7299e21642704af3902cbb2aef99eefc-goods.jpeg",800,800,false],"1536x1536":["https:\/\/kabinam.lt\/wp-content\/uploads\/2024\/07\/1683214157412-7299e21642704af3902cbb2aef99eefc-goods.jpeg",800,800,false],"2048x2048":["https:\/\/kabinam.lt\/wp-content\/uploads\/2024\/07\/1683214157412-7299e21642704af3902cbb2aef99eefc-goods.jpeg",800,800,false],"trp-custom-language-flag":["https:\/\/kabinam.lt\/wp-content\/uploads\/2024\/07\/1683214157412-7299e21642704af3902cbb2aef99eefc-goods.jpeg",12,12,false],"woocommerce_thumbnail":["https:\/\/kabinam.lt\/wp-content\/uploads\/2024\/07\/1683214157412-7299e21642704af3902cbb2aef99eefc-goods-300x300.jpeg",300,300,true],"woocommerce_single":["https:\/\/kabinam.lt\/wp-content\/uploads\/2024\/07\/1683214157412-7299e21642704af3902cbb2aef99eefc-goods-600x600.jpeg",600,600,true],"woocommerce_gallery_thumbnail":["https:\/\/kabinam.lt\/wp-content\/uploads\/2024\/07\/1683214157412-7299e21642704af3902cbb2aef99eefc-goods-100x100.jpeg",100,100,true]},"uagb_author_info":{"display_name":"kabinam.lt","author_link":"https:\/\/kabinam.lt\/lv\/author\/"},"uagb_comment_info":0,"uagb_excerpt":"Sunkve\u017eimio dizaino metalinis rakt\u0173 pakabukas \u2013 puiki dovanos id\u0117ja bet kuriam transporto gerb\u0117jui.","_links":{"self":[{"href":"https:\/\/kabinam.lt\/lv\/wp-json\/wp\/v2\/product\/2137","targetHints":{"allow":["GET"]}}],"collection":[{"href":"https:\/\/kabinam.lt\/lv\/wp-json\/wp\/v2\/product"}],"about":[{"href":"https:\/\/kabinam.lt\/lv\/wp-json\/wp\/v2\/types\/product"}],"replies":[{"embeddable":true,"href":"https:\/\/kabinam.lt\/lv\/wp-json\/wp\/v2\/comments?post=2137"}],"wp:featuredmedia":[{"embeddable":true,"href":"https:\/\/kabinam.lt\/lv\/wp-json\/wp\/v2\/media\/2142"}],"wp:attachment":[{"href":"https:\/\/kabinam.lt\/lv\/wp-json\/wp\/v2\/media?parent=2137"}],"wp:term":[{"taxonomy":"product_brand","embeddable":true,"href":"https:\/\/kabinam.lt\/lv\/wp-json\/wp\/v2\/product_brand?post=2137"},{"taxonomy":"product_cat","embeddable":true,"href":"https:\/\/kabinam.lt\/lv\/wp-json\/wp\/v2\/product_cat?post=2137"},{"taxonomy":"product_tag","embeddable":true,"href":"https:\/\/kabinam.lt\/lv\/wp-json\/wp\/v2\/product_tag?post=2137"}],"curies":[{"name":"wp","href":"https:\/\/api.w.org\/{rel}","templated":true}]}}