{"id":2116,"date":"2024-07-29T14:19:50","date_gmt":"2024-07-29T11:19:50","guid":{"rendered":"https:\/\/kabinam.lt\/?post_type=product&#038;p=2116"},"modified":"2026-01-03T18:55:47","modified_gmt":"2026-01-03T16:55:47","slug":"krasaini-atslegu-gredzeni-parak-tuvu","status":"publish","type":"product","link":"https:\/\/kabinam.lt\/lv\/product\/spalvoti-raktu-pakabukai-too-close\/","title":{"rendered":"Kr\u0101saini atsl\u0113gu piekari\u0146i - J\u016bs esat p\u0101r\u0101k tuvu"},"content":{"rendered":"<div class=\"kk-star-ratings kksr-auto kksr-align-left kksr-valign-top\"\n    data-payload='{&quot;align&quot;:&quot;left&quot;,&quot;id&quot;:&quot;2116&quot;,&quot;slug&quot;:&quot;default&quot;,&quot;valign&quot;:&quot;top&quot;,&quot;ignore&quot;:&quot;&quot;,&quot;reference&quot;:&quot;auto&quot;,&quot;class&quot;:&quot;&quot;,&quot;count&quot;:&quot;0&quot;,&quot;legendonly&quot;:&quot;&quot;,&quot;readonly&quot;:&quot;&quot;,&quot;score&quot;:&quot;0&quot;,&quot;starsonly&quot;:&quot;&quot;,&quot;best&quot;:&quot;5&quot;,&quot;gap&quot;:&quot;5&quot;,&quot;greet&quot;:&quot;Mums svarbus j\u016bs\u0173 \u012fvertinimas&quot;,&quot;legend&quot;:&quot;0\\\/5 - (0 votes)&quot;,&quot;size&quot;:&quot;24&quot;,&quot;title&quot;:&quot;Spalvoti rakt\u0173 pakabukai - You are too close&quot;,&quot;width&quot;:&quot;0&quot;,&quot;_legend&quot;:&quot;{score}\\\/{best} - ({count} {votes})&quot;,&quot;font_factor&quot;:&quot;1.25&quot;}'>\n            \n<div class=\"kksr-stars\">\n    \n<div class=\"kksr-stars-inactive\">\n            <div class=\"kksr-star\" data-star=\"1\" style=\"padding-right: 5px\">\n            \n\n<div class=\"kksr-icon\" style=\"width: 24px; height: 24px;\"><\/div>\n        <\/div>\n            <div class=\"kksr-star\" data-star=\"2\" style=\"padding-right: 5px\">\n            \n\n<div class=\"kksr-icon\" style=\"width: 24px; height: 24px;\"><\/div>\n        <\/div>\n            <div class=\"kksr-star\" data-star=\"3\" style=\"padding-right: 5px\">\n            \n\n<div class=\"kksr-icon\" style=\"width: 24px; height: 24px;\"><\/div>\n        <\/div>\n            <div class=\"kksr-star\" data-star=\"4\" style=\"padding-right: 5px\">\n            \n\n<div class=\"kksr-icon\" style=\"width: 24px; height: 24px;\"><\/div>\n        <\/div>\n            <div class=\"kksr-star\" data-star=\"5\" style=\"padding-right: 5px\">\n            \n\n<div class=\"kksr-icon\" style=\"width: 24px; height: 24px;\"><\/div>\n        <\/div>\n    <\/div>\n    \n<div class=\"kksr-stars-active\" style=\"width: 0px;\">\n            <div class=\"kksr-star\" style=\"padding-right: 5px\">\n            \n\n<div class=\"kksr-icon\" style=\"width: 24px; height: 24px;\"><\/div>\n        <\/div>\n            <div class=\"kksr-star\" style=\"padding-right: 5px\">\n            \n\n<div class=\"kksr-icon\" style=\"width: 24px; height: 24px;\"><\/div>\n        <\/div>\n            <div class=\"kksr-star\" style=\"padding-right: 5px\">\n            \n\n<div class=\"kksr-icon\" style=\"width: 24px; height: 24px;\"><\/div>\n        <\/div>\n            <div class=\"kksr-star\" style=\"padding-right: 5px\">\n            \n\n<div class=\"kksr-icon\" style=\"width: 24px; height: 24px;\"><\/div>\n        <\/div>\n            <div class=\"kksr-star\" style=\"padding-right: 5px\">\n            \n\n<div class=\"kksr-icon\" style=\"width: 24px; height: 24px;\"><\/div>\n        <\/div>\n    <\/div>\n<\/div>\n                \n\n<div class=\"kksr-legend\" style=\"font-size: 19.2px;\">\n            <span class=\"kksr-muted\">Mums ir svar\u012bgs j\u016bsu nov\u0113rt\u0113jums<\/span>\n    <\/div>\n    <\/div>\n<h3 data-start=\"181\" data-end=\"263\"><strong data-start=\"185\" data-end=\"263\">Kr\u0101saini atsl\u0113gu piekari\u0146i - izteiksm\u012bgs stila akcents motociklistiem<\/strong><\/h3>\n<p data-start=\"265\" data-end=\"625\"><strong data-start=\"265\" data-end=\"293\">Kr\u0101saini atsl\u0113gu piekari\u0146i<\/strong> k\u013c\u016bst aizvien popul\u0101r\u0101kas brauc\u0113ju vid\u016b, kuri nov\u0113rt\u0113 gan funkcionalit\u0101ti, gan person\u012bgo stilu. \u0160is izteiksm\u012bgais tekstila piekari\u0146\u0161 ar iz\u0161\u016btu uzrakstu <em data-start=\"449\" data-end=\"491\">\u201eJa j\u016bs to varat izlas\u012bt, j\u016bs esat p\u0101r\u0101k tuvu\u201c<\/em> - ne tikai praktisks, bet ar\u012b dai\u013crun\u012bgs aksesu\u0101rs. Tas ir jautrs veids, k\u0101 paust savu attieksmi pret ce\u013cu satiksmes \u0113tiku un uzsv\u0113rt savu individualit\u0101ti.<\/p>\n<hr data-start=\"627\" data-end=\"630\" \/>\n<h3 data-start=\"632\" data-end=\"686\"><strong data-start=\"636\" data-end=\"686\">Iztur\u012bgs un redzams - paredz\u0113ts motociklistiem<\/strong><\/h3>\n<p data-start=\"688\" data-end=\"995\">Piekari\u0146\u0161 ir izgatavots no iztur\u012bga tekstila, kas iztur ikdienas lieto\u0161anu un nen\u0113s\u0101jas. Iz\u0161\u016btais teksts neizbal\u0113 un nenoveco pat p\u0113c ilgas n\u0113s\u0101\u0161anas. Spilgta kr\u0101sa nodro\u0161ina, ka piekari\u0146\u0161 ir viegli paman\u0101ms, t\u0101p\u0113c tas ir \u012bpa\u0161i \u0113rts motociklistiem - to viegli atrast kabat\u0101 vai mugursom\u0101.<\/p>\n<hr data-start=\"675\" data-end=\"678\" \/>\n<h3 data-start=\"680\" data-end=\"734\"><strong data-start=\"684\" data-end=\"734\">P\u0101rsteidzo\u0161s dizains un iztur\u012bba - b\u016btiskas iez\u012bmes<\/strong><\/h3>\n<p data-start=\"736\" data-end=\"999\">\u0160\u012b kulona audums ir iztur\u012bgs tekstilmateri\u0101ls, kas nen\u0113s\u0101jas pat intens\u012bvas lieto\u0161anas gad\u012bjum\u0101. Kr\u0101sas ir ko\u0161as, t\u0101p\u0113c atsl\u0113gas b\u016bs viegli atrast pat tum\u0161\u0101 mugursom\u0101. Papildus tam, ka piekari\u0146\u0161 izskat\u0101s interesanti, t\u0101 uzraksts nodod svar\u012bgu v\u0113st\u012bjumu uz ce\u013ca - iev\u0113rojiet distanci.<\/p>\n<hr data-start=\"997\" data-end=\"1000\" \/>\n<h3 data-start=\"1002\" data-end=\"1053\"><strong data-start=\"1006\" data-end=\"1053\">Vair\u0101k nek\u0101 aksesu\u0101rs - poz\u012bcijas izpausme<\/strong><\/h3>\n<p data-start=\"1055\" data-end=\"1401\">\u0160is piekari\u0146\u0161 ir piem\u0113rots ikvienam, kas nov\u0113rt\u0113 humora izj\u016btu un kam pat\u012bk nestandarta risin\u0101jumi. T\u0101 ir lieliska izv\u0113le d\u0101vanai motociklistam, kur\u0161 interes\u0113jas par deta\u013c\u0101m un kuram pat\u012bk par\u0101d\u012bt raksturu pat ar maz\u0101kaj\u0101m deta\u013c\u0101m. \u201eJa j\u016bs varat to izlas\u012bt, j\u016bs esat p\u0101r\u0101k tuvu\u201c ir ne tikai br\u012bdin\u0101jums, bet ar\u012b smalks v\u0113st\u012bjums ikvienam, kur\u0161 pietuvojas p\u0101r\u0101k tuvu.<\/p>\n<hr data-start=\"1403\" data-end=\"1406\" \/>\n<h3 data-start=\"1408\" data-end=\"1448\"><strong data-start=\"1412\" data-end=\"1448\">Pla\u0161a autovad\u012bt\u0101ju izv\u0113le<\/strong><\/h3>\n<p data-start=\"1450\" data-end=\"1803\">Vai mekl\u0113jat izteiksm\u012bg\u0101kus piekari\u0146us? Apmekl\u0113jiet m\u016bs <a class=\"cursor-pointer\" target=\"_new\" rel=\"noopener\" data-start=\"1503\" data-end=\"1593\">motociklu atsl\u0113gu piekari\u0146i<\/a> un <a class=\"\" href=\"https:\/\/kabinam.lt\/lv\/visi-produkti\/\" target=\"_new\" rel=\"noopener\" data-start=\"1598\" data-end=\"1653\">kr\u0101saini piekari\u0146i<\/a> kategorijas. M\u0113s ar\u012b iesak\u0101m apmekl\u0113t <a class=\"\" href=\"https:\/\/www.ridersdna.com\/\" target=\"_new\" rel=\"noopener\" data-start=\"1702\" data-end=\"1745\">ridersdna.com<\/a> - V\u0113l vair\u0101k motociklu aksesu\u0101ru atrad\u012bsi \u0161eit.<\/p>\n<p>Augstas kvalit\u0101tes motocikla atsl\u0113gu piekari\u0146\u0161.<\/p>\n<p>Piekari\u0146\u0161 ir izgatavots no bieza materi\u0101la.<\/p>\n<p>Iz\u0161\u016bti uzraksti un apv\u012btas malas.<\/p>","protected":false},"excerpt":{"rendered":"<p>Tekstila motocikla piekari\u0146\u0161 ar br\u012bdin\u0101juma uzrakstu - praktiska un ekskluz\u012bva izv\u0113le motociklistiem.<\/p>","protected":false},"featured_media":2103,"comment_status":"closed","ping_status":"closed","template":"","meta":{"_uag_custom_page_level_css":"","site-sidebar-layout":"default","site-content-layout":"","ast-site-content-layout":"default","site-content-style":"default","site-sidebar-style":"default","ast-global-header-display":"","ast-banner-title-visibility":"","ast-main-header-display":"","ast-hfb-above-header-display":"","ast-hfb-below-header-display":"","ast-hfb-mobile-header-display":"","site-post-title":"","ast-breadcrumbs-content":"","ast-featured-img":"","footer-sml-layout":"","ast-disable-related-posts":"","theme-transparent-header-meta":"default","adv-header-id-meta":"","stick-header-meta":"","header-above-stick-meta":"","header-main-stick-meta":"","header-below-stick-meta":"","astra-migrate-meta-layouts":"set","ast-page-background-enabled":"default","ast-page-background-meta":{"desktop":{"background-color":"var(--ast-global-color-4)","background-image":"","background-repeat":"repeat","background-position":"center center","background-size":"auto","background-attachment":"scroll","background-type":"","background-media":"","overlay-type":"","overlay-color":"","overlay-opacity":"","overlay-gradient":""},"tablet":{"background-color":"","background-image":"","background-repeat":"repeat","background-position":"center center","background-size":"auto","background-attachment":"scroll","background-type":"","background-media":"","overlay-type":"","overlay-color":"","overlay-opacity":"","overlay-gradient":""},"mobile":{"background-color":"","background-image":"","background-repeat":"repeat","background-position":"center center","background-size":"auto","background-attachment":"scroll","background-type":"","background-media":"","overlay-type":"","overlay-color":"","overlay-opacity":"","overlay-gradient":""}},"ast-content-background-meta":{"desktop":{"background-color":"var(--ast-global-color-5)","background-image":"","background-repeat":"repeat","background-position":"center center","background-size":"auto","background-attachment":"scroll","background-type":"","background-media":"","overlay-type":"","overlay-color":"","overlay-opacity":"","overlay-gradient":""},"tablet":{"background-color":"var(--ast-global-color-5)","background-image":"","background-repeat":"repeat","background-position":"center center","background-size":"auto","background-attachment":"scroll","background-type":"","background-media":"","overlay-type":"","overlay-color":"","overlay-opacity":"","overlay-gradient":""},"mobile":{"background-color":"var(--ast-global-color-5)","background-image":"","background-repeat":"repeat","background-position":"center center","background-size":"auto","background-attachment":"scroll","background-type":"","background-media":"","overlay-type":"","overlay-color":"","overlay-opacity":"","overlay-gradient":""}}},"product_brand":[],"product_cat":[126,91],"product_tag":[],"class_list":{"0":"post-2116","1":"product","2":"type-product","3":"status-publish","4":"has-post-thumbnail","6":"product_cat-visi","7":"product_cat-motociklo-raktu-pakabukai","8":"desktop-align-center","9":"tablet-align-left","10":"mobile-align-left","12":"first","13":"outofstock","14":"shipping-taxable","15":"purchasable","16":"product-type-simple"},"yoast_head":"<!-- This site is optimized with the Yoast SEO plugin v27.1.1 - https:\/\/yoast.com\/product\/yoast-seo-wordpress\/ -->\n<title>Spalvoti rakt\u0173 pakabukai - You are too close<\/title>\n<meta name=\"description\" content=\"Spalvoti rakt\u0173 pakabukai motociklininkams \u2013 i\u0161rai\u0161kingas aksesuaras su \u012fsp\u0117jamu u\u017era\u0161u ir tvirta tekstile. Tinka dovanai.\" \/>\n<meta name=\"robots\" content=\"index, follow, max-snippet:-1, max-image-preview:large, max-video-preview:-1\" \/>\n<link rel=\"canonical\" href=\"https:\/\/kabinam.lt\/lv\/produkts\/krasaini-atslegu-gredzeni-parak-tuvu\/\" \/>\n<meta property=\"og:locale\" content=\"lv_LV\" \/>\n<meta property=\"og:type\" content=\"article\" \/>\n<meta property=\"og:title\" content=\"Spalvoti rakt\u0173 pakabukai - You are too close\" \/>\n<meta property=\"og:description\" content=\"Spalvoti rakt\u0173 pakabukai motociklininkams \u2013 i\u0161rai\u0161kingas aksesuaras su \u012fsp\u0117jamu u\u017era\u0161u ir tvirta tekstile. Tinka dovanai.\" \/>\n<meta property=\"og:url\" content=\"https:\/\/kabinam.lt\/lv\/produkts\/krasaini-atslegu-gredzeni-parak-tuvu\/\" \/>\n<meta property=\"og:site_name\" content=\"kabinam.lt\" \/>\n<meta property=\"article:modified_time\" content=\"2026-01-03T16:55:47+00:00\" \/>\n<meta property=\"og:image\" content=\"https:\/\/kabinam.lt\/wp-content\/uploads\/2024\/07\/09e9a879f1fc00c4237cecb49787daa8_enhanced_eeb120e0_2023_04_17_04_07_41.jpg\" \/>\n\t<meta property=\"og:image:width\" content=\"900\" \/>\n\t<meta property=\"og:image:height\" content=\"900\" \/>\n\t<meta property=\"og:image:type\" content=\"image\/jpeg\" \/>\n<meta name=\"twitter:card\" content=\"summary_large_image\" \/>\n<meta name=\"twitter:label1\" content=\"Est. reading time\" \/>\n\t<meta name=\"twitter:data1\" content=\"2 min\u016btes\" \/>\n<script type=\"application\/ld+json\" class=\"yoast-schema-graph\">{\"@context\":\"https:\/\/schema.org\",\"@graph\":[{\"@type\":[\"WebPage\",\"ItemPage\"],\"@id\":\"https:\/\/kabinam.lt\/eng\/product\/colored-key-pendants-too-close\/\",\"url\":\"https:\/\/kabinam.lt\/eng\/product\/colored-key-pendants-too-close\/\",\"name\":\"Spalvoti rakt\u0173 pakabukai - You are too close\",\"isPartOf\":{\"@id\":\"https:\/\/kabinam.lt\/#website\"},\"primaryImageOfPage\":{\"@id\":\"https:\/\/kabinam.lt\/eng\/product\/colored-key-pendants-too-close\/#primaryimage\"},\"image\":{\"@id\":\"https:\/\/kabinam.lt\/eng\/product\/colored-key-pendants-too-close\/#primaryimage\"},\"thumbnailUrl\":\"https:\/\/kabinam.lt\/wp-content\/uploads\/2024\/07\/09e9a879f1fc00c4237cecb49787daa8_enhanced_eeb120e0_2023_04_17_04_07_41.jpg\",\"datePublished\":\"2024-07-29T11:19:50+00:00\",\"dateModified\":\"2026-01-03T16:55:47+00:00\",\"description\":\"Spalvoti rakt\u0173 pakabukai motociklininkams \u2013 i\u0161rai\u0161kingas aksesuaras su \u012fsp\u0117jamu u\u017era\u0161u ir tvirta tekstile. Tinka dovanai.\",\"breadcrumb\":{\"@id\":\"https:\/\/kabinam.lt\/eng\/product\/colored-key-pendants-too-close\/#breadcrumb\"},\"inLanguage\":\"lv-LV\",\"potentialAction\":[{\"@type\":\"ReadAction\",\"target\":[\"https:\/\/kabinam.lt\/eng\/product\/colored-key-pendants-too-close\/\"]}]},{\"@type\":\"ImageObject\",\"inLanguage\":\"lv-LV\",\"@id\":\"https:\/\/kabinam.lt\/eng\/product\/colored-key-pendants-too-close\/#primaryimage\",\"url\":\"https:\/\/kabinam.lt\/wp-content\/uploads\/2024\/07\/09e9a879f1fc00c4237cecb49787daa8_enhanced_eeb120e0_2023_04_17_04_07_41.jpg\",\"contentUrl\":\"https:\/\/kabinam.lt\/wp-content\/uploads\/2024\/07\/09e9a879f1fc00c4237cecb49787daa8_enhanced_eeb120e0_2023_04_17_04_07_41.jpg\",\"width\":900,\"height\":900,\"caption\":\"Ry\u0161kus tekstilinis pakabukas motociklo raktams\"},{\"@type\":\"BreadcrumbList\",\"@id\":\"https:\/\/kabinam.lt\/eng\/product\/colored-key-pendants-too-close\/#breadcrumb\",\"itemListElement\":[{\"@type\":\"ListItem\",\"position\":1,\"name\":\"Home\",\"item\":\"https:\/\/kabinam.lt\/\"},{\"@type\":\"ListItem\",\"position\":2,\"name\":\"Visi Produktai\",\"item\":\"https:\/\/kabinam.lt\/visi-produktai\/\"},{\"@type\":\"ListItem\",\"position\":3,\"name\":\"Spalvoti rakt\u0173 pakabukai &#8211; You are too close\"}]},{\"@type\":\"WebSite\",\"@id\":\"https:\/\/kabinam.lt\/#website\",\"url\":\"https:\/\/kabinam.lt\/\",\"name\":\"kabinam.lt\",\"description\":\"Kabinam.lt \u2013 raktu pakabukai ir aksesuarai\",\"publisher\":{\"@id\":\"https:\/\/kabinam.lt\/#organization\"},\"alternateName\":\"pakabukai lt\",\"potentialAction\":[{\"@type\":\"SearchAction\",\"target\":{\"@type\":\"EntryPoint\",\"urlTemplate\":\"https:\/\/kabinam.lt\/?s={search_term_string}\"},\"query-input\":{\"@type\":\"PropertyValueSpecification\",\"valueRequired\":true,\"valueName\":\"search_term_string\"}}],\"inLanguage\":\"lv-LV\"},{\"@type\":\"Organization\",\"@id\":\"https:\/\/kabinam.lt\/#organization\",\"name\":\"kabinam.lt\",\"alternateName\":\"kabinam\",\"url\":\"https:\/\/kabinam.lt\/\",\"logo\":{\"@type\":\"ImageObject\",\"inLanguage\":\"lv-LV\",\"@id\":\"https:\/\/kabinam.lt\/#\/schema\/logo\/image\/\",\"url\":\"https:\/\/kabinam.lt\/wp-content\/uploads\/2025\/05\/KABINAM_outer_glow.png\",\"contentUrl\":\"https:\/\/kabinam.lt\/wp-content\/uploads\/2025\/05\/KABINAM_outer_glow.png\",\"width\":474,\"height\":141,\"caption\":\"kabinam.lt\"},\"image\":{\"@id\":\"https:\/\/kabinam.lt\/#\/schema\/logo\/image\/\"}}]}<\/script>\n<!-- \/ Yoast SEO plugin. -->","yoast_head_json":{"title":"Kr\u0101saini atsl\u0113gu piekari\u0146i - J\u016bs esat p\u0101r\u0101k tuvu","description":"Kr\u0101saini atsl\u0113gu piekari\u0146i motociklistiem - izteiksm\u012bgs aksesu\u0101rs ar br\u012bdin\u0101juma v\u0113st\u012bjumu un iztur\u012bgu tekstilmateri\u0101lu. Piem\u0113rots k\u0101 d\u0101vana.","robots":{"index":"index","follow":"follow","max-snippet":"max-snippet:-1","max-image-preview":"max-image-preview:large","max-video-preview":"max-video-preview:-1"},"canonical":"https:\/\/kabinam.lt\/lv\/produkts\/krasaini-atslegu-gredzeni-parak-tuvu\/","og_locale":"lv_LV","og_type":"article","og_title":"Spalvoti rakt\u0173 pakabukai - You are too close","og_description":"Spalvoti rakt\u0173 pakabukai motociklininkams \u2013 i\u0161rai\u0161kingas aksesuaras su \u012fsp\u0117jamu u\u017era\u0161u ir tvirta tekstile. Tinka dovanai.","og_url":"https:\/\/kabinam.lt\/lv\/produkts\/krasaini-atslegu-gredzeni-parak-tuvu\/","og_site_name":"kabinam.lt","article_modified_time":"2026-01-03T16:55:47+00:00","og_image":[{"width":900,"height":900,"url":"https:\/\/kabinam.lt\/wp-content\/uploads\/2024\/07\/09e9a879f1fc00c4237cecb49787daa8_enhanced_eeb120e0_2023_04_17_04_07_41.jpg","type":"image\/jpeg"}],"twitter_card":"summary_large_image","twitter_misc":{"Est. reading time":"2 min\u016btes"},"schema":{"@context":"https:\/\/schema.org","@graph":[{"@type":["WebPage","ItemPage"],"@id":"https:\/\/kabinam.lt\/eng\/product\/colored-key-pendants-too-close\/","url":"https:\/\/kabinam.lt\/eng\/product\/colored-key-pendants-too-close\/","name":"Kr\u0101saini atsl\u0113gu piekari\u0146i - J\u016bs esat p\u0101r\u0101k tuvu","isPartOf":{"@id":"https:\/\/kabinam.lt\/#website"},"primaryImageOfPage":{"@id":"https:\/\/kabinam.lt\/eng\/product\/colored-key-pendants-too-close\/#primaryimage"},"image":{"@id":"https:\/\/kabinam.lt\/eng\/product\/colored-key-pendants-too-close\/#primaryimage"},"thumbnailUrl":"https:\/\/kabinam.lt\/wp-content\/uploads\/2024\/07\/09e9a879f1fc00c4237cecb49787daa8_enhanced_eeb120e0_2023_04_17_04_07_41.jpg","datePublished":"2024-07-29T11:19:50+00:00","dateModified":"2026-01-03T16:55:47+00:00","description":"Kr\u0101saini atsl\u0113gu piekari\u0146i motociklistiem - izteiksm\u012bgs aksesu\u0101rs ar br\u012bdin\u0101juma v\u0113st\u012bjumu un iztur\u012bgu tekstilmateri\u0101lu. Piem\u0113rots k\u0101 d\u0101vana.","breadcrumb":{"@id":"https:\/\/kabinam.lt\/eng\/product\/colored-key-pendants-too-close\/#breadcrumb"},"inLanguage":"lv-LV","potentialAction":[{"@type":"ReadAction","target":["https:\/\/kabinam.lt\/eng\/product\/colored-key-pendants-too-close\/"]}]},{"@type":"ImageObject","inLanguage":"lv-LV","@id":"https:\/\/kabinam.lt\/eng\/product\/colored-key-pendants-too-close\/#primaryimage","url":"https:\/\/kabinam.lt\/wp-content\/uploads\/2024\/07\/09e9a879f1fc00c4237cecb49787daa8_enhanced_eeb120e0_2023_04_17_04_07_41.jpg","contentUrl":"https:\/\/kabinam.lt\/wp-content\/uploads\/2024\/07\/09e9a879f1fc00c4237cecb49787daa8_enhanced_eeb120e0_2023_04_17_04_07_41.jpg","width":900,"height":900,"caption":"Ry\u0161kus tekstilinis pakabukas motociklo raktams"},{"@type":"BreadcrumbList","@id":"https:\/\/kabinam.lt\/eng\/product\/colored-key-pendants-too-close\/#breadcrumb","itemListElement":[{"@type":"ListItem","position":1,"name":"Home","item":"https:\/\/kabinam.lt\/"},{"@type":"ListItem","position":2,"name":"Visi Produktai","item":"https:\/\/kabinam.lt\/visi-produktai\/"},{"@type":"ListItem","position":3,"name":"Spalvoti rakt\u0173 pakabukai &#8211; You are too close"}]},{"@type":"WebSite","@id":"https:\/\/kabinam.lt\/#website","url":"https:\/\/kabinam.lt\/","name":"kabinam.lt","description":"Kabinam.lt - atsl\u0113gu piekari\u0146i un aksesu\u0101ri","publisher":{"@id":"https:\/\/kabinam.lt\/#organization"},"alternateName":"pakabukai lt","potentialAction":[{"@type":"SearchAction","target":{"@type":"EntryPoint","urlTemplate":"https:\/\/kabinam.lt\/?s={search_term_string}"},"query-input":{"@type":"PropertyValueSpecification","valueRequired":true,"valueName":"search_term_string"}}],"inLanguage":"lv-LV"},{"@type":"Organization","@id":"https:\/\/kabinam.lt\/#organization","name":"kabinam.lt","alternateName":"kabinam","url":"https:\/\/kabinam.lt\/","logo":{"@type":"ImageObject","inLanguage":"lv-LV","@id":"https:\/\/kabinam.lt\/#\/schema\/logo\/image\/","url":"https:\/\/kabinam.lt\/wp-content\/uploads\/2025\/05\/KABINAM_outer_glow.png","contentUrl":"https:\/\/kabinam.lt\/wp-content\/uploads\/2025\/05\/KABINAM_outer_glow.png","width":474,"height":141,"caption":"kabinam.lt"},"image":{"@id":"https:\/\/kabinam.lt\/#\/schema\/logo\/image\/"}}]}},"uagb_featured_image_src":{"full":["https:\/\/kabinam.lt\/wp-content\/uploads\/2024\/07\/09e9a879f1fc00c4237cecb49787daa8_enhanced_eeb120e0_2023_04_17_04_07_41.jpg",900,900,false],"thumbnail":["https:\/\/kabinam.lt\/wp-content\/uploads\/2024\/07\/09e9a879f1fc00c4237cecb49787daa8_enhanced_eeb120e0_2023_04_17_04_07_41-150x150.jpg",150,150,true],"medium":["https:\/\/kabinam.lt\/wp-content\/uploads\/2024\/07\/09e9a879f1fc00c4237cecb49787daa8_enhanced_eeb120e0_2023_04_17_04_07_41-300x300.jpg",300,300,true],"medium_large":["https:\/\/kabinam.lt\/wp-content\/uploads\/2024\/07\/09e9a879f1fc00c4237cecb49787daa8_enhanced_eeb120e0_2023_04_17_04_07_41-768x768.jpg",768,768,true],"large":["https:\/\/kabinam.lt\/wp-content\/uploads\/2024\/07\/09e9a879f1fc00c4237cecb49787daa8_enhanced_eeb120e0_2023_04_17_04_07_41.jpg",900,900,false],"1536x1536":["https:\/\/kabinam.lt\/wp-content\/uploads\/2024\/07\/09e9a879f1fc00c4237cecb49787daa8_enhanced_eeb120e0_2023_04_17_04_07_41.jpg",900,900,false],"2048x2048":["https:\/\/kabinam.lt\/wp-content\/uploads\/2024\/07\/09e9a879f1fc00c4237cecb49787daa8_enhanced_eeb120e0_2023_04_17_04_07_41.jpg",900,900,false],"trp-custom-language-flag":["https:\/\/kabinam.lt\/wp-content\/uploads\/2024\/07\/09e9a879f1fc00c4237cecb49787daa8_enhanced_eeb120e0_2023_04_17_04_07_41.jpg",12,12,false],"woocommerce_thumbnail":["https:\/\/kabinam.lt\/wp-content\/uploads\/2024\/07\/09e9a879f1fc00c4237cecb49787daa8_enhanced_eeb120e0_2023_04_17_04_07_41-300x300.jpg",300,300,true],"woocommerce_single":["https:\/\/kabinam.lt\/wp-content\/uploads\/2024\/07\/09e9a879f1fc00c4237cecb49787daa8_enhanced_eeb120e0_2023_04_17_04_07_41-600x600.jpg",600,600,true],"woocommerce_gallery_thumbnail":["https:\/\/kabinam.lt\/wp-content\/uploads\/2024\/07\/09e9a879f1fc00c4237cecb49787daa8_enhanced_eeb120e0_2023_04_17_04_07_41-100x100.jpg",100,100,true]},"uagb_author_info":{"display_name":"kabinam.lt","author_link":"https:\/\/kabinam.lt\/lv\/author\/"},"uagb_comment_info":0,"uagb_excerpt":"Tekstilinis motociklo pakabukas su \u012fsp\u0117jamu u\u017era\u0161u \u2013 prakti\u0161kas ir i\u0161skirtinis pasirinkimas motociklininkams.","_links":{"self":[{"href":"https:\/\/kabinam.lt\/lv\/wp-json\/wp\/v2\/product\/2116","targetHints":{"allow":["GET"]}}],"collection":[{"href":"https:\/\/kabinam.lt\/lv\/wp-json\/wp\/v2\/product"}],"about":[{"href":"https:\/\/kabinam.lt\/lv\/wp-json\/wp\/v2\/types\/product"}],"replies":[{"embeddable":true,"href":"https:\/\/kabinam.lt\/lv\/wp-json\/wp\/v2\/comments?post=2116"}],"wp:featuredmedia":[{"embeddable":true,"href":"https:\/\/kabinam.lt\/lv\/wp-json\/wp\/v2\/media\/2103"}],"wp:attachment":[{"href":"https:\/\/kabinam.lt\/lv\/wp-json\/wp\/v2\/media?parent=2116"}],"wp:term":[{"taxonomy":"product_brand","embeddable":true,"href":"https:\/\/kabinam.lt\/lv\/wp-json\/wp\/v2\/product_brand?post=2116"},{"taxonomy":"product_cat","embeddable":true,"href":"https:\/\/kabinam.lt\/lv\/wp-json\/wp\/v2\/product_cat?post=2116"},{"taxonomy":"product_tag","embeddable":true,"href":"https:\/\/kabinam.lt\/lv\/wp-json\/wp\/v2\/product_tag?post=2116"}],"curies":[{"name":"wp","href":"https:\/\/api.w.org\/{rel}","templated":true}]}}