{"id":2044,"date":"2024-07-29T13:12:02","date_gmt":"2024-07-29T10:12:02","guid":{"rendered":"https:\/\/kabinam.lt\/?post_type=product&#038;p=2044"},"modified":"2026-01-03T18:55:47","modified_gmt":"2026-01-03T16:55:47","slug":"motociklu-evoliucijos-pakabukas","status":"publish","type":"product","link":"https:\/\/kabinam.lt\/lv\/product\/motociklu-evoliucijos-pakabukas\/","title":{"rendered":"Motociklu evol\u016bcijas kulons - motociklistiem"},"content":{"rendered":"<div class=\"kk-star-ratings kksr-auto kksr-align-left kksr-valign-top\"\n    data-payload='{&quot;align&quot;:&quot;left&quot;,&quot;id&quot;:&quot;2044&quot;,&quot;slug&quot;:&quot;default&quot;,&quot;valign&quot;:&quot;top&quot;,&quot;ignore&quot;:&quot;&quot;,&quot;reference&quot;:&quot;auto&quot;,&quot;class&quot;:&quot;&quot;,&quot;count&quot;:&quot;0&quot;,&quot;legendonly&quot;:&quot;&quot;,&quot;readonly&quot;:&quot;&quot;,&quot;score&quot;:&quot;0&quot;,&quot;starsonly&quot;:&quot;&quot;,&quot;best&quot;:&quot;5&quot;,&quot;gap&quot;:&quot;5&quot;,&quot;greet&quot;:&quot;Mums svarbus j\u016bs\u0173 \u012fvertinimas&quot;,&quot;legend&quot;:&quot;0\\\/5 - (0 votes)&quot;,&quot;size&quot;:&quot;24&quot;,&quot;title&quot;:&quot;Motocikl\u0173 evoliucijos pakabukas \u2013 motociklininkams&quot;,&quot;width&quot;:&quot;0&quot;,&quot;_legend&quot;:&quot;{score}\\\/{best} - ({count} {votes})&quot;,&quot;font_factor&quot;:&quot;1.25&quot;}'>\n            \n<div class=\"kksr-stars\">\n    \n<div class=\"kksr-stars-inactive\">\n            <div class=\"kksr-star\" data-star=\"1\" style=\"padding-right: 5px\">\n            \n\n<div class=\"kksr-icon\" style=\"width: 24px; height: 24px;\"><\/div>\n        <\/div>\n            <div class=\"kksr-star\" data-star=\"2\" style=\"padding-right: 5px\">\n            \n\n<div class=\"kksr-icon\" style=\"width: 24px; height: 24px;\"><\/div>\n        <\/div>\n            <div class=\"kksr-star\" data-star=\"3\" style=\"padding-right: 5px\">\n            \n\n<div class=\"kksr-icon\" style=\"width: 24px; height: 24px;\"><\/div>\n        <\/div>\n            <div class=\"kksr-star\" data-star=\"4\" style=\"padding-right: 5px\">\n            \n\n<div class=\"kksr-icon\" style=\"width: 24px; height: 24px;\"><\/div>\n        <\/div>\n            <div class=\"kksr-star\" data-star=\"5\" style=\"padding-right: 5px\">\n            \n\n<div class=\"kksr-icon\" style=\"width: 24px; height: 24px;\"><\/div>\n        <\/div>\n    <\/div>\n    \n<div class=\"kksr-stars-active\" style=\"width: 0px;\">\n            <div class=\"kksr-star\" style=\"padding-right: 5px\">\n            \n\n<div class=\"kksr-icon\" style=\"width: 24px; height: 24px;\"><\/div>\n        <\/div>\n            <div class=\"kksr-star\" style=\"padding-right: 5px\">\n            \n\n<div class=\"kksr-icon\" style=\"width: 24px; height: 24px;\"><\/div>\n        <\/div>\n            <div class=\"kksr-star\" style=\"padding-right: 5px\">\n            \n\n<div class=\"kksr-icon\" style=\"width: 24px; height: 24px;\"><\/div>\n        <\/div>\n            <div class=\"kksr-star\" style=\"padding-right: 5px\">\n            \n\n<div class=\"kksr-icon\" style=\"width: 24px; height: 24px;\"><\/div>\n        <\/div>\n            <div class=\"kksr-star\" style=\"padding-right: 5px\">\n            \n\n<div class=\"kksr-icon\" style=\"width: 24px; height: 24px;\"><\/div>\n        <\/div>\n    <\/div>\n<\/div>\n                \n\n<div class=\"kksr-legend\" style=\"font-size: 19.2px;\">\n            <span class=\"kksr-muted\">Mums ir svar\u012bgs j\u016bsu nov\u0113rt\u0113jums<\/span>\n    <\/div>\n    <\/div>\n<h2 class=\"\" data-start=\"221\" data-end=\"295\">Motocikl\u0173 evoliucijos pakabukas \u2013 stilingas pasirinkimas motociklininkams<\/h2>\n<p class=\"\" data-start=\"297\" data-end=\"560\">Motocikl\u0173 istorijos pakabukas \u2013 i\u0161skirtinis pasirinkimas tikriems motocikl\u0173 myl\u0117tojams. \u0160is aksesuaras puikiai sujungia unikal\u0173 dizain\u0105 ir prakti\u0161kum\u0105. Jei norite parodyti savo aistr\u0105 motociklams, \u0161is pakabukas taps puikiu akcentu ant rakt\u0173 ar motociklo aprangos.<\/p>\n<p class=\"\" data-start=\"562\" data-end=\"752\">Pakabukas pagamintas i\u0161 tvirt\u0173 med\u017eiag\u0173, o i\u0161siuvin\u0117tas dizainas perteikia motocikl\u0173 vystymosi istorij\u0105. Tai ne tik stilingas, bet ir patvarus aksesuaras, kuris atlaikys kasdien\u012f naudojim\u0105.<\/p>\n<h2 class=\"\" data-start=\"754\" data-end=\"805\">Kokybi\u0161kas siuvin\u0117jimas ir ilgaam\u017e\u0117 konstrukcija<\/h2>\n<p class=\"\" data-start=\"807\" data-end=\"1044\">Motocikl\u0173 istorijos pakabukas sukurtas i\u0161 atsparios audinio juostos. Kiekvienas siuvin\u0117jimo elementas kruop\u0161\u010diai atspindi motocikl\u0173 evoliucijos akimirkas. \u0160is pakabukas lengvas, ta\u010diau pakankamai stiprus, kad saugot\u0173 j\u016bs\u0173 raktus kasdien.<\/p>\n<p class=\"\" data-start=\"1046\" data-end=\"1355\">D\u0117l specialios tekst\u016bros pakabukas nebrai\u017eo motociklo ar automobilio pavir\u0161iaus. Tai puikus pasirinkimas tiek motocikl\u0173, tiek automobili\u0173 savininkams. Jei domina ir kiti i\u0161skirtiniai pakabukai, apsilankykite <a class=\"cursor-pointer\" target=\"_new\" rel=\"noopener\" data-start=\"1254\" data-end=\"1345\">Motociklu atsl\u0113gu gredzeni<\/a> skyriuje.<\/p>\n<h2 class=\"\" data-start=\"1357\" data-end=\"1398\">Stilingas aksesuaras kiekvienai dienai<\/h2>\n<p class=\"\" data-start=\"1400\" data-end=\"1647\">\u0160is motocikl\u0173 evoliucijos pakabukas \u2013 daugiau nei tik rakt\u0173 laikiklis. Jis gali b\u016bti puikus stiliaus akcentas prie kuprin\u0117s ar motociklininko aprangos. Ma\u017eas svoris ir kompakti\u0161kas dydis leid\u017eia lengvai ne\u0161ioti kasdien, nesukeliant jokio nepatogumo.<\/p>\n<p class=\"\" data-start=\"1649\" data-end=\"1829\">Nor\u0117dami rasti daugiau originali\u0173 dovan\u0173 id\u0117j\u0173 motociklininkams, per\u017ei\u016br\u0117kite m\u016bs\u0173 <a class=\"\" href=\"https:\/\/kabinam.lt\/lv\/produkta-kategorija-2\/unikaliu-pakabuku-kategorija\/\" target=\"_new\" rel=\"noopener\" data-start=\"1732\" data-end=\"1818\">Unik\u0101li kuloni<\/a> kolekciju.<\/p>\n<h2 class=\"\" data-start=\"1831\" data-end=\"1883\">Kod\u0117l verta rinktis motocikl\u0173 istorijos pakabuk\u0105?<\/h2>\n<ul data-start=\"1885\" data-end=\"2144\">\n<li class=\"\" data-start=\"1885\" data-end=\"1949\">\n<p class=\"\" data-start=\"1887\" data-end=\"1949\"><strong data-start=\"1887\" data-end=\"1904\">Augsta kvalit\u0101te<\/strong> \u2013 tvirtas siuvin\u0117jimas, patvarios med\u017eiagos.<\/p>\n<\/li>\n<li class=\"\" data-start=\"1950\" data-end=\"2010\">\n<p class=\"\" data-start=\"1952\" data-end=\"2010\"><strong data-start=\"1952\" data-end=\"1976\">I\u0161skirtinis dizainas<\/strong> \u2013 perteikia motocikl\u0173 evoliucij\u0105.<\/p>\n<\/li>\n<li class=\"\" data-start=\"2011\" data-end=\"2077\">\n<p class=\"\" data-start=\"2013\" data-end=\"2077\"><strong data-start=\"2013\" data-end=\"2029\">Praktiskums<\/strong> \u2013 nebrai\u017eo pavir\u0161i\u0173, lengvai randamas krep\u0161yje.<\/p>\n<\/li>\n<li class=\"\" data-start=\"2078\" data-end=\"2144\">\n<p class=\"\" data-start=\"2080\" data-end=\"2144\"><strong data-start=\"2080\" data-end=\"2096\">Ide\u0101la d\u0101vana<\/strong> \u2013 tinka gimtadieniui ar kitai ypatingai progai.<\/p>\n<\/li>\n<\/ul>\n<p class=\"\" data-start=\"2146\" data-end=\"2306\">Ie\u0161kodami daugiau motocikl\u0173 aksesuar\u0173, rekomenduojame apsilankyti ir <a class=\"\" href=\"https:\/\/www.motoshop.lt\/\" target=\"_new\" rel=\"noopener\" data-start=\"2215\" data-end=\"2254\">MotoShop.lt<\/a> \u2013 patikim\u0105 i\u0161orin\u012f \u0161altin\u012f motociklinink\u0173 reikm\u0117ms.<\/p>","protected":false},"excerpt":{"rendered":"<p>Motocikl\u0173 istorijos pakabukas \u2013 stilingas ir tvirtas aksesuaras kasdieniam naudojimui ir dovanoms.<\/p>","protected":false},"featured_media":2047,"comment_status":"closed","ping_status":"closed","template":"","meta":{"_uag_custom_page_level_css":"","site-sidebar-layout":"default","site-content-layout":"","ast-site-content-layout":"default","site-content-style":"default","site-sidebar-style":"default","ast-global-header-display":"","ast-banner-title-visibility":"","ast-main-header-display":"","ast-hfb-above-header-display":"","ast-hfb-below-header-display":"","ast-hfb-mobile-header-display":"","site-post-title":"","ast-breadcrumbs-content":"","ast-featured-img":"","footer-sml-layout":"","ast-disable-related-posts":"","theme-transparent-header-meta":"default","adv-header-id-meta":"","stick-header-meta":"","header-above-stick-meta":"","header-main-stick-meta":"","header-below-stick-meta":"","astra-migrate-meta-layouts":"set","ast-page-background-enabled":"default","ast-page-background-meta":{"desktop":{"background-color":"var(--ast-global-color-4)","background-image":"","background-repeat":"repeat","background-position":"center center","background-size":"auto","background-attachment":"scroll","background-type":"","background-media":"","overlay-type":"","overlay-color":"","overlay-opacity":"","overlay-gradient":""},"tablet":{"background-color":"","background-image":"","background-repeat":"repeat","background-position":"center center","background-size":"auto","background-attachment":"scroll","background-type":"","background-media":"","overlay-type":"","overlay-color":"","overlay-opacity":"","overlay-gradient":""},"mobile":{"background-color":"","background-image":"","background-repeat":"repeat","background-position":"center center","background-size":"auto","background-attachment":"scroll","background-type":"","background-media":"","overlay-type":"","overlay-color":"","overlay-opacity":"","overlay-gradient":""}},"ast-content-background-meta":{"desktop":{"background-color":"var(--ast-global-color-5)","background-image":"","background-repeat":"repeat","background-position":"center center","background-size":"auto","background-attachment":"scroll","background-type":"","background-media":"","overlay-type":"","overlay-color":"","overlay-opacity":"","overlay-gradient":""},"tablet":{"background-color":"var(--ast-global-color-5)","background-image":"","background-repeat":"repeat","background-position":"center center","background-size":"auto","background-attachment":"scroll","background-type":"","background-media":"","overlay-type":"","overlay-color":"","overlay-opacity":"","overlay-gradient":""},"mobile":{"background-color":"var(--ast-global-color-5)","background-image":"","background-repeat":"repeat","background-position":"center center","background-size":"auto","background-attachment":"scroll","background-type":"","background-media":"","overlay-type":"","overlay-color":"","overlay-opacity":"","overlay-gradient":""}}},"product_brand":[],"product_cat":[126,91],"product_tag":[],"class_list":{"0":"post-2044","1":"product","2":"type-product","3":"status-publish","4":"has-post-thumbnail","6":"product_cat-visi","7":"product_cat-motociklo-raktu-pakabukai","8":"desktop-align-center","9":"tablet-align-left","10":"mobile-align-left","12":"first","13":"instock","14":"shipping-taxable","15":"purchasable","16":"product-type-simple"},"yoast_head":"<!-- This site is optimized with the Yoast SEO plugin v27.1.1 - https:\/\/yoast.com\/product\/yoast-seo-wordpress\/ -->\n<title>Motocikl\u0173 evoliucijos pakabukas \u2013 motociklininkams - kabinam.lt<\/title>\n<meta name=\"description\" content=\"Motocikl\u0173 evoliucijos pakabukas \u2013 stilingas ir patvarus aksesuaras raktams bei puiki dovana motociklininkams. Puiki dovana m\u0117g\u0117jams!\" \/>\n<meta name=\"robots\" content=\"index, follow, max-snippet:-1, max-image-preview:large, max-video-preview:-1\" \/>\n<link rel=\"canonical\" href=\"https:\/\/kabinam.lt\/lv\/produkts\/motociklu-evoliucijos-pakabukas\/\" \/>\n<meta property=\"og:locale\" content=\"lv_LV\" \/>\n<meta property=\"og:type\" content=\"article\" \/>\n<meta property=\"og:title\" content=\"Motocikl\u0173 evoliucijos pakabukas \u2013 motociklininkams - kabinam.lt\" \/>\n<meta property=\"og:description\" content=\"Motocikl\u0173 evoliucijos pakabukas \u2013 stilingas ir patvarus aksesuaras raktams bei puiki dovana motociklininkams. Puiki dovana m\u0117g\u0117jams!\" \/>\n<meta property=\"og:url\" content=\"https:\/\/kabinam.lt\/lv\/produkts\/motociklu-evoliucijos-pakabukas\/\" \/>\n<meta property=\"og:site_name\" content=\"kabinam.lt\" \/>\n<meta property=\"article:modified_time\" content=\"2026-01-03T16:55:47+00:00\" \/>\n<meta property=\"og:image\" content=\"https:\/\/kabinam.lt\/wp-content\/uploads\/2024\/07\/633c53ea-3324-4898-8f74-0835a8c5da35_800x800.jpeg\" \/>\n\t<meta property=\"og:image:width\" content=\"800\" \/>\n\t<meta property=\"og:image:height\" content=\"800\" \/>\n\t<meta property=\"og:image:type\" content=\"image\/jpeg\" \/>\n<meta name=\"twitter:card\" content=\"summary_large_image\" \/>\n<meta name=\"twitter:label1\" content=\"Est. reading time\" \/>\n\t<meta name=\"twitter:data1\" content=\"2 min\u016btes\" \/>\n<script type=\"application\/ld+json\" class=\"yoast-schema-graph\">{\"@context\":\"https:\/\/schema.org\",\"@graph\":[{\"@type\":[\"WebPage\",\"ItemPage\"],\"@id\":\"https:\/\/kabinam.lt\/et\/toode\/motorcikli-evolutsiooni-kett\/\",\"url\":\"https:\/\/kabinam.lt\/et\/toode\/motorcikli-evolutsiooni-kett\/\",\"name\":\"Motocikl\u0173 evoliucijos pakabukas \u2013 motociklininkams - kabinam.lt\",\"isPartOf\":{\"@id\":\"https:\/\/kabinam.lt\/#website\"},\"primaryImageOfPage\":{\"@id\":\"https:\/\/kabinam.lt\/et\/toode\/motorcikli-evolutsiooni-kett\/#primaryimage\"},\"image\":{\"@id\":\"https:\/\/kabinam.lt\/et\/toode\/motorcikli-evolutsiooni-kett\/#primaryimage\"},\"thumbnailUrl\":\"https:\/\/kabinam.lt\/wp-content\/uploads\/2024\/07\/633c53ea-3324-4898-8f74-0835a8c5da35_800x800.jpeg\",\"datePublished\":\"2024-07-29T10:12:02+00:00\",\"dateModified\":\"2026-01-03T16:55:47+00:00\",\"description\":\"Motocikl\u0173 evoliucijos pakabukas \u2013 stilingas ir patvarus aksesuaras raktams bei puiki dovana motociklininkams. Puiki dovana m\u0117g\u0117jams!\",\"breadcrumb\":{\"@id\":\"https:\/\/kabinam.lt\/et\/toode\/motorcikli-evolutsiooni-kett\/#breadcrumb\"},\"inLanguage\":\"lv-LV\",\"potentialAction\":[{\"@type\":\"ReadAction\",\"target\":[\"https:\/\/kabinam.lt\/et\/toode\/motorcikli-evolutsiooni-kett\/\"]}]},{\"@type\":\"ImageObject\",\"inLanguage\":\"lv-LV\",\"@id\":\"https:\/\/kabinam.lt\/et\/toode\/motorcikli-evolutsiooni-kett\/#primaryimage\",\"url\":\"https:\/\/kabinam.lt\/wp-content\/uploads\/2024\/07\/633c53ea-3324-4898-8f74-0835a8c5da35_800x800.jpeg\",\"contentUrl\":\"https:\/\/kabinam.lt\/wp-content\/uploads\/2024\/07\/633c53ea-3324-4898-8f74-0835a8c5da35_800x800.jpeg\",\"width\":800,\"height\":800,\"caption\":\"Motocikl\u0173 istorijos pakabukas\"},{\"@type\":\"BreadcrumbList\",\"@id\":\"https:\/\/kabinam.lt\/et\/toode\/motorcikli-evolutsiooni-kett\/#breadcrumb\",\"itemListElement\":[{\"@type\":\"ListItem\",\"position\":1,\"name\":\"Home\",\"item\":\"https:\/\/kabinam.lt\/\"},{\"@type\":\"ListItem\",\"position\":2,\"name\":\"Visi Produktai\",\"item\":\"https:\/\/kabinam.lt\/visi-produktai\/\"},{\"@type\":\"ListItem\",\"position\":3,\"name\":\"Motocikl\u0173 evoliucijos pakabukas \u2013 motociklininkams\"}]},{\"@type\":\"WebSite\",\"@id\":\"https:\/\/kabinam.lt\/#website\",\"url\":\"https:\/\/kabinam.lt\/\",\"name\":\"kabinam.lt\",\"description\":\"Kabinam.lt \u2013 raktu pakabukai ir aksesuarai\",\"publisher\":{\"@id\":\"https:\/\/kabinam.lt\/#organization\"},\"alternateName\":\"pakabukai lt\",\"potentialAction\":[{\"@type\":\"SearchAction\",\"target\":{\"@type\":\"EntryPoint\",\"urlTemplate\":\"https:\/\/kabinam.lt\/?s={search_term_string}\"},\"query-input\":{\"@type\":\"PropertyValueSpecification\",\"valueRequired\":true,\"valueName\":\"search_term_string\"}}],\"inLanguage\":\"lv-LV\"},{\"@type\":\"Organization\",\"@id\":\"https:\/\/kabinam.lt\/#organization\",\"name\":\"kabinam.lt\",\"alternateName\":\"kabinam\",\"url\":\"https:\/\/kabinam.lt\/\",\"logo\":{\"@type\":\"ImageObject\",\"inLanguage\":\"lv-LV\",\"@id\":\"https:\/\/kabinam.lt\/#\/schema\/logo\/image\/\",\"url\":\"https:\/\/kabinam.lt\/wp-content\/uploads\/2025\/05\/KABINAM_outer_glow.png\",\"contentUrl\":\"https:\/\/kabinam.lt\/wp-content\/uploads\/2025\/05\/KABINAM_outer_glow.png\",\"width\":474,\"height\":141,\"caption\":\"kabinam.lt\"},\"image\":{\"@id\":\"https:\/\/kabinam.lt\/#\/schema\/logo\/image\/\"}}]}<\/script>\n<!-- \/ Yoast SEO plugin. -->","yoast_head_json":{"title":"Motocikl\u0173 evoliucijos pakabukas \u2013 motociklininkams - kabinam.lt","description":"Motocikl\u0173 evoliucijos pakabukas \u2013 stilingas ir patvarus aksesuaras raktams bei puiki dovana motociklininkams. Puiki dovana m\u0117g\u0117jams!","robots":{"index":"index","follow":"follow","max-snippet":"max-snippet:-1","max-image-preview":"max-image-preview:large","max-video-preview":"max-video-preview:-1"},"canonical":"https:\/\/kabinam.lt\/lv\/produkts\/motociklu-evoliucijos-pakabukas\/","og_locale":"lv_LV","og_type":"article","og_title":"Motocikl\u0173 evoliucijos pakabukas \u2013 motociklininkams - kabinam.lt","og_description":"Motocikl\u0173 evoliucijos pakabukas \u2013 stilingas ir patvarus aksesuaras raktams bei puiki dovana motociklininkams. Puiki dovana m\u0117g\u0117jams!","og_url":"https:\/\/kabinam.lt\/lv\/produkts\/motociklu-evoliucijos-pakabukas\/","og_site_name":"kabinam.lt","article_modified_time":"2026-01-03T16:55:47+00:00","og_image":[{"width":800,"height":800,"url":"https:\/\/kabinam.lt\/wp-content\/uploads\/2024\/07\/633c53ea-3324-4898-8f74-0835a8c5da35_800x800.jpeg","type":"image\/jpeg"}],"twitter_card":"summary_large_image","twitter_misc":{"Est. reading time":"2 min\u016btes"},"schema":{"@context":"https:\/\/schema.org","@graph":[{"@type":["WebPage","ItemPage"],"@id":"https:\/\/kabinam.lt\/et\/toode\/motorcikli-evolutsiooni-kett\/","url":"https:\/\/kabinam.lt\/et\/toode\/motorcikli-evolutsiooni-kett\/","name":"Motocikl\u0173 evoliucijos pakabukas \u2013 motociklininkams - kabinam.lt","isPartOf":{"@id":"https:\/\/kabinam.lt\/#website"},"primaryImageOfPage":{"@id":"https:\/\/kabinam.lt\/et\/toode\/motorcikli-evolutsiooni-kett\/#primaryimage"},"image":{"@id":"https:\/\/kabinam.lt\/et\/toode\/motorcikli-evolutsiooni-kett\/#primaryimage"},"thumbnailUrl":"https:\/\/kabinam.lt\/wp-content\/uploads\/2024\/07\/633c53ea-3324-4898-8f74-0835a8c5da35_800x800.jpeg","datePublished":"2024-07-29T10:12:02+00:00","dateModified":"2026-01-03T16:55:47+00:00","description":"Motocikl\u0173 evoliucijos pakabukas \u2013 stilingas ir patvarus aksesuaras raktams bei puiki dovana motociklininkams. Puiki dovana m\u0117g\u0117jams!","breadcrumb":{"@id":"https:\/\/kabinam.lt\/et\/toode\/motorcikli-evolutsiooni-kett\/#breadcrumb"},"inLanguage":"lv-LV","potentialAction":[{"@type":"ReadAction","target":["https:\/\/kabinam.lt\/et\/toode\/motorcikli-evolutsiooni-kett\/"]}]},{"@type":"ImageObject","inLanguage":"lv-LV","@id":"https:\/\/kabinam.lt\/et\/toode\/motorcikli-evolutsiooni-kett\/#primaryimage","url":"https:\/\/kabinam.lt\/wp-content\/uploads\/2024\/07\/633c53ea-3324-4898-8f74-0835a8c5da35_800x800.jpeg","contentUrl":"https:\/\/kabinam.lt\/wp-content\/uploads\/2024\/07\/633c53ea-3324-4898-8f74-0835a8c5da35_800x800.jpeg","width":800,"height":800,"caption":"Motocikl\u0173 istorijos pakabukas"},{"@type":"BreadcrumbList","@id":"https:\/\/kabinam.lt\/et\/toode\/motorcikli-evolutsiooni-kett\/#breadcrumb","itemListElement":[{"@type":"ListItem","position":1,"name":"Home","item":"https:\/\/kabinam.lt\/"},{"@type":"ListItem","position":2,"name":"Visi Produktai","item":"https:\/\/kabinam.lt\/visi-produktai\/"},{"@type":"ListItem","position":3,"name":"Motocikl\u0173 evoliucijos pakabukas \u2013 motociklininkams"}]},{"@type":"WebSite","@id":"https:\/\/kabinam.lt\/#website","url":"https:\/\/kabinam.lt\/","name":"kabinam.lt","description":"Kabinam.lt - atsl\u0113gu piekari\u0146i un aksesu\u0101ri","publisher":{"@id":"https:\/\/kabinam.lt\/#organization"},"alternateName":"pakabukai lt","potentialAction":[{"@type":"SearchAction","target":{"@type":"EntryPoint","urlTemplate":"https:\/\/kabinam.lt\/?s={search_term_string}"},"query-input":{"@type":"PropertyValueSpecification","valueRequired":true,"valueName":"search_term_string"}}],"inLanguage":"lv-LV"},{"@type":"Organization","@id":"https:\/\/kabinam.lt\/#organization","name":"kabinam.lt","alternateName":"kabinam","url":"https:\/\/kabinam.lt\/","logo":{"@type":"ImageObject","inLanguage":"lv-LV","@id":"https:\/\/kabinam.lt\/#\/schema\/logo\/image\/","url":"https:\/\/kabinam.lt\/wp-content\/uploads\/2025\/05\/KABINAM_outer_glow.png","contentUrl":"https:\/\/kabinam.lt\/wp-content\/uploads\/2025\/05\/KABINAM_outer_glow.png","width":474,"height":141,"caption":"kabinam.lt"},"image":{"@id":"https:\/\/kabinam.lt\/#\/schema\/logo\/image\/"}}]}},"uagb_featured_image_src":{"full":["https:\/\/kabinam.lt\/wp-content\/uploads\/2024\/07\/633c53ea-3324-4898-8f74-0835a8c5da35_800x800.jpeg",800,800,false],"thumbnail":["https:\/\/kabinam.lt\/wp-content\/uploads\/2024\/07\/633c53ea-3324-4898-8f74-0835a8c5da35_800x800-150x150.jpeg",150,150,true],"medium":["https:\/\/kabinam.lt\/wp-content\/uploads\/2024\/07\/633c53ea-3324-4898-8f74-0835a8c5da35_800x800-300x300.jpeg",300,300,true],"medium_large":["https:\/\/kabinam.lt\/wp-content\/uploads\/2024\/07\/633c53ea-3324-4898-8f74-0835a8c5da35_800x800-768x768.jpeg",768,768,true],"large":["https:\/\/kabinam.lt\/wp-content\/uploads\/2024\/07\/633c53ea-3324-4898-8f74-0835a8c5da35_800x800.jpeg",800,800,false],"1536x1536":["https:\/\/kabinam.lt\/wp-content\/uploads\/2024\/07\/633c53ea-3324-4898-8f74-0835a8c5da35_800x800.jpeg",800,800,false],"2048x2048":["https:\/\/kabinam.lt\/wp-content\/uploads\/2024\/07\/633c53ea-3324-4898-8f74-0835a8c5da35_800x800.jpeg",800,800,false],"trp-custom-language-flag":["https:\/\/kabinam.lt\/wp-content\/uploads\/2024\/07\/633c53ea-3324-4898-8f74-0835a8c5da35_800x800.jpeg",12,12,false],"woocommerce_thumbnail":["https:\/\/kabinam.lt\/wp-content\/uploads\/2024\/07\/633c53ea-3324-4898-8f74-0835a8c5da35_800x800-300x300.jpeg",300,300,true],"woocommerce_single":["https:\/\/kabinam.lt\/wp-content\/uploads\/2024\/07\/633c53ea-3324-4898-8f74-0835a8c5da35_800x800-600x600.jpeg",600,600,true],"woocommerce_gallery_thumbnail":["https:\/\/kabinam.lt\/wp-content\/uploads\/2024\/07\/633c53ea-3324-4898-8f74-0835a8c5da35_800x800-100x100.jpeg",100,100,true]},"uagb_author_info":{"display_name":"kabinam.lt","author_link":"https:\/\/kabinam.lt\/lv\/author\/"},"uagb_comment_info":0,"uagb_excerpt":"Motocikl\u0173 istorijos pakabukas \u2013 stilingas ir tvirtas aksesuaras kasdieniam naudojimui ir dovanoms.","_links":{"self":[{"href":"https:\/\/kabinam.lt\/lv\/wp-json\/wp\/v2\/product\/2044","targetHints":{"allow":["GET"]}}],"collection":[{"href":"https:\/\/kabinam.lt\/lv\/wp-json\/wp\/v2\/product"}],"about":[{"href":"https:\/\/kabinam.lt\/lv\/wp-json\/wp\/v2\/types\/product"}],"replies":[{"embeddable":true,"href":"https:\/\/kabinam.lt\/lv\/wp-json\/wp\/v2\/comments?post=2044"}],"wp:featuredmedia":[{"embeddable":true,"href":"https:\/\/kabinam.lt\/lv\/wp-json\/wp\/v2\/media\/2047"}],"wp:attachment":[{"href":"https:\/\/kabinam.lt\/lv\/wp-json\/wp\/v2\/media?parent=2044"}],"wp:term":[{"taxonomy":"product_brand","embeddable":true,"href":"https:\/\/kabinam.lt\/lv\/wp-json\/wp\/v2\/product_brand?post=2044"},{"taxonomy":"product_cat","embeddable":true,"href":"https:\/\/kabinam.lt\/lv\/wp-json\/wp\/v2\/product_cat?post=2044"},{"taxonomy":"product_tag","embeddable":true,"href":"https:\/\/kabinam.lt\/lv\/wp-json\/wp\/v2\/product_tag?post=2044"}],"curies":[{"name":"wp","href":"https:\/\/api.w.org\/{rel}","templated":true}]}}