{"id":2010,"date":"2024-07-18T10:52:35","date_gmt":"2024-07-18T07:52:35","guid":{"rendered":"https:\/\/kabinam.lt\/?post_type=product&#038;p=2010"},"modified":"2026-01-03T18:56:14","modified_gmt":"2026-01-03T16:56:14","slug":"god-of-war-axe-kulons","status":"publish","type":"product","link":"https:\/\/kabinam.lt\/lv\/product\/god-of-war-kirvio-pakabukas\/","title":{"rendered":"God of War Axe kulons - sp\u0113c\u012bgs aksesu\u0101rs sp\u0113\u013cu faniem"},"content":{"rendered":"<div class=\"kk-star-ratings kksr-auto kksr-align-left kksr-valign-top\"\n    data-payload='{&quot;align&quot;:&quot;left&quot;,&quot;id&quot;:&quot;2010&quot;,&quot;slug&quot;:&quot;default&quot;,&quot;valign&quot;:&quot;top&quot;,&quot;ignore&quot;:&quot;&quot;,&quot;reference&quot;:&quot;auto&quot;,&quot;class&quot;:&quot;&quot;,&quot;count&quot;:&quot;0&quot;,&quot;legendonly&quot;:&quot;&quot;,&quot;readonly&quot;:&quot;&quot;,&quot;score&quot;:&quot;0&quot;,&quot;starsonly&quot;:&quot;&quot;,&quot;best&quot;:&quot;5&quot;,&quot;gap&quot;:&quot;5&quot;,&quot;greet&quot;:&quot;Mums svarbus j\u016bs\u0173 \u012fvertinimas&quot;,&quot;legend&quot;:&quot;0\\\/5 - (0 votes)&quot;,&quot;size&quot;:&quot;24&quot;,&quot;title&quot;:&quot;God of War kirvio pakabukas \u2013 galingas aksesuaras \u017eaidim\u0173 fanams&quot;,&quot;width&quot;:&quot;0&quot;,&quot;_legend&quot;:&quot;{score}\\\/{best} - ({count} {votes})&quot;,&quot;font_factor&quot;:&quot;1.25&quot;}'>\n            \n<div class=\"kksr-stars\">\n    \n<div class=\"kksr-stars-inactive\">\n            <div class=\"kksr-star\" data-star=\"1\" style=\"padding-right: 5px\">\n            \n\n<div class=\"kksr-icon\" style=\"width: 24px; height: 24px;\"><\/div>\n        <\/div>\n            <div class=\"kksr-star\" data-star=\"2\" style=\"padding-right: 5px\">\n            \n\n<div class=\"kksr-icon\" style=\"width: 24px; height: 24px;\"><\/div>\n        <\/div>\n            <div class=\"kksr-star\" data-star=\"3\" style=\"padding-right: 5px\">\n            \n\n<div class=\"kksr-icon\" style=\"width: 24px; height: 24px;\"><\/div>\n        <\/div>\n            <div class=\"kksr-star\" data-star=\"4\" style=\"padding-right: 5px\">\n            \n\n<div class=\"kksr-icon\" style=\"width: 24px; height: 24px;\"><\/div>\n        <\/div>\n            <div class=\"kksr-star\" data-star=\"5\" style=\"padding-right: 5px\">\n            \n\n<div class=\"kksr-icon\" style=\"width: 24px; height: 24px;\"><\/div>\n        <\/div>\n    <\/div>\n    \n<div class=\"kksr-stars-active\" style=\"width: 0px;\">\n            <div class=\"kksr-star\" style=\"padding-right: 5px\">\n            \n\n<div class=\"kksr-icon\" style=\"width: 24px; height: 24px;\"><\/div>\n        <\/div>\n            <div class=\"kksr-star\" style=\"padding-right: 5px\">\n            \n\n<div class=\"kksr-icon\" style=\"width: 24px; height: 24px;\"><\/div>\n        <\/div>\n            <div class=\"kksr-star\" style=\"padding-right: 5px\">\n            \n\n<div class=\"kksr-icon\" style=\"width: 24px; height: 24px;\"><\/div>\n        <\/div>\n            <div class=\"kksr-star\" style=\"padding-right: 5px\">\n            \n\n<div class=\"kksr-icon\" style=\"width: 24px; height: 24px;\"><\/div>\n        <\/div>\n            <div class=\"kksr-star\" style=\"padding-right: 5px\">\n            \n\n<div class=\"kksr-icon\" style=\"width: 24px; height: 24px;\"><\/div>\n        <\/div>\n    <\/div>\n<\/div>\n                \n\n<div class=\"kksr-legend\" style=\"font-size: 19.2px;\">\n            <span class=\"kksr-muted\">Mums ir svar\u012bgs j\u016bsu nov\u0113rt\u0113jums<\/span>\n    <\/div>\n    <\/div>\n<h3 class=\"\" data-start=\"201\" data-end=\"267\">I\u0161skirtinis \u201eGod of War\u201c kirvio pakabukas \u017eaidim\u0173 entuziastams<\/h3>\n<p class=\"\" data-start=\"269\" data-end=\"600\">Ie\u0161kai stilingo, \u017eaidim\u0173 tematikos aksesuaro? <strong data-start=\"315\" data-end=\"346\">God of War kirvio pakabukas<\/strong> \u2013 puikus pasirinkimas tiek kaip dovana, tiek kaip stiliaus detal\u0117. \u012ekv\u0117ptas legendinio Kratos ginklo, \u0161is aksesuaras dvelkia galia, dr\u0105sa ir i\u0161skirtinumu. Jis patrauks d\u0117mes\u012f tiek ant rakt\u0173 ry\u0161ulio, tiek pritvirtintas prie kuprin\u0117s ar automobilio rakt\u0173.<\/p>\n<p class=\"\" data-start=\"602\" data-end=\"892\">Pagamintas i\u0161 metalo lydinio, \u0161is pakabukas ne tik atrodo \u012fsp\u016bdingai, bet ir yra ilgaam\u017eis. Detalus kirvio dizainas ir patogi karabino tipo tvirtinimo sistema leid\u017eia patogiai naudoti j\u012f kasdien. Tai idealus pasirinkimas tiems, kurie nori, kad j\u0173 aksesuarai atspind\u0117t\u0173 asmenyb\u0119 ir pom\u0117gius.<\/p>\n<hr class=\"\" data-start=\"894\" data-end=\"897\" \/>\n<h3 class=\"\" data-start=\"899\" data-end=\"933\">K\u0105 simbolizuoja \u0161is pakabukas?<\/h3>\n<p class=\"\" data-start=\"935\" data-end=\"1137\">\u0160is aksesuaras n\u0117ra tik dekoracija \u2013 tai simbolis. <strong data-start=\"986\" data-end=\"1017\">God of War kirvio pakabukas<\/strong> rei\u0161kia ry\u017et\u0105, dr\u0105s\u0105 ir i\u0161tikimyb\u0119 savo vertyb\u0117ms. Tokia detal\u0117 ne tik papuo\u0161 j\u016bs\u0173 raktus, bet ir suteiks i\u0161skirtinumo.<\/p>\n<p class=\"\" data-start=\"1139\" data-end=\"1322\">Tai puiki dovana bet kuriam \u201ePlayStation\u201c fanui ar \u017eaid\u0117jui, kuris dievina Kratos ir \u201eGod of War\u201c pasaul\u012f. Nesvarbu, ar dovanojate j\u012f sau, ar draugui \u2013 jis tikrai neliks nepasteb\u0117tas.<\/p>\n<hr class=\"\" data-start=\"1324\" data-end=\"1327\" \/>\n<h3 class=\"\" data-start=\"1329\" data-end=\"1374\">Daugiau \u012fdomi\u0173 pakabuk\u0173 \u2013 tavo kolekcijai<\/h3>\n<p class=\"\" data-start=\"1376\" data-end=\"1766\">Ie\u0161kai dar daugiau \u017eaidim\u0173 \u012fkv\u0117pt\u0173 aksesuar\u0173? Apsilankyk m\u016bs\u0173 <a class=\"\" href=\"https:\/\/kabinam.lt\/lv\/produkta-kategorija-2\/unikaliu-pakabuku-kategorija\/\" target=\"_new\" rel=\"noopener\" data-start=\"1438\" data-end=\"1537\">unik\u0101lo piekari\u0146u kategorij\u0101<\/a> ir per\u017evelk <a class=\"\" href=\"https:\/\/kabinam.lt\/lv\/visi-produkti\/\" target=\"_new\" rel=\"noopener\" data-start=\"1550\" data-end=\"1612\">visus si\u016blomus produktus<\/a>. O jei nori dar daugiau \u017eaidim\u0173 stiliaus \u012fkv\u0117pt\u0173 id\u0117j\u0173, apsilankyk <a class=\"\" href=\"https:\/\/www.gamestop.com\/\" target=\"_new\" rel=\"noopener\" data-start=\"1680\" data-end=\"1717\">GameStop<\/a> svetain\u0117je \u2013 ten rasi \u012fvairi\u0173 \u017eaidim\u0173 aksesuar\u0173.<\/p>\n<hr class=\"\" data-start=\"1768\" data-end=\"1771\" \/>\n<h3 class=\"\" data-start=\"1773\" data-end=\"1809\">K\u0101p\u0113c izv\u0113l\u0113ties \u0161o kulonu?<\/h3>\n<ul data-start=\"1811\" data-end=\"1988\">\n<li class=\"\" data-start=\"1811\" data-end=\"1842\">\n<p class=\"\" data-start=\"1813\" data-end=\"1842\">\u012ekv\u0117ptas \u201eGod of War\u201c \u017eaidimo<\/p>\n<\/li>\n<li class=\"\" data-start=\"1843\" data-end=\"1868\">\n<p class=\"\" data-start=\"1845\" data-end=\"1868\">Detalus kirvio dizainas<\/p>\n<\/li>\n<li class=\"\" data-start=\"1869\" data-end=\"1897\">\n<p class=\"\" data-start=\"1871\" data-end=\"1897\">Patvarus metalinis lydinys<\/p>\n<\/li>\n<li class=\"\" data-start=\"1898\" data-end=\"1941\">\n<p class=\"\" data-start=\"1900\" data-end=\"1941\">Puikus pasirinkimas dovanai ar kolekcijai<\/p>\n<\/li>\n<li class=\"\" data-start=\"1942\" data-end=\"1988\">\n<p class=\"\" data-start=\"1944\" data-end=\"1988\">Lengva naudoti su rakt\u0173 ry\u0161uliais ar kuprine<\/p>\n<\/li>\n<\/ul>\n<p class=\"\" data-start=\"1990\" data-end=\"2083\">\u0160is aksesuaras ne tik papuo\u0161 tavo daiktus, bet ir primins apie tavo m\u0117gstam\u0105 \u017eaidim\u0173 pasaul\u012f.<\/p>\n<p>Vair\u0101k produktu ar atlaidi skatiet <a href=\"https:\/\/kabinam.lt\/lv\/produkta-kategorija-2\/izpardosana\/\">\u0161eit<\/a>.<\/p>","protected":false},"excerpt":{"rendered":"<p>Stilingas God of War kirvio pakabukas \u2013 aksesuaras, \u012fkv\u0117ptas legendinio \u017eaidimo, skirtas \u017eaidim\u0173 fanams ir kolekcininkams.<\/p>","protected":false},"featured_media":2011,"comment_status":"closed","ping_status":"closed","template":"","meta":{"_uag_custom_page_level_css":"","site-sidebar-layout":"default","site-content-layout":"","ast-site-content-layout":"default","site-content-style":"default","site-sidebar-style":"default","ast-global-header-display":"","ast-banner-title-visibility":"","ast-main-header-display":"","ast-hfb-above-header-display":"","ast-hfb-below-header-display":"","ast-hfb-mobile-header-display":"","site-post-title":"","ast-breadcrumbs-content":"","ast-featured-img":"","footer-sml-layout":"","ast-disable-related-posts":"","theme-transparent-header-meta":"default","adv-header-id-meta":"","stick-header-meta":"","header-above-stick-meta":"","header-main-stick-meta":"","header-below-stick-meta":"","astra-migrate-meta-layouts":"set","ast-page-background-enabled":"default","ast-page-background-meta":{"desktop":{"background-color":"var(--ast-global-color-4)","background-image":"","background-repeat":"repeat","background-position":"center center","background-size":"auto","background-attachment":"scroll","background-type":"","background-media":"","overlay-type":"","overlay-color":"","overlay-opacity":"","overlay-gradient":""},"tablet":{"background-color":"","background-image":"","background-repeat":"repeat","background-position":"center center","background-size":"auto","background-attachment":"scroll","background-type":"","background-media":"","overlay-type":"","overlay-color":"","overlay-opacity":"","overlay-gradient":""},"mobile":{"background-color":"","background-image":"","background-repeat":"repeat","background-position":"center center","background-size":"auto","background-attachment":"scroll","background-type":"","background-media":"","overlay-type":"","overlay-color":"","overlay-opacity":"","overlay-gradient":""}},"ast-content-background-meta":{"desktop":{"background-color":"var(--ast-global-color-5)","background-image":"","background-repeat":"repeat","background-position":"center center","background-size":"auto","background-attachment":"scroll","background-type":"","background-media":"","overlay-type":"","overlay-color":"","overlay-opacity":"","overlay-gradient":""},"tablet":{"background-color":"var(--ast-global-color-5)","background-image":"","background-repeat":"repeat","background-position":"center center","background-size":"auto","background-attachment":"scroll","background-type":"","background-media":"","overlay-type":"","overlay-color":"","overlay-opacity":"","overlay-gradient":""},"mobile":{"background-color":"var(--ast-global-color-5)","background-image":"","background-repeat":"repeat","background-position":"center center","background-size":"auto","background-attachment":"scroll","background-type":"","background-media":"","overlay-type":"","overlay-color":"","overlay-opacity":"","overlay-gradient":""}}},"product_brand":[],"product_cat":[125,126,116,95,118,92],"product_tag":[],"class_list":{"0":"post-2010","1":"product","2":"type-product","3":"status-publish","4":"has-post-thumbnail","6":"product_cat-halloween","7":"product_cat-visi","8":"product_cat-metaliniai-raktu-pakabukai","9":"product_cat-unikalus-raktu-pakabukai","10":"product_cat-dovana-teciui","11":"product_cat-populiariausiu-produktu-kategorija","12":"desktop-align-center","13":"tablet-align-left","14":"mobile-align-left","16":"first","17":"instock","18":"shipping-taxable","19":"purchasable","20":"product-type-simple"},"yoast_head":"<!-- This site is optimized with the Yoast SEO plugin v27.1.1 - https:\/\/yoast.com\/product\/yoast-seo-wordpress\/ -->\n<title>God of War kirvio pakabukas \u2013 galingas aksesuaras \u017eaidim\u0173 fanams<\/title>\n<meta name=\"description\" content=\"God of War 4 kirvio pakabukas \u2013 \u017eaidim\u0173 tematikos aksesuaras i\u0161 metalo, puikiai tinkantis kaip dovana ar stiliaus detal\u0117.\" \/>\n<meta name=\"robots\" content=\"index, follow, max-snippet:-1, max-image-preview:large, max-video-preview:-1\" \/>\n<link rel=\"canonical\" href=\"https:\/\/kabinam.lt\/lv\/produkts\/god-of-war-axe-kulons\/\" \/>\n<meta property=\"og:locale\" content=\"lv_LV\" \/>\n<meta property=\"og:type\" content=\"article\" \/>\n<meta property=\"og:title\" content=\"God of War kirvio pakabukas \u2013 galingas aksesuaras \u017eaidim\u0173 fanams\" \/>\n<meta property=\"og:description\" content=\"God of War 4 kirvio pakabukas \u2013 \u017eaidim\u0173 tematikos aksesuaras i\u0161 metalo, puikiai tinkantis kaip dovana ar stiliaus detal\u0117.\" \/>\n<meta property=\"og:url\" content=\"https:\/\/kabinam.lt\/lv\/produkts\/god-of-war-axe-kulons\/\" \/>\n<meta property=\"og:site_name\" content=\"kabinam.lt\" \/>\n<meta property=\"article:modified_time\" content=\"2026-01-03T16:56:14+00:00\" \/>\n<meta property=\"og:image\" content=\"https:\/\/kabinam.lt\/wp-content\/uploads\/2024\/07\/Kirvis-baltas-fonas.jpg\" \/>\n\t<meta property=\"og:image:width\" content=\"800\" \/>\n\t<meta property=\"og:image:height\" content=\"800\" \/>\n\t<meta property=\"og:image:type\" content=\"image\/jpeg\" \/>\n<meta name=\"twitter:card\" content=\"summary_large_image\" \/>\n<meta name=\"twitter:label1\" content=\"Est. reading time\" \/>\n\t<meta name=\"twitter:data1\" content=\"2 min\u016btes\" \/>\n<script type=\"application\/ld+json\" class=\"yoast-schema-graph\">{\"@context\":\"https:\/\/schema.org\",\"@graph\":[{\"@type\":[\"WebPage\",\"ItemPage\"],\"@id\":\"https:\/\/kabinam.lt\/eng\/product\/god-of-war-axe-pendant\/\",\"url\":\"https:\/\/kabinam.lt\/eng\/product\/god-of-war-axe-pendant\/\",\"name\":\"God of War kirvio pakabukas \u2013 galingas aksesuaras \u017eaidim\u0173 fanams\",\"isPartOf\":{\"@id\":\"https:\/\/kabinam.lt\/#website\"},\"primaryImageOfPage\":{\"@id\":\"https:\/\/kabinam.lt\/eng\/product\/god-of-war-axe-pendant\/#primaryimage\"},\"image\":{\"@id\":\"https:\/\/kabinam.lt\/eng\/product\/god-of-war-axe-pendant\/#primaryimage\"},\"thumbnailUrl\":\"https:\/\/kabinam.lt\/wp-content\/uploads\/2024\/07\/Kirvis-baltas-fonas.jpg\",\"datePublished\":\"2024-07-18T07:52:35+00:00\",\"dateModified\":\"2026-01-03T16:56:14+00:00\",\"description\":\"God of War 4 kirvio pakabukas \u2013 \u017eaidim\u0173 tematikos aksesuaras i\u0161 metalo, puikiai tinkantis kaip dovana ar stiliaus detal\u0117.\",\"breadcrumb\":{\"@id\":\"https:\/\/kabinam.lt\/eng\/product\/god-of-war-axe-pendant\/#breadcrumb\"},\"inLanguage\":\"lv-LV\",\"potentialAction\":[{\"@type\":\"ReadAction\",\"target\":[\"https:\/\/kabinam.lt\/eng\/product\/god-of-war-axe-pendant\/\"]}]},{\"@type\":\"ImageObject\",\"inLanguage\":\"lv-LV\",\"@id\":\"https:\/\/kabinam.lt\/eng\/product\/god-of-war-axe-pendant\/#primaryimage\",\"url\":\"https:\/\/kabinam.lt\/wp-content\/uploads\/2024\/07\/Kirvis-baltas-fonas.jpg\",\"contentUrl\":\"https:\/\/kabinam.lt\/wp-content\/uploads\/2024\/07\/Kirvis-baltas-fonas.jpg\",\"width\":800,\"height\":800,\"caption\":\"God of War kirvio formos metalinis pakabukas\"},{\"@type\":\"BreadcrumbList\",\"@id\":\"https:\/\/kabinam.lt\/eng\/product\/god-of-war-axe-pendant\/#breadcrumb\",\"itemListElement\":[{\"@type\":\"ListItem\",\"position\":1,\"name\":\"Home\",\"item\":\"https:\/\/kabinam.lt\/\"},{\"@type\":\"ListItem\",\"position\":2,\"name\":\"Visi Produktai\",\"item\":\"https:\/\/kabinam.lt\/visi-produktai\/\"},{\"@type\":\"ListItem\",\"position\":3,\"name\":\"God of War kirvio pakabukas \u2013 galingas aksesuaras \u017eaidim\u0173 fanams\"}]},{\"@type\":\"WebSite\",\"@id\":\"https:\/\/kabinam.lt\/#website\",\"url\":\"https:\/\/kabinam.lt\/\",\"name\":\"kabinam.lt\",\"description\":\"Kabinam.lt \u2013 raktu pakabukai ir aksesuarai\",\"publisher\":{\"@id\":\"https:\/\/kabinam.lt\/#organization\"},\"alternateName\":\"pakabukai lt\",\"potentialAction\":[{\"@type\":\"SearchAction\",\"target\":{\"@type\":\"EntryPoint\",\"urlTemplate\":\"https:\/\/kabinam.lt\/?s={search_term_string}\"},\"query-input\":{\"@type\":\"PropertyValueSpecification\",\"valueRequired\":true,\"valueName\":\"search_term_string\"}}],\"inLanguage\":\"lv-LV\"},{\"@type\":\"Organization\",\"@id\":\"https:\/\/kabinam.lt\/#organization\",\"name\":\"kabinam.lt\",\"alternateName\":\"kabinam\",\"url\":\"https:\/\/kabinam.lt\/\",\"logo\":{\"@type\":\"ImageObject\",\"inLanguage\":\"lv-LV\",\"@id\":\"https:\/\/kabinam.lt\/#\/schema\/logo\/image\/\",\"url\":\"https:\/\/kabinam.lt\/wp-content\/uploads\/2025\/05\/KABINAM_outer_glow.png\",\"contentUrl\":\"https:\/\/kabinam.lt\/wp-content\/uploads\/2025\/05\/KABINAM_outer_glow.png\",\"width\":474,\"height\":141,\"caption\":\"kabinam.lt\"},\"image\":{\"@id\":\"https:\/\/kabinam.lt\/#\/schema\/logo\/image\/\"}}]}<\/script>\n<!-- \/ Yoast SEO plugin. -->","yoast_head_json":{"title":"God of War Axe kulons - sp\u0113c\u012bgs aksesu\u0101rs sp\u0113\u013cu faniem","description":"God of War 4 cirvja piekari\u0146\u0161 ir sp\u0113les t\u0113mai velt\u012bts met\u0101la aksesu\u0101rs, kas lieliski noder\u0113s k\u0101 d\u0101vana vai stil\u012bgs aksesu\u0101rs.","robots":{"index":"index","follow":"follow","max-snippet":"max-snippet:-1","max-image-preview":"max-image-preview:large","max-video-preview":"max-video-preview:-1"},"canonical":"https:\/\/kabinam.lt\/lv\/produkts\/god-of-war-axe-kulons\/","og_locale":"lv_LV","og_type":"article","og_title":"God of War kirvio pakabukas \u2013 galingas aksesuaras \u017eaidim\u0173 fanams","og_description":"God of War 4 kirvio pakabukas \u2013 \u017eaidim\u0173 tematikos aksesuaras i\u0161 metalo, puikiai tinkantis kaip dovana ar stiliaus detal\u0117.","og_url":"https:\/\/kabinam.lt\/lv\/produkts\/god-of-war-axe-kulons\/","og_site_name":"kabinam.lt","article_modified_time":"2026-01-03T16:56:14+00:00","og_image":[{"width":800,"height":800,"url":"https:\/\/kabinam.lt\/wp-content\/uploads\/2024\/07\/Kirvis-baltas-fonas.jpg","type":"image\/jpeg"}],"twitter_card":"summary_large_image","twitter_misc":{"Est. reading time":"2 min\u016btes"},"schema":{"@context":"https:\/\/schema.org","@graph":[{"@type":["WebPage","ItemPage"],"@id":"https:\/\/kabinam.lt\/eng\/product\/god-of-war-axe-pendant\/","url":"https:\/\/kabinam.lt\/eng\/product\/god-of-war-axe-pendant\/","name":"God of War Axe kulons - sp\u0113c\u012bgs aksesu\u0101rs sp\u0113\u013cu faniem","isPartOf":{"@id":"https:\/\/kabinam.lt\/#website"},"primaryImageOfPage":{"@id":"https:\/\/kabinam.lt\/eng\/product\/god-of-war-axe-pendant\/#primaryimage"},"image":{"@id":"https:\/\/kabinam.lt\/eng\/product\/god-of-war-axe-pendant\/#primaryimage"},"thumbnailUrl":"https:\/\/kabinam.lt\/wp-content\/uploads\/2024\/07\/Kirvis-baltas-fonas.jpg","datePublished":"2024-07-18T07:52:35+00:00","dateModified":"2026-01-03T16:56:14+00:00","description":"God of War 4 cirvja piekari\u0146\u0161 ir sp\u0113les t\u0113mai velt\u012bts met\u0101la aksesu\u0101rs, kas lieliski noder\u0113s k\u0101 d\u0101vana vai stil\u012bgs aksesu\u0101rs.","breadcrumb":{"@id":"https:\/\/kabinam.lt\/eng\/product\/god-of-war-axe-pendant\/#breadcrumb"},"inLanguage":"lv-LV","potentialAction":[{"@type":"ReadAction","target":["https:\/\/kabinam.lt\/eng\/product\/god-of-war-axe-pendant\/"]}]},{"@type":"ImageObject","inLanguage":"lv-LV","@id":"https:\/\/kabinam.lt\/eng\/product\/god-of-war-axe-pendant\/#primaryimage","url":"https:\/\/kabinam.lt\/wp-content\/uploads\/2024\/07\/Kirvis-baltas-fonas.jpg","contentUrl":"https:\/\/kabinam.lt\/wp-content\/uploads\/2024\/07\/Kirvis-baltas-fonas.jpg","width":800,"height":800,"caption":"God of War kirvio formos metalinis pakabukas"},{"@type":"BreadcrumbList","@id":"https:\/\/kabinam.lt\/eng\/product\/god-of-war-axe-pendant\/#breadcrumb","itemListElement":[{"@type":"ListItem","position":1,"name":"Home","item":"https:\/\/kabinam.lt\/"},{"@type":"ListItem","position":2,"name":"Visi Produktai","item":"https:\/\/kabinam.lt\/visi-produktai\/"},{"@type":"ListItem","position":3,"name":"God of War kirvio pakabukas \u2013 galingas aksesuaras \u017eaidim\u0173 fanams"}]},{"@type":"WebSite","@id":"https:\/\/kabinam.lt\/#website","url":"https:\/\/kabinam.lt\/","name":"kabinam.lt","description":"Kabinam.lt - atsl\u0113gu piekari\u0146i un aksesu\u0101ri","publisher":{"@id":"https:\/\/kabinam.lt\/#organization"},"alternateName":"pakabukai lt","potentialAction":[{"@type":"SearchAction","target":{"@type":"EntryPoint","urlTemplate":"https:\/\/kabinam.lt\/?s={search_term_string}"},"query-input":{"@type":"PropertyValueSpecification","valueRequired":true,"valueName":"search_term_string"}}],"inLanguage":"lv-LV"},{"@type":"Organization","@id":"https:\/\/kabinam.lt\/#organization","name":"kabinam.lt","alternateName":"kabinam","url":"https:\/\/kabinam.lt\/","logo":{"@type":"ImageObject","inLanguage":"lv-LV","@id":"https:\/\/kabinam.lt\/#\/schema\/logo\/image\/","url":"https:\/\/kabinam.lt\/wp-content\/uploads\/2025\/05\/KABINAM_outer_glow.png","contentUrl":"https:\/\/kabinam.lt\/wp-content\/uploads\/2025\/05\/KABINAM_outer_glow.png","width":474,"height":141,"caption":"kabinam.lt"},"image":{"@id":"https:\/\/kabinam.lt\/#\/schema\/logo\/image\/"}}]}},"uagb_featured_image_src":{"full":["https:\/\/kabinam.lt\/wp-content\/uploads\/2024\/07\/Kirvis-baltas-fonas.jpg",800,800,false],"thumbnail":["https:\/\/kabinam.lt\/wp-content\/uploads\/2024\/07\/Kirvis-baltas-fonas-150x150.jpg",150,150,true],"medium":["https:\/\/kabinam.lt\/wp-content\/uploads\/2024\/07\/Kirvis-baltas-fonas-300x300.jpg",300,300,true],"medium_large":["https:\/\/kabinam.lt\/wp-content\/uploads\/2024\/07\/Kirvis-baltas-fonas-768x768.jpg",768,768,true],"large":["https:\/\/kabinam.lt\/wp-content\/uploads\/2024\/07\/Kirvis-baltas-fonas.jpg",800,800,false],"1536x1536":["https:\/\/kabinam.lt\/wp-content\/uploads\/2024\/07\/Kirvis-baltas-fonas.jpg",800,800,false],"2048x2048":["https:\/\/kabinam.lt\/wp-content\/uploads\/2024\/07\/Kirvis-baltas-fonas.jpg",800,800,false],"trp-custom-language-flag":["https:\/\/kabinam.lt\/wp-content\/uploads\/2024\/07\/Kirvis-baltas-fonas.jpg",12,12,false],"woocommerce_thumbnail":["https:\/\/kabinam.lt\/wp-content\/uploads\/2024\/07\/Kirvis-baltas-fonas-300x300.jpg",300,300,true],"woocommerce_single":["https:\/\/kabinam.lt\/wp-content\/uploads\/2024\/07\/Kirvis-baltas-fonas-600x600.jpg",600,600,true],"woocommerce_gallery_thumbnail":["https:\/\/kabinam.lt\/wp-content\/uploads\/2024\/07\/Kirvis-baltas-fonas-100x100.jpg",100,100,true]},"uagb_author_info":{"display_name":"kabinam.lt","author_link":"https:\/\/kabinam.lt\/lv\/author\/"},"uagb_comment_info":0,"uagb_excerpt":"Stilingas God of War kirvio pakabukas \u2013 aksesuaras, \u012fkv\u0117ptas legendinio \u017eaidimo, skirtas \u017eaidim\u0173 fanams ir kolekcininkams.","_links":{"self":[{"href":"https:\/\/kabinam.lt\/lv\/wp-json\/wp\/v2\/product\/2010","targetHints":{"allow":["GET"]}}],"collection":[{"href":"https:\/\/kabinam.lt\/lv\/wp-json\/wp\/v2\/product"}],"about":[{"href":"https:\/\/kabinam.lt\/lv\/wp-json\/wp\/v2\/types\/product"}],"replies":[{"embeddable":true,"href":"https:\/\/kabinam.lt\/lv\/wp-json\/wp\/v2\/comments?post=2010"}],"wp:featuredmedia":[{"embeddable":true,"href":"https:\/\/kabinam.lt\/lv\/wp-json\/wp\/v2\/media\/2011"}],"wp:attachment":[{"href":"https:\/\/kabinam.lt\/lv\/wp-json\/wp\/v2\/media?parent=2010"}],"wp:term":[{"taxonomy":"product_brand","embeddable":true,"href":"https:\/\/kabinam.lt\/lv\/wp-json\/wp\/v2\/product_brand?post=2010"},{"taxonomy":"product_cat","embeddable":true,"href":"https:\/\/kabinam.lt\/lv\/wp-json\/wp\/v2\/product_cat?post=2010"},{"taxonomy":"product_tag","embeddable":true,"href":"https:\/\/kabinam.lt\/lv\/wp-json\/wp\/v2\/product_tag?post=2010"}],"curies":[{"name":"wp","href":"https:\/\/api.w.org\/{rel}","templated":true}]}}