{"id":1804,"date":"2024-06-12T05:43:43","date_gmt":"2024-06-12T05:43:43","guid":{"rendered":"https:\/\/kabinam.lt\/?post_type=product&#038;p=1804"},"modified":"2026-01-03T18:56:15","modified_gmt":"2026-01-03T16:56:15","slug":"originals-astronauta-atslegu-piekarins","status":"publish","type":"product","link":"https:\/\/kabinam.lt\/lv\/product\/originalus-raktu-pakabukas-astronautas\/","title":{"rendered":"Ori\u0123in\u0101las atsl\u0113gu piekari\u0146i - tum\u0161s 3D astronauts"},"content":{"rendered":"<div class=\"kk-star-ratings kksr-auto kksr-align-left kksr-valign-top\"\n    data-payload='{&quot;align&quot;:&quot;left&quot;,&quot;id&quot;:&quot;1804&quot;,&quot;slug&quot;:&quot;default&quot;,&quot;valign&quot;:&quot;top&quot;,&quot;ignore&quot;:&quot;&quot;,&quot;reference&quot;:&quot;auto&quot;,&quot;class&quot;:&quot;&quot;,&quot;count&quot;:&quot;0&quot;,&quot;legendonly&quot;:&quot;&quot;,&quot;readonly&quot;:&quot;&quot;,&quot;score&quot;:&quot;0&quot;,&quot;starsonly&quot;:&quot;&quot;,&quot;best&quot;:&quot;5&quot;,&quot;gap&quot;:&quot;5&quot;,&quot;greet&quot;:&quot;Mums svarbus j\u016bs\u0173 \u012fvertinimas&quot;,&quot;legend&quot;:&quot;0\\\/5 - (0 votes)&quot;,&quot;size&quot;:&quot;24&quot;,&quot;title&quot;:&quot;Original\u016bs rakt\u0173 pakabukai \u2013 tamsus 3D astronautas&quot;,&quot;width&quot;:&quot;0&quot;,&quot;_legend&quot;:&quot;{score}\\\/{best} - ({count} {votes})&quot;,&quot;font_factor&quot;:&quot;1.25&quot;}'>\n            \n<div class=\"kksr-stars\">\n    \n<div class=\"kksr-stars-inactive\">\n            <div class=\"kksr-star\" data-star=\"1\" style=\"padding-right: 5px\">\n            \n\n<div class=\"kksr-icon\" style=\"width: 24px; height: 24px;\"><\/div>\n        <\/div>\n            <div class=\"kksr-star\" data-star=\"2\" style=\"padding-right: 5px\">\n            \n\n<div class=\"kksr-icon\" style=\"width: 24px; height: 24px;\"><\/div>\n        <\/div>\n            <div class=\"kksr-star\" data-star=\"3\" style=\"padding-right: 5px\">\n            \n\n<div class=\"kksr-icon\" style=\"width: 24px; height: 24px;\"><\/div>\n        <\/div>\n            <div class=\"kksr-star\" data-star=\"4\" style=\"padding-right: 5px\">\n            \n\n<div class=\"kksr-icon\" style=\"width: 24px; height: 24px;\"><\/div>\n        <\/div>\n            <div class=\"kksr-star\" data-star=\"5\" style=\"padding-right: 5px\">\n            \n\n<div class=\"kksr-icon\" style=\"width: 24px; height: 24px;\"><\/div>\n        <\/div>\n    <\/div>\n    \n<div class=\"kksr-stars-active\" style=\"width: 0px;\">\n            <div class=\"kksr-star\" style=\"padding-right: 5px\">\n            \n\n<div class=\"kksr-icon\" style=\"width: 24px; height: 24px;\"><\/div>\n        <\/div>\n            <div class=\"kksr-star\" style=\"padding-right: 5px\">\n            \n\n<div class=\"kksr-icon\" style=\"width: 24px; height: 24px;\"><\/div>\n        <\/div>\n            <div class=\"kksr-star\" style=\"padding-right: 5px\">\n            \n\n<div class=\"kksr-icon\" style=\"width: 24px; height: 24px;\"><\/div>\n        <\/div>\n            <div class=\"kksr-star\" style=\"padding-right: 5px\">\n            \n\n<div class=\"kksr-icon\" style=\"width: 24px; height: 24px;\"><\/div>\n        <\/div>\n            <div class=\"kksr-star\" style=\"padding-right: 5px\">\n            \n\n<div class=\"kksr-icon\" style=\"width: 24px; height: 24px;\"><\/div>\n        <\/div>\n    <\/div>\n<\/div>\n                \n\n<div class=\"kksr-legend\" style=\"font-size: 19.2px;\">\n            <span class=\"kksr-muted\">Mums ir svar\u012bgs j\u016bsu nov\u0113rt\u0113jums<\/span>\n    <\/div>\n    <\/div>\n<h4 class=\"\" data-start=\"562\" data-end=\"626\"><strong data-start=\"567\" data-end=\"626\">Ori\u0123in\u0101lie atsl\u0113gu piekari\u0146i - ekskluzivit\u0101tes izv\u0113le<\/strong><\/h4>\n<p class=\"\" data-start=\"628\" data-end=\"956\">Mekl\u0113jat kaut ko unik\u0101lu un ekskluz\u012bvu? \u0160is 3D astronauts ir viens no tiem aksesu\u0101riem, kas patie\u0161\u0101m izce\u013cas. <strong data-start=\"741\" data-end=\"771\">Ori\u0123in\u0101li atsl\u0113gu piekari\u0146i<\/strong> var b\u016bt ne tikai stila deta\u013ca, bet ar\u012b runas simbols ikdienas dz\u012bv\u0113. Tum\u0161i pel\u0113kais astronauts ir ide\u0101li piem\u0113rots gan v\u012brie\u0161iem, gan sieviet\u0113m, kas nov\u0113rt\u0113 netradicion\u0101lus risin\u0101jumus.<\/p>\n<h4 class=\"\" data-start=\"958\" data-end=\"1001\"><strong data-start=\"963\" data-end=\"1001\">Funkcionalit\u0101te un dizains vien\u0101<\/strong><\/h4>\n<p class=\"\" data-start=\"1003\" data-end=\"1363\">Piekari\u0146\u0161 ir izgatavots no iztur\u012bga, nedaudz m\u012bksta materi\u0101la - plastmasas vai gumijai l\u012bdz\u012bga kompoz\u012bta. Tas nodro\u0161ina vieglumu, iztur\u012bbu un komfortu ikdienas lieto\u0161an\u0101. Pateicoties 3D formai, astronauts izskat\u0101s \u013coti re\u0101listiski - k\u0101 maza fig\u016bri\u0146a. T\u0101 kr\u0101sa ir pies\u0101tin\u0101ta un eleganta, t\u0101p\u0113c t\u0101 lieliski iederas atsl\u0113g\u0101m, mugursom\u0101m vai automa\u0161\u012bnas atsl\u0113g\u0101m.<\/p>\n<h4 class=\"\" data-start=\"1365\" data-end=\"1407\"><strong data-start=\"1370\" data-end=\"1407\">Stil\u012bga d\u0101vana jebkuram gad\u012bjumam<\/strong><\/h4>\n<p class=\"\" data-start=\"1409\" data-end=\"1909\">\u0160is aksesu\u0101rs ir lieliski piem\u0113rots k\u0101 d\u0101vana tiem, kuri interes\u0113jas par kosmosu, tehnolo\u0123ij\u0101m vai mekl\u0113 simbolisku talismanu. Astronauti bie\u017ei tiek asoci\u0113ti ar drosmi, ap\u0146\u0113m\u012bbu un sap\u0146iem - t\u0101p\u0113c \u0161ie <strong data-start=\"1598\" data-end=\"1628\">ori\u0123in\u0101li atsl\u0113gu piekari\u0146i<\/strong> runa ir ne tikai par gar\u0161u, bet ar\u012b par v\u0113rt\u012bb\u0101m. Ja mekl\u0113jat interesant\u0101kas iesp\u0113jas, iesak\u0101m apmekl\u0113t kategoriju <a class=\"\" href=\"https:\/\/kabinam.lt\/lv\/produkta-kategorija-2\/unikaliu-pakabuku-kategorija\/\" target=\"_new\" rel=\"noopener\" data-start=\"1752\" data-end=\"1839\">unik\u0101li kuloni<\/a> vai apskat\u012bt <a class=\"\" href=\"https:\/\/kabinam.lt\/lv\/visi-produkti\/\" target=\"_new\" rel=\"noopener\" data-start=\"1855\" data-end=\"1908\">visi produkti<\/a>.<\/p>\n<h4 class=\"\" data-start=\"1911\" data-end=\"1947\"><strong data-start=\"1916\" data-end=\"1947\">Simbolisms un emocion\u0101l\u0101 noz\u012bme<\/strong><\/h4>\n<p class=\"\" data-start=\"1949\" data-end=\"2240\">Astronauts ir cilv\u0113ks, kur\u0161 ir ap\u0146\u0113m\u012bbas pilns izp\u0113t\u012bt nezin\u0101mo. T\u0101p\u0113c \u0161is kulons ir ide\u0101ls motiv\u0101cijas simbols ikdienai. \u0160\u0101ds priek\u0161mets var atg\u0101din\u0101t par j\u016bsu m\u0113r\u0137iem, sap\u0146iem vai pat b\u0113rn\u012bbas ide\u0101liem. Tas nav tikai aksesu\u0101rs - tas ir v\u0113stures gabali\u0146\u0161, ko j\u016bs n\u0113s\u0101jat l\u012bdzi.<\/p>\n<h4 class=\"\" data-start=\"2242\" data-end=\"2273\"><strong data-start=\"2247\" data-end=\"2273\">Izm\u0113\u0123iniet kaut ko jaunu<\/strong><\/h4>\n<p class=\"\" data-start=\"2275\" data-end=\"2640\">Aizmirstiet par standarta piekari\u0146iem - Astronauts ir lieliska izv\u0113le tiem, kas nov\u0113rt\u0113 individualit\u0101ti. Ja v\u0113laties uzzin\u0101t, k\u0101 simboliski priek\u0161meti ietekm\u0113 m\u016bsu garast\u0101vokli un pa\u0161saj\u016btu, iesak\u0101m las\u012bt <a class=\"cursor-pointer\" target=\"_new\" rel=\"noopener\" data-start=\"2488\" data-end=\"2621\">\u0161aj\u0101 rakst\u0101 par ikdienas simboliem<\/a> (\u0101r\u0113ja saite).<\/p>","protected":false},"excerpt":{"rendered":"<p>Unik\u0101ls 3D plastmasas astronauts - ori\u0123in\u0101ls piekari\u0146\u0161 tiem, kas mekl\u0113 unik\u0101lus aksesu\u0101rus.<\/p>","protected":false},"featured_media":2398,"comment_status":"closed","ping_status":"closed","template":"","meta":{"_uag_custom_page_level_css":"","site-sidebar-layout":"default","site-content-layout":"","ast-site-content-layout":"default","site-content-style":"default","site-sidebar-style":"default","ast-global-header-display":"","ast-banner-title-visibility":"","ast-main-header-display":"","ast-hfb-above-header-display":"","ast-hfb-below-header-display":"","ast-hfb-mobile-header-display":"","site-post-title":"","ast-breadcrumbs-content":"","ast-featured-img":"","footer-sml-layout":"","ast-disable-related-posts":"","theme-transparent-header-meta":"default","adv-header-id-meta":"","stick-header-meta":"","header-above-stick-meta":"","header-main-stick-meta":"","header-below-stick-meta":"","astra-migrate-meta-layouts":"set","ast-page-background-enabled":"default","ast-page-background-meta":{"desktop":{"background-color":"var(--ast-global-color-4)","background-image":"","background-repeat":"repeat","background-position":"center center","background-size":"auto","background-attachment":"scroll","background-type":"","background-media":"","overlay-type":"","overlay-color":"","overlay-opacity":"","overlay-gradient":""},"tablet":{"background-color":"","background-image":"","background-repeat":"repeat","background-position":"center center","background-size":"auto","background-attachment":"scroll","background-type":"","background-media":"","overlay-type":"","overlay-color":"","overlay-opacity":"","overlay-gradient":""},"mobile":{"background-color":"","background-image":"","background-repeat":"repeat","background-position":"center center","background-size":"auto","background-attachment":"scroll","background-type":"","background-media":"","overlay-type":"","overlay-color":"","overlay-opacity":"","overlay-gradient":""}},"ast-content-background-meta":{"desktop":{"background-color":"var(--ast-global-color-5)","background-image":"","background-repeat":"repeat","background-position":"center center","background-size":"auto","background-attachment":"scroll","background-type":"","background-media":"","overlay-type":"","overlay-color":"","overlay-opacity":"","overlay-gradient":""},"tablet":{"background-color":"var(--ast-global-color-5)","background-image":"","background-repeat":"repeat","background-position":"center center","background-size":"auto","background-attachment":"scroll","background-type":"","background-media":"","overlay-type":"","overlay-color":"","overlay-opacity":"","overlay-gradient":""},"mobile":{"background-color":"var(--ast-global-color-5)","background-image":"","background-repeat":"repeat","background-position":"center center","background-size":"auto","background-attachment":"scroll","background-type":"","background-media":"","overlay-type":"","overlay-color":"","overlay-opacity":"","overlay-gradient":""}}},"product_brand":[],"product_cat":[125,126,95],"product_tag":[],"class_list":{"0":"post-1804","1":"product","2":"type-product","3":"status-publish","4":"has-post-thumbnail","6":"product_cat-halloween","7":"product_cat-visi","8":"product_cat-unikalus-raktu-pakabukai","9":"desktop-align-center","10":"tablet-align-left","11":"mobile-align-left","13":"first","14":"outofstock","15":"shipping-taxable","16":"purchasable","17":"product-type-simple"},"yoast_head":"<!-- This site is optimized with the Yoast SEO plugin v27.1.1 - https:\/\/yoast.com\/product\/yoast-seo-wordpress\/ -->\n<title>Original\u016bs rakt\u0173 pakabukai \u2013 tamsus 3D astronautas<\/title>\n<meta name=\"description\" content=\"Tamsiai pilkas 3D astronautas \u2013 original\u016bs rakt\u0173 pakabukai kasdienai. Simbolinis aksesuaras, i\u0161siskiriantis dizainu ir prasme.\" \/>\n<meta name=\"robots\" content=\"index, follow, max-snippet:-1, max-image-preview:large, max-video-preview:-1\" \/>\n<link rel=\"canonical\" href=\"https:\/\/kabinam.lt\/lv\/produkts\/originals-astronauta-atslegu-piekarins\/\" \/>\n<meta property=\"og:locale\" content=\"lv_LV\" \/>\n<meta property=\"og:type\" content=\"article\" \/>\n<meta property=\"og:title\" content=\"Original\u016bs rakt\u0173 pakabukai \u2013 tamsus 3D astronautas\" \/>\n<meta property=\"og:description\" content=\"Tamsiai pilkas 3D astronautas \u2013 original\u016bs rakt\u0173 pakabukai kasdienai. Simbolinis aksesuaras, i\u0161siskiriantis dizainu ir prasme.\" \/>\n<meta property=\"og:url\" content=\"https:\/\/kabinam.lt\/lv\/produkts\/originals-astronauta-atslegu-piekarins\/\" \/>\n<meta property=\"og:site_name\" content=\"kabinam.lt\" \/>\n<meta property=\"article:modified_time\" content=\"2026-01-03T16:56:15+00:00\" \/>\n<meta property=\"og:image\" content=\"https:\/\/kabinam.lt\/wp-content\/uploads\/2024\/06\/Astronautas-pilkas.jpg\" \/>\n\t<meta property=\"og:image:width\" content=\"800\" \/>\n\t<meta property=\"og:image:height\" content=\"800\" \/>\n\t<meta property=\"og:image:type\" content=\"image\/jpeg\" \/>\n<meta name=\"twitter:card\" content=\"summary_large_image\" \/>\n<meta name=\"twitter:label1\" content=\"Est. reading time\" \/>\n\t<meta name=\"twitter:data1\" content=\"2 min\u016btes\" \/>\n<script type=\"application\/ld+json\" class=\"yoast-schema-graph\">{\"@context\":\"https:\/\/schema.org\",\"@graph\":[{\"@type\":[\"WebPage\",\"ItemPage\"],\"@id\":\"https:\/\/kabinam.lt\/eng\/product\/originalus-raktu-pakabukas-astronautas\/\",\"url\":\"https:\/\/kabinam.lt\/eng\/product\/originalus-raktu-pakabukas-astronautas\/\",\"name\":\"Original\u016bs rakt\u0173 pakabukai \u2013 tamsus 3D astronautas\",\"isPartOf\":{\"@id\":\"https:\/\/kabinam.lt\/#website\"},\"primaryImageOfPage\":{\"@id\":\"https:\/\/kabinam.lt\/eng\/product\/originalus-raktu-pakabukas-astronautas\/#primaryimage\"},\"image\":{\"@id\":\"https:\/\/kabinam.lt\/eng\/product\/originalus-raktu-pakabukas-astronautas\/#primaryimage\"},\"thumbnailUrl\":\"https:\/\/kabinam.lt\/wp-content\/uploads\/2024\/06\/Astronautas-pilkas.jpg\",\"datePublished\":\"2024-06-12T05:43:43+00:00\",\"dateModified\":\"2026-01-03T16:56:15+00:00\",\"description\":\"Tamsiai pilkas 3D astronautas \u2013 original\u016bs rakt\u0173 pakabukai kasdienai. Simbolinis aksesuaras, i\u0161siskiriantis dizainu ir prasme.\",\"breadcrumb\":{\"@id\":\"https:\/\/kabinam.lt\/eng\/product\/originalus-raktu-pakabukas-astronautas\/#breadcrumb\"},\"inLanguage\":\"lv-LV\",\"potentialAction\":[{\"@type\":\"ReadAction\",\"target\":[\"https:\/\/kabinam.lt\/eng\/product\/originalus-raktu-pakabukas-astronautas\/\"]}]},{\"@type\":\"ImageObject\",\"inLanguage\":\"lv-LV\",\"@id\":\"https:\/\/kabinam.lt\/eng\/product\/originalus-raktu-pakabukas-astronautas\/#primaryimage\",\"url\":\"https:\/\/kabinam.lt\/wp-content\/uploads\/2024\/06\/Astronautas-pilkas.jpg\",\"contentUrl\":\"https:\/\/kabinam.lt\/wp-content\/uploads\/2024\/06\/Astronautas-pilkas.jpg\",\"width\":800,\"height\":800,\"caption\":\"3D astronautas i\u0161 plastiko \u2013 i\u0161skirtinis pakabukas kasdienai\"},{\"@type\":\"BreadcrumbList\",\"@id\":\"https:\/\/kabinam.lt\/eng\/product\/originalus-raktu-pakabukas-astronautas\/#breadcrumb\",\"itemListElement\":[{\"@type\":\"ListItem\",\"position\":1,\"name\":\"Home\",\"item\":\"https:\/\/kabinam.lt\/\"},{\"@type\":\"ListItem\",\"position\":2,\"name\":\"Visi Produktai\",\"item\":\"https:\/\/kabinam.lt\/visi-produktai\/\"},{\"@type\":\"ListItem\",\"position\":3,\"name\":\"Original\u016bs rakt\u0173 pakabukai \u2013 tamsus 3D astronautas\"}]},{\"@type\":\"WebSite\",\"@id\":\"https:\/\/kabinam.lt\/#website\",\"url\":\"https:\/\/kabinam.lt\/\",\"name\":\"kabinam.lt\",\"description\":\"Kabinam.lt \u2013 raktu pakabukai ir aksesuarai\",\"publisher\":{\"@id\":\"https:\/\/kabinam.lt\/#organization\"},\"alternateName\":\"pakabukai lt\",\"potentialAction\":[{\"@type\":\"SearchAction\",\"target\":{\"@type\":\"EntryPoint\",\"urlTemplate\":\"https:\/\/kabinam.lt\/?s={search_term_string}\"},\"query-input\":{\"@type\":\"PropertyValueSpecification\",\"valueRequired\":true,\"valueName\":\"search_term_string\"}}],\"inLanguage\":\"lv-LV\"},{\"@type\":\"Organization\",\"@id\":\"https:\/\/kabinam.lt\/#organization\",\"name\":\"kabinam.lt\",\"alternateName\":\"kabinam\",\"url\":\"https:\/\/kabinam.lt\/\",\"logo\":{\"@type\":\"ImageObject\",\"inLanguage\":\"lv-LV\",\"@id\":\"https:\/\/kabinam.lt\/#\/schema\/logo\/image\/\",\"url\":\"https:\/\/kabinam.lt\/wp-content\/uploads\/2025\/05\/KABINAM_outer_glow.png\",\"contentUrl\":\"https:\/\/kabinam.lt\/wp-content\/uploads\/2025\/05\/KABINAM_outer_glow.png\",\"width\":474,\"height\":141,\"caption\":\"kabinam.lt\"},\"image\":{\"@id\":\"https:\/\/kabinam.lt\/#\/schema\/logo\/image\/\"}}]}<\/script>\n<!-- \/ Yoast SEO plugin. -->","yoast_head_json":{"title":"Ori\u0123in\u0101las atsl\u0113gu piekari\u0146i - tum\u0161s 3D astronauts","description":"Tum\u0161i pel\u0113ks 3D astronauts - ori\u0123in\u0101ls atsl\u0113gu piekari\u0146\u0161 ikdienas lieto\u0161anai. Simbolisks aksesu\u0101rs ar dizainu un noz\u012bmi.","robots":{"index":"index","follow":"follow","max-snippet":"max-snippet:-1","max-image-preview":"max-image-preview:large","max-video-preview":"max-video-preview:-1"},"canonical":"https:\/\/kabinam.lt\/lv\/produkts\/originals-astronauta-atslegu-piekarins\/","og_locale":"lv_LV","og_type":"article","og_title":"Original\u016bs rakt\u0173 pakabukai \u2013 tamsus 3D astronautas","og_description":"Tamsiai pilkas 3D astronautas \u2013 original\u016bs rakt\u0173 pakabukai kasdienai. Simbolinis aksesuaras, i\u0161siskiriantis dizainu ir prasme.","og_url":"https:\/\/kabinam.lt\/lv\/produkts\/originals-astronauta-atslegu-piekarins\/","og_site_name":"kabinam.lt","article_modified_time":"2026-01-03T16:56:15+00:00","og_image":[{"width":800,"height":800,"url":"https:\/\/kabinam.lt\/wp-content\/uploads\/2024\/06\/Astronautas-pilkas.jpg","type":"image\/jpeg"}],"twitter_card":"summary_large_image","twitter_misc":{"Est. reading time":"2 min\u016btes"},"schema":{"@context":"https:\/\/schema.org","@graph":[{"@type":["WebPage","ItemPage"],"@id":"https:\/\/kabinam.lt\/eng\/product\/originalus-raktu-pakabukas-astronautas\/","url":"https:\/\/kabinam.lt\/eng\/product\/originalus-raktu-pakabukas-astronautas\/","name":"Ori\u0123in\u0101las atsl\u0113gu piekari\u0146i - tum\u0161s 3D astronauts","isPartOf":{"@id":"https:\/\/kabinam.lt\/#website"},"primaryImageOfPage":{"@id":"https:\/\/kabinam.lt\/eng\/product\/originalus-raktu-pakabukas-astronautas\/#primaryimage"},"image":{"@id":"https:\/\/kabinam.lt\/eng\/product\/originalus-raktu-pakabukas-astronautas\/#primaryimage"},"thumbnailUrl":"https:\/\/kabinam.lt\/wp-content\/uploads\/2024\/06\/Astronautas-pilkas.jpg","datePublished":"2024-06-12T05:43:43+00:00","dateModified":"2026-01-03T16:56:15+00:00","description":"Tum\u0161i pel\u0113ks 3D astronauts - ori\u0123in\u0101ls atsl\u0113gu piekari\u0146\u0161 ikdienas lieto\u0161anai. Simbolisks aksesu\u0101rs ar dizainu un noz\u012bmi.","breadcrumb":{"@id":"https:\/\/kabinam.lt\/eng\/product\/originalus-raktu-pakabukas-astronautas\/#breadcrumb"},"inLanguage":"lv-LV","potentialAction":[{"@type":"ReadAction","target":["https:\/\/kabinam.lt\/eng\/product\/originalus-raktu-pakabukas-astronautas\/"]}]},{"@type":"ImageObject","inLanguage":"lv-LV","@id":"https:\/\/kabinam.lt\/eng\/product\/originalus-raktu-pakabukas-astronautas\/#primaryimage","url":"https:\/\/kabinam.lt\/wp-content\/uploads\/2024\/06\/Astronautas-pilkas.jpg","contentUrl":"https:\/\/kabinam.lt\/wp-content\/uploads\/2024\/06\/Astronautas-pilkas.jpg","width":800,"height":800,"caption":"3D astronautas i\u0161 plastiko \u2013 i\u0161skirtinis pakabukas kasdienai"},{"@type":"BreadcrumbList","@id":"https:\/\/kabinam.lt\/eng\/product\/originalus-raktu-pakabukas-astronautas\/#breadcrumb","itemListElement":[{"@type":"ListItem","position":1,"name":"Home","item":"https:\/\/kabinam.lt\/"},{"@type":"ListItem","position":2,"name":"Visi Produktai","item":"https:\/\/kabinam.lt\/visi-produktai\/"},{"@type":"ListItem","position":3,"name":"Original\u016bs rakt\u0173 pakabukai \u2013 tamsus 3D astronautas"}]},{"@type":"WebSite","@id":"https:\/\/kabinam.lt\/#website","url":"https:\/\/kabinam.lt\/","name":"kabinam.lt","description":"Kabinam.lt - atsl\u0113gu piekari\u0146i un aksesu\u0101ri","publisher":{"@id":"https:\/\/kabinam.lt\/#organization"},"alternateName":"pakabukai lt","potentialAction":[{"@type":"SearchAction","target":{"@type":"EntryPoint","urlTemplate":"https:\/\/kabinam.lt\/?s={search_term_string}"},"query-input":{"@type":"PropertyValueSpecification","valueRequired":true,"valueName":"search_term_string"}}],"inLanguage":"lv-LV"},{"@type":"Organization","@id":"https:\/\/kabinam.lt\/#organization","name":"kabinam.lt","alternateName":"kabinam","url":"https:\/\/kabinam.lt\/","logo":{"@type":"ImageObject","inLanguage":"lv-LV","@id":"https:\/\/kabinam.lt\/#\/schema\/logo\/image\/","url":"https:\/\/kabinam.lt\/wp-content\/uploads\/2025\/05\/KABINAM_outer_glow.png","contentUrl":"https:\/\/kabinam.lt\/wp-content\/uploads\/2025\/05\/KABINAM_outer_glow.png","width":474,"height":141,"caption":"kabinam.lt"},"image":{"@id":"https:\/\/kabinam.lt\/#\/schema\/logo\/image\/"}}]}},"uagb_featured_image_src":{"full":["https:\/\/kabinam.lt\/wp-content\/uploads\/2024\/06\/Astronautas-pilkas.jpg",800,800,false],"thumbnail":["https:\/\/kabinam.lt\/wp-content\/uploads\/2024\/06\/Astronautas-pilkas-150x150.jpg",150,150,true],"medium":["https:\/\/kabinam.lt\/wp-content\/uploads\/2024\/06\/Astronautas-pilkas-300x300.jpg",300,300,true],"medium_large":["https:\/\/kabinam.lt\/wp-content\/uploads\/2024\/06\/Astronautas-pilkas-768x768.jpg",768,768,true],"large":["https:\/\/kabinam.lt\/wp-content\/uploads\/2024\/06\/Astronautas-pilkas.jpg",800,800,false],"1536x1536":["https:\/\/kabinam.lt\/wp-content\/uploads\/2024\/06\/Astronautas-pilkas.jpg",800,800,false],"2048x2048":["https:\/\/kabinam.lt\/wp-content\/uploads\/2024\/06\/Astronautas-pilkas.jpg",800,800,false],"trp-custom-language-flag":["https:\/\/kabinam.lt\/wp-content\/uploads\/2024\/06\/Astronautas-pilkas.jpg",12,12,false],"woocommerce_thumbnail":["https:\/\/kabinam.lt\/wp-content\/uploads\/2024\/06\/Astronautas-pilkas-300x300.jpg",300,300,true],"woocommerce_single":["https:\/\/kabinam.lt\/wp-content\/uploads\/2024\/06\/Astronautas-pilkas-600x600.jpg",600,600,true],"woocommerce_gallery_thumbnail":["https:\/\/kabinam.lt\/wp-content\/uploads\/2024\/06\/Astronautas-pilkas-100x100.jpg",100,100,true]},"uagb_author_info":{"display_name":"Kiril","author_link":"https:\/\/kabinam.lt\/lv\/author\/"},"uagb_comment_info":0,"uagb_excerpt":"Unikalus 3D astronautas i\u0161 plastiko \u2013 originalus pakabukas tiems, kurie ie\u0161ko i\u0161skirtini\u0173 aksesuar\u0173.","_links":{"self":[{"href":"https:\/\/kabinam.lt\/lv\/wp-json\/wp\/v2\/product\/1804","targetHints":{"allow":["GET"]}}],"collection":[{"href":"https:\/\/kabinam.lt\/lv\/wp-json\/wp\/v2\/product"}],"about":[{"href":"https:\/\/kabinam.lt\/lv\/wp-json\/wp\/v2\/types\/product"}],"replies":[{"embeddable":true,"href":"https:\/\/kabinam.lt\/lv\/wp-json\/wp\/v2\/comments?post=1804"}],"wp:featuredmedia":[{"embeddable":true,"href":"https:\/\/kabinam.lt\/lv\/wp-json\/wp\/v2\/media\/2398"}],"wp:attachment":[{"href":"https:\/\/kabinam.lt\/lv\/wp-json\/wp\/v2\/media?parent=1804"}],"wp:term":[{"taxonomy":"product_brand","embeddable":true,"href":"https:\/\/kabinam.lt\/lv\/wp-json\/wp\/v2\/product_brand?post=1804"},{"taxonomy":"product_cat","embeddable":true,"href":"https:\/\/kabinam.lt\/lv\/wp-json\/wp\/v2\/product_cat?post=1804"},{"taxonomy":"product_tag","embeddable":true,"href":"https:\/\/kabinam.lt\/lv\/wp-json\/wp\/v2\/product_tag?post=1804"}],"curies":[{"name":"wp","href":"https:\/\/api.w.org\/{rel}","templated":true}]}}