{"id":4534,"date":"2025-12-13T22:35:34","date_gmt":"2025-12-13T20:35:34","guid":{"rendered":"https:\/\/kabinam.lt\/?post_type=product&#038;p=4534"},"modified":"2026-03-12T07:04:08","modified_gmt":"2026-03-12T05:04:08","slug":"kate-su-peiliu-juodas-humoras-edgy-pin","status":"publish","type":"product","link":"https:\/\/kabinam.lt\/lt\/product\/kate-su-peiliu-juodas-humoras-edgy-pin\/","title":{"rendered":"Edgy Humoro Seg\u0117 | Kat\u0117 Su Peiliu Bro\u0161ka"},"content":{"rendered":"\n\n<div class=\"kk-star-ratings kksr-auto kksr-align-left kksr-valign-top\"\n    data-payload='{&quot;align&quot;:&quot;left&quot;,&quot;id&quot;:&quot;4534&quot;,&quot;slug&quot;:&quot;default&quot;,&quot;valign&quot;:&quot;top&quot;,&quot;ignore&quot;:&quot;&quot;,&quot;reference&quot;:&quot;auto&quot;,&quot;class&quot;:&quot;&quot;,&quot;count&quot;:&quot;0&quot;,&quot;legendonly&quot;:&quot;&quot;,&quot;readonly&quot;:&quot;&quot;,&quot;score&quot;:&quot;0&quot;,&quot;starsonly&quot;:&quot;&quot;,&quot;best&quot;:&quot;5&quot;,&quot;gap&quot;:&quot;5&quot;,&quot;greet&quot;:&quot;Mums svarbus j\u016bs\u0173 \u012fvertinimas&quot;,&quot;legend&quot;:&quot;0\\\/5 - (0 votes)&quot;,&quot;size&quot;:&quot;24&quot;,&quot;title&quot;:&quot;Edgy Humoro Seg\u0117 | Kat\u0117 Su Peiliu Bro\u0161ka&quot;,&quot;width&quot;:&quot;0&quot;,&quot;_legend&quot;:&quot;{score}\\\/{best} - ({count} {votes})&quot;,&quot;font_factor&quot;:&quot;1.25&quot;}'>\n            \n<div class=\"kksr-stars\">\n    \n<div class=\"kksr-stars-inactive\">\n            <div class=\"kksr-star\" data-star=\"1\" style=\"padding-right: 5px\">\n            \n\n<div class=\"kksr-icon\" style=\"width: 24px; height: 24px;\"><\/div>\n        <\/div>\n            <div class=\"kksr-star\" data-star=\"2\" style=\"padding-right: 5px\">\n            \n\n<div class=\"kksr-icon\" style=\"width: 24px; height: 24px;\"><\/div>\n        <\/div>\n            <div class=\"kksr-star\" data-star=\"3\" style=\"padding-right: 5px\">\n            \n\n<div class=\"kksr-icon\" style=\"width: 24px; height: 24px;\"><\/div>\n        <\/div>\n            <div class=\"kksr-star\" data-star=\"4\" style=\"padding-right: 5px\">\n            \n\n<div class=\"kksr-icon\" style=\"width: 24px; height: 24px;\"><\/div>\n        <\/div>\n            <div class=\"kksr-star\" data-star=\"5\" style=\"padding-right: 5px\">\n            \n\n<div class=\"kksr-icon\" style=\"width: 24px; height: 24px;\"><\/div>\n        <\/div>\n    <\/div>\n    \n<div class=\"kksr-stars-active\" style=\"width: 0px;\">\n            <div class=\"kksr-star\" style=\"padding-right: 5px\">\n            \n\n<div class=\"kksr-icon\" style=\"width: 24px; height: 24px;\"><\/div>\n        <\/div>\n            <div class=\"kksr-star\" style=\"padding-right: 5px\">\n            \n\n<div class=\"kksr-icon\" style=\"width: 24px; height: 24px;\"><\/div>\n        <\/div>\n            <div class=\"kksr-star\" style=\"padding-right: 5px\">\n            \n\n<div class=\"kksr-icon\" style=\"width: 24px; height: 24px;\"><\/div>\n        <\/div>\n            <div class=\"kksr-star\" style=\"padding-right: 5px\">\n            \n\n<div class=\"kksr-icon\" style=\"width: 24px; height: 24px;\"><\/div>\n        <\/div>\n            <div class=\"kksr-star\" style=\"padding-right: 5px\">\n            \n\n<div class=\"kksr-icon\" style=\"width: 24px; height: 24px;\"><\/div>\n        <\/div>\n    <\/div>\n<\/div>\n                \n\n<div class=\"kksr-legend\" style=\"font-size: 19.2px;\">\n            <span class=\"kksr-muted\">Mums svarbus j\u016bs\u0173 \u012fvertinimas<\/span>\n    <\/div>\n    <\/div>\n<h1 data-path-to-node=\"13\">Edgy Humoro Seg\u0117: Kat\u0117 Su Peiliu \u2013 <i>Cool<\/i> Ir <i>Meme<\/i> Stilius<\/h1>\n<p data-path-to-node=\"14\">\u0160i <b>kat\u0117s su peiliu emalio seg\u0117<\/b> puikiai tinka tiems, kurie vertina stiprias emocijas ir juod\u0105 humor\u0105! Ji atspindi ka\u010di\u0173 temperament\u0105 ir <i>cool<\/i> <b>agresyvi\u0105<\/b> <i>aesthetic<\/i>. Tai tobulas <b>aksesuaras<\/b> tiems, kurie myli <i>fun<\/i> stili\u0173, <b>juod\u0105 humor\u0105<\/b> ir <b>kates<\/b>, kurios tikrai moka pasisaugoti. Juoda kat\u0117 su peiliu nasruose ir didel\u0117mis geltonomis akimis sukuria komi\u0161kai <b>gr\u0117sming\u0105<\/b> efekt\u0105. Tai ne tik <b>emalio bro\u0161ka<\/b> \u2013 tai J\u016bs\u0173 b\u016bdas parodyti <i>cool<\/i> stili\u0173 ir save identifikuoti su <i>edgy<\/i> <i>pop culture<\/i>. Jei ie\u0161kote <i>statement piece<\/i>, kuris parodo J\u016bs\u0173 <i>fun<\/i> ir dr\u0105si\u0105 pus\u0119, \u0161is <b>ka\u010di\u0173 pin&#8217;as<\/b> yra <i>must-have<\/i>.<\/p>\n<h2 data-path-to-node=\"15\"><i>Edgy<\/i> Dizainas Ir Juodasis Humoras<\/h2>\n<p data-path-to-node=\"16\">\u0160io <b>emalio segtuko<\/b> dizainas i\u0161siskiria <i>fun<\/i> ir ironi\u0161ku stiliumi. Juoda, balta ir geltona spalv\u0173 schema yra ry\u0161ki. Peilis nasruose prideda <b>humoro<\/b> ir <b>charakterio<\/b> akcento, pabr\u0117\u017eiant ka\u010di\u0173 nenor\u0105 b\u016bti ignoruojamomis. \u0160is <b>ka\u010di\u0173 segtukas<\/b> puikiai tinka derinti su kitais <i>pop culture<\/i>, <b>humoristin\u0117s tematikos<\/b> ar <b>gyv\u016bn\u0173 pin&#8217;ais<\/b>.<\/p>\n<ul data-path-to-node=\"17\">\n<li>\n<p data-path-to-node=\"17,0,0\"><b>Stilius:<\/b> Idealiai tinka <i>aesthetic<\/i>, <i>fun<\/i>, <i>edgy<\/i> ir <b>juodojo humoro<\/b> stiliams.<\/p>\n<\/li>\n<li>\n<p data-path-to-node=\"17,1,0\"><b>Kokyb\u0117:<\/b> M\u016bs\u0173 <b>emalio sag\u0117s<\/b> gaminamos i\u0161 auk\u0161\u010diausios kokyb\u0117s kietojo emalio, u\u017etikrinan\u010dio, kad spalvos ir detal\u0117s i\u0161liks ry\u0161kios. Tai <b>auk\u0161tos kokyb\u0117s pin&#8217;as<\/b>, kuris atlaikys kasdien\u012f ne\u0161iojim\u0105. Jeigu norite daugiau su\u017einoti apie tai, kaip pri\u017ei\u016br\u0117ti savo <b>teminius<\/b> <i>pin&#8217;us<\/i>, kad jie visuomet atrodyt\u0173 <i>fresh<\/i>, rasite informacijos <a class=\"ng-star-inserted\" href=\"https:\/\/www.pinnpatch.lt\" target=\"_blank\" rel=\"noopener\" data-hveid=\"0\" data-ved=\"0CAAQ_4QMahgKEwjQ9NbIw8KRAxUAAAAAHQAAAAAQxgE\">\u0161altinyje<\/a>.<\/p>\n<\/li>\n<\/ul>\n<h2 data-path-to-node=\"18\">Puiki Dovana <i>Edgy<\/i> Ir Ka\u010di\u0173 Fanams<\/h2>\n<p data-path-to-node=\"19\"><b>Kat\u0117s su peiliu emalio segtukas<\/b> yra fantasti\u0161ka <b>dovanos id\u0117ja<\/b> ka\u010di\u0173 savininkams, <i>edgy<\/i> stiliaus sek\u0117jams, <i>meme<\/i> m\u0117g\u0117jams ar tiesiog \u017emogui, kuris vertina juod\u0105 humor\u0105 ir <i>fun<\/i> aksesuarus. Tai puikus priedas prie:<\/p>\n<ul data-path-to-node=\"20\">\n<li>\n<p data-path-to-node=\"20,0,0\"><b>Kuprin\u0117s:<\/b> Skirtos parodyti savo <i>attitude<\/i>.<\/p>\n<\/li>\n<li>\n<p data-path-to-node=\"20,1,0\"><b>Striuk\u0117s\/\u0160varko:<\/b> Kaip <i>edgy<\/i> ir stilingas akcentas.<\/p>\n<\/li>\n<\/ul>\n<p data-path-to-node=\"21\">Per\u017ei\u016br\u0117kite vis\u0105 m\u016bs\u0173 <a class=\"ng-star-inserted\" href=\"https:\/\/www.kabinam.lt\" target=\"_blank\" rel=\"noopener\" data-hveid=\"0\" data-ved=\"0CAAQ_4QMahgKEwjQ9NbIw8KRAxUAAAAAHQAAAAAQxwE\">gyv\u016bn\u0173 ir <i>pop culture<\/i> emalio segtuk\u0173 kolekcij\u0105<\/a>, kur galite rasti daugiau <i>fun<\/i> ir unikali\u0173 <b>pin&#8217;\u0173<\/b>, kurie puikiai der\u0117s su \u0161iuo persona\u017eu.<\/p>\n<p data-path-to-node=\"22\"><b>Su \u0161iomis kat\u0117mis nejuokaukite!<\/b> U\u017esisakykite \u0161i\u0105 <b>edgy humoro seg\u0119<\/b> \u0161iandien ir \u012fne\u0161kite <i>fun<\/i> \u017eaismingumo \u012f savo kasdienyb\u0119.<\/p>\n","protected":false},"excerpt":{"rendered":"<p><b>Be galo <i>edgy<\/i> ir <i>fun<\/i> emalio *pin&#8217;as<\/b>*. Juoda <b>kat\u0117<\/b>, nasruose laikanti peil\u012f \u2013 puikus <b>aksesuaras<\/b> <b>juodo humoro<\/b>, <b>meme<\/b> kult\u016bros ir <i>edgy<\/i> stiliaus gerb\u0117jams.<\/p>\n","protected":false},"featured_media":4537,"comment_status":"open","ping_status":"closed","template":"","meta":{"_uag_custom_page_level_css":"","site-sidebar-layout":"default","site-content-layout":"","ast-site-content-layout":"default","site-content-style":"default","site-sidebar-style":"default","ast-global-header-display":"","ast-banner-title-visibility":"","ast-main-header-display":"","ast-hfb-above-header-display":"","ast-hfb-below-header-display":"","ast-hfb-mobile-header-display":"","site-post-title":"","ast-breadcrumbs-content":"","ast-featured-img":"","footer-sml-layout":"","ast-disable-related-posts":"","theme-transparent-header-meta":"default","adv-header-id-meta":"","stick-header-meta":"","header-above-stick-meta":"","header-main-stick-meta":"","header-below-stick-meta":"","astra-migrate-meta-layouts":"set","ast-page-background-enabled":"default","ast-page-background-meta":{"desktop":{"background-color":"var(--ast-global-color-4)","background-image":"","background-repeat":"repeat","background-position":"center center","background-size":"auto","background-attachment":"scroll","background-type":"","background-media":"","overlay-type":"","overlay-color":"","overlay-opacity":"","overlay-gradient":""},"tablet":{"background-color":"","background-image":"","background-repeat":"repeat","background-position":"center center","background-size":"auto","background-attachment":"scroll","background-type":"","background-media":"","overlay-type":"","overlay-color":"","overlay-opacity":"","overlay-gradient":""},"mobile":{"background-color":"","background-image":"","background-repeat":"repeat","background-position":"center center","background-size":"auto","background-attachment":"scroll","background-type":"","background-media":"","overlay-type":"","overlay-color":"","overlay-opacity":"","overlay-gradient":""}},"ast-content-background-meta":{"desktop":{"background-color":"var(--ast-global-color-5)","background-image":"","background-repeat":"repeat","background-position":"center center","background-size":"auto","background-attachment":"scroll","background-type":"","background-media":"","overlay-type":"","overlay-color":"","overlay-opacity":"","overlay-gradient":""},"tablet":{"background-color":"var(--ast-global-color-5)","background-image":"","background-repeat":"repeat","background-position":"center center","background-size":"auto","background-attachment":"scroll","background-type":"","background-media":"","overlay-type":"","overlay-color":"","overlay-opacity":"","overlay-gradient":""},"mobile":{"background-color":"var(--ast-global-color-5)","background-image":"","background-repeat":"repeat","background-position":"center center","background-size":"auto","background-attachment":"scroll","background-type":"","background-media":"","overlay-type":"","overlay-color":"","overlay-opacity":"","overlay-gradient":""}}},"product_brand":[],"product_cat":[125,92,119,126],"product_tag":[],"class_list":{"0":"post-4534","1":"product","2":"type-product","3":"status-publish","4":"has-post-thumbnail","6":"product_cat-halloween","7":"product_cat-populiariausiu-produktu-kategorija","8":"product_cat-smeigtukai-pins","9":"product_cat-visi","10":"desktop-align-center","11":"tablet-align-left","12":"mobile-align-left","14":"first","15":"instock","16":"shipping-taxable","17":"purchasable","18":"product-type-simple"},"yoast_head":"<!-- This site is optimized with the Yoast SEO plugin v27.4 - https:\/\/yoast.com\/product\/yoast-seo-wordpress\/ -->\n<title>Edgy Humoro Seg\u0117 | Kat\u0117 Su Peiliu Bro\u0161ka - kabinam.lt<\/title>\n<meta name=\"description\" content=\"Nepykite \u0161ios kat\u0117s! \u0160is kat\u0117s su peiliu emalio segtukas yra must-have aksesuaras visiems juodojo humoro ir edgy stiliaus fanams.\" \/>\n<meta name=\"robots\" content=\"index, follow, max-snippet:-1, max-image-preview:large, max-video-preview:-1\" \/>\n<link rel=\"canonical\" href=\"https:\/\/kabinam.lt\/lt\/product\/kate-su-peiliu-juodas-humoras-edgy-pin\/\" \/>\n<meta property=\"og:locale\" content=\"lt_LT\" \/>\n<meta property=\"og:type\" content=\"article\" \/>\n<meta property=\"og:title\" content=\"Edgy Humoro Seg\u0117 | Kat\u0117 Su Peiliu Bro\u0161ka - kabinam.lt\" \/>\n<meta property=\"og:description\" content=\"Nepykite \u0161ios kat\u0117s! \u0160is kat\u0117s su peiliu emalio segtukas yra must-have aksesuaras visiems juodojo humoro ir edgy stiliaus fanams.\" \/>\n<meta property=\"og:url\" content=\"https:\/\/kabinam.lt\/lt\/product\/kate-su-peiliu-juodas-humoras-edgy-pin\/\" \/>\n<meta property=\"og:site_name\" content=\"kabinam.lt\" \/>\n<meta property=\"article:modified_time\" content=\"2026-03-12T05:04:08+00:00\" \/>\n<meta property=\"og:image\" content=\"https:\/\/kabinam.lt\/wp-content\/uploads\/2025\/12\/b4f5012b-f727-4806-8e2e-cfdd546f76c2.jpg\" \/>\n\t<meta property=\"og:image:width\" content=\"1000\" \/>\n\t<meta property=\"og:image:height\" content=\"1000\" \/>\n\t<meta property=\"og:image:type\" content=\"image\/jpeg\" \/>\n<meta name=\"twitter:card\" content=\"summary_large_image\" \/>\n<meta name=\"twitter:label1\" content=\"Est. reading time\" \/>\n\t<meta name=\"twitter:data1\" content=\"2 minut\u0117s\" \/>\n<script type=\"application\/ld+json\" class=\"yoast-schema-graph\">{\"@context\":\"https:\\\/\\\/schema.org\",\"@graph\":[{\"@type\":[\"WebPage\",\"ItemPage\"],\"@id\":\"https:\\\/\\\/kabinam.lt\\\/eng\\\/product\\\/cat-with-mirror-dark-humor-edgy-pin\\\/\",\"url\":\"https:\\\/\\\/kabinam.lt\\\/eng\\\/product\\\/cat-with-mirror-dark-humor-edgy-pin\\\/\",\"name\":\"Edgy Humoro Seg\u0117 | Kat\u0117 Su Peiliu Bro\u0161ka - kabinam.lt\",\"isPartOf\":{\"@id\":\"https:\\\/\\\/kabinam.lt\\\/#website\"},\"primaryImageOfPage\":{\"@id\":\"https:\\\/\\\/kabinam.lt\\\/eng\\\/product\\\/cat-with-mirror-dark-humor-edgy-pin\\\/#primaryimage\"},\"image\":{\"@id\":\"https:\\\/\\\/kabinam.lt\\\/eng\\\/product\\\/cat-with-mirror-dark-humor-edgy-pin\\\/#primaryimage\"},\"thumbnailUrl\":\"https:\\\/\\\/kabinam.lt\\\/wp-content\\\/uploads\\\/2025\\\/12\\\/b4f5012b-f727-4806-8e2e-cfdd546f76c2.jpg\",\"datePublished\":\"2025-12-13T20:35:34+00:00\",\"dateModified\":\"2026-03-12T05:04:08+00:00\",\"description\":\"Nepykite \u0161ios kat\u0117s! \u0160is kat\u0117s su peiliu emalio segtukas yra must-have aksesuaras visiems juodojo humoro ir edgy stiliaus fanams.\",\"breadcrumb\":{\"@id\":\"https:\\\/\\\/kabinam.lt\\\/eng\\\/product\\\/cat-with-mirror-dark-humor-edgy-pin\\\/#breadcrumb\"},\"inLanguage\":\"lt-LT\",\"potentialAction\":[{\"@type\":\"ReadAction\",\"target\":[\"https:\\\/\\\/kabinam.lt\\\/eng\\\/product\\\/cat-with-mirror-dark-humor-edgy-pin\\\/\"]}]},{\"@type\":\"ImageObject\",\"inLanguage\":\"lt-LT\",\"@id\":\"https:\\\/\\\/kabinam.lt\\\/eng\\\/product\\\/cat-with-mirror-dark-humor-edgy-pin\\\/#primaryimage\",\"url\":\"https:\\\/\\\/kabinam.lt\\\/wp-content\\\/uploads\\\/2025\\\/12\\\/b4f5012b-f727-4806-8e2e-cfdd546f76c2.jpg\",\"contentUrl\":\"https:\\\/\\\/kabinam.lt\\\/wp-content\\\/uploads\\\/2025\\\/12\\\/b4f5012b-f727-4806-8e2e-cfdd546f76c2.jpg\",\"width\":1000,\"height\":1000,\"caption\":\"Humoristinis Kat\u0117s Su Peiliu Segtukas\"},{\"@type\":\"BreadcrumbList\",\"@id\":\"https:\\\/\\\/kabinam.lt\\\/eng\\\/product\\\/cat-with-mirror-dark-humor-edgy-pin\\\/#breadcrumb\",\"itemListElement\":[{\"@type\":\"ListItem\",\"position\":1,\"name\":\"Home\",\"item\":\"https:\\\/\\\/kabinam.lt\\\/\"},{\"@type\":\"ListItem\",\"position\":2,\"name\":\"Visi Produktai\",\"item\":\"https:\\\/\\\/kabinam.lt\\\/visi-produktai\\\/\"},{\"@type\":\"ListItem\",\"position\":3,\"name\":\"Edgy Humoro Seg\u0117 | Kat\u0117 Su Peiliu Bro\u0161ka\"}]},{\"@type\":\"WebSite\",\"@id\":\"https:\\\/\\\/kabinam.lt\\\/#website\",\"url\":\"https:\\\/\\\/kabinam.lt\\\/\",\"name\":\"kabinam.lt\",\"description\":\"Kabinam.lt \u2013 raktu pakabukai ir aksesuarai\",\"publisher\":{\"@id\":\"https:\\\/\\\/kabinam.lt\\\/#organization\"},\"alternateName\":\"pakabukai lt\",\"potentialAction\":[{\"@type\":\"SearchAction\",\"target\":{\"@type\":\"EntryPoint\",\"urlTemplate\":\"https:\\\/\\\/kabinam.lt\\\/?s={search_term_string}\"},\"query-input\":{\"@type\":\"PropertyValueSpecification\",\"valueRequired\":true,\"valueName\":\"search_term_string\"}}],\"inLanguage\":\"lt-LT\"},{\"@type\":\"Organization\",\"@id\":\"https:\\\/\\\/kabinam.lt\\\/#organization\",\"name\":\"kabinam.lt\",\"alternateName\":\"kabinam\",\"url\":\"https:\\\/\\\/kabinam.lt\\\/\",\"logo\":{\"@type\":\"ImageObject\",\"inLanguage\":\"lt-LT\",\"@id\":\"https:\\\/\\\/kabinam.lt\\\/#\\\/schema\\\/logo\\\/image\\\/\",\"url\":\"https:\\\/\\\/kabinam.lt\\\/wp-content\\\/uploads\\\/2025\\\/05\\\/KABINAM_outer_glow.png\",\"contentUrl\":\"https:\\\/\\\/kabinam.lt\\\/wp-content\\\/uploads\\\/2025\\\/05\\\/KABINAM_outer_glow.png\",\"width\":474,\"height\":141,\"caption\":\"kabinam.lt\"},\"image\":{\"@id\":\"https:\\\/\\\/kabinam.lt\\\/#\\\/schema\\\/logo\\\/image\\\/\"}}]}<\/script>\n<!-- \/ Yoast SEO plugin. -->","yoast_head_json":{"title":"Edgy Humoro Seg\u0117 | Kat\u0117 Su Peiliu Bro\u0161ka - kabinam.lt","description":"Nepykite \u0161ios kat\u0117s! \u0160is kat\u0117s su peiliu emalio segtukas yra must-have aksesuaras visiems juodojo humoro ir edgy stiliaus fanams.","robots":{"index":"index","follow":"follow","max-snippet":"max-snippet:-1","max-image-preview":"max-image-preview:large","max-video-preview":"max-video-preview:-1"},"canonical":"https:\/\/kabinam.lt\/lt\/product\/kate-su-peiliu-juodas-humoras-edgy-pin\/","og_locale":"lt_LT","og_type":"article","og_title":"Edgy Humoro Seg\u0117 | Kat\u0117 Su Peiliu Bro\u0161ka - kabinam.lt","og_description":"Nepykite \u0161ios kat\u0117s! \u0160is kat\u0117s su peiliu emalio segtukas yra must-have aksesuaras visiems juodojo humoro ir edgy stiliaus fanams.","og_url":"https:\/\/kabinam.lt\/lt\/product\/kate-su-peiliu-juodas-humoras-edgy-pin\/","og_site_name":"kabinam.lt","article_modified_time":"2026-03-12T05:04:08+00:00","og_image":[{"width":1000,"height":1000,"url":"https:\/\/kabinam.lt\/wp-content\/uploads\/2025\/12\/b4f5012b-f727-4806-8e2e-cfdd546f76c2.jpg","type":"image\/jpeg"}],"twitter_card":"summary_large_image","twitter_misc":{"Est. reading time":"2 minut\u0117s"},"schema":{"@context":"https:\/\/schema.org","@graph":[{"@type":["WebPage","ItemPage"],"@id":"https:\/\/kabinam.lt\/eng\/product\/cat-with-mirror-dark-humor-edgy-pin\/","url":"https:\/\/kabinam.lt\/eng\/product\/cat-with-mirror-dark-humor-edgy-pin\/","name":"Edgy Humoro Seg\u0117 | Kat\u0117 Su Peiliu Bro\u0161ka - kabinam.lt","isPartOf":{"@id":"https:\/\/kabinam.lt\/#website"},"primaryImageOfPage":{"@id":"https:\/\/kabinam.lt\/eng\/product\/cat-with-mirror-dark-humor-edgy-pin\/#primaryimage"},"image":{"@id":"https:\/\/kabinam.lt\/eng\/product\/cat-with-mirror-dark-humor-edgy-pin\/#primaryimage"},"thumbnailUrl":"https:\/\/kabinam.lt\/wp-content\/uploads\/2025\/12\/b4f5012b-f727-4806-8e2e-cfdd546f76c2.jpg","datePublished":"2025-12-13T20:35:34+00:00","dateModified":"2026-03-12T05:04:08+00:00","description":"Nepykite \u0161ios kat\u0117s! \u0160is kat\u0117s su peiliu emalio segtukas yra must-have aksesuaras visiems juodojo humoro ir edgy stiliaus fanams.","breadcrumb":{"@id":"https:\/\/kabinam.lt\/eng\/product\/cat-with-mirror-dark-humor-edgy-pin\/#breadcrumb"},"inLanguage":"lt-LT","potentialAction":[{"@type":"ReadAction","target":["https:\/\/kabinam.lt\/eng\/product\/cat-with-mirror-dark-humor-edgy-pin\/"]}]},{"@type":"ImageObject","inLanguage":"lt-LT","@id":"https:\/\/kabinam.lt\/eng\/product\/cat-with-mirror-dark-humor-edgy-pin\/#primaryimage","url":"https:\/\/kabinam.lt\/wp-content\/uploads\/2025\/12\/b4f5012b-f727-4806-8e2e-cfdd546f76c2.jpg","contentUrl":"https:\/\/kabinam.lt\/wp-content\/uploads\/2025\/12\/b4f5012b-f727-4806-8e2e-cfdd546f76c2.jpg","width":1000,"height":1000,"caption":"Humoristinis Kat\u0117s Su Peiliu Segtukas"},{"@type":"BreadcrumbList","@id":"https:\/\/kabinam.lt\/eng\/product\/cat-with-mirror-dark-humor-edgy-pin\/#breadcrumb","itemListElement":[{"@type":"ListItem","position":1,"name":"Home","item":"https:\/\/kabinam.lt\/"},{"@type":"ListItem","position":2,"name":"Visi Produktai","item":"https:\/\/kabinam.lt\/visi-produktai\/"},{"@type":"ListItem","position":3,"name":"Edgy Humoro Seg\u0117 | Kat\u0117 Su Peiliu Bro\u0161ka"}]},{"@type":"WebSite","@id":"https:\/\/kabinam.lt\/#website","url":"https:\/\/kabinam.lt\/","name":"kabinam.lt","description":"Kabinam.lt \u2013 raktu pakabukai ir aksesuarai","publisher":{"@id":"https:\/\/kabinam.lt\/#organization"},"alternateName":"pakabukai lt","potentialAction":[{"@type":"SearchAction","target":{"@type":"EntryPoint","urlTemplate":"https:\/\/kabinam.lt\/?s={search_term_string}"},"query-input":{"@type":"PropertyValueSpecification","valueRequired":true,"valueName":"search_term_string"}}],"inLanguage":"lt-LT"},{"@type":"Organization","@id":"https:\/\/kabinam.lt\/#organization","name":"kabinam.lt","alternateName":"kabinam","url":"https:\/\/kabinam.lt\/","logo":{"@type":"ImageObject","inLanguage":"lt-LT","@id":"https:\/\/kabinam.lt\/#\/schema\/logo\/image\/","url":"https:\/\/kabinam.lt\/wp-content\/uploads\/2025\/05\/KABINAM_outer_glow.png","contentUrl":"https:\/\/kabinam.lt\/wp-content\/uploads\/2025\/05\/KABINAM_outer_glow.png","width":474,"height":141,"caption":"kabinam.lt"},"image":{"@id":"https:\/\/kabinam.lt\/#\/schema\/logo\/image\/"}}]}},"uagb_featured_image_src":{"full":["https:\/\/kabinam.lt\/wp-content\/uploads\/2025\/12\/b4f5012b-f727-4806-8e2e-cfdd546f76c2.jpg",1000,1000,false],"thumbnail":["https:\/\/kabinam.lt\/wp-content\/uploads\/2025\/12\/b4f5012b-f727-4806-8e2e-cfdd546f76c2-150x150.jpg",150,150,true],"medium":["https:\/\/kabinam.lt\/wp-content\/uploads\/2025\/12\/b4f5012b-f727-4806-8e2e-cfdd546f76c2-300x300.jpg",300,300,true],"medium_large":["https:\/\/kabinam.lt\/wp-content\/uploads\/2025\/12\/b4f5012b-f727-4806-8e2e-cfdd546f76c2-768x768.jpg",768,768,true],"large":["https:\/\/kabinam.lt\/wp-content\/uploads\/2025\/12\/b4f5012b-f727-4806-8e2e-cfdd546f76c2.jpg",1000,1000,false],"1536x1536":["https:\/\/kabinam.lt\/wp-content\/uploads\/2025\/12\/b4f5012b-f727-4806-8e2e-cfdd546f76c2.jpg",1000,1000,false],"2048x2048":["https:\/\/kabinam.lt\/wp-content\/uploads\/2025\/12\/b4f5012b-f727-4806-8e2e-cfdd546f76c2.jpg",1000,1000,false],"trp-custom-language-flag":["https:\/\/kabinam.lt\/wp-content\/uploads\/2025\/12\/b4f5012b-f727-4806-8e2e-cfdd546f76c2-12x12.jpg",12,12,true],"woocommerce_thumbnail":["https:\/\/kabinam.lt\/wp-content\/uploads\/2025\/12\/b4f5012b-f727-4806-8e2e-cfdd546f76c2-300x300.jpg",300,300,true],"woocommerce_single":["https:\/\/kabinam.lt\/wp-content\/uploads\/2025\/12\/b4f5012b-f727-4806-8e2e-cfdd546f76c2-600x600.jpg",600,600,true],"woocommerce_gallery_thumbnail":["https:\/\/kabinam.lt\/wp-content\/uploads\/2025\/12\/b4f5012b-f727-4806-8e2e-cfdd546f76c2-100x100.jpg",100,100,true]},"uagb_author_info":{"display_name":"kabinam.lt","author_link":"https:\/\/kabinam.lt\/lt\/author\/"},"uagb_comment_info":0,"uagb_excerpt":"Be galo edgy ir fun emalio *pin'as*. Juoda kat\u0117, nasruose laikanti peil\u012f \u2013 puikus aksesuaras juodo humoro, meme kult\u016bros ir edgy stiliaus gerb\u0117jams.","_links":{"self":[{"href":"https:\/\/kabinam.lt\/lt\/wp-json\/wp\/v2\/product\/4534","targetHints":{"allow":["GET"]}}],"collection":[{"href":"https:\/\/kabinam.lt\/lt\/wp-json\/wp\/v2\/product"}],"about":[{"href":"https:\/\/kabinam.lt\/lt\/wp-json\/wp\/v2\/types\/product"}],"replies":[{"embeddable":true,"href":"https:\/\/kabinam.lt\/lt\/wp-json\/wp\/v2\/comments?post=4534"}],"wp:featuredmedia":[{"embeddable":true,"href":"https:\/\/kabinam.lt\/lt\/wp-json\/wp\/v2\/media\/4537"}],"wp:attachment":[{"href":"https:\/\/kabinam.lt\/lt\/wp-json\/wp\/v2\/media?parent=4534"}],"wp:term":[{"taxonomy":"product_brand","embeddable":true,"href":"https:\/\/kabinam.lt\/lt\/wp-json\/wp\/v2\/product_brand?post=4534"},{"taxonomy":"product_cat","embeddable":true,"href":"https:\/\/kabinam.lt\/lt\/wp-json\/wp\/v2\/product_cat?post=4534"},{"taxonomy":"product_tag","embeddable":true,"href":"https:\/\/kabinam.lt\/lt\/wp-json\/wp\/v2\/product_tag?post=4534"}],"curies":[{"name":"wp","href":"https:\/\/api.w.org\/{rel}","templated":true}]}}