{"id":4251,"date":"2025-10-01T15:47:29","date_gmt":"2025-10-01T13:47:29","guid":{"rendered":"https:\/\/kabinam.lt\/?post_type=product&#038;p=4251"},"modified":"2026-01-19T01:38:11","modified_gmt":"2026-01-18T23:38:11","slug":"banksy-mergaite-su-balionu-segtukas-street-art-pin","status":"publish","type":"product","link":"https:\/\/kabinam.lt\/lt\/product\/banksy-mergaite-su-balionu-segtukas-street-art-pin\/","title":{"rendered":"Meno Seg\u0117 | Banksy \u201eMergait\u0117 su balionu\u201c \u2013 idejos dovanoms"},"content":{"rendered":"\n\n<div class=\"kk-star-ratings kksr-auto kksr-align-left kksr-valign-top\"\n    data-payload='{&quot;align&quot;:&quot;left&quot;,&quot;id&quot;:&quot;4251&quot;,&quot;slug&quot;:&quot;default&quot;,&quot;valign&quot;:&quot;top&quot;,&quot;ignore&quot;:&quot;&quot;,&quot;reference&quot;:&quot;auto&quot;,&quot;class&quot;:&quot;&quot;,&quot;count&quot;:&quot;0&quot;,&quot;legendonly&quot;:&quot;&quot;,&quot;readonly&quot;:&quot;&quot;,&quot;score&quot;:&quot;0&quot;,&quot;starsonly&quot;:&quot;&quot;,&quot;best&quot;:&quot;5&quot;,&quot;gap&quot;:&quot;5&quot;,&quot;greet&quot;:&quot;Mums svarbus j\u016bs\u0173 \u012fvertinimas&quot;,&quot;legend&quot;:&quot;0\\\/5 - (0 votes)&quot;,&quot;size&quot;:&quot;24&quot;,&quot;title&quot;:&quot;Meno Seg\u0117 | Banksy \u201eMergait\u0117 su balionu\u201c \u2013 idejos dovanoms&quot;,&quot;width&quot;:&quot;0&quot;,&quot;_legend&quot;:&quot;{score}\\\/{best} - ({count} {votes})&quot;,&quot;font_factor&quot;:&quot;1.25&quot;}'>\n            \n<div class=\"kksr-stars\">\n    \n<div class=\"kksr-stars-inactive\">\n            <div class=\"kksr-star\" data-star=\"1\" style=\"padding-right: 5px\">\n            \n\n<div class=\"kksr-icon\" style=\"width: 24px; height: 24px;\"><\/div>\n        <\/div>\n            <div class=\"kksr-star\" data-star=\"2\" style=\"padding-right: 5px\">\n            \n\n<div class=\"kksr-icon\" style=\"width: 24px; height: 24px;\"><\/div>\n        <\/div>\n            <div class=\"kksr-star\" data-star=\"3\" style=\"padding-right: 5px\">\n            \n\n<div class=\"kksr-icon\" style=\"width: 24px; height: 24px;\"><\/div>\n        <\/div>\n            <div class=\"kksr-star\" data-star=\"4\" style=\"padding-right: 5px\">\n            \n\n<div class=\"kksr-icon\" style=\"width: 24px; height: 24px;\"><\/div>\n        <\/div>\n            <div class=\"kksr-star\" data-star=\"5\" style=\"padding-right: 5px\">\n            \n\n<div class=\"kksr-icon\" style=\"width: 24px; height: 24px;\"><\/div>\n        <\/div>\n    <\/div>\n    \n<div class=\"kksr-stars-active\" style=\"width: 0px;\">\n            <div class=\"kksr-star\" style=\"padding-right: 5px\">\n            \n\n<div class=\"kksr-icon\" style=\"width: 24px; height: 24px;\"><\/div>\n        <\/div>\n            <div class=\"kksr-star\" style=\"padding-right: 5px\">\n            \n\n<div class=\"kksr-icon\" style=\"width: 24px; height: 24px;\"><\/div>\n        <\/div>\n            <div class=\"kksr-star\" style=\"padding-right: 5px\">\n            \n\n<div class=\"kksr-icon\" style=\"width: 24px; height: 24px;\"><\/div>\n        <\/div>\n            <div class=\"kksr-star\" style=\"padding-right: 5px\">\n            \n\n<div class=\"kksr-icon\" style=\"width: 24px; height: 24px;\"><\/div>\n        <\/div>\n            <div class=\"kksr-star\" style=\"padding-right: 5px\">\n            \n\n<div class=\"kksr-icon\" style=\"width: 24px; height: 24px;\"><\/div>\n        <\/div>\n    <\/div>\n<\/div>\n                \n\n<div class=\"kksr-legend\" style=\"font-size: 19.2px;\">\n            <span class=\"kksr-muted\">Mums svarbus j\u016bs\u0173 \u012fvertinimas<\/span>\n    <\/div>\n    <\/div>\n<h1 data-path-to-node=\"13\">Gatv\u0117s Meno Klasika: Banksy \u201eMergait\u0117 su balionu\u201c \u2013 J\u016bs\u0173 Stiliaus Manifestas<\/h1>\n<p data-path-to-node=\"14\">\u0160i <b data-path-to-node=\"14\" data-index-in-node=\"3\">Banksy emalio seg\u0117<\/b> \u2013 tai daugiau nei papuo\u0161alas, tai ma\u017ea meno galerija ant J\u016bs\u0173 \u0161varko atlapo! Tai idealus <b data-path-to-node=\"14\" data-index-in-node=\"111\">aksesuaras<\/b> gatv\u0117s meno entuziastams, kolekcionieriams ir visiems, kurie vertina gili\u0105 simbolik\u0105 bei \u0161iuolaikin\u0119 kult\u016br\u0105. Mergait\u0117s, paleid\u017eian\u010dios (arba siekian\u010dios) raudon\u0105 balion\u0105, motyvas visame pasaulyje atpa\u017e\u012fstamas kaip vilties ir laikinumo simbolis. Tai ne tik <b data-path-to-node=\"14\" data-index-in-node=\"379\">emalio bro\u0161ka<\/b> \u2013 tai J\u016bs\u0173 po\u017ei\u016bris \u012f men\u0105 ir laisv\u0119.<\/p>\n<h2 data-path-to-node=\"15\">Minimalistin\u0117 Estetika Ir Kokybi\u0161kas Atlikimas<\/h2>\n<p data-path-to-node=\"16\">\u0160io <b data-path-to-node=\"16\" data-index-in-node=\"4\">emalio segtuko<\/b> dizainas i\u0161laiko Banksy stiliui b\u016bding\u0105 trafaretin\u012f (stencil) minimalizm\u0105. Juodos ir baltos spalv\u0173 kontrastas leid\u017eia raudonam \u0161irdies formos balionui tapti pagrindiniu kompozicijos centru. \u0160is <b data-path-to-node=\"16\" data-index-in-node=\"213\">Banksy pin&#8217;as<\/b> pasi\u017eymi precizi\u0161komis linijomis ir blizgiu pavir\u0161iumi, kuris sidabro atspalvio metalo fone atrodo itin moderniai.<\/p>\n<ul data-path-to-node=\"17\">\n<li>\n<p data-path-to-node=\"17,0,0\"><b data-path-to-node=\"17,0,0\" data-index-in-node=\"0\">Stilius:<\/b> Puikiai tinka <i data-path-to-node=\"17,0,0\" data-index-in-node=\"23\">streetwear aesthetic<\/i>, <i data-path-to-node=\"17,0,0\" data-index-in-node=\"45\">urban fashion<\/i>, <i data-path-to-node=\"17,0,0\" data-index-in-node=\"60\">minimalist art style<\/i> ir <b data-path-to-node=\"17,0,0\" data-index-in-node=\"84\">intelektualiai<\/b> kasdienei aprangai.<\/p>\n<\/li>\n<li>\n<p data-path-to-node=\"17,1,0\"><b data-path-to-node=\"17,1,0\" data-index-in-node=\"0\">Kokyb\u0117:<\/b> M\u016bs\u0173 <b data-path-to-node=\"17,1,0\" data-index-in-node=\"13\">emalio sag\u0117s<\/b> gaminamos naudojant patvar\u0173 kiet\u0105j\u012f emal\u012f, u\u017etikrinant\u012f pavir\u0161iaus atsparum\u0105 \u012fbr\u0117\u017eimams ir spalv\u0173 ilgaam\u017ei\u0161kum\u0105. Sidabro atspalvio metalinis pagrindas garantuoja, kad \u0161is <b data-path-to-node=\"17,1,0\" data-index-in-node=\"197\">auk\u0161tos kokyb\u0117s pin&#8217;as<\/b> i\u0161liks stilingas ilgus metus. Daugiau meno \u012fkv\u0117pt\u0173 segtuk\u0173 rasite <a class=\"ng-star-inserted\" href=\"https:\/\/www.pinnpatch.lt\" target=\"_blank\" rel=\"noopener\" data-hveid=\"0\" data-ved=\"0CAAQ_4QMahgKEwi5pqKb08yRAxUAAAAAHQAAAAAQ3ho\">pinnpatch.lt<\/a>.<\/p>\n<\/li>\n<\/ul>\n<h2 data-path-to-node=\"18\">Dovana Su \u017dinute<\/h2>\n<p data-path-to-node=\"19\"><b data-path-to-node=\"19\" data-index-in-node=\"0\">Banksy emalio segtukas<\/b> yra prasminga <b data-path-to-node=\"19\" data-index-in-node=\"37\">dovanos id\u0117ja<\/b> k\u016brybi\u0161kai asmenybei, studentui ar draugui, besidomin\u010diam \u0161iuolaikiniu menu. Tai aksesuaras, kuris visada paskatina diskusij\u0105. \u0160is papuo\u0161alas puikiai papuo\u0161:<\/p>\n<ul data-path-to-node=\"20\">\n<li>\n<p data-path-to-node=\"20,0,0\"><b data-path-to-node=\"20,0,0\" data-index-in-node=\"0\">Klasikin\u012f palt\u0105 ar \u0161vark\u0105:<\/b> Suteikia oficialiam \u012fvaizd\u017eiui modernaus mai\u0161to prieskon\u012f.<\/p>\n<\/li>\n<li>\n<p data-path-to-node=\"20,1,0\"><b data-path-to-node=\"20,1,0\" data-index-in-node=\"0\">Fotoaparato d\u0117kl\u0105 ar krep\u0161\u012f:<\/b> Pabr\u0117\u017eia k\u016brybin\u0119 savininko prigimt\u012f.<\/p>\n<\/li>\n<\/ul>\n<p data-path-to-node=\"21\">Per\u017ei\u016br\u0117kite vis\u0105 m\u016bs\u0173 <a class=\"ng-star-inserted\" href=\"https:\/\/kabinam.lt\/product-category\/smeigtukai-pins\/\" target=\"_blank\" rel=\"noopener\" data-hveid=\"0\" data-ved=\"0CAAQ_4QMahgKEwi5pqKb08yRAxUAAAAAHQAAAAAQ3xo\">meno ir kult\u016bros emalio segtuk\u0173 kolekcij\u0105<\/a> ir papildykite savo asmenin\u0119 galerij\u0105.<\/p>\n<p data-path-to-node=\"22\"><b data-path-to-node=\"22\" data-index-in-node=\"0\">Nepaleiskite savo baliono!<\/b> U\u017esisakykite \u0161\u012f <b data-path-to-node=\"22\" data-index-in-node=\"43\">Banksy segtuk\u0105<\/b> jau dabar.<\/p>\n","protected":false},"excerpt":{"rendered":"<p><b data-path-to-node=\"4,3,1,0\" data-index-in-node=\"0\">I\u0161skirtin\u0117<\/b> ir <b data-path-to-node=\"4,3,1,0\" data-index-in-node=\"14\">simboli\u0161ka<\/b> emalio pin&#8217;as. Kultinis Banksy gatv\u0117s meno motyvas \u2013 mergait\u0117, siekianti raudono \u0161irdies formos baliono \u2013 stilingas <b data-path-to-node=\"4,3,1,0\" data-index-in-node=\"141\">aksesuaras<\/b> meno myl\u0117tojams.<\/p>\n","protected":false},"featured_media":4262,"comment_status":"open","ping_status":"closed","template":"","meta":{"_uag_custom_page_level_css":"","site-sidebar-layout":"default","site-content-layout":"","ast-site-content-layout":"default","site-content-style":"default","site-sidebar-style":"default","ast-global-header-display":"","ast-banner-title-visibility":"","ast-main-header-display":"","ast-hfb-above-header-display":"","ast-hfb-below-header-display":"","ast-hfb-mobile-header-display":"","site-post-title":"","ast-breadcrumbs-content":"","ast-featured-img":"","footer-sml-layout":"","ast-disable-related-posts":"","theme-transparent-header-meta":"default","adv-header-id-meta":"","stick-header-meta":"","header-above-stick-meta":"","header-main-stick-meta":"","header-below-stick-meta":"","astra-migrate-meta-layouts":"set","ast-page-background-enabled":"default","ast-page-background-meta":{"desktop":{"background-color":"var(--ast-global-color-4)","background-image":"","background-repeat":"repeat","background-position":"center center","background-size":"auto","background-attachment":"scroll","background-type":"","background-media":"","overlay-type":"","overlay-color":"","overlay-opacity":"","overlay-gradient":""},"tablet":{"background-color":"","background-image":"","background-repeat":"repeat","background-position":"center center","background-size":"auto","background-attachment":"scroll","background-type":"","background-media":"","overlay-type":"","overlay-color":"","overlay-opacity":"","overlay-gradient":""},"mobile":{"background-color":"","background-image":"","background-repeat":"repeat","background-position":"center center","background-size":"auto","background-attachment":"scroll","background-type":"","background-media":"","overlay-type":"","overlay-color":"","overlay-opacity":"","overlay-gradient":""}},"ast-content-background-meta":{"desktop":{"background-color":"var(--ast-global-color-5)","background-image":"","background-repeat":"repeat","background-position":"center center","background-size":"auto","background-attachment":"scroll","background-type":"","background-media":"","overlay-type":"","overlay-color":"","overlay-opacity":"","overlay-gradient":""},"tablet":{"background-color":"var(--ast-global-color-5)","background-image":"","background-repeat":"repeat","background-position":"center center","background-size":"auto","background-attachment":"scroll","background-type":"","background-media":"","overlay-type":"","overlay-color":"","overlay-opacity":"","overlay-gradient":""},"mobile":{"background-color":"var(--ast-global-color-5)","background-image":"","background-repeat":"repeat","background-position":"center center","background-size":"auto","background-attachment":"scroll","background-type":"","background-media":"","overlay-type":"","overlay-color":"","overlay-opacity":"","overlay-gradient":""}}},"product_brand":[],"product_cat":[92,119,126],"product_tag":[],"class_list":{"0":"post-4251","1":"product","2":"type-product","3":"status-publish","4":"has-post-thumbnail","6":"product_cat-populiariausiu-produktu-kategorija","7":"product_cat-smeigtukai-pins","8":"product_cat-visi","9":"desktop-align-center","10":"tablet-align-left","11":"mobile-align-left","13":"first","14":"instock","15":"purchasable","16":"product-type-simple"},"yoast_head":"<!-- This site is optimized with the Yoast SEO plugin v27.4 - https:\/\/yoast.com\/product\/yoast-seo-wordpress\/ -->\n<title>Meno Seg\u0117 | Banksy \u201eMergait\u0117 su balionu\u201c \u2013 idejos dovanoms - kabinam.lt<\/title>\n<meta name=\"description\" content=\"Ne\u0161iokit\u0117s gatv\u0117s men\u0105 su savimi! \u0160is Banksy emalio segtukas vaizduojantis \u201eMergait\u0119 su balionu\u201c yra kokybi\u0161kas, ikoni\u0161kas ir gili\u0105 prasm\u0119 turintis aksesuaras.\" \/>\n<meta name=\"robots\" content=\"index, follow, max-snippet:-1, max-image-preview:large, max-video-preview:-1\" \/>\n<link rel=\"canonical\" href=\"https:\/\/kabinam.lt\/lt\/product\/banksy-mergaite-su-balionu-segtukas-street-art-pin\/\" \/>\n<meta property=\"og:locale\" content=\"lt_LT\" \/>\n<meta property=\"og:type\" content=\"article\" \/>\n<meta property=\"og:title\" content=\"Meno Seg\u0117 | Banksy \u201eMergait\u0117 su balionu\u201c \u2013 idejos dovanoms - kabinam.lt\" \/>\n<meta property=\"og:description\" content=\"Ne\u0161iokit\u0117s gatv\u0117s men\u0105 su savimi! \u0160is Banksy emalio segtukas vaizduojantis \u201eMergait\u0119 su balionu\u201c yra kokybi\u0161kas, ikoni\u0161kas ir gili\u0105 prasm\u0119 turintis aksesuaras.\" \/>\n<meta property=\"og:url\" content=\"https:\/\/kabinam.lt\/lt\/product\/banksy-mergaite-su-balionu-segtukas-street-art-pin\/\" \/>\n<meta property=\"og:site_name\" content=\"kabinam.lt\" \/>\n<meta property=\"article:modified_time\" content=\"2026-01-18T23:38:11+00:00\" \/>\n<meta property=\"og:image\" content=\"https:\/\/kabinam.lt\/wp-content\/uploads\/2025\/10\/1000077582.jpg\" \/>\n\t<meta property=\"og:image:width\" content=\"828\" \/>\n\t<meta property=\"og:image:height\" content=\"808\" \/>\n\t<meta property=\"og:image:type\" content=\"image\/jpeg\" \/>\n<meta name=\"twitter:card\" content=\"summary_large_image\" \/>\n<meta name=\"twitter:label1\" content=\"Est. reading time\" \/>\n\t<meta name=\"twitter:data1\" content=\"2 minut\u0117s\" \/>\n<script type=\"application\/ld+json\" class=\"yoast-schema-graph\">{\"@context\":\"https:\\\/\\\/schema.org\",\"@graph\":[{\"@type\":[\"WebPage\",\"ItemPage\"],\"@id\":\"https:\\\/\\\/kabinam.lt\\\/eng\\\/product\\\/banksy-girl-with-balloon-street-art-pin\\\/\",\"url\":\"https:\\\/\\\/kabinam.lt\\\/eng\\\/product\\\/banksy-girl-with-balloon-street-art-pin\\\/\",\"name\":\"Meno Seg\u0117 | Banksy \u201eMergait\u0117 su balionu\u201c \u2013 idejos dovanoms - kabinam.lt\",\"isPartOf\":{\"@id\":\"https:\\\/\\\/kabinam.lt\\\/#website\"},\"primaryImageOfPage\":{\"@id\":\"https:\\\/\\\/kabinam.lt\\\/eng\\\/product\\\/banksy-girl-with-balloon-street-art-pin\\\/#primaryimage\"},\"image\":{\"@id\":\"https:\\\/\\\/kabinam.lt\\\/eng\\\/product\\\/banksy-girl-with-balloon-street-art-pin\\\/#primaryimage\"},\"thumbnailUrl\":\"https:\\\/\\\/kabinam.lt\\\/wp-content\\\/uploads\\\/2025\\\/10\\\/1000077582.jpg\",\"datePublished\":\"2025-10-01T13:47:29+00:00\",\"dateModified\":\"2026-01-18T23:38:11+00:00\",\"description\":\"Ne\u0161iokit\u0117s gatv\u0117s men\u0105 su savimi! \u0160is Banksy emalio segtukas vaizduojantis \u201eMergait\u0119 su balionu\u201c yra kokybi\u0161kas, ikoni\u0161kas ir gili\u0105 prasm\u0119 turintis aksesuaras.\",\"breadcrumb\":{\"@id\":\"https:\\\/\\\/kabinam.lt\\\/eng\\\/product\\\/banksy-girl-with-balloon-street-art-pin\\\/#breadcrumb\"},\"inLanguage\":\"lt-LT\",\"potentialAction\":[{\"@type\":\"ReadAction\",\"target\":[\"https:\\\/\\\/kabinam.lt\\\/eng\\\/product\\\/banksy-girl-with-balloon-street-art-pin\\\/\"]}]},{\"@type\":\"ImageObject\",\"inLanguage\":\"lt-LT\",\"@id\":\"https:\\\/\\\/kabinam.lt\\\/eng\\\/product\\\/banksy-girl-with-balloon-street-art-pin\\\/#primaryimage\",\"url\":\"https:\\\/\\\/kabinam.lt\\\/wp-content\\\/uploads\\\/2025\\\/10\\\/1000077582.jpg\",\"contentUrl\":\"https:\\\/\\\/kabinam.lt\\\/wp-content\\\/uploads\\\/2025\\\/10\\\/1000077582.jpg\",\"width\":828,\"height\":808,\"caption\":\"Banksy Street Art \u012ekv\u0117ptas Emalio Segtuko Dizainas\"},{\"@type\":\"BreadcrumbList\",\"@id\":\"https:\\\/\\\/kabinam.lt\\\/eng\\\/product\\\/banksy-girl-with-balloon-street-art-pin\\\/#breadcrumb\",\"itemListElement\":[{\"@type\":\"ListItem\",\"position\":1,\"name\":\"Home\",\"item\":\"https:\\\/\\\/kabinam.lt\\\/\"},{\"@type\":\"ListItem\",\"position\":2,\"name\":\"Visi Produktai\",\"item\":\"https:\\\/\\\/kabinam.lt\\\/visi-produktai\\\/\"},{\"@type\":\"ListItem\",\"position\":3,\"name\":\"Meno Seg\u0117 | Banksy \u201eMergait\u0117 su balionu\u201c \u2013 idejos dovanoms\"}]},{\"@type\":\"WebSite\",\"@id\":\"https:\\\/\\\/kabinam.lt\\\/#website\",\"url\":\"https:\\\/\\\/kabinam.lt\\\/\",\"name\":\"kabinam.lt\",\"description\":\"Kabinam.lt \u2013 raktu pakabukai ir aksesuarai\",\"publisher\":{\"@id\":\"https:\\\/\\\/kabinam.lt\\\/#organization\"},\"alternateName\":\"pakabukai lt\",\"potentialAction\":[{\"@type\":\"SearchAction\",\"target\":{\"@type\":\"EntryPoint\",\"urlTemplate\":\"https:\\\/\\\/kabinam.lt\\\/?s={search_term_string}\"},\"query-input\":{\"@type\":\"PropertyValueSpecification\",\"valueRequired\":true,\"valueName\":\"search_term_string\"}}],\"inLanguage\":\"lt-LT\"},{\"@type\":\"Organization\",\"@id\":\"https:\\\/\\\/kabinam.lt\\\/#organization\",\"name\":\"kabinam.lt\",\"alternateName\":\"kabinam\",\"url\":\"https:\\\/\\\/kabinam.lt\\\/\",\"logo\":{\"@type\":\"ImageObject\",\"inLanguage\":\"lt-LT\",\"@id\":\"https:\\\/\\\/kabinam.lt\\\/#\\\/schema\\\/logo\\\/image\\\/\",\"url\":\"https:\\\/\\\/kabinam.lt\\\/wp-content\\\/uploads\\\/2025\\\/05\\\/KABINAM_outer_glow.png\",\"contentUrl\":\"https:\\\/\\\/kabinam.lt\\\/wp-content\\\/uploads\\\/2025\\\/05\\\/KABINAM_outer_glow.png\",\"width\":474,\"height\":141,\"caption\":\"kabinam.lt\"},\"image\":{\"@id\":\"https:\\\/\\\/kabinam.lt\\\/#\\\/schema\\\/logo\\\/image\\\/\"}}]}<\/script>\n<!-- \/ Yoast SEO plugin. -->","yoast_head_json":{"title":"Meno Seg\u0117 | Banksy \u201eMergait\u0117 su balionu\u201c \u2013 idejos dovanoms - kabinam.lt","description":"Ne\u0161iokit\u0117s gatv\u0117s men\u0105 su savimi! \u0160is Banksy emalio segtukas vaizduojantis \u201eMergait\u0119 su balionu\u201c yra kokybi\u0161kas, ikoni\u0161kas ir gili\u0105 prasm\u0119 turintis aksesuaras.","robots":{"index":"index","follow":"follow","max-snippet":"max-snippet:-1","max-image-preview":"max-image-preview:large","max-video-preview":"max-video-preview:-1"},"canonical":"https:\/\/kabinam.lt\/lt\/product\/banksy-mergaite-su-balionu-segtukas-street-art-pin\/","og_locale":"lt_LT","og_type":"article","og_title":"Meno Seg\u0117 | Banksy \u201eMergait\u0117 su balionu\u201c \u2013 idejos dovanoms - kabinam.lt","og_description":"Ne\u0161iokit\u0117s gatv\u0117s men\u0105 su savimi! \u0160is Banksy emalio segtukas vaizduojantis \u201eMergait\u0119 su balionu\u201c yra kokybi\u0161kas, ikoni\u0161kas ir gili\u0105 prasm\u0119 turintis aksesuaras.","og_url":"https:\/\/kabinam.lt\/lt\/product\/banksy-mergaite-su-balionu-segtukas-street-art-pin\/","og_site_name":"kabinam.lt","article_modified_time":"2026-01-18T23:38:11+00:00","og_image":[{"width":828,"height":808,"url":"https:\/\/kabinam.lt\/wp-content\/uploads\/2025\/10\/1000077582.jpg","type":"image\/jpeg"}],"twitter_card":"summary_large_image","twitter_misc":{"Est. reading time":"2 minut\u0117s"},"schema":{"@context":"https:\/\/schema.org","@graph":[{"@type":["WebPage","ItemPage"],"@id":"https:\/\/kabinam.lt\/eng\/product\/banksy-girl-with-balloon-street-art-pin\/","url":"https:\/\/kabinam.lt\/eng\/product\/banksy-girl-with-balloon-street-art-pin\/","name":"Meno Seg\u0117 | Banksy \u201eMergait\u0117 su balionu\u201c \u2013 idejos dovanoms - kabinam.lt","isPartOf":{"@id":"https:\/\/kabinam.lt\/#website"},"primaryImageOfPage":{"@id":"https:\/\/kabinam.lt\/eng\/product\/banksy-girl-with-balloon-street-art-pin\/#primaryimage"},"image":{"@id":"https:\/\/kabinam.lt\/eng\/product\/banksy-girl-with-balloon-street-art-pin\/#primaryimage"},"thumbnailUrl":"https:\/\/kabinam.lt\/wp-content\/uploads\/2025\/10\/1000077582.jpg","datePublished":"2025-10-01T13:47:29+00:00","dateModified":"2026-01-18T23:38:11+00:00","description":"Ne\u0161iokit\u0117s gatv\u0117s men\u0105 su savimi! \u0160is Banksy emalio segtukas vaizduojantis \u201eMergait\u0119 su balionu\u201c yra kokybi\u0161kas, ikoni\u0161kas ir gili\u0105 prasm\u0119 turintis aksesuaras.","breadcrumb":{"@id":"https:\/\/kabinam.lt\/eng\/product\/banksy-girl-with-balloon-street-art-pin\/#breadcrumb"},"inLanguage":"lt-LT","potentialAction":[{"@type":"ReadAction","target":["https:\/\/kabinam.lt\/eng\/product\/banksy-girl-with-balloon-street-art-pin\/"]}]},{"@type":"ImageObject","inLanguage":"lt-LT","@id":"https:\/\/kabinam.lt\/eng\/product\/banksy-girl-with-balloon-street-art-pin\/#primaryimage","url":"https:\/\/kabinam.lt\/wp-content\/uploads\/2025\/10\/1000077582.jpg","contentUrl":"https:\/\/kabinam.lt\/wp-content\/uploads\/2025\/10\/1000077582.jpg","width":828,"height":808,"caption":"Banksy Street Art \u012ekv\u0117ptas Emalio Segtuko Dizainas"},{"@type":"BreadcrumbList","@id":"https:\/\/kabinam.lt\/eng\/product\/banksy-girl-with-balloon-street-art-pin\/#breadcrumb","itemListElement":[{"@type":"ListItem","position":1,"name":"Home","item":"https:\/\/kabinam.lt\/"},{"@type":"ListItem","position":2,"name":"Visi Produktai","item":"https:\/\/kabinam.lt\/visi-produktai\/"},{"@type":"ListItem","position":3,"name":"Meno Seg\u0117 | Banksy \u201eMergait\u0117 su balionu\u201c \u2013 idejos dovanoms"}]},{"@type":"WebSite","@id":"https:\/\/kabinam.lt\/#website","url":"https:\/\/kabinam.lt\/","name":"kabinam.lt","description":"Kabinam.lt \u2013 raktu pakabukai ir aksesuarai","publisher":{"@id":"https:\/\/kabinam.lt\/#organization"},"alternateName":"pakabukai lt","potentialAction":[{"@type":"SearchAction","target":{"@type":"EntryPoint","urlTemplate":"https:\/\/kabinam.lt\/?s={search_term_string}"},"query-input":{"@type":"PropertyValueSpecification","valueRequired":true,"valueName":"search_term_string"}}],"inLanguage":"lt-LT"},{"@type":"Organization","@id":"https:\/\/kabinam.lt\/#organization","name":"kabinam.lt","alternateName":"kabinam","url":"https:\/\/kabinam.lt\/","logo":{"@type":"ImageObject","inLanguage":"lt-LT","@id":"https:\/\/kabinam.lt\/#\/schema\/logo\/image\/","url":"https:\/\/kabinam.lt\/wp-content\/uploads\/2025\/05\/KABINAM_outer_glow.png","contentUrl":"https:\/\/kabinam.lt\/wp-content\/uploads\/2025\/05\/KABINAM_outer_glow.png","width":474,"height":141,"caption":"kabinam.lt"},"image":{"@id":"https:\/\/kabinam.lt\/#\/schema\/logo\/image\/"}}]}},"uagb_featured_image_src":{"full":["https:\/\/kabinam.lt\/wp-content\/uploads\/2025\/10\/1000077582.jpg",828,808,false],"thumbnail":["https:\/\/kabinam.lt\/wp-content\/uploads\/2025\/10\/1000077582-150x150.jpg",150,150,true],"medium":["https:\/\/kabinam.lt\/wp-content\/uploads\/2025\/10\/1000077582-300x293.jpg",300,293,true],"medium_large":["https:\/\/kabinam.lt\/wp-content\/uploads\/2025\/10\/1000077582-768x749.jpg",768,749,true],"large":["https:\/\/kabinam.lt\/wp-content\/uploads\/2025\/10\/1000077582.jpg",828,808,false],"1536x1536":["https:\/\/kabinam.lt\/wp-content\/uploads\/2025\/10\/1000077582.jpg",828,808,false],"2048x2048":["https:\/\/kabinam.lt\/wp-content\/uploads\/2025\/10\/1000077582.jpg",828,808,false],"trp-custom-language-flag":["https:\/\/kabinam.lt\/wp-content\/uploads\/2025\/10\/1000077582-12x12.jpg",12,12,true],"woocommerce_thumbnail":["https:\/\/kabinam.lt\/wp-content\/uploads\/2025\/10\/1000077582-300x300.jpg",300,300,true],"woocommerce_single":["https:\/\/kabinam.lt\/wp-content\/uploads\/2025\/10\/1000077582-600x586.jpg",600,586,true],"woocommerce_gallery_thumbnail":["https:\/\/kabinam.lt\/wp-content\/uploads\/2025\/10\/1000077582-100x100.jpg",100,100,true]},"uagb_author_info":{"display_name":"kabinam.lt","author_link":"https:\/\/kabinam.lt\/lt\/author\/"},"uagb_comment_info":0,"uagb_excerpt":"I\u0161skirtin\u0117 ir simboli\u0161ka emalio pin'as. Kultinis Banksy gatv\u0117s meno motyvas \u2013 mergait\u0117, siekianti raudono \u0161irdies formos baliono \u2013 stilingas aksesuaras meno myl\u0117tojams.","_links":{"self":[{"href":"https:\/\/kabinam.lt\/lt\/wp-json\/wp\/v2\/product\/4251","targetHints":{"allow":["GET"]}}],"collection":[{"href":"https:\/\/kabinam.lt\/lt\/wp-json\/wp\/v2\/product"}],"about":[{"href":"https:\/\/kabinam.lt\/lt\/wp-json\/wp\/v2\/types\/product"}],"replies":[{"embeddable":true,"href":"https:\/\/kabinam.lt\/lt\/wp-json\/wp\/v2\/comments?post=4251"}],"wp:featuredmedia":[{"embeddable":true,"href":"https:\/\/kabinam.lt\/lt\/wp-json\/wp\/v2\/media\/4262"}],"wp:attachment":[{"href":"https:\/\/kabinam.lt\/lt\/wp-json\/wp\/v2\/media?parent=4251"}],"wp:term":[{"taxonomy":"product_brand","embeddable":true,"href":"https:\/\/kabinam.lt\/lt\/wp-json\/wp\/v2\/product_brand?post=4251"},{"taxonomy":"product_cat","embeddable":true,"href":"https:\/\/kabinam.lt\/lt\/wp-json\/wp\/v2\/product_cat?post=4251"},{"taxonomy":"product_tag","embeddable":true,"href":"https:\/\/kabinam.lt\/lt\/wp-json\/wp\/v2\/product_tag?post=4251"}],"curies":[{"name":"wp","href":"https:\/\/api.w.org\/{rel}","templated":true}]}}