{"id":2416,"date":"2024-08-15T09:38:52","date_gmt":"2024-08-15T06:38:52","guid":{"rendered":"https:\/\/kabinam.lt\/?post_type=product&#038;p=2416"},"modified":"2026-01-03T18:54:42","modified_gmt":"2026-01-03T16:54:42","slug":"unikalus-dovanu-raktu-pakabukai-ace-of-hearts","status":"publish","type":"product","link":"https:\/\/kabinam.lt\/lt\/product\/unikalus-dovanu-raktu-pakabukai-ace-of-hearts\/","title":{"rendered":"Unikal\u016bs dovan\u0173 rakt\u0173 pakabukai \u2013 \u201eAce of Hearts\u201c"},"content":{"rendered":"\n\n<div class=\"kk-star-ratings kksr-auto kksr-align-left kksr-valign-top\"\n    data-payload='{&quot;align&quot;:&quot;left&quot;,&quot;id&quot;:&quot;2416&quot;,&quot;slug&quot;:&quot;default&quot;,&quot;valign&quot;:&quot;top&quot;,&quot;ignore&quot;:&quot;&quot;,&quot;reference&quot;:&quot;auto&quot;,&quot;class&quot;:&quot;&quot;,&quot;count&quot;:&quot;0&quot;,&quot;legendonly&quot;:&quot;&quot;,&quot;readonly&quot;:&quot;&quot;,&quot;score&quot;:&quot;0&quot;,&quot;starsonly&quot;:&quot;&quot;,&quot;best&quot;:&quot;5&quot;,&quot;gap&quot;:&quot;5&quot;,&quot;greet&quot;:&quot;Mums svarbus j\u016bs\u0173 \u012fvertinimas&quot;,&quot;legend&quot;:&quot;0\\\/5 - (0 votes)&quot;,&quot;size&quot;:&quot;24&quot;,&quot;title&quot;:&quot;Unikal\u016bs dovan\u0173 rakt\u0173 pakabukai \u2013 \u201eAce of Hearts\u201c&quot;,&quot;width&quot;:&quot;0&quot;,&quot;_legend&quot;:&quot;{score}\\\/{best} - ({count} {votes})&quot;,&quot;font_factor&quot;:&quot;1.25&quot;}'>\n            \n<div class=\"kksr-stars\">\n    \n<div class=\"kksr-stars-inactive\">\n            <div class=\"kksr-star\" data-star=\"1\" style=\"padding-right: 5px\">\n            \n\n<div class=\"kksr-icon\" style=\"width: 24px; height: 24px;\"><\/div>\n        <\/div>\n            <div class=\"kksr-star\" data-star=\"2\" style=\"padding-right: 5px\">\n            \n\n<div class=\"kksr-icon\" style=\"width: 24px; height: 24px;\"><\/div>\n        <\/div>\n            <div class=\"kksr-star\" data-star=\"3\" style=\"padding-right: 5px\">\n            \n\n<div class=\"kksr-icon\" style=\"width: 24px; height: 24px;\"><\/div>\n        <\/div>\n            <div class=\"kksr-star\" data-star=\"4\" style=\"padding-right: 5px\">\n            \n\n<div class=\"kksr-icon\" style=\"width: 24px; height: 24px;\"><\/div>\n        <\/div>\n            <div class=\"kksr-star\" data-star=\"5\" style=\"padding-right: 5px\">\n            \n\n<div class=\"kksr-icon\" style=\"width: 24px; height: 24px;\"><\/div>\n        <\/div>\n    <\/div>\n    \n<div class=\"kksr-stars-active\" style=\"width: 0px;\">\n            <div class=\"kksr-star\" style=\"padding-right: 5px\">\n            \n\n<div class=\"kksr-icon\" style=\"width: 24px; height: 24px;\"><\/div>\n        <\/div>\n            <div class=\"kksr-star\" style=\"padding-right: 5px\">\n            \n\n<div class=\"kksr-icon\" style=\"width: 24px; height: 24px;\"><\/div>\n        <\/div>\n            <div class=\"kksr-star\" style=\"padding-right: 5px\">\n            \n\n<div class=\"kksr-icon\" style=\"width: 24px; height: 24px;\"><\/div>\n        <\/div>\n            <div class=\"kksr-star\" style=\"padding-right: 5px\">\n            \n\n<div class=\"kksr-icon\" style=\"width: 24px; height: 24px;\"><\/div>\n        <\/div>\n            <div class=\"kksr-star\" style=\"padding-right: 5px\">\n            \n\n<div class=\"kksr-icon\" style=\"width: 24px; height: 24px;\"><\/div>\n        <\/div>\n    <\/div>\n<\/div>\n                \n\n<div class=\"kksr-legend\" style=\"font-size: 19.2px;\">\n            <span class=\"kksr-muted\">Mums svarbus j\u016bs\u0173 \u012fvertinimas<\/span>\n    <\/div>\n    <\/div>\n<h3 class=\"\" data-start=\"173\" data-end=\"251\">\u201eAce of Hearts\u201c kortos formos aksesuaras<\/h3>\n<p class=\"\" data-start=\"253\" data-end=\"540\">Unikal\u016bs dovan\u0173 rakt\u0173 pakabukai vis da\u017eniau tampa i\u0161skirtin\u0117s dovanos pasirinkimu. Jei ie\u0161kai ko nors originalaus, simboli\u0161ko ir nebanalaus \u2013 \u0161is kortos formos metalinis pakabukas \u201eAce of Hearts\u201c yra b\u016btent tai. Tai ne tik prakti\u0161kas aksesuaras, bet ir stilinga detal\u0117 su prasm\u0117s gylumu.<\/p>\n<p class=\"\" data-start=\"542\" data-end=\"902\">Kortos forma \u2013 ypa\u010d simboli\u0161ka. \u201eAce of Hearts\u201c, kitaip dar vadinamas \u0161ird\u017ei\u0173 t\u016bzu, yra meil\u0117s, ry\u017eto ir s\u0117km\u0117s \u017eenklas. D\u0117l to \u0161is pakabukas idealiai tinka dovanoti mylimam \u017emogui, artimam draugui ar net sau \u2013 kaip \u012fkv\u0117pimo \u0161altinis. Unikal\u016bs dovan\u0173 rakt\u0173 pakabukai ne tik funkcional\u016bs, bet ir perteikia emocij\u0105, o \u0161is modelis tai daro subtiliai ir stilingai.<\/p>\n<p class=\"\" data-start=\"904\" data-end=\"1235\">Pagamintas i\u0161 tvirto plieno lydinio, pakabukas pasi\u017eymi ilgaam\u017ei\u0161kumu ir solid\u017eiu dizainu. Tiks bet kokiam rakt\u0173 komplektui, kuprinei ar net automobilio veidrod\u0117liui. Jo pavir\u0161ius yra glotnus, graviruotas, su ai\u0161kiai i\u0161rai\u017eytais kortos \u017eenklais \u2013 \u0161irdimi ir \u201eA\u201c simboliu. Toks aksesuaras akimirksniu i\u0161siskiria savo forma ir id\u0117ja.<\/p>\n<hr class=\"\" data-start=\"1237\" data-end=\"1240\" \/>\n<h3 class=\"\" data-start=\"1242\" data-end=\"1266\">Dovana, kuri i\u0161lieka<\/h3>\n<p class=\"\" data-start=\"1268\" data-end=\"1620\">Rakt\u0173 pakabukai jau seniai tapo daugiau nei tik prakti\u0161ka priemon\u0117 raktams laikyti. Jie tampa sentimentaliu priminimu, simboliu ar stiliaus detale. Kortos formos pakabukas su \u0161irdimi primena apie \u017eaidimo dvasi\u0105, \u0161ansus, dr\u0105s\u0105 ir, \u017einoma, meil\u0119. Unikal\u016bs dovan\u0173 rakt\u0173 pakabukai \u0161iuo atveju pasiekia emocin\u012f lygmen\u012f \u2013 dovanojamas su intencija, su prasme.<\/p>\n<p class=\"\" data-start=\"1622\" data-end=\"1944\">Jei nori dar daugiau i\u0161skirtini\u0173 dovan\u0173 id\u0117j\u0173, per\u017evelk m\u016bs\u0173 <a class=\"\" href=\"https:\/\/kabinam.lt\/product-category\/unikaliu-pakabuku-kategorija\/\" target=\"_new\" rel=\"noopener\" data-start=\"1683\" data-end=\"1770\">Unikal\u016bs pakabukai<\/a> kolekcij\u0105. O jei ie\u0161kai aksesuar\u0173 su graviruot\u0117mis ar simbolika, rekomenduojame aplankyti ir <a class=\"cursor-pointer\" target=\"_new\" rel=\"noopener\" data-start=\"1864\" data-end=\"1935\">Graviruoti pakabukai<\/a> puslap\u012f.<\/p>\n<hr class=\"\" data-start=\"1946\" data-end=\"1949\" \/>\n<h3 class=\"\" data-start=\"1951\" data-end=\"1988\">Stilius ir simbolika kasdienyb\u0117je<\/h3>\n<p class=\"\" data-start=\"1990\" data-end=\"2225\">Unikal\u016bs dovan\u0173 rakt\u0173 pakabukai tokie kaip \u0161is padeda \u017emogui i\u0161reik\u0161ti save, savo pom\u0117gius ar emocijas. Kortos forma kalba apie \u017eaidim\u0105, aistr\u0105 ir spontani\u0161kum\u0105. D\u0117l savo dyd\u017eio ir dizaino, jis puikiai tinka tiek vyrams, tiek moterims.<\/p>\n<p class=\"\" data-start=\"2227\" data-end=\"2489\">Ie\u0161kantiems netradicini\u0173 dovan\u0173 id\u0117j\u0173, rekomenduojame per\u017ei\u016br\u0117ti \u0161\u012f <a class=\"cursor-pointer\" target=\"_new\" rel=\"noopener\" data-start=\"2295\" data-end=\"2405\">straipsn\u012f apie simboli\u0161kas dovan\u0173 id\u0117jas poroms<\/a>, kuriame ap\u017evelgiami ir kort\u0173 \u012fkv\u0117pti aksesuarai. Tai \u2013 i\u0161orin\u0117 nuoroda \u012f \u012fkv\u0117pim\u0105.<\/p>\n","protected":false},"excerpt":{"rendered":"<p>Kortos formos pakabukas \u201eAce of Hearts\u201c \u2013 stilingas, tvirtas ir originalus aksesuaras su simboline prasme.<\/p>\n","protected":false},"featured_media":2417,"comment_status":"closed","ping_status":"closed","template":"","meta":{"_uag_custom_page_level_css":"","site-sidebar-layout":"default","site-content-layout":"","ast-site-content-layout":"default","site-content-style":"default","site-sidebar-style":"default","ast-global-header-display":"","ast-banner-title-visibility":"","ast-main-header-display":"","ast-hfb-above-header-display":"","ast-hfb-below-header-display":"","ast-hfb-mobile-header-display":"","site-post-title":"","ast-breadcrumbs-content":"","ast-featured-img":"","footer-sml-layout":"","ast-disable-related-posts":"","theme-transparent-header-meta":"default","adv-header-id-meta":"","stick-header-meta":"","header-above-stick-meta":"","header-main-stick-meta":"","header-below-stick-meta":"","astra-migrate-meta-layouts":"set","ast-page-background-enabled":"default","ast-page-background-meta":{"desktop":{"background-color":"var(--ast-global-color-4)","background-image":"","background-repeat":"repeat","background-position":"center center","background-size":"auto","background-attachment":"scroll","background-type":"","background-media":"","overlay-type":"","overlay-color":"","overlay-opacity":"","overlay-gradient":""},"tablet":{"background-color":"","background-image":"","background-repeat":"repeat","background-position":"center center","background-size":"auto","background-attachment":"scroll","background-type":"","background-media":"","overlay-type":"","overlay-color":"","overlay-opacity":"","overlay-gradient":""},"mobile":{"background-color":"","background-image":"","background-repeat":"repeat","background-position":"center center","background-size":"auto","background-attachment":"scroll","background-type":"","background-media":"","overlay-type":"","overlay-color":"","overlay-opacity":"","overlay-gradient":""}},"ast-content-background-meta":{"desktop":{"background-color":"var(--ast-global-color-5)","background-image":"","background-repeat":"repeat","background-position":"center center","background-size":"auto","background-attachment":"scroll","background-type":"","background-media":"","overlay-type":"","overlay-color":"","overlay-opacity":"","overlay-gradient":""},"tablet":{"background-color":"var(--ast-global-color-5)","background-image":"","background-repeat":"repeat","background-position":"center center","background-size":"auto","background-attachment":"scroll","background-type":"","background-media":"","overlay-type":"","overlay-color":"","overlay-opacity":"","overlay-gradient":""},"mobile":{"background-color":"var(--ast-global-color-5)","background-image":"","background-repeat":"repeat","background-position":"center center","background-size":"auto","background-attachment":"scroll","background-type":"","background-media":"","overlay-type":"","overlay-color":"","overlay-opacity":"","overlay-gradient":""}}},"product_brand":[],"product_cat":[118,125,116,92,95,126],"product_tag":[],"class_list":{"0":"post-2416","1":"product","2":"type-product","3":"status-publish","4":"has-post-thumbnail","6":"product_cat-dovana-teciui","7":"product_cat-halloween","8":"product_cat-metaliniai-raktu-pakabukai","9":"product_cat-populiariausiu-produktu-kategorija","10":"product_cat-unikalus-raktu-pakabukai","11":"product_cat-visi","12":"desktop-align-center","13":"tablet-align-left","14":"mobile-align-left","16":"first","17":"instock","18":"shipping-taxable","19":"purchasable","20":"product-type-simple"},"yoast_head":"<!-- This site is optimized with the Yoast SEO plugin v27.4 - https:\/\/yoast.com\/product\/yoast-seo-wordpress\/ -->\n<title>Unikal\u016bs dovan\u0173 rakt\u0173 pakabukai \u2013 \u201eAce of Hearts\u201c - kabinam.lt<\/title>\n<meta name=\"description\" content=\"Unikal\u016bs dovan\u0173 rakt\u0173 pakabukai \u2013 \u201eAce of Hearts\u201c simbolis, tvirtas, stilingas aksesuaras su prasme.\" \/>\n<meta name=\"robots\" content=\"index, follow, max-snippet:-1, max-image-preview:large, max-video-preview:-1\" \/>\n<link rel=\"canonical\" href=\"https:\/\/kabinam.lt\/lt\/product\/unikalus-dovanu-raktu-pakabukai-ace-of-hearts\/\" \/>\n<meta property=\"og:locale\" content=\"lt_LT\" \/>\n<meta property=\"og:type\" content=\"article\" \/>\n<meta property=\"og:title\" content=\"Unikal\u016bs dovan\u0173 rakt\u0173 pakabukai \u2013 \u201eAce of Hearts\u201c - kabinam.lt\" \/>\n<meta property=\"og:description\" content=\"Unikal\u016bs dovan\u0173 rakt\u0173 pakabukai \u2013 \u201eAce of Hearts\u201c simbolis, tvirtas, stilingas aksesuaras su prasme.\" \/>\n<meta property=\"og:url\" content=\"https:\/\/kabinam.lt\/lt\/product\/unikalus-dovanu-raktu-pakabukai-ace-of-hearts\/\" \/>\n<meta property=\"og:site_name\" content=\"kabinam.lt\" \/>\n<meta property=\"article:modified_time\" content=\"2026-01-03T16:54:42+00:00\" \/>\n<meta property=\"og:image\" content=\"https:\/\/kabinam.lt\/wp-content\/uploads\/2024\/08\/0b6c61c3-40e6-4f67-84b4-ac520e9c8e52.jpg\" \/>\n\t<meta property=\"og:image:width\" content=\"800\" \/>\n\t<meta property=\"og:image:height\" content=\"800\" \/>\n\t<meta property=\"og:image:type\" content=\"image\/jpeg\" \/>\n<meta name=\"twitter:card\" content=\"summary_large_image\" \/>\n<meta name=\"twitter:label1\" content=\"Est. reading time\" \/>\n\t<meta name=\"twitter:data1\" content=\"2 minut\u0117s\" \/>\n<script type=\"application\/ld+json\" class=\"yoast-schema-graph\">{\"@context\":\"https:\\\/\\\/schema.org\",\"@graph\":[{\"@type\":[\"WebPage\",\"ItemPage\"],\"@id\":\"https:\\\/\\\/kabinam.lt\\\/product\\\/unikalus-dovanu-raktu-pakabukai-ace-of-hearts\\\/\",\"url\":\"https:\\\/\\\/kabinam.lt\\\/product\\\/unikalus-dovanu-raktu-pakabukai-ace-of-hearts\\\/\",\"name\":\"Unikal\u016bs dovan\u0173 rakt\u0173 pakabukai \u2013 \u201eAce of Hearts\u201c - kabinam.lt\",\"isPartOf\":{\"@id\":\"https:\\\/\\\/kabinam.lt\\\/#website\"},\"primaryImageOfPage\":{\"@id\":\"https:\\\/\\\/kabinam.lt\\\/product\\\/unikalus-dovanu-raktu-pakabukai-ace-of-hearts\\\/#primaryimage\"},\"image\":{\"@id\":\"https:\\\/\\\/kabinam.lt\\\/product\\\/unikalus-dovanu-raktu-pakabukai-ace-of-hearts\\\/#primaryimage\"},\"thumbnailUrl\":\"https:\\\/\\\/kabinam.lt\\\/wp-content\\\/uploads\\\/2024\\\/08\\\/0b6c61c3-40e6-4f67-84b4-ac520e9c8e52.jpg\",\"datePublished\":\"2024-08-15T06:38:52+00:00\",\"dateModified\":\"2026-01-03T16:54:42+00:00\",\"description\":\"Unikal\u016bs dovan\u0173 rakt\u0173 pakabukai \u2013 \u201eAce of Hearts\u201c simbolis, tvirtas, stilingas aksesuaras su prasme.\",\"breadcrumb\":{\"@id\":\"https:\\\/\\\/kabinam.lt\\\/product\\\/unikalus-dovanu-raktu-pakabukai-ace-of-hearts\\\/#breadcrumb\"},\"inLanguage\":\"lt-LT\",\"potentialAction\":[{\"@type\":\"ReadAction\",\"target\":[\"https:\\\/\\\/kabinam.lt\\\/product\\\/unikalus-dovanu-raktu-pakabukai-ace-of-hearts\\\/\"]}]},{\"@type\":\"ImageObject\",\"inLanguage\":\"lt-LT\",\"@id\":\"https:\\\/\\\/kabinam.lt\\\/product\\\/unikalus-dovanu-raktu-pakabukai-ace-of-hearts\\\/#primaryimage\",\"url\":\"https:\\\/\\\/kabinam.lt\\\/wp-content\\\/uploads\\\/2024\\\/08\\\/0b6c61c3-40e6-4f67-84b4-ac520e9c8e52.jpg\",\"contentUrl\":\"https:\\\/\\\/kabinam.lt\\\/wp-content\\\/uploads\\\/2024\\\/08\\\/0b6c61c3-40e6-4f67-84b4-ac520e9c8e52.jpg\",\"width\":800,\"height\":800,\"caption\":\"\u201eAce of Hearts\u201c formos pakabukas i\u0161 metalo\"},{\"@type\":\"BreadcrumbList\",\"@id\":\"https:\\\/\\\/kabinam.lt\\\/product\\\/unikalus-dovanu-raktu-pakabukai-ace-of-hearts\\\/#breadcrumb\",\"itemListElement\":[{\"@type\":\"ListItem\",\"position\":1,\"name\":\"Home\",\"item\":\"https:\\\/\\\/kabinam.lt\\\/\"},{\"@type\":\"ListItem\",\"position\":2,\"name\":\"Visi Produktai\",\"item\":\"https:\\\/\\\/kabinam.lt\\\/visi-produktai\\\/\"},{\"@type\":\"ListItem\",\"position\":3,\"name\":\"Unikal\u016bs dovan\u0173 rakt\u0173 pakabukai \u2013 \u201eAce of Hearts\u201c\"}]},{\"@type\":\"WebSite\",\"@id\":\"https:\\\/\\\/kabinam.lt\\\/#website\",\"url\":\"https:\\\/\\\/kabinam.lt\\\/\",\"name\":\"kabinam.lt\",\"description\":\"Kabinam.lt \u2013 raktu pakabukai ir aksesuarai\",\"publisher\":{\"@id\":\"https:\\\/\\\/kabinam.lt\\\/#organization\"},\"alternateName\":\"pakabukai lt\",\"potentialAction\":[{\"@type\":\"SearchAction\",\"target\":{\"@type\":\"EntryPoint\",\"urlTemplate\":\"https:\\\/\\\/kabinam.lt\\\/?s={search_term_string}\"},\"query-input\":{\"@type\":\"PropertyValueSpecification\",\"valueRequired\":true,\"valueName\":\"search_term_string\"}}],\"inLanguage\":\"lt-LT\"},{\"@type\":\"Organization\",\"@id\":\"https:\\\/\\\/kabinam.lt\\\/#organization\",\"name\":\"kabinam.lt\",\"alternateName\":\"kabinam\",\"url\":\"https:\\\/\\\/kabinam.lt\\\/\",\"logo\":{\"@type\":\"ImageObject\",\"inLanguage\":\"lt-LT\",\"@id\":\"https:\\\/\\\/kabinam.lt\\\/#\\\/schema\\\/logo\\\/image\\\/\",\"url\":\"https:\\\/\\\/kabinam.lt\\\/wp-content\\\/uploads\\\/2025\\\/05\\\/KABINAM_outer_glow.png\",\"contentUrl\":\"https:\\\/\\\/kabinam.lt\\\/wp-content\\\/uploads\\\/2025\\\/05\\\/KABINAM_outer_glow.png\",\"width\":474,\"height\":141,\"caption\":\"kabinam.lt\"},\"image\":{\"@id\":\"https:\\\/\\\/kabinam.lt\\\/#\\\/schema\\\/logo\\\/image\\\/\"}}]}<\/script>\n<!-- \/ Yoast SEO plugin. -->","yoast_head_json":{"title":"Unikal\u016bs dovan\u0173 rakt\u0173 pakabukai \u2013 \u201eAce of Hearts\u201c - kabinam.lt","description":"Unikal\u016bs dovan\u0173 rakt\u0173 pakabukai \u2013 \u201eAce of Hearts\u201c simbolis, tvirtas, stilingas aksesuaras su prasme.","robots":{"index":"index","follow":"follow","max-snippet":"max-snippet:-1","max-image-preview":"max-image-preview:large","max-video-preview":"max-video-preview:-1"},"canonical":"https:\/\/kabinam.lt\/lt\/product\/unikalus-dovanu-raktu-pakabukai-ace-of-hearts\/","og_locale":"lt_LT","og_type":"article","og_title":"Unikal\u016bs dovan\u0173 rakt\u0173 pakabukai \u2013 \u201eAce of Hearts\u201c - kabinam.lt","og_description":"Unikal\u016bs dovan\u0173 rakt\u0173 pakabukai \u2013 \u201eAce of Hearts\u201c simbolis, tvirtas, stilingas aksesuaras su prasme.","og_url":"https:\/\/kabinam.lt\/lt\/product\/unikalus-dovanu-raktu-pakabukai-ace-of-hearts\/","og_site_name":"kabinam.lt","article_modified_time":"2026-01-03T16:54:42+00:00","og_image":[{"width":800,"height":800,"url":"https:\/\/kabinam.lt\/wp-content\/uploads\/2024\/08\/0b6c61c3-40e6-4f67-84b4-ac520e9c8e52.jpg","type":"image\/jpeg"}],"twitter_card":"summary_large_image","twitter_misc":{"Est. reading time":"2 minut\u0117s"},"schema":{"@context":"https:\/\/schema.org","@graph":[{"@type":["WebPage","ItemPage"],"@id":"https:\/\/kabinam.lt\/product\/unikalus-dovanu-raktu-pakabukai-ace-of-hearts\/","url":"https:\/\/kabinam.lt\/product\/unikalus-dovanu-raktu-pakabukai-ace-of-hearts\/","name":"Unikal\u016bs dovan\u0173 rakt\u0173 pakabukai \u2013 \u201eAce of Hearts\u201c - kabinam.lt","isPartOf":{"@id":"https:\/\/kabinam.lt\/#website"},"primaryImageOfPage":{"@id":"https:\/\/kabinam.lt\/product\/unikalus-dovanu-raktu-pakabukai-ace-of-hearts\/#primaryimage"},"image":{"@id":"https:\/\/kabinam.lt\/product\/unikalus-dovanu-raktu-pakabukai-ace-of-hearts\/#primaryimage"},"thumbnailUrl":"https:\/\/kabinam.lt\/wp-content\/uploads\/2024\/08\/0b6c61c3-40e6-4f67-84b4-ac520e9c8e52.jpg","datePublished":"2024-08-15T06:38:52+00:00","dateModified":"2026-01-03T16:54:42+00:00","description":"Unikal\u016bs dovan\u0173 rakt\u0173 pakabukai \u2013 \u201eAce of Hearts\u201c simbolis, tvirtas, stilingas aksesuaras su prasme.","breadcrumb":{"@id":"https:\/\/kabinam.lt\/product\/unikalus-dovanu-raktu-pakabukai-ace-of-hearts\/#breadcrumb"},"inLanguage":"lt-LT","potentialAction":[{"@type":"ReadAction","target":["https:\/\/kabinam.lt\/product\/unikalus-dovanu-raktu-pakabukai-ace-of-hearts\/"]}]},{"@type":"ImageObject","inLanguage":"lt-LT","@id":"https:\/\/kabinam.lt\/product\/unikalus-dovanu-raktu-pakabukai-ace-of-hearts\/#primaryimage","url":"https:\/\/kabinam.lt\/wp-content\/uploads\/2024\/08\/0b6c61c3-40e6-4f67-84b4-ac520e9c8e52.jpg","contentUrl":"https:\/\/kabinam.lt\/wp-content\/uploads\/2024\/08\/0b6c61c3-40e6-4f67-84b4-ac520e9c8e52.jpg","width":800,"height":800,"caption":"\u201eAce of Hearts\u201c formos pakabukas i\u0161 metalo"},{"@type":"BreadcrumbList","@id":"https:\/\/kabinam.lt\/product\/unikalus-dovanu-raktu-pakabukai-ace-of-hearts\/#breadcrumb","itemListElement":[{"@type":"ListItem","position":1,"name":"Home","item":"https:\/\/kabinam.lt\/"},{"@type":"ListItem","position":2,"name":"Visi Produktai","item":"https:\/\/kabinam.lt\/visi-produktai\/"},{"@type":"ListItem","position":3,"name":"Unikal\u016bs dovan\u0173 rakt\u0173 pakabukai \u2013 \u201eAce of Hearts\u201c"}]},{"@type":"WebSite","@id":"https:\/\/kabinam.lt\/#website","url":"https:\/\/kabinam.lt\/","name":"kabinam.lt","description":"Kabinam.lt \u2013 raktu pakabukai ir aksesuarai","publisher":{"@id":"https:\/\/kabinam.lt\/#organization"},"alternateName":"pakabukai lt","potentialAction":[{"@type":"SearchAction","target":{"@type":"EntryPoint","urlTemplate":"https:\/\/kabinam.lt\/?s={search_term_string}"},"query-input":{"@type":"PropertyValueSpecification","valueRequired":true,"valueName":"search_term_string"}}],"inLanguage":"lt-LT"},{"@type":"Organization","@id":"https:\/\/kabinam.lt\/#organization","name":"kabinam.lt","alternateName":"kabinam","url":"https:\/\/kabinam.lt\/","logo":{"@type":"ImageObject","inLanguage":"lt-LT","@id":"https:\/\/kabinam.lt\/#\/schema\/logo\/image\/","url":"https:\/\/kabinam.lt\/wp-content\/uploads\/2025\/05\/KABINAM_outer_glow.png","contentUrl":"https:\/\/kabinam.lt\/wp-content\/uploads\/2025\/05\/KABINAM_outer_glow.png","width":474,"height":141,"caption":"kabinam.lt"},"image":{"@id":"https:\/\/kabinam.lt\/#\/schema\/logo\/image\/"}}]}},"uagb_featured_image_src":{"full":["https:\/\/kabinam.lt\/wp-content\/uploads\/2024\/08\/0b6c61c3-40e6-4f67-84b4-ac520e9c8e52.jpg",800,800,false],"thumbnail":["https:\/\/kabinam.lt\/wp-content\/uploads\/2024\/08\/0b6c61c3-40e6-4f67-84b4-ac520e9c8e52-150x150.jpg",150,150,true],"medium":["https:\/\/kabinam.lt\/wp-content\/uploads\/2024\/08\/0b6c61c3-40e6-4f67-84b4-ac520e9c8e52-300x300.jpg",300,300,true],"medium_large":["https:\/\/kabinam.lt\/wp-content\/uploads\/2024\/08\/0b6c61c3-40e6-4f67-84b4-ac520e9c8e52-768x768.jpg",768,768,true],"large":["https:\/\/kabinam.lt\/wp-content\/uploads\/2024\/08\/0b6c61c3-40e6-4f67-84b4-ac520e9c8e52.jpg",800,800,false],"1536x1536":["https:\/\/kabinam.lt\/wp-content\/uploads\/2024\/08\/0b6c61c3-40e6-4f67-84b4-ac520e9c8e52.jpg",800,800,false],"2048x2048":["https:\/\/kabinam.lt\/wp-content\/uploads\/2024\/08\/0b6c61c3-40e6-4f67-84b4-ac520e9c8e52.jpg",800,800,false],"trp-custom-language-flag":["https:\/\/kabinam.lt\/wp-content\/uploads\/2024\/08\/0b6c61c3-40e6-4f67-84b4-ac520e9c8e52.jpg",12,12,false],"woocommerce_thumbnail":["https:\/\/kabinam.lt\/wp-content\/uploads\/2024\/08\/0b6c61c3-40e6-4f67-84b4-ac520e9c8e52-300x300.jpg",300,300,true],"woocommerce_single":["https:\/\/kabinam.lt\/wp-content\/uploads\/2024\/08\/0b6c61c3-40e6-4f67-84b4-ac520e9c8e52-600x600.jpg",600,600,true],"woocommerce_gallery_thumbnail":["https:\/\/kabinam.lt\/wp-content\/uploads\/2024\/08\/0b6c61c3-40e6-4f67-84b4-ac520e9c8e52-100x100.jpg",100,100,true]},"uagb_author_info":{"display_name":"kabinam.lt","author_link":"https:\/\/kabinam.lt\/lt\/author\/"},"uagb_comment_info":0,"uagb_excerpt":"Kortos formos pakabukas \u201eAce of Hearts\u201c \u2013 stilingas, tvirtas ir originalus aksesuaras su simboline prasme.","_links":{"self":[{"href":"https:\/\/kabinam.lt\/lt\/wp-json\/wp\/v2\/product\/2416","targetHints":{"allow":["GET"]}}],"collection":[{"href":"https:\/\/kabinam.lt\/lt\/wp-json\/wp\/v2\/product"}],"about":[{"href":"https:\/\/kabinam.lt\/lt\/wp-json\/wp\/v2\/types\/product"}],"replies":[{"embeddable":true,"href":"https:\/\/kabinam.lt\/lt\/wp-json\/wp\/v2\/comments?post=2416"}],"wp:featuredmedia":[{"embeddable":true,"href":"https:\/\/kabinam.lt\/lt\/wp-json\/wp\/v2\/media\/2417"}],"wp:attachment":[{"href":"https:\/\/kabinam.lt\/lt\/wp-json\/wp\/v2\/media?parent=2416"}],"wp:term":[{"taxonomy":"product_brand","embeddable":true,"href":"https:\/\/kabinam.lt\/lt\/wp-json\/wp\/v2\/product_brand?post=2416"},{"taxonomy":"product_cat","embeddable":true,"href":"https:\/\/kabinam.lt\/lt\/wp-json\/wp\/v2\/product_cat?post=2416"},{"taxonomy":"product_tag","embeddable":true,"href":"https:\/\/kabinam.lt\/lt\/wp-json\/wp\/v2\/product_tag?post=2416"}],"curies":[{"name":"wp","href":"https:\/\/api.w.org\/{rel}","templated":true}]}}