{"id":4534,"date":"2025-12-13T22:35:34","date_gmt":"2025-12-13T20:35:34","guid":{"rendered":"https:\/\/kabinam.lt\/?post_type=product&#038;p=4534"},"modified":"2026-03-12T07:04:08","modified_gmt":"2026-03-12T05:04:08","slug":"kass-noaga-must-huumor-narviline-pin","status":"publish","type":"product","link":"https:\/\/kabinam.lt\/et\/product\/kate-su-peiliu-juodas-humoras-edgy-pin\/","title":{"rendered":"Edgy Humor pross | Kass koos noaga prossiga"},"content":{"rendered":"<div class=\"kk-star-ratings kksr-auto kksr-align-left kksr-valign-top\"\n    data-payload='{&quot;align&quot;:&quot;left&quot;,&quot;id&quot;:&quot;4534&quot;,&quot;slug&quot;:&quot;default&quot;,&quot;valign&quot;:&quot;top&quot;,&quot;ignore&quot;:&quot;&quot;,&quot;reference&quot;:&quot;auto&quot;,&quot;class&quot;:&quot;&quot;,&quot;count&quot;:&quot;0&quot;,&quot;legendonly&quot;:&quot;&quot;,&quot;readonly&quot;:&quot;&quot;,&quot;score&quot;:&quot;0&quot;,&quot;starsonly&quot;:&quot;&quot;,&quot;best&quot;:&quot;5&quot;,&quot;gap&quot;:&quot;5&quot;,&quot;greet&quot;:&quot;Mums svarbus j\u016bs\u0173 \u012fvertinimas&quot;,&quot;legend&quot;:&quot;0\\\/5 - (0 votes)&quot;,&quot;size&quot;:&quot;24&quot;,&quot;title&quot;:&quot;Edgy Humoro Seg\u0117 | Kat\u0117 Su Peiliu Bro\u0161ka&quot;,&quot;width&quot;:&quot;0&quot;,&quot;_legend&quot;:&quot;{score}\\\/{best} - ({count} {votes})&quot;,&quot;font_factor&quot;:&quot;1.25&quot;}'>\n            \n<div class=\"kksr-stars\">\n    \n<div class=\"kksr-stars-inactive\">\n            <div class=\"kksr-star\" data-star=\"1\" style=\"padding-right: 5px\">\n            \n\n<div class=\"kksr-icon\" style=\"width: 24px; height: 24px;\"><\/div>\n        <\/div>\n            <div class=\"kksr-star\" data-star=\"2\" style=\"padding-right: 5px\">\n            \n\n<div class=\"kksr-icon\" style=\"width: 24px; height: 24px;\"><\/div>\n        <\/div>\n            <div class=\"kksr-star\" data-star=\"3\" style=\"padding-right: 5px\">\n            \n\n<div class=\"kksr-icon\" style=\"width: 24px; height: 24px;\"><\/div>\n        <\/div>\n            <div class=\"kksr-star\" data-star=\"4\" style=\"padding-right: 5px\">\n            \n\n<div class=\"kksr-icon\" style=\"width: 24px; height: 24px;\"><\/div>\n        <\/div>\n            <div class=\"kksr-star\" data-star=\"5\" style=\"padding-right: 5px\">\n            \n\n<div class=\"kksr-icon\" style=\"width: 24px; height: 24px;\"><\/div>\n        <\/div>\n    <\/div>\n    \n<div class=\"kksr-stars-active\" style=\"width: 0px;\">\n            <div class=\"kksr-star\" style=\"padding-right: 5px\">\n            \n\n<div class=\"kksr-icon\" style=\"width: 24px; height: 24px;\"><\/div>\n        <\/div>\n            <div class=\"kksr-star\" style=\"padding-right: 5px\">\n            \n\n<div class=\"kksr-icon\" style=\"width: 24px; height: 24px;\"><\/div>\n        <\/div>\n            <div class=\"kksr-star\" style=\"padding-right: 5px\">\n            \n\n<div class=\"kksr-icon\" style=\"width: 24px; height: 24px;\"><\/div>\n        <\/div>\n            <div class=\"kksr-star\" style=\"padding-right: 5px\">\n            \n\n<div class=\"kksr-icon\" style=\"width: 24px; height: 24px;\"><\/div>\n        <\/div>\n            <div class=\"kksr-star\" style=\"padding-right: 5px\">\n            \n\n<div class=\"kksr-icon\" style=\"width: 24px; height: 24px;\"><\/div>\n        <\/div>\n    <\/div>\n<\/div>\n                \n\n<div class=\"kksr-legend\" style=\"font-size: 19.2px;\">\n            <span class=\"kksr-muted\">Teie hinnang on meile oluline<\/span>\n    <\/div>\n    <\/div>\n<h1 data-path-to-node=\"13\">S\u00e4rtsakas huumorikattevaip: Kass koos noaga - <i>Lahe<\/i> Ja <i>Meem<\/i> Stiil<\/h1>\n<p data-path-to-node=\"14\">See <b>kass koos noaga emailn\u00f5elaga<\/b> ideaalne neile, kes hindavad tugevaid emotsioone ja musta huumorit! See peegeldab kassi temperamenti ja <i>lahe<\/i> <b>agressiivne<\/b> <i>esteetiline<\/i>. See on t\u00e4iuslik <b>lisaseadmed<\/b> neile, kes armastavad <i>l\u00f5bus<\/i> stiil, <b>must huumor<\/b> ja <b>katused<\/b>, kes t\u00f5esti teavad, kuidas end kaitsta. Must kass, kellel on nuga suus ja suured kollased silmad, teeb koomilise <b>\u00e4hvardav<\/b> m\u00f5ju. See ei ole ainult <b>emailitud pross<\/b> - see on sinu viis n\u00e4idata <i>lahe<\/i> stiili ja samastage end <i>terav<\/i> <i>popkultuur<\/i>. Kui otsite <i>statement piece<\/i>, mis n\u00e4itab teie <i>l\u00f5bus<\/i> ja julge k\u00fclg, see <b>kassin\u00f6\u00f6p<\/b> saadaval aadressil <i>must-have<\/i>.<\/p>\n<h2 data-path-to-node=\"15\"><i>Terav<\/i> Disain ja must huumor<\/h2>\n<p data-path-to-node=\"16\">Vt <b>emailipinss<\/b> disain paistab silma <i>l\u00f5bus<\/i> ja iroonilises stiilis. Must, valge ja kollane v\u00e4rvus on s\u00e4rav. Nuga l\u00f5ualuudes lisab <b>huumor<\/b> ja <b>m\u00e4rk<\/b> r\u00f5hutades kasside vastumeelsust. See <b>kassiklipp<\/b> Sobib ideaalselt kombineerimiseks teiste <i>popkultuur<\/i>, <b>humoorikad teemad<\/b> kaudu. <b>loomapoldid<\/b>.<\/p>\n<ul data-path-to-node=\"17\">\n<li>\n<p data-path-to-node=\"17,0,0\"><b>Stiil:<\/b> Sobib ideaalselt <i>esteetiline<\/i>, <i>l\u00f5bus<\/i>, <i>terav<\/i> ja <b>must huumor<\/b> stiilid.<\/p>\n<\/li>\n<li>\n<p data-path-to-node=\"17,1,0\"><b>Kvaliteet:<\/b> Meie <b>emailitud prossid<\/b> on valmistatud k\u00f5rgeima kvaliteediga k\u00f5vast emailist, mis tagab v\u00e4rvide ja detailide eluj\u00f5ulisuse. See on <b>kvaliteetne tihvt<\/b>, mis peavad vastu igap\u00e4evasele kulumisele. Kui soovite rohkem teada, kuidas hoolitseda oma <b>temaatiline<\/b> <i>viigud<\/i>, nii et nad n\u00e4evad alati v\u00e4lja <i>v\u00e4rske<\/i>, teavitamise eesm\u00e4rgil <a class=\"ng-star-inserted\" href=\"https:\/\/www.pinnpatch.lt\" target=\"_blank\" rel=\"noopener\" data-hveid=\"0\" data-ved=\"0CAAQ_4QMahgKEwjQ9NbIw8KRAxUAAAAAHQAAAAAQxgE\">Allikas :<\/a>.<\/p>\n<\/li>\n<\/ul>\n<h2 data-path-to-node=\"18\">Ideaalne kingitus <i>Terav<\/i> Ja kasside f\u00e4nnidele<\/h2>\n<p data-path-to-node=\"19\"><b>Kass koos noaga emailipliiatsiga<\/b> on fantastiline <b>kingiidee<\/b> kassiomanikele, <i>terav<\/i> stiili j\u00e4rgijatele, <i>meme<\/i> armastajatele v\u00f5i lihtsalt kellelegi, kes hindab musta huumorit ja <i>l\u00f5bus<\/i> tarvikud. See on ideaalne t\u00e4iendus:<\/p>\n<ul data-path-to-node=\"20\">\n<li>\n<p data-path-to-node=\"20,0,0\"><b>Seljakotid:<\/b> M\u00f5eldud selleks, et n\u00e4idata oma <i>suhtumine<\/i>.<\/p>\n<\/li>\n<li>\n<p data-path-to-node=\"20,1,0\"><b>Pintsak\/\u00fcmbris:<\/b> Nagu <i>terav<\/i> ja stiilne aktsent.<\/p>\n<\/li>\n<\/ul>\n<p data-path-to-node=\"21\">Vaata meie t\u00e4ielikku <a class=\"ng-star-inserted\" href=\"https:\/\/kabinam.lt\/et\/\" target=\"_blank\" rel=\"noopener\" data-hveid=\"0\" data-ved=\"0CAAQ_4QMahgKEwjQ9NbIw8KRAxUAAAAAHQAAAAAQxwE\">loomad ja <i>popkultuur<\/i> emailipinide kollektsioon<\/a>, kust leiad rohkem <i>l\u00f5bus<\/i> ja ainulaadne <b>n\u00e4pud<\/b>, mis sobivad selle tegelaskujuga suurep\u00e4raselt.<\/p>\n<p data-path-to-node=\"22\"><b>\u00c4ra tee nalja nende kassidega!<\/b> Broneeri see <b>teravmeelne huumorivaip<\/b> t\u00e4na ja tooge sisse <i>l\u00f5bus<\/i> m\u00e4ngulisus teie igap\u00e4evaelus.<\/p>","protected":false},"excerpt":{"rendered":"<p><b>L\u00f5putult <i>terav<\/i> ja <i>l\u00f5bus<\/i> email *n\u00f5el<\/b>*. Must <b>cat<\/b>, kellel on nuga l\u00f5ualuudes - t\u00e4iuslik. <b>lisaseadmed<\/b> <b>must huumor<\/b>, <b>meme<\/b> kultuur ja <i>terav<\/i> stiili f\u00e4nnidele.<\/p>","protected":false},"featured_media":4537,"comment_status":"open","ping_status":"closed","template":"","meta":{"_uag_custom_page_level_css":"","site-sidebar-layout":"default","site-content-layout":"","ast-site-content-layout":"default","site-content-style":"default","site-sidebar-style":"default","ast-global-header-display":"","ast-banner-title-visibility":"","ast-main-header-display":"","ast-hfb-above-header-display":"","ast-hfb-below-header-display":"","ast-hfb-mobile-header-display":"","site-post-title":"","ast-breadcrumbs-content":"","ast-featured-img":"","footer-sml-layout":"","ast-disable-related-posts":"","theme-transparent-header-meta":"default","adv-header-id-meta":"","stick-header-meta":"","header-above-stick-meta":"","header-main-stick-meta":"","header-below-stick-meta":"","astra-migrate-meta-layouts":"set","ast-page-background-enabled":"default","ast-page-background-meta":{"desktop":{"background-color":"var(--ast-global-color-4)","background-image":"","background-repeat":"repeat","background-position":"center center","background-size":"auto","background-attachment":"scroll","background-type":"","background-media":"","overlay-type":"","overlay-color":"","overlay-opacity":"","overlay-gradient":""},"tablet":{"background-color":"","background-image":"","background-repeat":"repeat","background-position":"center center","background-size":"auto","background-attachment":"scroll","background-type":"","background-media":"","overlay-type":"","overlay-color":"","overlay-opacity":"","overlay-gradient":""},"mobile":{"background-color":"","background-image":"","background-repeat":"repeat","background-position":"center center","background-size":"auto","background-attachment":"scroll","background-type":"","background-media":"","overlay-type":"","overlay-color":"","overlay-opacity":"","overlay-gradient":""}},"ast-content-background-meta":{"desktop":{"background-color":"var(--ast-global-color-5)","background-image":"","background-repeat":"repeat","background-position":"center center","background-size":"auto","background-attachment":"scroll","background-type":"","background-media":"","overlay-type":"","overlay-color":"","overlay-opacity":"","overlay-gradient":""},"tablet":{"background-color":"var(--ast-global-color-5)","background-image":"","background-repeat":"repeat","background-position":"center center","background-size":"auto","background-attachment":"scroll","background-type":"","background-media":"","overlay-type":"","overlay-color":"","overlay-opacity":"","overlay-gradient":""},"mobile":{"background-color":"var(--ast-global-color-5)","background-image":"","background-repeat":"repeat","background-position":"center center","background-size":"auto","background-attachment":"scroll","background-type":"","background-media":"","overlay-type":"","overlay-color":"","overlay-opacity":"","overlay-gradient":""}}},"product_brand":[],"product_cat":[125,92,119,126],"product_tag":[],"class_list":{"0":"post-4534","1":"product","2":"type-product","3":"status-publish","4":"has-post-thumbnail","6":"product_cat-halloween","7":"product_cat-populiariausiu-produktu-kategorija","8":"product_cat-smeigtukai-pins","9":"product_cat-visi","10":"desktop-align-center","11":"tablet-align-left","12":"mobile-align-left","14":"first","15":"instock","16":"shipping-taxable","17":"purchasable","18":"product-type-simple"},"yoast_head":"<!-- This site is optimized with the Yoast SEO plugin v27.4 - https:\/\/yoast.com\/product\/yoast-seo-wordpress\/ -->\n<title>Edgy Humoro Seg\u0117 | Kat\u0117 Su Peiliu Bro\u0161ka - kabinam.lt<\/title>\n<meta name=\"description\" content=\"Nepykite \u0161ios kat\u0117s! \u0160is kat\u0117s su peiliu emalio segtukas yra must-have aksesuaras visiems juodojo humoro ir edgy stiliaus fanams.\" \/>\n<meta name=\"robots\" content=\"index, follow, max-snippet:-1, max-image-preview:large, max-video-preview:-1\" \/>\n<link rel=\"canonical\" href=\"https:\/\/kabinam.lt\/et\/toode\/kass-noaga-must-huumor-narviline-pin\/\" \/>\n<meta property=\"og:locale\" content=\"et_EE\" \/>\n<meta property=\"og:type\" content=\"article\" \/>\n<meta property=\"og:title\" content=\"Edgy Humoro Seg\u0117 | Kat\u0117 Su Peiliu Bro\u0161ka - kabinam.lt\" \/>\n<meta property=\"og:description\" content=\"Nepykite \u0161ios kat\u0117s! \u0160is kat\u0117s su peiliu emalio segtukas yra must-have aksesuaras visiems juodojo humoro ir edgy stiliaus fanams.\" \/>\n<meta property=\"og:url\" content=\"https:\/\/kabinam.lt\/et\/toode\/kass-noaga-must-huumor-narviline-pin\/\" \/>\n<meta property=\"og:site_name\" content=\"kabinam.lt\" \/>\n<meta property=\"article:modified_time\" content=\"2026-03-12T05:04:08+00:00\" \/>\n<meta property=\"og:image\" content=\"https:\/\/kabinam.lt\/wp-content\/uploads\/2025\/12\/b4f5012b-f727-4806-8e2e-cfdd546f76c2.jpg\" \/>\n\t<meta property=\"og:image:width\" content=\"1000\" \/>\n\t<meta property=\"og:image:height\" content=\"1000\" \/>\n\t<meta property=\"og:image:type\" content=\"image\/jpeg\" \/>\n<meta name=\"twitter:card\" content=\"summary_large_image\" \/>\n<meta name=\"twitter:label1\" content=\"Est. reading time\" \/>\n\t<meta name=\"twitter:data1\" content=\"2 minutit\" \/>\n<script type=\"application\/ld+json\" class=\"yoast-schema-graph\">{\"@context\":\"https:\\\/\\\/schema.org\",\"@graph\":[{\"@type\":[\"WebPage\",\"ItemPage\"],\"@id\":\"https:\\\/\\\/kabinam.lt\\\/eng\\\/product\\\/cat-with-mirror-dark-humor-edgy-pin\\\/\",\"url\":\"https:\\\/\\\/kabinam.lt\\\/eng\\\/product\\\/cat-with-mirror-dark-humor-edgy-pin\\\/\",\"name\":\"Edgy Humoro Seg\u0117 | Kat\u0117 Su Peiliu Bro\u0161ka - kabinam.lt\",\"isPartOf\":{\"@id\":\"https:\\\/\\\/kabinam.lt\\\/#website\"},\"primaryImageOfPage\":{\"@id\":\"https:\\\/\\\/kabinam.lt\\\/eng\\\/product\\\/cat-with-mirror-dark-humor-edgy-pin\\\/#primaryimage\"},\"image\":{\"@id\":\"https:\\\/\\\/kabinam.lt\\\/eng\\\/product\\\/cat-with-mirror-dark-humor-edgy-pin\\\/#primaryimage\"},\"thumbnailUrl\":\"https:\\\/\\\/kabinam.lt\\\/wp-content\\\/uploads\\\/2025\\\/12\\\/b4f5012b-f727-4806-8e2e-cfdd546f76c2.jpg\",\"datePublished\":\"2025-12-13T20:35:34+00:00\",\"dateModified\":\"2026-03-12T05:04:08+00:00\",\"description\":\"Nepykite \u0161ios kat\u0117s! \u0160is kat\u0117s su peiliu emalio segtukas yra must-have aksesuaras visiems juodojo humoro ir edgy stiliaus fanams.\",\"breadcrumb\":{\"@id\":\"https:\\\/\\\/kabinam.lt\\\/eng\\\/product\\\/cat-with-mirror-dark-humor-edgy-pin\\\/#breadcrumb\"},\"inLanguage\":\"et\",\"potentialAction\":[{\"@type\":\"ReadAction\",\"target\":[\"https:\\\/\\\/kabinam.lt\\\/eng\\\/product\\\/cat-with-mirror-dark-humor-edgy-pin\\\/\"]}]},{\"@type\":\"ImageObject\",\"inLanguage\":\"et\",\"@id\":\"https:\\\/\\\/kabinam.lt\\\/eng\\\/product\\\/cat-with-mirror-dark-humor-edgy-pin\\\/#primaryimage\",\"url\":\"https:\\\/\\\/kabinam.lt\\\/wp-content\\\/uploads\\\/2025\\\/12\\\/b4f5012b-f727-4806-8e2e-cfdd546f76c2.jpg\",\"contentUrl\":\"https:\\\/\\\/kabinam.lt\\\/wp-content\\\/uploads\\\/2025\\\/12\\\/b4f5012b-f727-4806-8e2e-cfdd546f76c2.jpg\",\"width\":1000,\"height\":1000,\"caption\":\"Humoristinis Kat\u0117s Su Peiliu Segtukas\"},{\"@type\":\"BreadcrumbList\",\"@id\":\"https:\\\/\\\/kabinam.lt\\\/eng\\\/product\\\/cat-with-mirror-dark-humor-edgy-pin\\\/#breadcrumb\",\"itemListElement\":[{\"@type\":\"ListItem\",\"position\":1,\"name\":\"Home\",\"item\":\"https:\\\/\\\/kabinam.lt\\\/\"},{\"@type\":\"ListItem\",\"position\":2,\"name\":\"Visi Produktai\",\"item\":\"https:\\\/\\\/kabinam.lt\\\/visi-produktai\\\/\"},{\"@type\":\"ListItem\",\"position\":3,\"name\":\"Edgy Humoro Seg\u0117 | Kat\u0117 Su Peiliu Bro\u0161ka\"}]},{\"@type\":\"WebSite\",\"@id\":\"https:\\\/\\\/kabinam.lt\\\/#website\",\"url\":\"https:\\\/\\\/kabinam.lt\\\/\",\"name\":\"kabinam.lt\",\"description\":\"Kabinam.lt \u2013 raktu pakabukai ir aksesuarai\",\"publisher\":{\"@id\":\"https:\\\/\\\/kabinam.lt\\\/#organization\"},\"alternateName\":\"pakabukai lt\",\"potentialAction\":[{\"@type\":\"SearchAction\",\"target\":{\"@type\":\"EntryPoint\",\"urlTemplate\":\"https:\\\/\\\/kabinam.lt\\\/?s={search_term_string}\"},\"query-input\":{\"@type\":\"PropertyValueSpecification\",\"valueRequired\":true,\"valueName\":\"search_term_string\"}}],\"inLanguage\":\"et\"},{\"@type\":\"Organization\",\"@id\":\"https:\\\/\\\/kabinam.lt\\\/#organization\",\"name\":\"kabinam.lt\",\"alternateName\":\"kabinam\",\"url\":\"https:\\\/\\\/kabinam.lt\\\/\",\"logo\":{\"@type\":\"ImageObject\",\"inLanguage\":\"et\",\"@id\":\"https:\\\/\\\/kabinam.lt\\\/#\\\/schema\\\/logo\\\/image\\\/\",\"url\":\"https:\\\/\\\/kabinam.lt\\\/wp-content\\\/uploads\\\/2025\\\/05\\\/KABINAM_outer_glow.png\",\"contentUrl\":\"https:\\\/\\\/kabinam.lt\\\/wp-content\\\/uploads\\\/2025\\\/05\\\/KABINAM_outer_glow.png\",\"width\":474,\"height\":141,\"caption\":\"kabinam.lt\"},\"image\":{\"@id\":\"https:\\\/\\\/kabinam.lt\\\/#\\\/schema\\\/logo\\\/image\\\/\"}}]}<\/script>\n<!-- \/ Yoast SEO plugin. -->","yoast_head_json":{"title":"Edgy Humor pross | Kat\u0117 Su Kiliu pross - kabinam.lt","description":"\u00c4ra puutu seda kassi! See noaga emailipinss on kohustuslik aksessuaar k\u00f5igile musta huumori ja \u00e4geda stiili austajatele.","robots":{"index":"index","follow":"follow","max-snippet":"max-snippet:-1","max-image-preview":"max-image-preview:large","max-video-preview":"max-video-preview:-1"},"canonical":"https:\/\/kabinam.lt\/et\/toode\/kass-noaga-must-huumor-narviline-pin\/","og_locale":"et_EE","og_type":"article","og_title":"Edgy Humoro Seg\u0117 | Kat\u0117 Su Peiliu Bro\u0161ka - kabinam.lt","og_description":"Nepykite \u0161ios kat\u0117s! \u0160is kat\u0117s su peiliu emalio segtukas yra must-have aksesuaras visiems juodojo humoro ir edgy stiliaus fanams.","og_url":"https:\/\/kabinam.lt\/et\/toode\/kass-noaga-must-huumor-narviline-pin\/","og_site_name":"kabinam.lt","article_modified_time":"2026-03-12T05:04:08+00:00","og_image":[{"width":1000,"height":1000,"url":"https:\/\/kabinam.lt\/wp-content\/uploads\/2025\/12\/b4f5012b-f727-4806-8e2e-cfdd546f76c2.jpg","type":"image\/jpeg"}],"twitter_card":"summary_large_image","twitter_misc":{"Est. reading time":"2 minutit"},"schema":{"@context":"https:\/\/schema.org","@graph":[{"@type":["WebPage","ItemPage"],"@id":"https:\/\/kabinam.lt\/eng\/product\/cat-with-mirror-dark-humor-edgy-pin\/","url":"https:\/\/kabinam.lt\/eng\/product\/cat-with-mirror-dark-humor-edgy-pin\/","name":"Edgy Humor pross | Kat\u0117 Su Kiliu pross - kabinam.lt","isPartOf":{"@id":"https:\/\/kabinam.lt\/#website"},"primaryImageOfPage":{"@id":"https:\/\/kabinam.lt\/eng\/product\/cat-with-mirror-dark-humor-edgy-pin\/#primaryimage"},"image":{"@id":"https:\/\/kabinam.lt\/eng\/product\/cat-with-mirror-dark-humor-edgy-pin\/#primaryimage"},"thumbnailUrl":"https:\/\/kabinam.lt\/wp-content\/uploads\/2025\/12\/b4f5012b-f727-4806-8e2e-cfdd546f76c2.jpg","datePublished":"2025-12-13T20:35:34+00:00","dateModified":"2026-03-12T05:04:08+00:00","description":"\u00c4ra puutu seda kassi! See noaga emailipinss on kohustuslik aksessuaar k\u00f5igile musta huumori ja \u00e4geda stiili austajatele.","breadcrumb":{"@id":"https:\/\/kabinam.lt\/eng\/product\/cat-with-mirror-dark-humor-edgy-pin\/#breadcrumb"},"inLanguage":"et","potentialAction":[{"@type":"ReadAction","target":["https:\/\/kabinam.lt\/eng\/product\/cat-with-mirror-dark-humor-edgy-pin\/"]}]},{"@type":"ImageObject","inLanguage":"et","@id":"https:\/\/kabinam.lt\/eng\/product\/cat-with-mirror-dark-humor-edgy-pin\/#primaryimage","url":"https:\/\/kabinam.lt\/wp-content\/uploads\/2025\/12\/b4f5012b-f727-4806-8e2e-cfdd546f76c2.jpg","contentUrl":"https:\/\/kabinam.lt\/wp-content\/uploads\/2025\/12\/b4f5012b-f727-4806-8e2e-cfdd546f76c2.jpg","width":1000,"height":1000,"caption":"Humoristinis Kat\u0117s Su Peiliu Segtukas"},{"@type":"BreadcrumbList","@id":"https:\/\/kabinam.lt\/eng\/product\/cat-with-mirror-dark-humor-edgy-pin\/#breadcrumb","itemListElement":[{"@type":"ListItem","position":1,"name":"Home","item":"https:\/\/kabinam.lt\/"},{"@type":"ListItem","position":2,"name":"Visi Produktai","item":"https:\/\/kabinam.lt\/visi-produktai\/"},{"@type":"ListItem","position":3,"name":"Edgy Humoro Seg\u0117 | Kat\u0117 Su Peiliu Bro\u0161ka"}]},{"@type":"WebSite","@id":"https:\/\/kabinam.lt\/#website","url":"https:\/\/kabinam.lt\/","name":"kabinam.lt","description":"Kabinam.lt - v\u00f5tmehoidjad ja aksessuaarid","publisher":{"@id":"https:\/\/kabinam.lt\/#organization"},"alternateName":"pakabukai lt","potentialAction":[{"@type":"SearchAction","target":{"@type":"EntryPoint","urlTemplate":"https:\/\/kabinam.lt\/?s={search_term_string}"},"query-input":{"@type":"PropertyValueSpecification","valueRequired":true,"valueName":"search_term_string"}}],"inLanguage":"et"},{"@type":"Organization","@id":"https:\/\/kabinam.lt\/#organization","name":"kabinam.lt","alternateName":"kabinam","url":"https:\/\/kabinam.lt\/","logo":{"@type":"ImageObject","inLanguage":"et","@id":"https:\/\/kabinam.lt\/#\/schema\/logo\/image\/","url":"https:\/\/kabinam.lt\/wp-content\/uploads\/2025\/05\/KABINAM_outer_glow.png","contentUrl":"https:\/\/kabinam.lt\/wp-content\/uploads\/2025\/05\/KABINAM_outer_glow.png","width":474,"height":141,"caption":"kabinam.lt"},"image":{"@id":"https:\/\/kabinam.lt\/#\/schema\/logo\/image\/"}}]}},"uagb_featured_image_src":{"full":["https:\/\/kabinam.lt\/wp-content\/uploads\/2025\/12\/b4f5012b-f727-4806-8e2e-cfdd546f76c2.jpg",1000,1000,false],"thumbnail":["https:\/\/kabinam.lt\/wp-content\/uploads\/2025\/12\/b4f5012b-f727-4806-8e2e-cfdd546f76c2-150x150.jpg",150,150,true],"medium":["https:\/\/kabinam.lt\/wp-content\/uploads\/2025\/12\/b4f5012b-f727-4806-8e2e-cfdd546f76c2-300x300.jpg",300,300,true],"medium_large":["https:\/\/kabinam.lt\/wp-content\/uploads\/2025\/12\/b4f5012b-f727-4806-8e2e-cfdd546f76c2-768x768.jpg",768,768,true],"large":["https:\/\/kabinam.lt\/wp-content\/uploads\/2025\/12\/b4f5012b-f727-4806-8e2e-cfdd546f76c2.jpg",1000,1000,false],"1536x1536":["https:\/\/kabinam.lt\/wp-content\/uploads\/2025\/12\/b4f5012b-f727-4806-8e2e-cfdd546f76c2.jpg",1000,1000,false],"2048x2048":["https:\/\/kabinam.lt\/wp-content\/uploads\/2025\/12\/b4f5012b-f727-4806-8e2e-cfdd546f76c2.jpg",1000,1000,false],"trp-custom-language-flag":["https:\/\/kabinam.lt\/wp-content\/uploads\/2025\/12\/b4f5012b-f727-4806-8e2e-cfdd546f76c2-12x12.jpg",12,12,true],"woocommerce_thumbnail":["https:\/\/kabinam.lt\/wp-content\/uploads\/2025\/12\/b4f5012b-f727-4806-8e2e-cfdd546f76c2-300x300.jpg",300,300,true],"woocommerce_single":["https:\/\/kabinam.lt\/wp-content\/uploads\/2025\/12\/b4f5012b-f727-4806-8e2e-cfdd546f76c2-600x600.jpg",600,600,true],"woocommerce_gallery_thumbnail":["https:\/\/kabinam.lt\/wp-content\/uploads\/2025\/12\/b4f5012b-f727-4806-8e2e-cfdd546f76c2-100x100.jpg",100,100,true]},"uagb_author_info":{"display_name":"kabinam.lt","author_link":"https:\/\/kabinam.lt\/et\/author\/"},"uagb_comment_info":0,"uagb_excerpt":"Be galo edgy ir fun emalio *pin'as*. Juoda kat\u0117, nasruose laikanti peil\u012f \u2013 puikus aksesuaras juodo humoro, meme kult\u016bros ir edgy stiliaus gerb\u0117jams.","_links":{"self":[{"href":"https:\/\/kabinam.lt\/et\/wp-json\/wp\/v2\/product\/4534","targetHints":{"allow":["GET"]}}],"collection":[{"href":"https:\/\/kabinam.lt\/et\/wp-json\/wp\/v2\/product"}],"about":[{"href":"https:\/\/kabinam.lt\/et\/wp-json\/wp\/v2\/types\/product"}],"replies":[{"embeddable":true,"href":"https:\/\/kabinam.lt\/et\/wp-json\/wp\/v2\/comments?post=4534"}],"wp:featuredmedia":[{"embeddable":true,"href":"https:\/\/kabinam.lt\/et\/wp-json\/wp\/v2\/media\/4537"}],"wp:attachment":[{"href":"https:\/\/kabinam.lt\/et\/wp-json\/wp\/v2\/media?parent=4534"}],"wp:term":[{"taxonomy":"product_brand","embeddable":true,"href":"https:\/\/kabinam.lt\/et\/wp-json\/wp\/v2\/product_brand?post=4534"},{"taxonomy":"product_cat","embeddable":true,"href":"https:\/\/kabinam.lt\/et\/wp-json\/wp\/v2\/product_cat?post=4534"},{"taxonomy":"product_tag","embeddable":true,"href":"https:\/\/kabinam.lt\/et\/wp-json\/wp\/v2\/product_tag?post=4534"}],"curies":[{"name":"wp","href":"https:\/\/api.w.org\/{rel}","templated":true}]}}